{"id":5376,"date":"2022-08-10T15:57:11","date_gmt":"2022-08-10T13:57:11","guid":{"rendered":"https:\/\/leonore-mau.de\/datenschutz\/"},"modified":"2025-11-20T15:40:53","modified_gmt":"2025-11-20T14:40:53","slug":"datenschutz","status":"publish","type":"page","link":"https:\/\/leonore-mau.de\/en\/datenschutz\/","title":{"rendered":"Privacy policy"},"content":{"rendered":"\n<style type=\"text\/css\" data-created_by=\"avia_inline_auto\" id=\"style-css-av-l6noejyw-2ab9cc052bf016b58cdca635a4fdd456\">\n#top .av-special-heading.av-l6noejyw-2ab9cc052bf016b58cdca635a4fdd456{\npadding-bottom:10px;\n}\nbody .av-special-heading.av-l6noejyw-2ab9cc052bf016b58cdca635a4fdd456 .av-special-heading-tag .heading-char{\nfont-size:25px;\n}\n.av-special-heading.av-l6noejyw-2ab9cc052bf016b58cdca635a4fdd456 .av-subheading{\nfont-size:15px;\n}\n<\/style>\n<div  class='av-special-heading av-l6noejyw-2ab9cc052bf016b58cdca635a4fdd456 av-special-heading-h3  avia-builder-el-0  el_before_av_hr  avia-builder-el-first '><h3 class='av-special-heading-tag '  itemprop=\"headline\"  >Privacy policy<\/h3><div class=\"special-heading-border\"><div class=\"special-heading-inner-border\"><\/div><\/div><\/div>\n\n<style type=\"text\/css\" data-created_by=\"avia_inline_auto\" id=\"style-css-av-l6noet54-bc65eece921d228a7f796cc5d421bd68\">\n#top .hr.hr-invisible.av-l6noet54-bc65eece921d228a7f796cc5d421bd68{\nheight:50px;\n}\n<\/style>\n<div  class='hr av-l6noet54-bc65eece921d228a7f796cc5d421bd68 hr-invisible  avia-builder-el-1  el_after_av_heading  el_before_av_one_full '><span class='hr-inner '><span class=\"hr-inner-style\"><\/span><\/span><\/div>\n<div  class='flex_column av-ewjuw-b87a469cce95014a9bc35fbcad345cac av_one_full  avia-builder-el-2  el_after_av_hr  avia-builder-el-last  first flex_column_div  '     ><section  class='av_textblock_section av-l7rbarc2-17f43610ec952b254ba8182172cd50f6 '   itemscope=\"itemscope\" itemtype=\"https:\/\/schema.org\/CreativeWork\" ><div class='avia_textblock'  itemprop=\"text\" ><h3>Data protection policy<\/h3>\n<\/div><\/section><br \/>\n\n<style type=\"text\/css\" data-created_by=\"avia_inline_auto\" id=\"style-css-av-l7rbbmfj-c850880073cd61aed6ef512ed29da5d7\">\n#top .hr.hr-invisible.av-l7rbbmfj-c850880073cd61aed6ef512ed29da5d7{\nheight:25px;\n}\n<\/style>\n<div  class='hr av-l7rbbmfj-c850880073cd61aed6ef512ed29da5d7 hr-invisible  avia-builder-el-4  el_after_av_textblock  el_before_av_textblock '><span class='hr-inner '><span class=\"hr-inner-style\"><\/span><\/span><\/div><br \/>\n<section  class='av_textblock_section av-l6nofd85-ffff81f6868032c03d295f4b2de0642a '   itemscope=\"itemscope\" itemtype=\"https:\/\/schema.org\/CreativeWork\" ><div class='avia_textblock'  itemprop=\"text\" ><p><strong>Datenschutz auf dieser Webseite<\/strong><\/p>\n<p>Es ist der bpk-Bildagentur, eine Einrichtung der Stiftung Preu\u00dfischer Kulturbesitz, ein wichtiges Anliegen, verantwortungsvoll mit Ihren pers\u00f6nlichen Daten umzugehen. Daher wird in den folgenden Abschnitten erl\u00e4utert:<\/p>\n<ul>\n<li>wer f\u00fcr die Webseite datenschutzrechtlich verantwortlich ist<\/li>\n<li>in welcher Form personenbezogene Daten verarbeitet werden einschlie\u00dflich einer Beschreibung des jeweiligen Zweckes und der Benennung der jeweiligen Rechtsgrundlage<\/li>\n<li>und welche Rechte Nutzer dieser Webseite haben<\/li>\n<\/ul>\n<p><strong>Wer ist f\u00fcr Inhalte und Pflege der Webseite verantwortlich und wer k\u00fcmmert sich um den Datenschutz?<\/strong><\/p>\n<p>Verantwortlicher im Sinne der Datenschutz-Grundverordnung und anderer datenschutzrechtlicher Bestimmungen ist die:<\/p>\n<p>Stiftung Preu\u00dfischer Kulturbesitz, gesetzlich vertreten durch ihre Pr\u00e4sidentin, Frau Prof. Dr. Marion Ackermann.<\/p>\n<p>Stiftung Preu\u00dfischer Kulturbesitz<br \/>\nVon-der-Heydt-Stra\u00dfe 16-18<br \/>\n10785 Berlin<br \/>\nDeutschland<\/p>\n<p>Tel.: +49 (0)30 266 412889<br \/>\nE-Mail: info[at]hv.spk-berlin.de<br \/>\nWebseite: www.preussischer-kulturbesitz.de<\/p>\n<p>F\u00fcr Fragen zum Bereich Datenschutz gibt es in der Stiftung Preu\u00dfischer Kulturbesitz eine Datenschutzbeauftragte als Kontaktperson, die Sie unter unserer vorgenannten Postanschrift mit dem Zusatz \u201eDatenschutzbeauftragte\u201c oder per E-Mail an <a href=\"mailto:Datenschutzbeauftragte@hv.spk-berlin.de\">Datenschutzbeauftragte[at]hv.spk-berlin.de<\/a> erreichen k\u00f6nnen.<\/p>\n<p><strong>Wie werden personenbezogene Daten verarbeitet?<\/strong><\/p>\n<p><strong>1. <\/strong><strong>Cookies<\/strong><\/p>\n<p style=\"padding-left: 30px;\">a. Verarbeitungszweck<\/p>\n<p>Auf dieser Webseite werden technisch notwendige Cookies eingesetzt. Es handelt sich dabei um kleine Textdateien, die im bzw. von Ihrem Internetbrowser auf Ihrem Computersystem gespeichert werden, damit die Website einwandfrei funktioniert und angezeigt wird.<\/p>\n<p style=\"padding-left: 30px;\">b. Rechtsgrundlage<\/p>\n<p>Die Verarbeitung der personenbezogenen Daten erfolgt zur Wahrung unserer berechtigten Interessen auf Grundlage von Art. 6 Abs. 1 lit. f DSGVO.<\/p>\n<p>Das berechtigte Interesse ist die Funktionsf\u00e4higkeit unserer Webseite. Die durch technisch notwendige Cookies erhobenen Nutzerdaten werden nicht zur Erstellung von Nutzerprofilen verwendet. Dadurch wird Ihr Interesse am Datenschutz gewahrt.<\/p>\n<p style=\"padding-left: 30px;\">c. Speicherdauer<\/p>\n<p>Die technisch notwendigen Cookies werden im Regelfall mit dem Schlie\u00dfen des Browsers gel\u00f6scht. Dauerhaft gespeicherte Cookies haben eine unterschiedlich lange Lebensdauer von einigen Minuten bis zu mehreren Jahren.<\/p>\n<p style=\"padding-left: 30px;\">d. Widerspruchsrecht<\/p>\n<p>Falls Sie die Speicherung dieser Cookies nicht w\u00fcnschen, deaktivieren Sie bitte die Annahme dieser Cookies in Ihrem Internetbrowser. Dies kann aber eine Funktionseinschr\u00e4nkung unserer Webseite zur Folge haben. Dauerhaft gespeicherte Cookies k\u00f6nnen Sie ebenfalls jederzeit \u00fcber Ihren Browser l\u00f6schen.<\/p>\n<p><strong><br \/>\n2. <\/strong><strong>Kontaktaufnahme<\/strong><\/p>\n<p style=\"padding-left: 30px;\">a. Verarbeitungszweck<\/p>\n<p>Ihre personenbezogenen Daten, die Sie uns per E-Mail, Kontaktformular etc. zur Verf\u00fcgung stellen, verarbeiten wir (im Zuge einer schnellen und kosteng\u00fcnstigen Kommunikation) zur Beantwortung und Erledigung Ihrer Anfragen, sowie ihrer Bestellung. Sie sind nicht verpflichtet, uns Ihre personenbezogenen Daten bereitzustellen. Aber ohne Mitteilung Ihrer E-Mail Adresse k\u00f6nnen wir Ihnen aber auch nicht per E-Mail antworten.<\/p>\n<p style=\"padding-left: 30px;\">b. Rechtsgrundlagen<\/p>\n<p>Sollten Sie uns eine ausdr\u00fcckliche Einwilligung zur Verarbeitung Ihrer Daten gegeben haben, ist Art. 6 Abs. lit. a DSGVO die Rechtsgrundlage f\u00fcr diese Verarbeitung.<\/p>\n<p>Sollten wir Ihre Daten zur Durchf\u00fchrung vorvertraglicher Ma\u00dfnahmen verarbeiten, ist Art. 6 Abs. 1 lit. b DSGVO die Rechtsgrundlage.<\/p>\n<p>In allen anderen F\u00e4llen (insbesondere bei Nutzung eines Kontaktformulars) ist Art. 6 Abs. 1 lit. f DSGVO, die Wahrung berechtigter Interessen, die Rechtsgrundlage.<\/p>\n<p>WIDERSPRUCHSRECHT: Sie haben das Recht, der Datenverarbeitung die auf der Grundlage des Art. 6 Abs. 1 lit. f DSGVO erfolgt und nicht der Direktwerbung dient, aus Gr\u00fcnden, die sich aus Ihrer besonderen Situation ergeben, jederzeit zu widersprechen.<\/p>\n<p>Im Falle der Direktwerbung (z. B. Newsletter) k\u00f6nnen Sie der Verarbeitung hingegen ohne Angabe von Gr\u00fcnden jederzeit widersprechen.<\/p>\n<p><strong><br \/>\n3. <\/strong><strong>Newsletter<\/strong><\/p>\n<p style=\"padding-left: 30px;\">a. Verarbeitungszweck<\/p>\n<p>Bei Anmeldung zum Newsletter wird Ihre E-Mail-Adresse f\u00fcr Werbezwecke genutzt. Damit die Stiftung Preu\u00dfischer Kulturbesitz den Newsletter an die Interessen der Leserinnen und Leser anpassen kann, wird das Klickverhalten anonymisiert protokolliert. Dabei ist f\u00fcr uns nicht erkennbar, welche konkrete Person geklickt hat.<\/p>\n<p style=\"padding-left: 30px;\">b. Rechtsgrundlage<\/p>\n<p>Rechtsgrundlage f\u00fcr diese Verarbeitung ist die Einwilligung gem\u00e4\u00df Art. 6 Abs. 1 lit. a DSGVO. Die Anmeldung erfolgt durch \u201edouble-opt-in\u201c. Im Rahmen der Anmeldung haben wir Ihre Einwilligung eingeholt und auf unsere Datenschutzerkl\u00e4rung hingewiesen. Nat\u00fcrlich k\u00f6nnen Sie die Anmeldung jederzeit f\u00fcr die Zukunft widerrufen. F\u00fcr die Abmeldung klicken Sie auf den Link am Ende des Newsletters.<\/p>\n<p style=\"padding-left: 30px;\">c. Speicherdauer<\/p>\n<p>Ihre E-Mail-Adresse wird f\u00fcr den Newsletter-Versand nur f\u00fcr die gew\u00fcnschte Anmeldung gespeichert bzw. bis zum Widerruf durch Sie.<\/p>\n<p><strong><br \/>\n4. <\/strong><strong>Registrierung auf der bpk &#8211; Bildagentur Webseite (Webshop)<\/strong><\/p>\n<p style=\"padding-left: 30px;\">a. Verarbeitungszweck<\/p>\n<p>Wenn Sie sich auf unserer Webseite ein Kundenkonto anlegen, werden Ihre Daten zur Durchf\u00fchrung vorvertraglicher Ma\u00dfnahmen sowie zur Abwicklung von Bestellungen genutzt.<\/p>\n<p style=\"padding-left: 30px;\">b. Rechtsgrundlage<\/p>\n<p>Rechtsgrundlage f\u00fcr diese Verarbeitung ist die Durchf\u00fchrung (vor)vertraglicher Ma\u00dfnahmen gem\u00e4\u00df Art. 6 Abs. 1 lit. b DSGVO. Eine L\u00f6schung Ihres Kontos ist jederzeit m\u00f6glich und kann durch eine Nachricht an die o.g. Adresse des Verantwortlichen erfolgen.<\/p>\n<p style=\"padding-left: 30px;\">c. Empf\u00e4ngerkategorien<\/p>\n<p>Wir \u00fcbermitteln Ihre Adressdaten an das mit der Lieferung beauftragte Unternehmen. Ihre Transaktionsdaten \u00fcbermitteln wir an den mit der Abwicklung der Zahlung beauftragten Zahlungsdienstleister.<\/p>\n<p style=\"padding-left: 30px;\">d. Speicherdauer<\/p>\n<p>Die L\u00f6schung der Ihrer Daten erfolgt automatisch nach Ablauf der f\u00fcr uns geltenden handels- und steuerrechtlichen Aufbewahrungspflichten.<\/p>\n<p><strong>\u00a0<\/strong><\/p>\n<p><strong>5. <\/strong><strong>Hyperlinks auf andere Webseiten <\/strong><\/p>\n<p>In unserer Internetpr\u00e4senz sind Hyperlinks zu den Webseiten von anderen Dritten eingebunden. Sobald Sie diese aktivieren, befinden Sie sich im Einflussbereich dieser (anderen) Webseite und unterliegen der dortigen Datenerhebung und deren Datenschutz.<\/p>\n<p><strong>Welche Rechte haben Nutzer unserer Webseite?<\/strong><\/p>\n<p>In Bezug auf Ihre personenbezogenen Daten haben Sie uns gegen\u00fcber folgende Rechte:<\/p>\n<ul>\n<li>das Recht auf Auskunft (Art. 15 DSGVO),<\/li>\n<li>das Recht auf Berichtigung und L\u00f6schung (Art. 16 und 17 DSGVO),<\/li>\n<li>das Recht auf Einschr\u00e4nkung der Verarbeitung (Art. 18 DSGVO),<\/li>\n<li>das Recht auf Widerspruch gegen die Verarbeitung (Art. 21 DSGVO),<\/li>\n<li>das Recht auf Daten\u00fcbertragbarkeit (Art. 20).<\/li>\n<\/ul>\n<p>Sie haben zus\u00e4tzlich das Recht, sich bei einer Datenschutz-Aufsichtsbeh\u00f6rde \u00fcber die Verarbeitung Ihrer personenbezogenen Daten durch uns zu beschweren (Art. 77 DSGVO). F\u00fcr die Stiftung Preu\u00dfischer Kulturbesitz ist der Bundesbeauftragte f\u00fcr Datenschutz und Informationsfreiheit (BfDI) zust\u00e4ndig.<\/p>\n<p><strong>\u00c4nderung der Datenschutzerkl\u00e4rung<\/strong><\/p>\n<p>Die Stiftung Preu\u00dfischer Kulturbesitz beh\u00e4lt sich vor, die Datenschutzerkl\u00e4rung entsprechend der technischen Weiterentwicklung und ver\u00e4nderter gesetzlicher Rahmenbedingungen anzupassen. Den jeweiligen Stand dieser Datenschutzerkl\u00e4rung finden Sie am Ende der Erkl\u00e4rung.<\/p>\n<p>Stand: 28.08.2019<\/p>\n<\/div><\/section><\/p><\/div>\n","protected":false},"excerpt":{"rendered":"","protected":false},"author":2,"featured_media":0,"parent":0,"menu_order":0,"comment_status":"closed","ping_status":"closed","template":"","meta":{"footnotes":""},"class_list":["post-5376","page","type-page","status-publish","hentry"],"yoast_head":"<!-- This site is optimized with the Yoast SEO plugin v27.4 - https:\/\/yoast.com\/product\/yoast-seo-wordpress\/ -->\n<title>Privacy policy - Leonore Mau<\/title>\n<meta name=\"description\" content=\"Leonore Mau (1916-2013). Deutsche Fotografin. Biografie. Werk. Ausstellungen. Interviews. Nachlass. Bildethik.\" \/>\n<meta name=\"robots\" content=\"index, follow, max-snippet:-1, max-image-preview:large, max-video-preview:-1\" \/>\n<link rel=\"canonical\" href=\"https:\/\/leonore-mau.de\/en\/datenschutz\/\" \/>\n<meta property=\"og:locale\" content=\"en_US\" \/>\n<meta property=\"og:type\" content=\"article\" \/>\n<meta property=\"og:title\" content=\"Privacy policy - Leonore Mau\" \/>\n<meta property=\"og:description\" content=\"Leonore Mau (1916-2013). Deutsche Fotografin. Biografie. Werk. Ausstellungen. Interviews. Nachlass. Bildethik.\" \/>\n<meta property=\"og:url\" content=\"https:\/\/leonore-mau.de\/en\/datenschutz\/\" \/>\n<meta property=\"og:site_name\" content=\"Leonore Mau\" \/>\n<meta property=\"article:modified_time\" content=\"2025-11-20T14:40:53+00:00\" \/>\n<meta name=\"twitter:card\" content=\"summary_large_image\" \/>\n<meta name=\"twitter:label1\" content=\"Est. reading time\" \/>\n\t<meta name=\"twitter:data1\" content=\"6 minutes\" \/>\n<script type=\"application\/ld+json\" class=\"yoast-schema-graph\">{\"@context\":\"https:\\\/\\\/schema.org\",\"@graph\":[{\"@type\":\"WebPage\",\"@id\":\"https:\\\/\\\/leonore-mau.de\\\/en\\\/datenschutz\\\/\",\"url\":\"https:\\\/\\\/leonore-mau.de\\\/en\\\/datenschutz\\\/\",\"name\":\"Privacy policy - Leonore Mau\",\"isPartOf\":{\"@id\":\"https:\\\/\\\/leonore-mau.de\\\/#website\"},\"datePublished\":\"2022-08-10T13:57:11+00:00\",\"dateModified\":\"2025-11-20T14:40:53+00:00\",\"description\":\"Leonore Mau (1916-2013). Deutsche Fotografin. Biografie. Werk. Ausstellungen. Interviews. Nachlass. Bildethik.\",\"breadcrumb\":{\"@id\":\"https:\\\/\\\/leonore-mau.de\\\/en\\\/datenschutz\\\/#breadcrumb\"},\"inLanguage\":\"en-US\",\"potentialAction\":[{\"@type\":\"ReadAction\",\"target\":[\"https:\\\/\\\/leonore-mau.de\\\/en\\\/datenschutz\\\/\"]}]},{\"@type\":\"BreadcrumbList\",\"@id\":\"https:\\\/\\\/leonore-mau.de\\\/en\\\/datenschutz\\\/#breadcrumb\",\"itemListElement\":[{\"@type\":\"ListItem\",\"position\":1,\"name\":\"Startseite\",\"item\":\"https:\\\/\\\/leonore-mau.de\\\/en\\\/\"},{\"@type\":\"ListItem\",\"position\":2,\"name\":\"Privacy policy\"}]},{\"@type\":\"WebSite\",\"@id\":\"https:\\\/\\\/leonore-mau.de\\\/#website\",\"url\":\"https:\\\/\\\/leonore-mau.de\\\/\",\"name\":\"Leonore Mau\",\"description\":\"Fotografin\",\"potentialAction\":[{\"@type\":\"SearchAction\",\"target\":{\"@type\":\"EntryPoint\",\"urlTemplate\":\"https:\\\/\\\/leonore-mau.de\\\/?s={search_term_string}\"},\"query-input\":{\"@type\":\"PropertyValueSpecification\",\"valueRequired\":true,\"valueName\":\"search_term_string\"}}],\"inLanguage\":\"en-US\"}]}<\/script>\n<!-- \/ Yoast SEO plugin. -->","yoast_head_json":{"title":"Privacy policy - Leonore Mau","description":"Leonore Mau (1916-2013). Deutsche Fotografin. Biografie. Werk. Ausstellungen. Interviews. Nachlass. Bildethik.","robots":{"index":"index","follow":"follow","max-snippet":"max-snippet:-1","max-image-preview":"max-image-preview:large","max-video-preview":"max-video-preview:-1"},"canonical":"https:\/\/leonore-mau.de\/en\/datenschutz\/","og_locale":"en_US","og_type":"article","og_title":"Privacy policy - Leonore Mau","og_description":"Leonore Mau (1916-2013). Deutsche Fotografin. Biografie. Werk. Ausstellungen. Interviews. Nachlass. Bildethik.","og_url":"https:\/\/leonore-mau.de\/en\/datenschutz\/","og_site_name":"Leonore Mau","article_modified_time":"2025-11-20T14:40:53+00:00","twitter_card":"summary_large_image","twitter_misc":{"Est. reading time":"6 minutes"},"schema":{"@context":"https:\/\/schema.org","@graph":[{"@type":"WebPage","@id":"https:\/\/leonore-mau.de\/en\/datenschutz\/","url":"https:\/\/leonore-mau.de\/en\/datenschutz\/","name":"Privacy policy - Leonore Mau","isPartOf":{"@id":"https:\/\/leonore-mau.de\/#website"},"datePublished":"2022-08-10T13:57:11+00:00","dateModified":"2025-11-20T14:40:53+00:00","description":"Leonore Mau (1916-2013). Deutsche Fotografin. Biografie. Werk. Ausstellungen. Interviews. Nachlass. Bildethik.","breadcrumb":{"@id":"https:\/\/leonore-mau.de\/en\/datenschutz\/#breadcrumb"},"inLanguage":"en-US","potentialAction":[{"@type":"ReadAction","target":["https:\/\/leonore-mau.de\/en\/datenschutz\/"]}]},{"@type":"BreadcrumbList","@id":"https:\/\/leonore-mau.de\/en\/datenschutz\/#breadcrumb","itemListElement":[{"@type":"ListItem","position":1,"name":"Startseite","item":"https:\/\/leonore-mau.de\/en\/"},{"@type":"ListItem","position":2,"name":"Privacy policy"}]},{"@type":"WebSite","@id":"https:\/\/leonore-mau.de\/#website","url":"https:\/\/leonore-mau.de\/","name":"Leonore Mau","description":"Fotografin","potentialAction":[{"@type":"SearchAction","target":{"@type":"EntryPoint","urlTemplate":"https:\/\/leonore-mau.de\/?s={search_term_string}"},"query-input":{"@type":"PropertyValueSpecification","valueRequired":true,"valueName":"search_term_string"}}],"inLanguage":"en-US"}]}},"_links":{"self":[{"href":"https:\/\/leonore-mau.de\/en\/wp-json\/wp\/v2\/pages\/5376","targetHints":{"allow":["GET"]}}],"collection":[{"href":"https:\/\/leonore-mau.de\/en\/wp-json\/wp\/v2\/pages"}],"about":[{"href":"https:\/\/leonore-mau.de\/en\/wp-json\/wp\/v2\/types\/page"}],"author":[{"embeddable":true,"href":"https:\/\/leonore-mau.de\/en\/wp-json\/wp\/v2\/users\/2"}],"replies":[{"embeddable":true,"href":"https:\/\/leonore-mau.de\/en\/wp-json\/wp\/v2\/comments?post=5376"}],"version-history":[{"count":28,"href":"https:\/\/leonore-mau.de\/en\/wp-json\/wp\/v2\/pages\/5376\/revisions"}],"predecessor-version":[{"id":7595,"href":"https:\/\/leonore-mau.de\/en\/wp-json\/wp\/v2\/pages\/5376\/revisions\/7595"}],"wp:attachment":[{"href":"https:\/\/leonore-mau.de\/en\/wp-json\/wp\/v2\/media?parent=5376"}],"curies":[{"name":"wp","href":"https:\/\/api.w.org\/{rel}","templated":true}]}}