{"id":5424,"date":"2022-08-10T15:49:51","date_gmt":"2022-08-10T13:49:51","guid":{"rendered":"https:\/\/leonore-mau.de\/impressum\/"},"modified":"2025-07-31T15:55:25","modified_gmt":"2025-07-31T13:55:25","slug":"impressum","status":"publish","type":"page","link":"https:\/\/leonore-mau.de\/en\/impressum\/","title":{"rendered":"Imprint"},"content":{"rendered":"\n<style type=\"text\/css\" data-created_by=\"avia_inline_auto\" id=\"style-css-av-l6no59nw-d207e40e4089a38d221a8a7bb7ffa410\">\n#top .av-special-heading.av-l6no59nw-d207e40e4089a38d221a8a7bb7ffa410{\npadding-bottom:10px;\n}\nbody .av-special-heading.av-l6no59nw-d207e40e4089a38d221a8a7bb7ffa410 .av-special-heading-tag .heading-char{\nfont-size:25px;\n}\n.av-special-heading.av-l6no59nw-d207e40e4089a38d221a8a7bb7ffa410 .av-subheading{\nfont-size:15px;\n}\n<\/style>\n<div  class='av-special-heading av-l6no59nw-d207e40e4089a38d221a8a7bb7ffa410 av-special-heading-h3  avia-builder-el-0  el_before_av_hr  avia-builder-el-first '><h3 class='av-special-heading-tag '  itemprop=\"headline\"  >Imprint<\/h3><div class=\"special-heading-border\"><div class=\"special-heading-inner-border\"><\/div><\/div><\/div>\n\n<style type=\"text\/css\" data-created_by=\"avia_inline_auto\" id=\"style-css-av-l6no5pu0-6d1b673e34c19f1885e04d4dcf11ff36\">\n#top .hr.hr-invisible.av-l6no5pu0-6d1b673e34c19f1885e04d4dcf11ff36{\nheight:25px;\n}\n<\/style>\n<div  class='hr av-l6no5pu0-6d1b673e34c19f1885e04d4dcf11ff36 hr-invisible  avia-builder-el-1  el_after_av_heading  el_before_av_one_full '><span class='hr-inner '><span class=\"hr-inner-style\"><\/span><\/span><\/div>\n<div  class='flex_column av-3xulgg-3b2db8124f6cc1fc74f34b727e297bd8 av_one_full  avia-builder-el-2  el_after_av_hr  avia-builder-el-last  first flex_column_div  '     ><section  class='av_textblock_section av-l6no6j3g-deb0ea540fd31d35d0af6de3a7c1596e '   itemscope=\"itemscope\" itemtype=\"https:\/\/schema.org\/CreativeWork\" ><div class='avia_textblock'  itemprop=\"text\" ><p>Diese Webseite informiert \u00fcber das Leben und Werk der Fotografin Leonore Mau (1. August 1916 Leipzig \u2013 22. September 2013 Hamburg).<\/p>\n<p>Die nachstehenden Informationen enthalten die gesetzlich vorgesehenen Pflichtangaben zur Anbieterkennzeichnung, sowie wichtige rechtliche Hinweise zur Internetpr\u00e4senz der bpk-Bildagentur.<\/p>\n<h4>Urheberrechtsschutz<\/h4>\n<p>Alle Bildmotive dieser Webseite sind urheberrechtlich gesch\u00fctzt. Jede Art der Nutzung von Bildinhalten dieser Webseite insbesondere der Download von -Bilddaten sowie die Verwendung, Weitergabe und Vervielf\u00e4ltigung ist ausschlie\u00dflich unter den Bedingungen der folgenden CC-Lizenzen gestattet: BY-NC-ND (Namensnennung \u2013 Nicht-kommerziell \u2013 Keine Bearbeitung).<\/p>\n<p>Kommerzielle (gewerbliche und werbliche) Nutzungen m\u00fcssen \u00fcber die Webseite der bpk-Bildagentur:\u00a0<a href=\"https:\/\/www.bpk-bildagentur.de\/\" target=\"_blank\" rel=\"noopener\">www.bpk-bildagentur.de<\/a>\u00a0angefragt werden. Es gelten die Allgemeinen Gesch\u00e4ftsbedingungen der bpk-Bildagentur (AGB).<\/p>\n<h4>Anbieter<\/h4>\n<p>Anbieter dieser Internetpr\u00e4senz ist im Rechtssinne die bpk-Bildagentur, eine Abteilung der Staatsbibliothek zu Berlin \u2013 Preu\u00dfischer Kulturbesitz, die eine Einrichtung der Stiftung Preu\u00dfischer Kulturbesitz ist.<\/p>\n<p>bpk-Bildagentur<br \/>\nM\u00e4rkisches Ufer 16-18<br \/>\nD-10179 Berlin<br \/>\nTel. +49 (0)30\/266 43 67 \u2013 00<br \/>\n<a href=\"https:\/\/www.bpk-bildagentur.de\/\" target=\"_blank\" rel=\"noopener\">www.bpk-bildagentur.de<\/a><br \/>\nkontakt[at]bpk-bildagentur.de<\/p>\n<h4>Vertreter<\/h4>\n<p>Die bpk-Bildagentur wird gesetzlich vertreten durch ihre Leiterin Frau Karen Tieth.<\/p>\n<h4>Umsatzsteueridentifikationsnummer<\/h4>\n<p>Die Umsatzsteuer-Identifikationsnummer<br \/>\nder Bildagentur bpk lautet:<br \/>\nDE 338 204 900<\/p>\n<h4>Redaktionsverantwortlicher<\/h4>\n<p>Redaktionsverantwortliche f\u00fcr die Internetpr\u00e4senz der bpk-Bildagentur ist:<br \/>\nKaren Tieth<br \/>\nbpk-Bildagentur<\/p>\n<p><strong><br \/>\nRedaktion<\/strong><br \/>\nMarlene Burmeister, Nathalie David, Anna G\u00f6tte, Christina Stehr<\/p>\n<p><strong>Screen-Design<\/strong><br \/>\nStefan Geiser<\/p>\n<p><strong>\u00dcbersetzung D-EN<\/strong><br \/>\nMatthew Partridge<\/p>\n<h4><strong>Hinweis zum Sprachgebrauch auf dieser Seite<\/strong><\/h4>\n<p>Wir bem\u00fchen uns in redaktionellen Texten durch Verwendung des : um eine geschlechtergerechte und nicht exklusiv bin\u00e4re Sprache. Die Schreibweise externer Autor:innen wurde im Original belassen. Um deutlich zu machen, dass sich Schwarz nicht auf eine biologische Zuschreibung und nicht auf eine Farbe, sondern eine soziokulturelle Unterteilung bezieht, wird in allen Texten Schwarz in Bezug auf Menschen Schwarz (gro\u00df) geschrieben.<\/p>\n<h4>Haftungshinweis<\/h4>\n<p>Trotz sorgf\u00e4ltiger inhaltlicher Kontrolle \u00fcbernehmen wir keine Haftung f\u00fcr die Inhalte externer Links.<br \/>\nF\u00fcr den Inhalt der verlinkten Seiten sind ausschlie\u00dflich deren Betreiber verantwortlich.<br \/>\nBitte wenden Sie sich bei Anfragen f\u00fcr Lizenzen, weitergehendem Forschungsinteresse oder Hinweisen zur Webseite an:<br \/>\nkontakt[at]bpk-bildagentur.de<\/p>\n<\/div><\/section><\/div>\n","protected":false},"excerpt":{"rendered":"","protected":false},"author":2,"featured_media":0,"parent":0,"menu_order":0,"comment_status":"closed","ping_status":"closed","template":"","meta":{"footnotes":""},"class_list":["post-5424","page","type-page","status-publish","hentry"],"yoast_head":"<!-- This site is optimized with the Yoast SEO plugin v27.4 - https:\/\/yoast.com\/product\/yoast-seo-wordpress\/ -->\n<title>Imprint - Leonore Mau<\/title>\n<meta name=\"description\" content=\"Leonore Mau (1916-2013). Deutsche Fotografin. Biografie. Werk. Ausstellungen. Interviews. Nachlass. Bildethik.\" \/>\n<meta name=\"robots\" content=\"index, follow, max-snippet:-1, max-image-preview:large, max-video-preview:-1\" \/>\n<link rel=\"canonical\" href=\"https:\/\/leonore-mau.de\/en\/impressum\/\" \/>\n<meta property=\"og:locale\" content=\"en_US\" \/>\n<meta property=\"og:type\" content=\"article\" \/>\n<meta property=\"og:title\" content=\"Imprint - Leonore Mau\" \/>\n<meta property=\"og:description\" content=\"Leonore Mau (1916-2013). Deutsche Fotografin. Biografie. Werk. Ausstellungen. Interviews. Nachlass. Bildethik.\" \/>\n<meta property=\"og:url\" content=\"https:\/\/leonore-mau.de\/en\/impressum\/\" \/>\n<meta property=\"og:site_name\" content=\"Leonore Mau\" \/>\n<meta property=\"article:modified_time\" content=\"2025-07-31T13:55:25+00:00\" \/>\n<meta name=\"twitter:card\" content=\"summary_large_image\" \/>\n<meta name=\"twitter:label1\" content=\"Est. reading time\" \/>\n\t<meta name=\"twitter:data1\" content=\"2 minutes\" \/>\n<script type=\"application\/ld+json\" class=\"yoast-schema-graph\">{\"@context\":\"https:\\\/\\\/schema.org\",\"@graph\":[{\"@type\":\"WebPage\",\"@id\":\"https:\\\/\\\/leonore-mau.de\\\/en\\\/impressum\\\/\",\"url\":\"https:\\\/\\\/leonore-mau.de\\\/en\\\/impressum\\\/\",\"name\":\"Imprint - Leonore Mau\",\"isPartOf\":{\"@id\":\"https:\\\/\\\/leonore-mau.de\\\/#website\"},\"datePublished\":\"2022-08-10T13:49:51+00:00\",\"dateModified\":\"2025-07-31T13:55:25+00:00\",\"description\":\"Leonore Mau (1916-2013). Deutsche Fotografin. Biografie. Werk. Ausstellungen. Interviews. Nachlass. Bildethik.\",\"breadcrumb\":{\"@id\":\"https:\\\/\\\/leonore-mau.de\\\/en\\\/impressum\\\/#breadcrumb\"},\"inLanguage\":\"en-US\",\"potentialAction\":[{\"@type\":\"ReadAction\",\"target\":[\"https:\\\/\\\/leonore-mau.de\\\/en\\\/impressum\\\/\"]}]},{\"@type\":\"BreadcrumbList\",\"@id\":\"https:\\\/\\\/leonore-mau.de\\\/en\\\/impressum\\\/#breadcrumb\",\"itemListElement\":[{\"@type\":\"ListItem\",\"position\":1,\"name\":\"Startseite\",\"item\":\"https:\\\/\\\/leonore-mau.de\\\/en\\\/\"},{\"@type\":\"ListItem\",\"position\":2,\"name\":\"Imprint\"}]},{\"@type\":\"WebSite\",\"@id\":\"https:\\\/\\\/leonore-mau.de\\\/#website\",\"url\":\"https:\\\/\\\/leonore-mau.de\\\/\",\"name\":\"Leonore Mau\",\"description\":\"Fotografin\",\"potentialAction\":[{\"@type\":\"SearchAction\",\"target\":{\"@type\":\"EntryPoint\",\"urlTemplate\":\"https:\\\/\\\/leonore-mau.de\\\/?s={search_term_string}\"},\"query-input\":{\"@type\":\"PropertyValueSpecification\",\"valueRequired\":true,\"valueName\":\"search_term_string\"}}],\"inLanguage\":\"en-US\"}]}<\/script>\n<!-- \/ Yoast SEO plugin. -->","yoast_head_json":{"title":"Imprint - Leonore Mau","description":"Leonore Mau (1916-2013). Deutsche Fotografin. Biografie. Werk. Ausstellungen. Interviews. Nachlass. Bildethik.","robots":{"index":"index","follow":"follow","max-snippet":"max-snippet:-1","max-image-preview":"max-image-preview:large","max-video-preview":"max-video-preview:-1"},"canonical":"https:\/\/leonore-mau.de\/en\/impressum\/","og_locale":"en_US","og_type":"article","og_title":"Imprint - Leonore Mau","og_description":"Leonore Mau (1916-2013). Deutsche Fotografin. Biografie. Werk. Ausstellungen. Interviews. Nachlass. Bildethik.","og_url":"https:\/\/leonore-mau.de\/en\/impressum\/","og_site_name":"Leonore Mau","article_modified_time":"2025-07-31T13:55:25+00:00","twitter_card":"summary_large_image","twitter_misc":{"Est. reading time":"2 minutes"},"schema":{"@context":"https:\/\/schema.org","@graph":[{"@type":"WebPage","@id":"https:\/\/leonore-mau.de\/en\/impressum\/","url":"https:\/\/leonore-mau.de\/en\/impressum\/","name":"Imprint - Leonore Mau","isPartOf":{"@id":"https:\/\/leonore-mau.de\/#website"},"datePublished":"2022-08-10T13:49:51+00:00","dateModified":"2025-07-31T13:55:25+00:00","description":"Leonore Mau (1916-2013). Deutsche Fotografin. Biografie. Werk. Ausstellungen. Interviews. Nachlass. Bildethik.","breadcrumb":{"@id":"https:\/\/leonore-mau.de\/en\/impressum\/#breadcrumb"},"inLanguage":"en-US","potentialAction":[{"@type":"ReadAction","target":["https:\/\/leonore-mau.de\/en\/impressum\/"]}]},{"@type":"BreadcrumbList","@id":"https:\/\/leonore-mau.de\/en\/impressum\/#breadcrumb","itemListElement":[{"@type":"ListItem","position":1,"name":"Startseite","item":"https:\/\/leonore-mau.de\/en\/"},{"@type":"ListItem","position":2,"name":"Imprint"}]},{"@type":"WebSite","@id":"https:\/\/leonore-mau.de\/#website","url":"https:\/\/leonore-mau.de\/","name":"Leonore Mau","description":"Fotografin","potentialAction":[{"@type":"SearchAction","target":{"@type":"EntryPoint","urlTemplate":"https:\/\/leonore-mau.de\/?s={search_term_string}"},"query-input":{"@type":"PropertyValueSpecification","valueRequired":true,"valueName":"search_term_string"}}],"inLanguage":"en-US"}]}},"_links":{"self":[{"href":"https:\/\/leonore-mau.de\/en\/wp-json\/wp\/v2\/pages\/5424","targetHints":{"allow":["GET"]}}],"collection":[{"href":"https:\/\/leonore-mau.de\/en\/wp-json\/wp\/v2\/pages"}],"about":[{"href":"https:\/\/leonore-mau.de\/en\/wp-json\/wp\/v2\/types\/page"}],"author":[{"embeddable":true,"href":"https:\/\/leonore-mau.de\/en\/wp-json\/wp\/v2\/users\/2"}],"replies":[{"embeddable":true,"href":"https:\/\/leonore-mau.de\/en\/wp-json\/wp\/v2\/comments?post=5424"}],"version-history":[{"count":24,"href":"https:\/\/leonore-mau.de\/en\/wp-json\/wp\/v2\/pages\/5424\/revisions"}],"predecessor-version":[{"id":7554,"href":"https:\/\/leonore-mau.de\/en\/wp-json\/wp\/v2\/pages\/5424\/revisions\/7554"}],"wp:attachment":[{"href":"https:\/\/leonore-mau.de\/en\/wp-json\/wp\/v2\/media?parent=5424"}],"curies":[{"name":"wp","href":"https:\/\/api.w.org\/{rel}","templated":true}]}}