{"id":6074,"date":"2022-05-09T15:03:23","date_gmt":"2022-05-09T13:03:23","guid":{"rendered":"https:\/\/leonore-mau.de\/zum-werk\/fotobaende\/"},"modified":"2022-09-13T15:46:47","modified_gmt":"2022-09-13T13:46:47","slug":"fotobaende","status":"publish","type":"page","link":"https:\/\/leonore-mau.de\/en\/zum-werk\/fotobaende\/","title":{"rendered":"PICTURE BOOKS"},"content":{"rendered":"<div  class='flex_column av-3mgu-27c15d12027d61444b587633e49a93fa av_one_full  avia-builder-el-0  avia-builder-el-no-sibling  first flex_column_div  '     ><section  class='av_textblock_section av-l5s76m2v-4d3f4ffe9243eb50f6221598633fff83 '   itemscope=\"itemscope\" itemtype=\"https:\/\/schema.org\/CreativeWork\" ><div class='avia_textblock'  itemprop=\"text\" ><p>Der fotografische Nachlass Leonore Maus ist von universellem Umfang gepr\u00e4gt. Es lassen sich jedoch immer wiederkehrende Motive und thematische Verdichtungen ausmachen, die hier in folgenden \u00fcbergeordneten Kategorien zusammengefasst wurden: <em>Architektur<\/em>, <em>urbanes Leben<\/em>, <em>Menschen<\/em> und <em>Rituale<\/em>.<\/p>\n<p>Neben den Architekturaufnahmen f\u00fcr Fachzeitschriften und Magazine finden sich im Nachlass auch Fotografien von Kirchen, G\u00e4rten und Sozialbauten. Zudem finden sich auch h\u00e4ufig Bilder von Armutsvierteln, wie den Favelas in Brasilien oder den Bidonvilles am Stadtrand von Paris, die hier unter der Kategorie <em>prek\u00e4re Verh\u00e4ltnisse<\/em> einsehbar sind. Dar\u00fcber hinaus sind auch Aufnahmen kolonialistischer Architektur z.B. in der Karibik zu finden. Dass Maus Blick dabei nicht nur auf gesamte Bauwerke, sondern auch auf Details fiel, zeigt sich in ihren zahlreichen Nahaufnahmen von Hausfassaden, Graffitis, Wandmalereien, sowie Schriftz\u00fcgen und Werbeplakaten, die unter einer eignen Rubrik <em>Projekte und Themen<\/em> vorzufinden sind.<\/p>\n<p>Ebenfalls pr\u00e4gnant sind Maus Aufnahmen, die unter dem Begriff <em>urbanes Leben<\/em> zusammengefasst wurden: M\u00e4rkte, H\u00e4fen, Strandszenerien, Friedh\u00f6fe sowie Stra\u00dfenszenen, in denen u.a. immer wieder Schaufensterpuppen und spiegelnde Oberfl\u00e4chen auftreten. Dabei sind besonders ihre Milieustudien zu beachten, z.B. die der j\u00fcdischen Gemeinde in Miami oder die der Schwarzen in Paris.<\/p>\n<p>In der Rubrik <em>Menschen <\/em>sind sowohl Portr\u00e4taufnahmen von Pers\u00f6nlichkeiten vorzufinden, wozu auch die Aufnahmen von Hubert Fichte, ihrem Lebens- und Arbeitspartner (Hier Link einf\u00fcgen zu Text HF und LM), z\u00e4hlen, als auch Aufnahmen von Kindern und Menschen weltweit. Interessant waren f\u00fcr die Fotografin u.a. Obdachlose, Liebespaare, Nonnen, Touristen, Schuhputzer, Zeitungsverk\u00e4ufer und Menschen beim Fotografieren.<\/p>\n<p>Eine eigene Rubrik bilden Rituale und Zeremonien, wozu afrikanische, afroamerikanische Riten und traditionelle Heilungsriten in Brasilien, der Karibik, den USA, Venezuela und in Westafrika (u.a.) z\u00e4hlen, wie auch die allj\u00e4hrlichen Karnevalsz\u00fcge in Haiti, Trinidad und New York (u.a.).<\/p>\n<p>Die Bilder, die Mau im Rahmen ihrer und Hubert Fichtes Auseinandersetzung mit den sog. Psychiatrischen D\u00f6rfern im Senegal gemacht hat, von denen viele im Fotoband PSYCHE ver\u00f6ffentlicht wurden, sind hier in einer eigenen Kategorie zusammengefasst.<\/p>\n<p>Zu ihren letzten Aufnahmen z\u00e4hlen die Fotografien aus Wuppertal in den 1990er Jahren und die Fotoreihe <em>Fata Morgana<\/em>, die um 2004 entstanden ist.<\/p>\n<p>Leonore Mau fotografierte von Mitte der 50er Jahre bis Mitte der 2000er Jahre.<\/p>\n<\/div><\/section><\/div>\n","protected":false},"excerpt":{"rendered":"","protected":false},"author":2,"featured_media":0,"parent":5252,"menu_order":0,"comment_status":"closed","ping_status":"closed","template":"","meta":{"footnotes":""},"class_list":["post-6074","page","type-page","status-publish","hentry"],"yoast_head":"<!-- This site is optimized with the Yoast SEO plugin v27.3 - https:\/\/yoast.com\/product\/yoast-seo-wordpress\/ -->\n<title>PICTURE BOOKS - Leonore Mau<\/title>\n<meta name=\"description\" content=\"Leonore Mau (1916-2013). Deutsche Fotografin. Biografie. Werk. Ausstellungen. Interviews. Nachlass. Bildethik.\" \/>\n<meta name=\"robots\" content=\"index, follow, max-snippet:-1, max-image-preview:large, max-video-preview:-1\" \/>\n<link rel=\"canonical\" href=\"https:\/\/leonore-mau.de\/en\/zum-werk\/fotobaende\/\" \/>\n<meta property=\"og:locale\" content=\"en_US\" \/>\n<meta property=\"og:type\" content=\"article\" \/>\n<meta property=\"og:title\" content=\"PICTURE BOOKS - Leonore Mau\" \/>\n<meta property=\"og:description\" content=\"Leonore Mau (1916-2013). Deutsche Fotografin. Biografie. Werk. Ausstellungen. Interviews. Nachlass. Bildethik.\" \/>\n<meta property=\"og:url\" content=\"https:\/\/leonore-mau.de\/en\/zum-werk\/fotobaende\/\" \/>\n<meta property=\"og:site_name\" content=\"Leonore Mau\" \/>\n<meta property=\"article:modified_time\" content=\"2022-09-13T13:46:47+00:00\" \/>\n<meta name=\"twitter:card\" content=\"summary_large_image\" \/>\n<meta name=\"twitter:label1\" content=\"Est. reading time\" \/>\n\t<meta name=\"twitter:data1\" content=\"3 minutes\" \/>\n<script type=\"application\/ld+json\" class=\"yoast-schema-graph\">{\"@context\":\"https:\\\/\\\/schema.org\",\"@graph\":[{\"@type\":\"WebPage\",\"@id\":\"https:\\\/\\\/leonore-mau.de\\\/en\\\/zum-werk\\\/fotobaende\\\/\",\"url\":\"https:\\\/\\\/leonore-mau.de\\\/en\\\/zum-werk\\\/fotobaende\\\/\",\"name\":\"PICTURE BOOKS - Leonore Mau\",\"isPartOf\":{\"@id\":\"https:\\\/\\\/leonore-mau.de\\\/#website\"},\"datePublished\":\"2022-05-09T13:03:23+00:00\",\"dateModified\":\"2022-09-13T13:46:47+00:00\",\"description\":\"Leonore Mau (1916-2013). Deutsche Fotografin. Biografie. Werk. Ausstellungen. Interviews. Nachlass. Bildethik.\",\"breadcrumb\":{\"@id\":\"https:\\\/\\\/leonore-mau.de\\\/en\\\/zum-werk\\\/fotobaende\\\/#breadcrumb\"},\"inLanguage\":\"en-US\",\"potentialAction\":[{\"@type\":\"ReadAction\",\"target\":[\"https:\\\/\\\/leonore-mau.de\\\/en\\\/zum-werk\\\/fotobaende\\\/\"]}]},{\"@type\":\"BreadcrumbList\",\"@id\":\"https:\\\/\\\/leonore-mau.de\\\/en\\\/zum-werk\\\/fotobaende\\\/#breadcrumb\",\"itemListElement\":[{\"@type\":\"ListItem\",\"position\":1,\"name\":\"Startseite\",\"item\":\"https:\\\/\\\/leonore-mau.de\\\/en\\\/\"},{\"@type\":\"ListItem\",\"position\":2,\"name\":\"ABOUT THE WORK \\\/\\\/ THE WORK\",\"item\":\"https:\\\/\\\/leonore-mau.de\\\/en\\\/zum-werk\\\/\"},{\"@type\":\"ListItem\",\"position\":3,\"name\":\"PICTURE BOOKS\"}]},{\"@type\":\"WebSite\",\"@id\":\"https:\\\/\\\/leonore-mau.de\\\/#website\",\"url\":\"https:\\\/\\\/leonore-mau.de\\\/\",\"name\":\"Leonore Mau\",\"description\":\"Fotografin\",\"potentialAction\":[{\"@type\":\"SearchAction\",\"target\":{\"@type\":\"EntryPoint\",\"urlTemplate\":\"https:\\\/\\\/leonore-mau.de\\\/?s={search_term_string}\"},\"query-input\":{\"@type\":\"PropertyValueSpecification\",\"valueRequired\":true,\"valueName\":\"search_term_string\"}}],\"inLanguage\":\"en-US\"}]}<\/script>\n<!-- \/ Yoast SEO plugin. -->","yoast_head_json":{"title":"PICTURE BOOKS - Leonore Mau","description":"Leonore Mau (1916-2013). Deutsche Fotografin. Biografie. Werk. Ausstellungen. Interviews. Nachlass. Bildethik.","robots":{"index":"index","follow":"follow","max-snippet":"max-snippet:-1","max-image-preview":"max-image-preview:large","max-video-preview":"max-video-preview:-1"},"canonical":"https:\/\/leonore-mau.de\/en\/zum-werk\/fotobaende\/","og_locale":"en_US","og_type":"article","og_title":"PICTURE BOOKS - Leonore Mau","og_description":"Leonore Mau (1916-2013). Deutsche Fotografin. Biografie. Werk. Ausstellungen. Interviews. Nachlass. Bildethik.","og_url":"https:\/\/leonore-mau.de\/en\/zum-werk\/fotobaende\/","og_site_name":"Leonore Mau","article_modified_time":"2022-09-13T13:46:47+00:00","twitter_card":"summary_large_image","twitter_misc":{"Est. reading time":"3 minutes"},"schema":{"@context":"https:\/\/schema.org","@graph":[{"@type":"WebPage","@id":"https:\/\/leonore-mau.de\/en\/zum-werk\/fotobaende\/","url":"https:\/\/leonore-mau.de\/en\/zum-werk\/fotobaende\/","name":"PICTURE BOOKS - Leonore Mau","isPartOf":{"@id":"https:\/\/leonore-mau.de\/#website"},"datePublished":"2022-05-09T13:03:23+00:00","dateModified":"2022-09-13T13:46:47+00:00","description":"Leonore Mau (1916-2013). Deutsche Fotografin. Biografie. Werk. Ausstellungen. Interviews. Nachlass. Bildethik.","breadcrumb":{"@id":"https:\/\/leonore-mau.de\/en\/zum-werk\/fotobaende\/#breadcrumb"},"inLanguage":"en-US","potentialAction":[{"@type":"ReadAction","target":["https:\/\/leonore-mau.de\/en\/zum-werk\/fotobaende\/"]}]},{"@type":"BreadcrumbList","@id":"https:\/\/leonore-mau.de\/en\/zum-werk\/fotobaende\/#breadcrumb","itemListElement":[{"@type":"ListItem","position":1,"name":"Startseite","item":"https:\/\/leonore-mau.de\/en\/"},{"@type":"ListItem","position":2,"name":"ABOUT THE WORK \/\/ THE WORK","item":"https:\/\/leonore-mau.de\/en\/zum-werk\/"},{"@type":"ListItem","position":3,"name":"PICTURE BOOKS"}]},{"@type":"WebSite","@id":"https:\/\/leonore-mau.de\/#website","url":"https:\/\/leonore-mau.de\/","name":"Leonore Mau","description":"Fotografin","potentialAction":[{"@type":"SearchAction","target":{"@type":"EntryPoint","urlTemplate":"https:\/\/leonore-mau.de\/?s={search_term_string}"},"query-input":{"@type":"PropertyValueSpecification","valueRequired":true,"valueName":"search_term_string"}}],"inLanguage":"en-US"}]}},"_links":{"self":[{"href":"https:\/\/leonore-mau.de\/en\/wp-json\/wp\/v2\/pages\/6074","targetHints":{"allow":["GET"]}}],"collection":[{"href":"https:\/\/leonore-mau.de\/en\/wp-json\/wp\/v2\/pages"}],"about":[{"href":"https:\/\/leonore-mau.de\/en\/wp-json\/wp\/v2\/types\/page"}],"author":[{"embeddable":true,"href":"https:\/\/leonore-mau.de\/en\/wp-json\/wp\/v2\/users\/2"}],"replies":[{"embeddable":true,"href":"https:\/\/leonore-mau.de\/en\/wp-json\/wp\/v2\/comments?post=6074"}],"version-history":[{"count":4,"href":"https:\/\/leonore-mau.de\/en\/wp-json\/wp\/v2\/pages\/6074\/revisions"}],"predecessor-version":[{"id":6501,"href":"https:\/\/leonore-mau.de\/en\/wp-json\/wp\/v2\/pages\/6074\/revisions\/6501"}],"up":[{"embeddable":true,"href":"https:\/\/leonore-mau.de\/en\/wp-json\/wp\/v2\/pages\/5252"}],"wp:attachment":[{"href":"https:\/\/leonore-mau.de\/en\/wp-json\/wp\/v2\/media?parent=6074"}],"curies":[{"name":"wp","href":"https:\/\/api.w.org\/{rel}","templated":true}]}}