{"id":1001,"date":"2022-07-11T15:16:27","date_gmt":"2022-07-11T13:16:27","guid":{"rendered":"https:\/\/leonore-mau.de\/produkt\/kulisse-eines-straenfotografen\/"},"modified":"2022-09-13T23:10:22","modified_gmt":"2022-09-13T21:10:22","slug":"kulisse-eines-straenfotografen","status":"publish","type":"product","link":"https:\/\/leonore-mau.de\/en\/produkt\/kulisse-eines-straenfotografen\/","title":{"rendered":"Kulisse eines Stra\u00dfenfotografen"},"content":{"rendered":"<p>Kinder stehend vor der Kulisse eines Stra\u00dfenfotografens. Referenz: Ronald Kay, Die Kinder Herodots, S. Fischer Verlag GmbH, 2006 R\u00fcckseitenbeschriftung: &#8220;Fes&#8221;<\/p>\n","protected":false},"excerpt":{"rendered":"<p>Kinder stehend vor der Kulisse eines Stra\u00dfenfotografens. Referenz: Ronald Kay, Die Kinder Herodots, S. Fischer Verlag GmbH, 2006 R\u00fcckseitenbeschriftung: &#8220;Fes&#8221;<\/p>\n","protected":false},"featured_media":449,"template":"","meta":[],"product_brand":[],"product_cat":[4439,17],"product_tag":[78,22,24,21,23,709,80,939,1109,1110,1111,1112,1113,940,84,171,172,2101,2102,2103,2104,2105,2106,43,44,904,123,124,125,128,129,130,1439,2107,727,714,2108,2109,169,552,2110,242,243,2111,2112,315,316,317,318,319,320,321,2113,2114,623,949,2115,2116,2117,2118,2119,2120,70,71,105,107,93,92,94,91,95,996,997,998,999,1000,1001,2020,2021,97,2022,2023,99,106,108],"class_list":{"0":"post-1001","1":"product","2":"type-product","3":"status-publish","4":"has-post-thumbnail","6":"product_cat-kinder","7":"product_cat-unkategorisiert","8":"product_tag-1970er-jahre","9":"product_tag-20-jahrhundert-nach-chr","10":"product_tag-20-jh-n-chr","11":"product_tag-20-jahrhundert","12":"product_tag-20-jh","13":"product_tag-3-3_kinder","14":"product_tag-70er","15":"product_tag-afrika","16":"product_tag-afrikanisch","17":"product_tag-afrikanische","18":"product_tag-afrikanischen","19":"product_tag-afrikanischer","20":"product_tag-afrikanisches","21":"product_tag-afrikas","22":"product_tag-ausland","23":"product_tag-aussenaufnahme","24":"product_tag-aussenaufnahmen","25":"product_tag-bemalt","26":"product_tag-bemalte","27":"product_tag-bemalter","28":"product_tag-bemaltes","29":"product_tag-camera","30":"product_tag-cameras","31":"product_tag-fotografin","32":"product_tag-fotografinnen","33":"product_tag-gesichtsausdruck","34":"product_tag-haeuserwand","35":"product_tag-haeuserwaende","36":"product_tag-haeuserwaenden","37":"product_tag-hauswand","38":"product_tag-hauswaende","39":"product_tag-hauswaenden","40":"product_tag-herodot","41":"product_tag-hintergrund","42":"product_tag-junge","43":"product_tag-jungen","44":"product_tag-kamera","45":"product_tag-kameras","46":"product_tag-kind","47":"product_tag-kinder","48":"product_tag-kopfsteinpflaster","49":"product_tag-kopftuch","50":"product_tag-kopftuecher","51":"product_tag-kulisse","52":"product_tag-kulissen","53":"product_tag-laecheln","54":"product_tag-laechelnd","55":"product_tag-laechelnde","56":"product_tag-laechelnden","57":"product_tag-laechelnder","58":"product_tag-laechelndes","59":"product_tag-laechelt","60":"product_tag-leinwand","61":"product_tag-leinwaende","62":"product_tag-maedchen","63":"product_tag-marokko","64":"product_tag-nordafrika","65":"product_tag-nordafrikanisch","66":"product_tag-nordafrikanische","67":"product_tag-nordafrikanischen","68":"product_tag-nordafrikanischer","69":"product_tag-nordafrikanisches","70":"product_tag-photographin","71":"product_tag-photographinnen","72":"product_tag-s-w-fotografie","73":"product_tag-s-w-photographie","74":"product_tag-schwarzweissphotographie","75":"product_tag-schwarz-weiss-fotografie","76":"product_tag-schwarz-weiss-photographie","77":"product_tag-schwarzweissfotografie","78":"product_tag-siebziger","79":"product_tag-stehen","80":"product_tag-stehend","81":"product_tag-stehende","82":"product_tag-stehenden","83":"product_tag-stehender","84":"product_tag-stehendes","85":"product_tag-strassenfotograf","86":"product_tag-strassenfotografen","87":"product_tag-strassenleben","88":"product_tag-strassenphotograph","89":"product_tag-strassenphotographen","90":"product_tag-strassenszene","91":"product_tag-sw-fotografie","92":"product_tag-sw-photographie","94":"first","95":"instock","96":"shipping-taxable","97":"product-type-simple"},"yoast_head":"<!-- This site is optimized with the Yoast SEO plugin v27.3 - https:\/\/yoast.com\/product\/yoast-seo-wordpress\/ -->\n<title>Kulisse eines Stra\u00dfenfotografen - Leonore Mau<\/title>\n<meta name=\"robots\" content=\"index, follow, max-snippet:-1, max-image-preview:large, max-video-preview:-1\" \/>\n<link rel=\"canonical\" href=\"https:\/\/leonore-mau.de\/produkt\/kulisse-eines-straenfotografen\/\" \/>\n<meta property=\"og:locale\" content=\"en_US\" \/>\n<meta property=\"og:type\" content=\"article\" \/>\n<meta property=\"og:title\" content=\"Kulisse eines Stra\u00dfenfotografen - Leonore Mau\" \/>\n<meta property=\"og:description\" content=\"Kinder stehend vor der Kulisse eines Stra\u00dfenfotografens. Referenz: Ronald Kay, Die Kinder Herodots, S. Fischer Verlag GmbH, 2006 R\u00fcckseitenbeschriftung: &#8220;Fes&#8221;\" \/>\n<meta property=\"og:url\" content=\"https:\/\/leonore-mau.de\/produkt\/kulisse-eines-straenfotografen\/\" \/>\n<meta property=\"og:site_name\" content=\"Leonore Mau\" \/>\n<meta property=\"article:modified_time\" content=\"2022-09-13T21:10:22+00:00\" \/>\n<meta property=\"og:image\" content=\"https:\/\/leonore-mau.de\/wp-content\/uploads\/2022\/07\/70363716.jpg\" \/>\n\t<meta property=\"og:image:width\" content=\"1200\" \/>\n\t<meta property=\"og:image:height\" content=\"1173\" \/>\n\t<meta property=\"og:image:type\" content=\"image\/jpeg\" \/>\n<meta name=\"twitter:card\" content=\"summary_large_image\" \/>\n<script type=\"application\/ld+json\" class=\"yoast-schema-graph\">{\"@context\":\"https:\\\/\\\/schema.org\",\"@graph\":[{\"@type\":\"WebPage\",\"@id\":\"https:\\\/\\\/leonore-mau.de\\\/produkt\\\/kulisse-eines-straenfotografen\\\/\",\"url\":\"https:\\\/\\\/leonore-mau.de\\\/produkt\\\/kulisse-eines-straenfotografen\\\/\",\"name\":\"Kulisse eines Stra\u00dfenfotografen - Leonore Mau\",\"isPartOf\":{\"@id\":\"https:\\\/\\\/leonore-mau.de\\\/#website\"},\"primaryImageOfPage\":{\"@id\":\"https:\\\/\\\/leonore-mau.de\\\/produkt\\\/kulisse-eines-straenfotografen\\\/#primaryimage\"},\"image\":{\"@id\":\"https:\\\/\\\/leonore-mau.de\\\/produkt\\\/kulisse-eines-straenfotografen\\\/#primaryimage\"},\"thumbnailUrl\":\"https:\\\/\\\/leonore-mau.de\\\/wp-content\\\/uploads\\\/2022\\\/07\\\/70363716.jpg\",\"datePublished\":\"2022-07-11T13:16:27+00:00\",\"dateModified\":\"2022-09-13T21:10:22+00:00\",\"breadcrumb\":{\"@id\":\"https:\\\/\\\/leonore-mau.de\\\/produkt\\\/kulisse-eines-straenfotografen\\\/#breadcrumb\"},\"inLanguage\":\"en-US\",\"potentialAction\":[{\"@type\":\"ReadAction\",\"target\":[\"https:\\\/\\\/leonore-mau.de\\\/produkt\\\/kulisse-eines-straenfotografen\\\/\"]}]},{\"@type\":\"ImageObject\",\"inLanguage\":\"en-US\",\"@id\":\"https:\\\/\\\/leonore-mau.de\\\/produkt\\\/kulisse-eines-straenfotografen\\\/#primaryimage\",\"url\":\"https:\\\/\\\/leonore-mau.de\\\/wp-content\\\/uploads\\\/2022\\\/07\\\/70363716.jpg\",\"contentUrl\":\"https:\\\/\\\/leonore-mau.de\\\/wp-content\\\/uploads\\\/2022\\\/07\\\/70363716.jpg\",\"width\":1200,\"height\":1173,\"caption\":\"Kinder stehend vor der Kulisse eines Stra\u00dfenfotografens. Referenz: Ronald Kay, Die Kinder Herodots, S. Fischer Verlag GmbH, 2006 R\u00fcckseitenbeschriftung: \\\"Fes\\\" Aufnahmedatum: 1970 Material\\\/Technik: Foto \\\/ Silbergelatine auf Barytpapier Bildformat (Foto): 23,8 x 24,5 cm Aufnahmeort: F\u00e8s Inventar-Nr.: LM-503793\"},{\"@type\":\"BreadcrumbList\",\"@id\":\"https:\\\/\\\/leonore-mau.de\\\/produkt\\\/kulisse-eines-straenfotografen\\\/#breadcrumb\",\"itemListElement\":[{\"@type\":\"ListItem\",\"position\":1,\"name\":\"Startseite\",\"item\":\"https:\\\/\\\/leonore-mau.de\\\/en\\\/\"},{\"@type\":\"ListItem\",\"position\":2,\"name\":\"Shop\",\"item\":\"https:\\\/\\\/leonore-mau.de\\\/en\\\/shop-2\\\/\"},{\"@type\":\"ListItem\",\"position\":3,\"name\":\"Kulisse eines Stra\u00dfenfotografen\"}]},{\"@type\":\"WebSite\",\"@id\":\"https:\\\/\\\/leonore-mau.de\\\/#website\",\"url\":\"https:\\\/\\\/leonore-mau.de\\\/\",\"name\":\"Leonore Mau\",\"description\":\"Fotografin\",\"potentialAction\":[{\"@type\":\"SearchAction\",\"target\":{\"@type\":\"EntryPoint\",\"urlTemplate\":\"https:\\\/\\\/leonore-mau.de\\\/?s={search_term_string}\"},\"query-input\":{\"@type\":\"PropertyValueSpecification\",\"valueRequired\":true,\"valueName\":\"search_term_string\"}}],\"inLanguage\":\"en-US\"}]}<\/script>\n<!-- \/ Yoast SEO plugin. -->","yoast_head_json":{"title":"Kulisse eines Stra\u00dfenfotografen - Leonore Mau","robots":{"index":"index","follow":"follow","max-snippet":"max-snippet:-1","max-image-preview":"max-image-preview:large","max-video-preview":"max-video-preview:-1"},"canonical":"https:\/\/leonore-mau.de\/produkt\/kulisse-eines-straenfotografen\/","og_locale":"en_US","og_type":"article","og_title":"Kulisse eines Stra\u00dfenfotografen - Leonore Mau","og_description":"Kinder stehend vor der Kulisse eines Stra\u00dfenfotografens. Referenz: Ronald Kay, Die Kinder Herodots, S. Fischer Verlag GmbH, 2006 R\u00fcckseitenbeschriftung: &#8220;Fes&#8221;","og_url":"https:\/\/leonore-mau.de\/produkt\/kulisse-eines-straenfotografen\/","og_site_name":"Leonore Mau","article_modified_time":"2022-09-13T21:10:22+00:00","og_image":[{"width":1200,"height":1173,"url":"https:\/\/leonore-mau.de\/wp-content\/uploads\/2022\/07\/70363716.jpg","type":"image\/jpeg"}],"twitter_card":"summary_large_image","schema":{"@context":"https:\/\/schema.org","@graph":[{"@type":"WebPage","@id":"https:\/\/leonore-mau.de\/produkt\/kulisse-eines-straenfotografen\/","url":"https:\/\/leonore-mau.de\/produkt\/kulisse-eines-straenfotografen\/","name":"Kulisse eines Stra\u00dfenfotografen - Leonore Mau","isPartOf":{"@id":"https:\/\/leonore-mau.de\/#website"},"primaryImageOfPage":{"@id":"https:\/\/leonore-mau.de\/produkt\/kulisse-eines-straenfotografen\/#primaryimage"},"image":{"@id":"https:\/\/leonore-mau.de\/produkt\/kulisse-eines-straenfotografen\/#primaryimage"},"thumbnailUrl":"https:\/\/leonore-mau.de\/wp-content\/uploads\/2022\/07\/70363716.jpg","datePublished":"2022-07-11T13:16:27+00:00","dateModified":"2022-09-13T21:10:22+00:00","breadcrumb":{"@id":"https:\/\/leonore-mau.de\/produkt\/kulisse-eines-straenfotografen\/#breadcrumb"},"inLanguage":"en-US","potentialAction":[{"@type":"ReadAction","target":["https:\/\/leonore-mau.de\/produkt\/kulisse-eines-straenfotografen\/"]}]},{"@type":"ImageObject","inLanguage":"en-US","@id":"https:\/\/leonore-mau.de\/produkt\/kulisse-eines-straenfotografen\/#primaryimage","url":"https:\/\/leonore-mau.de\/wp-content\/uploads\/2022\/07\/70363716.jpg","contentUrl":"https:\/\/leonore-mau.de\/wp-content\/uploads\/2022\/07\/70363716.jpg","width":1200,"height":1173,"caption":"Kinder stehend vor der Kulisse eines Stra\u00dfenfotografens. Referenz: Ronald Kay, Die Kinder Herodots, S. Fischer Verlag GmbH, 2006 R\u00fcckseitenbeschriftung: \"Fes\" Aufnahmedatum: 1970 Material\/Technik: Foto \/ Silbergelatine auf Barytpapier Bildformat (Foto): 23,8 x 24,5 cm Aufnahmeort: F\u00e8s Inventar-Nr.: LM-503793"},{"@type":"BreadcrumbList","@id":"https:\/\/leonore-mau.de\/produkt\/kulisse-eines-straenfotografen\/#breadcrumb","itemListElement":[{"@type":"ListItem","position":1,"name":"Startseite","item":"https:\/\/leonore-mau.de\/en\/"},{"@type":"ListItem","position":2,"name":"Shop","item":"https:\/\/leonore-mau.de\/en\/shop-2\/"},{"@type":"ListItem","position":3,"name":"Kulisse eines Stra\u00dfenfotografen"}]},{"@type":"WebSite","@id":"https:\/\/leonore-mau.de\/#website","url":"https:\/\/leonore-mau.de\/","name":"Leonore Mau","description":"Fotografin","potentialAction":[{"@type":"SearchAction","target":{"@type":"EntryPoint","urlTemplate":"https:\/\/leonore-mau.de\/?s={search_term_string}"},"query-input":{"@type":"PropertyValueSpecification","valueRequired":true,"valueName":"search_term_string"}}],"inLanguage":"en-US"}]}},"_links":{"self":[{"href":"https:\/\/leonore-mau.de\/en\/wp-json\/wp\/v2\/product\/1001","targetHints":{"allow":["GET"]}}],"collection":[{"href":"https:\/\/leonore-mau.de\/en\/wp-json\/wp\/v2\/product"}],"about":[{"href":"https:\/\/leonore-mau.de\/en\/wp-json\/wp\/v2\/types\/product"}],"wp:featuredmedia":[{"embeddable":true,"href":"https:\/\/leonore-mau.de\/en\/wp-json\/wp\/v2\/media\/449"}],"wp:attachment":[{"href":"https:\/\/leonore-mau.de\/en\/wp-json\/wp\/v2\/media?parent=1001"}],"wp:term":[{"taxonomy":"product_brand","embeddable":true,"href":"https:\/\/leonore-mau.de\/en\/wp-json\/wp\/v2\/product_brand?post=1001"},{"taxonomy":"product_cat","embeddable":true,"href":"https:\/\/leonore-mau.de\/en\/wp-json\/wp\/v2\/product_cat?post=1001"},{"taxonomy":"product_tag","embeddable":true,"href":"https:\/\/leonore-mau.de\/en\/wp-json\/wp\/v2\/product_tag?post=1001"}],"curies":[{"name":"wp","href":"https:\/\/api.w.org\/{rel}","templated":true}]}}