{"id":1003,"date":"2022-07-11T15:16:27","date_gmt":"2022-07-11T13:16:27","guid":{"rendered":"https:\/\/leonore-mau.de\/produkt\/ohne-titel-zwei-mnner-im-gesprch\/"},"modified":"2022-09-13T23:10:23","modified_gmt":"2022-09-13T21:10:23","slug":"ohne-titel-zwei-mnner-im-gesprch","status":"publish","type":"product","link":"https:\/\/leonore-mau.de\/en\/produkt\/ohne-titel-zwei-mnner-im-gesprch\/","title":{"rendered":"Ohne Titel (Zwei M\u00e4nner im Gespr\u00e4ch)"},"content":{"rendered":"<p>Mann mit Kr\u00fccken und Zeitung unter dem Arm im Gespr\u00e4ch mit einem Mann.  &#8220;Arbeitsunf\u00e4lle, Verkerhsunf\u00e4lle, endemische und epidemische Krankheiten, darunter Lepra, lassen unz\u00e4hlige Bettler auf den Strassen zur\u00fcck.&#8221; Referenz: Hubert Fichte und Leonore Mau, Xango, S. Fischer Verlag GmbH, 1976 R\u00fcckseitenbeschriftung: &#8220;Bahia 1971&#8221;<\/p>\n","protected":false},"excerpt":{"rendered":"<p>Mann mit Kr\u00fccken und Zeitung unter dem Arm im Gespr\u00e4ch mit einem Mann. &#8220;Arbeitsunf\u00e4lle, Verkerhsunf\u00e4lle, endemische und epidemische Krankheiten, darunter Lepra, lassen unz\u00e4hlige Bettler auf den Strassen zur\u00fcck.&#8221; Referenz: Hubert Fichte und Leonore Mau, Xango, S. Fischer Verlag GmbH, 1976 R\u00fcckseitenbeschriftung: &#8220;Bahia 1971&#8221;<\/p>\n","protected":false},"featured_media":451,"template":"","meta":[],"product_brand":[],"product_cat":[4436,17],"product_tag":[78,228,22,24,21,23,80,2127,2128,2129,173,174,175,1164,1165,1045,1166,1046,1047,1048,1049,43,44,588,1754,1755,1756,1757,1759,1760,589,590,591,1285,1286,1287,1288,70,71,105,107,93,92,94,1051,1052,1053,91,95,536,537,538,539,540,541,542,97,99,163,164,106,108,1290,1291,1292,1293,1031,806,807],"class_list":{"0":"post-1003","1":"product","2":"type-product","3":"status-publish","4":"has-post-thumbnail","6":"product_cat-strassenszenen","7":"product_cat-unkategorisiert","8":"product_tag-1970er-jahre","9":"product_tag-2-4_strassenszenen","10":"product_tag-20-jahrhundert-nach-chr","11":"product_tag-20-jh-n-chr","12":"product_tag-20-jahrhundert","13":"product_tag-20-jh","14":"product_tag-70er","15":"product_tag-bettler","16":"product_tag-bettlern","17":"product_tag-bettlers","18":"product_tag-brasil","19":"product_tag-brasilien","20":"product_tag-brasiliens","21":"product_tag-dunkelhaeutig","22":"product_tag-dunkelhaeutige","23":"product_tag-dunkelhaeutiger","24":"product_tag-dunkelhaeutiges","25":"product_tag-farbige","26":"product_tag-farbigen","27":"product_tag-farbiger","28":"product_tag-farbiges","29":"product_tag-fotografin","30":"product_tag-fotografinnen","31":"product_tag-gehhilfe","32":"product_tag-gespraech","33":"product_tag-gespraeche","34":"product_tag-gespraeches","35":"product_tag-gespraechs","36":"product_tag-konversation","37":"product_tag-konversationen","38":"product_tag-kruecke","39":"product_tag-kruecken","40":"product_tag-krueckstock","41":"product_tag-obdachlos","42":"product_tag-obdachlose","43":"product_tag-obdachlosen","44":"product_tag-obdachloser","45":"product_tag-photographin","46":"product_tag-photographinnen","47":"product_tag-s-w-fotografie","48":"product_tag-s-w-photographie","49":"product_tag-schwarzweissphotographie","50":"product_tag-schwarz-weiss-fotografie","51":"product_tag-schwarz-weiss-photographie","52":"product_tag-schwarze","53":"product_tag-schwarzen","54":"product_tag-schwarzer","55":"product_tag-schwarzweissfotografie","56":"product_tag-siebziger","57":"product_tag-sitzen","58":"product_tag-sitzend","59":"product_tag-sitzende","60":"product_tag-sitzenden","61":"product_tag-sitzender","62":"product_tag-sitzendes","63":"product_tag-sitzt","64":"product_tag-strassenleben","65":"product_tag-strassenszene","66":"product_tag-suedamerika","67":"product_tag-suedamerikas","68":"product_tag-sw-fotografie","69":"product_tag-sw-photographie","70":"product_tag-wohnungslos","71":"product_tag-wohnungslose","72":"product_tag-wohnungslosen","73":"product_tag-wohnungsloser","74":"product_tag-xango","75":"product_tag-zeitung","76":"product_tag-zeitungen","78":"first","79":"instock","80":"shipping-taxable","81":"product-type-simple"},"yoast_head":"<!-- This site is optimized with the Yoast SEO plugin v27.3 - https:\/\/yoast.com\/product\/yoast-seo-wordpress\/ -->\n<title>Ohne Titel (Zwei M\u00e4nner im Gespr\u00e4ch) - Leonore Mau<\/title>\n<meta name=\"robots\" content=\"index, follow, max-snippet:-1, max-image-preview:large, max-video-preview:-1\" \/>\n<link rel=\"canonical\" href=\"https:\/\/leonore-mau.de\/produkt\/ohne-titel-zwei-mnner-im-gesprch\/\" \/>\n<meta property=\"og:locale\" content=\"en_US\" \/>\n<meta property=\"og:type\" content=\"article\" \/>\n<meta property=\"og:title\" content=\"Ohne Titel (Zwei M\u00e4nner im Gespr\u00e4ch) - Leonore Mau\" \/>\n<meta property=\"og:description\" content=\"Mann mit Kr\u00fccken und Zeitung unter dem Arm im Gespr\u00e4ch mit einem Mann. &#8220;Arbeitsunf\u00e4lle, Verkerhsunf\u00e4lle, endemische und epidemische Krankheiten, darunter Lepra, lassen unz\u00e4hlige Bettler auf den Strassen zur\u00fcck.&#8221; Referenz: Hubert Fichte und Leonore Mau, Xango, S. Fischer Verlag GmbH, 1976 R\u00fcckseitenbeschriftung: &#8220;Bahia 1971&#8221;\" \/>\n<meta property=\"og:url\" content=\"https:\/\/leonore-mau.de\/produkt\/ohne-titel-zwei-mnner-im-gesprch\/\" \/>\n<meta property=\"og:site_name\" content=\"Leonore Mau\" \/>\n<meta property=\"article:modified_time\" content=\"2022-09-13T21:10:23+00:00\" \/>\n<meta property=\"og:image\" content=\"https:\/\/leonore-mau.de\/wp-content\/uploads\/2022\/07\/70364078.jpg\" \/>\n\t<meta property=\"og:image:width\" content=\"1200\" \/>\n\t<meta property=\"og:image:height\" content=\"861\" \/>\n\t<meta property=\"og:image:type\" content=\"image\/jpeg\" \/>\n<meta name=\"twitter:card\" content=\"summary_large_image\" \/>\n<script type=\"application\/ld+json\" class=\"yoast-schema-graph\">{\"@context\":\"https:\\\/\\\/schema.org\",\"@graph\":[{\"@type\":\"WebPage\",\"@id\":\"https:\\\/\\\/leonore-mau.de\\\/produkt\\\/ohne-titel-zwei-mnner-im-gesprch\\\/\",\"url\":\"https:\\\/\\\/leonore-mau.de\\\/produkt\\\/ohne-titel-zwei-mnner-im-gesprch\\\/\",\"name\":\"Ohne Titel (Zwei M\u00e4nner im Gespr\u00e4ch) - Leonore Mau\",\"isPartOf\":{\"@id\":\"https:\\\/\\\/leonore-mau.de\\\/#website\"},\"primaryImageOfPage\":{\"@id\":\"https:\\\/\\\/leonore-mau.de\\\/produkt\\\/ohne-titel-zwei-mnner-im-gesprch\\\/#primaryimage\"},\"image\":{\"@id\":\"https:\\\/\\\/leonore-mau.de\\\/produkt\\\/ohne-titel-zwei-mnner-im-gesprch\\\/#primaryimage\"},\"thumbnailUrl\":\"https:\\\/\\\/leonore-mau.de\\\/wp-content\\\/uploads\\\/2022\\\/07\\\/70364078.jpg\",\"datePublished\":\"2022-07-11T13:16:27+00:00\",\"dateModified\":\"2022-09-13T21:10:23+00:00\",\"breadcrumb\":{\"@id\":\"https:\\\/\\\/leonore-mau.de\\\/produkt\\\/ohne-titel-zwei-mnner-im-gesprch\\\/#breadcrumb\"},\"inLanguage\":\"en-US\",\"potentialAction\":[{\"@type\":\"ReadAction\",\"target\":[\"https:\\\/\\\/leonore-mau.de\\\/produkt\\\/ohne-titel-zwei-mnner-im-gesprch\\\/\"]}]},{\"@type\":\"ImageObject\",\"inLanguage\":\"en-US\",\"@id\":\"https:\\\/\\\/leonore-mau.de\\\/produkt\\\/ohne-titel-zwei-mnner-im-gesprch\\\/#primaryimage\",\"url\":\"https:\\\/\\\/leonore-mau.de\\\/wp-content\\\/uploads\\\/2022\\\/07\\\/70364078.jpg\",\"contentUrl\":\"https:\\\/\\\/leonore-mau.de\\\/wp-content\\\/uploads\\\/2022\\\/07\\\/70364078.jpg\",\"width\":1200,\"height\":861,\"caption\":\"Mann mit Kr\u00fccken und Zeitung unter dem Arm im Gespr\u00e4ch mit einem Mann. \\\"Arbeitsunf\u00e4lle, Verkerhsunf\u00e4lle, endemische und epidemische Krankheiten, darunter Lepra, lassen unz\u00e4hlige Bettler auf den Strassen zur\u00fcck.\\\" Referenz: Hubert Fichte und Leonore Mau, Xango, S. Fischer Verlag GmbH, 1976 R\u00fcckseitenbeschriftung: \\\"Bahia 1971\\\" Aufnahmedatum: 1971 Material\\\/Technik: Foto \\\/ Silbergelatine auf Barytpapier Bildformat (Foto): 21,9 x 30,5 cm Aufnahmeort: Bahia Inventar-Nr.: LM-504043\"},{\"@type\":\"BreadcrumbList\",\"@id\":\"https:\\\/\\\/leonore-mau.de\\\/produkt\\\/ohne-titel-zwei-mnner-im-gesprch\\\/#breadcrumb\",\"itemListElement\":[{\"@type\":\"ListItem\",\"position\":1,\"name\":\"Startseite\",\"item\":\"https:\\\/\\\/leonore-mau.de\\\/en\\\/\"},{\"@type\":\"ListItem\",\"position\":2,\"name\":\"Shop\",\"item\":\"https:\\\/\\\/leonore-mau.de\\\/en\\\/shop-2\\\/\"},{\"@type\":\"ListItem\",\"position\":3,\"name\":\"Ohne Titel (Zwei M\u00e4nner im Gespr\u00e4ch)\"}]},{\"@type\":\"WebSite\",\"@id\":\"https:\\\/\\\/leonore-mau.de\\\/#website\",\"url\":\"https:\\\/\\\/leonore-mau.de\\\/\",\"name\":\"Leonore Mau\",\"description\":\"Fotografin\",\"potentialAction\":[{\"@type\":\"SearchAction\",\"target\":{\"@type\":\"EntryPoint\",\"urlTemplate\":\"https:\\\/\\\/leonore-mau.de\\\/?s={search_term_string}\"},\"query-input\":{\"@type\":\"PropertyValueSpecification\",\"valueRequired\":true,\"valueName\":\"search_term_string\"}}],\"inLanguage\":\"en-US\"}]}<\/script>\n<!-- \/ Yoast SEO plugin. -->","yoast_head_json":{"title":"Ohne Titel (Zwei M\u00e4nner im Gespr\u00e4ch) - Leonore Mau","robots":{"index":"index","follow":"follow","max-snippet":"max-snippet:-1","max-image-preview":"max-image-preview:large","max-video-preview":"max-video-preview:-1"},"canonical":"https:\/\/leonore-mau.de\/produkt\/ohne-titel-zwei-mnner-im-gesprch\/","og_locale":"en_US","og_type":"article","og_title":"Ohne Titel (Zwei M\u00e4nner im Gespr\u00e4ch) - Leonore Mau","og_description":"Mann mit Kr\u00fccken und Zeitung unter dem Arm im Gespr\u00e4ch mit einem Mann. &#8220;Arbeitsunf\u00e4lle, Verkerhsunf\u00e4lle, endemische und epidemische Krankheiten, darunter Lepra, lassen unz\u00e4hlige Bettler auf den Strassen zur\u00fcck.&#8221; Referenz: Hubert Fichte und Leonore Mau, Xango, S. Fischer Verlag GmbH, 1976 R\u00fcckseitenbeschriftung: &#8220;Bahia 1971&#8221;","og_url":"https:\/\/leonore-mau.de\/produkt\/ohne-titel-zwei-mnner-im-gesprch\/","og_site_name":"Leonore Mau","article_modified_time":"2022-09-13T21:10:23+00:00","og_image":[{"width":1200,"height":861,"url":"https:\/\/leonore-mau.de\/wp-content\/uploads\/2022\/07\/70364078.jpg","type":"image\/jpeg"}],"twitter_card":"summary_large_image","schema":{"@context":"https:\/\/schema.org","@graph":[{"@type":"WebPage","@id":"https:\/\/leonore-mau.de\/produkt\/ohne-titel-zwei-mnner-im-gesprch\/","url":"https:\/\/leonore-mau.de\/produkt\/ohne-titel-zwei-mnner-im-gesprch\/","name":"Ohne Titel (Zwei M\u00e4nner im Gespr\u00e4ch) - Leonore Mau","isPartOf":{"@id":"https:\/\/leonore-mau.de\/#website"},"primaryImageOfPage":{"@id":"https:\/\/leonore-mau.de\/produkt\/ohne-titel-zwei-mnner-im-gesprch\/#primaryimage"},"image":{"@id":"https:\/\/leonore-mau.de\/produkt\/ohne-titel-zwei-mnner-im-gesprch\/#primaryimage"},"thumbnailUrl":"https:\/\/leonore-mau.de\/wp-content\/uploads\/2022\/07\/70364078.jpg","datePublished":"2022-07-11T13:16:27+00:00","dateModified":"2022-09-13T21:10:23+00:00","breadcrumb":{"@id":"https:\/\/leonore-mau.de\/produkt\/ohne-titel-zwei-mnner-im-gesprch\/#breadcrumb"},"inLanguage":"en-US","potentialAction":[{"@type":"ReadAction","target":["https:\/\/leonore-mau.de\/produkt\/ohne-titel-zwei-mnner-im-gesprch\/"]}]},{"@type":"ImageObject","inLanguage":"en-US","@id":"https:\/\/leonore-mau.de\/produkt\/ohne-titel-zwei-mnner-im-gesprch\/#primaryimage","url":"https:\/\/leonore-mau.de\/wp-content\/uploads\/2022\/07\/70364078.jpg","contentUrl":"https:\/\/leonore-mau.de\/wp-content\/uploads\/2022\/07\/70364078.jpg","width":1200,"height":861,"caption":"Mann mit Kr\u00fccken und Zeitung unter dem Arm im Gespr\u00e4ch mit einem Mann. \"Arbeitsunf\u00e4lle, Verkerhsunf\u00e4lle, endemische und epidemische Krankheiten, darunter Lepra, lassen unz\u00e4hlige Bettler auf den Strassen zur\u00fcck.\" Referenz: Hubert Fichte und Leonore Mau, Xango, S. Fischer Verlag GmbH, 1976 R\u00fcckseitenbeschriftung: \"Bahia 1971\" Aufnahmedatum: 1971 Material\/Technik: Foto \/ Silbergelatine auf Barytpapier Bildformat (Foto): 21,9 x 30,5 cm Aufnahmeort: Bahia Inventar-Nr.: LM-504043"},{"@type":"BreadcrumbList","@id":"https:\/\/leonore-mau.de\/produkt\/ohne-titel-zwei-mnner-im-gesprch\/#breadcrumb","itemListElement":[{"@type":"ListItem","position":1,"name":"Startseite","item":"https:\/\/leonore-mau.de\/en\/"},{"@type":"ListItem","position":2,"name":"Shop","item":"https:\/\/leonore-mau.de\/en\/shop-2\/"},{"@type":"ListItem","position":3,"name":"Ohne Titel (Zwei M\u00e4nner im Gespr\u00e4ch)"}]},{"@type":"WebSite","@id":"https:\/\/leonore-mau.de\/#website","url":"https:\/\/leonore-mau.de\/","name":"Leonore Mau","description":"Fotografin","potentialAction":[{"@type":"SearchAction","target":{"@type":"EntryPoint","urlTemplate":"https:\/\/leonore-mau.de\/?s={search_term_string}"},"query-input":{"@type":"PropertyValueSpecification","valueRequired":true,"valueName":"search_term_string"}}],"inLanguage":"en-US"}]}},"_links":{"self":[{"href":"https:\/\/leonore-mau.de\/en\/wp-json\/wp\/v2\/product\/1003","targetHints":{"allow":["GET"]}}],"collection":[{"href":"https:\/\/leonore-mau.de\/en\/wp-json\/wp\/v2\/product"}],"about":[{"href":"https:\/\/leonore-mau.de\/en\/wp-json\/wp\/v2\/types\/product"}],"wp:featuredmedia":[{"embeddable":true,"href":"https:\/\/leonore-mau.de\/en\/wp-json\/wp\/v2\/media\/451"}],"wp:attachment":[{"href":"https:\/\/leonore-mau.de\/en\/wp-json\/wp\/v2\/media?parent=1003"}],"wp:term":[{"taxonomy":"product_brand","embeddable":true,"href":"https:\/\/leonore-mau.de\/en\/wp-json\/wp\/v2\/product_brand?post=1003"},{"taxonomy":"product_cat","embeddable":true,"href":"https:\/\/leonore-mau.de\/en\/wp-json\/wp\/v2\/product_cat?post=1003"},{"taxonomy":"product_tag","embeddable":true,"href":"https:\/\/leonore-mau.de\/en\/wp-json\/wp\/v2\/product_tag?post=1003"}],"curies":[{"name":"wp","href":"https:\/\/api.w.org\/{rel}","templated":true}]}}