{"id":1008,"date":"2022-07-11T15:16:28","date_gmt":"2022-07-11T13:16:28","guid":{"rendered":"https:\/\/leonore-mau.de\/produkt\/candombl-priesterin\/"},"modified":"2022-09-13T23:10:26","modified_gmt":"2022-09-13T21:10:26","slug":"candombl-priesterin","status":"publish","type":"product","link":"https:\/\/leonore-mau.de\/en\/produkt\/candombl-priesterin\/","title":{"rendered":"Candombl\u00e9 Priesterin"},"content":{"rendered":"<p>&#8220;Die fast hundertj\u00e4hrige Priesterin Nana.&#8221; Referenz: Hubert Fichte und Leonore Mau, Xango, S. Fischer Verlag GmbH, 1976 R\u00fcckseitenbeschriftung: &#8220;CANDOMBL\u00c9 PRIESTERIN 1971&#8221;<\/p>\n","protected":false},"excerpt":{"rendered":"<p>&#8220;Die fast hundertj\u00e4hrige Priesterin Nana.&#8221; Referenz: Hubert Fichte und Leonore Mau, Xango, S. Fischer Verlag GmbH, 1976 R\u00fcckseitenbeschriftung: &#8220;CANDOMBL\u00c9 PRIESTERIN 1971&#8221;<\/p>\n","protected":false},"featured_media":456,"template":"","meta":[],"product_brand":[],"product_cat":[4441,17],"product_tag":[78,22,24,23,1117,80,1109,1110,1111,1112,1113,84,173,2166,2167,2168,2169,2170,174,175,2171,1008,1009,2172,2173,43,44,354,2174,2175,2176,2177,2178,2179,906,1504,1346,188,242,70,71,1155,1156,525,526,1013,1014,1015,1016,1017,1018,1019,1541,105,107,93,92,94,91,95,1021,1022,1023,1024,1025,1026,996,997,998,999,1000,1001,1927,106,108,527,528,529,530,531,532,533,1176,1031,1032,1039],"class_list":{"0":"post-1008","1":"product","2":"type-product","3":"status-publish","4":"has-post-thumbnail","6":"product_cat-brasilien","7":"product_cat-unkategorisiert","8":"product_tag-1970er-jahre","9":"product_tag-20-jahrhundert-nach-chr","10":"product_tag-20-jh-n-chr","11":"product_tag-20-jh","12":"product_tag-4-1_brasilien","13":"product_tag-70er","14":"product_tag-afrikanisch","15":"product_tag-afrikanische","16":"product_tag-afrikanischen","17":"product_tag-afrikanischer","18":"product_tag-afrikanisches","19":"product_tag-ausland","20":"product_tag-brasil","21":"product_tag-brasilianisch","22":"product_tag-brasilianische","23":"product_tag-brasilianischen","24":"product_tag-brasilianischer","25":"product_tag-brasilianisches","26":"product_tag-brasilien","27":"product_tag-brasiliens","28":"product_tag-candomble","29":"product_tag-ceremonie","30":"product_tag-ceremonien","31":"product_tag-damenportraet","32":"product_tag-damenportraets","33":"product_tag-fotografin","34":"product_tag-fotografinnen","35":"product_tag-frau","36":"product_tag-frauenbildnis","37":"product_tag-frauenportrait","38":"product_tag-frauenportraits","39":"product_tag-frauenportraet","40":"product_tag-frauenportraets","41":"product_tag-gemeinde","42":"product_tag-haende","43":"product_tag-hemd","44":"product_tag-hund","45":"product_tag-kopfbedeckung","46":"product_tag-kopftuch","47":"product_tag-photographin","48":"product_tag-photographinnen","49":"product_tag-priesterin","50":"product_tag-priesterinnen","51":"product_tag-religion","52":"product_tag-religionen","53":"product_tag-ritual","54":"product_tag-rituale","55":"product_tag-rituell","56":"product_tag-rituelle","57":"product_tag-rituellen","58":"product_tag-ritueller","59":"product_tag-rituelles","60":"product_tag-rock","61":"product_tag-s-w-fotografie","62":"product_tag-s-w-photographie","63":"product_tag-schwarzweissphotographie","64":"product_tag-schwarz-weiss-fotografie","65":"product_tag-schwarz-weiss-photographie","66":"product_tag-schwarzweissfotografie","67":"product_tag-siebziger","68":"product_tag-spiritualitaet","69":"product_tag-spirituell","70":"product_tag-spirituelle","71":"product_tag-spirituellen","72":"product_tag-spiritueller","73":"product_tag-spirituelles","74":"product_tag-stehen","75":"product_tag-stehend","76":"product_tag-stehende","77":"product_tag-stehenden","78":"product_tag-stehender","79":"product_tag-stehendes","80":"product_tag-stuhl","81":"product_tag-sw-fotografie","82":"product_tag-sw-photographie","83":"product_tag-tradition","84":"product_tag-traditionell","85":"product_tag-traditionelle","86":"product_tag-traditionellem","87":"product_tag-traditionellen","88":"product_tag-traditioneller","89":"product_tag-traditionelles","90":"product_tag-voodoo","91":"product_tag-xango","92":"product_tag-zeremonie","93":"product_tag-zeremonien","95":"first","96":"instock","97":"shipping-taxable","98":"product-type-simple"},"yoast_head":"<!-- This site is optimized with the Yoast SEO plugin v27.3 - https:\/\/yoast.com\/product\/yoast-seo-wordpress\/ -->\n<title>Candombl\u00e9 Priesterin - Leonore Mau<\/title>\n<meta name=\"robots\" content=\"index, follow, max-snippet:-1, max-image-preview:large, max-video-preview:-1\" \/>\n<link rel=\"canonical\" href=\"https:\/\/leonore-mau.de\/produkt\/candombl-priesterin\/\" \/>\n<meta property=\"og:locale\" content=\"en_US\" \/>\n<meta property=\"og:type\" content=\"article\" \/>\n<meta property=\"og:title\" content=\"Candombl\u00e9 Priesterin - Leonore Mau\" \/>\n<meta property=\"og:description\" content=\"&#8220;Die fast hundertj\u00e4hrige Priesterin Nana.&#8221; Referenz: Hubert Fichte und Leonore Mau, Xango, S. Fischer Verlag GmbH, 1976 R\u00fcckseitenbeschriftung: &#8220;CANDOMBL\u00c9 PRIESTERIN 1971&#8221;\" \/>\n<meta property=\"og:url\" content=\"https:\/\/leonore-mau.de\/produkt\/candombl-priesterin\/\" \/>\n<meta property=\"og:site_name\" content=\"Leonore Mau\" \/>\n<meta property=\"article:modified_time\" content=\"2022-09-13T21:10:26+00:00\" \/>\n<meta property=\"og:image\" content=\"https:\/\/leonore-mau.de\/wp-content\/uploads\/2022\/07\/70364400.jpg\" \/>\n\t<meta property=\"og:image:width\" content=\"816\" \/>\n\t<meta property=\"og:image:height\" content=\"1200\" \/>\n\t<meta property=\"og:image:type\" content=\"image\/jpeg\" \/>\n<meta name=\"twitter:card\" content=\"summary_large_image\" \/>\n<script type=\"application\/ld+json\" class=\"yoast-schema-graph\">{\"@context\":\"https:\\\/\\\/schema.org\",\"@graph\":[{\"@type\":\"WebPage\",\"@id\":\"https:\\\/\\\/leonore-mau.de\\\/produkt\\\/candombl-priesterin\\\/\",\"url\":\"https:\\\/\\\/leonore-mau.de\\\/produkt\\\/candombl-priesterin\\\/\",\"name\":\"Candombl\u00e9 Priesterin - Leonore Mau\",\"isPartOf\":{\"@id\":\"https:\\\/\\\/leonore-mau.de\\\/#website\"},\"primaryImageOfPage\":{\"@id\":\"https:\\\/\\\/leonore-mau.de\\\/produkt\\\/candombl-priesterin\\\/#primaryimage\"},\"image\":{\"@id\":\"https:\\\/\\\/leonore-mau.de\\\/produkt\\\/candombl-priesterin\\\/#primaryimage\"},\"thumbnailUrl\":\"https:\\\/\\\/leonore-mau.de\\\/wp-content\\\/uploads\\\/2022\\\/07\\\/70364400.jpg\",\"datePublished\":\"2022-07-11T13:16:28+00:00\",\"dateModified\":\"2022-09-13T21:10:26+00:00\",\"breadcrumb\":{\"@id\":\"https:\\\/\\\/leonore-mau.de\\\/produkt\\\/candombl-priesterin\\\/#breadcrumb\"},\"inLanguage\":\"en-US\",\"potentialAction\":[{\"@type\":\"ReadAction\",\"target\":[\"https:\\\/\\\/leonore-mau.de\\\/produkt\\\/candombl-priesterin\\\/\"]}]},{\"@type\":\"ImageObject\",\"inLanguage\":\"en-US\",\"@id\":\"https:\\\/\\\/leonore-mau.de\\\/produkt\\\/candombl-priesterin\\\/#primaryimage\",\"url\":\"https:\\\/\\\/leonore-mau.de\\\/wp-content\\\/uploads\\\/2022\\\/07\\\/70364400.jpg\",\"contentUrl\":\"https:\\\/\\\/leonore-mau.de\\\/wp-content\\\/uploads\\\/2022\\\/07\\\/70364400.jpg\",\"width\":816,\"height\":1200,\"caption\":\"\\\"Die fast hundertj\u00e4hrige Priesterin Nana.\\\" Referenz: Hubert Fichte und Leonore Mau, Xango, S. Fischer Verlag GmbH, 1976 R\u00fcckseitenbeschriftung: \\\"CANDOMBL\u00c9 PRIESTERIN 1971\\\" Aufnahmedatum: 1971 Material\\\/Technik: Foto \\\/ Silbergelatine auf PE-Papier Bildformat (Foto): 19,7 x 28,4 cm Aufnahmeort: Bahia Inventar-Nr.: LM-505853\"},{\"@type\":\"BreadcrumbList\",\"@id\":\"https:\\\/\\\/leonore-mau.de\\\/produkt\\\/candombl-priesterin\\\/#breadcrumb\",\"itemListElement\":[{\"@type\":\"ListItem\",\"position\":1,\"name\":\"Startseite\",\"item\":\"https:\\\/\\\/leonore-mau.de\\\/en\\\/\"},{\"@type\":\"ListItem\",\"position\":2,\"name\":\"Shop\",\"item\":\"https:\\\/\\\/leonore-mau.de\\\/en\\\/shop-2\\\/\"},{\"@type\":\"ListItem\",\"position\":3,\"name\":\"Candombl\u00e9 Priesterin\"}]},{\"@type\":\"WebSite\",\"@id\":\"https:\\\/\\\/leonore-mau.de\\\/#website\",\"url\":\"https:\\\/\\\/leonore-mau.de\\\/\",\"name\":\"Leonore Mau\",\"description\":\"Fotografin\",\"potentialAction\":[{\"@type\":\"SearchAction\",\"target\":{\"@type\":\"EntryPoint\",\"urlTemplate\":\"https:\\\/\\\/leonore-mau.de\\\/?s={search_term_string}\"},\"query-input\":{\"@type\":\"PropertyValueSpecification\",\"valueRequired\":true,\"valueName\":\"search_term_string\"}}],\"inLanguage\":\"en-US\"}]}<\/script>\n<!-- \/ Yoast SEO plugin. -->","yoast_head_json":{"title":"Candombl\u00e9 Priesterin - Leonore Mau","robots":{"index":"index","follow":"follow","max-snippet":"max-snippet:-1","max-image-preview":"max-image-preview:large","max-video-preview":"max-video-preview:-1"},"canonical":"https:\/\/leonore-mau.de\/produkt\/candombl-priesterin\/","og_locale":"en_US","og_type":"article","og_title":"Candombl\u00e9 Priesterin - Leonore Mau","og_description":"&#8220;Die fast hundertj\u00e4hrige Priesterin Nana.&#8221; Referenz: Hubert Fichte und Leonore Mau, Xango, S. Fischer Verlag GmbH, 1976 R\u00fcckseitenbeschriftung: &#8220;CANDOMBL\u00c9 PRIESTERIN 1971&#8221;","og_url":"https:\/\/leonore-mau.de\/produkt\/candombl-priesterin\/","og_site_name":"Leonore Mau","article_modified_time":"2022-09-13T21:10:26+00:00","og_image":[{"width":816,"height":1200,"url":"https:\/\/leonore-mau.de\/wp-content\/uploads\/2022\/07\/70364400.jpg","type":"image\/jpeg"}],"twitter_card":"summary_large_image","schema":{"@context":"https:\/\/schema.org","@graph":[{"@type":"WebPage","@id":"https:\/\/leonore-mau.de\/produkt\/candombl-priesterin\/","url":"https:\/\/leonore-mau.de\/produkt\/candombl-priesterin\/","name":"Candombl\u00e9 Priesterin - Leonore Mau","isPartOf":{"@id":"https:\/\/leonore-mau.de\/#website"},"primaryImageOfPage":{"@id":"https:\/\/leonore-mau.de\/produkt\/candombl-priesterin\/#primaryimage"},"image":{"@id":"https:\/\/leonore-mau.de\/produkt\/candombl-priesterin\/#primaryimage"},"thumbnailUrl":"https:\/\/leonore-mau.de\/wp-content\/uploads\/2022\/07\/70364400.jpg","datePublished":"2022-07-11T13:16:28+00:00","dateModified":"2022-09-13T21:10:26+00:00","breadcrumb":{"@id":"https:\/\/leonore-mau.de\/produkt\/candombl-priesterin\/#breadcrumb"},"inLanguage":"en-US","potentialAction":[{"@type":"ReadAction","target":["https:\/\/leonore-mau.de\/produkt\/candombl-priesterin\/"]}]},{"@type":"ImageObject","inLanguage":"en-US","@id":"https:\/\/leonore-mau.de\/produkt\/candombl-priesterin\/#primaryimage","url":"https:\/\/leonore-mau.de\/wp-content\/uploads\/2022\/07\/70364400.jpg","contentUrl":"https:\/\/leonore-mau.de\/wp-content\/uploads\/2022\/07\/70364400.jpg","width":816,"height":1200,"caption":"\"Die fast hundertj\u00e4hrige Priesterin Nana.\" Referenz: Hubert Fichte und Leonore Mau, Xango, S. Fischer Verlag GmbH, 1976 R\u00fcckseitenbeschriftung: \"CANDOMBL\u00c9 PRIESTERIN 1971\" Aufnahmedatum: 1971 Material\/Technik: Foto \/ Silbergelatine auf PE-Papier Bildformat (Foto): 19,7 x 28,4 cm Aufnahmeort: Bahia Inventar-Nr.: LM-505853"},{"@type":"BreadcrumbList","@id":"https:\/\/leonore-mau.de\/produkt\/candombl-priesterin\/#breadcrumb","itemListElement":[{"@type":"ListItem","position":1,"name":"Startseite","item":"https:\/\/leonore-mau.de\/en\/"},{"@type":"ListItem","position":2,"name":"Shop","item":"https:\/\/leonore-mau.de\/en\/shop-2\/"},{"@type":"ListItem","position":3,"name":"Candombl\u00e9 Priesterin"}]},{"@type":"WebSite","@id":"https:\/\/leonore-mau.de\/#website","url":"https:\/\/leonore-mau.de\/","name":"Leonore Mau","description":"Fotografin","potentialAction":[{"@type":"SearchAction","target":{"@type":"EntryPoint","urlTemplate":"https:\/\/leonore-mau.de\/?s={search_term_string}"},"query-input":{"@type":"PropertyValueSpecification","valueRequired":true,"valueName":"search_term_string"}}],"inLanguage":"en-US"}]}},"_links":{"self":[{"href":"https:\/\/leonore-mau.de\/en\/wp-json\/wp\/v2\/product\/1008","targetHints":{"allow":["GET"]}}],"collection":[{"href":"https:\/\/leonore-mau.de\/en\/wp-json\/wp\/v2\/product"}],"about":[{"href":"https:\/\/leonore-mau.de\/en\/wp-json\/wp\/v2\/types\/product"}],"wp:featuredmedia":[{"embeddable":true,"href":"https:\/\/leonore-mau.de\/en\/wp-json\/wp\/v2\/media\/456"}],"wp:attachment":[{"href":"https:\/\/leonore-mau.de\/en\/wp-json\/wp\/v2\/media?parent=1008"}],"wp:term":[{"taxonomy":"product_brand","embeddable":true,"href":"https:\/\/leonore-mau.de\/en\/wp-json\/wp\/v2\/product_brand?post=1008"},{"taxonomy":"product_cat","embeddable":true,"href":"https:\/\/leonore-mau.de\/en\/wp-json\/wp\/v2\/product_cat?post=1008"},{"taxonomy":"product_tag","embeddable":true,"href":"https:\/\/leonore-mau.de\/en\/wp-json\/wp\/v2\/product_tag?post=1008"}],"curies":[{"name":"wp","href":"https:\/\/api.w.org\/{rel}","templated":true}]}}