{"id":1010,"date":"2022-07-11T15:16:28","date_gmt":"2022-07-11T13:16:28","guid":{"rendered":"https:\/\/leonore-mau.de\/produkt\/ohne-titel-priesterinnen-des-tempels-casa-das-minas\/"},"modified":"2022-09-13T23:10:27","modified_gmt":"2022-09-13T21:10:27","slug":"ohne-titel-priesterinnen-des-tempels-casa-das-minas","status":"publish","type":"product","link":"https:\/\/leonore-mau.de\/en\/produkt\/ohne-titel-priesterinnen-des-tempels-casa-das-minas\/","title":{"rendered":"Ohne Titel (Priesterinnen des Tempels &#8220;Casa das Minas&#8221;)"},"content":{"rendered":"<p>Priesterinnen des Tempels &#8220;Casa das Minas&#8221;. In der Mitte Priesterin Dona Deni Prata Jardim (eine der drei Leiterinnen) und ganz rechts Priesterin Dona Luiza. Referenz: Wilfried F. Schoeller, Hubert Fichte und Leonore Mau. Der Schriftsteller und die Fotografin, 2005 R\u00fcckseitenbeschriftung: &#8220;Priesterinnen des Tempels CASA DAS MINAS in S\u00e3o Lu\u00eds\/ Brasilien&#8221;<\/p>\n","protected":false},"excerpt":{"rendered":"<p>Priesterinnen des Tempels &#8220;Casa das Minas&#8221;. In der Mitte Priesterin Dona Deni Prata Jardim (eine der drei Leiterinnen) und ganz rechts Priesterin Dona Luiza. Referenz: Wilfried F. Schoeller, Hubert Fichte und Leonore Mau. Der Schriftsteller und die Fotografin, 2005 R\u00fcckseitenbeschriftung: &#8220;Priesterinnen des Tempels CASA DAS MINAS in S\u00e3o Lu\u00eds\/ Brasilien&#8221;<\/p>\n","protected":false},"featured_media":458,"template":"","meta":[],"product_brand":[],"product_cat":[4441,17],"product_tag":[79,24,1117,82,83,1109,1110,1111,1112,1113,84,173,2166,2167,2168,2169,2170,174,175,2171,1008,1009,2172,2173,43,44,354,740,2174,2180,2181,2175,2176,2177,2178,1531,1532,2179,2147,2148,1810,1811,2149,2150,2151,2152,1812,1813,1814,1815,70,71,1155,1156,1013,1014,1015,1016,1017,1018,1019,105,107,1456,93,92,94,91,1543,1544,1021,1022,1023,1024,1025,1026,996,997,998,999,1000,1001,106,108,1458,527,528,529,530,531,532,533,1176,1032,1039],"class_list":{"0":"post-1010","1":"product","2":"type-product","3":"status-publish","4":"has-post-thumbnail","6":"product_cat-brasilien","7":"product_cat-unkategorisiert","8":"product_tag-1980er-jahre","9":"product_tag-20-jh-n-chr","10":"product_tag-4-1_brasilien","11":"product_tag-80er","12":"product_tag-achtziger","13":"product_tag-afrikanisch","14":"product_tag-afrikanische","15":"product_tag-afrikanischen","16":"product_tag-afrikanischer","17":"product_tag-afrikanisches","18":"product_tag-ausland","19":"product_tag-brasil","20":"product_tag-brasilianisch","21":"product_tag-brasilianische","22":"product_tag-brasilianischen","23":"product_tag-brasilianischer","24":"product_tag-brasilianisches","25":"product_tag-brasilien","26":"product_tag-brasiliens","27":"product_tag-candomble","28":"product_tag-ceremonie","29":"product_tag-ceremonien","30":"product_tag-damenportraet","31":"product_tag-damenportraets","32":"product_tag-fotografin","33":"product_tag-fotografinnen","34":"product_tag-frau","35":"product_tag-frauen","36":"product_tag-frauenbildnis","37":"product_tag-frauenkleid","38":"product_tag-frauenkleider","39":"product_tag-frauenportrait","40":"product_tag-frauenportraits","41":"product_tag-frauenportraet","42":"product_tag-frauenportraets","43":"product_tag-gehstock","44":"product_tag-gehstoecke","45":"product_tag-gemeinde","46":"product_tag-gruppenaufnahme","47":"product_tag-gruppenaufnahmen","48":"product_tag-gruppenbild","49":"product_tag-gruppenbilder","50":"product_tag-gruppenfoto","51":"product_tag-gruppenfotos","52":"product_tag-gruppenphoto","53":"product_tag-gruppenphotos","54":"product_tag-gruppenportrait","55":"product_tag-gruppenportraits","56":"product_tag-gruppenportraet","57":"product_tag-gruppenportraets","58":"product_tag-photographin","59":"product_tag-photographinnen","60":"product_tag-priesterin","61":"product_tag-priesterinnen","62":"product_tag-ritual","63":"product_tag-rituale","64":"product_tag-rituell","65":"product_tag-rituelle","66":"product_tag-rituellen","67":"product_tag-ritueller","68":"product_tag-rituelles","69":"product_tag-s-w-fotografie","70":"product_tag-s-w-photographie","71":"product_tag-schmuck","72":"product_tag-schwarzweissphotographie","73":"product_tag-schwarz-weiss-fotografie","74":"product_tag-schwarz-weiss-photographie","75":"product_tag-schwarzweissfotografie","76":"product_tag-spazierstock","77":"product_tag-spazierstoecke","78":"product_tag-spiritualitaet","79":"product_tag-spirituell","80":"product_tag-spirituelle","81":"product_tag-spirituellen","82":"product_tag-spiritueller","83":"product_tag-spirituelles","84":"product_tag-stehen","85":"product_tag-stehend","86":"product_tag-stehende","87":"product_tag-stehenden","88":"product_tag-stehender","89":"product_tag-stehendes","90":"product_tag-sw-fotografie","91":"product_tag-sw-photographie","92":"product_tag-tempel","93":"product_tag-tradition","94":"product_tag-traditionell","95":"product_tag-traditionelle","96":"product_tag-traditionellem","97":"product_tag-traditionellen","98":"product_tag-traditioneller","99":"product_tag-traditionelles","100":"product_tag-voodoo","101":"product_tag-zeremonie","102":"product_tag-zeremonien","104":"first","105":"instock","106":"shipping-taxable","107":"product-type-simple"},"yoast_head":"<!-- This site is optimized with the Yoast SEO plugin v27.3 - https:\/\/yoast.com\/product\/yoast-seo-wordpress\/ -->\n<title>Ohne Titel (Priesterinnen des Tempels &quot;Casa das Minas&quot;) - Leonore Mau<\/title>\n<meta name=\"robots\" content=\"index, follow, max-snippet:-1, max-image-preview:large, max-video-preview:-1\" \/>\n<link rel=\"canonical\" href=\"https:\/\/leonore-mau.de\/produkt\/ohne-titel-priesterinnen-des-tempels-casa-das-minas\/\" \/>\n<meta property=\"og:locale\" content=\"en_US\" \/>\n<meta property=\"og:type\" content=\"article\" \/>\n<meta property=\"og:title\" content=\"Ohne Titel (Priesterinnen des Tempels &quot;Casa das Minas&quot;) - Leonore Mau\" \/>\n<meta property=\"og:description\" content=\"Priesterinnen des Tempels &#8220;Casa das Minas&#8221;. In der Mitte Priesterin Dona Deni Prata Jardim (eine der drei Leiterinnen) und ganz rechts Priesterin Dona Luiza. Referenz: Wilfried F. Schoeller, Hubert Fichte und Leonore Mau. Der Schriftsteller und die Fotografin, 2005 R\u00fcckseitenbeschriftung: &#8220;Priesterinnen des Tempels CASA DAS MINAS in S\u00e3o Lu\u00eds\/ Brasilien&#8221;\" \/>\n<meta property=\"og:url\" content=\"https:\/\/leonore-mau.de\/produkt\/ohne-titel-priesterinnen-des-tempels-casa-das-minas\/\" \/>\n<meta property=\"og:site_name\" content=\"Leonore Mau\" \/>\n<meta property=\"article:modified_time\" content=\"2022-09-13T21:10:27+00:00\" \/>\n<meta property=\"og:image\" content=\"https:\/\/leonore-mau.de\/wp-content\/uploads\/2022\/07\/70364404.jpg\" \/>\n\t<meta property=\"og:image:width\" content=\"1200\" \/>\n\t<meta property=\"og:image:height\" content=\"882\" \/>\n\t<meta property=\"og:image:type\" content=\"image\/jpeg\" \/>\n<meta name=\"twitter:card\" content=\"summary_large_image\" \/>\n<script type=\"application\/ld+json\" class=\"yoast-schema-graph\">{\"@context\":\"https:\\\/\\\/schema.org\",\"@graph\":[{\"@type\":\"WebPage\",\"@id\":\"https:\\\/\\\/leonore-mau.de\\\/produkt\\\/ohne-titel-priesterinnen-des-tempels-casa-das-minas\\\/\",\"url\":\"https:\\\/\\\/leonore-mau.de\\\/produkt\\\/ohne-titel-priesterinnen-des-tempels-casa-das-minas\\\/\",\"name\":\"Ohne Titel (Priesterinnen des Tempels \\\"Casa das Minas\\\") - Leonore Mau\",\"isPartOf\":{\"@id\":\"https:\\\/\\\/leonore-mau.de\\\/#website\"},\"primaryImageOfPage\":{\"@id\":\"https:\\\/\\\/leonore-mau.de\\\/produkt\\\/ohne-titel-priesterinnen-des-tempels-casa-das-minas\\\/#primaryimage\"},\"image\":{\"@id\":\"https:\\\/\\\/leonore-mau.de\\\/produkt\\\/ohne-titel-priesterinnen-des-tempels-casa-das-minas\\\/#primaryimage\"},\"thumbnailUrl\":\"https:\\\/\\\/leonore-mau.de\\\/wp-content\\\/uploads\\\/2022\\\/07\\\/70364404.jpg\",\"datePublished\":\"2022-07-11T13:16:28+00:00\",\"dateModified\":\"2022-09-13T21:10:27+00:00\",\"breadcrumb\":{\"@id\":\"https:\\\/\\\/leonore-mau.de\\\/produkt\\\/ohne-titel-priesterinnen-des-tempels-casa-das-minas\\\/#breadcrumb\"},\"inLanguage\":\"en-US\",\"potentialAction\":[{\"@type\":\"ReadAction\",\"target\":[\"https:\\\/\\\/leonore-mau.de\\\/produkt\\\/ohne-titel-priesterinnen-des-tempels-casa-das-minas\\\/\"]}]},{\"@type\":\"ImageObject\",\"inLanguage\":\"en-US\",\"@id\":\"https:\\\/\\\/leonore-mau.de\\\/produkt\\\/ohne-titel-priesterinnen-des-tempels-casa-das-minas\\\/#primaryimage\",\"url\":\"https:\\\/\\\/leonore-mau.de\\\/wp-content\\\/uploads\\\/2022\\\/07\\\/70364404.jpg\",\"contentUrl\":\"https:\\\/\\\/leonore-mau.de\\\/wp-content\\\/uploads\\\/2022\\\/07\\\/70364404.jpg\",\"width\":1200,\"height\":882,\"caption\":\"Priesterinnen des Tempels \\\"Casa das Minas\\\". In der Mitte Priesterin Dona Deni Prata Jardim (eine der drei Leiterinnen) und ganz rechts Priesterin Dona Luiza. Referenz: Wilfried F. Schoeller, Hubert Fichte und Leonore Mau. Der Schriftsteller und die Fotografin, 2005 R\u00fcckseitenbeschriftung: \\\"Priesterinnen des Tempels CASA DAS MINAS in S\u00e3o Lu\u00eds\\\/ Brasilien\\\" Aufnahmedatum: 1981 - 1982 Material\\\/Technik: Foto \\\/ Silbergelatine auf PE-Papier Bildformat (Foto): 22,5 x 30,4 cm Aufnahmeort: S\u00e3o Lu\u00eds do Maranh\u00e3o Inventar-Nr.: LM-505869\"},{\"@type\":\"BreadcrumbList\",\"@id\":\"https:\\\/\\\/leonore-mau.de\\\/produkt\\\/ohne-titel-priesterinnen-des-tempels-casa-das-minas\\\/#breadcrumb\",\"itemListElement\":[{\"@type\":\"ListItem\",\"position\":1,\"name\":\"Startseite\",\"item\":\"https:\\\/\\\/leonore-mau.de\\\/en\\\/\"},{\"@type\":\"ListItem\",\"position\":2,\"name\":\"Shop\",\"item\":\"https:\\\/\\\/leonore-mau.de\\\/en\\\/shop-2\\\/\"},{\"@type\":\"ListItem\",\"position\":3,\"name\":\"Ohne Titel (Priesterinnen des Tempels &#8222;Casa das Minas&#8220;)\"}]},{\"@type\":\"WebSite\",\"@id\":\"https:\\\/\\\/leonore-mau.de\\\/#website\",\"url\":\"https:\\\/\\\/leonore-mau.de\\\/\",\"name\":\"Leonore Mau\",\"description\":\"Fotografin\",\"potentialAction\":[{\"@type\":\"SearchAction\",\"target\":{\"@type\":\"EntryPoint\",\"urlTemplate\":\"https:\\\/\\\/leonore-mau.de\\\/?s={search_term_string}\"},\"query-input\":{\"@type\":\"PropertyValueSpecification\",\"valueRequired\":true,\"valueName\":\"search_term_string\"}}],\"inLanguage\":\"en-US\"}]}<\/script>\n<!-- \/ Yoast SEO plugin. -->","yoast_head_json":{"title":"Ohne Titel (Priesterinnen des Tempels \"Casa das Minas\") - Leonore Mau","robots":{"index":"index","follow":"follow","max-snippet":"max-snippet:-1","max-image-preview":"max-image-preview:large","max-video-preview":"max-video-preview:-1"},"canonical":"https:\/\/leonore-mau.de\/produkt\/ohne-titel-priesterinnen-des-tempels-casa-das-minas\/","og_locale":"en_US","og_type":"article","og_title":"Ohne Titel (Priesterinnen des Tempels \"Casa das Minas\") - Leonore Mau","og_description":"Priesterinnen des Tempels &#8220;Casa das Minas&#8221;. In der Mitte Priesterin Dona Deni Prata Jardim (eine der drei Leiterinnen) und ganz rechts Priesterin Dona Luiza. Referenz: Wilfried F. Schoeller, Hubert Fichte und Leonore Mau. Der Schriftsteller und die Fotografin, 2005 R\u00fcckseitenbeschriftung: &#8220;Priesterinnen des Tempels CASA DAS MINAS in S\u00e3o Lu\u00eds\/ Brasilien&#8221;","og_url":"https:\/\/leonore-mau.de\/produkt\/ohne-titel-priesterinnen-des-tempels-casa-das-minas\/","og_site_name":"Leonore Mau","article_modified_time":"2022-09-13T21:10:27+00:00","og_image":[{"width":1200,"height":882,"url":"https:\/\/leonore-mau.de\/wp-content\/uploads\/2022\/07\/70364404.jpg","type":"image\/jpeg"}],"twitter_card":"summary_large_image","schema":{"@context":"https:\/\/schema.org","@graph":[{"@type":"WebPage","@id":"https:\/\/leonore-mau.de\/produkt\/ohne-titel-priesterinnen-des-tempels-casa-das-minas\/","url":"https:\/\/leonore-mau.de\/produkt\/ohne-titel-priesterinnen-des-tempels-casa-das-minas\/","name":"Ohne Titel (Priesterinnen des Tempels \"Casa das Minas\") - Leonore Mau","isPartOf":{"@id":"https:\/\/leonore-mau.de\/#website"},"primaryImageOfPage":{"@id":"https:\/\/leonore-mau.de\/produkt\/ohne-titel-priesterinnen-des-tempels-casa-das-minas\/#primaryimage"},"image":{"@id":"https:\/\/leonore-mau.de\/produkt\/ohne-titel-priesterinnen-des-tempels-casa-das-minas\/#primaryimage"},"thumbnailUrl":"https:\/\/leonore-mau.de\/wp-content\/uploads\/2022\/07\/70364404.jpg","datePublished":"2022-07-11T13:16:28+00:00","dateModified":"2022-09-13T21:10:27+00:00","breadcrumb":{"@id":"https:\/\/leonore-mau.de\/produkt\/ohne-titel-priesterinnen-des-tempels-casa-das-minas\/#breadcrumb"},"inLanguage":"en-US","potentialAction":[{"@type":"ReadAction","target":["https:\/\/leonore-mau.de\/produkt\/ohne-titel-priesterinnen-des-tempels-casa-das-minas\/"]}]},{"@type":"ImageObject","inLanguage":"en-US","@id":"https:\/\/leonore-mau.de\/produkt\/ohne-titel-priesterinnen-des-tempels-casa-das-minas\/#primaryimage","url":"https:\/\/leonore-mau.de\/wp-content\/uploads\/2022\/07\/70364404.jpg","contentUrl":"https:\/\/leonore-mau.de\/wp-content\/uploads\/2022\/07\/70364404.jpg","width":1200,"height":882,"caption":"Priesterinnen des Tempels \"Casa das Minas\". In der Mitte Priesterin Dona Deni Prata Jardim (eine der drei Leiterinnen) und ganz rechts Priesterin Dona Luiza. Referenz: Wilfried F. Schoeller, Hubert Fichte und Leonore Mau. Der Schriftsteller und die Fotografin, 2005 R\u00fcckseitenbeschriftung: \"Priesterinnen des Tempels CASA DAS MINAS in S\u00e3o Lu\u00eds\/ Brasilien\" Aufnahmedatum: 1981 - 1982 Material\/Technik: Foto \/ Silbergelatine auf PE-Papier Bildformat (Foto): 22,5 x 30,4 cm Aufnahmeort: S\u00e3o Lu\u00eds do Maranh\u00e3o Inventar-Nr.: LM-505869"},{"@type":"BreadcrumbList","@id":"https:\/\/leonore-mau.de\/produkt\/ohne-titel-priesterinnen-des-tempels-casa-das-minas\/#breadcrumb","itemListElement":[{"@type":"ListItem","position":1,"name":"Startseite","item":"https:\/\/leonore-mau.de\/en\/"},{"@type":"ListItem","position":2,"name":"Shop","item":"https:\/\/leonore-mau.de\/en\/shop-2\/"},{"@type":"ListItem","position":3,"name":"Ohne Titel (Priesterinnen des Tempels &#8222;Casa das Minas&#8220;)"}]},{"@type":"WebSite","@id":"https:\/\/leonore-mau.de\/#website","url":"https:\/\/leonore-mau.de\/","name":"Leonore Mau","description":"Fotografin","potentialAction":[{"@type":"SearchAction","target":{"@type":"EntryPoint","urlTemplate":"https:\/\/leonore-mau.de\/?s={search_term_string}"},"query-input":{"@type":"PropertyValueSpecification","valueRequired":true,"valueName":"search_term_string"}}],"inLanguage":"en-US"}]}},"_links":{"self":[{"href":"https:\/\/leonore-mau.de\/en\/wp-json\/wp\/v2\/product\/1010","targetHints":{"allow":["GET"]}}],"collection":[{"href":"https:\/\/leonore-mau.de\/en\/wp-json\/wp\/v2\/product"}],"about":[{"href":"https:\/\/leonore-mau.de\/en\/wp-json\/wp\/v2\/types\/product"}],"wp:featuredmedia":[{"embeddable":true,"href":"https:\/\/leonore-mau.de\/en\/wp-json\/wp\/v2\/media\/458"}],"wp:attachment":[{"href":"https:\/\/leonore-mau.de\/en\/wp-json\/wp\/v2\/media?parent=1010"}],"wp:term":[{"taxonomy":"product_brand","embeddable":true,"href":"https:\/\/leonore-mau.de\/en\/wp-json\/wp\/v2\/product_brand?post=1010"},{"taxonomy":"product_cat","embeddable":true,"href":"https:\/\/leonore-mau.de\/en\/wp-json\/wp\/v2\/product_cat?post=1010"},{"taxonomy":"product_tag","embeddable":true,"href":"https:\/\/leonore-mau.de\/en\/wp-json\/wp\/v2\/product_tag?post=1010"}],"curies":[{"name":"wp","href":"https:\/\/api.w.org\/{rel}","templated":true}]}}