{"id":1015,"date":"2022-07-11T15:16:30","date_gmt":"2022-07-11T13:16:30","guid":{"rendered":"https:\/\/leonore-mau.de\/produkt\/ohne-titel-candombl-priesterin-des-tempels-casa-das-minas\/"},"modified":"2022-09-13T23:10:33","modified_gmt":"2022-09-13T21:10:33","slug":"ohne-titel-candombl-priesterin-des-tempels-casa-das-minas","status":"publish","type":"product","link":"https:\/\/leonore-mau.de\/en\/produkt\/ohne-titel-candombl-priesterin-des-tempels-casa-das-minas\/","title":{"rendered":"Ohne Titel (Candombl\u00e9-Priesterin des Tempels &#8220;Casa das Minas&#8221;)"},"content":{"rendered":"<p>Candombl\u00e9-Priesterin des Tempels &#8220;Casa das Minas&#8221;. Referenz: Wilfried F. Schoeller, Hubert Fichte und Leonore Mau. Der Schriftsteller und die Fotografin, 2005 R\u00fcckseitenbeschriftung: &#8220;Priesterin in S\u00e3o Lu\u00eds do Maranh\u00e3o 1981 Leonore Mau&#8221;<\/p>\n","protected":false},"excerpt":{"rendered":"<p>Candombl\u00e9-Priesterin des Tempels &#8220;Casa das Minas&#8221;. Referenz: Wilfried F. Schoeller, Hubert Fichte und Leonore Mau. Der Schriftsteller und die Fotografin, 2005 R\u00fcckseitenbeschriftung: &#8220;Priesterin in S\u00e3o Lu\u00eds do Maranh\u00e3o 1981 Leonore Mau&#8221;<\/p>\n","protected":false},"featured_media":463,"template":"","meta":[],"product_brand":[],"product_cat":[4441,17],"product_tag":[79,22,24,21,23,1117,82,83,1109,1110,1111,1112,1113,84,173,2166,2167,2168,2169,2170,174,175,2171,1008,1009,2172,2173,43,44,354,2174,2175,2176,2177,2178,2179,1576,239,240,910,70,71,1155,1156,1013,1014,1015,1016,1017,1018,1019,105,107,981,982,93,92,94,91,536,537,538,539,540,541,542,1021,1022,1023,1024,1025,1026,1927,106,108,1458,527,528,529,530,531,532,533,1176,1032,1039],"class_list":{"0":"post-1015","1":"product","2":"type-product","3":"status-publish","4":"has-post-thumbnail","6":"product_cat-brasilien","7":"product_cat-unkategorisiert","8":"product_tag-1980er-jahre","9":"product_tag-20-jahrhundert-nach-chr","10":"product_tag-20-jh-n-chr","11":"product_tag-20-jahrhundert","12":"product_tag-20-jh","13":"product_tag-4-1_brasilien","14":"product_tag-80er","15":"product_tag-achtziger","16":"product_tag-afrikanisch","17":"product_tag-afrikanische","18":"product_tag-afrikanischen","19":"product_tag-afrikanischer","20":"product_tag-afrikanisches","21":"product_tag-ausland","22":"product_tag-brasil","23":"product_tag-brasilianisch","24":"product_tag-brasilianische","25":"product_tag-brasilianischen","26":"product_tag-brasilianischer","27":"product_tag-brasilianisches","28":"product_tag-brasilien","29":"product_tag-brasiliens","30":"product_tag-candomble","31":"product_tag-ceremonie","32":"product_tag-ceremonien","33":"product_tag-damenportraet","34":"product_tag-damenportraets","35":"product_tag-fotografin","36":"product_tag-fotografinnen","37":"product_tag-frau","38":"product_tag-frauenbildnis","39":"product_tag-frauenportrait","40":"product_tag-frauenportraits","41":"product_tag-frauenportraet","42":"product_tag-frauenportraets","43":"product_tag-gemeinde","44":"product_tag-halskette","45":"product_tag-holzstuhl","46":"product_tag-holzstuehle","47":"product_tag-kleid","48":"product_tag-photographin","49":"product_tag-photographinnen","50":"product_tag-priesterin","51":"product_tag-priesterinnen","52":"product_tag-ritual","53":"product_tag-rituale","54":"product_tag-rituell","55":"product_tag-rituelle","56":"product_tag-rituellen","57":"product_tag-ritueller","58":"product_tag-rituelles","59":"product_tag-s-w-fotografie","60":"product_tag-s-w-photographie","61":"product_tag-schatten","62":"product_tag-schattens","63":"product_tag-schwarzweissphotographie","64":"product_tag-schwarz-weiss-fotografie","65":"product_tag-schwarz-weiss-photographie","66":"product_tag-schwarzweissfotografie","67":"product_tag-sitzen","68":"product_tag-sitzend","69":"product_tag-sitzende","70":"product_tag-sitzenden","71":"product_tag-sitzender","72":"product_tag-sitzendes","73":"product_tag-sitzt","74":"product_tag-spiritualitaet","75":"product_tag-spirituell","76":"product_tag-spirituelle","77":"product_tag-spirituellen","78":"product_tag-spiritueller","79":"product_tag-spirituelles","80":"product_tag-stuhl","81":"product_tag-sw-fotografie","82":"product_tag-sw-photographie","83":"product_tag-tempel","84":"product_tag-tradition","85":"product_tag-traditionell","86":"product_tag-traditionelle","87":"product_tag-traditionellem","88":"product_tag-traditionellen","89":"product_tag-traditioneller","90":"product_tag-traditionelles","91":"product_tag-voodoo","92":"product_tag-zeremonie","93":"product_tag-zeremonien","95":"first","96":"instock","97":"shipping-taxable","98":"product-type-simple"},"yoast_head":"<!-- This site is optimized with the Yoast SEO plugin v27.3 - https:\/\/yoast.com\/product\/yoast-seo-wordpress\/ -->\n<title>Ohne Titel (Candombl\u00e9-Priesterin des Tempels &quot;Casa das Minas&quot;) - Leonore Mau<\/title>\n<meta name=\"robots\" content=\"index, follow, max-snippet:-1, max-image-preview:large, max-video-preview:-1\" \/>\n<link rel=\"canonical\" href=\"https:\/\/leonore-mau.de\/produkt\/ohne-titel-candombl-priesterin-des-tempels-casa-das-minas\/\" \/>\n<meta property=\"og:locale\" content=\"en_US\" \/>\n<meta property=\"og:type\" content=\"article\" \/>\n<meta property=\"og:title\" content=\"Ohne Titel (Candombl\u00e9-Priesterin des Tempels &quot;Casa das Minas&quot;) - Leonore Mau\" \/>\n<meta property=\"og:description\" content=\"Candombl\u00e9-Priesterin des Tempels &#8220;Casa das Minas&#8221;. Referenz: Wilfried F. Schoeller, Hubert Fichte und Leonore Mau. Der Schriftsteller und die Fotografin, 2005 R\u00fcckseitenbeschriftung: &#8220;Priesterin in S\u00e3o Lu\u00eds do Maranh\u00e3o 1981 Leonore Mau&#8221;\" \/>\n<meta property=\"og:url\" content=\"https:\/\/leonore-mau.de\/produkt\/ohne-titel-candombl-priesterin-des-tempels-casa-das-minas\/\" \/>\n<meta property=\"og:site_name\" content=\"Leonore Mau\" \/>\n<meta property=\"article:modified_time\" content=\"2022-09-13T21:10:33+00:00\" \/>\n<meta property=\"og:image\" content=\"https:\/\/leonore-mau.de\/wp-content\/uploads\/2022\/07\/70364411.jpg\" \/>\n\t<meta property=\"og:image:width\" content=\"936\" \/>\n\t<meta property=\"og:image:height\" content=\"1200\" \/>\n\t<meta property=\"og:image:type\" content=\"image\/jpeg\" \/>\n<meta name=\"twitter:card\" content=\"summary_large_image\" \/>\n<script type=\"application\/ld+json\" class=\"yoast-schema-graph\">{\"@context\":\"https:\\\/\\\/schema.org\",\"@graph\":[{\"@type\":\"WebPage\",\"@id\":\"https:\\\/\\\/leonore-mau.de\\\/produkt\\\/ohne-titel-candombl-priesterin-des-tempels-casa-das-minas\\\/\",\"url\":\"https:\\\/\\\/leonore-mau.de\\\/produkt\\\/ohne-titel-candombl-priesterin-des-tempels-casa-das-minas\\\/\",\"name\":\"Ohne Titel (Candombl\u00e9-Priesterin des Tempels \\\"Casa das Minas\\\") - Leonore Mau\",\"isPartOf\":{\"@id\":\"https:\\\/\\\/leonore-mau.de\\\/#website\"},\"primaryImageOfPage\":{\"@id\":\"https:\\\/\\\/leonore-mau.de\\\/produkt\\\/ohne-titel-candombl-priesterin-des-tempels-casa-das-minas\\\/#primaryimage\"},\"image\":{\"@id\":\"https:\\\/\\\/leonore-mau.de\\\/produkt\\\/ohne-titel-candombl-priesterin-des-tempels-casa-das-minas\\\/#primaryimage\"},\"thumbnailUrl\":\"https:\\\/\\\/leonore-mau.de\\\/wp-content\\\/uploads\\\/2022\\\/07\\\/70364411.jpg\",\"datePublished\":\"2022-07-11T13:16:30+00:00\",\"dateModified\":\"2022-09-13T21:10:33+00:00\",\"breadcrumb\":{\"@id\":\"https:\\\/\\\/leonore-mau.de\\\/produkt\\\/ohne-titel-candombl-priesterin-des-tempels-casa-das-minas\\\/#breadcrumb\"},\"inLanguage\":\"en-US\",\"potentialAction\":[{\"@type\":\"ReadAction\",\"target\":[\"https:\\\/\\\/leonore-mau.de\\\/produkt\\\/ohne-titel-candombl-priesterin-des-tempels-casa-das-minas\\\/\"]}]},{\"@type\":\"ImageObject\",\"inLanguage\":\"en-US\",\"@id\":\"https:\\\/\\\/leonore-mau.de\\\/produkt\\\/ohne-titel-candombl-priesterin-des-tempels-casa-das-minas\\\/#primaryimage\",\"url\":\"https:\\\/\\\/leonore-mau.de\\\/wp-content\\\/uploads\\\/2022\\\/07\\\/70364411.jpg\",\"contentUrl\":\"https:\\\/\\\/leonore-mau.de\\\/wp-content\\\/uploads\\\/2022\\\/07\\\/70364411.jpg\",\"width\":936,\"height\":1200,\"caption\":\"Candombl\u00e9-Priesterin des Tempels \\\"Casa das Minas\\\". Referenz: Wilfried F. Schoeller, Hubert Fichte und Leonore Mau. Der Schriftsteller und die Fotografin, 2005 R\u00fcckseitenbeschriftung: \\\"Priesterin in S\u00e3o Lu\u00eds do Maranh\u00e3o 1981 Leonore Mau\\\" Aufnahmedatum: 1981 - 1982 Material\\\/Technik: Foto \\\/ Silbergelatine auf PE-Papier Bildformat (Foto): 23,7 x 30,3 cm Aufnahmeort: S\u00e3o Lu\u00eds do Maranh\u00e3o Inventar-Nr.: LM-505874\"},{\"@type\":\"BreadcrumbList\",\"@id\":\"https:\\\/\\\/leonore-mau.de\\\/produkt\\\/ohne-titel-candombl-priesterin-des-tempels-casa-das-minas\\\/#breadcrumb\",\"itemListElement\":[{\"@type\":\"ListItem\",\"position\":1,\"name\":\"Startseite\",\"item\":\"https:\\\/\\\/leonore-mau.de\\\/en\\\/\"},{\"@type\":\"ListItem\",\"position\":2,\"name\":\"Shop\",\"item\":\"https:\\\/\\\/leonore-mau.de\\\/en\\\/shop-2\\\/\"},{\"@type\":\"ListItem\",\"position\":3,\"name\":\"Ohne Titel (Candombl\u00e9-Priesterin des Tempels &#8222;Casa das Minas&#8220;)\"}]},{\"@type\":\"WebSite\",\"@id\":\"https:\\\/\\\/leonore-mau.de\\\/#website\",\"url\":\"https:\\\/\\\/leonore-mau.de\\\/\",\"name\":\"Leonore Mau\",\"description\":\"Fotografin\",\"potentialAction\":[{\"@type\":\"SearchAction\",\"target\":{\"@type\":\"EntryPoint\",\"urlTemplate\":\"https:\\\/\\\/leonore-mau.de\\\/?s={search_term_string}\"},\"query-input\":{\"@type\":\"PropertyValueSpecification\",\"valueRequired\":true,\"valueName\":\"search_term_string\"}}],\"inLanguage\":\"en-US\"}]}<\/script>\n<!-- \/ Yoast SEO plugin. -->","yoast_head_json":{"title":"Ohne Titel (Candombl\u00e9-Priesterin des Tempels \"Casa das Minas\") - Leonore Mau","robots":{"index":"index","follow":"follow","max-snippet":"max-snippet:-1","max-image-preview":"max-image-preview:large","max-video-preview":"max-video-preview:-1"},"canonical":"https:\/\/leonore-mau.de\/produkt\/ohne-titel-candombl-priesterin-des-tempels-casa-das-minas\/","og_locale":"en_US","og_type":"article","og_title":"Ohne Titel (Candombl\u00e9-Priesterin des Tempels \"Casa das Minas\") - Leonore Mau","og_description":"Candombl\u00e9-Priesterin des Tempels &#8220;Casa das Minas&#8221;. Referenz: Wilfried F. Schoeller, Hubert Fichte und Leonore Mau. Der Schriftsteller und die Fotografin, 2005 R\u00fcckseitenbeschriftung: &#8220;Priesterin in S\u00e3o Lu\u00eds do Maranh\u00e3o 1981 Leonore Mau&#8221;","og_url":"https:\/\/leonore-mau.de\/produkt\/ohne-titel-candombl-priesterin-des-tempels-casa-das-minas\/","og_site_name":"Leonore Mau","article_modified_time":"2022-09-13T21:10:33+00:00","og_image":[{"width":936,"height":1200,"url":"https:\/\/leonore-mau.de\/wp-content\/uploads\/2022\/07\/70364411.jpg","type":"image\/jpeg"}],"twitter_card":"summary_large_image","schema":{"@context":"https:\/\/schema.org","@graph":[{"@type":"WebPage","@id":"https:\/\/leonore-mau.de\/produkt\/ohne-titel-candombl-priesterin-des-tempels-casa-das-minas\/","url":"https:\/\/leonore-mau.de\/produkt\/ohne-titel-candombl-priesterin-des-tempels-casa-das-minas\/","name":"Ohne Titel (Candombl\u00e9-Priesterin des Tempels \"Casa das Minas\") - Leonore Mau","isPartOf":{"@id":"https:\/\/leonore-mau.de\/#website"},"primaryImageOfPage":{"@id":"https:\/\/leonore-mau.de\/produkt\/ohne-titel-candombl-priesterin-des-tempels-casa-das-minas\/#primaryimage"},"image":{"@id":"https:\/\/leonore-mau.de\/produkt\/ohne-titel-candombl-priesterin-des-tempels-casa-das-minas\/#primaryimage"},"thumbnailUrl":"https:\/\/leonore-mau.de\/wp-content\/uploads\/2022\/07\/70364411.jpg","datePublished":"2022-07-11T13:16:30+00:00","dateModified":"2022-09-13T21:10:33+00:00","breadcrumb":{"@id":"https:\/\/leonore-mau.de\/produkt\/ohne-titel-candombl-priesterin-des-tempels-casa-das-minas\/#breadcrumb"},"inLanguage":"en-US","potentialAction":[{"@type":"ReadAction","target":["https:\/\/leonore-mau.de\/produkt\/ohne-titel-candombl-priesterin-des-tempels-casa-das-minas\/"]}]},{"@type":"ImageObject","inLanguage":"en-US","@id":"https:\/\/leonore-mau.de\/produkt\/ohne-titel-candombl-priesterin-des-tempels-casa-das-minas\/#primaryimage","url":"https:\/\/leonore-mau.de\/wp-content\/uploads\/2022\/07\/70364411.jpg","contentUrl":"https:\/\/leonore-mau.de\/wp-content\/uploads\/2022\/07\/70364411.jpg","width":936,"height":1200,"caption":"Candombl\u00e9-Priesterin des Tempels \"Casa das Minas\". Referenz: Wilfried F. Schoeller, Hubert Fichte und Leonore Mau. Der Schriftsteller und die Fotografin, 2005 R\u00fcckseitenbeschriftung: \"Priesterin in S\u00e3o Lu\u00eds do Maranh\u00e3o 1981 Leonore Mau\" Aufnahmedatum: 1981 - 1982 Material\/Technik: Foto \/ Silbergelatine auf PE-Papier Bildformat (Foto): 23,7 x 30,3 cm Aufnahmeort: S\u00e3o Lu\u00eds do Maranh\u00e3o Inventar-Nr.: LM-505874"},{"@type":"BreadcrumbList","@id":"https:\/\/leonore-mau.de\/produkt\/ohne-titel-candombl-priesterin-des-tempels-casa-das-minas\/#breadcrumb","itemListElement":[{"@type":"ListItem","position":1,"name":"Startseite","item":"https:\/\/leonore-mau.de\/en\/"},{"@type":"ListItem","position":2,"name":"Shop","item":"https:\/\/leonore-mau.de\/en\/shop-2\/"},{"@type":"ListItem","position":3,"name":"Ohne Titel (Candombl\u00e9-Priesterin des Tempels &#8222;Casa das Minas&#8220;)"}]},{"@type":"WebSite","@id":"https:\/\/leonore-mau.de\/#website","url":"https:\/\/leonore-mau.de\/","name":"Leonore Mau","description":"Fotografin","potentialAction":[{"@type":"SearchAction","target":{"@type":"EntryPoint","urlTemplate":"https:\/\/leonore-mau.de\/?s={search_term_string}"},"query-input":{"@type":"PropertyValueSpecification","valueRequired":true,"valueName":"search_term_string"}}],"inLanguage":"en-US"}]}},"_links":{"self":[{"href":"https:\/\/leonore-mau.de\/en\/wp-json\/wp\/v2\/product\/1015","targetHints":{"allow":["GET"]}}],"collection":[{"href":"https:\/\/leonore-mau.de\/en\/wp-json\/wp\/v2\/product"}],"about":[{"href":"https:\/\/leonore-mau.de\/en\/wp-json\/wp\/v2\/types\/product"}],"wp:featuredmedia":[{"embeddable":true,"href":"https:\/\/leonore-mau.de\/en\/wp-json\/wp\/v2\/media\/463"}],"wp:attachment":[{"href":"https:\/\/leonore-mau.de\/en\/wp-json\/wp\/v2\/media?parent=1015"}],"wp:term":[{"taxonomy":"product_brand","embeddable":true,"href":"https:\/\/leonore-mau.de\/en\/wp-json\/wp\/v2\/product_brand?post=1015"},{"taxonomy":"product_cat","embeddable":true,"href":"https:\/\/leonore-mau.de\/en\/wp-json\/wp\/v2\/product_cat?post=1015"},{"taxonomy":"product_tag","embeddable":true,"href":"https:\/\/leonore-mau.de\/en\/wp-json\/wp\/v2\/product_tag?post=1015"}],"curies":[{"name":"wp","href":"https:\/\/api.w.org\/{rel}","templated":true}]}}