{"id":1016,"date":"2022-07-11T15:16:30","date_gmt":"2022-07-11T13:16:30","guid":{"rendered":"https:\/\/leonore-mau.de\/produkt\/amelia\/"},"modified":"2022-09-13T23:10:33","modified_gmt":"2022-09-13T21:10:33","slug":"amelia","status":"publish","type":"product","link":"https:\/\/leonore-mau.de\/en\/produkt\/amelia\/","title":{"rendered":"Amelia"},"content":{"rendered":"<p>Priesterin Dona Amelia Vieira Pinto, eine der drei Leiterinnen des Tempels &#8220;Casa das Minas&#8221;. Referenz: Wilfried F. Schoeller, Hubert Fichte und Leonore Mau. Der Schriftsteller und die Fotografin, 2005 R\u00fcckseitenbeschriftung: &#8220;Amelia&#8221;<\/p>\n","protected":false},"excerpt":{"rendered":"<p>Priesterin Dona Amelia Vieira Pinto, eine der drei Leiterinnen des Tempels &#8220;Casa das Minas&#8221;. Referenz: Wilfried F. Schoeller, Hubert Fichte und Leonore Mau. Der Schriftsteller und die Fotografin, 2005 R\u00fcckseitenbeschriftung: &#8220;Amelia&#8221;<\/p>\n","protected":false},"featured_media":464,"template":"","meta":[],"product_brand":[],"product_cat":[4441,17],"product_tag":[79,24,1117,82,83,1109,1110,1111,1112,1113,1353,1354,84,173,2166,2167,2168,2169,2170,174,175,2171,1008,1009,2172,2173,43,44,354,2174,2175,2176,2177,2178,2191,2179,1358,1359,2192,2193,2194,2195,2196,2197,2198,70,71,1155,1156,1851,1852,1407,1408,1853,1854,1409,1410,1411,1412,1013,1014,1015,1016,1017,1018,1019,105,107,981,982,93,92,94,91,1021,1022,1023,1024,1025,1026,106,108,1458,527,528,529,530,531,532,533,1176,1032,1039],"class_list":{"0":"post-1016","1":"product","2":"type-product","3":"status-publish","4":"has-post-thumbnail","6":"product_cat-brasilien","7":"product_cat-unkategorisiert","8":"product_tag-1980er-jahre","9":"product_tag-20-jh-n-chr","10":"product_tag-4-1_brasilien","11":"product_tag-80er","12":"product_tag-achtziger","13":"product_tag-afrikanisch","14":"product_tag-afrikanische","15":"product_tag-afrikanischen","16":"product_tag-afrikanischer","17":"product_tag-afrikanisches","18":"product_tag-angesicht","19":"product_tag-antlitz","20":"product_tag-ausland","21":"product_tag-brasil","22":"product_tag-brasilianisch","23":"product_tag-brasilianische","24":"product_tag-brasilianischen","25":"product_tag-brasilianischer","26":"product_tag-brasilianisches","27":"product_tag-brasilien","28":"product_tag-brasiliens","29":"product_tag-candomble","30":"product_tag-ceremonie","31":"product_tag-ceremonien","32":"product_tag-damenportraet","33":"product_tag-damenportraets","34":"product_tag-fotografin","35":"product_tag-fotografinnen","36":"product_tag-frau","37":"product_tag-frauenbildnis","38":"product_tag-frauenportrait","39":"product_tag-frauenportraits","40":"product_tag-frauenportraet","41":"product_tag-frauenportraets","42":"product_tag-frauenprofil","43":"product_tag-gemeinde","44":"product_tag-gesicht","45":"product_tag-gesichter","46":"product_tag-kontrast","47":"product_tag-kontraste","48":"product_tag-kontraststark","49":"product_tag-kontraststarke","50":"product_tag-kontraststarken","51":"product_tag-kontraststarker","52":"product_tag-kontraststarkes","53":"product_tag-photographin","54":"product_tag-photographinnen","55":"product_tag-priesterin","56":"product_tag-priesterinnen","57":"product_tag-profil","58":"product_tag-profilansicht","59":"product_tag-profilaufnahme","60":"product_tag-profilaufnahmen","61":"product_tag-profilbild","62":"product_tag-profilbildnis","63":"product_tag-profilfoto","64":"product_tag-profilfotos","65":"product_tag-profilphoto","66":"product_tag-profilphotos","67":"product_tag-ritual","68":"product_tag-rituale","69":"product_tag-rituell","70":"product_tag-rituelle","71":"product_tag-rituellen","72":"product_tag-ritueller","73":"product_tag-rituelles","74":"product_tag-s-w-fotografie","75":"product_tag-s-w-photographie","76":"product_tag-schatten","77":"product_tag-schattens","78":"product_tag-schwarzweissphotographie","79":"product_tag-schwarz-weiss-fotografie","80":"product_tag-schwarz-weiss-photographie","81":"product_tag-schwarzweissfotografie","82":"product_tag-spiritualitaet","83":"product_tag-spirituell","84":"product_tag-spirituelle","85":"product_tag-spirituellen","86":"product_tag-spiritueller","87":"product_tag-spirituelles","88":"product_tag-sw-fotografie","89":"product_tag-sw-photographie","90":"product_tag-tempel","91":"product_tag-tradition","92":"product_tag-traditionell","93":"product_tag-traditionelle","94":"product_tag-traditionellem","95":"product_tag-traditionellen","96":"product_tag-traditioneller","97":"product_tag-traditionelles","98":"product_tag-voodoo","99":"product_tag-zeremonie","100":"product_tag-zeremonien","102":"first","103":"instock","104":"shipping-taxable","105":"product-type-simple"},"yoast_head":"<!-- This site is optimized with the Yoast SEO plugin v27.3 - https:\/\/yoast.com\/product\/yoast-seo-wordpress\/ -->\n<title>Amelia - Leonore Mau<\/title>\n<meta name=\"robots\" content=\"index, follow, max-snippet:-1, max-image-preview:large, max-video-preview:-1\" \/>\n<link rel=\"canonical\" href=\"https:\/\/leonore-mau.de\/produkt\/amelia\/\" \/>\n<meta property=\"og:locale\" content=\"en_US\" \/>\n<meta property=\"og:type\" content=\"article\" \/>\n<meta property=\"og:title\" content=\"Amelia - Leonore Mau\" \/>\n<meta property=\"og:description\" content=\"Priesterin Dona Amelia Vieira Pinto, eine der drei Leiterinnen des Tempels &#8220;Casa das Minas&#8221;. Referenz: Wilfried F. Schoeller, Hubert Fichte und Leonore Mau. Der Schriftsteller und die Fotografin, 2005 R\u00fcckseitenbeschriftung: &#8220;Amelia&#8221;\" \/>\n<meta property=\"og:url\" content=\"https:\/\/leonore-mau.de\/produkt\/amelia\/\" \/>\n<meta property=\"og:site_name\" content=\"Leonore Mau\" \/>\n<meta property=\"article:modified_time\" content=\"2022-09-13T21:10:33+00:00\" \/>\n<meta property=\"og:image\" content=\"https:\/\/leonore-mau.de\/wp-content\/uploads\/2022\/07\/70364412.jpg\" \/>\n\t<meta property=\"og:image:width\" content=\"849\" \/>\n\t<meta property=\"og:image:height\" content=\"1200\" \/>\n\t<meta property=\"og:image:type\" content=\"image\/jpeg\" \/>\n<meta name=\"twitter:card\" content=\"summary_large_image\" \/>\n<script type=\"application\/ld+json\" class=\"yoast-schema-graph\">{\"@context\":\"https:\\\/\\\/schema.org\",\"@graph\":[{\"@type\":\"WebPage\",\"@id\":\"https:\\\/\\\/leonore-mau.de\\\/produkt\\\/amelia\\\/\",\"url\":\"https:\\\/\\\/leonore-mau.de\\\/produkt\\\/amelia\\\/\",\"name\":\"Amelia - Leonore Mau\",\"isPartOf\":{\"@id\":\"https:\\\/\\\/leonore-mau.de\\\/#website\"},\"primaryImageOfPage\":{\"@id\":\"https:\\\/\\\/leonore-mau.de\\\/produkt\\\/amelia\\\/#primaryimage\"},\"image\":{\"@id\":\"https:\\\/\\\/leonore-mau.de\\\/produkt\\\/amelia\\\/#primaryimage\"},\"thumbnailUrl\":\"https:\\\/\\\/leonore-mau.de\\\/wp-content\\\/uploads\\\/2022\\\/07\\\/70364412.jpg\",\"datePublished\":\"2022-07-11T13:16:30+00:00\",\"dateModified\":\"2022-09-13T21:10:33+00:00\",\"breadcrumb\":{\"@id\":\"https:\\\/\\\/leonore-mau.de\\\/produkt\\\/amelia\\\/#breadcrumb\"},\"inLanguage\":\"en-US\",\"potentialAction\":[{\"@type\":\"ReadAction\",\"target\":[\"https:\\\/\\\/leonore-mau.de\\\/produkt\\\/amelia\\\/\"]}]},{\"@type\":\"ImageObject\",\"inLanguage\":\"en-US\",\"@id\":\"https:\\\/\\\/leonore-mau.de\\\/produkt\\\/amelia\\\/#primaryimage\",\"url\":\"https:\\\/\\\/leonore-mau.de\\\/wp-content\\\/uploads\\\/2022\\\/07\\\/70364412.jpg\",\"contentUrl\":\"https:\\\/\\\/leonore-mau.de\\\/wp-content\\\/uploads\\\/2022\\\/07\\\/70364412.jpg\",\"width\":849,\"height\":1200,\"caption\":\"Priesterin Dona Amelia Vieira Pinto, eine der drei Leiterinnen des Tempels \\\"Casa das Minas\\\". Referenz: Wilfried F. Schoeller, Hubert Fichte und Leonore Mau. Der Schriftsteller und die Fotografin, 2005 R\u00fcckseitenbeschriftung: \\\"Amelia\\\" Aufnahmedatum: 1981 - 1982 Material\\\/Technik: Foto \\\/ Silbergelatine auf PE-Papier Bildformat (Foto): 12,6 x 17,7 cm Aufnahmeort: S\u00e3o Lu\u00eds do Maranh\u00e3o Inventar-Nr.: LM-505871\"},{\"@type\":\"BreadcrumbList\",\"@id\":\"https:\\\/\\\/leonore-mau.de\\\/produkt\\\/amelia\\\/#breadcrumb\",\"itemListElement\":[{\"@type\":\"ListItem\",\"position\":1,\"name\":\"Startseite\",\"item\":\"https:\\\/\\\/leonore-mau.de\\\/en\\\/\"},{\"@type\":\"ListItem\",\"position\":2,\"name\":\"Shop\",\"item\":\"https:\\\/\\\/leonore-mau.de\\\/en\\\/shop-2\\\/\"},{\"@type\":\"ListItem\",\"position\":3,\"name\":\"Amelia\"}]},{\"@type\":\"WebSite\",\"@id\":\"https:\\\/\\\/leonore-mau.de\\\/#website\",\"url\":\"https:\\\/\\\/leonore-mau.de\\\/\",\"name\":\"Leonore Mau\",\"description\":\"Fotografin\",\"potentialAction\":[{\"@type\":\"SearchAction\",\"target\":{\"@type\":\"EntryPoint\",\"urlTemplate\":\"https:\\\/\\\/leonore-mau.de\\\/?s={search_term_string}\"},\"query-input\":{\"@type\":\"PropertyValueSpecification\",\"valueRequired\":true,\"valueName\":\"search_term_string\"}}],\"inLanguage\":\"en-US\"}]}<\/script>\n<!-- \/ Yoast SEO plugin. -->","yoast_head_json":{"title":"Amelia - Leonore Mau","robots":{"index":"index","follow":"follow","max-snippet":"max-snippet:-1","max-image-preview":"max-image-preview:large","max-video-preview":"max-video-preview:-1"},"canonical":"https:\/\/leonore-mau.de\/produkt\/amelia\/","og_locale":"en_US","og_type":"article","og_title":"Amelia - Leonore Mau","og_description":"Priesterin Dona Amelia Vieira Pinto, eine der drei Leiterinnen des Tempels &#8220;Casa das Minas&#8221;. Referenz: Wilfried F. Schoeller, Hubert Fichte und Leonore Mau. Der Schriftsteller und die Fotografin, 2005 R\u00fcckseitenbeschriftung: &#8220;Amelia&#8221;","og_url":"https:\/\/leonore-mau.de\/produkt\/amelia\/","og_site_name":"Leonore Mau","article_modified_time":"2022-09-13T21:10:33+00:00","og_image":[{"width":849,"height":1200,"url":"https:\/\/leonore-mau.de\/wp-content\/uploads\/2022\/07\/70364412.jpg","type":"image\/jpeg"}],"twitter_card":"summary_large_image","schema":{"@context":"https:\/\/schema.org","@graph":[{"@type":"WebPage","@id":"https:\/\/leonore-mau.de\/produkt\/amelia\/","url":"https:\/\/leonore-mau.de\/produkt\/amelia\/","name":"Amelia - Leonore Mau","isPartOf":{"@id":"https:\/\/leonore-mau.de\/#website"},"primaryImageOfPage":{"@id":"https:\/\/leonore-mau.de\/produkt\/amelia\/#primaryimage"},"image":{"@id":"https:\/\/leonore-mau.de\/produkt\/amelia\/#primaryimage"},"thumbnailUrl":"https:\/\/leonore-mau.de\/wp-content\/uploads\/2022\/07\/70364412.jpg","datePublished":"2022-07-11T13:16:30+00:00","dateModified":"2022-09-13T21:10:33+00:00","breadcrumb":{"@id":"https:\/\/leonore-mau.de\/produkt\/amelia\/#breadcrumb"},"inLanguage":"en-US","potentialAction":[{"@type":"ReadAction","target":["https:\/\/leonore-mau.de\/produkt\/amelia\/"]}]},{"@type":"ImageObject","inLanguage":"en-US","@id":"https:\/\/leonore-mau.de\/produkt\/amelia\/#primaryimage","url":"https:\/\/leonore-mau.de\/wp-content\/uploads\/2022\/07\/70364412.jpg","contentUrl":"https:\/\/leonore-mau.de\/wp-content\/uploads\/2022\/07\/70364412.jpg","width":849,"height":1200,"caption":"Priesterin Dona Amelia Vieira Pinto, eine der drei Leiterinnen des Tempels \"Casa das Minas\". Referenz: Wilfried F. Schoeller, Hubert Fichte und Leonore Mau. Der Schriftsteller und die Fotografin, 2005 R\u00fcckseitenbeschriftung: \"Amelia\" Aufnahmedatum: 1981 - 1982 Material\/Technik: Foto \/ Silbergelatine auf PE-Papier Bildformat (Foto): 12,6 x 17,7 cm Aufnahmeort: S\u00e3o Lu\u00eds do Maranh\u00e3o Inventar-Nr.: LM-505871"},{"@type":"BreadcrumbList","@id":"https:\/\/leonore-mau.de\/produkt\/amelia\/#breadcrumb","itemListElement":[{"@type":"ListItem","position":1,"name":"Startseite","item":"https:\/\/leonore-mau.de\/en\/"},{"@type":"ListItem","position":2,"name":"Shop","item":"https:\/\/leonore-mau.de\/en\/shop-2\/"},{"@type":"ListItem","position":3,"name":"Amelia"}]},{"@type":"WebSite","@id":"https:\/\/leonore-mau.de\/#website","url":"https:\/\/leonore-mau.de\/","name":"Leonore Mau","description":"Fotografin","potentialAction":[{"@type":"SearchAction","target":{"@type":"EntryPoint","urlTemplate":"https:\/\/leonore-mau.de\/?s={search_term_string}"},"query-input":{"@type":"PropertyValueSpecification","valueRequired":true,"valueName":"search_term_string"}}],"inLanguage":"en-US"}]}},"_links":{"self":[{"href":"https:\/\/leonore-mau.de\/en\/wp-json\/wp\/v2\/product\/1016","targetHints":{"allow":["GET"]}}],"collection":[{"href":"https:\/\/leonore-mau.de\/en\/wp-json\/wp\/v2\/product"}],"about":[{"href":"https:\/\/leonore-mau.de\/en\/wp-json\/wp\/v2\/types\/product"}],"wp:featuredmedia":[{"embeddable":true,"href":"https:\/\/leonore-mau.de\/en\/wp-json\/wp\/v2\/media\/464"}],"wp:attachment":[{"href":"https:\/\/leonore-mau.de\/en\/wp-json\/wp\/v2\/media?parent=1016"}],"wp:term":[{"taxonomy":"product_brand","embeddable":true,"href":"https:\/\/leonore-mau.de\/en\/wp-json\/wp\/v2\/product_brand?post=1016"},{"taxonomy":"product_cat","embeddable":true,"href":"https:\/\/leonore-mau.de\/en\/wp-json\/wp\/v2\/product_cat?post=1016"},{"taxonomy":"product_tag","embeddable":true,"href":"https:\/\/leonore-mau.de\/en\/wp-json\/wp\/v2\/product_tag?post=1016"}],"curies":[{"name":"wp","href":"https:\/\/api.w.org\/{rel}","templated":true}]}}