{"id":1029,"date":"2022-07-11T15:16:31","date_gmt":"2022-07-11T13:16:31","guid":{"rendered":"https:\/\/leonore-mau.de\/produkt\/hubert-fichte-im-psychiatrischen-dorf-kenia\/"},"modified":"2022-09-13T23:10:39","modified_gmt":"2022-09-13T21:10:39","slug":"hubert-fichte-im-psychiatrischen-dorf-kenia","status":"publish","type":"product","link":"https:\/\/leonore-mau.de\/en\/produkt\/hubert-fichte-im-psychiatrischen-dorf-kenia\/","title":{"rendered":"Hubert Fichte im psychiatrischen Dorf Kenia"},"content":{"rendered":"<p>Der Schriftsteller Hubert Fichte im psychiatrischen Dorf von Kenia in Casamance, S\u00fcd-Senegal, zur Recherche des Buches &#8220;Psyche&#8221;. Vor ihm der Junge Golan. Referenz: Ronald Kay, H\u00e4lfte des Lebens, D\u00f6lling und Galitz Verlag, 1996 R\u00fcckseitenbeschriftung: &#8220;Foto L. Mau, Im psychiatrischen Dorf Kenia in Senegal 1974; 1976&#8221; <\/p>\n","protected":false},"excerpt":{"rendered":"<p>Der Schriftsteller Hubert Fichte im psychiatrischen Dorf von Kenia in Casamance, S\u00fcd-Senegal, zur Recherche des Buches &#8220;Psyche&#8221;. Vor ihm der Junge Golan. Referenz: Ronald Kay, H\u00e4lfte des Lebens, D\u00f6lling und Galitz Verlag, 1996 R\u00fcckseitenbeschriftung: &#8220;Foto L. Mau, Im psychiatrischen Dorf Kenia in Senegal 1974; 1976&#8221;<\/p>\n","protected":false},"featured_media":477,"template":"","meta":[],"product_brand":[],"product_cat":[4451,17],"product_tag":[78,22,24,21,23,1344,80,939,1109,1110,1111,1112,1113,940,84,171,172,1221,1222,1848,2274,2275,2276,1322,43,44,1323,2277,486,560,70,71,1349,1350,105,107,1233,93,92,94,91,95,996,997,998,999,1000,1001,106,108,957,958],"class_list":{"0":"post-1029","1":"product","2":"type-product","3":"status-publish","4":"has-post-thumbnail","6":"product_cat-psychiatrische-doerfer","7":"product_cat-unkategorisiert","8":"product_tag-1970er-jahre","9":"product_tag-20-jahrhundert-nach-chr","10":"product_tag-20-jh-n-chr","11":"product_tag-20-jahrhundert","12":"product_tag-20-jh","13":"product_tag-7-1_psychiatrische-doerfer","14":"product_tag-70er","15":"product_tag-afrika","16":"product_tag-afrikanisch","17":"product_tag-afrikanische","18":"product_tag-afrikanischen","19":"product_tag-afrikanischer","20":"product_tag-afrikanisches","21":"product_tag-afrikas","22":"product_tag-ausland","23":"product_tag-aussenaufnahme","24":"product_tag-aussenaufnahmen","25":"product_tag-autor","26":"product_tag-autoren","27":"product_tag-dorf","28":"product_tag-dorfe","29":"product_tag-doerfer","30":"product_tag-dorfes","31":"product_tag-fichte","32":"product_tag-fotografin","33":"product_tag-fotografinnen","34":"product_tag-hubert-21-03-1935-08-03-1986","35":"product_tag-landstrasse","36":"product_tag-mann","37":"product_tag-maenner","38":"product_tag-photographin","39":"product_tag-photographinnen","40":"product_tag-psyche","41":"product_tag-psychiatrie","42":"product_tag-s-w-fotografie","43":"product_tag-s-w-photographie","44":"product_tag-schriftsteller","45":"product_tag-schwarzweissphotographie","46":"product_tag-schwarz-weiss-fotografie","47":"product_tag-schwarz-weiss-photographie","48":"product_tag-schwarzweissfotografie","49":"product_tag-siebziger","50":"product_tag-stehen","51":"product_tag-stehend","52":"product_tag-stehende","53":"product_tag-stehenden","54":"product_tag-stehender","55":"product_tag-stehendes","56":"product_tag-sw-fotografie","57":"product_tag-sw-photographie","58":"product_tag-westafrika","59":"product_tag-westafrikas","61":"first","62":"instock","63":"shipping-taxable","64":"product-type-simple"},"yoast_head":"<!-- This site is optimized with the Yoast SEO plugin v27.3 - https:\/\/yoast.com\/product\/yoast-seo-wordpress\/ -->\n<title>Hubert Fichte im psychiatrischen Dorf Kenia - Leonore Mau<\/title>\n<meta name=\"robots\" content=\"index, follow, max-snippet:-1, max-image-preview:large, max-video-preview:-1\" \/>\n<link rel=\"canonical\" href=\"https:\/\/leonore-mau.de\/produkt\/hubert-fichte-im-psychiatrischen-dorf-kenia\/\" \/>\n<meta property=\"og:locale\" content=\"en_US\" \/>\n<meta property=\"og:type\" content=\"article\" \/>\n<meta property=\"og:title\" content=\"Hubert Fichte im psychiatrischen Dorf Kenia - Leonore Mau\" \/>\n<meta property=\"og:description\" content=\"Der Schriftsteller Hubert Fichte im psychiatrischen Dorf von Kenia in Casamance, S\u00fcd-Senegal, zur Recherche des Buches &#8220;Psyche&#8221;. Vor ihm der Junge Golan. Referenz: Ronald Kay, H\u00e4lfte des Lebens, D\u00f6lling und Galitz Verlag, 1996 R\u00fcckseitenbeschriftung: &#8220;Foto L. Mau, Im psychiatrischen Dorf Kenia in Senegal 1974; 1976&#8221;\" \/>\n<meta property=\"og:url\" content=\"https:\/\/leonore-mau.de\/produkt\/hubert-fichte-im-psychiatrischen-dorf-kenia\/\" \/>\n<meta property=\"og:site_name\" content=\"Leonore Mau\" \/>\n<meta property=\"article:modified_time\" content=\"2022-09-13T21:10:39+00:00\" \/>\n<meta property=\"og:image\" content=\"https:\/\/leonore-mau.de\/wp-content\/uploads\/2022\/07\/70365747.jpg\" \/>\n\t<meta property=\"og:image:width\" content=\"882\" \/>\n\t<meta property=\"og:image:height\" content=\"1200\" \/>\n\t<meta property=\"og:image:type\" content=\"image\/jpeg\" \/>\n<meta name=\"twitter:card\" content=\"summary_large_image\" \/>\n<script type=\"application\/ld+json\" class=\"yoast-schema-graph\">{\"@context\":\"https:\\\/\\\/schema.org\",\"@graph\":[{\"@type\":\"WebPage\",\"@id\":\"https:\\\/\\\/leonore-mau.de\\\/produkt\\\/hubert-fichte-im-psychiatrischen-dorf-kenia\\\/\",\"url\":\"https:\\\/\\\/leonore-mau.de\\\/produkt\\\/hubert-fichte-im-psychiatrischen-dorf-kenia\\\/\",\"name\":\"Hubert Fichte im psychiatrischen Dorf Kenia - Leonore Mau\",\"isPartOf\":{\"@id\":\"https:\\\/\\\/leonore-mau.de\\\/#website\"},\"primaryImageOfPage\":{\"@id\":\"https:\\\/\\\/leonore-mau.de\\\/produkt\\\/hubert-fichte-im-psychiatrischen-dorf-kenia\\\/#primaryimage\"},\"image\":{\"@id\":\"https:\\\/\\\/leonore-mau.de\\\/produkt\\\/hubert-fichte-im-psychiatrischen-dorf-kenia\\\/#primaryimage\"},\"thumbnailUrl\":\"https:\\\/\\\/leonore-mau.de\\\/wp-content\\\/uploads\\\/2022\\\/07\\\/70365747.jpg\",\"datePublished\":\"2022-07-11T13:16:31+00:00\",\"dateModified\":\"2022-09-13T21:10:39+00:00\",\"breadcrumb\":{\"@id\":\"https:\\\/\\\/leonore-mau.de\\\/produkt\\\/hubert-fichte-im-psychiatrischen-dorf-kenia\\\/#breadcrumb\"},\"inLanguage\":\"en-US\",\"potentialAction\":[{\"@type\":\"ReadAction\",\"target\":[\"https:\\\/\\\/leonore-mau.de\\\/produkt\\\/hubert-fichte-im-psychiatrischen-dorf-kenia\\\/\"]}]},{\"@type\":\"ImageObject\",\"inLanguage\":\"en-US\",\"@id\":\"https:\\\/\\\/leonore-mau.de\\\/produkt\\\/hubert-fichte-im-psychiatrischen-dorf-kenia\\\/#primaryimage\",\"url\":\"https:\\\/\\\/leonore-mau.de\\\/wp-content\\\/uploads\\\/2022\\\/07\\\/70365747.jpg\",\"contentUrl\":\"https:\\\/\\\/leonore-mau.de\\\/wp-content\\\/uploads\\\/2022\\\/07\\\/70365747.jpg\",\"width\":882,\"height\":1200,\"caption\":\"Der Schriftsteller Hubert Fichte im psychiatrischen Dorf von Kenia in Casamance, S\u00fcd-Senegal, zur Recherche des Buches \\\"Psyche\\\". Vor ihm der Junge Golan. Referenz: Ronald Kay, H\u00e4lfte des Lebens, D\u00f6lling und Galitz Verlag, 1996 R\u00fcckseitenbeschriftung: \\\"Foto L. Mau, Im psychiatrischen Dorf Kenia in Senegal 1974; 1976\\\" Aufnahmedatum: 1976 Material\\\/Technik: Foto \\\/ Silbergelatine auf PE-Papier Bildformat (Foto): 14,6 x 19,9 cm Aufnahmeort: Casamance \\\/ Senegal Inventar-Nr.: LM-500218\"},{\"@type\":\"BreadcrumbList\",\"@id\":\"https:\\\/\\\/leonore-mau.de\\\/produkt\\\/hubert-fichte-im-psychiatrischen-dorf-kenia\\\/#breadcrumb\",\"itemListElement\":[{\"@type\":\"ListItem\",\"position\":1,\"name\":\"Startseite\",\"item\":\"https:\\\/\\\/leonore-mau.de\\\/en\\\/\"},{\"@type\":\"ListItem\",\"position\":2,\"name\":\"Shop\",\"item\":\"https:\\\/\\\/leonore-mau.de\\\/en\\\/shop-2\\\/\"},{\"@type\":\"ListItem\",\"position\":3,\"name\":\"Hubert Fichte im psychiatrischen Dorf Kenia\"}]},{\"@type\":\"WebSite\",\"@id\":\"https:\\\/\\\/leonore-mau.de\\\/#website\",\"url\":\"https:\\\/\\\/leonore-mau.de\\\/\",\"name\":\"Leonore Mau\",\"description\":\"Fotografin\",\"potentialAction\":[{\"@type\":\"SearchAction\",\"target\":{\"@type\":\"EntryPoint\",\"urlTemplate\":\"https:\\\/\\\/leonore-mau.de\\\/?s={search_term_string}\"},\"query-input\":{\"@type\":\"PropertyValueSpecification\",\"valueRequired\":true,\"valueName\":\"search_term_string\"}}],\"inLanguage\":\"en-US\"}]}<\/script>\n<!-- \/ Yoast SEO plugin. -->","yoast_head_json":{"title":"Hubert Fichte im psychiatrischen Dorf Kenia - Leonore Mau","robots":{"index":"index","follow":"follow","max-snippet":"max-snippet:-1","max-image-preview":"max-image-preview:large","max-video-preview":"max-video-preview:-1"},"canonical":"https:\/\/leonore-mau.de\/produkt\/hubert-fichte-im-psychiatrischen-dorf-kenia\/","og_locale":"en_US","og_type":"article","og_title":"Hubert Fichte im psychiatrischen Dorf Kenia - Leonore Mau","og_description":"Der Schriftsteller Hubert Fichte im psychiatrischen Dorf von Kenia in Casamance, S\u00fcd-Senegal, zur Recherche des Buches &#8220;Psyche&#8221;. Vor ihm der Junge Golan. Referenz: Ronald Kay, H\u00e4lfte des Lebens, D\u00f6lling und Galitz Verlag, 1996 R\u00fcckseitenbeschriftung: &#8220;Foto L. Mau, Im psychiatrischen Dorf Kenia in Senegal 1974; 1976&#8221;","og_url":"https:\/\/leonore-mau.de\/produkt\/hubert-fichte-im-psychiatrischen-dorf-kenia\/","og_site_name":"Leonore Mau","article_modified_time":"2022-09-13T21:10:39+00:00","og_image":[{"width":882,"height":1200,"url":"https:\/\/leonore-mau.de\/wp-content\/uploads\/2022\/07\/70365747.jpg","type":"image\/jpeg"}],"twitter_card":"summary_large_image","schema":{"@context":"https:\/\/schema.org","@graph":[{"@type":"WebPage","@id":"https:\/\/leonore-mau.de\/produkt\/hubert-fichte-im-psychiatrischen-dorf-kenia\/","url":"https:\/\/leonore-mau.de\/produkt\/hubert-fichte-im-psychiatrischen-dorf-kenia\/","name":"Hubert Fichte im psychiatrischen Dorf Kenia - Leonore Mau","isPartOf":{"@id":"https:\/\/leonore-mau.de\/#website"},"primaryImageOfPage":{"@id":"https:\/\/leonore-mau.de\/produkt\/hubert-fichte-im-psychiatrischen-dorf-kenia\/#primaryimage"},"image":{"@id":"https:\/\/leonore-mau.de\/produkt\/hubert-fichte-im-psychiatrischen-dorf-kenia\/#primaryimage"},"thumbnailUrl":"https:\/\/leonore-mau.de\/wp-content\/uploads\/2022\/07\/70365747.jpg","datePublished":"2022-07-11T13:16:31+00:00","dateModified":"2022-09-13T21:10:39+00:00","breadcrumb":{"@id":"https:\/\/leonore-mau.de\/produkt\/hubert-fichte-im-psychiatrischen-dorf-kenia\/#breadcrumb"},"inLanguage":"en-US","potentialAction":[{"@type":"ReadAction","target":["https:\/\/leonore-mau.de\/produkt\/hubert-fichte-im-psychiatrischen-dorf-kenia\/"]}]},{"@type":"ImageObject","inLanguage":"en-US","@id":"https:\/\/leonore-mau.de\/produkt\/hubert-fichte-im-psychiatrischen-dorf-kenia\/#primaryimage","url":"https:\/\/leonore-mau.de\/wp-content\/uploads\/2022\/07\/70365747.jpg","contentUrl":"https:\/\/leonore-mau.de\/wp-content\/uploads\/2022\/07\/70365747.jpg","width":882,"height":1200,"caption":"Der Schriftsteller Hubert Fichte im psychiatrischen Dorf von Kenia in Casamance, S\u00fcd-Senegal, zur Recherche des Buches \"Psyche\". Vor ihm der Junge Golan. Referenz: Ronald Kay, H\u00e4lfte des Lebens, D\u00f6lling und Galitz Verlag, 1996 R\u00fcckseitenbeschriftung: \"Foto L. Mau, Im psychiatrischen Dorf Kenia in Senegal 1974; 1976\" Aufnahmedatum: 1976 Material\/Technik: Foto \/ Silbergelatine auf PE-Papier Bildformat (Foto): 14,6 x 19,9 cm Aufnahmeort: Casamance \/ Senegal Inventar-Nr.: LM-500218"},{"@type":"BreadcrumbList","@id":"https:\/\/leonore-mau.de\/produkt\/hubert-fichte-im-psychiatrischen-dorf-kenia\/#breadcrumb","itemListElement":[{"@type":"ListItem","position":1,"name":"Startseite","item":"https:\/\/leonore-mau.de\/en\/"},{"@type":"ListItem","position":2,"name":"Shop","item":"https:\/\/leonore-mau.de\/en\/shop-2\/"},{"@type":"ListItem","position":3,"name":"Hubert Fichte im psychiatrischen Dorf Kenia"}]},{"@type":"WebSite","@id":"https:\/\/leonore-mau.de\/#website","url":"https:\/\/leonore-mau.de\/","name":"Leonore Mau","description":"Fotografin","potentialAction":[{"@type":"SearchAction","target":{"@type":"EntryPoint","urlTemplate":"https:\/\/leonore-mau.de\/?s={search_term_string}"},"query-input":{"@type":"PropertyValueSpecification","valueRequired":true,"valueName":"search_term_string"}}],"inLanguage":"en-US"}]}},"_links":{"self":[{"href":"https:\/\/leonore-mau.de\/en\/wp-json\/wp\/v2\/product\/1029","targetHints":{"allow":["GET"]}}],"collection":[{"href":"https:\/\/leonore-mau.de\/en\/wp-json\/wp\/v2\/product"}],"about":[{"href":"https:\/\/leonore-mau.de\/en\/wp-json\/wp\/v2\/types\/product"}],"wp:featuredmedia":[{"embeddable":true,"href":"https:\/\/leonore-mau.de\/en\/wp-json\/wp\/v2\/media\/477"}],"wp:attachment":[{"href":"https:\/\/leonore-mau.de\/en\/wp-json\/wp\/v2\/media?parent=1029"}],"wp:term":[{"taxonomy":"product_brand","embeddable":true,"href":"https:\/\/leonore-mau.de\/en\/wp-json\/wp\/v2\/product_brand?post=1029"},{"taxonomy":"product_cat","embeddable":true,"href":"https:\/\/leonore-mau.de\/en\/wp-json\/wp\/v2\/product_cat?post=1029"},{"taxonomy":"product_tag","embeddable":true,"href":"https:\/\/leonore-mau.de\/en\/wp-json\/wp\/v2\/product_tag?post=1029"}],"curies":[{"name":"wp","href":"https:\/\/api.w.org\/{rel}","templated":true}]}}