{"id":1046,"date":"2022-07-11T15:16:34","date_gmt":"2022-07-11T13:16:34","guid":{"rendered":"https:\/\/leonore-mau.de\/produkt\/ohne-titel-dame-in-einem-fast-food-restaurant\/"},"modified":"2022-09-13T23:10:53","modified_gmt":"2022-09-13T21:10:53","slug":"ohne-titel-dame-in-einem-fast-food-restaurant","status":"publish","type":"product","link":"https:\/\/leonore-mau.de\/en\/produkt\/ohne-titel-dame-in-einem-fast-food-restaurant\/","title":{"rendered":"Ohne Titel (Dame in einem Fast Food Restaurant)"},"content":{"rendered":"<p>\u00c4ltere Dame sitzend in einem Fast Food Restaurant. Ihr Haar ist hochgesteckt. Sie h\u00e4lt ein Portemonnaie in der Hand. Auf dem Tresen liegt verpacktes Essen. Referenz: Leonore Mau, Portr\u00e4ts, Brinkmann &#038; Bose, 2016 R\u00fcckseitenbeschriftung: &#8220;South Miami beach&#8221;<\/p>\n","protected":false},"excerpt":{"rendered":"<p>\u00c4ltere Dame sitzend in einem Fast Food Restaurant. Ihr Haar ist hochgesteckt. Sie h\u00e4lt ein Portemonnaie in der Hand. Auf dem Tresen liegt verpacktes Essen. Referenz: Leonore Mau, Portr\u00e4ts, Brinkmann &#038; Bose, 2016 R\u00fcckseitenbeschriftung: &#8220;South Miami beach&#8221;<\/p>\n","protected":false},"featured_media":494,"template":"","meta":[],"product_brand":[],"product_cat":[4434,17],"product_tag":[78,2372,22,24,21,23,80,1295,1296,84,1297,1298,2400,2401,908,2366,43,44,354,2331,2332,2333,2412,2413,2414,70,71,2415,2416,2417,2418,2419,105,107,2420,93,92,94,91,2421,2422,95,536,537,538,539,540,541,542,106,108,417],"class_list":{"0":"post-1046","1":"product","2":"type-product","3":"status-publish","4":"has-post-thumbnail","6":"product_cat-juedisches-viertel-miami","7":"product_cat-unkategorisiert","8":"product_tag-1970er-jahre","9":"product_tag-2-3-2_juedisches-viertel-miami","10":"product_tag-20-jahrhundert-nach-chr","11":"product_tag-20-jh-n-chr","12":"product_tag-20-jahrhundert","13":"product_tag-20-jh","14":"product_tag-70er","15":"product_tag-armbanduhr","16":"product_tag-armbanduhren","17":"product_tag-ausland","18":"product_tag-brille","19":"product_tag-brillen","20":"product_tag-dame","21":"product_tag-damen","22":"product_tag-essen","23":"product_tag-florida","24":"product_tag-fotografin","25":"product_tag-fotografinnen","26":"product_tag-frau","27":"product_tag-freizeit","28":"product_tag-freizeitbeschaeftigung","29":"product_tag-freizeitgestaltung","30":"product_tag-geldbeutel","31":"product_tag-geldboerse","32":"product_tag-geldboersen","33":"product_tag-photographin","34":"product_tag-photographinnen","35":"product_tag-portemonnaie","36":"product_tag-portmonee","37":"product_tag-portmonnee","38":"product_tag-rentnerin","39":"product_tag-rentnerinnen","40":"product_tag-s-w-fotografie","41":"product_tag-s-w-photographie","42":"product_tag-schnellimbiss","43":"product_tag-schwarzweissphotographie","44":"product_tag-schwarz-weiss-fotografie","45":"product_tag-schwarz-weiss-photographie","46":"product_tag-schwarzweissfotografie","47":"product_tag-seniorin","48":"product_tag-seniorinnen","49":"product_tag-siebziger","50":"product_tag-sitzen","51":"product_tag-sitzend","52":"product_tag-sitzende","53":"product_tag-sitzenden","54":"product_tag-sitzender","55":"product_tag-sitzendes","56":"product_tag-sitzt","57":"product_tag-sw-fotografie","58":"product_tag-sw-photographie","59":"product_tag-usa","61":"first","62":"instock","63":"shipping-taxable","64":"product-type-simple"},"yoast_head":"<!-- This site is optimized with the Yoast SEO plugin v27.3 - https:\/\/yoast.com\/product\/yoast-seo-wordpress\/ -->\n<title>Ohne Titel (Dame in einem Fast Food Restaurant) - Leonore Mau<\/title>\n<meta name=\"robots\" content=\"index, follow, max-snippet:-1, max-image-preview:large, max-video-preview:-1\" \/>\n<link rel=\"canonical\" href=\"https:\/\/leonore-mau.de\/produkt\/ohne-titel-dame-in-einem-fast-food-restaurant\/\" \/>\n<meta property=\"og:locale\" content=\"en_US\" \/>\n<meta property=\"og:type\" content=\"article\" \/>\n<meta property=\"og:title\" content=\"Ohne Titel (Dame in einem Fast Food Restaurant) - Leonore Mau\" \/>\n<meta property=\"og:description\" content=\"\u00c4ltere Dame sitzend in einem Fast Food Restaurant. Ihr Haar ist hochgesteckt. Sie h\u00e4lt ein Portemonnaie in der Hand. Auf dem Tresen liegt verpacktes Essen. Referenz: Leonore Mau, Portr\u00e4ts, Brinkmann &#038; Bose, 2016 R\u00fcckseitenbeschriftung: &#8220;South Miami beach&#8221;\" \/>\n<meta property=\"og:url\" content=\"https:\/\/leonore-mau.de\/produkt\/ohne-titel-dame-in-einem-fast-food-restaurant\/\" \/>\n<meta property=\"og:site_name\" content=\"Leonore Mau\" \/>\n<meta property=\"article:modified_time\" content=\"2022-09-13T21:10:53+00:00\" \/>\n<meta property=\"og:image\" content=\"https:\/\/leonore-mau.de\/wp-content\/uploads\/2022\/07\/70366386.jpg\" \/>\n\t<meta property=\"og:image:width\" content=\"1200\" \/>\n\t<meta property=\"og:image:height\" content=\"923\" \/>\n\t<meta property=\"og:image:type\" content=\"image\/jpeg\" \/>\n<meta name=\"twitter:card\" content=\"summary_large_image\" \/>\n<script type=\"application\/ld+json\" class=\"yoast-schema-graph\">{\"@context\":\"https:\\\/\\\/schema.org\",\"@graph\":[{\"@type\":\"WebPage\",\"@id\":\"https:\\\/\\\/leonore-mau.de\\\/produkt\\\/ohne-titel-dame-in-einem-fast-food-restaurant\\\/\",\"url\":\"https:\\\/\\\/leonore-mau.de\\\/produkt\\\/ohne-titel-dame-in-einem-fast-food-restaurant\\\/\",\"name\":\"Ohne Titel (Dame in einem Fast Food Restaurant) - Leonore Mau\",\"isPartOf\":{\"@id\":\"https:\\\/\\\/leonore-mau.de\\\/#website\"},\"primaryImageOfPage\":{\"@id\":\"https:\\\/\\\/leonore-mau.de\\\/produkt\\\/ohne-titel-dame-in-einem-fast-food-restaurant\\\/#primaryimage\"},\"image\":{\"@id\":\"https:\\\/\\\/leonore-mau.de\\\/produkt\\\/ohne-titel-dame-in-einem-fast-food-restaurant\\\/#primaryimage\"},\"thumbnailUrl\":\"https:\\\/\\\/leonore-mau.de\\\/wp-content\\\/uploads\\\/2022\\\/07\\\/70366386.jpg\",\"datePublished\":\"2022-07-11T13:16:34+00:00\",\"dateModified\":\"2022-09-13T21:10:53+00:00\",\"breadcrumb\":{\"@id\":\"https:\\\/\\\/leonore-mau.de\\\/produkt\\\/ohne-titel-dame-in-einem-fast-food-restaurant\\\/#breadcrumb\"},\"inLanguage\":\"en-US\",\"potentialAction\":[{\"@type\":\"ReadAction\",\"target\":[\"https:\\\/\\\/leonore-mau.de\\\/produkt\\\/ohne-titel-dame-in-einem-fast-food-restaurant\\\/\"]}]},{\"@type\":\"ImageObject\",\"inLanguage\":\"en-US\",\"@id\":\"https:\\\/\\\/leonore-mau.de\\\/produkt\\\/ohne-titel-dame-in-einem-fast-food-restaurant\\\/#primaryimage\",\"url\":\"https:\\\/\\\/leonore-mau.de\\\/wp-content\\\/uploads\\\/2022\\\/07\\\/70366386.jpg\",\"contentUrl\":\"https:\\\/\\\/leonore-mau.de\\\/wp-content\\\/uploads\\\/2022\\\/07\\\/70366386.jpg\",\"width\":1200,\"height\":923,\"caption\":\"\u00c4ltere Dame sitzend in einem Fast Food Restaurant. Ihr Haar ist hochgesteckt. Sie h\u00e4lt ein Portemonnaie in der Hand. Auf dem Tresen liegt verpacktes Essen. Referenz: Leonore Mau, Portr\u00e4ts, Brinkmann &amp; Bose, 2016 R\u00fcckseitenbeschriftung: \\\"South Miami beach\\\" Aufnahmedatum: 1977 Material\\\/Technik: Foto \\\/ Silbergelatine auf PE-Papier Bildformat (Foto): 23,3 x 30,3 cm Aufnahmeort: Miami Inventar-Nr.: LM-501317\"},{\"@type\":\"BreadcrumbList\",\"@id\":\"https:\\\/\\\/leonore-mau.de\\\/produkt\\\/ohne-titel-dame-in-einem-fast-food-restaurant\\\/#breadcrumb\",\"itemListElement\":[{\"@type\":\"ListItem\",\"position\":1,\"name\":\"Startseite\",\"item\":\"https:\\\/\\\/leonore-mau.de\\\/en\\\/\"},{\"@type\":\"ListItem\",\"position\":2,\"name\":\"Shop\",\"item\":\"https:\\\/\\\/leonore-mau.de\\\/en\\\/shop-2\\\/\"},{\"@type\":\"ListItem\",\"position\":3,\"name\":\"Ohne Titel (Dame in einem Fast Food Restaurant)\"}]},{\"@type\":\"WebSite\",\"@id\":\"https:\\\/\\\/leonore-mau.de\\\/#website\",\"url\":\"https:\\\/\\\/leonore-mau.de\\\/\",\"name\":\"Leonore Mau\",\"description\":\"Fotografin\",\"potentialAction\":[{\"@type\":\"SearchAction\",\"target\":{\"@type\":\"EntryPoint\",\"urlTemplate\":\"https:\\\/\\\/leonore-mau.de\\\/?s={search_term_string}\"},\"query-input\":{\"@type\":\"PropertyValueSpecification\",\"valueRequired\":true,\"valueName\":\"search_term_string\"}}],\"inLanguage\":\"en-US\"}]}<\/script>\n<!-- \/ Yoast SEO plugin. -->","yoast_head_json":{"title":"Ohne Titel (Dame in einem Fast Food Restaurant) - Leonore Mau","robots":{"index":"index","follow":"follow","max-snippet":"max-snippet:-1","max-image-preview":"max-image-preview:large","max-video-preview":"max-video-preview:-1"},"canonical":"https:\/\/leonore-mau.de\/produkt\/ohne-titel-dame-in-einem-fast-food-restaurant\/","og_locale":"en_US","og_type":"article","og_title":"Ohne Titel (Dame in einem Fast Food Restaurant) - Leonore Mau","og_description":"\u00c4ltere Dame sitzend in einem Fast Food Restaurant. Ihr Haar ist hochgesteckt. Sie h\u00e4lt ein Portemonnaie in der Hand. Auf dem Tresen liegt verpacktes Essen. Referenz: Leonore Mau, Portr\u00e4ts, Brinkmann &#038; Bose, 2016 R\u00fcckseitenbeschriftung: &#8220;South Miami beach&#8221;","og_url":"https:\/\/leonore-mau.de\/produkt\/ohne-titel-dame-in-einem-fast-food-restaurant\/","og_site_name":"Leonore Mau","article_modified_time":"2022-09-13T21:10:53+00:00","og_image":[{"width":1200,"height":923,"url":"https:\/\/leonore-mau.de\/wp-content\/uploads\/2022\/07\/70366386.jpg","type":"image\/jpeg"}],"twitter_card":"summary_large_image","schema":{"@context":"https:\/\/schema.org","@graph":[{"@type":"WebPage","@id":"https:\/\/leonore-mau.de\/produkt\/ohne-titel-dame-in-einem-fast-food-restaurant\/","url":"https:\/\/leonore-mau.de\/produkt\/ohne-titel-dame-in-einem-fast-food-restaurant\/","name":"Ohne Titel (Dame in einem Fast Food Restaurant) - Leonore Mau","isPartOf":{"@id":"https:\/\/leonore-mau.de\/#website"},"primaryImageOfPage":{"@id":"https:\/\/leonore-mau.de\/produkt\/ohne-titel-dame-in-einem-fast-food-restaurant\/#primaryimage"},"image":{"@id":"https:\/\/leonore-mau.de\/produkt\/ohne-titel-dame-in-einem-fast-food-restaurant\/#primaryimage"},"thumbnailUrl":"https:\/\/leonore-mau.de\/wp-content\/uploads\/2022\/07\/70366386.jpg","datePublished":"2022-07-11T13:16:34+00:00","dateModified":"2022-09-13T21:10:53+00:00","breadcrumb":{"@id":"https:\/\/leonore-mau.de\/produkt\/ohne-titel-dame-in-einem-fast-food-restaurant\/#breadcrumb"},"inLanguage":"en-US","potentialAction":[{"@type":"ReadAction","target":["https:\/\/leonore-mau.de\/produkt\/ohne-titel-dame-in-einem-fast-food-restaurant\/"]}]},{"@type":"ImageObject","inLanguage":"en-US","@id":"https:\/\/leonore-mau.de\/produkt\/ohne-titel-dame-in-einem-fast-food-restaurant\/#primaryimage","url":"https:\/\/leonore-mau.de\/wp-content\/uploads\/2022\/07\/70366386.jpg","contentUrl":"https:\/\/leonore-mau.de\/wp-content\/uploads\/2022\/07\/70366386.jpg","width":1200,"height":923,"caption":"\u00c4ltere Dame sitzend in einem Fast Food Restaurant. Ihr Haar ist hochgesteckt. Sie h\u00e4lt ein Portemonnaie in der Hand. Auf dem Tresen liegt verpacktes Essen. Referenz: Leonore Mau, Portr\u00e4ts, Brinkmann &amp; Bose, 2016 R\u00fcckseitenbeschriftung: \"South Miami beach\" Aufnahmedatum: 1977 Material\/Technik: Foto \/ Silbergelatine auf PE-Papier Bildformat (Foto): 23,3 x 30,3 cm Aufnahmeort: Miami Inventar-Nr.: LM-501317"},{"@type":"BreadcrumbList","@id":"https:\/\/leonore-mau.de\/produkt\/ohne-titel-dame-in-einem-fast-food-restaurant\/#breadcrumb","itemListElement":[{"@type":"ListItem","position":1,"name":"Startseite","item":"https:\/\/leonore-mau.de\/en\/"},{"@type":"ListItem","position":2,"name":"Shop","item":"https:\/\/leonore-mau.de\/en\/shop-2\/"},{"@type":"ListItem","position":3,"name":"Ohne Titel (Dame in einem Fast Food Restaurant)"}]},{"@type":"WebSite","@id":"https:\/\/leonore-mau.de\/#website","url":"https:\/\/leonore-mau.de\/","name":"Leonore Mau","description":"Fotografin","potentialAction":[{"@type":"SearchAction","target":{"@type":"EntryPoint","urlTemplate":"https:\/\/leonore-mau.de\/?s={search_term_string}"},"query-input":{"@type":"PropertyValueSpecification","valueRequired":true,"valueName":"search_term_string"}}],"inLanguage":"en-US"}]}},"_links":{"self":[{"href":"https:\/\/leonore-mau.de\/en\/wp-json\/wp\/v2\/product\/1046","targetHints":{"allow":["GET"]}}],"collection":[{"href":"https:\/\/leonore-mau.de\/en\/wp-json\/wp\/v2\/product"}],"about":[{"href":"https:\/\/leonore-mau.de\/en\/wp-json\/wp\/v2\/types\/product"}],"wp:featuredmedia":[{"embeddable":true,"href":"https:\/\/leonore-mau.de\/en\/wp-json\/wp\/v2\/media\/494"}],"wp:attachment":[{"href":"https:\/\/leonore-mau.de\/en\/wp-json\/wp\/v2\/media?parent=1046"}],"wp:term":[{"taxonomy":"product_brand","embeddable":true,"href":"https:\/\/leonore-mau.de\/en\/wp-json\/wp\/v2\/product_brand?post=1046"},{"taxonomy":"product_cat","embeddable":true,"href":"https:\/\/leonore-mau.de\/en\/wp-json\/wp\/v2\/product_cat?post=1046"},{"taxonomy":"product_tag","embeddable":true,"href":"https:\/\/leonore-mau.de\/en\/wp-json\/wp\/v2\/product_tag?post=1046"}],"curies":[{"name":"wp","href":"https:\/\/api.w.org\/{rel}","templated":true}]}}