{"id":1052,"date":"2022-07-11T15:16:34","date_gmt":"2022-07-11T13:16:34","guid":{"rendered":"https:\/\/leonore-mau.de\/produkt\/ohne-titel-religises-fest-in-sungudu\/"},"modified":"2022-09-13T23:10:55","modified_gmt":"2022-09-13T21:10:55","slug":"ohne-titel-religises-fest-in-sungudu","status":"publish","type":"product","link":"https:\/\/leonore-mau.de\/en\/produkt\/ohne-titel-religises-fest-in-sungudu\/","title":{"rendered":"Ohne Titel (Religi\u00f6ses Fest in Sungudu)"},"content":{"rendered":"<p>Religi\u00f6ses Fest in Sungudu. Tanzende Leute. Die Frau im Vordergrund hat ihr Kind auf dem R\u00fccken gebunden. Referenz: Ronald Kay, Die Kinder Herodots, S. Fischer Verlag GmbH, 2006<\/p>\n","protected":false},"excerpt":{"rendered":"<p>Religi\u00f6ses Fest in Sungudu. Tanzende Leute. Die Frau im Vordergrund hat ihr Kind auf dem R\u00fccken gebunden. Referenz: Ronald Kay, Die Kinder Herodots, S. Fischer Verlag GmbH, 2006<\/p>\n","protected":false},"featured_media":500,"template":"","meta":[],"product_brand":[],"product_cat":[17,4445],"product_tag":[78,22,24,21,23,1440,80,939,1352,2437,2438,940,84,1008,1009,2439,2440,2441,2442,2443,2444,2445,2446,2447,43,44,354,1439,169,859,188,189,192,193,194,195,196,677,70,71,525,526,1013,1014,1015,1016,1017,1018,1019,624,625,95,1021,1022,1023,1024,1025,1026,1611,1612,1613,1614,1615,1616,1617,558,559,626,957,958,1032,1033,1034,1035,1036,1037,1038,1039],"class_list":{"0":"post-1052","1":"product","2":"type-product","3":"status-publish","4":"has-post-thumbnail","6":"product_cat-unkategorisiert","7":"product_cat-westafrika","8":"product_tag-1970er-jahre","9":"product_tag-20-jahrhundert-nach-chr","10":"product_tag-20-jh-n-chr","11":"product_tag-20-jahrhundert","12":"product_tag-20-jh","13":"product_tag-4-5_westafrika","14":"product_tag-70er","15":"product_tag-afrika","16":"product_tag-afrikaner","17":"product_tag-afrikanerin","18":"product_tag-afrikanerinnen","19":"product_tag-afrikas","20":"product_tag-ausland","21":"product_tag-ceremonie","22":"product_tag-ceremonien","23":"product_tag-fest","24":"product_tag-festlich","25":"product_tag-festliche","26":"product_tag-festlichem","27":"product_tag-festlichen","28":"product_tag-festlicher","29":"product_tag-festliches","30":"product_tag-festlichkeit","31":"product_tag-festlichkeiten","32":"product_tag-fotografin","33":"product_tag-fotografinnen","34":"product_tag-frau","35":"product_tag-herodot","36":"product_tag-kind","37":"product_tag-kleinkind","38":"product_tag-kopfbedeckung","39":"product_tag-kopfbedeckungen","40":"product_tag-menschenansammlung","41":"product_tag-menschenauflauf","42":"product_tag-menschenmassen","43":"product_tag-menschenmenge","44":"product_tag-menschenschar","45":"product_tag-mutter-und-kind","46":"product_tag-photographin","47":"product_tag-photographinnen","48":"product_tag-religion","49":"product_tag-religionen","50":"product_tag-ritual","51":"product_tag-rituale","52":"product_tag-rituell","53":"product_tag-rituelle","54":"product_tag-rituellen","55":"product_tag-ritueller","56":"product_tag-rituelles","57":"product_tag-rueckansicht","58":"product_tag-rueckseite","59":"product_tag-siebziger","60":"product_tag-spiritualitaet","61":"product_tag-spirituell","62":"product_tag-spirituelle","63":"product_tag-spirituellen","64":"product_tag-spiritueller","65":"product_tag-spirituelles","66":"product_tag-tanz","67":"product_tag-tanzen","68":"product_tag-tanzend","69":"product_tag-tanzende","70":"product_tag-tanzenden","71":"product_tag-tanzender","72":"product_tag-tanzendes","73":"product_tag-turban","74":"product_tag-turbane","75":"product_tag-von-hinten","76":"product_tag-westafrika","77":"product_tag-westafrikas","78":"product_tag-zeremonie","79":"product_tag-zeremoniell","80":"product_tag-zeremonielle","81":"product_tag-zeremoniellem","82":"product_tag-zeremoniellen","83":"product_tag-zeremonieller","84":"product_tag-zeremonielles","85":"product_tag-zeremonien","87":"first","88":"instock","89":"shipping-taxable","90":"product-type-simple"},"yoast_head":"<!-- This site is optimized with the Yoast SEO plugin v27.3 - https:\/\/yoast.com\/product\/yoast-seo-wordpress\/ -->\n<title>Ohne Titel (Religi\u00f6ses Fest in Sungudu) - Leonore Mau<\/title>\n<meta name=\"robots\" content=\"index, follow, max-snippet:-1, max-image-preview:large, max-video-preview:-1\" \/>\n<link rel=\"canonical\" href=\"https:\/\/leonore-mau.de\/produkt\/ohne-titel-religises-fest-in-sungudu\/\" \/>\n<meta property=\"og:locale\" content=\"en_US\" \/>\n<meta property=\"og:type\" content=\"article\" \/>\n<meta property=\"og:title\" content=\"Ohne Titel (Religi\u00f6ses Fest in Sungudu) - Leonore Mau\" \/>\n<meta property=\"og:description\" content=\"Religi\u00f6ses Fest in Sungudu. Tanzende Leute. Die Frau im Vordergrund hat ihr Kind auf dem R\u00fccken gebunden. Referenz: Ronald Kay, Die Kinder Herodots, S. Fischer Verlag GmbH, 2006\" \/>\n<meta property=\"og:url\" content=\"https:\/\/leonore-mau.de\/produkt\/ohne-titel-religises-fest-in-sungudu\/\" \/>\n<meta property=\"og:site_name\" content=\"Leonore Mau\" \/>\n<meta property=\"article:modified_time\" content=\"2022-09-13T21:10:55+00:00\" \/>\n<meta property=\"og:image\" content=\"https:\/\/leonore-mau.de\/wp-content\/uploads\/2022\/07\/70366402.jpg\" \/>\n\t<meta property=\"og:image:width\" content=\"774\" \/>\n\t<meta property=\"og:image:height\" content=\"1200\" \/>\n\t<meta property=\"og:image:type\" content=\"image\/jpeg\" \/>\n<meta name=\"twitter:card\" content=\"summary_large_image\" \/>\n<script type=\"application\/ld+json\" class=\"yoast-schema-graph\">{\"@context\":\"https:\\\/\\\/schema.org\",\"@graph\":[{\"@type\":\"WebPage\",\"@id\":\"https:\\\/\\\/leonore-mau.de\\\/produkt\\\/ohne-titel-religises-fest-in-sungudu\\\/\",\"url\":\"https:\\\/\\\/leonore-mau.de\\\/produkt\\\/ohne-titel-religises-fest-in-sungudu\\\/\",\"name\":\"Ohne Titel (Religi\u00f6ses Fest in Sungudu) - Leonore Mau\",\"isPartOf\":{\"@id\":\"https:\\\/\\\/leonore-mau.de\\\/#website\"},\"primaryImageOfPage\":{\"@id\":\"https:\\\/\\\/leonore-mau.de\\\/produkt\\\/ohne-titel-religises-fest-in-sungudu\\\/#primaryimage\"},\"image\":{\"@id\":\"https:\\\/\\\/leonore-mau.de\\\/produkt\\\/ohne-titel-religises-fest-in-sungudu\\\/#primaryimage\"},\"thumbnailUrl\":\"https:\\\/\\\/leonore-mau.de\\\/wp-content\\\/uploads\\\/2022\\\/07\\\/70366402.jpg\",\"datePublished\":\"2022-07-11T13:16:34+00:00\",\"dateModified\":\"2022-09-13T21:10:55+00:00\",\"breadcrumb\":{\"@id\":\"https:\\\/\\\/leonore-mau.de\\\/produkt\\\/ohne-titel-religises-fest-in-sungudu\\\/#breadcrumb\"},\"inLanguage\":\"en-US\",\"potentialAction\":[{\"@type\":\"ReadAction\",\"target\":[\"https:\\\/\\\/leonore-mau.de\\\/produkt\\\/ohne-titel-religises-fest-in-sungudu\\\/\"]}]},{\"@type\":\"ImageObject\",\"inLanguage\":\"en-US\",\"@id\":\"https:\\\/\\\/leonore-mau.de\\\/produkt\\\/ohne-titel-religises-fest-in-sungudu\\\/#primaryimage\",\"url\":\"https:\\\/\\\/leonore-mau.de\\\/wp-content\\\/uploads\\\/2022\\\/07\\\/70366402.jpg\",\"contentUrl\":\"https:\\\/\\\/leonore-mau.de\\\/wp-content\\\/uploads\\\/2022\\\/07\\\/70366402.jpg\",\"width\":774,\"height\":1200,\"caption\":\"Religi\u00f6ses Fest in Sungudu. Tanzende Leute. Die Frau im Vordergrund hat ihr Kind auf dem R\u00fccken gebunden. Referenz: Ronald Kay, Die Kinder Herodots, S. Fischer Verlag GmbH, 2006 Aufnahmedatum: 1975 - 1978 Material\\\/Technik: Foto \\\/ Silbergelatine auf PE-Papier Bildformat (Foto): 23,7 x 30,7 cm Aufnahmeort: Sungudu \\\/ Benin Inventar-Nr.: LM-505314\"},{\"@type\":\"BreadcrumbList\",\"@id\":\"https:\\\/\\\/leonore-mau.de\\\/produkt\\\/ohne-titel-religises-fest-in-sungudu\\\/#breadcrumb\",\"itemListElement\":[{\"@type\":\"ListItem\",\"position\":1,\"name\":\"Startseite\",\"item\":\"https:\\\/\\\/leonore-mau.de\\\/en\\\/\"},{\"@type\":\"ListItem\",\"position\":2,\"name\":\"Shop\",\"item\":\"https:\\\/\\\/leonore-mau.de\\\/en\\\/shop-2\\\/\"},{\"@type\":\"ListItem\",\"position\":3,\"name\":\"Ohne Titel (Religi\u00f6ses Fest in Sungudu)\"}]},{\"@type\":\"WebSite\",\"@id\":\"https:\\\/\\\/leonore-mau.de\\\/#website\",\"url\":\"https:\\\/\\\/leonore-mau.de\\\/\",\"name\":\"Leonore Mau\",\"description\":\"Fotografin\",\"potentialAction\":[{\"@type\":\"SearchAction\",\"target\":{\"@type\":\"EntryPoint\",\"urlTemplate\":\"https:\\\/\\\/leonore-mau.de\\\/?s={search_term_string}\"},\"query-input\":{\"@type\":\"PropertyValueSpecification\",\"valueRequired\":true,\"valueName\":\"search_term_string\"}}],\"inLanguage\":\"en-US\"}]}<\/script>\n<!-- \/ Yoast SEO plugin. -->","yoast_head_json":{"title":"Ohne Titel (Religi\u00f6ses Fest in Sungudu) - Leonore Mau","robots":{"index":"index","follow":"follow","max-snippet":"max-snippet:-1","max-image-preview":"max-image-preview:large","max-video-preview":"max-video-preview:-1"},"canonical":"https:\/\/leonore-mau.de\/produkt\/ohne-titel-religises-fest-in-sungudu\/","og_locale":"en_US","og_type":"article","og_title":"Ohne Titel (Religi\u00f6ses Fest in Sungudu) - Leonore Mau","og_description":"Religi\u00f6ses Fest in Sungudu. Tanzende Leute. Die Frau im Vordergrund hat ihr Kind auf dem R\u00fccken gebunden. Referenz: Ronald Kay, Die Kinder Herodots, S. Fischer Verlag GmbH, 2006","og_url":"https:\/\/leonore-mau.de\/produkt\/ohne-titel-religises-fest-in-sungudu\/","og_site_name":"Leonore Mau","article_modified_time":"2022-09-13T21:10:55+00:00","og_image":[{"width":774,"height":1200,"url":"https:\/\/leonore-mau.de\/wp-content\/uploads\/2022\/07\/70366402.jpg","type":"image\/jpeg"}],"twitter_card":"summary_large_image","schema":{"@context":"https:\/\/schema.org","@graph":[{"@type":"WebPage","@id":"https:\/\/leonore-mau.de\/produkt\/ohne-titel-religises-fest-in-sungudu\/","url":"https:\/\/leonore-mau.de\/produkt\/ohne-titel-religises-fest-in-sungudu\/","name":"Ohne Titel (Religi\u00f6ses Fest in Sungudu) - Leonore Mau","isPartOf":{"@id":"https:\/\/leonore-mau.de\/#website"},"primaryImageOfPage":{"@id":"https:\/\/leonore-mau.de\/produkt\/ohne-titel-religises-fest-in-sungudu\/#primaryimage"},"image":{"@id":"https:\/\/leonore-mau.de\/produkt\/ohne-titel-religises-fest-in-sungudu\/#primaryimage"},"thumbnailUrl":"https:\/\/leonore-mau.de\/wp-content\/uploads\/2022\/07\/70366402.jpg","datePublished":"2022-07-11T13:16:34+00:00","dateModified":"2022-09-13T21:10:55+00:00","breadcrumb":{"@id":"https:\/\/leonore-mau.de\/produkt\/ohne-titel-religises-fest-in-sungudu\/#breadcrumb"},"inLanguage":"en-US","potentialAction":[{"@type":"ReadAction","target":["https:\/\/leonore-mau.de\/produkt\/ohne-titel-religises-fest-in-sungudu\/"]}]},{"@type":"ImageObject","inLanguage":"en-US","@id":"https:\/\/leonore-mau.de\/produkt\/ohne-titel-religises-fest-in-sungudu\/#primaryimage","url":"https:\/\/leonore-mau.de\/wp-content\/uploads\/2022\/07\/70366402.jpg","contentUrl":"https:\/\/leonore-mau.de\/wp-content\/uploads\/2022\/07\/70366402.jpg","width":774,"height":1200,"caption":"Religi\u00f6ses Fest in Sungudu. Tanzende Leute. Die Frau im Vordergrund hat ihr Kind auf dem R\u00fccken gebunden. Referenz: Ronald Kay, Die Kinder Herodots, S. Fischer Verlag GmbH, 2006 Aufnahmedatum: 1975 - 1978 Material\/Technik: Foto \/ Silbergelatine auf PE-Papier Bildformat (Foto): 23,7 x 30,7 cm Aufnahmeort: Sungudu \/ Benin Inventar-Nr.: LM-505314"},{"@type":"BreadcrumbList","@id":"https:\/\/leonore-mau.de\/produkt\/ohne-titel-religises-fest-in-sungudu\/#breadcrumb","itemListElement":[{"@type":"ListItem","position":1,"name":"Startseite","item":"https:\/\/leonore-mau.de\/en\/"},{"@type":"ListItem","position":2,"name":"Shop","item":"https:\/\/leonore-mau.de\/en\/shop-2\/"},{"@type":"ListItem","position":3,"name":"Ohne Titel (Religi\u00f6ses Fest in Sungudu)"}]},{"@type":"WebSite","@id":"https:\/\/leonore-mau.de\/#website","url":"https:\/\/leonore-mau.de\/","name":"Leonore Mau","description":"Fotografin","potentialAction":[{"@type":"SearchAction","target":{"@type":"EntryPoint","urlTemplate":"https:\/\/leonore-mau.de\/?s={search_term_string}"},"query-input":{"@type":"PropertyValueSpecification","valueRequired":true,"valueName":"search_term_string"}}],"inLanguage":"en-US"}]}},"_links":{"self":[{"href":"https:\/\/leonore-mau.de\/en\/wp-json\/wp\/v2\/product\/1052","targetHints":{"allow":["GET"]}}],"collection":[{"href":"https:\/\/leonore-mau.de\/en\/wp-json\/wp\/v2\/product"}],"about":[{"href":"https:\/\/leonore-mau.de\/en\/wp-json\/wp\/v2\/types\/product"}],"wp:featuredmedia":[{"embeddable":true,"href":"https:\/\/leonore-mau.de\/en\/wp-json\/wp\/v2\/media\/500"}],"wp:attachment":[{"href":"https:\/\/leonore-mau.de\/en\/wp-json\/wp\/v2\/media?parent=1052"}],"wp:term":[{"taxonomy":"product_brand","embeddable":true,"href":"https:\/\/leonore-mau.de\/en\/wp-json\/wp\/v2\/product_brand?post=1052"},{"taxonomy":"product_cat","embeddable":true,"href":"https:\/\/leonore-mau.de\/en\/wp-json\/wp\/v2\/product_cat?post=1052"},{"taxonomy":"product_tag","embeddable":true,"href":"https:\/\/leonore-mau.de\/en\/wp-json\/wp\/v2\/product_tag?post=1052"}],"curies":[{"name":"wp","href":"https:\/\/api.w.org\/{rel}","templated":true}]}}