{"id":1055,"date":"2022-07-11T15:16:35","date_gmt":"2022-07-11T13:16:35","guid":{"rendered":"https:\/\/leonore-mau.de\/produkt\/portrt-des-jungen-golan\/"},"modified":"2026-01-21T09:41:14","modified_gmt":"2026-01-21T08:41:14","slug":"portrt-des-jungen-golan","status":"publish","type":"product","link":"https:\/\/leonore-mau.de\/en\/produkt\/portrt-des-jungen-golan\/","title":{"rendered":"Portr\u00e4t des Jungen Golan"},"content":{"rendered":"<p>Portr\u00e4t des Jungen Golan im psychiatrischen Dorf von Kenia in Casamance, S\u00fcd-Senegal. Referenz: Ronald Kay, Die Kinder Herodots, S. Fischer Verlag GmbH, 2006 R\u00fcckseitenbeschriftung: &#8220;Golan lebt mit seiner Mutter in einem psychatrischen Dof &#8211; in Kenia, S\u00fcd-Senegal.&#8221;<\/p>\n","protected":false},"excerpt":{"rendered":"<p>Portr\u00e4t des Jungen Golan im psychiatrischen Dorf von Kenia in Casamance, S\u00fcd-Senegal. Referenz: Ronald Kay, Die Kinder Herodots, S. Fischer Verlag GmbH, 2006 R\u00fcckseitenbeschriftung: &#8220;Golan lebt mit seiner Mutter in einem psychatrischen Dof &#8211; in Kenia, S\u00fcd-Senegal.&#8221;<\/p>\n","protected":false},"featured_media":0,"template":"","meta":[],"product_brand":[],"product_cat":[4451,17],"product_tag":[78,22,24,21,23,1344,80,939,940,1353,1354,43,44,1358,1359,1953,2452,2453,2454,2455,2456,2457,2458,2459,1439,727,2460,2461,2462,2463,2464,2465,2466,169,1686,1687,70,71,580,581,1349,1350,105,107,93,92,94,91,1141,1467,1468,95,106,108,1116,957,958],"class_list":{"0":"post-1055","1":"product","2":"type-product","3":"status-publish","5":"product_cat-psychiatrische-doerfer","6":"product_cat-unkategorisiert","7":"product_tag-1970er-jahre","8":"product_tag-20-jahrhundert-nach-chr","9":"product_tag-20-jh-n-chr","10":"product_tag-20-jahrhundert","11":"product_tag-20-jh","12":"product_tag-7-1_psychiatrische-doerfer","13":"product_tag-70er","14":"product_tag-afrika","15":"product_tag-afrikas","16":"product_tag-angesicht","17":"product_tag-antlitz","18":"product_tag-fotografin","19":"product_tag-fotografinnen","20":"product_tag-gesicht","21":"product_tag-gesichter","22":"product_tag-glatze","23":"product_tag-glatzen","24":"product_tag-glatzkopf","25":"product_tag-glatzkoepfe","26":"product_tag-glatzkoepfig","27":"product_tag-glatzkoepfige","28":"product_tag-glatzkoepfigen","29":"product_tag-glatzkoepfiger","30":"product_tag-glatzkoepfiges","31":"product_tag-herodot","32":"product_tag-junge","33":"product_tag-kahlkopf","34":"product_tag-kahlkoepfig","35":"product_tag-kahlkoepfige","36":"product_tag-kahlkoepfigen","37":"product_tag-kahlkoepfiger","38":"product_tag-kahlkoepfiges","39":"product_tag-kahlkoepfigkeit","40":"product_tag-kind","41":"product_tag-patient","42":"product_tag-patienten","43":"product_tag-photographin","44":"product_tag-photographinnen","45":"product_tag-portrait","46":"product_tag-portraet","47":"product_tag-psyche","48":"product_tag-psychiatrie","49":"product_tag-s-w-fotografie","50":"product_tag-s-w-photographie","51":"product_tag-schwarzweissphotographie","52":"product_tag-schwarz-weiss-fotografie","53":"product_tag-schwarz-weiss-photographie","54":"product_tag-schwarzweissfotografie","55":"product_tag-senegal","56":"product_tag-senegalese","57":"product_tag-senegalesen","58":"product_tag-siebziger","59":"product_tag-sw-fotografie","60":"product_tag-sw-photographie","61":"product_tag-therapie","62":"product_tag-westafrika","63":"product_tag-westafrikas","65":"first","66":"instock","67":"shipping-taxable","68":"product-type-simple"},"yoast_head":"<!-- This site is optimized with the Yoast SEO plugin v27.3 - https:\/\/yoast.com\/product\/yoast-seo-wordpress\/ -->\n<title>Portr\u00e4t des Jungen Golan - Leonore Mau<\/title>\n<meta name=\"robots\" content=\"index, follow, max-snippet:-1, max-image-preview:large, max-video-preview:-1\" \/>\n<link rel=\"canonical\" href=\"https:\/\/leonore-mau.de\/produkt\/portrt-des-jungen-golan\/\" \/>\n<meta property=\"og:locale\" content=\"en_US\" \/>\n<meta property=\"og:type\" content=\"article\" \/>\n<meta property=\"og:title\" content=\"Portr\u00e4t des Jungen Golan - Leonore Mau\" \/>\n<meta property=\"og:description\" content=\"Portr\u00e4t des Jungen Golan im psychiatrischen Dorf von Kenia in Casamance, S\u00fcd-Senegal. Referenz: Ronald Kay, Die Kinder Herodots, S. Fischer Verlag GmbH, 2006 R\u00fcckseitenbeschriftung: &#8220;Golan lebt mit seiner Mutter in einem psychatrischen Dof &#8211; in Kenia, S\u00fcd-Senegal.&#8221;\" \/>\n<meta property=\"og:url\" content=\"https:\/\/leonore-mau.de\/produkt\/portrt-des-jungen-golan\/\" \/>\n<meta property=\"og:site_name\" content=\"Leonore Mau\" \/>\n<meta property=\"article:modified_time\" content=\"2026-01-21T08:41:14+00:00\" \/>\n<meta name=\"twitter:card\" content=\"summary_large_image\" \/>\n<meta name=\"twitter:label1\" content=\"Est. reading time\" \/>\n\t<meta name=\"twitter:data1\" content=\"1 minute\" \/>\n<script type=\"application\/ld+json\" class=\"yoast-schema-graph\">{\"@context\":\"https:\\\/\\\/schema.org\",\"@graph\":[{\"@type\":\"WebPage\",\"@id\":\"https:\\\/\\\/leonore-mau.de\\\/produkt\\\/portrt-des-jungen-golan\\\/\",\"url\":\"https:\\\/\\\/leonore-mau.de\\\/produkt\\\/portrt-des-jungen-golan\\\/\",\"name\":\"Portr\u00e4t des Jungen Golan - Leonore Mau\",\"isPartOf\":{\"@id\":\"https:\\\/\\\/leonore-mau.de\\\/#website\"},\"datePublished\":\"2022-07-11T13:16:35+00:00\",\"dateModified\":\"2026-01-21T08:41:14+00:00\",\"breadcrumb\":{\"@id\":\"https:\\\/\\\/leonore-mau.de\\\/produkt\\\/portrt-des-jungen-golan\\\/#breadcrumb\"},\"inLanguage\":\"en-US\",\"potentialAction\":[{\"@type\":\"ReadAction\",\"target\":[\"https:\\\/\\\/leonore-mau.de\\\/produkt\\\/portrt-des-jungen-golan\\\/\"]}]},{\"@type\":\"BreadcrumbList\",\"@id\":\"https:\\\/\\\/leonore-mau.de\\\/produkt\\\/portrt-des-jungen-golan\\\/#breadcrumb\",\"itemListElement\":[{\"@type\":\"ListItem\",\"position\":1,\"name\":\"Startseite\",\"item\":\"https:\\\/\\\/leonore-mau.de\\\/en\\\/\"},{\"@type\":\"ListItem\",\"position\":2,\"name\":\"Shop\",\"item\":\"https:\\\/\\\/leonore-mau.de\\\/en\\\/shop-2\\\/\"},{\"@type\":\"ListItem\",\"position\":3,\"name\":\"Portr\u00e4t des Jungen Golan\"}]},{\"@type\":\"WebSite\",\"@id\":\"https:\\\/\\\/leonore-mau.de\\\/#website\",\"url\":\"https:\\\/\\\/leonore-mau.de\\\/\",\"name\":\"Leonore Mau\",\"description\":\"Fotografin\",\"potentialAction\":[{\"@type\":\"SearchAction\",\"target\":{\"@type\":\"EntryPoint\",\"urlTemplate\":\"https:\\\/\\\/leonore-mau.de\\\/?s={search_term_string}\"},\"query-input\":{\"@type\":\"PropertyValueSpecification\",\"valueRequired\":true,\"valueName\":\"search_term_string\"}}],\"inLanguage\":\"en-US\"}]}<\/script>\n<!-- \/ Yoast SEO plugin. -->","yoast_head_json":{"title":"Portr\u00e4t des Jungen Golan - Leonore Mau","robots":{"index":"index","follow":"follow","max-snippet":"max-snippet:-1","max-image-preview":"max-image-preview:large","max-video-preview":"max-video-preview:-1"},"canonical":"https:\/\/leonore-mau.de\/produkt\/portrt-des-jungen-golan\/","og_locale":"en_US","og_type":"article","og_title":"Portr\u00e4t des Jungen Golan - Leonore Mau","og_description":"Portr\u00e4t des Jungen Golan im psychiatrischen Dorf von Kenia in Casamance, S\u00fcd-Senegal. Referenz: Ronald Kay, Die Kinder Herodots, S. Fischer Verlag GmbH, 2006 R\u00fcckseitenbeschriftung: &#8220;Golan lebt mit seiner Mutter in einem psychatrischen Dof &#8211; in Kenia, S\u00fcd-Senegal.&#8221;","og_url":"https:\/\/leonore-mau.de\/produkt\/portrt-des-jungen-golan\/","og_site_name":"Leonore Mau","article_modified_time":"2026-01-21T08:41:14+00:00","twitter_card":"summary_large_image","twitter_misc":{"Est. reading time":"1 minute"},"schema":{"@context":"https:\/\/schema.org","@graph":[{"@type":"WebPage","@id":"https:\/\/leonore-mau.de\/produkt\/portrt-des-jungen-golan\/","url":"https:\/\/leonore-mau.de\/produkt\/portrt-des-jungen-golan\/","name":"Portr\u00e4t des Jungen Golan - Leonore Mau","isPartOf":{"@id":"https:\/\/leonore-mau.de\/#website"},"datePublished":"2022-07-11T13:16:35+00:00","dateModified":"2026-01-21T08:41:14+00:00","breadcrumb":{"@id":"https:\/\/leonore-mau.de\/produkt\/portrt-des-jungen-golan\/#breadcrumb"},"inLanguage":"en-US","potentialAction":[{"@type":"ReadAction","target":["https:\/\/leonore-mau.de\/produkt\/portrt-des-jungen-golan\/"]}]},{"@type":"BreadcrumbList","@id":"https:\/\/leonore-mau.de\/produkt\/portrt-des-jungen-golan\/#breadcrumb","itemListElement":[{"@type":"ListItem","position":1,"name":"Startseite","item":"https:\/\/leonore-mau.de\/en\/"},{"@type":"ListItem","position":2,"name":"Shop","item":"https:\/\/leonore-mau.de\/en\/shop-2\/"},{"@type":"ListItem","position":3,"name":"Portr\u00e4t des Jungen Golan"}]},{"@type":"WebSite","@id":"https:\/\/leonore-mau.de\/#website","url":"https:\/\/leonore-mau.de\/","name":"Leonore Mau","description":"Fotografin","potentialAction":[{"@type":"SearchAction","target":{"@type":"EntryPoint","urlTemplate":"https:\/\/leonore-mau.de\/?s={search_term_string}"},"query-input":{"@type":"PropertyValueSpecification","valueRequired":true,"valueName":"search_term_string"}}],"inLanguage":"en-US"}]}},"_links":{"self":[{"href":"https:\/\/leonore-mau.de\/en\/wp-json\/wp\/v2\/product\/1055","targetHints":{"allow":["GET"]}}],"collection":[{"href":"https:\/\/leonore-mau.de\/en\/wp-json\/wp\/v2\/product"}],"about":[{"href":"https:\/\/leonore-mau.de\/en\/wp-json\/wp\/v2\/types\/product"}],"wp:attachment":[{"href":"https:\/\/leonore-mau.de\/en\/wp-json\/wp\/v2\/media?parent=1055"}],"wp:term":[{"taxonomy":"product_brand","embeddable":true,"href":"https:\/\/leonore-mau.de\/en\/wp-json\/wp\/v2\/product_brand?post=1055"},{"taxonomy":"product_cat","embeddable":true,"href":"https:\/\/leonore-mau.de\/en\/wp-json\/wp\/v2\/product_cat?post=1055"},{"taxonomy":"product_tag","embeddable":true,"href":"https:\/\/leonore-mau.de\/en\/wp-json\/wp\/v2\/product_tag?post=1055"}],"curies":[{"name":"wp","href":"https:\/\/api.w.org\/{rel}","templated":true}]}}