{"id":1056,"date":"2022-07-11T15:16:35","date_gmt":"2022-07-11T13:16:35","guid":{"rendered":"https:\/\/leonore-mau.de\/produkt\/touristin-und-mdchen-aus-st-georges\/"},"modified":"2022-09-13T23:10:57","modified_gmt":"2022-09-13T21:10:57","slug":"touristin-und-mdchen-aus-st-georges","status":"publish","type":"product","link":"https:\/\/leonore-mau.de\/en\/produkt\/touristin-und-mdchen-aus-st-georges\/","title":{"rendered":"Touristin und M\u00e4dchen aus St. George&#8217;s"},"content":{"rendered":"<p>Junges M\u00e4dchen wird an der rechten Schulter von einer \u00e4lteren Dame, sitzend auf einer Wiese, weggezogen. Referenz: Hubert Fichte und Leonore Mau, Petersilie, S. Fischer Verlag GmbH, 1980 R\u00fcckseitenbeschriftung: &#8220;Grenada 1979, Touristin und M\u00e4dchen aus St. George&#8217;s (Grenada)&#8221;<\/p>\n","protected":false},"excerpt":{"rendered":"<p>Junges M\u00e4dchen wird an der rechten Schulter von einer \u00e4lteren Dame, sitzend auf einer Wiese, weggezogen. Referenz: Hubert Fichte und Leonore Mau, Petersilie, S. Fischer Verlag GmbH, 1980 R\u00fcckseitenbeschriftung: &#8220;Grenada 1979, Touristin und M\u00e4dchen aus St. George&#8217;s (Grenada)&#8221;<\/p>\n","protected":false},"featured_media":504,"template":"","meta":[],"product_brand":[],"product_cat":[4436,17],"product_tag":[78,228,22,24,21,23,80,171,172,2327,2328,2096,2097,2098,2099,2400,43,44,354,1754,1755,1756,1757,905,910,1759,1760,188,189,623,1050,70,71,1851,1852,1407,1408,1853,1854,1409,1410,1411,1412,105,107,93,92,94,91,95,536,537,538,539,540,541,542,582,583,106,108,1520],"class_list":{"0":"post-1056","1":"product","2":"type-product","3":"status-publish","4":"has-post-thumbnail","6":"product_cat-strassenszenen","7":"product_cat-unkategorisiert","8":"product_tag-1970er-jahre","9":"product_tag-2-4_strassenszenen","10":"product_tag-20-jahrhundert-nach-chr","11":"product_tag-20-jh-n-chr","12":"product_tag-20-jahrhundert","13":"product_tag-20-jh","14":"product_tag-70er","15":"product_tag-aussenaufnahme","16":"product_tag-aussenaufnahmen","17":"product_tag-bettelei","18":"product_tag-betteln","19":"product_tag-bettelnd","20":"product_tag-bettelnde","21":"product_tag-bettelnder","22":"product_tag-bettelndes","23":"product_tag-dame","24":"product_tag-fotografin","25":"product_tag-fotografinnen","26":"product_tag-frau","27":"product_tag-gespraech","28":"product_tag-gespraeche","29":"product_tag-gespraeches","30":"product_tag-gespraechs","31":"product_tag-hand","32":"product_tag-kleid","33":"product_tag-konversation","34":"product_tag-konversationen","35":"product_tag-kopfbedeckung","36":"product_tag-kopfbedeckungen","37":"product_tag-maedchen","38":"product_tag-petersilie","39":"product_tag-photographin","40":"product_tag-photographinnen","41":"product_tag-profil","42":"product_tag-profilansicht","43":"product_tag-profilaufnahme","44":"product_tag-profilaufnahmen","45":"product_tag-profilbild","46":"product_tag-profilbildnis","47":"product_tag-profilfoto","48":"product_tag-profilfotos","49":"product_tag-profilphoto","50":"product_tag-profilphotos","51":"product_tag-s-w-fotografie","52":"product_tag-s-w-photographie","53":"product_tag-schwarzweissphotographie","54":"product_tag-schwarz-weiss-fotografie","55":"product_tag-schwarz-weiss-photographie","56":"product_tag-schwarzweissfotografie","57":"product_tag-siebziger","58":"product_tag-sitzen","59":"product_tag-sitzend","60":"product_tag-sitzende","61":"product_tag-sitzenden","62":"product_tag-sitzender","63":"product_tag-sitzendes","64":"product_tag-sitzt","65":"product_tag-sonnenbrille","66":"product_tag-sonnenbrillen","67":"product_tag-sw-fotografie","68":"product_tag-sw-photographie","69":"product_tag-wiese","71":"first","72":"instock","73":"shipping-taxable","74":"product-type-simple"},"yoast_head":"<!-- This site is optimized with the Yoast SEO plugin v27.3 - https:\/\/yoast.com\/product\/yoast-seo-wordpress\/ -->\n<title>Touristin und M\u00e4dchen aus St. George&#039;s - Leonore Mau<\/title>\n<meta name=\"robots\" content=\"index, follow, max-snippet:-1, max-image-preview:large, max-video-preview:-1\" \/>\n<link rel=\"canonical\" href=\"https:\/\/leonore-mau.de\/produkt\/touristin-und-mdchen-aus-st-georges\/\" \/>\n<meta property=\"og:locale\" content=\"en_US\" \/>\n<meta property=\"og:type\" content=\"article\" \/>\n<meta property=\"og:title\" content=\"Touristin und M\u00e4dchen aus St. George&#039;s - Leonore Mau\" \/>\n<meta property=\"og:description\" content=\"Junges M\u00e4dchen wird an der rechten Schulter von einer \u00e4lteren Dame, sitzend auf einer Wiese, weggezogen. Referenz: Hubert Fichte und Leonore Mau, Petersilie, S. Fischer Verlag GmbH, 1980 R\u00fcckseitenbeschriftung: &#8220;Grenada 1979, Touristin und M\u00e4dchen aus St. George&#8217;s (Grenada)&#8221;\" \/>\n<meta property=\"og:url\" content=\"https:\/\/leonore-mau.de\/produkt\/touristin-und-mdchen-aus-st-georges\/\" \/>\n<meta property=\"og:site_name\" content=\"Leonore Mau\" \/>\n<meta property=\"article:modified_time\" content=\"2022-09-13T21:10:57+00:00\" \/>\n<meta property=\"og:image\" content=\"https:\/\/leonore-mau.de\/wp-content\/uploads\/2022\/07\/70367250.jpg\" \/>\n\t<meta property=\"og:image:width\" content=\"1200\" \/>\n\t<meta property=\"og:image:height\" content=\"811\" \/>\n\t<meta property=\"og:image:type\" content=\"image\/jpeg\" \/>\n<meta name=\"twitter:card\" content=\"summary_large_image\" \/>\n<script type=\"application\/ld+json\" class=\"yoast-schema-graph\">{\"@context\":\"https:\\\/\\\/schema.org\",\"@graph\":[{\"@type\":\"WebPage\",\"@id\":\"https:\\\/\\\/leonore-mau.de\\\/produkt\\\/touristin-und-mdchen-aus-st-georges\\\/\",\"url\":\"https:\\\/\\\/leonore-mau.de\\\/produkt\\\/touristin-und-mdchen-aus-st-georges\\\/\",\"name\":\"Touristin und M\u00e4dchen aus St. George's - Leonore Mau\",\"isPartOf\":{\"@id\":\"https:\\\/\\\/leonore-mau.de\\\/#website\"},\"primaryImageOfPage\":{\"@id\":\"https:\\\/\\\/leonore-mau.de\\\/produkt\\\/touristin-und-mdchen-aus-st-georges\\\/#primaryimage\"},\"image\":{\"@id\":\"https:\\\/\\\/leonore-mau.de\\\/produkt\\\/touristin-und-mdchen-aus-st-georges\\\/#primaryimage\"},\"thumbnailUrl\":\"https:\\\/\\\/leonore-mau.de\\\/wp-content\\\/uploads\\\/2022\\\/07\\\/70367250.jpg\",\"datePublished\":\"2022-07-11T13:16:35+00:00\",\"dateModified\":\"2022-09-13T21:10:57+00:00\",\"breadcrumb\":{\"@id\":\"https:\\\/\\\/leonore-mau.de\\\/produkt\\\/touristin-und-mdchen-aus-st-georges\\\/#breadcrumb\"},\"inLanguage\":\"en-US\",\"potentialAction\":[{\"@type\":\"ReadAction\",\"target\":[\"https:\\\/\\\/leonore-mau.de\\\/produkt\\\/touristin-und-mdchen-aus-st-georges\\\/\"]}]},{\"@type\":\"ImageObject\",\"inLanguage\":\"en-US\",\"@id\":\"https:\\\/\\\/leonore-mau.de\\\/produkt\\\/touristin-und-mdchen-aus-st-georges\\\/#primaryimage\",\"url\":\"https:\\\/\\\/leonore-mau.de\\\/wp-content\\\/uploads\\\/2022\\\/07\\\/70367250.jpg\",\"contentUrl\":\"https:\\\/\\\/leonore-mau.de\\\/wp-content\\\/uploads\\\/2022\\\/07\\\/70367250.jpg\",\"width\":1200,\"height\":811,\"caption\":\"Junges M\u00e4dchen wird an der rechten Schulter von einer \u00e4lteren Dame, sitzend auf einer Wiese, weggezogen. Referenz: Hubert Fichte und Leonore Mau, Petersilie, S. Fischer Verlag GmbH, 1980 R\u00fcckseitenbeschriftung: \\\"Grenada 1979, Touristin und M\u00e4dchen aus St. George's (Grenada)\\\" Aufnahmedatum: 1979 Material\\\/Technik: Foto \\\/ Silbergelatine auf PE-Papier Bildformat (Foto): 27,3 x 40,3 cm Aufnahmeort: Grenada Inventar-Nr.: LM-506382\"},{\"@type\":\"BreadcrumbList\",\"@id\":\"https:\\\/\\\/leonore-mau.de\\\/produkt\\\/touristin-und-mdchen-aus-st-georges\\\/#breadcrumb\",\"itemListElement\":[{\"@type\":\"ListItem\",\"position\":1,\"name\":\"Startseite\",\"item\":\"https:\\\/\\\/leonore-mau.de\\\/en\\\/\"},{\"@type\":\"ListItem\",\"position\":2,\"name\":\"Shop\",\"item\":\"https:\\\/\\\/leonore-mau.de\\\/en\\\/shop-2\\\/\"},{\"@type\":\"ListItem\",\"position\":3,\"name\":\"Touristin und M\u00e4dchen aus St. George&#8217;s\"}]},{\"@type\":\"WebSite\",\"@id\":\"https:\\\/\\\/leonore-mau.de\\\/#website\",\"url\":\"https:\\\/\\\/leonore-mau.de\\\/\",\"name\":\"Leonore Mau\",\"description\":\"Fotografin\",\"potentialAction\":[{\"@type\":\"SearchAction\",\"target\":{\"@type\":\"EntryPoint\",\"urlTemplate\":\"https:\\\/\\\/leonore-mau.de\\\/?s={search_term_string}\"},\"query-input\":{\"@type\":\"PropertyValueSpecification\",\"valueRequired\":true,\"valueName\":\"search_term_string\"}}],\"inLanguage\":\"en-US\"}]}<\/script>\n<!-- \/ Yoast SEO plugin. -->","yoast_head_json":{"title":"Touristin und M\u00e4dchen aus St. George's - Leonore Mau","robots":{"index":"index","follow":"follow","max-snippet":"max-snippet:-1","max-image-preview":"max-image-preview:large","max-video-preview":"max-video-preview:-1"},"canonical":"https:\/\/leonore-mau.de\/produkt\/touristin-und-mdchen-aus-st-georges\/","og_locale":"en_US","og_type":"article","og_title":"Touristin und M\u00e4dchen aus St. George's - Leonore Mau","og_description":"Junges M\u00e4dchen wird an der rechten Schulter von einer \u00e4lteren Dame, sitzend auf einer Wiese, weggezogen. Referenz: Hubert Fichte und Leonore Mau, Petersilie, S. Fischer Verlag GmbH, 1980 R\u00fcckseitenbeschriftung: &#8220;Grenada 1979, Touristin und M\u00e4dchen aus St. George&#8217;s (Grenada)&#8221;","og_url":"https:\/\/leonore-mau.de\/produkt\/touristin-und-mdchen-aus-st-georges\/","og_site_name":"Leonore Mau","article_modified_time":"2022-09-13T21:10:57+00:00","og_image":[{"width":1200,"height":811,"url":"https:\/\/leonore-mau.de\/wp-content\/uploads\/2022\/07\/70367250.jpg","type":"image\/jpeg"}],"twitter_card":"summary_large_image","schema":{"@context":"https:\/\/schema.org","@graph":[{"@type":"WebPage","@id":"https:\/\/leonore-mau.de\/produkt\/touristin-und-mdchen-aus-st-georges\/","url":"https:\/\/leonore-mau.de\/produkt\/touristin-und-mdchen-aus-st-georges\/","name":"Touristin und M\u00e4dchen aus St. George's - Leonore Mau","isPartOf":{"@id":"https:\/\/leonore-mau.de\/#website"},"primaryImageOfPage":{"@id":"https:\/\/leonore-mau.de\/produkt\/touristin-und-mdchen-aus-st-georges\/#primaryimage"},"image":{"@id":"https:\/\/leonore-mau.de\/produkt\/touristin-und-mdchen-aus-st-georges\/#primaryimage"},"thumbnailUrl":"https:\/\/leonore-mau.de\/wp-content\/uploads\/2022\/07\/70367250.jpg","datePublished":"2022-07-11T13:16:35+00:00","dateModified":"2022-09-13T21:10:57+00:00","breadcrumb":{"@id":"https:\/\/leonore-mau.de\/produkt\/touristin-und-mdchen-aus-st-georges\/#breadcrumb"},"inLanguage":"en-US","potentialAction":[{"@type":"ReadAction","target":["https:\/\/leonore-mau.de\/produkt\/touristin-und-mdchen-aus-st-georges\/"]}]},{"@type":"ImageObject","inLanguage":"en-US","@id":"https:\/\/leonore-mau.de\/produkt\/touristin-und-mdchen-aus-st-georges\/#primaryimage","url":"https:\/\/leonore-mau.de\/wp-content\/uploads\/2022\/07\/70367250.jpg","contentUrl":"https:\/\/leonore-mau.de\/wp-content\/uploads\/2022\/07\/70367250.jpg","width":1200,"height":811,"caption":"Junges M\u00e4dchen wird an der rechten Schulter von einer \u00e4lteren Dame, sitzend auf einer Wiese, weggezogen. Referenz: Hubert Fichte und Leonore Mau, Petersilie, S. Fischer Verlag GmbH, 1980 R\u00fcckseitenbeschriftung: \"Grenada 1979, Touristin und M\u00e4dchen aus St. George's (Grenada)\" Aufnahmedatum: 1979 Material\/Technik: Foto \/ Silbergelatine auf PE-Papier Bildformat (Foto): 27,3 x 40,3 cm Aufnahmeort: Grenada Inventar-Nr.: LM-506382"},{"@type":"BreadcrumbList","@id":"https:\/\/leonore-mau.de\/produkt\/touristin-und-mdchen-aus-st-georges\/#breadcrumb","itemListElement":[{"@type":"ListItem","position":1,"name":"Startseite","item":"https:\/\/leonore-mau.de\/en\/"},{"@type":"ListItem","position":2,"name":"Shop","item":"https:\/\/leonore-mau.de\/en\/shop-2\/"},{"@type":"ListItem","position":3,"name":"Touristin und M\u00e4dchen aus St. George&#8217;s"}]},{"@type":"WebSite","@id":"https:\/\/leonore-mau.de\/#website","url":"https:\/\/leonore-mau.de\/","name":"Leonore Mau","description":"Fotografin","potentialAction":[{"@type":"SearchAction","target":{"@type":"EntryPoint","urlTemplate":"https:\/\/leonore-mau.de\/?s={search_term_string}"},"query-input":{"@type":"PropertyValueSpecification","valueRequired":true,"valueName":"search_term_string"}}],"inLanguage":"en-US"}]}},"_links":{"self":[{"href":"https:\/\/leonore-mau.de\/en\/wp-json\/wp\/v2\/product\/1056","targetHints":{"allow":["GET"]}}],"collection":[{"href":"https:\/\/leonore-mau.de\/en\/wp-json\/wp\/v2\/product"}],"about":[{"href":"https:\/\/leonore-mau.de\/en\/wp-json\/wp\/v2\/types\/product"}],"wp:featuredmedia":[{"embeddable":true,"href":"https:\/\/leonore-mau.de\/en\/wp-json\/wp\/v2\/media\/504"}],"wp:attachment":[{"href":"https:\/\/leonore-mau.de\/en\/wp-json\/wp\/v2\/media?parent=1056"}],"wp:term":[{"taxonomy":"product_brand","embeddable":true,"href":"https:\/\/leonore-mau.de\/en\/wp-json\/wp\/v2\/product_brand?post=1056"},{"taxonomy":"product_cat","embeddable":true,"href":"https:\/\/leonore-mau.de\/en\/wp-json\/wp\/v2\/product_cat?post=1056"},{"taxonomy":"product_tag","embeddable":true,"href":"https:\/\/leonore-mau.de\/en\/wp-json\/wp\/v2\/product_tag?post=1056"}],"curies":[{"name":"wp","href":"https:\/\/api.w.org\/{rel}","templated":true}]}}