{"id":1059,"date":"2022-07-11T15:16:35","date_gmt":"2022-07-11T13:16:35","guid":{"rendered":"https:\/\/leonore-mau.de\/produkt\/ohne-titel-maria-lionza-ritus\/"},"modified":"2022-09-13T23:10:58","modified_gmt":"2022-09-13T21:10:58","slug":"ohne-titel-maria-lionza-ritus","status":"publish","type":"product","link":"https:\/\/leonore-mau.de\/en\/produkt\/ohne-titel-maria-lionza-ritus\/","title":{"rendered":"Ohne Titel (Maria-Lionza-Ritus)"},"content":{"rendered":"<p>&#8220;Das Feuerlaufen spielt eine wichtige Rolle in der Maria-Lionza-Religion. Es wird besonders zu den Festen der afrikanischen Gottheit Ogum und zur Zeremonie f\u00fcr den Befreier Simon Bolivar veranstaltet. Die Gemeindemitglieder bereiten ein Beet aus gl\u00fchenden Holzkohlen. Hier tanzt der Priester Freddy Ledezma etwa eine Stunde \u00fcber die immer wieder erneuerten Holzkohlen.&#8221;  Referenz: Hubert Fichte und Leonore Mau, Petersilie, S. Fischer Verlag GmbH, 1980<\/p>\n","protected":false},"excerpt":{"rendered":"<p>&#8220;Das Feuerlaufen spielt eine wichtige Rolle in der Maria-Lionza-Religion. Es wird besonders zu den Festen der afrikanischen Gottheit Ogum und zur Zeremonie f\u00fcr den Befreier Simon Bolivar veranstaltet. Die Gemeindemitglieder bereiten ein Beet aus gl\u00fchenden Holzkohlen. Hier tanzt der Priester Freddy Ledezma etwa eine Stunde \u00fcber die immer wieder erneuerten Holzkohlen.&#8221; Referenz: Hubert Fichte und [&hellip;]<\/p>\n","protected":false},"featured_media":507,"template":"","meta":[],"product_brand":[],"product_cat":[17,4444],"product_tag":[78,22,24,21,23,1054,80,84,171,172,1008,1009,36,37,39,40,41,42,1663,1664,1665,43,44,549,550,188,189,486,560,1050,70,71,1078,1594,1595,525,526,1080,1081,1013,1014,1015,1016,1017,1018,1019,95,1021,1022,1023,1024,1025,1026,163,164,1612,1613,1614,1615,1616,1617,1084,1459,1622,1623,1460,1461,1462,1624,1625,1032,1033,1034,1035,1036,1037,1038,1039],"class_list":{"0":"post-1059","1":"product","2":"type-product","3":"status-publish","4":"has-post-thumbnail","6":"product_cat-unkategorisiert","7":"product_cat-venezuela","8":"product_tag-1970er-jahre","9":"product_tag-20-jahrhundert-nach-chr","10":"product_tag-20-jh-n-chr","11":"product_tag-20-jahrhundert","12":"product_tag-20-jh","13":"product_tag-4-4_venezuela","14":"product_tag-70er","15":"product_tag-ausland","16":"product_tag-aussenaufnahme","17":"product_tag-aussenaufnahmen","18":"product_tag-ceremonie","19":"product_tag-ceremonien","20":"product_tag-farbaufnahme","21":"product_tag-farbaufnahmen","22":"product_tag-farbfoto","23":"product_tag-farbfotografie","24":"product_tag-farbphoto","25":"product_tag-farbphotographie","26":"product_tag-feuer","27":"product_tag-feuern","28":"product_tag-feuers","29":"product_tag-fotografin","30":"product_tag-fotografinnen","31":"product_tag-gewand","32":"product_tag-gewaender","33":"product_tag-kopfbedeckung","34":"product_tag-kopfbedeckungen","35":"product_tag-mann","36":"product_tag-maenner","37":"product_tag-petersilie","38":"product_tag-photographin","39":"product_tag-photographinnen","40":"product_tag-priester","41":"product_tag-priestern","42":"product_tag-priesters","43":"product_tag-religion","44":"product_tag-religionen","45":"product_tag-religionsgemeinschaft","46":"product_tag-religionsgemeinschaften","47":"product_tag-ritual","48":"product_tag-rituale","49":"product_tag-rituell","50":"product_tag-rituelle","51":"product_tag-rituellen","52":"product_tag-ritueller","53":"product_tag-rituelles","54":"product_tag-siebziger","55":"product_tag-spiritualitaet","56":"product_tag-spirituell","57":"product_tag-spirituelle","58":"product_tag-spirituellen","59":"product_tag-spiritueller","60":"product_tag-spirituelles","61":"product_tag-suedamerika","62":"product_tag-suedamerikas","63":"product_tag-tanzen","64":"product_tag-tanzend","65":"product_tag-tanzende","66":"product_tag-tanzenden","67":"product_tag-tanzender","68":"product_tag-tanzendes","69":"product_tag-venezuela","70":"product_tag-votiv","71":"product_tag-votivbild","72":"product_tag-votivbildes","73":"product_tag-votivgabe","74":"product_tag-votivgaben","75":"product_tag-votivs","76":"product_tag-votivtafel","77":"product_tag-votivtaefelchen","78":"product_tag-zeremonie","79":"product_tag-zeremoniell","80":"product_tag-zeremonielle","81":"product_tag-zeremoniellem","82":"product_tag-zeremoniellen","83":"product_tag-zeremonieller","84":"product_tag-zeremonielles","85":"product_tag-zeremonien","87":"first","88":"instock","89":"shipping-taxable","90":"product-type-simple"},"yoast_head":"<!-- This site is optimized with the Yoast SEO plugin v27.3 - https:\/\/yoast.com\/product\/yoast-seo-wordpress\/ -->\n<title>Ohne Titel (Maria-Lionza-Ritus) - Leonore Mau<\/title>\n<meta name=\"robots\" content=\"index, follow, max-snippet:-1, max-image-preview:large, max-video-preview:-1\" \/>\n<link rel=\"canonical\" href=\"https:\/\/leonore-mau.de\/produkt\/ohne-titel-maria-lionza-ritus\/\" \/>\n<meta property=\"og:locale\" content=\"en_US\" \/>\n<meta property=\"og:type\" content=\"article\" \/>\n<meta property=\"og:title\" content=\"Ohne Titel (Maria-Lionza-Ritus) - Leonore Mau\" \/>\n<meta property=\"og:description\" content=\"&#8220;Das Feuerlaufen spielt eine wichtige Rolle in der Maria-Lionza-Religion. Es wird besonders zu den Festen der afrikanischen Gottheit Ogum und zur Zeremonie f\u00fcr den Befreier Simon Bolivar veranstaltet. Die Gemeindemitglieder bereiten ein Beet aus gl\u00fchenden Holzkohlen. Hier tanzt der Priester Freddy Ledezma etwa eine Stunde \u00fcber die immer wieder erneuerten Holzkohlen.&#8221; Referenz: Hubert Fichte und [&hellip;]\" \/>\n<meta property=\"og:url\" content=\"https:\/\/leonore-mau.de\/produkt\/ohne-titel-maria-lionza-ritus\/\" \/>\n<meta property=\"og:site_name\" content=\"Leonore Mau\" \/>\n<meta property=\"article:modified_time\" content=\"2022-09-13T21:10:58+00:00\" \/>\n<meta property=\"og:image\" content=\"https:\/\/leonore-mau.de\/wp-content\/uploads\/2022\/07\/70367507.jpg\" \/>\n\t<meta property=\"og:image:width\" content=\"827\" \/>\n\t<meta property=\"og:image:height\" content=\"1200\" \/>\n\t<meta property=\"og:image:type\" content=\"image\/jpeg\" \/>\n<meta name=\"twitter:card\" content=\"summary_large_image\" \/>\n<script type=\"application\/ld+json\" class=\"yoast-schema-graph\">{\"@context\":\"https:\\\/\\\/schema.org\",\"@graph\":[{\"@type\":\"WebPage\",\"@id\":\"https:\\\/\\\/leonore-mau.de\\\/produkt\\\/ohne-titel-maria-lionza-ritus\\\/\",\"url\":\"https:\\\/\\\/leonore-mau.de\\\/produkt\\\/ohne-titel-maria-lionza-ritus\\\/\",\"name\":\"Ohne Titel (Maria-Lionza-Ritus) - Leonore Mau\",\"isPartOf\":{\"@id\":\"https:\\\/\\\/leonore-mau.de\\\/#website\"},\"primaryImageOfPage\":{\"@id\":\"https:\\\/\\\/leonore-mau.de\\\/produkt\\\/ohne-titel-maria-lionza-ritus\\\/#primaryimage\"},\"image\":{\"@id\":\"https:\\\/\\\/leonore-mau.de\\\/produkt\\\/ohne-titel-maria-lionza-ritus\\\/#primaryimage\"},\"thumbnailUrl\":\"https:\\\/\\\/leonore-mau.de\\\/wp-content\\\/uploads\\\/2022\\\/07\\\/70367507.jpg\",\"datePublished\":\"2022-07-11T13:16:35+00:00\",\"dateModified\":\"2022-09-13T21:10:58+00:00\",\"breadcrumb\":{\"@id\":\"https:\\\/\\\/leonore-mau.de\\\/produkt\\\/ohne-titel-maria-lionza-ritus\\\/#breadcrumb\"},\"inLanguage\":\"en-US\",\"potentialAction\":[{\"@type\":\"ReadAction\",\"target\":[\"https:\\\/\\\/leonore-mau.de\\\/produkt\\\/ohne-titel-maria-lionza-ritus\\\/\"]}]},{\"@type\":\"ImageObject\",\"inLanguage\":\"en-US\",\"@id\":\"https:\\\/\\\/leonore-mau.de\\\/produkt\\\/ohne-titel-maria-lionza-ritus\\\/#primaryimage\",\"url\":\"https:\\\/\\\/leonore-mau.de\\\/wp-content\\\/uploads\\\/2022\\\/07\\\/70367507.jpg\",\"contentUrl\":\"https:\\\/\\\/leonore-mau.de\\\/wp-content\\\/uploads\\\/2022\\\/07\\\/70367507.jpg\",\"width\":827,\"height\":1200,\"caption\":\"\\\"Das Feuerlaufen spielt eine wichtige Rolle in der Maria-Lionza-Religion. Es wird besonders zu den Festen der afrikanischen Gottheit Ogum und zur Zeremonie f\u00fcr den Befreier Simon Bolivar veranstaltet. Die Gemeindemitglieder bereiten ein Beet aus gl\u00fchenden Holzkohlen. Hier tanzt der Priester Freddy Ledezma etwa eine Stunde \u00fcber die immer wieder erneuerten Holzkohlen.\\\" Referenz: Hubert Fichte und Leonore Mau, Petersilie, S. Fischer Verlag GmbH, 1980 Aufnahmedatum: 1977 Material\\\/Technik: Foto \\\/ Cibachrome Bildformat (Foto): 59,0 x 72,0 cm Aufnahmeort: Venezuela Inventar-Nr.: LM-505902\"},{\"@type\":\"BreadcrumbList\",\"@id\":\"https:\\\/\\\/leonore-mau.de\\\/produkt\\\/ohne-titel-maria-lionza-ritus\\\/#breadcrumb\",\"itemListElement\":[{\"@type\":\"ListItem\",\"position\":1,\"name\":\"Startseite\",\"item\":\"https:\\\/\\\/leonore-mau.de\\\/en\\\/\"},{\"@type\":\"ListItem\",\"position\":2,\"name\":\"Shop\",\"item\":\"https:\\\/\\\/leonore-mau.de\\\/en\\\/shop-2\\\/\"},{\"@type\":\"ListItem\",\"position\":3,\"name\":\"Ohne Titel (Maria-Lionza-Ritus)\"}]},{\"@type\":\"WebSite\",\"@id\":\"https:\\\/\\\/leonore-mau.de\\\/#website\",\"url\":\"https:\\\/\\\/leonore-mau.de\\\/\",\"name\":\"Leonore Mau\",\"description\":\"Fotografin\",\"potentialAction\":[{\"@type\":\"SearchAction\",\"target\":{\"@type\":\"EntryPoint\",\"urlTemplate\":\"https:\\\/\\\/leonore-mau.de\\\/?s={search_term_string}\"},\"query-input\":{\"@type\":\"PropertyValueSpecification\",\"valueRequired\":true,\"valueName\":\"search_term_string\"}}],\"inLanguage\":\"en-US\"}]}<\/script>\n<!-- \/ Yoast SEO plugin. -->","yoast_head_json":{"title":"Ohne Titel (Maria-Lionza-Ritus) - Leonore Mau","robots":{"index":"index","follow":"follow","max-snippet":"max-snippet:-1","max-image-preview":"max-image-preview:large","max-video-preview":"max-video-preview:-1"},"canonical":"https:\/\/leonore-mau.de\/produkt\/ohne-titel-maria-lionza-ritus\/","og_locale":"en_US","og_type":"article","og_title":"Ohne Titel (Maria-Lionza-Ritus) - Leonore Mau","og_description":"&#8220;Das Feuerlaufen spielt eine wichtige Rolle in der Maria-Lionza-Religion. Es wird besonders zu den Festen der afrikanischen Gottheit Ogum und zur Zeremonie f\u00fcr den Befreier Simon Bolivar veranstaltet. Die Gemeindemitglieder bereiten ein Beet aus gl\u00fchenden Holzkohlen. Hier tanzt der Priester Freddy Ledezma etwa eine Stunde \u00fcber die immer wieder erneuerten Holzkohlen.&#8221; Referenz: Hubert Fichte und [&hellip;]","og_url":"https:\/\/leonore-mau.de\/produkt\/ohne-titel-maria-lionza-ritus\/","og_site_name":"Leonore Mau","article_modified_time":"2022-09-13T21:10:58+00:00","og_image":[{"width":827,"height":1200,"url":"https:\/\/leonore-mau.de\/wp-content\/uploads\/2022\/07\/70367507.jpg","type":"image\/jpeg"}],"twitter_card":"summary_large_image","schema":{"@context":"https:\/\/schema.org","@graph":[{"@type":"WebPage","@id":"https:\/\/leonore-mau.de\/produkt\/ohne-titel-maria-lionza-ritus\/","url":"https:\/\/leonore-mau.de\/produkt\/ohne-titel-maria-lionza-ritus\/","name":"Ohne Titel (Maria-Lionza-Ritus) - Leonore Mau","isPartOf":{"@id":"https:\/\/leonore-mau.de\/#website"},"primaryImageOfPage":{"@id":"https:\/\/leonore-mau.de\/produkt\/ohne-titel-maria-lionza-ritus\/#primaryimage"},"image":{"@id":"https:\/\/leonore-mau.de\/produkt\/ohne-titel-maria-lionza-ritus\/#primaryimage"},"thumbnailUrl":"https:\/\/leonore-mau.de\/wp-content\/uploads\/2022\/07\/70367507.jpg","datePublished":"2022-07-11T13:16:35+00:00","dateModified":"2022-09-13T21:10:58+00:00","breadcrumb":{"@id":"https:\/\/leonore-mau.de\/produkt\/ohne-titel-maria-lionza-ritus\/#breadcrumb"},"inLanguage":"en-US","potentialAction":[{"@type":"ReadAction","target":["https:\/\/leonore-mau.de\/produkt\/ohne-titel-maria-lionza-ritus\/"]}]},{"@type":"ImageObject","inLanguage":"en-US","@id":"https:\/\/leonore-mau.de\/produkt\/ohne-titel-maria-lionza-ritus\/#primaryimage","url":"https:\/\/leonore-mau.de\/wp-content\/uploads\/2022\/07\/70367507.jpg","contentUrl":"https:\/\/leonore-mau.de\/wp-content\/uploads\/2022\/07\/70367507.jpg","width":827,"height":1200,"caption":"\"Das Feuerlaufen spielt eine wichtige Rolle in der Maria-Lionza-Religion. Es wird besonders zu den Festen der afrikanischen Gottheit Ogum und zur Zeremonie f\u00fcr den Befreier Simon Bolivar veranstaltet. Die Gemeindemitglieder bereiten ein Beet aus gl\u00fchenden Holzkohlen. Hier tanzt der Priester Freddy Ledezma etwa eine Stunde \u00fcber die immer wieder erneuerten Holzkohlen.\" Referenz: Hubert Fichte und Leonore Mau, Petersilie, S. Fischer Verlag GmbH, 1980 Aufnahmedatum: 1977 Material\/Technik: Foto \/ Cibachrome Bildformat (Foto): 59,0 x 72,0 cm Aufnahmeort: Venezuela Inventar-Nr.: LM-505902"},{"@type":"BreadcrumbList","@id":"https:\/\/leonore-mau.de\/produkt\/ohne-titel-maria-lionza-ritus\/#breadcrumb","itemListElement":[{"@type":"ListItem","position":1,"name":"Startseite","item":"https:\/\/leonore-mau.de\/en\/"},{"@type":"ListItem","position":2,"name":"Shop","item":"https:\/\/leonore-mau.de\/en\/shop-2\/"},{"@type":"ListItem","position":3,"name":"Ohne Titel (Maria-Lionza-Ritus)"}]},{"@type":"WebSite","@id":"https:\/\/leonore-mau.de\/#website","url":"https:\/\/leonore-mau.de\/","name":"Leonore Mau","description":"Fotografin","potentialAction":[{"@type":"SearchAction","target":{"@type":"EntryPoint","urlTemplate":"https:\/\/leonore-mau.de\/?s={search_term_string}"},"query-input":{"@type":"PropertyValueSpecification","valueRequired":true,"valueName":"search_term_string"}}],"inLanguage":"en-US"}]}},"_links":{"self":[{"href":"https:\/\/leonore-mau.de\/en\/wp-json\/wp\/v2\/product\/1059","targetHints":{"allow":["GET"]}}],"collection":[{"href":"https:\/\/leonore-mau.de\/en\/wp-json\/wp\/v2\/product"}],"about":[{"href":"https:\/\/leonore-mau.de\/en\/wp-json\/wp\/v2\/types\/product"}],"wp:featuredmedia":[{"embeddable":true,"href":"https:\/\/leonore-mau.de\/en\/wp-json\/wp\/v2\/media\/507"}],"wp:attachment":[{"href":"https:\/\/leonore-mau.de\/en\/wp-json\/wp\/v2\/media?parent=1059"}],"wp:term":[{"taxonomy":"product_brand","embeddable":true,"href":"https:\/\/leonore-mau.de\/en\/wp-json\/wp\/v2\/product_brand?post=1059"},{"taxonomy":"product_cat","embeddable":true,"href":"https:\/\/leonore-mau.de\/en\/wp-json\/wp\/v2\/product_cat?post=1059"},{"taxonomy":"product_tag","embeddable":true,"href":"https:\/\/leonore-mau.de\/en\/wp-json\/wp\/v2\/product_tag?post=1059"}],"curies":[{"name":"wp","href":"https:\/\/api.w.org\/{rel}","templated":true}]}}