{"id":1060,"date":"2022-07-11T15:16:35","date_gmt":"2022-07-11T13:16:35","guid":{"rendered":"https:\/\/leonore-mau.de\/produkt\/ohne-titel-glubiger-des-maria-lionza-ritus\/"},"modified":"2022-09-13T23:10:59","modified_gmt":"2022-09-13T21:10:59","slug":"ohne-titel-glubiger-des-maria-lionza-ritus","status":"publish","type":"product","link":"https:\/\/leonore-mau.de\/en\/produkt\/ohne-titel-glubiger-des-maria-lionza-ritus\/","title":{"rendered":"Ohne Titel (Gl\u00e4ubiger des Maria-Lionza-Ritus)"},"content":{"rendered":"<p>&#8220;Auch das Baden und Abwaschen in Opferblut ist ein Topos der afrikanischen und afroamerikanischen Religionen. Hier wird dem Gl\u00e4ubigen zur Heilung von geistlichen St\u00f6rungen ein aufgeschlitztes Huhn \u00fcber den Kopf gest\u00fclpt.&#8221; Referenz: Hubert Fichte und Leonore Mau, Petersilie, S. Fischer Verlag GmbH, 1980<\/p>\n","protected":false},"excerpt":{"rendered":"<p>&#8220;Auch das Baden und Abwaschen in Opferblut ist ein Topos der afrikanischen und afroamerikanischen Religionen. Hier wird dem Gl\u00e4ubigen zur Heilung von geistlichen St\u00f6rungen ein aufgeschlitztes Huhn \u00fcber den Kopf gest\u00fclpt.&#8221; Referenz: Hubert Fichte und Leonore Mau, Petersilie, S. Fischer Verlag GmbH, 1980<\/p>\n","protected":false},"featured_media":508,"template":"","meta":[],"product_brand":[],"product_cat":[17,4444],"product_tag":[78,22,24,21,23,1054,80,1735,84,1610,1008,1009,36,37,39,40,41,42,1602,1603,43,44,181,182,183,184,185,186,187,1576,1012,2474,2475,486,1169,1170,1171,1172,1173,1747,2476,1050,70,71,580,581,1851,1852,1407,1408,1853,1854,1409,1410,1411,1412,525,526,1080,1081,1013,1014,1015,1016,1017,1018,1019,95,1021,1022,1023,1024,1025,1026,163,164,1027,1028,1084,1032,1033,1034,1035,1036,1037,1038,1039],"class_list":{"0":"post-1060","1":"product","2":"type-product","3":"status-publish","4":"has-post-thumbnail","6":"product_cat-unkategorisiert","7":"product_cat-venezuela","8":"product_tag-1970er-jahre","9":"product_tag-20-jahrhundert-nach-chr","10":"product_tag-20-jh-n-chr","11":"product_tag-20-jahrhundert","12":"product_tag-20-jh","13":"product_tag-4-4_venezuela","14":"product_tag-70er","15":"product_tag-augenbinde","16":"product_tag-ausland","17":"product_tag-blut","18":"product_tag-ceremonie","19":"product_tag-ceremonien","20":"product_tag-farbaufnahme","21":"product_tag-farbaufnahmen","22":"product_tag-farbfoto","23":"product_tag-farbfotografie","24":"product_tag-farbphoto","25":"product_tag-farbphotographie","26":"product_tag-feder","27":"product_tag-federn","28":"product_tag-fotografin","29":"product_tag-fotografinnen","30":"product_tag-halbakt","31":"product_tag-halbakte","32":"product_tag-halbnackt","33":"product_tag-halbnackte","34":"product_tag-halbnackten","35":"product_tag-halbnackter","36":"product_tag-halbnacktes","37":"product_tag-halskette","38":"product_tag-huhn","39":"product_tag-huehnerbein","40":"product_tag-huehnerbeine","41":"product_tag-mann","42":"product_tag-nackt","43":"product_tag-nackte","44":"product_tag-nackten","45":"product_tag-nackter","46":"product_tag-nacktes","47":"product_tag-oberkoerper","48":"product_tag-opferblut","49":"product_tag-petersilie","50":"product_tag-photographin","51":"product_tag-photographinnen","52":"product_tag-portrait","53":"product_tag-portraet","54":"product_tag-profil","55":"product_tag-profilansicht","56":"product_tag-profilaufnahme","57":"product_tag-profilaufnahmen","58":"product_tag-profilbild","59":"product_tag-profilbildnis","60":"product_tag-profilfoto","61":"product_tag-profilfotos","62":"product_tag-profilphoto","63":"product_tag-profilphotos","64":"product_tag-religion","65":"product_tag-religionen","66":"product_tag-religionsgemeinschaft","67":"product_tag-religionsgemeinschaften","68":"product_tag-ritual","69":"product_tag-rituale","70":"product_tag-rituell","71":"product_tag-rituelle","72":"product_tag-rituellen","73":"product_tag-ritueller","74":"product_tag-rituelles","75":"product_tag-siebziger","76":"product_tag-spiritualitaet","77":"product_tag-spirituell","78":"product_tag-spirituelle","79":"product_tag-spirituellen","80":"product_tag-spiritueller","81":"product_tag-spirituelles","82":"product_tag-suedamerika","83":"product_tag-suedamerikas","84":"product_tag-tier","85":"product_tag-tieropfer","86":"product_tag-venezuela","87":"product_tag-zeremonie","88":"product_tag-zeremoniell","89":"product_tag-zeremonielle","90":"product_tag-zeremoniellem","91":"product_tag-zeremoniellen","92":"product_tag-zeremonieller","93":"product_tag-zeremonielles","94":"product_tag-zeremonien","96":"first","97":"instock","98":"shipping-taxable","99":"product-type-simple"},"yoast_head":"<!-- This site is optimized with the Yoast SEO plugin v27.3 - https:\/\/yoast.com\/product\/yoast-seo-wordpress\/ -->\n<title>Ohne Titel (Gl\u00e4ubiger des Maria-Lionza-Ritus) - Leonore Mau<\/title>\n<meta name=\"robots\" content=\"index, follow, max-snippet:-1, max-image-preview:large, max-video-preview:-1\" \/>\n<link rel=\"canonical\" href=\"https:\/\/leonore-mau.de\/produkt\/ohne-titel-glubiger-des-maria-lionza-ritus\/\" \/>\n<meta property=\"og:locale\" content=\"en_US\" \/>\n<meta property=\"og:type\" content=\"article\" \/>\n<meta property=\"og:title\" content=\"Ohne Titel (Gl\u00e4ubiger des Maria-Lionza-Ritus) - Leonore Mau\" \/>\n<meta property=\"og:description\" content=\"&#8220;Auch das Baden und Abwaschen in Opferblut ist ein Topos der afrikanischen und afroamerikanischen Religionen. Hier wird dem Gl\u00e4ubigen zur Heilung von geistlichen St\u00f6rungen ein aufgeschlitztes Huhn \u00fcber den Kopf gest\u00fclpt.&#8221; Referenz: Hubert Fichte und Leonore Mau, Petersilie, S. Fischer Verlag GmbH, 1980\" \/>\n<meta property=\"og:url\" content=\"https:\/\/leonore-mau.de\/produkt\/ohne-titel-glubiger-des-maria-lionza-ritus\/\" \/>\n<meta property=\"og:site_name\" content=\"Leonore Mau\" \/>\n<meta property=\"article:modified_time\" content=\"2022-09-13T21:10:59+00:00\" \/>\n<meta property=\"og:image\" content=\"https:\/\/leonore-mau.de\/wp-content\/uploads\/2022\/07\/70367508.jpg\" \/>\n\t<meta property=\"og:image:width\" content=\"837\" \/>\n\t<meta property=\"og:image:height\" content=\"1200\" \/>\n\t<meta property=\"og:image:type\" content=\"image\/jpeg\" \/>\n<meta name=\"twitter:card\" content=\"summary_large_image\" \/>\n<script type=\"application\/ld+json\" class=\"yoast-schema-graph\">{\"@context\":\"https:\\\/\\\/schema.org\",\"@graph\":[{\"@type\":\"WebPage\",\"@id\":\"https:\\\/\\\/leonore-mau.de\\\/produkt\\\/ohne-titel-glubiger-des-maria-lionza-ritus\\\/\",\"url\":\"https:\\\/\\\/leonore-mau.de\\\/produkt\\\/ohne-titel-glubiger-des-maria-lionza-ritus\\\/\",\"name\":\"Ohne Titel (Gl\u00e4ubiger des Maria-Lionza-Ritus) - Leonore Mau\",\"isPartOf\":{\"@id\":\"https:\\\/\\\/leonore-mau.de\\\/#website\"},\"primaryImageOfPage\":{\"@id\":\"https:\\\/\\\/leonore-mau.de\\\/produkt\\\/ohne-titel-glubiger-des-maria-lionza-ritus\\\/#primaryimage\"},\"image\":{\"@id\":\"https:\\\/\\\/leonore-mau.de\\\/produkt\\\/ohne-titel-glubiger-des-maria-lionza-ritus\\\/#primaryimage\"},\"thumbnailUrl\":\"https:\\\/\\\/leonore-mau.de\\\/wp-content\\\/uploads\\\/2022\\\/07\\\/70367508.jpg\",\"datePublished\":\"2022-07-11T13:16:35+00:00\",\"dateModified\":\"2022-09-13T21:10:59+00:00\",\"breadcrumb\":{\"@id\":\"https:\\\/\\\/leonore-mau.de\\\/produkt\\\/ohne-titel-glubiger-des-maria-lionza-ritus\\\/#breadcrumb\"},\"inLanguage\":\"en-US\",\"potentialAction\":[{\"@type\":\"ReadAction\",\"target\":[\"https:\\\/\\\/leonore-mau.de\\\/produkt\\\/ohne-titel-glubiger-des-maria-lionza-ritus\\\/\"]}]},{\"@type\":\"ImageObject\",\"inLanguage\":\"en-US\",\"@id\":\"https:\\\/\\\/leonore-mau.de\\\/produkt\\\/ohne-titel-glubiger-des-maria-lionza-ritus\\\/#primaryimage\",\"url\":\"https:\\\/\\\/leonore-mau.de\\\/wp-content\\\/uploads\\\/2022\\\/07\\\/70367508.jpg\",\"contentUrl\":\"https:\\\/\\\/leonore-mau.de\\\/wp-content\\\/uploads\\\/2022\\\/07\\\/70367508.jpg\",\"width\":837,\"height\":1200,\"caption\":\"\\\"Auch das Baden und Abwaschen in Opferblut ist ein Topos der afrikanischen und afroamerikanischen Religionen. Hier wird dem Gl\u00e4ubigen zur Heilung von geistlichen St\u00f6rungen ein aufgeschlitztes Huhn \u00fcber den Kopf gest\u00fclpt.\\\" Referenz: Hubert Fichte und Leonore Mau, Petersilie, S. Fischer Verlag GmbH, 1980 Aufnahmedatum: 1977 Material\\\/Technik: Foto \\\/ Farbdia Bildformat (Foto): Kleinbild Aufnahmeort: Sorte \\\/ Venezuela Inventar-Nr.: LM-505968\"},{\"@type\":\"BreadcrumbList\",\"@id\":\"https:\\\/\\\/leonore-mau.de\\\/produkt\\\/ohne-titel-glubiger-des-maria-lionza-ritus\\\/#breadcrumb\",\"itemListElement\":[{\"@type\":\"ListItem\",\"position\":1,\"name\":\"Startseite\",\"item\":\"https:\\\/\\\/leonore-mau.de\\\/en\\\/\"},{\"@type\":\"ListItem\",\"position\":2,\"name\":\"Shop\",\"item\":\"https:\\\/\\\/leonore-mau.de\\\/en\\\/shop-2\\\/\"},{\"@type\":\"ListItem\",\"position\":3,\"name\":\"Ohne Titel (Gl\u00e4ubiger des Maria-Lionza-Ritus)\"}]},{\"@type\":\"WebSite\",\"@id\":\"https:\\\/\\\/leonore-mau.de\\\/#website\",\"url\":\"https:\\\/\\\/leonore-mau.de\\\/\",\"name\":\"Leonore Mau\",\"description\":\"Fotografin\",\"potentialAction\":[{\"@type\":\"SearchAction\",\"target\":{\"@type\":\"EntryPoint\",\"urlTemplate\":\"https:\\\/\\\/leonore-mau.de\\\/?s={search_term_string}\"},\"query-input\":{\"@type\":\"PropertyValueSpecification\",\"valueRequired\":true,\"valueName\":\"search_term_string\"}}],\"inLanguage\":\"en-US\"}]}<\/script>\n<!-- \/ Yoast SEO plugin. -->","yoast_head_json":{"title":"Ohne Titel (Gl\u00e4ubiger des Maria-Lionza-Ritus) - Leonore Mau","robots":{"index":"index","follow":"follow","max-snippet":"max-snippet:-1","max-image-preview":"max-image-preview:large","max-video-preview":"max-video-preview:-1"},"canonical":"https:\/\/leonore-mau.de\/produkt\/ohne-titel-glubiger-des-maria-lionza-ritus\/","og_locale":"en_US","og_type":"article","og_title":"Ohne Titel (Gl\u00e4ubiger des Maria-Lionza-Ritus) - Leonore Mau","og_description":"&#8220;Auch das Baden und Abwaschen in Opferblut ist ein Topos der afrikanischen und afroamerikanischen Religionen. Hier wird dem Gl\u00e4ubigen zur Heilung von geistlichen St\u00f6rungen ein aufgeschlitztes Huhn \u00fcber den Kopf gest\u00fclpt.&#8221; Referenz: Hubert Fichte und Leonore Mau, Petersilie, S. Fischer Verlag GmbH, 1980","og_url":"https:\/\/leonore-mau.de\/produkt\/ohne-titel-glubiger-des-maria-lionza-ritus\/","og_site_name":"Leonore Mau","article_modified_time":"2022-09-13T21:10:59+00:00","og_image":[{"width":837,"height":1200,"url":"https:\/\/leonore-mau.de\/wp-content\/uploads\/2022\/07\/70367508.jpg","type":"image\/jpeg"}],"twitter_card":"summary_large_image","schema":{"@context":"https:\/\/schema.org","@graph":[{"@type":"WebPage","@id":"https:\/\/leonore-mau.de\/produkt\/ohne-titel-glubiger-des-maria-lionza-ritus\/","url":"https:\/\/leonore-mau.de\/produkt\/ohne-titel-glubiger-des-maria-lionza-ritus\/","name":"Ohne Titel (Gl\u00e4ubiger des Maria-Lionza-Ritus) - Leonore Mau","isPartOf":{"@id":"https:\/\/leonore-mau.de\/#website"},"primaryImageOfPage":{"@id":"https:\/\/leonore-mau.de\/produkt\/ohne-titel-glubiger-des-maria-lionza-ritus\/#primaryimage"},"image":{"@id":"https:\/\/leonore-mau.de\/produkt\/ohne-titel-glubiger-des-maria-lionza-ritus\/#primaryimage"},"thumbnailUrl":"https:\/\/leonore-mau.de\/wp-content\/uploads\/2022\/07\/70367508.jpg","datePublished":"2022-07-11T13:16:35+00:00","dateModified":"2022-09-13T21:10:59+00:00","breadcrumb":{"@id":"https:\/\/leonore-mau.de\/produkt\/ohne-titel-glubiger-des-maria-lionza-ritus\/#breadcrumb"},"inLanguage":"en-US","potentialAction":[{"@type":"ReadAction","target":["https:\/\/leonore-mau.de\/produkt\/ohne-titel-glubiger-des-maria-lionza-ritus\/"]}]},{"@type":"ImageObject","inLanguage":"en-US","@id":"https:\/\/leonore-mau.de\/produkt\/ohne-titel-glubiger-des-maria-lionza-ritus\/#primaryimage","url":"https:\/\/leonore-mau.de\/wp-content\/uploads\/2022\/07\/70367508.jpg","contentUrl":"https:\/\/leonore-mau.de\/wp-content\/uploads\/2022\/07\/70367508.jpg","width":837,"height":1200,"caption":"\"Auch das Baden und Abwaschen in Opferblut ist ein Topos der afrikanischen und afroamerikanischen Religionen. Hier wird dem Gl\u00e4ubigen zur Heilung von geistlichen St\u00f6rungen ein aufgeschlitztes Huhn \u00fcber den Kopf gest\u00fclpt.\" Referenz: Hubert Fichte und Leonore Mau, Petersilie, S. Fischer Verlag GmbH, 1980 Aufnahmedatum: 1977 Material\/Technik: Foto \/ Farbdia Bildformat (Foto): Kleinbild Aufnahmeort: Sorte \/ Venezuela Inventar-Nr.: LM-505968"},{"@type":"BreadcrumbList","@id":"https:\/\/leonore-mau.de\/produkt\/ohne-titel-glubiger-des-maria-lionza-ritus\/#breadcrumb","itemListElement":[{"@type":"ListItem","position":1,"name":"Startseite","item":"https:\/\/leonore-mau.de\/en\/"},{"@type":"ListItem","position":2,"name":"Shop","item":"https:\/\/leonore-mau.de\/en\/shop-2\/"},{"@type":"ListItem","position":3,"name":"Ohne Titel (Gl\u00e4ubiger des Maria-Lionza-Ritus)"}]},{"@type":"WebSite","@id":"https:\/\/leonore-mau.de\/#website","url":"https:\/\/leonore-mau.de\/","name":"Leonore Mau","description":"Fotografin","potentialAction":[{"@type":"SearchAction","target":{"@type":"EntryPoint","urlTemplate":"https:\/\/leonore-mau.de\/?s={search_term_string}"},"query-input":{"@type":"PropertyValueSpecification","valueRequired":true,"valueName":"search_term_string"}}],"inLanguage":"en-US"}]}},"_links":{"self":[{"href":"https:\/\/leonore-mau.de\/en\/wp-json\/wp\/v2\/product\/1060","targetHints":{"allow":["GET"]}}],"collection":[{"href":"https:\/\/leonore-mau.de\/en\/wp-json\/wp\/v2\/product"}],"about":[{"href":"https:\/\/leonore-mau.de\/en\/wp-json\/wp\/v2\/types\/product"}],"wp:featuredmedia":[{"embeddable":true,"href":"https:\/\/leonore-mau.de\/en\/wp-json\/wp\/v2\/media\/508"}],"wp:attachment":[{"href":"https:\/\/leonore-mau.de\/en\/wp-json\/wp\/v2\/media?parent=1060"}],"wp:term":[{"taxonomy":"product_brand","embeddable":true,"href":"https:\/\/leonore-mau.de\/en\/wp-json\/wp\/v2\/product_brand?post=1060"},{"taxonomy":"product_cat","embeddable":true,"href":"https:\/\/leonore-mau.de\/en\/wp-json\/wp\/v2\/product_cat?post=1060"},{"taxonomy":"product_tag","embeddable":true,"href":"https:\/\/leonore-mau.de\/en\/wp-json\/wp\/v2\/product_tag?post=1060"}],"curies":[{"name":"wp","href":"https:\/\/api.w.org\/{rel}","templated":true}]}}