{"id":1062,"date":"2022-07-11T15:16:35","date_gmt":"2022-07-11T13:16:35","guid":{"rendered":"https:\/\/leonore-mau.de\/produkt\/ohne-titel-mara-lionza-zeremonie\/"},"modified":"2022-09-13T23:11:00","modified_gmt":"2022-09-13T21:11:00","slug":"ohne-titel-mara-lionza-zeremonie","status":"publish","type":"product","link":"https:\/\/leonore-mau.de\/en\/produkt\/ohne-titel-mara-lionza-zeremonie\/","title":{"rendered":"Ohne Titel (Mar\u00eda-Lionza-Zeremonie)"},"content":{"rendered":"<p>&#8220;Die Maria-Lionza-Zeremonie ist ein Heilungsritual und wird als Coronaci\u00f3n bezeichnet. Die hier Gekr\u00f6nte darf nun die Trance\u00fcbungen der jungen Gl\u00e4ubigen der Maria Lionza abhalten.&#8221; Referenz: Ronald Kay, Die Kinder Herodots, S. Fischer Verlag GmbH, 2006 R\u00fcckseitenbeschriftung: &#8220;Petersilie Venezuela 1977 Maria Lionza Zeremonie&#8221;<\/p>\n","protected":false},"excerpt":{"rendered":"<p>&#8220;Die Maria-Lionza-Zeremonie ist ein Heilungsritual und wird als Coronaci\u00f3n bezeichnet. Die hier Gekr\u00f6nte darf nun die Trance\u00fcbungen der jungen Gl\u00e4ubigen der Maria Lionza abhalten.&#8221; Referenz: Ronald Kay, Die Kinder Herodots, S. Fischer Verlag GmbH, 2006 R\u00fcckseitenbeschriftung: &#8220;Petersilie Venezuela 1977 Maria Lionza Zeremonie&#8221;<\/p>\n","protected":false},"featured_media":510,"template":"","meta":[],"product_brand":[],"product_cat":[17,4444],"product_tag":[78,22,24,21,23,1054,80,84,171,172,2484,2485,1008,1009,36,37,39,40,41,42,43,44,354,549,550,1483,1484,1439,2477,2478,2479,2480,2481,2482,2483,1060,1062,169,551,552,553,554,555,188,189,70,71,525,526,1080,1081,1013,1014,1015,1016,1017,1018,1019,95,536,537,538,539,540,541,542,1021,1022,1023,1024,1025,1026,163,164,1084,1032,1033,1034,1035,1036,1037,1038,1039],"class_list":{"0":"post-1062","1":"product","2":"type-product","3":"status-publish","4":"has-post-thumbnail","6":"product_cat-unkategorisiert","7":"product_cat-venezuela","8":"product_tag-1970er-jahre","9":"product_tag-20-jahrhundert-nach-chr","10":"product_tag-20-jh-n-chr","11":"product_tag-20-jahrhundert","12":"product_tag-20-jh","13":"product_tag-4-4_venezuela","14":"product_tag-70er","15":"product_tag-ausland","16":"product_tag-aussenaufnahme","17":"product_tag-aussenaufnahmen","18":"product_tag-blatt","19":"product_tag-blaetter","20":"product_tag-ceremonie","21":"product_tag-ceremonien","22":"product_tag-farbaufnahme","23":"product_tag-farbaufnahmen","24":"product_tag-farbfoto","25":"product_tag-farbfotografie","26":"product_tag-farbphoto","27":"product_tag-farbphotographie","28":"product_tag-fotografin","29":"product_tag-fotografinnen","30":"product_tag-frau","31":"product_tag-gewand","32":"product_tag-gewaender","33":"product_tag-heilung","34":"product_tag-heilungen","35":"product_tag-herodot","36":"product_tag-hocke","37":"product_tag-hocken","38":"product_tag-hockend","39":"product_tag-hockende","40":"product_tag-hockenden","41":"product_tag-hockender","42":"product_tag-hockendes","43":"product_tag-kerze","44":"product_tag-kerzenflamme","45":"product_tag-kind","46":"product_tag-kinde","47":"product_tag-kinder","48":"product_tag-kindern","49":"product_tag-kindes","50":"product_tag-kindheit","51":"product_tag-kopfbedeckung","52":"product_tag-kopfbedeckungen","53":"product_tag-photographin","54":"product_tag-photographinnen","55":"product_tag-religion","56":"product_tag-religionen","57":"product_tag-religionsgemeinschaft","58":"product_tag-religionsgemeinschaften","59":"product_tag-ritual","60":"product_tag-rituale","61":"product_tag-rituell","62":"product_tag-rituelle","63":"product_tag-rituellen","64":"product_tag-ritueller","65":"product_tag-rituelles","66":"product_tag-siebziger","67":"product_tag-sitzen","68":"product_tag-sitzend","69":"product_tag-sitzende","70":"product_tag-sitzenden","71":"product_tag-sitzender","72":"product_tag-sitzendes","73":"product_tag-sitzt","74":"product_tag-spiritualitaet","75":"product_tag-spirituell","76":"product_tag-spirituelle","77":"product_tag-spirituellen","78":"product_tag-spiritueller","79":"product_tag-spirituelles","80":"product_tag-suedamerika","81":"product_tag-suedamerikas","82":"product_tag-venezuela","83":"product_tag-zeremonie","84":"product_tag-zeremoniell","85":"product_tag-zeremonielle","86":"product_tag-zeremoniellem","87":"product_tag-zeremoniellen","88":"product_tag-zeremonieller","89":"product_tag-zeremonielles","90":"product_tag-zeremonien","92":"first","93":"instock","94":"shipping-taxable","95":"product-type-simple"},"yoast_head":"<!-- This site is optimized with the Yoast SEO plugin v27.3 - https:\/\/yoast.com\/product\/yoast-seo-wordpress\/ -->\n<title>Ohne Titel (Mar\u00eda-Lionza-Zeremonie) - Leonore Mau<\/title>\n<meta name=\"robots\" content=\"index, follow, max-snippet:-1, max-image-preview:large, max-video-preview:-1\" \/>\n<link rel=\"canonical\" href=\"https:\/\/leonore-mau.de\/produkt\/ohne-titel-mara-lionza-zeremonie\/\" \/>\n<meta property=\"og:locale\" content=\"en_US\" \/>\n<meta property=\"og:type\" content=\"article\" \/>\n<meta property=\"og:title\" content=\"Ohne Titel (Mar\u00eda-Lionza-Zeremonie) - Leonore Mau\" \/>\n<meta property=\"og:description\" content=\"&#8220;Die Maria-Lionza-Zeremonie ist ein Heilungsritual und wird als Coronaci\u00f3n bezeichnet. Die hier Gekr\u00f6nte darf nun die Trance\u00fcbungen der jungen Gl\u00e4ubigen der Maria Lionza abhalten.&#8221; Referenz: Ronald Kay, Die Kinder Herodots, S. Fischer Verlag GmbH, 2006 R\u00fcckseitenbeschriftung: &#8220;Petersilie Venezuela 1977 Maria Lionza Zeremonie&#8221;\" \/>\n<meta property=\"og:url\" content=\"https:\/\/leonore-mau.de\/produkt\/ohne-titel-mara-lionza-zeremonie\/\" \/>\n<meta property=\"og:site_name\" content=\"Leonore Mau\" \/>\n<meta property=\"article:modified_time\" content=\"2022-09-13T21:11:00+00:00\" \/>\n<meta property=\"og:image\" content=\"https:\/\/leonore-mau.de\/wp-content\/uploads\/2022\/07\/70367512.jpg\" \/>\n\t<meta property=\"og:image:width\" content=\"842\" \/>\n\t<meta property=\"og:image:height\" content=\"1200\" \/>\n\t<meta property=\"og:image:type\" content=\"image\/jpeg\" \/>\n<meta name=\"twitter:card\" content=\"summary_large_image\" \/>\n<script type=\"application\/ld+json\" class=\"yoast-schema-graph\">{\"@context\":\"https:\\\/\\\/schema.org\",\"@graph\":[{\"@type\":\"WebPage\",\"@id\":\"https:\\\/\\\/leonore-mau.de\\\/produkt\\\/ohne-titel-mara-lionza-zeremonie\\\/\",\"url\":\"https:\\\/\\\/leonore-mau.de\\\/produkt\\\/ohne-titel-mara-lionza-zeremonie\\\/\",\"name\":\"Ohne Titel (Mar\u00eda-Lionza-Zeremonie) - Leonore Mau\",\"isPartOf\":{\"@id\":\"https:\\\/\\\/leonore-mau.de\\\/#website\"},\"primaryImageOfPage\":{\"@id\":\"https:\\\/\\\/leonore-mau.de\\\/produkt\\\/ohne-titel-mara-lionza-zeremonie\\\/#primaryimage\"},\"image\":{\"@id\":\"https:\\\/\\\/leonore-mau.de\\\/produkt\\\/ohne-titel-mara-lionza-zeremonie\\\/#primaryimage\"},\"thumbnailUrl\":\"https:\\\/\\\/leonore-mau.de\\\/wp-content\\\/uploads\\\/2022\\\/07\\\/70367512.jpg\",\"datePublished\":\"2022-07-11T13:16:35+00:00\",\"dateModified\":\"2022-09-13T21:11:00+00:00\",\"breadcrumb\":{\"@id\":\"https:\\\/\\\/leonore-mau.de\\\/produkt\\\/ohne-titel-mara-lionza-zeremonie\\\/#breadcrumb\"},\"inLanguage\":\"en-US\",\"potentialAction\":[{\"@type\":\"ReadAction\",\"target\":[\"https:\\\/\\\/leonore-mau.de\\\/produkt\\\/ohne-titel-mara-lionza-zeremonie\\\/\"]}]},{\"@type\":\"ImageObject\",\"inLanguage\":\"en-US\",\"@id\":\"https:\\\/\\\/leonore-mau.de\\\/produkt\\\/ohne-titel-mara-lionza-zeremonie\\\/#primaryimage\",\"url\":\"https:\\\/\\\/leonore-mau.de\\\/wp-content\\\/uploads\\\/2022\\\/07\\\/70367512.jpg\",\"contentUrl\":\"https:\\\/\\\/leonore-mau.de\\\/wp-content\\\/uploads\\\/2022\\\/07\\\/70367512.jpg\",\"width\":842,\"height\":1200,\"caption\":\"\\\"Die Maria-Lionza-Zeremonie ist ein Heilungsritual und wird als Coronaci\u00f3n bezeichnet. Die hier Gekr\u00f6nte darf nun die Trance\u00fcbungen der jungen Gl\u00e4ubigen der Maria Lionza abhalten.\\\" Referenz: Ronald Kay, Die Kinder Herodots, S. Fischer Verlag GmbH, 2006 R\u00fcckseitenbeschriftung: \\\"Petersilie Venezuela 1977 Maria Lionza Zeremonie\\\" Aufnahmedatum: 1977 Material\\\/Technik: Foto \\\/ Farbdia Bildformat (Foto): Kleinbild Aufnahmeort: Venezuela Inventar-Nr.: LM-506002\"},{\"@type\":\"BreadcrumbList\",\"@id\":\"https:\\\/\\\/leonore-mau.de\\\/produkt\\\/ohne-titel-mara-lionza-zeremonie\\\/#breadcrumb\",\"itemListElement\":[{\"@type\":\"ListItem\",\"position\":1,\"name\":\"Startseite\",\"item\":\"https:\\\/\\\/leonore-mau.de\\\/en\\\/\"},{\"@type\":\"ListItem\",\"position\":2,\"name\":\"Shop\",\"item\":\"https:\\\/\\\/leonore-mau.de\\\/en\\\/shop-2\\\/\"},{\"@type\":\"ListItem\",\"position\":3,\"name\":\"Ohne Titel (Mar\u00eda-Lionza-Zeremonie)\"}]},{\"@type\":\"WebSite\",\"@id\":\"https:\\\/\\\/leonore-mau.de\\\/#website\",\"url\":\"https:\\\/\\\/leonore-mau.de\\\/\",\"name\":\"Leonore Mau\",\"description\":\"Fotografin\",\"potentialAction\":[{\"@type\":\"SearchAction\",\"target\":{\"@type\":\"EntryPoint\",\"urlTemplate\":\"https:\\\/\\\/leonore-mau.de\\\/?s={search_term_string}\"},\"query-input\":{\"@type\":\"PropertyValueSpecification\",\"valueRequired\":true,\"valueName\":\"search_term_string\"}}],\"inLanguage\":\"en-US\"}]}<\/script>\n<!-- \/ Yoast SEO plugin. -->","yoast_head_json":{"title":"Ohne Titel (Mar\u00eda-Lionza-Zeremonie) - Leonore Mau","robots":{"index":"index","follow":"follow","max-snippet":"max-snippet:-1","max-image-preview":"max-image-preview:large","max-video-preview":"max-video-preview:-1"},"canonical":"https:\/\/leonore-mau.de\/produkt\/ohne-titel-mara-lionza-zeremonie\/","og_locale":"en_US","og_type":"article","og_title":"Ohne Titel (Mar\u00eda-Lionza-Zeremonie) - Leonore Mau","og_description":"&#8220;Die Maria-Lionza-Zeremonie ist ein Heilungsritual und wird als Coronaci\u00f3n bezeichnet. Die hier Gekr\u00f6nte darf nun die Trance\u00fcbungen der jungen Gl\u00e4ubigen der Maria Lionza abhalten.&#8221; Referenz: Ronald Kay, Die Kinder Herodots, S. Fischer Verlag GmbH, 2006 R\u00fcckseitenbeschriftung: &#8220;Petersilie Venezuela 1977 Maria Lionza Zeremonie&#8221;","og_url":"https:\/\/leonore-mau.de\/produkt\/ohne-titel-mara-lionza-zeremonie\/","og_site_name":"Leonore Mau","article_modified_time":"2022-09-13T21:11:00+00:00","og_image":[{"width":842,"height":1200,"url":"https:\/\/leonore-mau.de\/wp-content\/uploads\/2022\/07\/70367512.jpg","type":"image\/jpeg"}],"twitter_card":"summary_large_image","schema":{"@context":"https:\/\/schema.org","@graph":[{"@type":"WebPage","@id":"https:\/\/leonore-mau.de\/produkt\/ohne-titel-mara-lionza-zeremonie\/","url":"https:\/\/leonore-mau.de\/produkt\/ohne-titel-mara-lionza-zeremonie\/","name":"Ohne Titel (Mar\u00eda-Lionza-Zeremonie) - Leonore Mau","isPartOf":{"@id":"https:\/\/leonore-mau.de\/#website"},"primaryImageOfPage":{"@id":"https:\/\/leonore-mau.de\/produkt\/ohne-titel-mara-lionza-zeremonie\/#primaryimage"},"image":{"@id":"https:\/\/leonore-mau.de\/produkt\/ohne-titel-mara-lionza-zeremonie\/#primaryimage"},"thumbnailUrl":"https:\/\/leonore-mau.de\/wp-content\/uploads\/2022\/07\/70367512.jpg","datePublished":"2022-07-11T13:16:35+00:00","dateModified":"2022-09-13T21:11:00+00:00","breadcrumb":{"@id":"https:\/\/leonore-mau.de\/produkt\/ohne-titel-mara-lionza-zeremonie\/#breadcrumb"},"inLanguage":"en-US","potentialAction":[{"@type":"ReadAction","target":["https:\/\/leonore-mau.de\/produkt\/ohne-titel-mara-lionza-zeremonie\/"]}]},{"@type":"ImageObject","inLanguage":"en-US","@id":"https:\/\/leonore-mau.de\/produkt\/ohne-titel-mara-lionza-zeremonie\/#primaryimage","url":"https:\/\/leonore-mau.de\/wp-content\/uploads\/2022\/07\/70367512.jpg","contentUrl":"https:\/\/leonore-mau.de\/wp-content\/uploads\/2022\/07\/70367512.jpg","width":842,"height":1200,"caption":"\"Die Maria-Lionza-Zeremonie ist ein Heilungsritual und wird als Coronaci\u00f3n bezeichnet. Die hier Gekr\u00f6nte darf nun die Trance\u00fcbungen der jungen Gl\u00e4ubigen der Maria Lionza abhalten.\" Referenz: Ronald Kay, Die Kinder Herodots, S. Fischer Verlag GmbH, 2006 R\u00fcckseitenbeschriftung: \"Petersilie Venezuela 1977 Maria Lionza Zeremonie\" Aufnahmedatum: 1977 Material\/Technik: Foto \/ Farbdia Bildformat (Foto): Kleinbild Aufnahmeort: Venezuela Inventar-Nr.: LM-506002"},{"@type":"BreadcrumbList","@id":"https:\/\/leonore-mau.de\/produkt\/ohne-titel-mara-lionza-zeremonie\/#breadcrumb","itemListElement":[{"@type":"ListItem","position":1,"name":"Startseite","item":"https:\/\/leonore-mau.de\/en\/"},{"@type":"ListItem","position":2,"name":"Shop","item":"https:\/\/leonore-mau.de\/en\/shop-2\/"},{"@type":"ListItem","position":3,"name":"Ohne Titel (Mar\u00eda-Lionza-Zeremonie)"}]},{"@type":"WebSite","@id":"https:\/\/leonore-mau.de\/#website","url":"https:\/\/leonore-mau.de\/","name":"Leonore Mau","description":"Fotografin","potentialAction":[{"@type":"SearchAction","target":{"@type":"EntryPoint","urlTemplate":"https:\/\/leonore-mau.de\/?s={search_term_string}"},"query-input":{"@type":"PropertyValueSpecification","valueRequired":true,"valueName":"search_term_string"}}],"inLanguage":"en-US"}]}},"_links":{"self":[{"href":"https:\/\/leonore-mau.de\/en\/wp-json\/wp\/v2\/product\/1062","targetHints":{"allow":["GET"]}}],"collection":[{"href":"https:\/\/leonore-mau.de\/en\/wp-json\/wp\/v2\/product"}],"about":[{"href":"https:\/\/leonore-mau.de\/en\/wp-json\/wp\/v2\/types\/product"}],"wp:featuredmedia":[{"embeddable":true,"href":"https:\/\/leonore-mau.de\/en\/wp-json\/wp\/v2\/media\/510"}],"wp:attachment":[{"href":"https:\/\/leonore-mau.de\/en\/wp-json\/wp\/v2\/media?parent=1062"}],"wp:term":[{"taxonomy":"product_brand","embeddable":true,"href":"https:\/\/leonore-mau.de\/en\/wp-json\/wp\/v2\/product_brand?post=1062"},{"taxonomy":"product_cat","embeddable":true,"href":"https:\/\/leonore-mau.de\/en\/wp-json\/wp\/v2\/product_cat?post=1062"},{"taxonomy":"product_tag","embeddable":true,"href":"https:\/\/leonore-mau.de\/en\/wp-json\/wp\/v2\/product_tag?post=1062"}],"curies":[{"name":"wp","href":"https:\/\/api.w.org\/{rel}","templated":true}]}}