{"id":1063,"date":"2022-07-11T15:16:35","date_gmt":"2022-07-11T13:16:35","guid":{"rendered":"https:\/\/leonore-mau.de\/produkt\/ohne-titel-verkerzung-beim-velacin-ritual-3\/"},"modified":"2022-09-13T23:11:00","modified_gmt":"2022-09-13T21:11:00","slug":"ohne-titel-verkerzung-beim-velacin-ritual-3","status":"publish","type":"product","link":"https:\/\/leonore-mau.de\/en\/produkt\/ohne-titel-verkerzung-beim-velacin-ritual-3\/","title":{"rendered":"Ohne Titel (Verkerzung beim Velaci\u00f3n-Ritual)"},"content":{"rendered":"<p>&#8220;Zum Ritus der Velaci\u00f3n, des Velat\u00f3rio, werden die Gl\u00e4ubigen auf den Boden gelegt, eingepudert und von Kerzen umgeben.&#8221; Referenz: Hubert Fichte und Leonore Mau, Petersilie, S. Fischer Verlag GmbH, 1980 R\u00fcckseitenbeschriftung: &#8220;Venezuela Maria Lionza Zeremonie 1977 am Orinoco Petersilie&#8221;<\/p>\n","protected":false},"excerpt":{"rendered":"<p>&#8220;Zum Ritus der Velaci\u00f3n, des Velat\u00f3rio, werden die Gl\u00e4ubigen auf den Boden gelegt, eingepudert und von Kerzen umgeben.&#8221; Referenz: Hubert Fichte und Leonore Mau, Petersilie, S. Fischer Verlag GmbH, 1980 R\u00fcckseitenbeschriftung: &#8220;Venezuela Maria Lionza Zeremonie 1977 am Orinoco Petersilie&#8221;<\/p>\n","protected":false},"featured_media":511,"template":"","meta":[],"product_brand":[],"product_cat":[17,4444],"product_tag":[78,22,24,21,23,1054,80,84,1057,1008,1009,36,37,39,40,41,42,43,44,354,181,182,183,184,185,186,187,1060,1061,1062,1063,1064,1065,1066,1067,1068,1069,1071,1072,1073,1074,1075,1076,1077,1050,70,71,1079,525,526,1080,1081,1013,1014,1015,1016,1017,1018,1019,95,1021,1022,1023,1024,1025,1026,163,164,1084,1032,1033,1034,1035,1036,1037,1038,1039],"class_list":{"0":"post-1063","1":"product","2":"type-product","3":"status-publish","4":"has-post-thumbnail","6":"product_cat-unkategorisiert","7":"product_cat-venezuela","8":"product_tag-1970er-jahre","9":"product_tag-20-jahrhundert-nach-chr","10":"product_tag-20-jh-n-chr","11":"product_tag-20-jahrhundert","12":"product_tag-20-jh","13":"product_tag-4-4_venezuela","14":"product_tag-70er","15":"product_tag-ausland","16":"product_tag-boden","17":"product_tag-ceremonie","18":"product_tag-ceremonien","19":"product_tag-farbaufnahme","20":"product_tag-farbaufnahmen","21":"product_tag-farbfoto","22":"product_tag-farbfotografie","23":"product_tag-farbphoto","24":"product_tag-farbphotographie","25":"product_tag-fotografin","26":"product_tag-fotografinnen","27":"product_tag-frau","28":"product_tag-halbakt","29":"product_tag-halbakte","30":"product_tag-halbnackt","31":"product_tag-halbnackte","32":"product_tag-halbnackten","33":"product_tag-halbnackter","34":"product_tag-halbnacktes","35":"product_tag-kerze","36":"product_tag-kerzen","37":"product_tag-kerzenflamme","38":"product_tag-liegen","39":"product_tag-liegend","40":"product_tag-liegende","41":"product_tag-liegendem","42":"product_tag-liegenden","43":"product_tag-liegender","44":"product_tag-liegendes","45":"product_tag-nacht","46":"product_tag-naechtlich","47":"product_tag-naechtliche","48":"product_tag-naechtlichen","49":"product_tag-naechtlicher","50":"product_tag-naechtliches","51":"product_tag-nachts","52":"product_tag-petersilie","53":"product_tag-photographin","54":"product_tag-photographinnen","55":"product_tag-puder","56":"product_tag-religion","57":"product_tag-religionen","58":"product_tag-religionsgemeinschaft","59":"product_tag-religionsgemeinschaften","60":"product_tag-ritual","61":"product_tag-rituale","62":"product_tag-rituell","63":"product_tag-rituelle","64":"product_tag-rituellen","65":"product_tag-ritueller","66":"product_tag-rituelles","67":"product_tag-siebziger","68":"product_tag-spiritualitaet","69":"product_tag-spirituell","70":"product_tag-spirituelle","71":"product_tag-spirituellen","72":"product_tag-spiritueller","73":"product_tag-spirituelles","74":"product_tag-suedamerika","75":"product_tag-suedamerikas","76":"product_tag-venezuela","77":"product_tag-zeremonie","78":"product_tag-zeremoniell","79":"product_tag-zeremonielle","80":"product_tag-zeremoniellem","81":"product_tag-zeremoniellen","82":"product_tag-zeremonieller","83":"product_tag-zeremonielles","84":"product_tag-zeremonien","86":"first","87":"instock","88":"shipping-taxable","89":"product-type-simple"},"yoast_head":"<!-- This site is optimized with the Yoast SEO plugin v27.3 - https:\/\/yoast.com\/product\/yoast-seo-wordpress\/ -->\n<title>Ohne Titel (Verkerzung beim Velaci\u00f3n-Ritual) - Leonore Mau<\/title>\n<meta name=\"robots\" content=\"index, follow, max-snippet:-1, max-image-preview:large, max-video-preview:-1\" \/>\n<link rel=\"canonical\" href=\"https:\/\/leonore-mau.de\/produkt\/ohne-titel-verkerzung-beim-velacin-ritual-3\/\" \/>\n<meta property=\"og:locale\" content=\"en_US\" \/>\n<meta property=\"og:type\" content=\"article\" \/>\n<meta property=\"og:title\" content=\"Ohne Titel (Verkerzung beim Velaci\u00f3n-Ritual) - Leonore Mau\" \/>\n<meta property=\"og:description\" content=\"&#8220;Zum Ritus der Velaci\u00f3n, des Velat\u00f3rio, werden die Gl\u00e4ubigen auf den Boden gelegt, eingepudert und von Kerzen umgeben.&#8221; Referenz: Hubert Fichte und Leonore Mau, Petersilie, S. Fischer Verlag GmbH, 1980 R\u00fcckseitenbeschriftung: &#8220;Venezuela Maria Lionza Zeremonie 1977 am Orinoco Petersilie&#8221;\" \/>\n<meta property=\"og:url\" content=\"https:\/\/leonore-mau.de\/produkt\/ohne-titel-verkerzung-beim-velacin-ritual-3\/\" \/>\n<meta property=\"og:site_name\" content=\"Leonore Mau\" \/>\n<meta property=\"article:modified_time\" content=\"2022-09-13T21:11:00+00:00\" \/>\n<meta property=\"og:image\" content=\"https:\/\/leonore-mau.de\/wp-content\/uploads\/2022\/07\/70367513.jpg\" \/>\n\t<meta property=\"og:image:width\" content=\"1200\" \/>\n\t<meta property=\"og:image:height\" content=\"898\" \/>\n\t<meta property=\"og:image:type\" content=\"image\/jpeg\" \/>\n<meta name=\"twitter:card\" content=\"summary_large_image\" \/>\n<script type=\"application\/ld+json\" class=\"yoast-schema-graph\">{\"@context\":\"https:\\\/\\\/schema.org\",\"@graph\":[{\"@type\":\"WebPage\",\"@id\":\"https:\\\/\\\/leonore-mau.de\\\/produkt\\\/ohne-titel-verkerzung-beim-velacin-ritual-3\\\/\",\"url\":\"https:\\\/\\\/leonore-mau.de\\\/produkt\\\/ohne-titel-verkerzung-beim-velacin-ritual-3\\\/\",\"name\":\"Ohne Titel (Verkerzung beim Velaci\u00f3n-Ritual) - Leonore Mau\",\"isPartOf\":{\"@id\":\"https:\\\/\\\/leonore-mau.de\\\/#website\"},\"primaryImageOfPage\":{\"@id\":\"https:\\\/\\\/leonore-mau.de\\\/produkt\\\/ohne-titel-verkerzung-beim-velacin-ritual-3\\\/#primaryimage\"},\"image\":{\"@id\":\"https:\\\/\\\/leonore-mau.de\\\/produkt\\\/ohne-titel-verkerzung-beim-velacin-ritual-3\\\/#primaryimage\"},\"thumbnailUrl\":\"https:\\\/\\\/leonore-mau.de\\\/wp-content\\\/uploads\\\/2022\\\/07\\\/70367513.jpg\",\"datePublished\":\"2022-07-11T13:16:35+00:00\",\"dateModified\":\"2022-09-13T21:11:00+00:00\",\"breadcrumb\":{\"@id\":\"https:\\\/\\\/leonore-mau.de\\\/produkt\\\/ohne-titel-verkerzung-beim-velacin-ritual-3\\\/#breadcrumb\"},\"inLanguage\":\"en-US\",\"potentialAction\":[{\"@type\":\"ReadAction\",\"target\":[\"https:\\\/\\\/leonore-mau.de\\\/produkt\\\/ohne-titel-verkerzung-beim-velacin-ritual-3\\\/\"]}]},{\"@type\":\"ImageObject\",\"inLanguage\":\"en-US\",\"@id\":\"https:\\\/\\\/leonore-mau.de\\\/produkt\\\/ohne-titel-verkerzung-beim-velacin-ritual-3\\\/#primaryimage\",\"url\":\"https:\\\/\\\/leonore-mau.de\\\/wp-content\\\/uploads\\\/2022\\\/07\\\/70367513.jpg\",\"contentUrl\":\"https:\\\/\\\/leonore-mau.de\\\/wp-content\\\/uploads\\\/2022\\\/07\\\/70367513.jpg\",\"width\":1200,\"height\":898,\"caption\":\"\\\"Zum Ritus der Velaci\u00f3n, des Velat\u00f3rio, werden die Gl\u00e4ubigen auf den Boden gelegt, eingepudert und von Kerzen umgeben.\\\" Referenz: Hubert Fichte und Leonore Mau, Petersilie, S. Fischer Verlag GmbH, 1980 R\u00fcckseitenbeschriftung: \\\"Venezuela Maria Lionza Zeremonie 1977 am Orinoco Petersilie\\\" Aufnahmedatum: 1977 Material\\\/Technik: Foto \\\/ Farbdia Bildformat (Foto): Kleinbild Aufnahmeort: El Tigre \\\/ Venezuela Inventar-Nr.: LM-506003\"},{\"@type\":\"BreadcrumbList\",\"@id\":\"https:\\\/\\\/leonore-mau.de\\\/produkt\\\/ohne-titel-verkerzung-beim-velacin-ritual-3\\\/#breadcrumb\",\"itemListElement\":[{\"@type\":\"ListItem\",\"position\":1,\"name\":\"Startseite\",\"item\":\"https:\\\/\\\/leonore-mau.de\\\/en\\\/\"},{\"@type\":\"ListItem\",\"position\":2,\"name\":\"Shop\",\"item\":\"https:\\\/\\\/leonore-mau.de\\\/en\\\/shop-2\\\/\"},{\"@type\":\"ListItem\",\"position\":3,\"name\":\"Ohne Titel (Verkerzung beim Velaci\u00f3n-Ritual)\"}]},{\"@type\":\"WebSite\",\"@id\":\"https:\\\/\\\/leonore-mau.de\\\/#website\",\"url\":\"https:\\\/\\\/leonore-mau.de\\\/\",\"name\":\"Leonore Mau\",\"description\":\"Fotografin\",\"potentialAction\":[{\"@type\":\"SearchAction\",\"target\":{\"@type\":\"EntryPoint\",\"urlTemplate\":\"https:\\\/\\\/leonore-mau.de\\\/?s={search_term_string}\"},\"query-input\":{\"@type\":\"PropertyValueSpecification\",\"valueRequired\":true,\"valueName\":\"search_term_string\"}}],\"inLanguage\":\"en-US\"}]}<\/script>\n<!-- \/ Yoast SEO plugin. -->","yoast_head_json":{"title":"Ohne Titel (Verkerzung beim Velaci\u00f3n-Ritual) - Leonore Mau","robots":{"index":"index","follow":"follow","max-snippet":"max-snippet:-1","max-image-preview":"max-image-preview:large","max-video-preview":"max-video-preview:-1"},"canonical":"https:\/\/leonore-mau.de\/produkt\/ohne-titel-verkerzung-beim-velacin-ritual-3\/","og_locale":"en_US","og_type":"article","og_title":"Ohne Titel (Verkerzung beim Velaci\u00f3n-Ritual) - Leonore Mau","og_description":"&#8220;Zum Ritus der Velaci\u00f3n, des Velat\u00f3rio, werden die Gl\u00e4ubigen auf den Boden gelegt, eingepudert und von Kerzen umgeben.&#8221; Referenz: Hubert Fichte und Leonore Mau, Petersilie, S. Fischer Verlag GmbH, 1980 R\u00fcckseitenbeschriftung: &#8220;Venezuela Maria Lionza Zeremonie 1977 am Orinoco Petersilie&#8221;","og_url":"https:\/\/leonore-mau.de\/produkt\/ohne-titel-verkerzung-beim-velacin-ritual-3\/","og_site_name":"Leonore Mau","article_modified_time":"2022-09-13T21:11:00+00:00","og_image":[{"width":1200,"height":898,"url":"https:\/\/leonore-mau.de\/wp-content\/uploads\/2022\/07\/70367513.jpg","type":"image\/jpeg"}],"twitter_card":"summary_large_image","schema":{"@context":"https:\/\/schema.org","@graph":[{"@type":"WebPage","@id":"https:\/\/leonore-mau.de\/produkt\/ohne-titel-verkerzung-beim-velacin-ritual-3\/","url":"https:\/\/leonore-mau.de\/produkt\/ohne-titel-verkerzung-beim-velacin-ritual-3\/","name":"Ohne Titel (Verkerzung beim Velaci\u00f3n-Ritual) - Leonore Mau","isPartOf":{"@id":"https:\/\/leonore-mau.de\/#website"},"primaryImageOfPage":{"@id":"https:\/\/leonore-mau.de\/produkt\/ohne-titel-verkerzung-beim-velacin-ritual-3\/#primaryimage"},"image":{"@id":"https:\/\/leonore-mau.de\/produkt\/ohne-titel-verkerzung-beim-velacin-ritual-3\/#primaryimage"},"thumbnailUrl":"https:\/\/leonore-mau.de\/wp-content\/uploads\/2022\/07\/70367513.jpg","datePublished":"2022-07-11T13:16:35+00:00","dateModified":"2022-09-13T21:11:00+00:00","breadcrumb":{"@id":"https:\/\/leonore-mau.de\/produkt\/ohne-titel-verkerzung-beim-velacin-ritual-3\/#breadcrumb"},"inLanguage":"en-US","potentialAction":[{"@type":"ReadAction","target":["https:\/\/leonore-mau.de\/produkt\/ohne-titel-verkerzung-beim-velacin-ritual-3\/"]}]},{"@type":"ImageObject","inLanguage":"en-US","@id":"https:\/\/leonore-mau.de\/produkt\/ohne-titel-verkerzung-beim-velacin-ritual-3\/#primaryimage","url":"https:\/\/leonore-mau.de\/wp-content\/uploads\/2022\/07\/70367513.jpg","contentUrl":"https:\/\/leonore-mau.de\/wp-content\/uploads\/2022\/07\/70367513.jpg","width":1200,"height":898,"caption":"\"Zum Ritus der Velaci\u00f3n, des Velat\u00f3rio, werden die Gl\u00e4ubigen auf den Boden gelegt, eingepudert und von Kerzen umgeben.\" Referenz: Hubert Fichte und Leonore Mau, Petersilie, S. Fischer Verlag GmbH, 1980 R\u00fcckseitenbeschriftung: \"Venezuela Maria Lionza Zeremonie 1977 am Orinoco Petersilie\" Aufnahmedatum: 1977 Material\/Technik: Foto \/ Farbdia Bildformat (Foto): Kleinbild Aufnahmeort: El Tigre \/ Venezuela Inventar-Nr.: LM-506003"},{"@type":"BreadcrumbList","@id":"https:\/\/leonore-mau.de\/produkt\/ohne-titel-verkerzung-beim-velacin-ritual-3\/#breadcrumb","itemListElement":[{"@type":"ListItem","position":1,"name":"Startseite","item":"https:\/\/leonore-mau.de\/en\/"},{"@type":"ListItem","position":2,"name":"Shop","item":"https:\/\/leonore-mau.de\/en\/shop-2\/"},{"@type":"ListItem","position":3,"name":"Ohne Titel (Verkerzung beim Velaci\u00f3n-Ritual)"}]},{"@type":"WebSite","@id":"https:\/\/leonore-mau.de\/#website","url":"https:\/\/leonore-mau.de\/","name":"Leonore Mau","description":"Fotografin","potentialAction":[{"@type":"SearchAction","target":{"@type":"EntryPoint","urlTemplate":"https:\/\/leonore-mau.de\/?s={search_term_string}"},"query-input":{"@type":"PropertyValueSpecification","valueRequired":true,"valueName":"search_term_string"}}],"inLanguage":"en-US"}]}},"_links":{"self":[{"href":"https:\/\/leonore-mau.de\/en\/wp-json\/wp\/v2\/product\/1063","targetHints":{"allow":["GET"]}}],"collection":[{"href":"https:\/\/leonore-mau.de\/en\/wp-json\/wp\/v2\/product"}],"about":[{"href":"https:\/\/leonore-mau.de\/en\/wp-json\/wp\/v2\/types\/product"}],"wp:featuredmedia":[{"embeddable":true,"href":"https:\/\/leonore-mau.de\/en\/wp-json\/wp\/v2\/media\/511"}],"wp:attachment":[{"href":"https:\/\/leonore-mau.de\/en\/wp-json\/wp\/v2\/media?parent=1063"}],"wp:term":[{"taxonomy":"product_brand","embeddable":true,"href":"https:\/\/leonore-mau.de\/en\/wp-json\/wp\/v2\/product_brand?post=1063"},{"taxonomy":"product_cat","embeddable":true,"href":"https:\/\/leonore-mau.de\/en\/wp-json\/wp\/v2\/product_cat?post=1063"},{"taxonomy":"product_tag","embeddable":true,"href":"https:\/\/leonore-mau.de\/en\/wp-json\/wp\/v2\/product_tag?post=1063"}],"curies":[{"name":"wp","href":"https:\/\/api.w.org\/{rel}","templated":true}]}}