{"id":1065,"date":"2022-07-11T15:16:36","date_gmt":"2022-07-11T13:16:36","guid":{"rendered":"https:\/\/leonore-mau.de\/produkt\/ohne-titel-verkerzung-beim-velacin-ritual-4\/"},"modified":"2022-09-13T23:11:01","modified_gmt":"2022-09-13T21:11:01","slug":"ohne-titel-verkerzung-beim-velacin-ritual-4","status":"publish","type":"product","link":"https:\/\/leonore-mau.de\/en\/produkt\/ohne-titel-verkerzung-beim-velacin-ritual-4\/","title":{"rendered":"Ohne Titel (Verkerzung beim Velaci\u00f3n-Ritual)"},"content":{"rendered":"<p>In ein gr\u00fcnes Tuch eingeh\u00fcllte Person liegt auf dem Boden und ist von brennenden Kerzen umgeben. &#8220;Zum Ritus der Velaci\u00f3n, des Velat\u00f3rio, werden die Gl\u00e4ubigen auf den Boden gelegt, eingepudert und von Kerzen umgeben. Die Verkerzungen finden vor allem nachts statt. Oft verkerzt ein Priester mehrere Personen zur selben Zeit. Die Verkerzungen sollen die verschiedenen Krankheiten heilen, vor allem wohl psychosomatische St\u00f6rungen.&#8221; Referenz: Hubert Fichte und Leonore Mau, Petersilie, S. Fischer Verlag GmbH, 1980 R\u00fcckseitenbeschriftung: &#8220;Petersilie, 1978, Im Wald am Orinoco, Eine Verkerzung (Heilung)&#8221; (Datierung ist nicht korrekt)<\/p>\n","protected":false},"excerpt":{"rendered":"<p>In ein gr\u00fcnes Tuch eingeh\u00fcllte Person liegt auf dem Boden und ist von brennenden Kerzen umgeben. &#8220;Zum Ritus der Velaci\u00f3n, des Velat\u00f3rio, werden die Gl\u00e4ubigen auf den Boden gelegt, eingepudert und von Kerzen umgeben. Die Verkerzungen finden vor allem nachts statt. Oft verkerzt ein Priester mehrere Personen zur selben Zeit. Die Verkerzungen sollen die verschiedenen [&hellip;]<\/p>\n","protected":false},"featured_media":513,"template":"","meta":[],"product_brand":[],"product_cat":[17,4444],"product_tag":[78,22,24,21,23,1054,80,84,1177,1178,1057,1058,1059,1008,1009,36,37,39,40,41,42,43,44,1060,1061,1062,1063,1064,1065,1066,1067,1068,1069,1071,1072,1073,1074,1075,1076,1077,70,71,525,526,1080,1081,1013,1014,1015,1016,1017,1018,1019,2492,95,1021,1022,1023,1024,1025,1026,163,164,1030,2493,1084,1032,1033,1034,1035,1036,1037,1038,1039],"class_list":{"0":"post-1065","1":"product","2":"type-product","3":"status-publish","4":"has-post-thumbnail","6":"product_cat-unkategorisiert","7":"product_cat-venezuela","8":"product_tag-1970er-jahre","9":"product_tag-20-jahrhundert-nach-chr","10":"product_tag-20-jh-n-chr","11":"product_tag-20-jahrhundert","12":"product_tag-20-jh","13":"product_tag-4-4_venezuela","14":"product_tag-70er","15":"product_tag-ausland","16":"product_tag-blume","17":"product_tag-blumen","18":"product_tag-boden","19":"product_tag-brauch","20":"product_tag-braeuche","21":"product_tag-ceremonie","22":"product_tag-ceremonien","23":"product_tag-farbaufnahme","24":"product_tag-farbaufnahmen","25":"product_tag-farbfoto","26":"product_tag-farbfotografie","27":"product_tag-farbphoto","28":"product_tag-farbphotographie","29":"product_tag-fotografin","30":"product_tag-fotografinnen","31":"product_tag-kerze","32":"product_tag-kerzen","33":"product_tag-kerzenflamme","34":"product_tag-liegen","35":"product_tag-liegend","36":"product_tag-liegende","37":"product_tag-liegendem","38":"product_tag-liegenden","39":"product_tag-liegender","40":"product_tag-liegendes","41":"product_tag-nacht","42":"product_tag-naechtlich","43":"product_tag-naechtliche","44":"product_tag-naechtlichen","45":"product_tag-naechtlicher","46":"product_tag-naechtliches","47":"product_tag-nachts","48":"product_tag-photographin","49":"product_tag-photographinnen","50":"product_tag-religion","51":"product_tag-religionen","52":"product_tag-religionsgemeinschaft","53":"product_tag-religionsgemeinschaften","54":"product_tag-ritual","55":"product_tag-rituale","56":"product_tag-rituell","57":"product_tag-rituelle","58":"product_tag-rituellen","59":"product_tag-ritueller","60":"product_tag-rituelles","61":"product_tag-rosen","62":"product_tag-siebziger","63":"product_tag-spiritualitaet","64":"product_tag-spirituell","65":"product_tag-spirituelle","66":"product_tag-spirituellen","67":"product_tag-spiritueller","68":"product_tag-spirituelles","69":"product_tag-suedamerika","70":"product_tag-suedamerikas","71":"product_tag-tuch","72":"product_tag-umhuellung","73":"product_tag-venezuela","74":"product_tag-zeremonie","75":"product_tag-zeremoniell","76":"product_tag-zeremonielle","77":"product_tag-zeremoniellem","78":"product_tag-zeremoniellen","79":"product_tag-zeremonieller","80":"product_tag-zeremonielles","81":"product_tag-zeremonien","83":"first","84":"instock","85":"shipping-taxable","86":"product-type-simple"},"yoast_head":"<!-- This site is optimized with the Yoast SEO plugin v27.3 - https:\/\/yoast.com\/product\/yoast-seo-wordpress\/ -->\n<title>Ohne Titel (Verkerzung beim Velaci\u00f3n-Ritual) - Leonore Mau<\/title>\n<meta name=\"robots\" content=\"index, follow, max-snippet:-1, max-image-preview:large, max-video-preview:-1\" \/>\n<link rel=\"canonical\" href=\"https:\/\/leonore-mau.de\/produkt\/ohne-titel-verkerzung-beim-velacin-ritual-4\/\" \/>\n<meta property=\"og:locale\" content=\"en_US\" \/>\n<meta property=\"og:type\" content=\"article\" \/>\n<meta property=\"og:title\" content=\"Ohne Titel (Verkerzung beim Velaci\u00f3n-Ritual) - Leonore Mau\" \/>\n<meta property=\"og:description\" content=\"In ein gr\u00fcnes Tuch eingeh\u00fcllte Person liegt auf dem Boden und ist von brennenden Kerzen umgeben. &#8220;Zum Ritus der Velaci\u00f3n, des Velat\u00f3rio, werden die Gl\u00e4ubigen auf den Boden gelegt, eingepudert und von Kerzen umgeben. Die Verkerzungen finden vor allem nachts statt. Oft verkerzt ein Priester mehrere Personen zur selben Zeit. Die Verkerzungen sollen die verschiedenen [&hellip;]\" \/>\n<meta property=\"og:url\" content=\"https:\/\/leonore-mau.de\/produkt\/ohne-titel-verkerzung-beim-velacin-ritual-4\/\" \/>\n<meta property=\"og:site_name\" content=\"Leonore Mau\" \/>\n<meta property=\"article:modified_time\" content=\"2022-09-13T21:11:01+00:00\" \/>\n<meta property=\"og:image\" content=\"https:\/\/leonore-mau.de\/wp-content\/uploads\/2022\/07\/70367515.jpg\" \/>\n\t<meta property=\"og:image:width\" content=\"823\" \/>\n\t<meta property=\"og:image:height\" content=\"1200\" \/>\n\t<meta property=\"og:image:type\" content=\"image\/jpeg\" \/>\n<meta name=\"twitter:card\" content=\"summary_large_image\" \/>\n<script type=\"application\/ld+json\" class=\"yoast-schema-graph\">{\"@context\":\"https:\\\/\\\/schema.org\",\"@graph\":[{\"@type\":\"WebPage\",\"@id\":\"https:\\\/\\\/leonore-mau.de\\\/produkt\\\/ohne-titel-verkerzung-beim-velacin-ritual-4\\\/\",\"url\":\"https:\\\/\\\/leonore-mau.de\\\/produkt\\\/ohne-titel-verkerzung-beim-velacin-ritual-4\\\/\",\"name\":\"Ohne Titel (Verkerzung beim Velaci\u00f3n-Ritual) - Leonore Mau\",\"isPartOf\":{\"@id\":\"https:\\\/\\\/leonore-mau.de\\\/#website\"},\"primaryImageOfPage\":{\"@id\":\"https:\\\/\\\/leonore-mau.de\\\/produkt\\\/ohne-titel-verkerzung-beim-velacin-ritual-4\\\/#primaryimage\"},\"image\":{\"@id\":\"https:\\\/\\\/leonore-mau.de\\\/produkt\\\/ohne-titel-verkerzung-beim-velacin-ritual-4\\\/#primaryimage\"},\"thumbnailUrl\":\"https:\\\/\\\/leonore-mau.de\\\/wp-content\\\/uploads\\\/2022\\\/07\\\/70367515.jpg\",\"datePublished\":\"2022-07-11T13:16:36+00:00\",\"dateModified\":\"2022-09-13T21:11:01+00:00\",\"breadcrumb\":{\"@id\":\"https:\\\/\\\/leonore-mau.de\\\/produkt\\\/ohne-titel-verkerzung-beim-velacin-ritual-4\\\/#breadcrumb\"},\"inLanguage\":\"en-US\",\"potentialAction\":[{\"@type\":\"ReadAction\",\"target\":[\"https:\\\/\\\/leonore-mau.de\\\/produkt\\\/ohne-titel-verkerzung-beim-velacin-ritual-4\\\/\"]}]},{\"@type\":\"ImageObject\",\"inLanguage\":\"en-US\",\"@id\":\"https:\\\/\\\/leonore-mau.de\\\/produkt\\\/ohne-titel-verkerzung-beim-velacin-ritual-4\\\/#primaryimage\",\"url\":\"https:\\\/\\\/leonore-mau.de\\\/wp-content\\\/uploads\\\/2022\\\/07\\\/70367515.jpg\",\"contentUrl\":\"https:\\\/\\\/leonore-mau.de\\\/wp-content\\\/uploads\\\/2022\\\/07\\\/70367515.jpg\",\"width\":823,\"height\":1200,\"caption\":\"In ein gr\u00fcnes Tuch eingeh\u00fcllte Person liegt auf dem Boden und ist von brennenden Kerzen umgeben. \\\"Zum Ritus der Velaci\u00f3n, des Velat\u00f3rio, werden die Gl\u00e4ubigen auf den Boden gelegt, eingepudert und von Kerzen umgeben. Die Verkerzungen finden vor allem nachts statt. Oft verkerzt ein Priester mehrere Personen zur selben Zeit. Die Verkerzungen sollen die verschiedenen Krankheiten heilen, vor allem wohl psychosomatische St\u00f6rungen.\\\" Referenz: Hubert Fichte und Leonore Mau, Petersilie, S. Fischer Verlag GmbH, 1980 R\u00fcckseitenbeschriftung: \\\"Petersilie, 1978, Im Wald am Orinoco, Eine Verkerzung (Heilung)\\\" (Datierung ist nicht korrekt) Aufnahmedatum: 1977 Material\\\/Technik: Foto \\\/ Cibachrome Bildformat (Foto): 48,4 x 60,0 cm Aufnahmeort: El Tigre \\\/ Venezuela Inventar-Nr.: LM-506060\"},{\"@type\":\"BreadcrumbList\",\"@id\":\"https:\\\/\\\/leonore-mau.de\\\/produkt\\\/ohne-titel-verkerzung-beim-velacin-ritual-4\\\/#breadcrumb\",\"itemListElement\":[{\"@type\":\"ListItem\",\"position\":1,\"name\":\"Startseite\",\"item\":\"https:\\\/\\\/leonore-mau.de\\\/en\\\/\"},{\"@type\":\"ListItem\",\"position\":2,\"name\":\"Shop\",\"item\":\"https:\\\/\\\/leonore-mau.de\\\/en\\\/shop-2\\\/\"},{\"@type\":\"ListItem\",\"position\":3,\"name\":\"Ohne Titel (Verkerzung beim Velaci\u00f3n-Ritual)\"}]},{\"@type\":\"WebSite\",\"@id\":\"https:\\\/\\\/leonore-mau.de\\\/#website\",\"url\":\"https:\\\/\\\/leonore-mau.de\\\/\",\"name\":\"Leonore Mau\",\"description\":\"Fotografin\",\"potentialAction\":[{\"@type\":\"SearchAction\",\"target\":{\"@type\":\"EntryPoint\",\"urlTemplate\":\"https:\\\/\\\/leonore-mau.de\\\/?s={search_term_string}\"},\"query-input\":{\"@type\":\"PropertyValueSpecification\",\"valueRequired\":true,\"valueName\":\"search_term_string\"}}],\"inLanguage\":\"en-US\"}]}<\/script>\n<!-- \/ Yoast SEO plugin. -->","yoast_head_json":{"title":"Ohne Titel (Verkerzung beim Velaci\u00f3n-Ritual) - Leonore Mau","robots":{"index":"index","follow":"follow","max-snippet":"max-snippet:-1","max-image-preview":"max-image-preview:large","max-video-preview":"max-video-preview:-1"},"canonical":"https:\/\/leonore-mau.de\/produkt\/ohne-titel-verkerzung-beim-velacin-ritual-4\/","og_locale":"en_US","og_type":"article","og_title":"Ohne Titel (Verkerzung beim Velaci\u00f3n-Ritual) - Leonore Mau","og_description":"In ein gr\u00fcnes Tuch eingeh\u00fcllte Person liegt auf dem Boden und ist von brennenden Kerzen umgeben. &#8220;Zum Ritus der Velaci\u00f3n, des Velat\u00f3rio, werden die Gl\u00e4ubigen auf den Boden gelegt, eingepudert und von Kerzen umgeben. Die Verkerzungen finden vor allem nachts statt. Oft verkerzt ein Priester mehrere Personen zur selben Zeit. Die Verkerzungen sollen die verschiedenen [&hellip;]","og_url":"https:\/\/leonore-mau.de\/produkt\/ohne-titel-verkerzung-beim-velacin-ritual-4\/","og_site_name":"Leonore Mau","article_modified_time":"2022-09-13T21:11:01+00:00","og_image":[{"width":823,"height":1200,"url":"https:\/\/leonore-mau.de\/wp-content\/uploads\/2022\/07\/70367515.jpg","type":"image\/jpeg"}],"twitter_card":"summary_large_image","schema":{"@context":"https:\/\/schema.org","@graph":[{"@type":"WebPage","@id":"https:\/\/leonore-mau.de\/produkt\/ohne-titel-verkerzung-beim-velacin-ritual-4\/","url":"https:\/\/leonore-mau.de\/produkt\/ohne-titel-verkerzung-beim-velacin-ritual-4\/","name":"Ohne Titel (Verkerzung beim Velaci\u00f3n-Ritual) - Leonore Mau","isPartOf":{"@id":"https:\/\/leonore-mau.de\/#website"},"primaryImageOfPage":{"@id":"https:\/\/leonore-mau.de\/produkt\/ohne-titel-verkerzung-beim-velacin-ritual-4\/#primaryimage"},"image":{"@id":"https:\/\/leonore-mau.de\/produkt\/ohne-titel-verkerzung-beim-velacin-ritual-4\/#primaryimage"},"thumbnailUrl":"https:\/\/leonore-mau.de\/wp-content\/uploads\/2022\/07\/70367515.jpg","datePublished":"2022-07-11T13:16:36+00:00","dateModified":"2022-09-13T21:11:01+00:00","breadcrumb":{"@id":"https:\/\/leonore-mau.de\/produkt\/ohne-titel-verkerzung-beim-velacin-ritual-4\/#breadcrumb"},"inLanguage":"en-US","potentialAction":[{"@type":"ReadAction","target":["https:\/\/leonore-mau.de\/produkt\/ohne-titel-verkerzung-beim-velacin-ritual-4\/"]}]},{"@type":"ImageObject","inLanguage":"en-US","@id":"https:\/\/leonore-mau.de\/produkt\/ohne-titel-verkerzung-beim-velacin-ritual-4\/#primaryimage","url":"https:\/\/leonore-mau.de\/wp-content\/uploads\/2022\/07\/70367515.jpg","contentUrl":"https:\/\/leonore-mau.de\/wp-content\/uploads\/2022\/07\/70367515.jpg","width":823,"height":1200,"caption":"In ein gr\u00fcnes Tuch eingeh\u00fcllte Person liegt auf dem Boden und ist von brennenden Kerzen umgeben. \"Zum Ritus der Velaci\u00f3n, des Velat\u00f3rio, werden die Gl\u00e4ubigen auf den Boden gelegt, eingepudert und von Kerzen umgeben. Die Verkerzungen finden vor allem nachts statt. Oft verkerzt ein Priester mehrere Personen zur selben Zeit. Die Verkerzungen sollen die verschiedenen Krankheiten heilen, vor allem wohl psychosomatische St\u00f6rungen.\" Referenz: Hubert Fichte und Leonore Mau, Petersilie, S. Fischer Verlag GmbH, 1980 R\u00fcckseitenbeschriftung: \"Petersilie, 1978, Im Wald am Orinoco, Eine Verkerzung (Heilung)\" (Datierung ist nicht korrekt) Aufnahmedatum: 1977 Material\/Technik: Foto \/ Cibachrome Bildformat (Foto): 48,4 x 60,0 cm Aufnahmeort: El Tigre \/ Venezuela Inventar-Nr.: LM-506060"},{"@type":"BreadcrumbList","@id":"https:\/\/leonore-mau.de\/produkt\/ohne-titel-verkerzung-beim-velacin-ritual-4\/#breadcrumb","itemListElement":[{"@type":"ListItem","position":1,"name":"Startseite","item":"https:\/\/leonore-mau.de\/en\/"},{"@type":"ListItem","position":2,"name":"Shop","item":"https:\/\/leonore-mau.de\/en\/shop-2\/"},{"@type":"ListItem","position":3,"name":"Ohne Titel (Verkerzung beim Velaci\u00f3n-Ritual)"}]},{"@type":"WebSite","@id":"https:\/\/leonore-mau.de\/#website","url":"https:\/\/leonore-mau.de\/","name":"Leonore Mau","description":"Fotografin","potentialAction":[{"@type":"SearchAction","target":{"@type":"EntryPoint","urlTemplate":"https:\/\/leonore-mau.de\/?s={search_term_string}"},"query-input":{"@type":"PropertyValueSpecification","valueRequired":true,"valueName":"search_term_string"}}],"inLanguage":"en-US"}]}},"_links":{"self":[{"href":"https:\/\/leonore-mau.de\/en\/wp-json\/wp\/v2\/product\/1065","targetHints":{"allow":["GET"]}}],"collection":[{"href":"https:\/\/leonore-mau.de\/en\/wp-json\/wp\/v2\/product"}],"about":[{"href":"https:\/\/leonore-mau.de\/en\/wp-json\/wp\/v2\/types\/product"}],"wp:featuredmedia":[{"embeddable":true,"href":"https:\/\/leonore-mau.de\/en\/wp-json\/wp\/v2\/media\/513"}],"wp:attachment":[{"href":"https:\/\/leonore-mau.de\/en\/wp-json\/wp\/v2\/media?parent=1065"}],"wp:term":[{"taxonomy":"product_brand","embeddable":true,"href":"https:\/\/leonore-mau.de\/en\/wp-json\/wp\/v2\/product_brand?post=1065"},{"taxonomy":"product_cat","embeddable":true,"href":"https:\/\/leonore-mau.de\/en\/wp-json\/wp\/v2\/product_cat?post=1065"},{"taxonomy":"product_tag","embeddable":true,"href":"https:\/\/leonore-mau.de\/en\/wp-json\/wp\/v2\/product_tag?post=1065"}],"curies":[{"name":"wp","href":"https:\/\/api.w.org\/{rel}","templated":true}]}}