{"id":1066,"date":"2022-07-11T15:16:36","date_gmt":"2022-07-11T13:16:36","guid":{"rendered":"https:\/\/leonore-mau.de\/produkt\/gouloya-mit-einer-eisernen-flgelkonstruktion\/"},"modified":"2022-09-13T23:11:01","modified_gmt":"2022-09-13T21:11:01","slug":"gouloya-mit-einer-eisernen-flgelkonstruktion","status":"publish","type":"product","link":"https:\/\/leonore-mau.de\/en\/produkt\/gouloya-mit-einer-eisernen-flgelkonstruktion\/","title":{"rendered":"Gouloya mit einer eisernen Fl\u00fcgelkonstruktion"},"content":{"rendered":"<p>Gouloya mit einer eisernen Fl\u00fcgelkonstruktion sitzend auf einem Hocker. Er tr\u00e4gt rote Kleidung. Die Fl\u00fcgel sind ebenfalls rot. Referenz: Hubert Fichte und Leonore Mau, Petersilie, S. Fischer Verlag GmbH, 1980<\/p>\n","protected":false},"excerpt":{"rendered":"<p>Gouloya mit einer eisernen Fl\u00fcgelkonstruktion sitzend auf einem Hocker. Er tr\u00e4gt rote Kleidung. Die Fl\u00fcgel sind ebenfalls rot. Referenz: Hubert Fichte und Leonore Mau, Petersilie, S. Fischer Verlag GmbH, 1980<\/p>\n","protected":false},"featured_media":514,"template":"","meta":[],"product_brand":[],"product_cat":[4442,17],"product_tag":[78,22,24,21,23,1007,80,84,171,172,987,307,36,37,39,40,41,42,1118,1119,1120,1121,2439,978,979,980,43,44,206,1123,1124,1711,1712,486,1050,70,71,1713,95,536,537,538,539,540,541,542,1715,1716,1717,1718,1719,1720,75,76,77],"class_list":{"0":"post-1066","1":"product","2":"type-product","3":"status-publish","4":"has-post-thumbnail","6":"product_cat-karibik","7":"product_cat-unkategorisiert","8":"product_tag-1970er-jahre","9":"product_tag-20-jahrhundert-nach-chr","10":"product_tag-20-jh-n-chr","11":"product_tag-20-jahrhundert","12":"product_tag-20-jh","13":"product_tag-4-2_karibik","14":"product_tag-70er","15":"product_tag-ausland","16":"product_tag-aussenaufnahme","17":"product_tag-aussenaufnahmen","18":"product_tag-baum","19":"product_tag-dominikanische-republik","20":"product_tag-farbaufnahme","21":"product_tag-farbaufnahmen","22":"product_tag-farbfoto","23":"product_tag-farbfotografie","24":"product_tag-farbphoto","25":"product_tag-farbphotographie","26":"product_tag-fasching","27":"product_tag-faschingskostuem","28":"product_tag-faschingskostueme","29":"product_tag-fastnacht","30":"product_tag-fest","31":"product_tag-fluegel","32":"product_tag-fluegeln","33":"product_tag-fluegels","34":"product_tag-fotografin","35":"product_tag-fotografinnen","36":"product_tag-karibik","37":"product_tag-karneval","38":"product_tag-karnevals","39":"product_tag-karnevalskostuem","40":"product_tag-karnevalskostueme","41":"product_tag-mann","42":"product_tag-petersilie","43":"product_tag-photographin","44":"product_tag-photographinnen","45":"product_tag-sich-verkleiden","46":"product_tag-siebziger","47":"product_tag-sitzen","48":"product_tag-sitzend","49":"product_tag-sitzende","50":"product_tag-sitzenden","51":"product_tag-sitzender","52":"product_tag-sitzendes","53":"product_tag-sitzt","54":"product_tag-verkleiden","55":"product_tag-verkleidet","56":"product_tag-verkleidete","57":"product_tag-verkleideten","58":"product_tag-verkleideter","59":"product_tag-verkleidetes","60":"product_tag-wohngebaeude","61":"product_tag-wohnhaus","62":"product_tag-wohnhaeuser","64":"first","65":"instock","66":"shipping-taxable","67":"product-type-simple"},"yoast_head":"<!-- This site is optimized with the Yoast SEO plugin v27.3 - https:\/\/yoast.com\/product\/yoast-seo-wordpress\/ -->\n<title>Gouloya mit einer eisernen Fl\u00fcgelkonstruktion - Leonore Mau<\/title>\n<meta name=\"robots\" content=\"index, follow, max-snippet:-1, max-image-preview:large, max-video-preview:-1\" \/>\n<link rel=\"canonical\" href=\"https:\/\/leonore-mau.de\/produkt\/gouloya-mit-einer-eisernen-flgelkonstruktion\/\" \/>\n<meta property=\"og:locale\" content=\"en_US\" \/>\n<meta property=\"og:type\" content=\"article\" \/>\n<meta property=\"og:title\" content=\"Gouloya mit einer eisernen Fl\u00fcgelkonstruktion - Leonore Mau\" \/>\n<meta property=\"og:description\" content=\"Gouloya mit einer eisernen Fl\u00fcgelkonstruktion sitzend auf einem Hocker. Er tr\u00e4gt rote Kleidung. Die Fl\u00fcgel sind ebenfalls rot. Referenz: Hubert Fichte und Leonore Mau, Petersilie, S. Fischer Verlag GmbH, 1980\" \/>\n<meta property=\"og:url\" content=\"https:\/\/leonore-mau.de\/produkt\/gouloya-mit-einer-eisernen-flgelkonstruktion\/\" \/>\n<meta property=\"og:site_name\" content=\"Leonore Mau\" \/>\n<meta property=\"article:modified_time\" content=\"2022-09-13T21:11:01+00:00\" \/>\n<meta property=\"og:image\" content=\"https:\/\/leonore-mau.de\/wp-content\/uploads\/2022\/07\/70367516.jpg\" \/>\n\t<meta property=\"og:image:width\" content=\"835\" \/>\n\t<meta property=\"og:image:height\" content=\"1200\" \/>\n\t<meta property=\"og:image:type\" content=\"image\/jpeg\" \/>\n<meta name=\"twitter:card\" content=\"summary_large_image\" \/>\n<script type=\"application\/ld+json\" class=\"yoast-schema-graph\">{\"@context\":\"https:\\\/\\\/schema.org\",\"@graph\":[{\"@type\":\"WebPage\",\"@id\":\"https:\\\/\\\/leonore-mau.de\\\/produkt\\\/gouloya-mit-einer-eisernen-flgelkonstruktion\\\/\",\"url\":\"https:\\\/\\\/leonore-mau.de\\\/produkt\\\/gouloya-mit-einer-eisernen-flgelkonstruktion\\\/\",\"name\":\"Gouloya mit einer eisernen Fl\u00fcgelkonstruktion - Leonore Mau\",\"isPartOf\":{\"@id\":\"https:\\\/\\\/leonore-mau.de\\\/#website\"},\"primaryImageOfPage\":{\"@id\":\"https:\\\/\\\/leonore-mau.de\\\/produkt\\\/gouloya-mit-einer-eisernen-flgelkonstruktion\\\/#primaryimage\"},\"image\":{\"@id\":\"https:\\\/\\\/leonore-mau.de\\\/produkt\\\/gouloya-mit-einer-eisernen-flgelkonstruktion\\\/#primaryimage\"},\"thumbnailUrl\":\"https:\\\/\\\/leonore-mau.de\\\/wp-content\\\/uploads\\\/2022\\\/07\\\/70367516.jpg\",\"datePublished\":\"2022-07-11T13:16:36+00:00\",\"dateModified\":\"2022-09-13T21:11:01+00:00\",\"breadcrumb\":{\"@id\":\"https:\\\/\\\/leonore-mau.de\\\/produkt\\\/gouloya-mit-einer-eisernen-flgelkonstruktion\\\/#breadcrumb\"},\"inLanguage\":\"en-US\",\"potentialAction\":[{\"@type\":\"ReadAction\",\"target\":[\"https:\\\/\\\/leonore-mau.de\\\/produkt\\\/gouloya-mit-einer-eisernen-flgelkonstruktion\\\/\"]}]},{\"@type\":\"ImageObject\",\"inLanguage\":\"en-US\",\"@id\":\"https:\\\/\\\/leonore-mau.de\\\/produkt\\\/gouloya-mit-einer-eisernen-flgelkonstruktion\\\/#primaryimage\",\"url\":\"https:\\\/\\\/leonore-mau.de\\\/wp-content\\\/uploads\\\/2022\\\/07\\\/70367516.jpg\",\"contentUrl\":\"https:\\\/\\\/leonore-mau.de\\\/wp-content\\\/uploads\\\/2022\\\/07\\\/70367516.jpg\",\"width\":835,\"height\":1200,\"caption\":\"Gouloya mit einer eisernen Fl\u00fcgelkonstruktion sitzend auf einem Hocker. Er tr\u00e4gt rote Kleidung. Die Fl\u00fcgel sind ebenfalls rot. Referenz: Hubert Fichte und Leonore Mau, Petersilie, S. Fischer Verlag GmbH, 1980 Aufnahmedatum: 1974 - 1975 Material\\\/Technik: Foto \\\/ Farbdia Bildformat (Foto): Kleinbild Aufnahmeort: Santo Domingo Inventar-Nr.: LM-506048\"},{\"@type\":\"BreadcrumbList\",\"@id\":\"https:\\\/\\\/leonore-mau.de\\\/produkt\\\/gouloya-mit-einer-eisernen-flgelkonstruktion\\\/#breadcrumb\",\"itemListElement\":[{\"@type\":\"ListItem\",\"position\":1,\"name\":\"Startseite\",\"item\":\"https:\\\/\\\/leonore-mau.de\\\/en\\\/\"},{\"@type\":\"ListItem\",\"position\":2,\"name\":\"Shop\",\"item\":\"https:\\\/\\\/leonore-mau.de\\\/en\\\/shop-2\\\/\"},{\"@type\":\"ListItem\",\"position\":3,\"name\":\"Gouloya mit einer eisernen Fl\u00fcgelkonstruktion\"}]},{\"@type\":\"WebSite\",\"@id\":\"https:\\\/\\\/leonore-mau.de\\\/#website\",\"url\":\"https:\\\/\\\/leonore-mau.de\\\/\",\"name\":\"Leonore Mau\",\"description\":\"Fotografin\",\"potentialAction\":[{\"@type\":\"SearchAction\",\"target\":{\"@type\":\"EntryPoint\",\"urlTemplate\":\"https:\\\/\\\/leonore-mau.de\\\/?s={search_term_string}\"},\"query-input\":{\"@type\":\"PropertyValueSpecification\",\"valueRequired\":true,\"valueName\":\"search_term_string\"}}],\"inLanguage\":\"en-US\"}]}<\/script>\n<!-- \/ Yoast SEO plugin. -->","yoast_head_json":{"title":"Gouloya mit einer eisernen Fl\u00fcgelkonstruktion - Leonore Mau","robots":{"index":"index","follow":"follow","max-snippet":"max-snippet:-1","max-image-preview":"max-image-preview:large","max-video-preview":"max-video-preview:-1"},"canonical":"https:\/\/leonore-mau.de\/produkt\/gouloya-mit-einer-eisernen-flgelkonstruktion\/","og_locale":"en_US","og_type":"article","og_title":"Gouloya mit einer eisernen Fl\u00fcgelkonstruktion - Leonore Mau","og_description":"Gouloya mit einer eisernen Fl\u00fcgelkonstruktion sitzend auf einem Hocker. Er tr\u00e4gt rote Kleidung. Die Fl\u00fcgel sind ebenfalls rot. Referenz: Hubert Fichte und Leonore Mau, Petersilie, S. Fischer Verlag GmbH, 1980","og_url":"https:\/\/leonore-mau.de\/produkt\/gouloya-mit-einer-eisernen-flgelkonstruktion\/","og_site_name":"Leonore Mau","article_modified_time":"2022-09-13T21:11:01+00:00","og_image":[{"width":835,"height":1200,"url":"https:\/\/leonore-mau.de\/wp-content\/uploads\/2022\/07\/70367516.jpg","type":"image\/jpeg"}],"twitter_card":"summary_large_image","schema":{"@context":"https:\/\/schema.org","@graph":[{"@type":"WebPage","@id":"https:\/\/leonore-mau.de\/produkt\/gouloya-mit-einer-eisernen-flgelkonstruktion\/","url":"https:\/\/leonore-mau.de\/produkt\/gouloya-mit-einer-eisernen-flgelkonstruktion\/","name":"Gouloya mit einer eisernen Fl\u00fcgelkonstruktion - Leonore Mau","isPartOf":{"@id":"https:\/\/leonore-mau.de\/#website"},"primaryImageOfPage":{"@id":"https:\/\/leonore-mau.de\/produkt\/gouloya-mit-einer-eisernen-flgelkonstruktion\/#primaryimage"},"image":{"@id":"https:\/\/leonore-mau.de\/produkt\/gouloya-mit-einer-eisernen-flgelkonstruktion\/#primaryimage"},"thumbnailUrl":"https:\/\/leonore-mau.de\/wp-content\/uploads\/2022\/07\/70367516.jpg","datePublished":"2022-07-11T13:16:36+00:00","dateModified":"2022-09-13T21:11:01+00:00","breadcrumb":{"@id":"https:\/\/leonore-mau.de\/produkt\/gouloya-mit-einer-eisernen-flgelkonstruktion\/#breadcrumb"},"inLanguage":"en-US","potentialAction":[{"@type":"ReadAction","target":["https:\/\/leonore-mau.de\/produkt\/gouloya-mit-einer-eisernen-flgelkonstruktion\/"]}]},{"@type":"ImageObject","inLanguage":"en-US","@id":"https:\/\/leonore-mau.de\/produkt\/gouloya-mit-einer-eisernen-flgelkonstruktion\/#primaryimage","url":"https:\/\/leonore-mau.de\/wp-content\/uploads\/2022\/07\/70367516.jpg","contentUrl":"https:\/\/leonore-mau.de\/wp-content\/uploads\/2022\/07\/70367516.jpg","width":835,"height":1200,"caption":"Gouloya mit einer eisernen Fl\u00fcgelkonstruktion sitzend auf einem Hocker. Er tr\u00e4gt rote Kleidung. Die Fl\u00fcgel sind ebenfalls rot. Referenz: Hubert Fichte und Leonore Mau, Petersilie, S. Fischer Verlag GmbH, 1980 Aufnahmedatum: 1974 - 1975 Material\/Technik: Foto \/ Farbdia Bildformat (Foto): Kleinbild Aufnahmeort: Santo Domingo Inventar-Nr.: LM-506048"},{"@type":"BreadcrumbList","@id":"https:\/\/leonore-mau.de\/produkt\/gouloya-mit-einer-eisernen-flgelkonstruktion\/#breadcrumb","itemListElement":[{"@type":"ListItem","position":1,"name":"Startseite","item":"https:\/\/leonore-mau.de\/en\/"},{"@type":"ListItem","position":2,"name":"Shop","item":"https:\/\/leonore-mau.de\/en\/shop-2\/"},{"@type":"ListItem","position":3,"name":"Gouloya mit einer eisernen Fl\u00fcgelkonstruktion"}]},{"@type":"WebSite","@id":"https:\/\/leonore-mau.de\/#website","url":"https:\/\/leonore-mau.de\/","name":"Leonore Mau","description":"Fotografin","potentialAction":[{"@type":"SearchAction","target":{"@type":"EntryPoint","urlTemplate":"https:\/\/leonore-mau.de\/?s={search_term_string}"},"query-input":{"@type":"PropertyValueSpecification","valueRequired":true,"valueName":"search_term_string"}}],"inLanguage":"en-US"}]}},"_links":{"self":[{"href":"https:\/\/leonore-mau.de\/en\/wp-json\/wp\/v2\/product\/1066","targetHints":{"allow":["GET"]}}],"collection":[{"href":"https:\/\/leonore-mau.de\/en\/wp-json\/wp\/v2\/product"}],"about":[{"href":"https:\/\/leonore-mau.de\/en\/wp-json\/wp\/v2\/types\/product"}],"wp:featuredmedia":[{"embeddable":true,"href":"https:\/\/leonore-mau.de\/en\/wp-json\/wp\/v2\/media\/514"}],"wp:attachment":[{"href":"https:\/\/leonore-mau.de\/en\/wp-json\/wp\/v2\/media?parent=1066"}],"wp:term":[{"taxonomy":"product_brand","embeddable":true,"href":"https:\/\/leonore-mau.de\/en\/wp-json\/wp\/v2\/product_brand?post=1066"},{"taxonomy":"product_cat","embeddable":true,"href":"https:\/\/leonore-mau.de\/en\/wp-json\/wp\/v2\/product_cat?post=1066"},{"taxonomy":"product_tag","embeddable":true,"href":"https:\/\/leonore-mau.de\/en\/wp-json\/wp\/v2\/product_tag?post=1066"}],"curies":[{"name":"wp","href":"https:\/\/api.w.org\/{rel}","templated":true}]}}