{"id":1068,"date":"2022-07-11T15:16:36","date_gmt":"2022-07-11T13:16:36","guid":{"rendered":"https:\/\/leonore-mau.de\/produkt\/ohne-titel-wasseraltar-der-indianergttin-maria-lionza\/"},"modified":"2022-10-19T11:54:01","modified_gmt":"2022-10-19T09:54:01","slug":"ohne-titel-wasseraltar-der-indianergttin-maria-lionza","status":"publish","type":"product","link":"https:\/\/leonore-mau.de\/en\/produkt\/ohne-titel-wasseraltar-der-indianergttin-maria-lionza\/","title":{"rendered":"Ohne Titel (Wasseraltar der G\u00f6ttin Maria Lionza)"},"content":{"rendered":"<p>Wasseraltar der G\u00f6ttin Maria Lionza. Ein Mann steht davor kn\u00f6cheltief im Wasser. Auf den Steinen darum wurden Blumenstr\u00e4u\u00dfe platziert. Referenz: Hubert Fichte und Leonore Mau, Petersilie, S. Fischer Verlag GmbH, 1980<\/p>\n","protected":false},"excerpt":{"rendered":"<p>Wasseraltar der G\u00f6ttin Maria Lionza. Ein Mann steht davor kn\u00f6cheltief im Wasser. Auf den Steinen darum wurden Blumenstr\u00e4u\u00dfe platziert. Referenz: Hubert Fichte und Leonore Mau, Petersilie, S. Fischer Verlag GmbH, 1980<\/p>\n","protected":false},"featured_media":516,"template":"","meta":[],"product_brand":[],"product_cat":[17,4444],"product_tag":[78,22,24,21,23,1054,80,1441,2502,2504,1442,1443,2501,2503,1445,84,171,172,1177,1178,2364,2365,1008,1009,36,37,39,40,41,42,2505,2506,2507,43,44,2508,181,182,183,184,185,186,187,486,1050,70,71,525,526,1080,1081,1013,1014,1015,1016,1017,1018,1019,624,625,95,1021,1022,1023,1024,1025,1026,996,997,998,999,1000,1001,2368,2369,163,164,1084,626,1459,1622,1623,1460,1461,1462,1438,1032,1033,1034,1035,1036,1037,1038,1039],"class_list":{"0":"post-1068","1":"product","2":"type-product","3":"status-publish","4":"has-post-thumbnail","6":"product_cat-unkategorisiert","7":"product_cat-venezuela","8":"product_tag-1970er-jahre","9":"product_tag-20-jahrhundert-nach-chr","10":"product_tag-20-jh-n-chr","11":"product_tag-20-jahrhundert","12":"product_tag-20-jh","13":"product_tag-4-4_venezuela","14":"product_tag-70er","15":"product_tag-altar","16":"product_tag-altar-figur","17":"product_tag-altar-figuren","18":"product_tag-altare","19":"product_tag-altares","20":"product_tag-altarfigur","21":"product_tag-altarfiguren","22":"product_tag-altars","23":"product_tag-ausland","24":"product_tag-aussenaufnahme","25":"product_tag-aussenaufnahmen","26":"product_tag-blume","27":"product_tag-blumen","28":"product_tag-blumenstrauss","29":"product_tag-blumenstraeusse","30":"product_tag-ceremonie","31":"product_tag-ceremonien","32":"product_tag-farbaufnahme","33":"product_tag-farbaufnahmen","34":"product_tag-farbfoto","35":"product_tag-farbfotografie","36":"product_tag-farbphoto","37":"product_tag-farbphotographie","38":"product_tag-fluss","39":"product_tag-fluesse","40":"product_tag-flusses","41":"product_tag-fotografin","42":"product_tag-fotografinnen","43":"product_tag-gewaesser","44":"product_tag-halbakt","45":"product_tag-halbakte","46":"product_tag-halbnackt","47":"product_tag-halbnackte","48":"product_tag-halbnackten","49":"product_tag-halbnackter","50":"product_tag-halbnacktes","51":"product_tag-mann","52":"product_tag-petersilie","53":"product_tag-photographin","54":"product_tag-photographinnen","55":"product_tag-religion","56":"product_tag-religionen","57":"product_tag-religionsgemeinschaft","58":"product_tag-religionsgemeinschaften","59":"product_tag-ritual","60":"product_tag-rituale","61":"product_tag-rituell","62":"product_tag-rituelle","63":"product_tag-rituellen","64":"product_tag-ritueller","65":"product_tag-rituelles","66":"product_tag-rueckansicht","67":"product_tag-rueckseite","68":"product_tag-siebziger","69":"product_tag-spiritualitaet","70":"product_tag-spirituell","71":"product_tag-spirituelle","72":"product_tag-spirituellen","73":"product_tag-spiritueller","74":"product_tag-spirituelles","75":"product_tag-stehen","76":"product_tag-stehend","77":"product_tag-stehende","78":"product_tag-stehenden","79":"product_tag-stehender","80":"product_tag-stehendes","81":"product_tag-strauss","82":"product_tag-straeusse","83":"product_tag-suedamerika","84":"product_tag-suedamerikas","85":"product_tag-venezuela","86":"product_tag-von-hinten","87":"product_tag-votiv","88":"product_tag-votivbild","89":"product_tag-votivbildes","90":"product_tag-votivgabe","91":"product_tag-votivgaben","92":"product_tag-votivs","93":"product_tag-wasser","94":"product_tag-zeremonie","95":"product_tag-zeremoniell","96":"product_tag-zeremonielle","97":"product_tag-zeremoniellem","98":"product_tag-zeremoniellen","99":"product_tag-zeremonieller","100":"product_tag-zeremonielles","101":"product_tag-zeremonien","103":"first","104":"instock","105":"shipping-taxable","106":"product-type-simple"},"yoast_head":"<!-- This site is optimized with the Yoast SEO plugin v27.3 - https:\/\/yoast.com\/product\/yoast-seo-wordpress\/ -->\n<title>Ohne Titel (Wasseraltar der G\u00f6ttin Maria Lionza) - Leonore Mau<\/title>\n<meta name=\"robots\" content=\"index, follow, max-snippet:-1, max-image-preview:large, max-video-preview:-1\" \/>\n<link rel=\"canonical\" href=\"https:\/\/leonore-mau.de\/produkt\/ohne-titel-wasseraltar-der-indianergttin-maria-lionza\/\" \/>\n<meta property=\"og:locale\" content=\"en_US\" \/>\n<meta property=\"og:type\" content=\"article\" \/>\n<meta property=\"og:title\" content=\"Ohne Titel (Wasseraltar der G\u00f6ttin Maria Lionza) - Leonore Mau\" \/>\n<meta property=\"og:description\" content=\"Wasseraltar der G\u00f6ttin Maria Lionza. Ein Mann steht davor kn\u00f6cheltief im Wasser. Auf den Steinen darum wurden Blumenstr\u00e4u\u00dfe platziert. Referenz: Hubert Fichte und Leonore Mau, Petersilie, S. Fischer Verlag GmbH, 1980\" \/>\n<meta property=\"og:url\" content=\"https:\/\/leonore-mau.de\/produkt\/ohne-titel-wasseraltar-der-indianergttin-maria-lionza\/\" \/>\n<meta property=\"og:site_name\" content=\"Leonore Mau\" \/>\n<meta property=\"article:modified_time\" content=\"2022-10-19T09:54:01+00:00\" \/>\n<meta property=\"og:image\" content=\"https:\/\/leonore-mau.de\/wp-content\/uploads\/2022\/07\/70367518.jpg\" \/>\n\t<meta property=\"og:image:width\" content=\"1200\" \/>\n\t<meta property=\"og:image:height\" content=\"846\" \/>\n\t<meta property=\"og:image:type\" content=\"image\/jpeg\" \/>\n<meta name=\"twitter:card\" content=\"summary_large_image\" \/>\n<script type=\"application\/ld+json\" class=\"yoast-schema-graph\">{\"@context\":\"https:\\\/\\\/schema.org\",\"@graph\":[{\"@type\":\"WebPage\",\"@id\":\"https:\\\/\\\/leonore-mau.de\\\/produkt\\\/ohne-titel-wasseraltar-der-indianergttin-maria-lionza\\\/\",\"url\":\"https:\\\/\\\/leonore-mau.de\\\/produkt\\\/ohne-titel-wasseraltar-der-indianergttin-maria-lionza\\\/\",\"name\":\"Ohne Titel (Wasseraltar der G\u00f6ttin Maria Lionza) - Leonore Mau\",\"isPartOf\":{\"@id\":\"https:\\\/\\\/leonore-mau.de\\\/#website\"},\"primaryImageOfPage\":{\"@id\":\"https:\\\/\\\/leonore-mau.de\\\/produkt\\\/ohne-titel-wasseraltar-der-indianergttin-maria-lionza\\\/#primaryimage\"},\"image\":{\"@id\":\"https:\\\/\\\/leonore-mau.de\\\/produkt\\\/ohne-titel-wasseraltar-der-indianergttin-maria-lionza\\\/#primaryimage\"},\"thumbnailUrl\":\"https:\\\/\\\/leonore-mau.de\\\/wp-content\\\/uploads\\\/2022\\\/07\\\/70367518.jpg\",\"datePublished\":\"2022-07-11T13:16:36+00:00\",\"dateModified\":\"2022-10-19T09:54:01+00:00\",\"breadcrumb\":{\"@id\":\"https:\\\/\\\/leonore-mau.de\\\/produkt\\\/ohne-titel-wasseraltar-der-indianergttin-maria-lionza\\\/#breadcrumb\"},\"inLanguage\":\"en-US\",\"potentialAction\":[{\"@type\":\"ReadAction\",\"target\":[\"https:\\\/\\\/leonore-mau.de\\\/produkt\\\/ohne-titel-wasseraltar-der-indianergttin-maria-lionza\\\/\"]}]},{\"@type\":\"ImageObject\",\"inLanguage\":\"en-US\",\"@id\":\"https:\\\/\\\/leonore-mau.de\\\/produkt\\\/ohne-titel-wasseraltar-der-indianergttin-maria-lionza\\\/#primaryimage\",\"url\":\"https:\\\/\\\/leonore-mau.de\\\/wp-content\\\/uploads\\\/2022\\\/07\\\/70367518.jpg\",\"contentUrl\":\"https:\\\/\\\/leonore-mau.de\\\/wp-content\\\/uploads\\\/2022\\\/07\\\/70367518.jpg\",\"width\":1200,\"height\":846,\"caption\":\"Wasseraltar der Indianerg\u00f6ttin Maria Lionza. Ein Mann steht davor kn\u00f6cheltief im Wasser. Auf den Steinen darum wurden Blumenstr\u00e4u\u00dfe platziert. Referenz: Hubert Fichte und Leonore Mau, Petersilie, S. Fischer Verlag GmbH, 1980 Aufnahmedatum: 1977 Material\\\/Technik: Foto \\\/ Farbdia Bildformat (Foto): Kleinbild Aufnahmeort: Sorte \\\/ Venezuela Inventar-Nr.: LM-506052\"},{\"@type\":\"BreadcrumbList\",\"@id\":\"https:\\\/\\\/leonore-mau.de\\\/produkt\\\/ohne-titel-wasseraltar-der-indianergttin-maria-lionza\\\/#breadcrumb\",\"itemListElement\":[{\"@type\":\"ListItem\",\"position\":1,\"name\":\"Startseite\",\"item\":\"https:\\\/\\\/leonore-mau.de\\\/en\\\/\"},{\"@type\":\"ListItem\",\"position\":2,\"name\":\"Shop\",\"item\":\"https:\\\/\\\/leonore-mau.de\\\/en\\\/shop-2\\\/\"},{\"@type\":\"ListItem\",\"position\":3,\"name\":\"Ohne Titel (Wasseraltar der G\u00f6ttin Maria Lionza)\"}]},{\"@type\":\"WebSite\",\"@id\":\"https:\\\/\\\/leonore-mau.de\\\/#website\",\"url\":\"https:\\\/\\\/leonore-mau.de\\\/\",\"name\":\"Leonore Mau\",\"description\":\"Fotografin\",\"potentialAction\":[{\"@type\":\"SearchAction\",\"target\":{\"@type\":\"EntryPoint\",\"urlTemplate\":\"https:\\\/\\\/leonore-mau.de\\\/?s={search_term_string}\"},\"query-input\":{\"@type\":\"PropertyValueSpecification\",\"valueRequired\":true,\"valueName\":\"search_term_string\"}}],\"inLanguage\":\"en-US\"}]}<\/script>\n<!-- \/ Yoast SEO plugin. -->","yoast_head_json":{"title":"Ohne Titel (Wasseraltar der G\u00f6ttin Maria Lionza) - Leonore Mau","robots":{"index":"index","follow":"follow","max-snippet":"max-snippet:-1","max-image-preview":"max-image-preview:large","max-video-preview":"max-video-preview:-1"},"canonical":"https:\/\/leonore-mau.de\/produkt\/ohne-titel-wasseraltar-der-indianergttin-maria-lionza\/","og_locale":"en_US","og_type":"article","og_title":"Ohne Titel (Wasseraltar der G\u00f6ttin Maria Lionza) - Leonore Mau","og_description":"Wasseraltar der G\u00f6ttin Maria Lionza. Ein Mann steht davor kn\u00f6cheltief im Wasser. Auf den Steinen darum wurden Blumenstr\u00e4u\u00dfe platziert. Referenz: Hubert Fichte und Leonore Mau, Petersilie, S. Fischer Verlag GmbH, 1980","og_url":"https:\/\/leonore-mau.de\/produkt\/ohne-titel-wasseraltar-der-indianergttin-maria-lionza\/","og_site_name":"Leonore Mau","article_modified_time":"2022-10-19T09:54:01+00:00","og_image":[{"width":1200,"height":846,"url":"https:\/\/leonore-mau.de\/wp-content\/uploads\/2022\/07\/70367518.jpg","type":"image\/jpeg"}],"twitter_card":"summary_large_image","schema":{"@context":"https:\/\/schema.org","@graph":[{"@type":"WebPage","@id":"https:\/\/leonore-mau.de\/produkt\/ohne-titel-wasseraltar-der-indianergttin-maria-lionza\/","url":"https:\/\/leonore-mau.de\/produkt\/ohne-titel-wasseraltar-der-indianergttin-maria-lionza\/","name":"Ohne Titel (Wasseraltar der G\u00f6ttin Maria Lionza) - Leonore Mau","isPartOf":{"@id":"https:\/\/leonore-mau.de\/#website"},"primaryImageOfPage":{"@id":"https:\/\/leonore-mau.de\/produkt\/ohne-titel-wasseraltar-der-indianergttin-maria-lionza\/#primaryimage"},"image":{"@id":"https:\/\/leonore-mau.de\/produkt\/ohne-titel-wasseraltar-der-indianergttin-maria-lionza\/#primaryimage"},"thumbnailUrl":"https:\/\/leonore-mau.de\/wp-content\/uploads\/2022\/07\/70367518.jpg","datePublished":"2022-07-11T13:16:36+00:00","dateModified":"2022-10-19T09:54:01+00:00","breadcrumb":{"@id":"https:\/\/leonore-mau.de\/produkt\/ohne-titel-wasseraltar-der-indianergttin-maria-lionza\/#breadcrumb"},"inLanguage":"en-US","potentialAction":[{"@type":"ReadAction","target":["https:\/\/leonore-mau.de\/produkt\/ohne-titel-wasseraltar-der-indianergttin-maria-lionza\/"]}]},{"@type":"ImageObject","inLanguage":"en-US","@id":"https:\/\/leonore-mau.de\/produkt\/ohne-titel-wasseraltar-der-indianergttin-maria-lionza\/#primaryimage","url":"https:\/\/leonore-mau.de\/wp-content\/uploads\/2022\/07\/70367518.jpg","contentUrl":"https:\/\/leonore-mau.de\/wp-content\/uploads\/2022\/07\/70367518.jpg","width":1200,"height":846,"caption":"Wasseraltar der Indianerg\u00f6ttin Maria Lionza. Ein Mann steht davor kn\u00f6cheltief im Wasser. Auf den Steinen darum wurden Blumenstr\u00e4u\u00dfe platziert. Referenz: Hubert Fichte und Leonore Mau, Petersilie, S. Fischer Verlag GmbH, 1980 Aufnahmedatum: 1977 Material\/Technik: Foto \/ Farbdia Bildformat (Foto): Kleinbild Aufnahmeort: Sorte \/ Venezuela Inventar-Nr.: LM-506052"},{"@type":"BreadcrumbList","@id":"https:\/\/leonore-mau.de\/produkt\/ohne-titel-wasseraltar-der-indianergttin-maria-lionza\/#breadcrumb","itemListElement":[{"@type":"ListItem","position":1,"name":"Startseite","item":"https:\/\/leonore-mau.de\/en\/"},{"@type":"ListItem","position":2,"name":"Shop","item":"https:\/\/leonore-mau.de\/en\/shop-2\/"},{"@type":"ListItem","position":3,"name":"Ohne Titel (Wasseraltar der G\u00f6ttin Maria Lionza)"}]},{"@type":"WebSite","@id":"https:\/\/leonore-mau.de\/#website","url":"https:\/\/leonore-mau.de\/","name":"Leonore Mau","description":"Fotografin","potentialAction":[{"@type":"SearchAction","target":{"@type":"EntryPoint","urlTemplate":"https:\/\/leonore-mau.de\/?s={search_term_string}"},"query-input":{"@type":"PropertyValueSpecification","valueRequired":true,"valueName":"search_term_string"}}],"inLanguage":"en-US"}]}},"_links":{"self":[{"href":"https:\/\/leonore-mau.de\/en\/wp-json\/wp\/v2\/product\/1068","targetHints":{"allow":["GET"]}}],"collection":[{"href":"https:\/\/leonore-mau.de\/en\/wp-json\/wp\/v2\/product"}],"about":[{"href":"https:\/\/leonore-mau.de\/en\/wp-json\/wp\/v2\/types\/product"}],"wp:featuredmedia":[{"embeddable":true,"href":"https:\/\/leonore-mau.de\/en\/wp-json\/wp\/v2\/media\/516"}],"wp:attachment":[{"href":"https:\/\/leonore-mau.de\/en\/wp-json\/wp\/v2\/media?parent=1068"}],"wp:term":[{"taxonomy":"product_brand","embeddable":true,"href":"https:\/\/leonore-mau.de\/en\/wp-json\/wp\/v2\/product_brand?post=1068"},{"taxonomy":"product_cat","embeddable":true,"href":"https:\/\/leonore-mau.de\/en\/wp-json\/wp\/v2\/product_cat?post=1068"},{"taxonomy":"product_tag","embeddable":true,"href":"https:\/\/leonore-mau.de\/en\/wp-json\/wp\/v2\/product_tag?post=1068"}],"curies":[{"name":"wp","href":"https:\/\/api.w.org\/{rel}","templated":true}]}}