{"id":1069,"date":"2022-07-11T15:16:36","date_gmt":"2022-07-11T13:16:36","guid":{"rendered":"https:\/\/leonore-mau.de\/produkt\/ohne-titel-erster-ausgang-der-novizen\/"},"modified":"2022-09-13T23:11:02","modified_gmt":"2022-09-13T21:11:02","slug":"ohne-titel-erster-ausgang-der-novizen","status":"publish","type":"product","link":"https:\/\/leonore-mau.de\/en\/produkt\/ohne-titel-erster-ausgang-der-novizen\/","title":{"rendered":"Ohne Titel (Erster Ausgang der Novizen)"},"content":{"rendered":"<p>&#8220;Die neueingeweihten M\u00e4dchen verlassen zum erste Mal die Einweihungszelle. Sie m\u00fcssen vor den Sonnenstrahlen durch Laken bewahrt werden.&#8221;  Dieser Vorgang ist Teil der Candombl\u00e9-Zeremonie und geh\u00f6rt den afrobrasilianischen Religionen an.  Aufgenommen in Bahia in der Allerheiligenbucht Ba\u00eda de Todos os Santos. Referenz: Hubert Fichte und Leonore Mau, Xango, S. Fischer Verlag GmbH, 1976 Referenz: Wilfried F. Schoeller, Hubert Fichte und Leonore Mau. Der Schriftsteller und die Fotografin, 2005<\/p>\n","protected":false},"excerpt":{"rendered":"<p>&#8220;Die neueingeweihten M\u00e4dchen verlassen zum erste Mal die Einweihungszelle. Sie m\u00fcssen vor den Sonnenstrahlen durch Laken bewahrt werden.&#8221; Dieser Vorgang ist Teil der Candombl\u00e9-Zeremonie und geh\u00f6rt den afrobrasilianischen Religionen an. Aufgenommen in Bahia in der Allerheiligenbucht Ba\u00eda de Todos os Santos. Referenz: Hubert Fichte und Leonore Mau, Xango, S. Fischer Verlag GmbH, 1976 Referenz: Wilfried [&hellip;]<\/p>\n","protected":false},"featured_media":517,"template":"","meta":[],"product_brand":[],"product_cat":[4441,17],"product_tag":[78,22,24,21,23,1117,80,84,171,172,173,174,175,2171,1008,1009,36,37,39,40,41,42,656,43,44,740,549,550,2147,2148,2149,2150,2151,2152,123,124,125,128,129,130,910,188,189,623,70,71,1013,1014,1015,1016,1017,1018,1019,624,1351,95,1021,1022,1023,1024,1025,1026,163,164,1176,1031,1032,1033,1034,1035,1036,1037,1038,1039],"class_list":{"0":"post-1069","1":"product","2":"type-product","3":"status-publish","4":"has-post-thumbnail","6":"product_cat-brasilien","7":"product_cat-unkategorisiert","8":"product_tag-1970er-jahre","9":"product_tag-20-jahrhundert-nach-chr","10":"product_tag-20-jh-n-chr","11":"product_tag-20-jahrhundert","12":"product_tag-20-jh","13":"product_tag-4-1_brasilien","14":"product_tag-70er","15":"product_tag-ausland","16":"product_tag-aussenaufnahme","17":"product_tag-aussenaufnahmen","18":"product_tag-brasil","19":"product_tag-brasilien","20":"product_tag-brasiliens","21":"product_tag-candomble","22":"product_tag-ceremonie","23":"product_tag-ceremonien","24":"product_tag-farbaufnahme","25":"product_tag-farbaufnahmen","26":"product_tag-farbfoto","27":"product_tag-farbfotografie","28":"product_tag-farbphoto","29":"product_tag-farbphotographie","30":"product_tag-fenster","31":"product_tag-fotografin","32":"product_tag-fotografinnen","33":"product_tag-frauen","34":"product_tag-gewand","35":"product_tag-gewaender","36":"product_tag-gruppenaufnahme","37":"product_tag-gruppenaufnahmen","38":"product_tag-gruppenfoto","39":"product_tag-gruppenfotos","40":"product_tag-gruppenphoto","41":"product_tag-gruppenphotos","42":"product_tag-haeuserwand","43":"product_tag-haeuserwaende","44":"product_tag-haeuserwaenden","45":"product_tag-hauswand","46":"product_tag-hauswaende","47":"product_tag-hauswaenden","48":"product_tag-kleid","49":"product_tag-kopfbedeckung","50":"product_tag-kopfbedeckungen","51":"product_tag-maedchen","52":"product_tag-photographin","53":"product_tag-photographinnen","54":"product_tag-ritual","55":"product_tag-rituale","56":"product_tag-rituell","57":"product_tag-rituelle","58":"product_tag-rituellen","59":"product_tag-ritueller","60":"product_tag-rituelles","61":"product_tag-rueckansicht","62":"product_tag-rueckenansicht","63":"product_tag-siebziger","64":"product_tag-spiritualitaet","65":"product_tag-spirituell","66":"product_tag-spirituelle","67":"product_tag-spirituellen","68":"product_tag-spiritueller","69":"product_tag-spirituelles","70":"product_tag-suedamerika","71":"product_tag-suedamerikas","72":"product_tag-voodoo","73":"product_tag-xango","74":"product_tag-zeremonie","75":"product_tag-zeremoniell","76":"product_tag-zeremonielle","77":"product_tag-zeremoniellem","78":"product_tag-zeremoniellen","79":"product_tag-zeremonieller","80":"product_tag-zeremonielles","81":"product_tag-zeremonien","83":"first","84":"instock","85":"shipping-taxable","86":"product-type-simple"},"yoast_head":"<!-- This site is optimized with the Yoast SEO plugin v27.3 - https:\/\/yoast.com\/product\/yoast-seo-wordpress\/ -->\n<title>Ohne Titel (Erster Ausgang der Novizen) - Leonore Mau<\/title>\n<meta name=\"robots\" content=\"index, follow, max-snippet:-1, max-image-preview:large, max-video-preview:-1\" \/>\n<link rel=\"canonical\" href=\"https:\/\/leonore-mau.de\/produkt\/ohne-titel-erster-ausgang-der-novizen\/\" \/>\n<meta property=\"og:locale\" content=\"en_US\" \/>\n<meta property=\"og:type\" content=\"article\" \/>\n<meta property=\"og:title\" content=\"Ohne Titel (Erster Ausgang der Novizen) - Leonore Mau\" \/>\n<meta property=\"og:description\" content=\"&#8220;Die neueingeweihten M\u00e4dchen verlassen zum erste Mal die Einweihungszelle. Sie m\u00fcssen vor den Sonnenstrahlen durch Laken bewahrt werden.&#8221; Dieser Vorgang ist Teil der Candombl\u00e9-Zeremonie und geh\u00f6rt den afrobrasilianischen Religionen an. Aufgenommen in Bahia in der Allerheiligenbucht Ba\u00eda de Todos os Santos. Referenz: Hubert Fichte und Leonore Mau, Xango, S. Fischer Verlag GmbH, 1976 Referenz: Wilfried [&hellip;]\" \/>\n<meta property=\"og:url\" content=\"https:\/\/leonore-mau.de\/produkt\/ohne-titel-erster-ausgang-der-novizen\/\" \/>\n<meta property=\"og:site_name\" content=\"Leonore Mau\" \/>\n<meta property=\"article:modified_time\" content=\"2022-09-13T21:11:02+00:00\" \/>\n<meta property=\"og:image\" content=\"https:\/\/leonore-mau.de\/wp-content\/uploads\/2022\/07\/70367520.jpg\" \/>\n\t<meta property=\"og:image:width\" content=\"1200\" \/>\n\t<meta property=\"og:image:height\" content=\"1187\" \/>\n\t<meta property=\"og:image:type\" content=\"image\/jpeg\" \/>\n<meta name=\"twitter:card\" content=\"summary_large_image\" \/>\n<script type=\"application\/ld+json\" class=\"yoast-schema-graph\">{\"@context\":\"https:\\\/\\\/schema.org\",\"@graph\":[{\"@type\":\"WebPage\",\"@id\":\"https:\\\/\\\/leonore-mau.de\\\/produkt\\\/ohne-titel-erster-ausgang-der-novizen\\\/\",\"url\":\"https:\\\/\\\/leonore-mau.de\\\/produkt\\\/ohne-titel-erster-ausgang-der-novizen\\\/\",\"name\":\"Ohne Titel (Erster Ausgang der Novizen) - Leonore Mau\",\"isPartOf\":{\"@id\":\"https:\\\/\\\/leonore-mau.de\\\/#website\"},\"primaryImageOfPage\":{\"@id\":\"https:\\\/\\\/leonore-mau.de\\\/produkt\\\/ohne-titel-erster-ausgang-der-novizen\\\/#primaryimage\"},\"image\":{\"@id\":\"https:\\\/\\\/leonore-mau.de\\\/produkt\\\/ohne-titel-erster-ausgang-der-novizen\\\/#primaryimage\"},\"thumbnailUrl\":\"https:\\\/\\\/leonore-mau.de\\\/wp-content\\\/uploads\\\/2022\\\/07\\\/70367520.jpg\",\"datePublished\":\"2022-07-11T13:16:36+00:00\",\"dateModified\":\"2022-09-13T21:11:02+00:00\",\"breadcrumb\":{\"@id\":\"https:\\\/\\\/leonore-mau.de\\\/produkt\\\/ohne-titel-erster-ausgang-der-novizen\\\/#breadcrumb\"},\"inLanguage\":\"en-US\",\"potentialAction\":[{\"@type\":\"ReadAction\",\"target\":[\"https:\\\/\\\/leonore-mau.de\\\/produkt\\\/ohne-titel-erster-ausgang-der-novizen\\\/\"]}]},{\"@type\":\"ImageObject\",\"inLanguage\":\"en-US\",\"@id\":\"https:\\\/\\\/leonore-mau.de\\\/produkt\\\/ohne-titel-erster-ausgang-der-novizen\\\/#primaryimage\",\"url\":\"https:\\\/\\\/leonore-mau.de\\\/wp-content\\\/uploads\\\/2022\\\/07\\\/70367520.jpg\",\"contentUrl\":\"https:\\\/\\\/leonore-mau.de\\\/wp-content\\\/uploads\\\/2022\\\/07\\\/70367520.jpg\",\"width\":1200,\"height\":1187,\"caption\":\"\\\"Die neueingeweihten M\u00e4dchen verlassen zum erste Mal die Einweihungszelle. Sie m\u00fcssen vor den Sonnenstrahlen durch Laken bewahrt werden.\\\" Dieser Vorgang ist Teil der Candombl\u00e9-Zeremonie und geh\u00f6rt den afrobrasilianischen Religionen an. Aufgenommen in Bahia in der Allerheiligenbucht Ba\u00eda de Todos os Santos. Referenz: Hubert Fichte und Leonore Mau, Xango, S. Fischer Verlag GmbH, 1976 Referenz: Wilfried F. Schoeller, Hubert Fichte und Leonore Mau. Der Schriftsteller und die Fotografin, 2005 Aufnahmedatum: 1971 Material\\\/Technik: Foto \\\/ Farbdia Bildformat (Foto): Gro\u00dfbild (6x6) Aufnahmeort: Bahia Inventar-Nr.: LM-505894\"},{\"@type\":\"BreadcrumbList\",\"@id\":\"https:\\\/\\\/leonore-mau.de\\\/produkt\\\/ohne-titel-erster-ausgang-der-novizen\\\/#breadcrumb\",\"itemListElement\":[{\"@type\":\"ListItem\",\"position\":1,\"name\":\"Startseite\",\"item\":\"https:\\\/\\\/leonore-mau.de\\\/en\\\/\"},{\"@type\":\"ListItem\",\"position\":2,\"name\":\"Shop\",\"item\":\"https:\\\/\\\/leonore-mau.de\\\/en\\\/shop-2\\\/\"},{\"@type\":\"ListItem\",\"position\":3,\"name\":\"Ohne Titel (Erster Ausgang der Novizen)\"}]},{\"@type\":\"WebSite\",\"@id\":\"https:\\\/\\\/leonore-mau.de\\\/#website\",\"url\":\"https:\\\/\\\/leonore-mau.de\\\/\",\"name\":\"Leonore Mau\",\"description\":\"Fotografin\",\"potentialAction\":[{\"@type\":\"SearchAction\",\"target\":{\"@type\":\"EntryPoint\",\"urlTemplate\":\"https:\\\/\\\/leonore-mau.de\\\/?s={search_term_string}\"},\"query-input\":{\"@type\":\"PropertyValueSpecification\",\"valueRequired\":true,\"valueName\":\"search_term_string\"}}],\"inLanguage\":\"en-US\"}]}<\/script>\n<!-- \/ Yoast SEO plugin. -->","yoast_head_json":{"title":"Ohne Titel (Erster Ausgang der Novizen) - Leonore Mau","robots":{"index":"index","follow":"follow","max-snippet":"max-snippet:-1","max-image-preview":"max-image-preview:large","max-video-preview":"max-video-preview:-1"},"canonical":"https:\/\/leonore-mau.de\/produkt\/ohne-titel-erster-ausgang-der-novizen\/","og_locale":"en_US","og_type":"article","og_title":"Ohne Titel (Erster Ausgang der Novizen) - Leonore Mau","og_description":"&#8220;Die neueingeweihten M\u00e4dchen verlassen zum erste Mal die Einweihungszelle. Sie m\u00fcssen vor den Sonnenstrahlen durch Laken bewahrt werden.&#8221; Dieser Vorgang ist Teil der Candombl\u00e9-Zeremonie und geh\u00f6rt den afrobrasilianischen Religionen an. Aufgenommen in Bahia in der Allerheiligenbucht Ba\u00eda de Todos os Santos. Referenz: Hubert Fichte und Leonore Mau, Xango, S. Fischer Verlag GmbH, 1976 Referenz: Wilfried [&hellip;]","og_url":"https:\/\/leonore-mau.de\/produkt\/ohne-titel-erster-ausgang-der-novizen\/","og_site_name":"Leonore Mau","article_modified_time":"2022-09-13T21:11:02+00:00","og_image":[{"width":1200,"height":1187,"url":"https:\/\/leonore-mau.de\/wp-content\/uploads\/2022\/07\/70367520.jpg","type":"image\/jpeg"}],"twitter_card":"summary_large_image","schema":{"@context":"https:\/\/schema.org","@graph":[{"@type":"WebPage","@id":"https:\/\/leonore-mau.de\/produkt\/ohne-titel-erster-ausgang-der-novizen\/","url":"https:\/\/leonore-mau.de\/produkt\/ohne-titel-erster-ausgang-der-novizen\/","name":"Ohne Titel (Erster Ausgang der Novizen) - Leonore Mau","isPartOf":{"@id":"https:\/\/leonore-mau.de\/#website"},"primaryImageOfPage":{"@id":"https:\/\/leonore-mau.de\/produkt\/ohne-titel-erster-ausgang-der-novizen\/#primaryimage"},"image":{"@id":"https:\/\/leonore-mau.de\/produkt\/ohne-titel-erster-ausgang-der-novizen\/#primaryimage"},"thumbnailUrl":"https:\/\/leonore-mau.de\/wp-content\/uploads\/2022\/07\/70367520.jpg","datePublished":"2022-07-11T13:16:36+00:00","dateModified":"2022-09-13T21:11:02+00:00","breadcrumb":{"@id":"https:\/\/leonore-mau.de\/produkt\/ohne-titel-erster-ausgang-der-novizen\/#breadcrumb"},"inLanguage":"en-US","potentialAction":[{"@type":"ReadAction","target":["https:\/\/leonore-mau.de\/produkt\/ohne-titel-erster-ausgang-der-novizen\/"]}]},{"@type":"ImageObject","inLanguage":"en-US","@id":"https:\/\/leonore-mau.de\/produkt\/ohne-titel-erster-ausgang-der-novizen\/#primaryimage","url":"https:\/\/leonore-mau.de\/wp-content\/uploads\/2022\/07\/70367520.jpg","contentUrl":"https:\/\/leonore-mau.de\/wp-content\/uploads\/2022\/07\/70367520.jpg","width":1200,"height":1187,"caption":"\"Die neueingeweihten M\u00e4dchen verlassen zum erste Mal die Einweihungszelle. Sie m\u00fcssen vor den Sonnenstrahlen durch Laken bewahrt werden.\" Dieser Vorgang ist Teil der Candombl\u00e9-Zeremonie und geh\u00f6rt den afrobrasilianischen Religionen an. Aufgenommen in Bahia in der Allerheiligenbucht Ba\u00eda de Todos os Santos. Referenz: Hubert Fichte und Leonore Mau, Xango, S. Fischer Verlag GmbH, 1976 Referenz: Wilfried F. Schoeller, Hubert Fichte und Leonore Mau. Der Schriftsteller und die Fotografin, 2005 Aufnahmedatum: 1971 Material\/Technik: Foto \/ Farbdia Bildformat (Foto): Gro\u00dfbild (6x6) Aufnahmeort: Bahia Inventar-Nr.: LM-505894"},{"@type":"BreadcrumbList","@id":"https:\/\/leonore-mau.de\/produkt\/ohne-titel-erster-ausgang-der-novizen\/#breadcrumb","itemListElement":[{"@type":"ListItem","position":1,"name":"Startseite","item":"https:\/\/leonore-mau.de\/en\/"},{"@type":"ListItem","position":2,"name":"Shop","item":"https:\/\/leonore-mau.de\/en\/shop-2\/"},{"@type":"ListItem","position":3,"name":"Ohne Titel (Erster Ausgang der Novizen)"}]},{"@type":"WebSite","@id":"https:\/\/leonore-mau.de\/#website","url":"https:\/\/leonore-mau.de\/","name":"Leonore Mau","description":"Fotografin","potentialAction":[{"@type":"SearchAction","target":{"@type":"EntryPoint","urlTemplate":"https:\/\/leonore-mau.de\/?s={search_term_string}"},"query-input":{"@type":"PropertyValueSpecification","valueRequired":true,"valueName":"search_term_string"}}],"inLanguage":"en-US"}]}},"_links":{"self":[{"href":"https:\/\/leonore-mau.de\/en\/wp-json\/wp\/v2\/product\/1069","targetHints":{"allow":["GET"]}}],"collection":[{"href":"https:\/\/leonore-mau.de\/en\/wp-json\/wp\/v2\/product"}],"about":[{"href":"https:\/\/leonore-mau.de\/en\/wp-json\/wp\/v2\/types\/product"}],"wp:featuredmedia":[{"embeddable":true,"href":"https:\/\/leonore-mau.de\/en\/wp-json\/wp\/v2\/media\/517"}],"wp:attachment":[{"href":"https:\/\/leonore-mau.de\/en\/wp-json\/wp\/v2\/media?parent=1069"}],"wp:term":[{"taxonomy":"product_brand","embeddable":true,"href":"https:\/\/leonore-mau.de\/en\/wp-json\/wp\/v2\/product_brand?post=1069"},{"taxonomy":"product_cat","embeddable":true,"href":"https:\/\/leonore-mau.de\/en\/wp-json\/wp\/v2\/product_cat?post=1069"},{"taxonomy":"product_tag","embeddable":true,"href":"https:\/\/leonore-mau.de\/en\/wp-json\/wp\/v2\/product_tag?post=1069"}],"curies":[{"name":"wp","href":"https:\/\/api.w.org\/{rel}","templated":true}]}}