{"id":1071,"date":"2022-07-11T15:16:36","date_gmt":"2022-07-11T13:16:36","guid":{"rendered":"https:\/\/leonore-mau.de\/produkt\/der-zaubermarkt-in-b-bei-lom-togo\/"},"modified":"2022-09-13T23:11:04","modified_gmt":"2022-09-13T21:11:04","slug":"der-zaubermarkt-in-b-bei-lom-togo","status":"publish","type":"product","link":"https:\/\/leonore-mau.de\/en\/produkt\/der-zaubermarkt-in-b-bei-lom-togo\/","title":{"rendered":"Der Zaubermarkt in B\u00e9 bei Lom\u00e9, Togo"},"content":{"rendered":"<p>Vier Jungen auf dem Zaubermarkt. Hinter ihnen sind diverse Utensilien wie Tiersch\u00e4del und Felle zum Verkauf ausgelegt. Referenz: Hubert Fichte und Leonore Mau, Psyche, S. Fischer Verlag GmbH, 2005<\/p>\n","protected":false},"excerpt":{"rendered":"<p>Vier Jungen auf dem Zaubermarkt. Hinter ihnen sind diverse Utensilien wie Tiersch\u00e4del und Felle zum Verkauf ausgelegt. Referenz: Hubert Fichte und Leonore Mau, Psyche, S. Fischer Verlag GmbH, 2005<\/p>\n","protected":false},"featured_media":519,"template":"","meta":[],"product_brand":[],"product_cat":[17,4445],"product_tag":[78,22,24,21,23,1440,80,1055,1056,939,940,84,1057,1679,36,37,39,40,41,42,2541,2542,43,44,2543,727,714,259,70,71,1349,95,1021,1022,1023,1024,1025,1026,2544,2545,1661,1588,2546,1176,957,958,2547],"class_list":{"0":"post-1071","1":"product","2":"type-product","3":"status-publish","4":"has-post-thumbnail","6":"product_cat-unkategorisiert","7":"product_cat-westafrika","8":"product_tag-1970er-jahre","9":"product_tag-20-jahrhundert-nach-chr","10":"product_tag-20-jh-n-chr","11":"product_tag-20-jahrhundert","12":"product_tag-20-jh","13":"product_tag-4-5_westafrika","14":"product_tag-70er","15":"product_tag-aberglaube","16":"product_tag-aberglauben","17":"product_tag-afrika","18":"product_tag-afrikas","19":"product_tag-ausland","20":"product_tag-boden","21":"product_tag-erde","22":"product_tag-farbaufnahme","23":"product_tag-farbaufnahmen","24":"product_tag-farbfoto","25":"product_tag-farbfotografie","26":"product_tag-farbphoto","27":"product_tag-farbphotographie","28":"product_tag-fell","29":"product_tag-felle","30":"product_tag-fotografin","31":"product_tag-fotografinnen","32":"product_tag-haendler","33":"product_tag-junge","34":"product_tag-jungen","35":"product_tag-markt","36":"product_tag-photographin","37":"product_tag-photographinnen","38":"product_tag-psyche","39":"product_tag-siebziger","40":"product_tag-spiritualitaet","41":"product_tag-spirituell","42":"product_tag-spirituelle","43":"product_tag-spirituellen","44":"product_tag-spiritueller","45":"product_tag-spirituelles","46":"product_tag-tierfell","47":"product_tag-tierschaedel","48":"product_tag-togo","49":"product_tag-verkauf","50":"product_tag-verkaeufer","51":"product_tag-voodoo","52":"product_tag-westafrika","53":"product_tag-westafrikas","54":"product_tag-zaubermarkt","56":"first","57":"instock","58":"shipping-taxable","59":"product-type-simple"},"yoast_head":"<!-- This site is optimized with the Yoast SEO plugin v27.3 - https:\/\/yoast.com\/product\/yoast-seo-wordpress\/ -->\n<title>Der Zaubermarkt in B\u00e9 bei Lom\u00e9, Togo - Leonore Mau<\/title>\n<meta name=\"robots\" content=\"index, follow, max-snippet:-1, max-image-preview:large, max-video-preview:-1\" \/>\n<link rel=\"canonical\" href=\"https:\/\/leonore-mau.de\/produkt\/der-zaubermarkt-in-b-bei-lom-togo\/\" \/>\n<meta property=\"og:locale\" content=\"en_US\" \/>\n<meta property=\"og:type\" content=\"article\" \/>\n<meta property=\"og:title\" content=\"Der Zaubermarkt in B\u00e9 bei Lom\u00e9, Togo - Leonore Mau\" \/>\n<meta property=\"og:description\" content=\"Vier Jungen auf dem Zaubermarkt. Hinter ihnen sind diverse Utensilien wie Tiersch\u00e4del und Felle zum Verkauf ausgelegt. Referenz: Hubert Fichte und Leonore Mau, Psyche, S. Fischer Verlag GmbH, 2005\" \/>\n<meta property=\"og:url\" content=\"https:\/\/leonore-mau.de\/produkt\/der-zaubermarkt-in-b-bei-lom-togo\/\" \/>\n<meta property=\"og:site_name\" content=\"Leonore Mau\" \/>\n<meta property=\"article:modified_time\" content=\"2022-09-13T21:11:04+00:00\" \/>\n<meta property=\"og:image\" content=\"https:\/\/leonore-mau.de\/wp-content\/uploads\/2022\/07\/70367885.jpg\" \/>\n\t<meta property=\"og:image:width\" content=\"1200\" \/>\n\t<meta property=\"og:image:height\" content=\"823\" \/>\n\t<meta property=\"og:image:type\" content=\"image\/jpeg\" \/>\n<meta name=\"twitter:card\" content=\"summary_large_image\" \/>\n<script type=\"application\/ld+json\" class=\"yoast-schema-graph\">{\"@context\":\"https:\\\/\\\/schema.org\",\"@graph\":[{\"@type\":\"WebPage\",\"@id\":\"https:\\\/\\\/leonore-mau.de\\\/produkt\\\/der-zaubermarkt-in-b-bei-lom-togo\\\/\",\"url\":\"https:\\\/\\\/leonore-mau.de\\\/produkt\\\/der-zaubermarkt-in-b-bei-lom-togo\\\/\",\"name\":\"Der Zaubermarkt in B\u00e9 bei Lom\u00e9, Togo - Leonore Mau\",\"isPartOf\":{\"@id\":\"https:\\\/\\\/leonore-mau.de\\\/#website\"},\"primaryImageOfPage\":{\"@id\":\"https:\\\/\\\/leonore-mau.de\\\/produkt\\\/der-zaubermarkt-in-b-bei-lom-togo\\\/#primaryimage\"},\"image\":{\"@id\":\"https:\\\/\\\/leonore-mau.de\\\/produkt\\\/der-zaubermarkt-in-b-bei-lom-togo\\\/#primaryimage\"},\"thumbnailUrl\":\"https:\\\/\\\/leonore-mau.de\\\/wp-content\\\/uploads\\\/2022\\\/07\\\/70367885.jpg\",\"datePublished\":\"2022-07-11T13:16:36+00:00\",\"dateModified\":\"2022-09-13T21:11:04+00:00\",\"breadcrumb\":{\"@id\":\"https:\\\/\\\/leonore-mau.de\\\/produkt\\\/der-zaubermarkt-in-b-bei-lom-togo\\\/#breadcrumb\"},\"inLanguage\":\"en-US\",\"potentialAction\":[{\"@type\":\"ReadAction\",\"target\":[\"https:\\\/\\\/leonore-mau.de\\\/produkt\\\/der-zaubermarkt-in-b-bei-lom-togo\\\/\"]}]},{\"@type\":\"ImageObject\",\"inLanguage\":\"en-US\",\"@id\":\"https:\\\/\\\/leonore-mau.de\\\/produkt\\\/der-zaubermarkt-in-b-bei-lom-togo\\\/#primaryimage\",\"url\":\"https:\\\/\\\/leonore-mau.de\\\/wp-content\\\/uploads\\\/2022\\\/07\\\/70367885.jpg\",\"contentUrl\":\"https:\\\/\\\/leonore-mau.de\\\/wp-content\\\/uploads\\\/2022\\\/07\\\/70367885.jpg\",\"width\":1200,\"height\":823,\"caption\":\"Vier Jungen auf dem Zaubermarkt. Hinter ihnen sind diverse Utensilien wie Tiersch\u00e4del und Felle zum Verkauf ausgelegt. Referenz: Hubert Fichte und Leonore Mau, Psyche, S. Fischer Verlag GmbH, 2005 Aufnahmedatum: 04.07.1978 Material\\\/Technik: Foto \\\/ Farbdia Bildformat (Foto): Kleinbild Aufnahmeort: Lom\u00e9 Inventar-Nr.: LM-506021\"},{\"@type\":\"BreadcrumbList\",\"@id\":\"https:\\\/\\\/leonore-mau.de\\\/produkt\\\/der-zaubermarkt-in-b-bei-lom-togo\\\/#breadcrumb\",\"itemListElement\":[{\"@type\":\"ListItem\",\"position\":1,\"name\":\"Startseite\",\"item\":\"https:\\\/\\\/leonore-mau.de\\\/en\\\/\"},{\"@type\":\"ListItem\",\"position\":2,\"name\":\"Shop\",\"item\":\"https:\\\/\\\/leonore-mau.de\\\/en\\\/shop-2\\\/\"},{\"@type\":\"ListItem\",\"position\":3,\"name\":\"Der Zaubermarkt in B\u00e9 bei Lom\u00e9, Togo\"}]},{\"@type\":\"WebSite\",\"@id\":\"https:\\\/\\\/leonore-mau.de\\\/#website\",\"url\":\"https:\\\/\\\/leonore-mau.de\\\/\",\"name\":\"Leonore Mau\",\"description\":\"Fotografin\",\"potentialAction\":[{\"@type\":\"SearchAction\",\"target\":{\"@type\":\"EntryPoint\",\"urlTemplate\":\"https:\\\/\\\/leonore-mau.de\\\/?s={search_term_string}\"},\"query-input\":{\"@type\":\"PropertyValueSpecification\",\"valueRequired\":true,\"valueName\":\"search_term_string\"}}],\"inLanguage\":\"en-US\"}]}<\/script>\n<!-- \/ Yoast SEO plugin. -->","yoast_head_json":{"title":"Der Zaubermarkt in B\u00e9 bei Lom\u00e9, Togo - Leonore Mau","robots":{"index":"index","follow":"follow","max-snippet":"max-snippet:-1","max-image-preview":"max-image-preview:large","max-video-preview":"max-video-preview:-1"},"canonical":"https:\/\/leonore-mau.de\/produkt\/der-zaubermarkt-in-b-bei-lom-togo\/","og_locale":"en_US","og_type":"article","og_title":"Der Zaubermarkt in B\u00e9 bei Lom\u00e9, Togo - Leonore Mau","og_description":"Vier Jungen auf dem Zaubermarkt. Hinter ihnen sind diverse Utensilien wie Tiersch\u00e4del und Felle zum Verkauf ausgelegt. Referenz: Hubert Fichte und Leonore Mau, Psyche, S. Fischer Verlag GmbH, 2005","og_url":"https:\/\/leonore-mau.de\/produkt\/der-zaubermarkt-in-b-bei-lom-togo\/","og_site_name":"Leonore Mau","article_modified_time":"2022-09-13T21:11:04+00:00","og_image":[{"width":1200,"height":823,"url":"https:\/\/leonore-mau.de\/wp-content\/uploads\/2022\/07\/70367885.jpg","type":"image\/jpeg"}],"twitter_card":"summary_large_image","schema":{"@context":"https:\/\/schema.org","@graph":[{"@type":"WebPage","@id":"https:\/\/leonore-mau.de\/produkt\/der-zaubermarkt-in-b-bei-lom-togo\/","url":"https:\/\/leonore-mau.de\/produkt\/der-zaubermarkt-in-b-bei-lom-togo\/","name":"Der Zaubermarkt in B\u00e9 bei Lom\u00e9, Togo - Leonore Mau","isPartOf":{"@id":"https:\/\/leonore-mau.de\/#website"},"primaryImageOfPage":{"@id":"https:\/\/leonore-mau.de\/produkt\/der-zaubermarkt-in-b-bei-lom-togo\/#primaryimage"},"image":{"@id":"https:\/\/leonore-mau.de\/produkt\/der-zaubermarkt-in-b-bei-lom-togo\/#primaryimage"},"thumbnailUrl":"https:\/\/leonore-mau.de\/wp-content\/uploads\/2022\/07\/70367885.jpg","datePublished":"2022-07-11T13:16:36+00:00","dateModified":"2022-09-13T21:11:04+00:00","breadcrumb":{"@id":"https:\/\/leonore-mau.de\/produkt\/der-zaubermarkt-in-b-bei-lom-togo\/#breadcrumb"},"inLanguage":"en-US","potentialAction":[{"@type":"ReadAction","target":["https:\/\/leonore-mau.de\/produkt\/der-zaubermarkt-in-b-bei-lom-togo\/"]}]},{"@type":"ImageObject","inLanguage":"en-US","@id":"https:\/\/leonore-mau.de\/produkt\/der-zaubermarkt-in-b-bei-lom-togo\/#primaryimage","url":"https:\/\/leonore-mau.de\/wp-content\/uploads\/2022\/07\/70367885.jpg","contentUrl":"https:\/\/leonore-mau.de\/wp-content\/uploads\/2022\/07\/70367885.jpg","width":1200,"height":823,"caption":"Vier Jungen auf dem Zaubermarkt. Hinter ihnen sind diverse Utensilien wie Tiersch\u00e4del und Felle zum Verkauf ausgelegt. Referenz: Hubert Fichte und Leonore Mau, Psyche, S. Fischer Verlag GmbH, 2005 Aufnahmedatum: 04.07.1978 Material\/Technik: Foto \/ Farbdia Bildformat (Foto): Kleinbild Aufnahmeort: Lom\u00e9 Inventar-Nr.: LM-506021"},{"@type":"BreadcrumbList","@id":"https:\/\/leonore-mau.de\/produkt\/der-zaubermarkt-in-b-bei-lom-togo\/#breadcrumb","itemListElement":[{"@type":"ListItem","position":1,"name":"Startseite","item":"https:\/\/leonore-mau.de\/en\/"},{"@type":"ListItem","position":2,"name":"Shop","item":"https:\/\/leonore-mau.de\/en\/shop-2\/"},{"@type":"ListItem","position":3,"name":"Der Zaubermarkt in B\u00e9 bei Lom\u00e9, Togo"}]},{"@type":"WebSite","@id":"https:\/\/leonore-mau.de\/#website","url":"https:\/\/leonore-mau.de\/","name":"Leonore Mau","description":"Fotografin","potentialAction":[{"@type":"SearchAction","target":{"@type":"EntryPoint","urlTemplate":"https:\/\/leonore-mau.de\/?s={search_term_string}"},"query-input":{"@type":"PropertyValueSpecification","valueRequired":true,"valueName":"search_term_string"}}],"inLanguage":"en-US"}]}},"_links":{"self":[{"href":"https:\/\/leonore-mau.de\/en\/wp-json\/wp\/v2\/product\/1071","targetHints":{"allow":["GET"]}}],"collection":[{"href":"https:\/\/leonore-mau.de\/en\/wp-json\/wp\/v2\/product"}],"about":[{"href":"https:\/\/leonore-mau.de\/en\/wp-json\/wp\/v2\/types\/product"}],"wp:featuredmedia":[{"embeddable":true,"href":"https:\/\/leonore-mau.de\/en\/wp-json\/wp\/v2\/media\/519"}],"wp:attachment":[{"href":"https:\/\/leonore-mau.de\/en\/wp-json\/wp\/v2\/media?parent=1071"}],"wp:term":[{"taxonomy":"product_brand","embeddable":true,"href":"https:\/\/leonore-mau.de\/en\/wp-json\/wp\/v2\/product_brand?post=1071"},{"taxonomy":"product_cat","embeddable":true,"href":"https:\/\/leonore-mau.de\/en\/wp-json\/wp\/v2\/product_cat?post=1071"},{"taxonomy":"product_tag","embeddable":true,"href":"https:\/\/leonore-mau.de\/en\/wp-json\/wp\/v2\/product_tag?post=1071"}],"curies":[{"name":"wp","href":"https:\/\/api.w.org\/{rel}","templated":true}]}}