{"id":1076,"date":"2022-07-11T15:16:38","date_gmt":"2022-07-11T13:16:38","guid":{"rendered":"https:\/\/leonore-mau.de\/produkt\/priester-und-psychiater-am-togosee\/"},"modified":"2022-09-13T23:11:09","modified_gmt":"2022-09-13T21:11:09","slug":"priester-und-psychiater-am-togosee","status":"publish","type":"product","link":"https:\/\/leonore-mau.de\/en\/produkt\/priester-und-psychiater-am-togosee\/","title":{"rendered":"Priester und Psychiater am Togosee"},"content":{"rendered":"<p>Priester und Psychiater in einem blauen Gewand sitzend in einer Lehmh\u00fctte. Neben ihm der Heilige Stuhl des Tempels, der an die Kopfst\u00fctze der \u00c4gypter erinnert. Referenz: Hubert Fichte und Leonore Mau, Psyche, S. Fischer Verlag GmbH, 2005<\/p>\n","protected":false},"excerpt":{"rendered":"<p>Priester und Psychiater in einem blauen Gewand sitzend in einer Lehmh\u00fctte. Neben ihm der Heilige Stuhl des Tempels, der an die Kopfst\u00fctze der \u00c4gypter erinnert. Referenz: Hubert Fichte und Leonore Mau, Psyche, S. Fischer Verlag GmbH, 2005<\/p>\n","protected":false},"featured_media":524,"template":"","meta":[],"product_brand":[],"product_cat":[17,4445],"product_tag":[78,1722,1723,21,23,1440,80,939,940,84,1085,1086,1087,1088,1089,1090,1091,1008,1009,36,37,39,40,41,42,43,44,549,550,56,57,188,189,2557,2558,486,70,71,580,581,1078,1349,1655,1013,1014,1015,1016,1017,1018,1019,95,536,537,538,539,540,541,542,1021,1022,1023,1024,1025,1026,1661,527,528,529,530,531,532,533,1459,1460,1461,1462,957,958,1032,1033,1034,1035,1036,1037,1038,1039],"class_list":{"0":"post-1076","1":"product","2":"type-product","3":"status-publish","4":"has-post-thumbnail","6":"product_cat-unkategorisiert","7":"product_cat-westafrika","8":"product_tag-1970er-jahre","9":"product_tag-20-jahrhundert-vor-chr","10":"product_tag-20-jh-v-chr","11":"product_tag-20-jahrhundert","12":"product_tag-20-jh","13":"product_tag-4-5_westafrika","14":"product_tag-70er","15":"product_tag-afrika","16":"product_tag-afrikas","17":"product_tag-ausland","18":"product_tag-barfuss","19":"product_tag-barfuessig","20":"product_tag-barfuessige","21":"product_tag-barfuessigen","22":"product_tag-barfuessiger","23":"product_tag-barfuessiges","24":"product_tag-barfuessigkeit","25":"product_tag-ceremonie","26":"product_tag-ceremonien","27":"product_tag-farbaufnahme","28":"product_tag-farbaufnahmen","29":"product_tag-farbfoto","30":"product_tag-farbfotografie","31":"product_tag-farbphoto","32":"product_tag-farbphotographie","33":"product_tag-fotografin","34":"product_tag-fotografinnen","35":"product_tag-gewand","36":"product_tag-gewaender","37":"product_tag-innenaufnahme","38":"product_tag-innenaufnahmen","39":"product_tag-kopfbedeckung","40":"product_tag-kopfbedeckungen","41":"product_tag-lehmhuette","42":"product_tag-lehmhuetten","43":"product_tag-mann","44":"product_tag-photographin","45":"product_tag-photographinnen","46":"product_tag-portrait","47":"product_tag-portraet","48":"product_tag-priester","49":"product_tag-psyche","50":"product_tag-psychiater","51":"product_tag-ritual","52":"product_tag-rituale","53":"product_tag-rituell","54":"product_tag-rituelle","55":"product_tag-rituellen","56":"product_tag-ritueller","57":"product_tag-rituelles","58":"product_tag-siebziger","59":"product_tag-sitzen","60":"product_tag-sitzend","61":"product_tag-sitzende","62":"product_tag-sitzenden","63":"product_tag-sitzender","64":"product_tag-sitzendes","65":"product_tag-sitzt","66":"product_tag-spiritualitaet","67":"product_tag-spirituell","68":"product_tag-spirituelle","69":"product_tag-spirituellen","70":"product_tag-spiritueller","71":"product_tag-spirituelles","72":"product_tag-togo","73":"product_tag-tradition","74":"product_tag-traditionell","75":"product_tag-traditionelle","76":"product_tag-traditionellem","77":"product_tag-traditionellen","78":"product_tag-traditioneller","79":"product_tag-traditionelles","80":"product_tag-votiv","81":"product_tag-votivgabe","82":"product_tag-votivgaben","83":"product_tag-votivs","84":"product_tag-westafrika","85":"product_tag-westafrikas","86":"product_tag-zeremonie","87":"product_tag-zeremoniell","88":"product_tag-zeremonielle","89":"product_tag-zeremoniellem","90":"product_tag-zeremoniellen","91":"product_tag-zeremonieller","92":"product_tag-zeremonielles","93":"product_tag-zeremonien","95":"first","96":"instock","97":"shipping-taxable","98":"product-type-simple"},"yoast_head":"<!-- This site is optimized with the Yoast SEO plugin v27.3 - https:\/\/yoast.com\/product\/yoast-seo-wordpress\/ -->\n<title>Priester und Psychiater am Togosee - Leonore Mau<\/title>\n<meta name=\"robots\" content=\"index, follow, max-snippet:-1, max-image-preview:large, max-video-preview:-1\" \/>\n<link rel=\"canonical\" href=\"https:\/\/leonore-mau.de\/produkt\/priester-und-psychiater-am-togosee\/\" \/>\n<meta property=\"og:locale\" content=\"en_US\" \/>\n<meta property=\"og:type\" content=\"article\" \/>\n<meta property=\"og:title\" content=\"Priester und Psychiater am Togosee - Leonore Mau\" \/>\n<meta property=\"og:description\" content=\"Priester und Psychiater in einem blauen Gewand sitzend in einer Lehmh\u00fctte. Neben ihm der Heilige Stuhl des Tempels, der an die Kopfst\u00fctze der \u00c4gypter erinnert. Referenz: Hubert Fichte und Leonore Mau, Psyche, S. Fischer Verlag GmbH, 2005\" \/>\n<meta property=\"og:url\" content=\"https:\/\/leonore-mau.de\/produkt\/priester-und-psychiater-am-togosee\/\" \/>\n<meta property=\"og:site_name\" content=\"Leonore Mau\" \/>\n<meta property=\"article:modified_time\" content=\"2022-09-13T21:11:09+00:00\" \/>\n<meta property=\"og:image\" content=\"https:\/\/leonore-mau.de\/wp-content\/uploads\/2022\/07\/70367894.jpg\" \/>\n\t<meta property=\"og:image:width\" content=\"849\" \/>\n\t<meta property=\"og:image:height\" content=\"1200\" \/>\n\t<meta property=\"og:image:type\" content=\"image\/jpeg\" \/>\n<meta name=\"twitter:card\" content=\"summary_large_image\" \/>\n<script type=\"application\/ld+json\" class=\"yoast-schema-graph\">{\"@context\":\"https:\\\/\\\/schema.org\",\"@graph\":[{\"@type\":\"WebPage\",\"@id\":\"https:\\\/\\\/leonore-mau.de\\\/produkt\\\/priester-und-psychiater-am-togosee\\\/\",\"url\":\"https:\\\/\\\/leonore-mau.de\\\/produkt\\\/priester-und-psychiater-am-togosee\\\/\",\"name\":\"Priester und Psychiater am Togosee - Leonore Mau\",\"isPartOf\":{\"@id\":\"https:\\\/\\\/leonore-mau.de\\\/#website\"},\"primaryImageOfPage\":{\"@id\":\"https:\\\/\\\/leonore-mau.de\\\/produkt\\\/priester-und-psychiater-am-togosee\\\/#primaryimage\"},\"image\":{\"@id\":\"https:\\\/\\\/leonore-mau.de\\\/produkt\\\/priester-und-psychiater-am-togosee\\\/#primaryimage\"},\"thumbnailUrl\":\"https:\\\/\\\/leonore-mau.de\\\/wp-content\\\/uploads\\\/2022\\\/07\\\/70367894.jpg\",\"datePublished\":\"2022-07-11T13:16:38+00:00\",\"dateModified\":\"2022-09-13T21:11:09+00:00\",\"breadcrumb\":{\"@id\":\"https:\\\/\\\/leonore-mau.de\\\/produkt\\\/priester-und-psychiater-am-togosee\\\/#breadcrumb\"},\"inLanguage\":\"en-US\",\"potentialAction\":[{\"@type\":\"ReadAction\",\"target\":[\"https:\\\/\\\/leonore-mau.de\\\/produkt\\\/priester-und-psychiater-am-togosee\\\/\"]}]},{\"@type\":\"ImageObject\",\"inLanguage\":\"en-US\",\"@id\":\"https:\\\/\\\/leonore-mau.de\\\/produkt\\\/priester-und-psychiater-am-togosee\\\/#primaryimage\",\"url\":\"https:\\\/\\\/leonore-mau.de\\\/wp-content\\\/uploads\\\/2022\\\/07\\\/70367894.jpg\",\"contentUrl\":\"https:\\\/\\\/leonore-mau.de\\\/wp-content\\\/uploads\\\/2022\\\/07\\\/70367894.jpg\",\"width\":849,\"height\":1200,\"caption\":\"Priester und Psychiater in einem blauen Gewand sitzend in einer Lehmh\u00fctte. Neben ihm der Heilige Stuhl des Tempels, der an die Kopfst\u00fctze der \u00c4gypter erinnert. Referenz: Hubert Fichte und Leonore Mau, Psyche, S. Fischer Verlag GmbH, 2005 Aufnahmedatum: 1978 Material\\\/Technik: Foto \\\/ Farbdia Bildformat (Foto): Kleinbild Aufnahmeort: Togo Inventar-Nr.: LM-505997\"},{\"@type\":\"BreadcrumbList\",\"@id\":\"https:\\\/\\\/leonore-mau.de\\\/produkt\\\/priester-und-psychiater-am-togosee\\\/#breadcrumb\",\"itemListElement\":[{\"@type\":\"ListItem\",\"position\":1,\"name\":\"Startseite\",\"item\":\"https:\\\/\\\/leonore-mau.de\\\/en\\\/\"},{\"@type\":\"ListItem\",\"position\":2,\"name\":\"Shop\",\"item\":\"https:\\\/\\\/leonore-mau.de\\\/en\\\/shop-2\\\/\"},{\"@type\":\"ListItem\",\"position\":3,\"name\":\"Priester und Psychiater am Togosee\"}]},{\"@type\":\"WebSite\",\"@id\":\"https:\\\/\\\/leonore-mau.de\\\/#website\",\"url\":\"https:\\\/\\\/leonore-mau.de\\\/\",\"name\":\"Leonore Mau\",\"description\":\"Fotografin\",\"potentialAction\":[{\"@type\":\"SearchAction\",\"target\":{\"@type\":\"EntryPoint\",\"urlTemplate\":\"https:\\\/\\\/leonore-mau.de\\\/?s={search_term_string}\"},\"query-input\":{\"@type\":\"PropertyValueSpecification\",\"valueRequired\":true,\"valueName\":\"search_term_string\"}}],\"inLanguage\":\"en-US\"}]}<\/script>\n<!-- \/ Yoast SEO plugin. -->","yoast_head_json":{"title":"Priester und Psychiater am Togosee - Leonore Mau","robots":{"index":"index","follow":"follow","max-snippet":"max-snippet:-1","max-image-preview":"max-image-preview:large","max-video-preview":"max-video-preview:-1"},"canonical":"https:\/\/leonore-mau.de\/produkt\/priester-und-psychiater-am-togosee\/","og_locale":"en_US","og_type":"article","og_title":"Priester und Psychiater am Togosee - Leonore Mau","og_description":"Priester und Psychiater in einem blauen Gewand sitzend in einer Lehmh\u00fctte. Neben ihm der Heilige Stuhl des Tempels, der an die Kopfst\u00fctze der \u00c4gypter erinnert. Referenz: Hubert Fichte und Leonore Mau, Psyche, S. Fischer Verlag GmbH, 2005","og_url":"https:\/\/leonore-mau.de\/produkt\/priester-und-psychiater-am-togosee\/","og_site_name":"Leonore Mau","article_modified_time":"2022-09-13T21:11:09+00:00","og_image":[{"width":849,"height":1200,"url":"https:\/\/leonore-mau.de\/wp-content\/uploads\/2022\/07\/70367894.jpg","type":"image\/jpeg"}],"twitter_card":"summary_large_image","schema":{"@context":"https:\/\/schema.org","@graph":[{"@type":"WebPage","@id":"https:\/\/leonore-mau.de\/produkt\/priester-und-psychiater-am-togosee\/","url":"https:\/\/leonore-mau.de\/produkt\/priester-und-psychiater-am-togosee\/","name":"Priester und Psychiater am Togosee - Leonore Mau","isPartOf":{"@id":"https:\/\/leonore-mau.de\/#website"},"primaryImageOfPage":{"@id":"https:\/\/leonore-mau.de\/produkt\/priester-und-psychiater-am-togosee\/#primaryimage"},"image":{"@id":"https:\/\/leonore-mau.de\/produkt\/priester-und-psychiater-am-togosee\/#primaryimage"},"thumbnailUrl":"https:\/\/leonore-mau.de\/wp-content\/uploads\/2022\/07\/70367894.jpg","datePublished":"2022-07-11T13:16:38+00:00","dateModified":"2022-09-13T21:11:09+00:00","breadcrumb":{"@id":"https:\/\/leonore-mau.de\/produkt\/priester-und-psychiater-am-togosee\/#breadcrumb"},"inLanguage":"en-US","potentialAction":[{"@type":"ReadAction","target":["https:\/\/leonore-mau.de\/produkt\/priester-und-psychiater-am-togosee\/"]}]},{"@type":"ImageObject","inLanguage":"en-US","@id":"https:\/\/leonore-mau.de\/produkt\/priester-und-psychiater-am-togosee\/#primaryimage","url":"https:\/\/leonore-mau.de\/wp-content\/uploads\/2022\/07\/70367894.jpg","contentUrl":"https:\/\/leonore-mau.de\/wp-content\/uploads\/2022\/07\/70367894.jpg","width":849,"height":1200,"caption":"Priester und Psychiater in einem blauen Gewand sitzend in einer Lehmh\u00fctte. Neben ihm der Heilige Stuhl des Tempels, der an die Kopfst\u00fctze der \u00c4gypter erinnert. Referenz: Hubert Fichte und Leonore Mau, Psyche, S. Fischer Verlag GmbH, 2005 Aufnahmedatum: 1978 Material\/Technik: Foto \/ Farbdia Bildformat (Foto): Kleinbild Aufnahmeort: Togo Inventar-Nr.: LM-505997"},{"@type":"BreadcrumbList","@id":"https:\/\/leonore-mau.de\/produkt\/priester-und-psychiater-am-togosee\/#breadcrumb","itemListElement":[{"@type":"ListItem","position":1,"name":"Startseite","item":"https:\/\/leonore-mau.de\/en\/"},{"@type":"ListItem","position":2,"name":"Shop","item":"https:\/\/leonore-mau.de\/en\/shop-2\/"},{"@type":"ListItem","position":3,"name":"Priester und Psychiater am Togosee"}]},{"@type":"WebSite","@id":"https:\/\/leonore-mau.de\/#website","url":"https:\/\/leonore-mau.de\/","name":"Leonore Mau","description":"Fotografin","potentialAction":[{"@type":"SearchAction","target":{"@type":"EntryPoint","urlTemplate":"https:\/\/leonore-mau.de\/?s={search_term_string}"},"query-input":{"@type":"PropertyValueSpecification","valueRequired":true,"valueName":"search_term_string"}}],"inLanguage":"en-US"}]}},"_links":{"self":[{"href":"https:\/\/leonore-mau.de\/en\/wp-json\/wp\/v2\/product\/1076","targetHints":{"allow":["GET"]}}],"collection":[{"href":"https:\/\/leonore-mau.de\/en\/wp-json\/wp\/v2\/product"}],"about":[{"href":"https:\/\/leonore-mau.de\/en\/wp-json\/wp\/v2\/types\/product"}],"wp:featuredmedia":[{"embeddable":true,"href":"https:\/\/leonore-mau.de\/en\/wp-json\/wp\/v2\/media\/524"}],"wp:attachment":[{"href":"https:\/\/leonore-mau.de\/en\/wp-json\/wp\/v2\/media?parent=1076"}],"wp:term":[{"taxonomy":"product_brand","embeddable":true,"href":"https:\/\/leonore-mau.de\/en\/wp-json\/wp\/v2\/product_brand?post=1076"},{"taxonomy":"product_cat","embeddable":true,"href":"https:\/\/leonore-mau.de\/en\/wp-json\/wp\/v2\/product_cat?post=1076"},{"taxonomy":"product_tag","embeddable":true,"href":"https:\/\/leonore-mau.de\/en\/wp-json\/wp\/v2\/product_tag?post=1076"}],"curies":[{"name":"wp","href":"https:\/\/api.w.org\/{rel}","templated":true}]}}