{"id":1080,"date":"2022-07-11T15:16:39","date_gmt":"2022-07-11T13:16:39","guid":{"rendered":"https:\/\/leonore-mau.de\/produkt\/ohne-titel-das-blutbad\/"},"modified":"2022-09-13T23:11:11","modified_gmt":"2022-09-13T21:11:11","slug":"ohne-titel-das-blutbad","status":"publish","type":"product","link":"https:\/\/leonore-mau.de\/en\/produkt\/ohne-titel-das-blutbad\/","title":{"rendered":"Ohne Titel (Das Blutbad)"},"content":{"rendered":"<p>&#8220;Das Blutbad in der Nacht vor der Namenszeremonie. Der Novize ist jener Gottheit geweiht, die sich in ihm durch Trancen manifestiert. Die dieser Gottheit zugeordneten Opfertiere werden \u00fcber dem Kopf des Novizen geschlachtet.&#8221;  Dieser Vorgang ist Teil der Candombl\u00e9-Zeremonie und geh\u00f6rt den afrobrasilianischen Religionen an.  Aufgenommen in Bahia in der Allerheiligenbucht, Ba\u00eda de Todos os Santos. Referenz: Hubert Fichte und Leonore Mau, Xango, S. Fischer Verlag GmbH, 1976<\/p>\n","protected":false},"excerpt":{"rendered":"<p>&#8220;Das Blutbad in der Nacht vor der Namenszeremonie. Der Novize ist jener Gottheit geweiht, die sich in ihm durch Trancen manifestiert. Die dieser Gottheit zugeordneten Opfertiere werden \u00fcber dem Kopf des Novizen geschlachtet.&#8221; Dieser Vorgang ist Teil der Candombl\u00e9-Zeremonie und geh\u00f6rt den afrobrasilianischen Religionen an. Aufgenommen in Bahia in der Allerheiligenbucht, Ba\u00eda de Todos os [&hellip;]<\/p>\n","protected":false},"featured_media":528,"template":"","meta":[],"product_brand":[],"product_cat":[4441,17],"product_tag":[78,22,24,21,23,1117,80,1610,173,174,175,2171,1008,1009,36,37,39,40,41,42,43,44,740,549,550,181,182,183,184,185,186,187,910,188,189,486,1747,70,71,1155,1156,1013,1014,1015,1016,1017,1018,1019,95,536,537,538,539,540,541,542,1021,1022,1023,1024,1025,1026,163,164,1028,1176,1031,1032,1033,1034,1035,1036,1037,1038,1039],"class_list":{"0":"post-1080","1":"product","2":"type-product","3":"status-publish","4":"has-post-thumbnail","6":"product_cat-brasilien","7":"product_cat-unkategorisiert","8":"product_tag-1970er-jahre","9":"product_tag-20-jahrhundert-nach-chr","10":"product_tag-20-jh-n-chr","11":"product_tag-20-jahrhundert","12":"product_tag-20-jh","13":"product_tag-4-1_brasilien","14":"product_tag-70er","15":"product_tag-blut","16":"product_tag-brasil","17":"product_tag-brasilien","18":"product_tag-brasiliens","19":"product_tag-candomble","20":"product_tag-ceremonie","21":"product_tag-ceremonien","22":"product_tag-farbaufnahme","23":"product_tag-farbaufnahmen","24":"product_tag-farbfoto","25":"product_tag-farbfotografie","26":"product_tag-farbphoto","27":"product_tag-farbphotographie","28":"product_tag-fotografin","29":"product_tag-fotografinnen","30":"product_tag-frauen","31":"product_tag-gewand","32":"product_tag-gewaender","33":"product_tag-halbakt","34":"product_tag-halbakte","35":"product_tag-halbnackt","36":"product_tag-halbnackte","37":"product_tag-halbnackten","38":"product_tag-halbnackter","39":"product_tag-halbnacktes","40":"product_tag-kleid","41":"product_tag-kopfbedeckung","42":"product_tag-kopfbedeckungen","43":"product_tag-mann","44":"product_tag-oberkoerper","45":"product_tag-photographin","46":"product_tag-photographinnen","47":"product_tag-priesterin","48":"product_tag-priesterinnen","49":"product_tag-ritual","50":"product_tag-rituale","51":"product_tag-rituell","52":"product_tag-rituelle","53":"product_tag-rituellen","54":"product_tag-ritueller","55":"product_tag-rituelles","56":"product_tag-siebziger","57":"product_tag-sitzen","58":"product_tag-sitzend","59":"product_tag-sitzende","60":"product_tag-sitzenden","61":"product_tag-sitzender","62":"product_tag-sitzendes","63":"product_tag-sitzt","64":"product_tag-spiritualitaet","65":"product_tag-spirituell","66":"product_tag-spirituelle","67":"product_tag-spirituellen","68":"product_tag-spiritueller","69":"product_tag-spirituelles","70":"product_tag-suedamerika","71":"product_tag-suedamerikas","72":"product_tag-tieropfer","73":"product_tag-voodoo","74":"product_tag-xango","75":"product_tag-zeremonie","76":"product_tag-zeremoniell","77":"product_tag-zeremonielle","78":"product_tag-zeremoniellem","79":"product_tag-zeremoniellen","80":"product_tag-zeremonieller","81":"product_tag-zeremonielles","82":"product_tag-zeremonien","84":"first","85":"instock","86":"shipping-taxable","87":"product-type-simple"},"yoast_head":"<!-- This site is optimized with the Yoast SEO plugin v27.3 - https:\/\/yoast.com\/product\/yoast-seo-wordpress\/ -->\n<title>Ohne Titel (Das Blutbad) - Leonore Mau<\/title>\n<meta name=\"robots\" content=\"index, follow, max-snippet:-1, max-image-preview:large, max-video-preview:-1\" \/>\n<link rel=\"canonical\" href=\"https:\/\/leonore-mau.de\/produkt\/ohne-titel-das-blutbad\/\" \/>\n<meta property=\"og:locale\" content=\"en_US\" \/>\n<meta property=\"og:type\" content=\"article\" \/>\n<meta property=\"og:title\" content=\"Ohne Titel (Das Blutbad) - Leonore Mau\" \/>\n<meta property=\"og:description\" content=\"&#8220;Das Blutbad in der Nacht vor der Namenszeremonie. Der Novize ist jener Gottheit geweiht, die sich in ihm durch Trancen manifestiert. Die dieser Gottheit zugeordneten Opfertiere werden \u00fcber dem Kopf des Novizen geschlachtet.&#8221; Dieser Vorgang ist Teil der Candombl\u00e9-Zeremonie und geh\u00f6rt den afrobrasilianischen Religionen an. Aufgenommen in Bahia in der Allerheiligenbucht, Ba\u00eda de Todos os [&hellip;]\" \/>\n<meta property=\"og:url\" content=\"https:\/\/leonore-mau.de\/produkt\/ohne-titel-das-blutbad\/\" \/>\n<meta property=\"og:site_name\" content=\"Leonore Mau\" \/>\n<meta property=\"article:modified_time\" content=\"2022-09-13T21:11:11+00:00\" \/>\n<meta property=\"og:image\" content=\"https:\/\/leonore-mau.de\/wp-content\/uploads\/2022\/07\/70368969.jpg\" \/>\n\t<meta property=\"og:image:width\" content=\"1200\" \/>\n\t<meta property=\"og:image:height\" content=\"847\" \/>\n\t<meta property=\"og:image:type\" content=\"image\/jpeg\" \/>\n<meta name=\"twitter:card\" content=\"summary_large_image\" \/>\n<script type=\"application\/ld+json\" class=\"yoast-schema-graph\">{\"@context\":\"https:\\\/\\\/schema.org\",\"@graph\":[{\"@type\":\"WebPage\",\"@id\":\"https:\\\/\\\/leonore-mau.de\\\/produkt\\\/ohne-titel-das-blutbad\\\/\",\"url\":\"https:\\\/\\\/leonore-mau.de\\\/produkt\\\/ohne-titel-das-blutbad\\\/\",\"name\":\"Ohne Titel (Das Blutbad) - Leonore Mau\",\"isPartOf\":{\"@id\":\"https:\\\/\\\/leonore-mau.de\\\/#website\"},\"primaryImageOfPage\":{\"@id\":\"https:\\\/\\\/leonore-mau.de\\\/produkt\\\/ohne-titel-das-blutbad\\\/#primaryimage\"},\"image\":{\"@id\":\"https:\\\/\\\/leonore-mau.de\\\/produkt\\\/ohne-titel-das-blutbad\\\/#primaryimage\"},\"thumbnailUrl\":\"https:\\\/\\\/leonore-mau.de\\\/wp-content\\\/uploads\\\/2022\\\/07\\\/70368969.jpg\",\"datePublished\":\"2022-07-11T13:16:39+00:00\",\"dateModified\":\"2022-09-13T21:11:11+00:00\",\"breadcrumb\":{\"@id\":\"https:\\\/\\\/leonore-mau.de\\\/produkt\\\/ohne-titel-das-blutbad\\\/#breadcrumb\"},\"inLanguage\":\"en-US\",\"potentialAction\":[{\"@type\":\"ReadAction\",\"target\":[\"https:\\\/\\\/leonore-mau.de\\\/produkt\\\/ohne-titel-das-blutbad\\\/\"]}]},{\"@type\":\"ImageObject\",\"inLanguage\":\"en-US\",\"@id\":\"https:\\\/\\\/leonore-mau.de\\\/produkt\\\/ohne-titel-das-blutbad\\\/#primaryimage\",\"url\":\"https:\\\/\\\/leonore-mau.de\\\/wp-content\\\/uploads\\\/2022\\\/07\\\/70368969.jpg\",\"contentUrl\":\"https:\\\/\\\/leonore-mau.de\\\/wp-content\\\/uploads\\\/2022\\\/07\\\/70368969.jpg\",\"width\":1200,\"height\":847,\"caption\":\"\\\"Das Blutbad in der Nacht vor der Namenszeremonie. Der Novize ist jener Gottheit geweiht, die sich in ihm durch Trancen manifestiert. Die dieser Gottheit zugeordneten Opfertiere werden \u00fcber dem Kopf des Novizen geschlachtet.\\\" Dieser Vorgang ist Teil der Candombl\u00e9-Zeremonie und geh\u00f6rt den afrobrasilianischen Religionen an. Aufgenommen in Bahia in der Allerheiligenbucht, Ba\u00eda de Todos os Santos. Referenz: Hubert Fichte und Leonore Mau, Xango, S. Fischer Verlag GmbH, 1976 Aufnahmedatum: 1971 Material\\\/Technik: Foto \\\/ Farbdia Bildformat (Foto): Kleinbild Aufnahmeort: Bahia Inventar-Nr.: LM-505895\"},{\"@type\":\"BreadcrumbList\",\"@id\":\"https:\\\/\\\/leonore-mau.de\\\/produkt\\\/ohne-titel-das-blutbad\\\/#breadcrumb\",\"itemListElement\":[{\"@type\":\"ListItem\",\"position\":1,\"name\":\"Startseite\",\"item\":\"https:\\\/\\\/leonore-mau.de\\\/en\\\/\"},{\"@type\":\"ListItem\",\"position\":2,\"name\":\"Shop\",\"item\":\"https:\\\/\\\/leonore-mau.de\\\/en\\\/shop-2\\\/\"},{\"@type\":\"ListItem\",\"position\":3,\"name\":\"Ohne Titel (Das Blutbad)\"}]},{\"@type\":\"WebSite\",\"@id\":\"https:\\\/\\\/leonore-mau.de\\\/#website\",\"url\":\"https:\\\/\\\/leonore-mau.de\\\/\",\"name\":\"Leonore Mau\",\"description\":\"Fotografin\",\"potentialAction\":[{\"@type\":\"SearchAction\",\"target\":{\"@type\":\"EntryPoint\",\"urlTemplate\":\"https:\\\/\\\/leonore-mau.de\\\/?s={search_term_string}\"},\"query-input\":{\"@type\":\"PropertyValueSpecification\",\"valueRequired\":true,\"valueName\":\"search_term_string\"}}],\"inLanguage\":\"en-US\"}]}<\/script>\n<!-- \/ Yoast SEO plugin. -->","yoast_head_json":{"title":"Ohne Titel (Das Blutbad) - Leonore Mau","robots":{"index":"index","follow":"follow","max-snippet":"max-snippet:-1","max-image-preview":"max-image-preview:large","max-video-preview":"max-video-preview:-1"},"canonical":"https:\/\/leonore-mau.de\/produkt\/ohne-titel-das-blutbad\/","og_locale":"en_US","og_type":"article","og_title":"Ohne Titel (Das Blutbad) - Leonore Mau","og_description":"&#8220;Das Blutbad in der Nacht vor der Namenszeremonie. Der Novize ist jener Gottheit geweiht, die sich in ihm durch Trancen manifestiert. Die dieser Gottheit zugeordneten Opfertiere werden \u00fcber dem Kopf des Novizen geschlachtet.&#8221; Dieser Vorgang ist Teil der Candombl\u00e9-Zeremonie und geh\u00f6rt den afrobrasilianischen Religionen an. Aufgenommen in Bahia in der Allerheiligenbucht, Ba\u00eda de Todos os [&hellip;]","og_url":"https:\/\/leonore-mau.de\/produkt\/ohne-titel-das-blutbad\/","og_site_name":"Leonore Mau","article_modified_time":"2022-09-13T21:11:11+00:00","og_image":[{"width":1200,"height":847,"url":"https:\/\/leonore-mau.de\/wp-content\/uploads\/2022\/07\/70368969.jpg","type":"image\/jpeg"}],"twitter_card":"summary_large_image","schema":{"@context":"https:\/\/schema.org","@graph":[{"@type":"WebPage","@id":"https:\/\/leonore-mau.de\/produkt\/ohne-titel-das-blutbad\/","url":"https:\/\/leonore-mau.de\/produkt\/ohne-titel-das-blutbad\/","name":"Ohne Titel (Das Blutbad) - Leonore Mau","isPartOf":{"@id":"https:\/\/leonore-mau.de\/#website"},"primaryImageOfPage":{"@id":"https:\/\/leonore-mau.de\/produkt\/ohne-titel-das-blutbad\/#primaryimage"},"image":{"@id":"https:\/\/leonore-mau.de\/produkt\/ohne-titel-das-blutbad\/#primaryimage"},"thumbnailUrl":"https:\/\/leonore-mau.de\/wp-content\/uploads\/2022\/07\/70368969.jpg","datePublished":"2022-07-11T13:16:39+00:00","dateModified":"2022-09-13T21:11:11+00:00","breadcrumb":{"@id":"https:\/\/leonore-mau.de\/produkt\/ohne-titel-das-blutbad\/#breadcrumb"},"inLanguage":"en-US","potentialAction":[{"@type":"ReadAction","target":["https:\/\/leonore-mau.de\/produkt\/ohne-titel-das-blutbad\/"]}]},{"@type":"ImageObject","inLanguage":"en-US","@id":"https:\/\/leonore-mau.de\/produkt\/ohne-titel-das-blutbad\/#primaryimage","url":"https:\/\/leonore-mau.de\/wp-content\/uploads\/2022\/07\/70368969.jpg","contentUrl":"https:\/\/leonore-mau.de\/wp-content\/uploads\/2022\/07\/70368969.jpg","width":1200,"height":847,"caption":"\"Das Blutbad in der Nacht vor der Namenszeremonie. Der Novize ist jener Gottheit geweiht, die sich in ihm durch Trancen manifestiert. Die dieser Gottheit zugeordneten Opfertiere werden \u00fcber dem Kopf des Novizen geschlachtet.\" Dieser Vorgang ist Teil der Candombl\u00e9-Zeremonie und geh\u00f6rt den afrobrasilianischen Religionen an. Aufgenommen in Bahia in der Allerheiligenbucht, Ba\u00eda de Todos os Santos. Referenz: Hubert Fichte und Leonore Mau, Xango, S. Fischer Verlag GmbH, 1976 Aufnahmedatum: 1971 Material\/Technik: Foto \/ Farbdia Bildformat (Foto): Kleinbild Aufnahmeort: Bahia Inventar-Nr.: LM-505895"},{"@type":"BreadcrumbList","@id":"https:\/\/leonore-mau.de\/produkt\/ohne-titel-das-blutbad\/#breadcrumb","itemListElement":[{"@type":"ListItem","position":1,"name":"Startseite","item":"https:\/\/leonore-mau.de\/en\/"},{"@type":"ListItem","position":2,"name":"Shop","item":"https:\/\/leonore-mau.de\/en\/shop-2\/"},{"@type":"ListItem","position":3,"name":"Ohne Titel (Das Blutbad)"}]},{"@type":"WebSite","@id":"https:\/\/leonore-mau.de\/#website","url":"https:\/\/leonore-mau.de\/","name":"Leonore Mau","description":"Fotografin","potentialAction":[{"@type":"SearchAction","target":{"@type":"EntryPoint","urlTemplate":"https:\/\/leonore-mau.de\/?s={search_term_string}"},"query-input":{"@type":"PropertyValueSpecification","valueRequired":true,"valueName":"search_term_string"}}],"inLanguage":"en-US"}]}},"_links":{"self":[{"href":"https:\/\/leonore-mau.de\/en\/wp-json\/wp\/v2\/product\/1080","targetHints":{"allow":["GET"]}}],"collection":[{"href":"https:\/\/leonore-mau.de\/en\/wp-json\/wp\/v2\/product"}],"about":[{"href":"https:\/\/leonore-mau.de\/en\/wp-json\/wp\/v2\/types\/product"}],"wp:featuredmedia":[{"embeddable":true,"href":"https:\/\/leonore-mau.de\/en\/wp-json\/wp\/v2\/media\/528"}],"wp:attachment":[{"href":"https:\/\/leonore-mau.de\/en\/wp-json\/wp\/v2\/media?parent=1080"}],"wp:term":[{"taxonomy":"product_brand","embeddable":true,"href":"https:\/\/leonore-mau.de\/en\/wp-json\/wp\/v2\/product_brand?post=1080"},{"taxonomy":"product_cat","embeddable":true,"href":"https:\/\/leonore-mau.de\/en\/wp-json\/wp\/v2\/product_cat?post=1080"},{"taxonomy":"product_tag","embeddable":true,"href":"https:\/\/leonore-mau.de\/en\/wp-json\/wp\/v2\/product_tag?post=1080"}],"curies":[{"name":"wp","href":"https:\/\/api.w.org\/{rel}","templated":true}]}}