{"id":1084,"date":"2022-07-11T15:16:39","date_gmt":"2022-07-11T13:16:39","guid":{"rendered":"https:\/\/leonore-mau.de\/produkt\/ohne-titel-santera-ritual\/"},"modified":"2022-09-13T23:11:12","modified_gmt":"2022-09-13T21:11:12","slug":"ohne-titel-santera-ritual","status":"publish","type":"product","link":"https:\/\/leonore-mau.de\/en\/produkt\/ohne-titel-santera-ritual\/","title":{"rendered":"Ohne Titel (Santer\u00eda-Ritual)"},"content":{"rendered":"<p>Der Priester Ernesto h\u00e4lt einem kleinen Jungen ein auf ein Drahtb\u00fcgel gespanntes Bauchfell vor das Gesicht. Dieser Ritus soll zur &#8220;St\u00e4rkung der geistlichen Sicht&#8221; dienen. Referenz: Petersilie, S. Fischer Verlag GmbH, 1980 R\u00fcckseitenbeschriftung: &#8220;MIAMI Kubanische Zeremonie&#8221;<\/p>\n","protected":false},"excerpt":{"rendered":"<p>Der Priester Ernesto h\u00e4lt einem kleinen Jungen ein auf ein Drahtb\u00fcgel gespanntes Bauchfell vor das Gesicht. Dieser Ritus soll zur &#8220;St\u00e4rkung der geistlichen Sicht&#8221; dienen. Referenz: Petersilie, S. Fischer Verlag GmbH, 1980 R\u00fcckseitenbeschriftung: &#8220;MIAMI Kubanische Zeremonie&#8221;<\/p>\n","protected":false},"featured_media":532,"template":"","meta":[],"product_brand":[],"product_cat":[17,4443],"product_tag":[78,22,24,21,23,1590,80,1040,1041,1042,1043,1044,643,1280,1008,1009,2366,43,44,1358,727,1060,169,486,1050,70,71,1851,1852,1853,1854,525,526,1013,1014,1015,1016,1017,1018,1019,105,107,93,92,94,91,95,106,108,1032,1039],"class_list":{"0":"post-1084","1":"product","2":"type-product","3":"status-publish","4":"has-post-thumbnail","6":"product_cat-unkategorisiert","7":"product_cat-usa","8":"product_tag-1970er-jahre","9":"product_tag-20-jahrhundert-nach-chr","10":"product_tag-20-jh-n-chr","11":"product_tag-20-jahrhundert","12":"product_tag-20-jh","13":"product_tag-4-3_usa","14":"product_tag-70er","15":"product_tag-afroamerikanisch","16":"product_tag-afroamerikanische","17":"product_tag-afroamerikanischen","18":"product_tag-afroamerikanischer","19":"product_tag-afroamerikanisches","20":"product_tag-amerika","21":"product_tag-arm","22":"product_tag-ceremonie","23":"product_tag-ceremonien","24":"product_tag-florida","25":"product_tag-fotografin","26":"product_tag-fotografinnen","27":"product_tag-gesicht","28":"product_tag-junge","29":"product_tag-kerze","30":"product_tag-kind","31":"product_tag-mann","32":"product_tag-petersilie","33":"product_tag-photographin","34":"product_tag-photographinnen","35":"product_tag-profil","36":"product_tag-profilansicht","37":"product_tag-profilbild","38":"product_tag-profilbildnis","39":"product_tag-religion","40":"product_tag-religionen","41":"product_tag-ritual","42":"product_tag-rituale","43":"product_tag-rituell","44":"product_tag-rituelle","45":"product_tag-rituellen","46":"product_tag-ritueller","47":"product_tag-rituelles","48":"product_tag-s-w-fotografie","49":"product_tag-s-w-photographie","50":"product_tag-schwarzweissphotographie","51":"product_tag-schwarz-weiss-fotografie","52":"product_tag-schwarz-weiss-photographie","53":"product_tag-schwarzweissfotografie","54":"product_tag-siebziger","55":"product_tag-sw-fotografie","56":"product_tag-sw-photographie","57":"product_tag-zeremonie","58":"product_tag-zeremonien","60":"first","61":"instock","62":"shipping-taxable","63":"product-type-simple"},"yoast_head":"<!-- This site is optimized with the Yoast SEO plugin v27.3 - https:\/\/yoast.com\/product\/yoast-seo-wordpress\/ -->\n<title>Ohne Titel (Santer\u00eda-Ritual) - Leonore Mau<\/title>\n<meta name=\"robots\" content=\"index, follow, max-snippet:-1, max-image-preview:large, max-video-preview:-1\" \/>\n<link rel=\"canonical\" href=\"https:\/\/leonore-mau.de\/produkt\/ohne-titel-santera-ritual\/\" \/>\n<meta property=\"og:locale\" content=\"en_US\" \/>\n<meta property=\"og:type\" content=\"article\" \/>\n<meta property=\"og:title\" content=\"Ohne Titel (Santer\u00eda-Ritual) - Leonore Mau\" \/>\n<meta property=\"og:description\" content=\"Der Priester Ernesto h\u00e4lt einem kleinen Jungen ein auf ein Drahtb\u00fcgel gespanntes Bauchfell vor das Gesicht. Dieser Ritus soll zur &#8220;St\u00e4rkung der geistlichen Sicht&#8221; dienen. Referenz: Petersilie, S. Fischer Verlag GmbH, 1980 R\u00fcckseitenbeschriftung: &#8220;MIAMI Kubanische Zeremonie&#8221;\" \/>\n<meta property=\"og:url\" content=\"https:\/\/leonore-mau.de\/produkt\/ohne-titel-santera-ritual\/\" \/>\n<meta property=\"og:site_name\" content=\"Leonore Mau\" \/>\n<meta property=\"article:modified_time\" content=\"2022-09-13T21:11:12+00:00\" \/>\n<meta property=\"og:image\" content=\"https:\/\/leonore-mau.de\/wp-content\/uploads\/2022\/07\/70375410.jpg\" \/>\n\t<meta property=\"og:image:width\" content=\"1200\" \/>\n\t<meta property=\"og:image:height\" content=\"849\" \/>\n\t<meta property=\"og:image:type\" content=\"image\/jpeg\" \/>\n<meta name=\"twitter:card\" content=\"summary_large_image\" \/>\n<script type=\"application\/ld+json\" class=\"yoast-schema-graph\">{\"@context\":\"https:\\\/\\\/schema.org\",\"@graph\":[{\"@type\":\"WebPage\",\"@id\":\"https:\\\/\\\/leonore-mau.de\\\/produkt\\\/ohne-titel-santera-ritual\\\/\",\"url\":\"https:\\\/\\\/leonore-mau.de\\\/produkt\\\/ohne-titel-santera-ritual\\\/\",\"name\":\"Ohne Titel (Santer\u00eda-Ritual) - Leonore Mau\",\"isPartOf\":{\"@id\":\"https:\\\/\\\/leonore-mau.de\\\/#website\"},\"primaryImageOfPage\":{\"@id\":\"https:\\\/\\\/leonore-mau.de\\\/produkt\\\/ohne-titel-santera-ritual\\\/#primaryimage\"},\"image\":{\"@id\":\"https:\\\/\\\/leonore-mau.de\\\/produkt\\\/ohne-titel-santera-ritual\\\/#primaryimage\"},\"thumbnailUrl\":\"https:\\\/\\\/leonore-mau.de\\\/wp-content\\\/uploads\\\/2022\\\/07\\\/70375410.jpg\",\"datePublished\":\"2022-07-11T13:16:39+00:00\",\"dateModified\":\"2022-09-13T21:11:12+00:00\",\"breadcrumb\":{\"@id\":\"https:\\\/\\\/leonore-mau.de\\\/produkt\\\/ohne-titel-santera-ritual\\\/#breadcrumb\"},\"inLanguage\":\"en-US\",\"potentialAction\":[{\"@type\":\"ReadAction\",\"target\":[\"https:\\\/\\\/leonore-mau.de\\\/produkt\\\/ohne-titel-santera-ritual\\\/\"]}]},{\"@type\":\"ImageObject\",\"inLanguage\":\"en-US\",\"@id\":\"https:\\\/\\\/leonore-mau.de\\\/produkt\\\/ohne-titel-santera-ritual\\\/#primaryimage\",\"url\":\"https:\\\/\\\/leonore-mau.de\\\/wp-content\\\/uploads\\\/2022\\\/07\\\/70375410.jpg\",\"contentUrl\":\"https:\\\/\\\/leonore-mau.de\\\/wp-content\\\/uploads\\\/2022\\\/07\\\/70375410.jpg\",\"width\":1200,\"height\":849,\"caption\":\"Der Priester Ernesto h\u00e4lt einem kleinen Jungen ein auf ein Drahtb\u00fcgel gespanntes Bauchfell vor das Gesicht. Dieser Ritus soll zur \\\"St\u00e4rkung der geistlichen Sicht\\\" dienen. Referenz: Petersilie, S. Fischer Verlag GmbH, 1980 R\u00fcckseitenbeschriftung: \\\"MIAMI Kubanische Zeremonie\\\" Aufnahmedatum: 1978 Material\\\/Technik: Foto \\\/ Silbergelatine auf PE-Papier Bildformat (Foto): 21,5 x 30,3 cm Aufnahmeort: Miami Inventar-Nr.: LM-502976\"},{\"@type\":\"BreadcrumbList\",\"@id\":\"https:\\\/\\\/leonore-mau.de\\\/produkt\\\/ohne-titel-santera-ritual\\\/#breadcrumb\",\"itemListElement\":[{\"@type\":\"ListItem\",\"position\":1,\"name\":\"Startseite\",\"item\":\"https:\\\/\\\/leonore-mau.de\\\/en\\\/\"},{\"@type\":\"ListItem\",\"position\":2,\"name\":\"Shop\",\"item\":\"https:\\\/\\\/leonore-mau.de\\\/en\\\/shop-2\\\/\"},{\"@type\":\"ListItem\",\"position\":3,\"name\":\"Ohne Titel (Santer\u00eda-Ritual)\"}]},{\"@type\":\"WebSite\",\"@id\":\"https:\\\/\\\/leonore-mau.de\\\/#website\",\"url\":\"https:\\\/\\\/leonore-mau.de\\\/\",\"name\":\"Leonore Mau\",\"description\":\"Fotografin\",\"potentialAction\":[{\"@type\":\"SearchAction\",\"target\":{\"@type\":\"EntryPoint\",\"urlTemplate\":\"https:\\\/\\\/leonore-mau.de\\\/?s={search_term_string}\"},\"query-input\":{\"@type\":\"PropertyValueSpecification\",\"valueRequired\":true,\"valueName\":\"search_term_string\"}}],\"inLanguage\":\"en-US\"}]}<\/script>\n<!-- \/ Yoast SEO plugin. -->","yoast_head_json":{"title":"Ohne Titel (Santer\u00eda-Ritual) - Leonore Mau","robots":{"index":"index","follow":"follow","max-snippet":"max-snippet:-1","max-image-preview":"max-image-preview:large","max-video-preview":"max-video-preview:-1"},"canonical":"https:\/\/leonore-mau.de\/produkt\/ohne-titel-santera-ritual\/","og_locale":"en_US","og_type":"article","og_title":"Ohne Titel (Santer\u00eda-Ritual) - Leonore Mau","og_description":"Der Priester Ernesto h\u00e4lt einem kleinen Jungen ein auf ein Drahtb\u00fcgel gespanntes Bauchfell vor das Gesicht. Dieser Ritus soll zur &#8220;St\u00e4rkung der geistlichen Sicht&#8221; dienen. Referenz: Petersilie, S. Fischer Verlag GmbH, 1980 R\u00fcckseitenbeschriftung: &#8220;MIAMI Kubanische Zeremonie&#8221;","og_url":"https:\/\/leonore-mau.de\/produkt\/ohne-titel-santera-ritual\/","og_site_name":"Leonore Mau","article_modified_time":"2022-09-13T21:11:12+00:00","og_image":[{"width":1200,"height":849,"url":"https:\/\/leonore-mau.de\/wp-content\/uploads\/2022\/07\/70375410.jpg","type":"image\/jpeg"}],"twitter_card":"summary_large_image","schema":{"@context":"https:\/\/schema.org","@graph":[{"@type":"WebPage","@id":"https:\/\/leonore-mau.de\/produkt\/ohne-titel-santera-ritual\/","url":"https:\/\/leonore-mau.de\/produkt\/ohne-titel-santera-ritual\/","name":"Ohne Titel (Santer\u00eda-Ritual) - Leonore Mau","isPartOf":{"@id":"https:\/\/leonore-mau.de\/#website"},"primaryImageOfPage":{"@id":"https:\/\/leonore-mau.de\/produkt\/ohne-titel-santera-ritual\/#primaryimage"},"image":{"@id":"https:\/\/leonore-mau.de\/produkt\/ohne-titel-santera-ritual\/#primaryimage"},"thumbnailUrl":"https:\/\/leonore-mau.de\/wp-content\/uploads\/2022\/07\/70375410.jpg","datePublished":"2022-07-11T13:16:39+00:00","dateModified":"2022-09-13T21:11:12+00:00","breadcrumb":{"@id":"https:\/\/leonore-mau.de\/produkt\/ohne-titel-santera-ritual\/#breadcrumb"},"inLanguage":"en-US","potentialAction":[{"@type":"ReadAction","target":["https:\/\/leonore-mau.de\/produkt\/ohne-titel-santera-ritual\/"]}]},{"@type":"ImageObject","inLanguage":"en-US","@id":"https:\/\/leonore-mau.de\/produkt\/ohne-titel-santera-ritual\/#primaryimage","url":"https:\/\/leonore-mau.de\/wp-content\/uploads\/2022\/07\/70375410.jpg","contentUrl":"https:\/\/leonore-mau.de\/wp-content\/uploads\/2022\/07\/70375410.jpg","width":1200,"height":849,"caption":"Der Priester Ernesto h\u00e4lt einem kleinen Jungen ein auf ein Drahtb\u00fcgel gespanntes Bauchfell vor das Gesicht. Dieser Ritus soll zur \"St\u00e4rkung der geistlichen Sicht\" dienen. Referenz: Petersilie, S. Fischer Verlag GmbH, 1980 R\u00fcckseitenbeschriftung: \"MIAMI Kubanische Zeremonie\" Aufnahmedatum: 1978 Material\/Technik: Foto \/ Silbergelatine auf PE-Papier Bildformat (Foto): 21,5 x 30,3 cm Aufnahmeort: Miami Inventar-Nr.: LM-502976"},{"@type":"BreadcrumbList","@id":"https:\/\/leonore-mau.de\/produkt\/ohne-titel-santera-ritual\/#breadcrumb","itemListElement":[{"@type":"ListItem","position":1,"name":"Startseite","item":"https:\/\/leonore-mau.de\/en\/"},{"@type":"ListItem","position":2,"name":"Shop","item":"https:\/\/leonore-mau.de\/en\/shop-2\/"},{"@type":"ListItem","position":3,"name":"Ohne Titel (Santer\u00eda-Ritual)"}]},{"@type":"WebSite","@id":"https:\/\/leonore-mau.de\/#website","url":"https:\/\/leonore-mau.de\/","name":"Leonore Mau","description":"Fotografin","potentialAction":[{"@type":"SearchAction","target":{"@type":"EntryPoint","urlTemplate":"https:\/\/leonore-mau.de\/?s={search_term_string}"},"query-input":{"@type":"PropertyValueSpecification","valueRequired":true,"valueName":"search_term_string"}}],"inLanguage":"en-US"}]}},"_links":{"self":[{"href":"https:\/\/leonore-mau.de\/en\/wp-json\/wp\/v2\/product\/1084","targetHints":{"allow":["GET"]}}],"collection":[{"href":"https:\/\/leonore-mau.de\/en\/wp-json\/wp\/v2\/product"}],"about":[{"href":"https:\/\/leonore-mau.de\/en\/wp-json\/wp\/v2\/types\/product"}],"wp:featuredmedia":[{"embeddable":true,"href":"https:\/\/leonore-mau.de\/en\/wp-json\/wp\/v2\/media\/532"}],"wp:attachment":[{"href":"https:\/\/leonore-mau.de\/en\/wp-json\/wp\/v2\/media?parent=1084"}],"wp:term":[{"taxonomy":"product_brand","embeddable":true,"href":"https:\/\/leonore-mau.de\/en\/wp-json\/wp\/v2\/product_brand?post=1084"},{"taxonomy":"product_cat","embeddable":true,"href":"https:\/\/leonore-mau.de\/en\/wp-json\/wp\/v2\/product_cat?post=1084"},{"taxonomy":"product_tag","embeddable":true,"href":"https:\/\/leonore-mau.de\/en\/wp-json\/wp\/v2\/product_tag?post=1084"}],"curies":[{"name":"wp","href":"https:\/\/api.w.org\/{rel}","templated":true}]}}