{"id":1095,"date":"2022-07-11T15:16:40","date_gmt":"2022-07-11T13:16:40","guid":{"rendered":"https:\/\/leonore-mau.de\/produkt\/ohne-titel-santera-in-harlem\/"},"modified":"2022-09-13T23:11:17","modified_gmt":"2022-09-13T21:11:17","slug":"ohne-titel-santera-in-harlem","status":"publish","type":"product","link":"https:\/\/leonore-mau.de\/en\/produkt\/ohne-titel-santera-in-harlem\/","title":{"rendered":"Ohne Titel (Santer\u00eda in Harlem)"},"content":{"rendered":"<p>Ein Mann steht mit ausgebreiteten H\u00e4nden. Gl\u00e4ubige sitzen an einem Tisch um ihn herum. An der Wand h\u00e4ngen mit Lametta geschm\u00fcckte Kreuze.  R\u00fcckseitenbeschriftung: &#8220;New York (Bronx) 1980&#8221;<\/p>\n","protected":false},"excerpt":{"rendered":"<p>Ein Mann steht mit ausgebreiteten H\u00e4nden. Gl\u00e4ubige sitzen an einem Tisch um ihn herum. An der Wand h\u00e4ngen mit Lametta geschm\u00fcckte Kreuze. R\u00fcckseitenbeschriftung: &#8220;New York (Bronx) 1980&#8221;<\/p>\n","protected":false},"featured_media":543,"template":"","meta":[],"product_brand":[],"product_cat":[17,4443],"product_tag":[79,22,24,21,23,1590,82,1055,1056,83,1040,1041,1042,1043,1044,643,644,84,1008,1009,36,37,39,40,41,42,43,44,1010,1011,1254,70,71,2605,2606,2607,2608,2609,2610,2611,2612,2613,1078,1594,1595,525,526,1013,1014,1015,1016,1017,1018,1019,1597,2614,1021,1022,1023,1024,1025,1026,527,528,529,530,531,532,533,417,1032,1033,1034,1035,1036,1037,1038,1039],"class_list":{"0":"post-1095","1":"product","2":"type-product","3":"status-publish","4":"has-post-thumbnail","6":"product_cat-unkategorisiert","7":"product_cat-usa","8":"product_tag-1980er-jahre","9":"product_tag-20-jahrhundert-nach-chr","10":"product_tag-20-jh-n-chr","11":"product_tag-20-jahrhundert","12":"product_tag-20-jh","13":"product_tag-4-3_usa","14":"product_tag-80er","15":"product_tag-aberglaube","16":"product_tag-aberglauben","17":"product_tag-achtziger","18":"product_tag-afroamerikanisch","19":"product_tag-afroamerikanische","20":"product_tag-afroamerikanischen","21":"product_tag-afroamerikanischer","22":"product_tag-afroamerikanisches","23":"product_tag-amerika","24":"product_tag-amerikas","25":"product_tag-ausland","26":"product_tag-ceremonie","27":"product_tag-ceremonien","28":"product_tag-farbaufnahme","29":"product_tag-farbaufnahmen","30":"product_tag-farbfoto","31":"product_tag-farbfotografie","32":"product_tag-farbphoto","33":"product_tag-farbphotographie","34":"product_tag-fotografin","35":"product_tag-fotografinnen","36":"product_tag-glaube","37":"product_tag-glauben","38":"product_tag-kreuz","39":"product_tag-photographin","40":"product_tag-photographinnen","41":"product_tag-predigen","42":"product_tag-predigend","43":"product_tag-predigende","44":"product_tag-predigenden","45":"product_tag-predigender","46":"product_tag-predigendes","47":"product_tag-prediger","48":"product_tag-predigers","49":"product_tag-predigt","50":"product_tag-priester","51":"product_tag-priestern","52":"product_tag-priesters","53":"product_tag-religion","54":"product_tag-religionen","55":"product_tag-ritual","56":"product_tag-rituale","57":"product_tag-rituell","58":"product_tag-rituelle","59":"product_tag-rituellen","60":"product_tag-ritueller","61":"product_tag-rituelles","62":"product_tag-santeria","63":"product_tag-spiritismus","64":"product_tag-spiritualitaet","65":"product_tag-spirituell","66":"product_tag-spirituelle","67":"product_tag-spirituellen","68":"product_tag-spiritueller","69":"product_tag-spirituelles","70":"product_tag-tradition","71":"product_tag-traditionell","72":"product_tag-traditionelle","73":"product_tag-traditionellem","74":"product_tag-traditionellen","75":"product_tag-traditioneller","76":"product_tag-traditionelles","77":"product_tag-usa","78":"product_tag-zeremonie","79":"product_tag-zeremoniell","80":"product_tag-zeremonielle","81":"product_tag-zeremoniellem","82":"product_tag-zeremoniellen","83":"product_tag-zeremonieller","84":"product_tag-zeremonielles","85":"product_tag-zeremonien","87":"first","88":"instock","89":"shipping-taxable","90":"product-type-simple"},"yoast_head":"<!-- This site is optimized with the Yoast SEO plugin v27.4 - https:\/\/yoast.com\/product\/yoast-seo-wordpress\/ -->\n<title>Ohne Titel (Santer\u00eda in Harlem) - Leonore Mau<\/title>\n<meta name=\"robots\" content=\"index, follow, max-snippet:-1, max-image-preview:large, max-video-preview:-1\" \/>\n<link rel=\"canonical\" href=\"https:\/\/leonore-mau.de\/produkt\/ohne-titel-santera-in-harlem\/\" \/>\n<meta property=\"og:locale\" content=\"en_US\" \/>\n<meta property=\"og:type\" content=\"article\" \/>\n<meta property=\"og:title\" content=\"Ohne Titel (Santer\u00eda in Harlem) - Leonore Mau\" \/>\n<meta property=\"og:description\" content=\"Ein Mann steht mit ausgebreiteten H\u00e4nden. Gl\u00e4ubige sitzen an einem Tisch um ihn herum. An der Wand h\u00e4ngen mit Lametta geschm\u00fcckte Kreuze. R\u00fcckseitenbeschriftung: &#8220;New York (Bronx) 1980&#8221;\" \/>\n<meta property=\"og:url\" content=\"https:\/\/leonore-mau.de\/produkt\/ohne-titel-santera-in-harlem\/\" \/>\n<meta property=\"og:site_name\" content=\"Leonore Mau\" \/>\n<meta property=\"article:modified_time\" content=\"2022-09-13T21:11:17+00:00\" \/>\n<meta property=\"og:image\" content=\"https:\/\/leonore-mau.de\/wp-content\/uploads\/2022\/07\/70632852.jpg\" \/>\n\t<meta property=\"og:image:width\" content=\"1200\" \/>\n\t<meta property=\"og:image:height\" content=\"821\" \/>\n\t<meta property=\"og:image:type\" content=\"image\/jpeg\" \/>\n<meta name=\"twitter:card\" content=\"summary_large_image\" \/>\n<script type=\"application\/ld+json\" class=\"yoast-schema-graph\">{\"@context\":\"https:\\\/\\\/schema.org\",\"@graph\":[{\"@type\":\"WebPage\",\"@id\":\"https:\\\/\\\/leonore-mau.de\\\/produkt\\\/ohne-titel-santera-in-harlem\\\/\",\"url\":\"https:\\\/\\\/leonore-mau.de\\\/produkt\\\/ohne-titel-santera-in-harlem\\\/\",\"name\":\"Ohne Titel (Santer\u00eda in Harlem) - Leonore Mau\",\"isPartOf\":{\"@id\":\"https:\\\/\\\/leonore-mau.de\\\/#website\"},\"primaryImageOfPage\":{\"@id\":\"https:\\\/\\\/leonore-mau.de\\\/produkt\\\/ohne-titel-santera-in-harlem\\\/#primaryimage\"},\"image\":{\"@id\":\"https:\\\/\\\/leonore-mau.de\\\/produkt\\\/ohne-titel-santera-in-harlem\\\/#primaryimage\"},\"thumbnailUrl\":\"https:\\\/\\\/leonore-mau.de\\\/wp-content\\\/uploads\\\/2022\\\/07\\\/70632852.jpg\",\"datePublished\":\"2022-07-11T13:16:40+00:00\",\"dateModified\":\"2022-09-13T21:11:17+00:00\",\"breadcrumb\":{\"@id\":\"https:\\\/\\\/leonore-mau.de\\\/produkt\\\/ohne-titel-santera-in-harlem\\\/#breadcrumb\"},\"inLanguage\":\"en-US\",\"potentialAction\":[{\"@type\":\"ReadAction\",\"target\":[\"https:\\\/\\\/leonore-mau.de\\\/produkt\\\/ohne-titel-santera-in-harlem\\\/\"]}]},{\"@type\":\"ImageObject\",\"inLanguage\":\"en-US\",\"@id\":\"https:\\\/\\\/leonore-mau.de\\\/produkt\\\/ohne-titel-santera-in-harlem\\\/#primaryimage\",\"url\":\"https:\\\/\\\/leonore-mau.de\\\/wp-content\\\/uploads\\\/2022\\\/07\\\/70632852.jpg\",\"contentUrl\":\"https:\\\/\\\/leonore-mau.de\\\/wp-content\\\/uploads\\\/2022\\\/07\\\/70632852.jpg\",\"width\":1200,\"height\":821,\"caption\":\"Ein Mann steht mit ausgebreiteten H\u00e4nden. Gl\u00e4ubige sitzen an einem Tisch um ihn herum. An der Wand h\u00e4ngen mit Lametta geschm\u00fcckte Kreuze. R\u00fcckseitenbeschriftung: \\\"New York (Bronx) 1980\\\" Aufnahmedatum: 1980 Material\\\/Technik: Foto \\\/ Farbdia Bildformat (Foto): Kleinbild Aufnahmeort: New York Inventar-Nr.: LM-505129\"},{\"@type\":\"BreadcrumbList\",\"@id\":\"https:\\\/\\\/leonore-mau.de\\\/produkt\\\/ohne-titel-santera-in-harlem\\\/#breadcrumb\",\"itemListElement\":[{\"@type\":\"ListItem\",\"position\":1,\"name\":\"Startseite\",\"item\":\"https:\\\/\\\/leonore-mau.de\\\/en\\\/\"},{\"@type\":\"ListItem\",\"position\":2,\"name\":\"Shop\",\"item\":\"https:\\\/\\\/leonore-mau.de\\\/en\\\/shop-2\\\/\"},{\"@type\":\"ListItem\",\"position\":3,\"name\":\"Ohne Titel (Santer\u00eda in Harlem)\"}]},{\"@type\":\"WebSite\",\"@id\":\"https:\\\/\\\/leonore-mau.de\\\/#website\",\"url\":\"https:\\\/\\\/leonore-mau.de\\\/\",\"name\":\"Leonore Mau\",\"description\":\"Fotografin\",\"potentialAction\":[{\"@type\":\"SearchAction\",\"target\":{\"@type\":\"EntryPoint\",\"urlTemplate\":\"https:\\\/\\\/leonore-mau.de\\\/?s={search_term_string}\"},\"query-input\":{\"@type\":\"PropertyValueSpecification\",\"valueRequired\":true,\"valueName\":\"search_term_string\"}}],\"inLanguage\":\"en-US\"}]}<\/script>\n<!-- \/ Yoast SEO plugin. -->","yoast_head_json":{"title":"Ohne Titel (Santer\u00eda in Harlem) - Leonore Mau","robots":{"index":"index","follow":"follow","max-snippet":"max-snippet:-1","max-image-preview":"max-image-preview:large","max-video-preview":"max-video-preview:-1"},"canonical":"https:\/\/leonore-mau.de\/produkt\/ohne-titel-santera-in-harlem\/","og_locale":"en_US","og_type":"article","og_title":"Ohne Titel (Santer\u00eda in Harlem) - Leonore Mau","og_description":"Ein Mann steht mit ausgebreiteten H\u00e4nden. Gl\u00e4ubige sitzen an einem Tisch um ihn herum. An der Wand h\u00e4ngen mit Lametta geschm\u00fcckte Kreuze. R\u00fcckseitenbeschriftung: &#8220;New York (Bronx) 1980&#8221;","og_url":"https:\/\/leonore-mau.de\/produkt\/ohne-titel-santera-in-harlem\/","og_site_name":"Leonore Mau","article_modified_time":"2022-09-13T21:11:17+00:00","og_image":[{"width":1200,"height":821,"url":"https:\/\/leonore-mau.de\/wp-content\/uploads\/2022\/07\/70632852.jpg","type":"image\/jpeg"}],"twitter_card":"summary_large_image","schema":{"@context":"https:\/\/schema.org","@graph":[{"@type":"WebPage","@id":"https:\/\/leonore-mau.de\/produkt\/ohne-titel-santera-in-harlem\/","url":"https:\/\/leonore-mau.de\/produkt\/ohne-titel-santera-in-harlem\/","name":"Ohne Titel (Santer\u00eda in Harlem) - Leonore Mau","isPartOf":{"@id":"https:\/\/leonore-mau.de\/#website"},"primaryImageOfPage":{"@id":"https:\/\/leonore-mau.de\/produkt\/ohne-titel-santera-in-harlem\/#primaryimage"},"image":{"@id":"https:\/\/leonore-mau.de\/produkt\/ohne-titel-santera-in-harlem\/#primaryimage"},"thumbnailUrl":"https:\/\/leonore-mau.de\/wp-content\/uploads\/2022\/07\/70632852.jpg","datePublished":"2022-07-11T13:16:40+00:00","dateModified":"2022-09-13T21:11:17+00:00","breadcrumb":{"@id":"https:\/\/leonore-mau.de\/produkt\/ohne-titel-santera-in-harlem\/#breadcrumb"},"inLanguage":"en-US","potentialAction":[{"@type":"ReadAction","target":["https:\/\/leonore-mau.de\/produkt\/ohne-titel-santera-in-harlem\/"]}]},{"@type":"ImageObject","inLanguage":"en-US","@id":"https:\/\/leonore-mau.de\/produkt\/ohne-titel-santera-in-harlem\/#primaryimage","url":"https:\/\/leonore-mau.de\/wp-content\/uploads\/2022\/07\/70632852.jpg","contentUrl":"https:\/\/leonore-mau.de\/wp-content\/uploads\/2022\/07\/70632852.jpg","width":1200,"height":821,"caption":"Ein Mann steht mit ausgebreiteten H\u00e4nden. Gl\u00e4ubige sitzen an einem Tisch um ihn herum. An der Wand h\u00e4ngen mit Lametta geschm\u00fcckte Kreuze. R\u00fcckseitenbeschriftung: \"New York (Bronx) 1980\" Aufnahmedatum: 1980 Material\/Technik: Foto \/ Farbdia Bildformat (Foto): Kleinbild Aufnahmeort: New York Inventar-Nr.: LM-505129"},{"@type":"BreadcrumbList","@id":"https:\/\/leonore-mau.de\/produkt\/ohne-titel-santera-in-harlem\/#breadcrumb","itemListElement":[{"@type":"ListItem","position":1,"name":"Startseite","item":"https:\/\/leonore-mau.de\/en\/"},{"@type":"ListItem","position":2,"name":"Shop","item":"https:\/\/leonore-mau.de\/en\/shop-2\/"},{"@type":"ListItem","position":3,"name":"Ohne Titel (Santer\u00eda in Harlem)"}]},{"@type":"WebSite","@id":"https:\/\/leonore-mau.de\/#website","url":"https:\/\/leonore-mau.de\/","name":"Leonore Mau","description":"Fotografin","potentialAction":[{"@type":"SearchAction","target":{"@type":"EntryPoint","urlTemplate":"https:\/\/leonore-mau.de\/?s={search_term_string}"},"query-input":{"@type":"PropertyValueSpecification","valueRequired":true,"valueName":"search_term_string"}}],"inLanguage":"en-US"}]}},"_links":{"self":[{"href":"https:\/\/leonore-mau.de\/en\/wp-json\/wp\/v2\/product\/1095","targetHints":{"allow":["GET"]}}],"collection":[{"href":"https:\/\/leonore-mau.de\/en\/wp-json\/wp\/v2\/product"}],"about":[{"href":"https:\/\/leonore-mau.de\/en\/wp-json\/wp\/v2\/types\/product"}],"wp:featuredmedia":[{"embeddable":true,"href":"https:\/\/leonore-mau.de\/en\/wp-json\/wp\/v2\/media\/543"}],"wp:attachment":[{"href":"https:\/\/leonore-mau.de\/en\/wp-json\/wp\/v2\/media?parent=1095"}],"wp:term":[{"taxonomy":"product_brand","embeddable":true,"href":"https:\/\/leonore-mau.de\/en\/wp-json\/wp\/v2\/product_brand?post=1095"},{"taxonomy":"product_cat","embeddable":true,"href":"https:\/\/leonore-mau.de\/en\/wp-json\/wp\/v2\/product_cat?post=1095"},{"taxonomy":"product_tag","embeddable":true,"href":"https:\/\/leonore-mau.de\/en\/wp-json\/wp\/v2\/product_tag?post=1095"}],"curies":[{"name":"wp","href":"https:\/\/api.w.org\/{rel}","templated":true}]}}