{"id":1110,"date":"2022-07-11T15:16:43","date_gmt":"2022-07-11T13:16:43","guid":{"rendered":"https:\/\/leonore-mau.de\/produkt\/ghetto-ecstasy\/"},"modified":"2022-09-13T23:11:24","modified_gmt":"2022-09-13T21:11:24","slug":"ghetto-ecstasy","status":"publish","type":"product","link":"https:\/\/leonore-mau.de\/en\/produkt\/ghetto-ecstasy\/","title":{"rendered":"Ghetto Ecstasy"},"content":{"rendered":"<p>Ein Mann \u00fcberquert die Stra\u00dfe mit einem Hund an der Leine. Im Hintergrund das Wandbild &#8220;Ghetto Ecstasy&#8221; (1973) von James Jannuzzi und afroamerikanische K\u00fcnstler der &#8220;Bowery&#8221;. Aufgenommen in der Lower East Side.  R\u00fcckseitenbeschriftung: &#8220;&#8221;Ghetto Ecstasy&#8221; 1973 James Jannuzzi und afro-amerikanische K\u00fcnstler der &#8220;BOWERY&#8221;, N.Y. 1973&#8243;<\/p>\n","protected":false},"excerpt":{"rendered":"<p>Ein Mann \u00fcberquert die Stra\u00dfe mit einem Hund an der Leine. Im Hintergrund das Wandbild &#8220;Ghetto Ecstasy&#8221; (1973) von James Jannuzzi und afroamerikanische K\u00fcnstler der &#8220;Bowery&#8221;. Aufgenommen in der Lower East Side. R\u00fcckseitenbeschriftung: &#8220;&#8221;Ghetto Ecstasy&#8221; 1973 James Jannuzzi und afro-amerikanische K\u00fcnstler der &#8220;BOWERY&#8221;, N.Y. 1973&#8243;<\/p>\n","protected":false},"featured_media":558,"template":"","meta":[],"product_brand":[],"product_cat":[4453,17],"product_tag":[79,22,24,21,23,81,82,83,84,115,116,117,118,119,120,121,122,43,44,160,85,86,87,88,1346,89,161,162,70,71,105,107,93,92,94,91,96,97,98,99,101,104,100,103,106,108,109,110,111,112,113,114],"class_list":{"0":"post-1110","1":"product","2":"type-product","3":"status-publish","4":"has-post-thumbnail","6":"product_cat-new-york-city","7":"product_cat-unkategorisiert","8":"product_tag-1980er-jahre","9":"product_tag-20-jahrhundert-nach-chr","10":"product_tag-20-jh-n-chr","11":"product_tag-20-jahrhundert","12":"product_tag-20-jh","13":"product_tag-7-2-2_new-york-city","14":"product_tag-80er","15":"product_tag-achtziger","16":"product_tag-ausland","17":"product_tag-auto","18":"product_tag-automobil","19":"product_tag-automobile","20":"product_tag-automobils","21":"product_tag-autos","22":"product_tag-fahrzeug","23":"product_tag-fahrzeuge","24":"product_tag-fahrzeugen","25":"product_tag-fotografin","26":"product_tag-fotografinnen","27":"product_tag-fussgaenger","28":"product_tag-graffiti","29":"product_tag-graffito","30":"product_tag-grossstadt","31":"product_tag-grossstaedte","32":"product_tag-hund","33":"product_tag-muralismus","34":"product_tag-passant","35":"product_tag-passanten","36":"product_tag-photographin","37":"product_tag-photographinnen","38":"product_tag-s-w-fotografie","39":"product_tag-s-w-photographie","40":"product_tag-schwarzweissphotographie","41":"product_tag-schwarz-weiss-fotografie","42":"product_tag-schwarz-weiss-photographie","43":"product_tag-schwarzweissfotografie","44":"product_tag-strassenfotografie","45":"product_tag-strassenleben","46":"product_tag-strassenphotographie","47":"product_tag-strassenszene","48":"product_tag-street-art","49":"product_tag-street-photography","50":"product_tag-streetart","51":"product_tag-streetphotography","52":"product_tag-sw-fotografie","53":"product_tag-sw-photographie","54":"product_tag-wandbild","55":"product_tag-wandbilder","56":"product_tag-wandbildes","57":"product_tag-wandgemaelde","58":"product_tag-wandmalerei","59":"product_tag-wandmalereien","61":"first","62":"instock","63":"shipping-taxable","64":"product-type-simple"},"yoast_head":"<!-- This site is optimized with the Yoast SEO plugin v27.3 - https:\/\/yoast.com\/product\/yoast-seo-wordpress\/ -->\n<title>Ghetto Ecstasy - Leonore Mau<\/title>\n<meta name=\"robots\" content=\"index, follow, max-snippet:-1, max-image-preview:large, max-video-preview:-1\" \/>\n<link rel=\"canonical\" href=\"https:\/\/leonore-mau.de\/produkt\/ghetto-ecstasy\/\" \/>\n<meta property=\"og:locale\" content=\"en_US\" \/>\n<meta property=\"og:type\" content=\"article\" \/>\n<meta property=\"og:title\" content=\"Ghetto Ecstasy - Leonore Mau\" \/>\n<meta property=\"og:description\" content=\"Ein Mann \u00fcberquert die Stra\u00dfe mit einem Hund an der Leine. Im Hintergrund das Wandbild &#8220;Ghetto Ecstasy&#8221; (1973) von James Jannuzzi und afroamerikanische K\u00fcnstler der &#8220;Bowery&#8221;. Aufgenommen in der Lower East Side. R\u00fcckseitenbeschriftung: &#8220;&#8221;Ghetto Ecstasy&#8221; 1973 James Jannuzzi und afro-amerikanische K\u00fcnstler der &#8220;BOWERY&#8221;, N.Y. 1973&#8243;\" \/>\n<meta property=\"og:url\" content=\"https:\/\/leonore-mau.de\/produkt\/ghetto-ecstasy\/\" \/>\n<meta property=\"og:site_name\" content=\"Leonore Mau\" \/>\n<meta property=\"article:modified_time\" content=\"2022-09-13T21:11:24+00:00\" \/>\n<meta property=\"og:image\" content=\"https:\/\/leonore-mau.de\/wp-content\/uploads\/2022\/07\/70632973.jpg\" \/>\n\t<meta property=\"og:image:width\" content=\"1200\" \/>\n\t<meta property=\"og:image:height\" content=\"856\" \/>\n\t<meta property=\"og:image:type\" content=\"image\/jpeg\" \/>\n<meta name=\"twitter:card\" content=\"summary_large_image\" \/>\n<script type=\"application\/ld+json\" class=\"yoast-schema-graph\">{\"@context\":\"https:\\\/\\\/schema.org\",\"@graph\":[{\"@type\":\"WebPage\",\"@id\":\"https:\\\/\\\/leonore-mau.de\\\/produkt\\\/ghetto-ecstasy\\\/\",\"url\":\"https:\\\/\\\/leonore-mau.de\\\/produkt\\\/ghetto-ecstasy\\\/\",\"name\":\"Ghetto Ecstasy - Leonore Mau\",\"isPartOf\":{\"@id\":\"https:\\\/\\\/leonore-mau.de\\\/#website\"},\"primaryImageOfPage\":{\"@id\":\"https:\\\/\\\/leonore-mau.de\\\/produkt\\\/ghetto-ecstasy\\\/#primaryimage\"},\"image\":{\"@id\":\"https:\\\/\\\/leonore-mau.de\\\/produkt\\\/ghetto-ecstasy\\\/#primaryimage\"},\"thumbnailUrl\":\"https:\\\/\\\/leonore-mau.de\\\/wp-content\\\/uploads\\\/2022\\\/07\\\/70632973.jpg\",\"datePublished\":\"2022-07-11T13:16:43+00:00\",\"dateModified\":\"2022-09-13T21:11:24+00:00\",\"breadcrumb\":{\"@id\":\"https:\\\/\\\/leonore-mau.de\\\/produkt\\\/ghetto-ecstasy\\\/#breadcrumb\"},\"inLanguage\":\"en-US\",\"potentialAction\":[{\"@type\":\"ReadAction\",\"target\":[\"https:\\\/\\\/leonore-mau.de\\\/produkt\\\/ghetto-ecstasy\\\/\"]}]},{\"@type\":\"ImageObject\",\"inLanguage\":\"en-US\",\"@id\":\"https:\\\/\\\/leonore-mau.de\\\/produkt\\\/ghetto-ecstasy\\\/#primaryimage\",\"url\":\"https:\\\/\\\/leonore-mau.de\\\/wp-content\\\/uploads\\\/2022\\\/07\\\/70632973.jpg\",\"contentUrl\":\"https:\\\/\\\/leonore-mau.de\\\/wp-content\\\/uploads\\\/2022\\\/07\\\/70632973.jpg\",\"width\":1200,\"height\":856,\"caption\":\"Ein Mann \u00fcberquert die Stra\u00dfe mit einem Hund an der Leine. Im Hintergrund das Wandbild \\\"Ghetto Ecstasy\\\" (1973) von James Jannuzzi und afroamerikanische K\u00fcnstler der \\\"Bowery\\\". Aufgenommen in der Lower East Side. R\u00fcckseitenbeschriftung: \\\"\\\"Ghetto Ecstasy\\\" 1973 James Jannuzzi und afro-amerikanische K\u00fcnstler der \\\"BOWERY\\\", N.Y. 1973\\\" Aufnahmedatum: 1980 Material\\\/Technik: Foto \\\/ Silbergelantine auf PE-Print Bildformat (Foto): 28,4 x 40,0 cm Aufnahmeort: New York City Inventar-Nr.: LM-505078\"},{\"@type\":\"BreadcrumbList\",\"@id\":\"https:\\\/\\\/leonore-mau.de\\\/produkt\\\/ghetto-ecstasy\\\/#breadcrumb\",\"itemListElement\":[{\"@type\":\"ListItem\",\"position\":1,\"name\":\"Startseite\",\"item\":\"https:\\\/\\\/leonore-mau.de\\\/en\\\/\"},{\"@type\":\"ListItem\",\"position\":2,\"name\":\"Shop\",\"item\":\"https:\\\/\\\/leonore-mau.de\\\/en\\\/shop-2\\\/\"},{\"@type\":\"ListItem\",\"position\":3,\"name\":\"Ghetto Ecstasy\"}]},{\"@type\":\"WebSite\",\"@id\":\"https:\\\/\\\/leonore-mau.de\\\/#website\",\"url\":\"https:\\\/\\\/leonore-mau.de\\\/\",\"name\":\"Leonore Mau\",\"description\":\"Fotografin\",\"potentialAction\":[{\"@type\":\"SearchAction\",\"target\":{\"@type\":\"EntryPoint\",\"urlTemplate\":\"https:\\\/\\\/leonore-mau.de\\\/?s={search_term_string}\"},\"query-input\":{\"@type\":\"PropertyValueSpecification\",\"valueRequired\":true,\"valueName\":\"search_term_string\"}}],\"inLanguage\":\"en-US\"}]}<\/script>\n<!-- \/ Yoast SEO plugin. -->","yoast_head_json":{"title":"Ghetto Ecstasy - Leonore Mau","robots":{"index":"index","follow":"follow","max-snippet":"max-snippet:-1","max-image-preview":"max-image-preview:large","max-video-preview":"max-video-preview:-1"},"canonical":"https:\/\/leonore-mau.de\/produkt\/ghetto-ecstasy\/","og_locale":"en_US","og_type":"article","og_title":"Ghetto Ecstasy - Leonore Mau","og_description":"Ein Mann \u00fcberquert die Stra\u00dfe mit einem Hund an der Leine. Im Hintergrund das Wandbild &#8220;Ghetto Ecstasy&#8221; (1973) von James Jannuzzi und afroamerikanische K\u00fcnstler der &#8220;Bowery&#8221;. Aufgenommen in der Lower East Side. R\u00fcckseitenbeschriftung: &#8220;&#8221;Ghetto Ecstasy&#8221; 1973 James Jannuzzi und afro-amerikanische K\u00fcnstler der &#8220;BOWERY&#8221;, N.Y. 1973&#8243;","og_url":"https:\/\/leonore-mau.de\/produkt\/ghetto-ecstasy\/","og_site_name":"Leonore Mau","article_modified_time":"2022-09-13T21:11:24+00:00","og_image":[{"width":1200,"height":856,"url":"https:\/\/leonore-mau.de\/wp-content\/uploads\/2022\/07\/70632973.jpg","type":"image\/jpeg"}],"twitter_card":"summary_large_image","schema":{"@context":"https:\/\/schema.org","@graph":[{"@type":"WebPage","@id":"https:\/\/leonore-mau.de\/produkt\/ghetto-ecstasy\/","url":"https:\/\/leonore-mau.de\/produkt\/ghetto-ecstasy\/","name":"Ghetto Ecstasy - Leonore Mau","isPartOf":{"@id":"https:\/\/leonore-mau.de\/#website"},"primaryImageOfPage":{"@id":"https:\/\/leonore-mau.de\/produkt\/ghetto-ecstasy\/#primaryimage"},"image":{"@id":"https:\/\/leonore-mau.de\/produkt\/ghetto-ecstasy\/#primaryimage"},"thumbnailUrl":"https:\/\/leonore-mau.de\/wp-content\/uploads\/2022\/07\/70632973.jpg","datePublished":"2022-07-11T13:16:43+00:00","dateModified":"2022-09-13T21:11:24+00:00","breadcrumb":{"@id":"https:\/\/leonore-mau.de\/produkt\/ghetto-ecstasy\/#breadcrumb"},"inLanguage":"en-US","potentialAction":[{"@type":"ReadAction","target":["https:\/\/leonore-mau.de\/produkt\/ghetto-ecstasy\/"]}]},{"@type":"ImageObject","inLanguage":"en-US","@id":"https:\/\/leonore-mau.de\/produkt\/ghetto-ecstasy\/#primaryimage","url":"https:\/\/leonore-mau.de\/wp-content\/uploads\/2022\/07\/70632973.jpg","contentUrl":"https:\/\/leonore-mau.de\/wp-content\/uploads\/2022\/07\/70632973.jpg","width":1200,"height":856,"caption":"Ein Mann \u00fcberquert die Stra\u00dfe mit einem Hund an der Leine. Im Hintergrund das Wandbild \"Ghetto Ecstasy\" (1973) von James Jannuzzi und afroamerikanische K\u00fcnstler der \"Bowery\". Aufgenommen in der Lower East Side. R\u00fcckseitenbeschriftung: \"\"Ghetto Ecstasy\" 1973 James Jannuzzi und afro-amerikanische K\u00fcnstler der \"BOWERY\", N.Y. 1973\" Aufnahmedatum: 1980 Material\/Technik: Foto \/ Silbergelantine auf PE-Print Bildformat (Foto): 28,4 x 40,0 cm Aufnahmeort: New York City Inventar-Nr.: LM-505078"},{"@type":"BreadcrumbList","@id":"https:\/\/leonore-mau.de\/produkt\/ghetto-ecstasy\/#breadcrumb","itemListElement":[{"@type":"ListItem","position":1,"name":"Startseite","item":"https:\/\/leonore-mau.de\/en\/"},{"@type":"ListItem","position":2,"name":"Shop","item":"https:\/\/leonore-mau.de\/en\/shop-2\/"},{"@type":"ListItem","position":3,"name":"Ghetto Ecstasy"}]},{"@type":"WebSite","@id":"https:\/\/leonore-mau.de\/#website","url":"https:\/\/leonore-mau.de\/","name":"Leonore Mau","description":"Fotografin","potentialAction":[{"@type":"SearchAction","target":{"@type":"EntryPoint","urlTemplate":"https:\/\/leonore-mau.de\/?s={search_term_string}"},"query-input":{"@type":"PropertyValueSpecification","valueRequired":true,"valueName":"search_term_string"}}],"inLanguage":"en-US"}]}},"_links":{"self":[{"href":"https:\/\/leonore-mau.de\/en\/wp-json\/wp\/v2\/product\/1110","targetHints":{"allow":["GET"]}}],"collection":[{"href":"https:\/\/leonore-mau.de\/en\/wp-json\/wp\/v2\/product"}],"about":[{"href":"https:\/\/leonore-mau.de\/en\/wp-json\/wp\/v2\/types\/product"}],"wp:featuredmedia":[{"embeddable":true,"href":"https:\/\/leonore-mau.de\/en\/wp-json\/wp\/v2\/media\/558"}],"wp:attachment":[{"href":"https:\/\/leonore-mau.de\/en\/wp-json\/wp\/v2\/media?parent=1110"}],"wp:term":[{"taxonomy":"product_brand","embeddable":true,"href":"https:\/\/leonore-mau.de\/en\/wp-json\/wp\/v2\/product_brand?post=1110"},{"taxonomy":"product_cat","embeddable":true,"href":"https:\/\/leonore-mau.de\/en\/wp-json\/wp\/v2\/product_cat?post=1110"},{"taxonomy":"product_tag","embeddable":true,"href":"https:\/\/leonore-mau.de\/en\/wp-json\/wp\/v2\/product_tag?post=1110"}],"curies":[{"name":"wp","href":"https:\/\/api.w.org\/{rel}","templated":true}]}}