{"id":1112,"date":"2022-07-11T15:16:43","date_gmt":"2022-07-11T13:16:43","guid":{"rendered":"https:\/\/leonore-mau.de\/produkt\/hotel-fr-einheimische\/"},"modified":"2022-09-13T23:11:25","modified_gmt":"2022-09-13T21:11:25","slug":"hotel-fr-einheimische","status":"publish","type":"product","link":"https:\/\/leonore-mau.de\/en\/produkt\/hotel-fr-einheimische\/","title":{"rendered":"Hotel f\u00fcr Einheimische"},"content":{"rendered":"<p>&#8220;Hotel f\u00fcr Einheimische&#8221; am Stadtrand. Davor Passantinnen und Passant. R\u00fcckseitenbeschriftung: &#8220;1974. Am Rande eines im Abbruch befindlichen Armenviertels. Santo Domingo. So sah es noch vor 5 Jahren am Stadtrand von D. D. aus (Foto von 1972) Hotel f\u00fcr Einheimische wird abgerissen.&#8221;<\/p>\n","protected":false},"excerpt":{"rendered":"<p>&#8220;Hotel f\u00fcr Einheimische&#8221; am Stadtrand. Davor Passantinnen und Passant. R\u00fcckseitenbeschriftung: &#8220;1974. Am Rande eines im Abbruch befindlichen Armenviertels. Santo Domingo. So sah es noch vor 5 Jahren am Stadtrand von D. D. aus (Foto von 1972) Hotel f\u00fcr Einheimische wird abgerissen.&#8221;<\/p>\n","protected":false},"featured_media":560,"template":"","meta":[],"product_brand":[],"product_cat":[4433,17],"product_tag":[78,642,22,24,21,23,80,250,1362,84,171,172,43,44,160,165,166,2643,2644,1884,1885,206,678,161,162,167,168,70,71,105,107,93,92,94,91,95,97,99,106,108,679,680],"class_list":{"0":"post-1112","1":"product","2":"type-product","3":"status-publish","4":"has-post-thumbnail","6":"product_cat-prekaere-verhaeltnisse","7":"product_cat-unkategorisiert","8":"product_tag-1970er-jahre","9":"product_tag-2-3-1_prekaere-verhaeltnisse","10":"product_tag-20-jahrhundert-nach-chr","11":"product_tag-20-jh-n-chr","12":"product_tag-20-jahrhundert","13":"product_tag-20-jh","14":"product_tag-70er","15":"product_tag-architektur","16":"product_tag-armenviertel","17":"product_tag-ausland","18":"product_tag-aussenaufnahme","19":"product_tag-aussenaufnahmen","20":"product_tag-fotografin","21":"product_tag-fotografinnen","22":"product_tag-fussgaenger","23":"product_tag-fussgaengerin","24":"product_tag-fussgaengerinnen","25":"product_tag-holzbrett","26":"product_tag-holzbretter","27":"product_tag-hotel","28":"product_tag-hotels","29":"product_tag-karibik","30":"product_tag-obdach","31":"product_tag-passant","32":"product_tag-passanten","33":"product_tag-passantin","34":"product_tag-passantinnen","35":"product_tag-photographin","36":"product_tag-photographinnen","37":"product_tag-s-w-fotografie","38":"product_tag-s-w-photographie","39":"product_tag-schwarzweissphotographie","40":"product_tag-schwarz-weiss-fotografie","41":"product_tag-schwarz-weiss-photographie","42":"product_tag-schwarzweissfotografie","43":"product_tag-siebziger","44":"product_tag-strassenleben","45":"product_tag-strassenszene","46":"product_tag-sw-fotografie","47":"product_tag-sw-photographie","48":"product_tag-unterkunft","49":"product_tag-unterkuenfte","51":"first","52":"instock","53":"shipping-taxable","54":"product-type-simple"},"yoast_head":"<!-- This site is optimized with the Yoast SEO plugin v27.3 - https:\/\/yoast.com\/product\/yoast-seo-wordpress\/ -->\n<title>Hotel f\u00fcr Einheimische - Leonore Mau<\/title>\n<meta name=\"robots\" content=\"index, follow, max-snippet:-1, max-image-preview:large, max-video-preview:-1\" \/>\n<link rel=\"canonical\" href=\"https:\/\/leonore-mau.de\/produkt\/hotel-fr-einheimische\/\" \/>\n<meta property=\"og:locale\" content=\"en_US\" \/>\n<meta property=\"og:type\" content=\"article\" \/>\n<meta property=\"og:title\" content=\"Hotel f\u00fcr Einheimische - Leonore Mau\" \/>\n<meta property=\"og:description\" content=\"&#8220;Hotel f\u00fcr Einheimische&#8221; am Stadtrand. Davor Passantinnen und Passant. R\u00fcckseitenbeschriftung: &#8220;1974. Am Rande eines im Abbruch befindlichen Armenviertels. Santo Domingo. So sah es noch vor 5 Jahren am Stadtrand von D. D. aus (Foto von 1972) Hotel f\u00fcr Einheimische wird abgerissen.&#8221;\" \/>\n<meta property=\"og:url\" content=\"https:\/\/leonore-mau.de\/produkt\/hotel-fr-einheimische\/\" \/>\n<meta property=\"og:site_name\" content=\"Leonore Mau\" \/>\n<meta property=\"article:modified_time\" content=\"2022-09-13T21:11:25+00:00\" \/>\n<meta property=\"og:image\" content=\"https:\/\/leonore-mau.de\/wp-content\/uploads\/2022\/07\/70633060.jpg\" \/>\n\t<meta property=\"og:image:width\" content=\"1200\" \/>\n\t<meta property=\"og:image:height\" content=\"895\" \/>\n\t<meta property=\"og:image:type\" content=\"image\/jpeg\" \/>\n<meta name=\"twitter:card\" content=\"summary_large_image\" \/>\n<script type=\"application\/ld+json\" class=\"yoast-schema-graph\">{\"@context\":\"https:\\\/\\\/schema.org\",\"@graph\":[{\"@type\":\"WebPage\",\"@id\":\"https:\\\/\\\/leonore-mau.de\\\/produkt\\\/hotel-fr-einheimische\\\/\",\"url\":\"https:\\\/\\\/leonore-mau.de\\\/produkt\\\/hotel-fr-einheimische\\\/\",\"name\":\"Hotel f\u00fcr Einheimische - Leonore Mau\",\"isPartOf\":{\"@id\":\"https:\\\/\\\/leonore-mau.de\\\/#website\"},\"primaryImageOfPage\":{\"@id\":\"https:\\\/\\\/leonore-mau.de\\\/produkt\\\/hotel-fr-einheimische\\\/#primaryimage\"},\"image\":{\"@id\":\"https:\\\/\\\/leonore-mau.de\\\/produkt\\\/hotel-fr-einheimische\\\/#primaryimage\"},\"thumbnailUrl\":\"https:\\\/\\\/leonore-mau.de\\\/wp-content\\\/uploads\\\/2022\\\/07\\\/70633060.jpg\",\"datePublished\":\"2022-07-11T13:16:43+00:00\",\"dateModified\":\"2022-09-13T21:11:25+00:00\",\"breadcrumb\":{\"@id\":\"https:\\\/\\\/leonore-mau.de\\\/produkt\\\/hotel-fr-einheimische\\\/#breadcrumb\"},\"inLanguage\":\"en-US\",\"potentialAction\":[{\"@type\":\"ReadAction\",\"target\":[\"https:\\\/\\\/leonore-mau.de\\\/produkt\\\/hotel-fr-einheimische\\\/\"]}]},{\"@type\":\"ImageObject\",\"inLanguage\":\"en-US\",\"@id\":\"https:\\\/\\\/leonore-mau.de\\\/produkt\\\/hotel-fr-einheimische\\\/#primaryimage\",\"url\":\"https:\\\/\\\/leonore-mau.de\\\/wp-content\\\/uploads\\\/2022\\\/07\\\/70633060.jpg\",\"contentUrl\":\"https:\\\/\\\/leonore-mau.de\\\/wp-content\\\/uploads\\\/2022\\\/07\\\/70633060.jpg\",\"width\":1200,\"height\":895,\"caption\":\"\\\"Hotel f\u00fcr Einheimische\\\" am Stadtrand. Davor Passantinnen und Passant. R\u00fcckseitenbeschriftung: \\\"1974. Am Rande eines im Abbruch befindlichen Armenviertels. Santo Domingo. So sah es noch vor 5 Jahren am Stadtrand von D. D. aus (Foto von 1972) Hotel f\u00fcr Einheimische wird abgerissen.\\\" Aufnahmedatum: 1974 Material\\\/Technik: Foto \\\/ Silbergelatine auf Barytpapier Bildformat (Foto): 22,4 x 30,0 cm Aufnahmeort: Santo Domingo Inventar-Nr.: LM-504627\"},{\"@type\":\"BreadcrumbList\",\"@id\":\"https:\\\/\\\/leonore-mau.de\\\/produkt\\\/hotel-fr-einheimische\\\/#breadcrumb\",\"itemListElement\":[{\"@type\":\"ListItem\",\"position\":1,\"name\":\"Startseite\",\"item\":\"https:\\\/\\\/leonore-mau.de\\\/en\\\/\"},{\"@type\":\"ListItem\",\"position\":2,\"name\":\"Shop\",\"item\":\"https:\\\/\\\/leonore-mau.de\\\/en\\\/shop-2\\\/\"},{\"@type\":\"ListItem\",\"position\":3,\"name\":\"Hotel f\u00fcr Einheimische\"}]},{\"@type\":\"WebSite\",\"@id\":\"https:\\\/\\\/leonore-mau.de\\\/#website\",\"url\":\"https:\\\/\\\/leonore-mau.de\\\/\",\"name\":\"Leonore Mau\",\"description\":\"Fotografin\",\"potentialAction\":[{\"@type\":\"SearchAction\",\"target\":{\"@type\":\"EntryPoint\",\"urlTemplate\":\"https:\\\/\\\/leonore-mau.de\\\/?s={search_term_string}\"},\"query-input\":{\"@type\":\"PropertyValueSpecification\",\"valueRequired\":true,\"valueName\":\"search_term_string\"}}],\"inLanguage\":\"en-US\"}]}<\/script>\n<!-- \/ Yoast SEO plugin. -->","yoast_head_json":{"title":"Hotel f\u00fcr Einheimische - Leonore Mau","robots":{"index":"index","follow":"follow","max-snippet":"max-snippet:-1","max-image-preview":"max-image-preview:large","max-video-preview":"max-video-preview:-1"},"canonical":"https:\/\/leonore-mau.de\/produkt\/hotel-fr-einheimische\/","og_locale":"en_US","og_type":"article","og_title":"Hotel f\u00fcr Einheimische - Leonore Mau","og_description":"&#8220;Hotel f\u00fcr Einheimische&#8221; am Stadtrand. Davor Passantinnen und Passant. R\u00fcckseitenbeschriftung: &#8220;1974. Am Rande eines im Abbruch befindlichen Armenviertels. Santo Domingo. So sah es noch vor 5 Jahren am Stadtrand von D. D. aus (Foto von 1972) Hotel f\u00fcr Einheimische wird abgerissen.&#8221;","og_url":"https:\/\/leonore-mau.de\/produkt\/hotel-fr-einheimische\/","og_site_name":"Leonore Mau","article_modified_time":"2022-09-13T21:11:25+00:00","og_image":[{"width":1200,"height":895,"url":"https:\/\/leonore-mau.de\/wp-content\/uploads\/2022\/07\/70633060.jpg","type":"image\/jpeg"}],"twitter_card":"summary_large_image","schema":{"@context":"https:\/\/schema.org","@graph":[{"@type":"WebPage","@id":"https:\/\/leonore-mau.de\/produkt\/hotel-fr-einheimische\/","url":"https:\/\/leonore-mau.de\/produkt\/hotel-fr-einheimische\/","name":"Hotel f\u00fcr Einheimische - Leonore Mau","isPartOf":{"@id":"https:\/\/leonore-mau.de\/#website"},"primaryImageOfPage":{"@id":"https:\/\/leonore-mau.de\/produkt\/hotel-fr-einheimische\/#primaryimage"},"image":{"@id":"https:\/\/leonore-mau.de\/produkt\/hotel-fr-einheimische\/#primaryimage"},"thumbnailUrl":"https:\/\/leonore-mau.de\/wp-content\/uploads\/2022\/07\/70633060.jpg","datePublished":"2022-07-11T13:16:43+00:00","dateModified":"2022-09-13T21:11:25+00:00","breadcrumb":{"@id":"https:\/\/leonore-mau.de\/produkt\/hotel-fr-einheimische\/#breadcrumb"},"inLanguage":"en-US","potentialAction":[{"@type":"ReadAction","target":["https:\/\/leonore-mau.de\/produkt\/hotel-fr-einheimische\/"]}]},{"@type":"ImageObject","inLanguage":"en-US","@id":"https:\/\/leonore-mau.de\/produkt\/hotel-fr-einheimische\/#primaryimage","url":"https:\/\/leonore-mau.de\/wp-content\/uploads\/2022\/07\/70633060.jpg","contentUrl":"https:\/\/leonore-mau.de\/wp-content\/uploads\/2022\/07\/70633060.jpg","width":1200,"height":895,"caption":"\"Hotel f\u00fcr Einheimische\" am Stadtrand. Davor Passantinnen und Passant. R\u00fcckseitenbeschriftung: \"1974. Am Rande eines im Abbruch befindlichen Armenviertels. Santo Domingo. So sah es noch vor 5 Jahren am Stadtrand von D. D. aus (Foto von 1972) Hotel f\u00fcr Einheimische wird abgerissen.\" Aufnahmedatum: 1974 Material\/Technik: Foto \/ Silbergelatine auf Barytpapier Bildformat (Foto): 22,4 x 30,0 cm Aufnahmeort: Santo Domingo Inventar-Nr.: LM-504627"},{"@type":"BreadcrumbList","@id":"https:\/\/leonore-mau.de\/produkt\/hotel-fr-einheimische\/#breadcrumb","itemListElement":[{"@type":"ListItem","position":1,"name":"Startseite","item":"https:\/\/leonore-mau.de\/en\/"},{"@type":"ListItem","position":2,"name":"Shop","item":"https:\/\/leonore-mau.de\/en\/shop-2\/"},{"@type":"ListItem","position":3,"name":"Hotel f\u00fcr Einheimische"}]},{"@type":"WebSite","@id":"https:\/\/leonore-mau.de\/#website","url":"https:\/\/leonore-mau.de\/","name":"Leonore Mau","description":"Fotografin","potentialAction":[{"@type":"SearchAction","target":{"@type":"EntryPoint","urlTemplate":"https:\/\/leonore-mau.de\/?s={search_term_string}"},"query-input":{"@type":"PropertyValueSpecification","valueRequired":true,"valueName":"search_term_string"}}],"inLanguage":"en-US"}]}},"_links":{"self":[{"href":"https:\/\/leonore-mau.de\/en\/wp-json\/wp\/v2\/product\/1112","targetHints":{"allow":["GET"]}}],"collection":[{"href":"https:\/\/leonore-mau.de\/en\/wp-json\/wp\/v2\/product"}],"about":[{"href":"https:\/\/leonore-mau.de\/en\/wp-json\/wp\/v2\/types\/product"}],"wp:featuredmedia":[{"embeddable":true,"href":"https:\/\/leonore-mau.de\/en\/wp-json\/wp\/v2\/media\/560"}],"wp:attachment":[{"href":"https:\/\/leonore-mau.de\/en\/wp-json\/wp\/v2\/media?parent=1112"}],"wp:term":[{"taxonomy":"product_brand","embeddable":true,"href":"https:\/\/leonore-mau.de\/en\/wp-json\/wp\/v2\/product_brand?post=1112"},{"taxonomy":"product_cat","embeddable":true,"href":"https:\/\/leonore-mau.de\/en\/wp-json\/wp\/v2\/product_cat?post=1112"},{"taxonomy":"product_tag","embeddable":true,"href":"https:\/\/leonore-mau.de\/en\/wp-json\/wp\/v2\/product_tag?post=1112"}],"curies":[{"name":"wp","href":"https:\/\/api.w.org\/{rel}","templated":true}]}}