{"id":1115,"date":"2022-07-11T15:16:43","date_gmt":"2022-07-11T13:16:43","guid":{"rendered":"https:\/\/leonore-mau.de\/produkt\/maria-roxinha\/"},"modified":"2022-09-13T23:11:27","modified_gmt":"2022-09-13T21:11:27","slug":"maria-roxinha","status":"publish","type":"product","link":"https:\/\/leonore-mau.de\/en\/produkt\/maria-roxinha\/","title":{"rendered":"&#8220;Maria Roxinha&#8221;"},"content":{"rendered":"<p>Priesterin Maria Roxinha des Tempels &#8220;Casa das Minas&#8221;.  R\u00fcckseitenbeschriftung: &#8220;Maria Roxinha&#8221;<\/p>\n","protected":false},"excerpt":{"rendered":"<p>Priesterin Maria Roxinha des Tempels &#8220;Casa das Minas&#8221;. R\u00fcckseitenbeschriftung: &#8220;Maria Roxinha&#8221;<\/p>\n","protected":false},"featured_media":448,"template":"","meta":[],"product_brand":[],"product_cat":[4441,17],"product_tag":[79,22,24,21,23,1117,82,83,84,173,174,175,2171,43,44,354,1531,1532,549,550,1576,1634,70,71,322,323,324,325,326,327,328,329,330,331,1155,1156,105,107,93,92,94,91,536,537,538,539,540,541,542,1543,1544,106,108,1176],"class_list":{"0":"post-1115","1":"product","2":"type-product","3":"status-publish","4":"has-post-thumbnail","6":"product_cat-brasilien","7":"product_cat-unkategorisiert","8":"product_tag-1980er-jahre","9":"product_tag-20-jahrhundert-nach-chr","10":"product_tag-20-jh-n-chr","11":"product_tag-20-jahrhundert","12":"product_tag-20-jh","13":"product_tag-4-1_brasilien","14":"product_tag-80er","15":"product_tag-achtziger","16":"product_tag-ausland","17":"product_tag-brasil","18":"product_tag-brasilien","19":"product_tag-brasiliens","20":"product_tag-candomble","21":"product_tag-fotografin","22":"product_tag-fotografinnen","23":"product_tag-frau","24":"product_tag-gehstock","25":"product_tag-gehstoecke","26":"product_tag-gewand","27":"product_tag-gewaender","28":"product_tag-halskette","29":"product_tag-halsketten","30":"product_tag-photographin","31":"product_tag-photographinnen","32":"product_tag-portraitaufnahme","33":"product_tag-portraitfoto","34":"product_tag-portraitfotografie","35":"product_tag-portraitphoto","36":"product_tag-portraitphotographie","37":"product_tag-portraetaufnahme","38":"product_tag-portraetfoto","39":"product_tag-portraetfotografie","40":"product_tag-portraetphoto","41":"product_tag-portraetphotographie","42":"product_tag-priesterin","43":"product_tag-priesterinnen","44":"product_tag-s-w-fotografie","45":"product_tag-s-w-photographie","46":"product_tag-schwarzweissphotographie","47":"product_tag-schwarz-weiss-fotografie","48":"product_tag-schwarz-weiss-photographie","49":"product_tag-schwarzweissfotografie","50":"product_tag-sitzen","51":"product_tag-sitzend","52":"product_tag-sitzende","53":"product_tag-sitzenden","54":"product_tag-sitzender","55":"product_tag-sitzendes","56":"product_tag-sitzt","57":"product_tag-spazierstock","58":"product_tag-spazierstoecke","59":"product_tag-sw-fotografie","60":"product_tag-sw-photographie","61":"product_tag-voodoo","63":"first","64":"instock","65":"shipping-taxable","66":"product-type-simple"},"yoast_head":"<!-- This site is optimized with the Yoast SEO plugin v27.3 - https:\/\/yoast.com\/product\/yoast-seo-wordpress\/ -->\n<title>&quot;Maria Roxinha&quot; - Leonore Mau<\/title>\n<meta name=\"robots\" content=\"index, follow, max-snippet:-1, max-image-preview:large, max-video-preview:-1\" \/>\n<link rel=\"canonical\" href=\"https:\/\/leonore-mau.de\/produkt\/maria-roxinha\/\" \/>\n<meta property=\"og:locale\" content=\"en_US\" \/>\n<meta property=\"og:type\" content=\"article\" \/>\n<meta property=\"og:title\" content=\"&quot;Maria Roxinha&quot; - Leonore Mau\" \/>\n<meta property=\"og:description\" content=\"Priesterin Maria Roxinha des Tempels &#8220;Casa das Minas&#8221;. R\u00fcckseitenbeschriftung: &#8220;Maria Roxinha&#8221;\" \/>\n<meta property=\"og:url\" content=\"https:\/\/leonore-mau.de\/produkt\/maria-roxinha\/\" \/>\n<meta property=\"og:site_name\" content=\"Leonore Mau\" \/>\n<meta property=\"article:modified_time\" content=\"2022-09-13T21:11:27+00:00\" \/>\n<meta property=\"og:image\" content=\"https:\/\/leonore-mau.de\/wp-content\/uploads\/2022\/07\/70665974.jpg\" \/>\n\t<meta property=\"og:image:width\" content=\"940\" \/>\n\t<meta property=\"og:image:height\" content=\"1200\" \/>\n\t<meta property=\"og:image:type\" content=\"image\/jpeg\" \/>\n<meta name=\"twitter:card\" content=\"summary_large_image\" \/>\n<script type=\"application\/ld+json\" class=\"yoast-schema-graph\">{\"@context\":\"https:\\\/\\\/schema.org\",\"@graph\":[{\"@type\":\"WebPage\",\"@id\":\"https:\\\/\\\/leonore-mau.de\\\/produkt\\\/maria-roxinha\\\/\",\"url\":\"https:\\\/\\\/leonore-mau.de\\\/produkt\\\/maria-roxinha\\\/\",\"name\":\"\\\"Maria Roxinha\\\" - Leonore Mau\",\"isPartOf\":{\"@id\":\"https:\\\/\\\/leonore-mau.de\\\/#website\"},\"primaryImageOfPage\":{\"@id\":\"https:\\\/\\\/leonore-mau.de\\\/produkt\\\/maria-roxinha\\\/#primaryimage\"},\"image\":{\"@id\":\"https:\\\/\\\/leonore-mau.de\\\/produkt\\\/maria-roxinha\\\/#primaryimage\"},\"thumbnailUrl\":\"https:\\\/\\\/leonore-mau.de\\\/wp-content\\\/uploads\\\/2022\\\/07\\\/70665974.jpg\",\"datePublished\":\"2022-07-11T13:16:43+00:00\",\"dateModified\":\"2022-09-13T21:11:27+00:00\",\"breadcrumb\":{\"@id\":\"https:\\\/\\\/leonore-mau.de\\\/produkt\\\/maria-roxinha\\\/#breadcrumb\"},\"inLanguage\":\"en-US\",\"potentialAction\":[{\"@type\":\"ReadAction\",\"target\":[\"https:\\\/\\\/leonore-mau.de\\\/produkt\\\/maria-roxinha\\\/\"]}]},{\"@type\":\"ImageObject\",\"inLanguage\":\"en-US\",\"@id\":\"https:\\\/\\\/leonore-mau.de\\\/produkt\\\/maria-roxinha\\\/#primaryimage\",\"url\":\"https:\\\/\\\/leonore-mau.de\\\/wp-content\\\/uploads\\\/2022\\\/07\\\/70665974.jpg\",\"contentUrl\":\"https:\\\/\\\/leonore-mau.de\\\/wp-content\\\/uploads\\\/2022\\\/07\\\/70665974.jpg\",\"width\":940,\"height\":1200,\"caption\":\"Priesterin Maria Roxinha des Tempels \\\"Casa das Minas\\\". R\u00fcckseitenbeschriftung: \\\"Maria Roxinha\\\" Aufnahmedatum: 1981 - 1982 Material\\\/Technik: Foto \\\/ Silbergelatine auf PE-Papier Bildformat (Foto): 23,4 x 30,2 cm Aufnahmeort: S\u00e3o Lu\u00eds do Maranh\u00e3o Inventar-Nr.: LM-505852\"},{\"@type\":\"BreadcrumbList\",\"@id\":\"https:\\\/\\\/leonore-mau.de\\\/produkt\\\/maria-roxinha\\\/#breadcrumb\",\"itemListElement\":[{\"@type\":\"ListItem\",\"position\":1,\"name\":\"Startseite\",\"item\":\"https:\\\/\\\/leonore-mau.de\\\/en\\\/\"},{\"@type\":\"ListItem\",\"position\":2,\"name\":\"Shop\",\"item\":\"https:\\\/\\\/leonore-mau.de\\\/en\\\/shop-2\\\/\"},{\"@type\":\"ListItem\",\"position\":3,\"name\":\"&#8222;Maria Roxinha&#8220;\"}]},{\"@type\":\"WebSite\",\"@id\":\"https:\\\/\\\/leonore-mau.de\\\/#website\",\"url\":\"https:\\\/\\\/leonore-mau.de\\\/\",\"name\":\"Leonore Mau\",\"description\":\"Fotografin\",\"potentialAction\":[{\"@type\":\"SearchAction\",\"target\":{\"@type\":\"EntryPoint\",\"urlTemplate\":\"https:\\\/\\\/leonore-mau.de\\\/?s={search_term_string}\"},\"query-input\":{\"@type\":\"PropertyValueSpecification\",\"valueRequired\":true,\"valueName\":\"search_term_string\"}}],\"inLanguage\":\"en-US\"}]}<\/script>\n<!-- \/ Yoast SEO plugin. -->","yoast_head_json":{"title":"\"Maria Roxinha\" - Leonore Mau","robots":{"index":"index","follow":"follow","max-snippet":"max-snippet:-1","max-image-preview":"max-image-preview:large","max-video-preview":"max-video-preview:-1"},"canonical":"https:\/\/leonore-mau.de\/produkt\/maria-roxinha\/","og_locale":"en_US","og_type":"article","og_title":"\"Maria Roxinha\" - Leonore Mau","og_description":"Priesterin Maria Roxinha des Tempels &#8220;Casa das Minas&#8221;. R\u00fcckseitenbeschriftung: &#8220;Maria Roxinha&#8221;","og_url":"https:\/\/leonore-mau.de\/produkt\/maria-roxinha\/","og_site_name":"Leonore Mau","article_modified_time":"2022-09-13T21:11:27+00:00","og_image":[{"width":940,"height":1200,"url":"https:\/\/leonore-mau.de\/wp-content\/uploads\/2022\/07\/70665974.jpg","type":"image\/jpeg"}],"twitter_card":"summary_large_image","schema":{"@context":"https:\/\/schema.org","@graph":[{"@type":"WebPage","@id":"https:\/\/leonore-mau.de\/produkt\/maria-roxinha\/","url":"https:\/\/leonore-mau.de\/produkt\/maria-roxinha\/","name":"\"Maria Roxinha\" - Leonore Mau","isPartOf":{"@id":"https:\/\/leonore-mau.de\/#website"},"primaryImageOfPage":{"@id":"https:\/\/leonore-mau.de\/produkt\/maria-roxinha\/#primaryimage"},"image":{"@id":"https:\/\/leonore-mau.de\/produkt\/maria-roxinha\/#primaryimage"},"thumbnailUrl":"https:\/\/leonore-mau.de\/wp-content\/uploads\/2022\/07\/70665974.jpg","datePublished":"2022-07-11T13:16:43+00:00","dateModified":"2022-09-13T21:11:27+00:00","breadcrumb":{"@id":"https:\/\/leonore-mau.de\/produkt\/maria-roxinha\/#breadcrumb"},"inLanguage":"en-US","potentialAction":[{"@type":"ReadAction","target":["https:\/\/leonore-mau.de\/produkt\/maria-roxinha\/"]}]},{"@type":"ImageObject","inLanguage":"en-US","@id":"https:\/\/leonore-mau.de\/produkt\/maria-roxinha\/#primaryimage","url":"https:\/\/leonore-mau.de\/wp-content\/uploads\/2022\/07\/70665974.jpg","contentUrl":"https:\/\/leonore-mau.de\/wp-content\/uploads\/2022\/07\/70665974.jpg","width":940,"height":1200,"caption":"Priesterin Maria Roxinha des Tempels \"Casa das Minas\". R\u00fcckseitenbeschriftung: \"Maria Roxinha\" Aufnahmedatum: 1981 - 1982 Material\/Technik: Foto \/ Silbergelatine auf PE-Papier Bildformat (Foto): 23,4 x 30,2 cm Aufnahmeort: S\u00e3o Lu\u00eds do Maranh\u00e3o Inventar-Nr.: LM-505852"},{"@type":"BreadcrumbList","@id":"https:\/\/leonore-mau.de\/produkt\/maria-roxinha\/#breadcrumb","itemListElement":[{"@type":"ListItem","position":1,"name":"Startseite","item":"https:\/\/leonore-mau.de\/en\/"},{"@type":"ListItem","position":2,"name":"Shop","item":"https:\/\/leonore-mau.de\/en\/shop-2\/"},{"@type":"ListItem","position":3,"name":"&#8222;Maria Roxinha&#8220;"}]},{"@type":"WebSite","@id":"https:\/\/leonore-mau.de\/#website","url":"https:\/\/leonore-mau.de\/","name":"Leonore Mau","description":"Fotografin","potentialAction":[{"@type":"SearchAction","target":{"@type":"EntryPoint","urlTemplate":"https:\/\/leonore-mau.de\/?s={search_term_string}"},"query-input":{"@type":"PropertyValueSpecification","valueRequired":true,"valueName":"search_term_string"}}],"inLanguage":"en-US"}]}},"_links":{"self":[{"href":"https:\/\/leonore-mau.de\/en\/wp-json\/wp\/v2\/product\/1115","targetHints":{"allow":["GET"]}}],"collection":[{"href":"https:\/\/leonore-mau.de\/en\/wp-json\/wp\/v2\/product"}],"about":[{"href":"https:\/\/leonore-mau.de\/en\/wp-json\/wp\/v2\/types\/product"}],"wp:featuredmedia":[{"embeddable":true,"href":"https:\/\/leonore-mau.de\/en\/wp-json\/wp\/v2\/media\/448"}],"wp:attachment":[{"href":"https:\/\/leonore-mau.de\/en\/wp-json\/wp\/v2\/media?parent=1115"}],"wp:term":[{"taxonomy":"product_brand","embeddable":true,"href":"https:\/\/leonore-mau.de\/en\/wp-json\/wp\/v2\/product_brand?post=1115"},{"taxonomy":"product_cat","embeddable":true,"href":"https:\/\/leonore-mau.de\/en\/wp-json\/wp\/v2\/product_cat?post=1115"},{"taxonomy":"product_tag","embeddable":true,"href":"https:\/\/leonore-mau.de\/en\/wp-json\/wp\/v2\/product_tag?post=1115"}],"curies":[{"name":"wp","href":"https:\/\/api.w.org\/{rel}","templated":true}]}}