{"id":1116,"date":"2022-07-11T15:16:43","date_gmt":"2022-07-11T13:16:43","guid":{"rendered":"https:\/\/leonore-mau.de\/produkt\/ohne-titel-sozialwohnungen-in-pikine\/"},"modified":"2022-09-13T23:11:27","modified_gmt":"2022-09-13T21:11:27","slug":"ohne-titel-sozialwohnungen-in-pikine","status":"publish","type":"product","link":"https:\/\/leonore-mau.de\/en\/produkt\/ohne-titel-sozialwohnungen-in-pikine\/","title":{"rendered":"Ohne Titel (Sozialwohnungen in Pikine)"},"content":{"rendered":"<p>Sozialwohnungen in Pikine in Dakar. Eine Anreihung an Wohnh\u00e4usern an einer aspaltierten Stra\u00dfe. R\u00fcckseitenbeschriftung: &#8220;1970 [sic!]. Strasse in Pikine. Gepflastert ist nur die Fahrstra\u00dfe. Sonst Sand. Senegal&#8221;<\/p>\n","protected":false},"excerpt":{"rendered":"<p>Sozialwohnungen in Pikine in Dakar. Eine Anreihung an Wohnh\u00e4usern an einer aspaltierten Stra\u00dfe. R\u00fcckseitenbeschriftung: &#8220;1970 [sic!]. Strasse in Pikine. Gepflastert ist nur die Fahrstra\u00dfe. Sonst Sand. Senegal&#8221;<\/p>\n","protected":false},"featured_media":563,"template":"","meta":[],"product_brand":[],"product_cat":[4427,17],"product_tag":[293,22,24,21,23,84,171,172,302,303,304,305,306,43,44,160,308,309,161,162,70,71,105,107,93,92,94,91,1141,1002,97,99,106,108,957,958,75,76,77],"class_list":{"0":"post-1116","1":"product","2":"type-product","3":"status-publish","4":"has-post-thumbnail","6":"product_cat-stadtarchitektur","7":"product_cat-unkategorisiert","8":"product_tag-1-2_stadtarchitektur","9":"product_tag-20-jahrhundert-nach-chr","10":"product_tag-20-jh-n-chr","11":"product_tag-20-jahrhundert","12":"product_tag-20-jh","13":"product_tag-ausland","14":"product_tag-aussenaufnahme","15":"product_tag-aussenaufnahmen","16":"product_tag-bauten","17":"product_tag-bauwerk","18":"product_tag-bauwerke","19":"product_tag-bauwerkes","20":"product_tag-bauwerks","21":"product_tag-fotografin","22":"product_tag-fotografinnen","23":"product_tag-fussgaenger","24":"product_tag-gebaeude","25":"product_tag-gebaeudes","26":"product_tag-passant","27":"product_tag-passanten","28":"product_tag-photographin","29":"product_tag-photographinnen","30":"product_tag-s-w-fotografie","31":"product_tag-s-w-photographie","32":"product_tag-schwarzweissphotographie","33":"product_tag-schwarz-weiss-fotografie","34":"product_tag-schwarz-weiss-photographie","35":"product_tag-schwarzweissfotografie","36":"product_tag-senegal","37":"product_tag-strasse","38":"product_tag-strassenleben","39":"product_tag-strassenszene","40":"product_tag-sw-fotografie","41":"product_tag-sw-photographie","42":"product_tag-westafrika","43":"product_tag-westafrikas","44":"product_tag-wohngebaeude","45":"product_tag-wohnhaus","46":"product_tag-wohnhaeuser","48":"first","49":"instock","50":"shipping-taxable","51":"product-type-simple"},"yoast_head":"<!-- This site is optimized with the Yoast SEO plugin v27.3 - https:\/\/yoast.com\/product\/yoast-seo-wordpress\/ -->\n<title>Ohne Titel (Sozialwohnungen in Pikine) - Leonore Mau<\/title>\n<meta name=\"robots\" content=\"index, follow, max-snippet:-1, max-image-preview:large, max-video-preview:-1\" \/>\n<link rel=\"canonical\" href=\"https:\/\/leonore-mau.de\/produkt\/ohne-titel-sozialwohnungen-in-pikine\/\" \/>\n<meta property=\"og:locale\" content=\"en_US\" \/>\n<meta property=\"og:type\" content=\"article\" \/>\n<meta property=\"og:title\" content=\"Ohne Titel (Sozialwohnungen in Pikine) - Leonore Mau\" \/>\n<meta property=\"og:description\" content=\"Sozialwohnungen in Pikine in Dakar. Eine Anreihung an Wohnh\u00e4usern an einer aspaltierten Stra\u00dfe. R\u00fcckseitenbeschriftung: &#8220;1970 [sic!]. Strasse in Pikine. Gepflastert ist nur die Fahrstra\u00dfe. Sonst Sand. Senegal&#8221;\" \/>\n<meta property=\"og:url\" content=\"https:\/\/leonore-mau.de\/produkt\/ohne-titel-sozialwohnungen-in-pikine\/\" \/>\n<meta property=\"og:site_name\" content=\"Leonore Mau\" \/>\n<meta property=\"article:modified_time\" content=\"2022-09-13T21:11:27+00:00\" \/>\n<meta property=\"og:image\" content=\"https:\/\/leonore-mau.de\/wp-content\/uploads\/2022\/07\/70665976.jpg\" \/>\n\t<meta property=\"og:image:width\" content=\"1200\" \/>\n\t<meta property=\"og:image:height\" content=\"760\" \/>\n\t<meta property=\"og:image:type\" content=\"image\/jpeg\" \/>\n<meta name=\"twitter:card\" content=\"summary_large_image\" \/>\n<script type=\"application\/ld+json\" class=\"yoast-schema-graph\">{\"@context\":\"https:\\\/\\\/schema.org\",\"@graph\":[{\"@type\":\"WebPage\",\"@id\":\"https:\\\/\\\/leonore-mau.de\\\/produkt\\\/ohne-titel-sozialwohnungen-in-pikine\\\/\",\"url\":\"https:\\\/\\\/leonore-mau.de\\\/produkt\\\/ohne-titel-sozialwohnungen-in-pikine\\\/\",\"name\":\"Ohne Titel (Sozialwohnungen in Pikine) - Leonore Mau\",\"isPartOf\":{\"@id\":\"https:\\\/\\\/leonore-mau.de\\\/#website\"},\"primaryImageOfPage\":{\"@id\":\"https:\\\/\\\/leonore-mau.de\\\/produkt\\\/ohne-titel-sozialwohnungen-in-pikine\\\/#primaryimage\"},\"image\":{\"@id\":\"https:\\\/\\\/leonore-mau.de\\\/produkt\\\/ohne-titel-sozialwohnungen-in-pikine\\\/#primaryimage\"},\"thumbnailUrl\":\"https:\\\/\\\/leonore-mau.de\\\/wp-content\\\/uploads\\\/2022\\\/07\\\/70665976.jpg\",\"datePublished\":\"2022-07-11T13:16:43+00:00\",\"dateModified\":\"2022-09-13T21:11:27+00:00\",\"breadcrumb\":{\"@id\":\"https:\\\/\\\/leonore-mau.de\\\/produkt\\\/ohne-titel-sozialwohnungen-in-pikine\\\/#breadcrumb\"},\"inLanguage\":\"en-US\",\"potentialAction\":[{\"@type\":\"ReadAction\",\"target\":[\"https:\\\/\\\/leonore-mau.de\\\/produkt\\\/ohne-titel-sozialwohnungen-in-pikine\\\/\"]}]},{\"@type\":\"ImageObject\",\"inLanguage\":\"en-US\",\"@id\":\"https:\\\/\\\/leonore-mau.de\\\/produkt\\\/ohne-titel-sozialwohnungen-in-pikine\\\/#primaryimage\",\"url\":\"https:\\\/\\\/leonore-mau.de\\\/wp-content\\\/uploads\\\/2022\\\/07\\\/70665976.jpg\",\"contentUrl\":\"https:\\\/\\\/leonore-mau.de\\\/wp-content\\\/uploads\\\/2022\\\/07\\\/70665976.jpg\",\"width\":1200,\"height\":760,\"caption\":\"Sozialwohnungen in Pikine in Dakar. Eine Anreihung an Wohnh\u00e4usern an einer aspaltierten Stra\u00dfe. R\u00fcckseitenbeschriftung: \\\"1970 [sic!]. Strasse in Pikine. Gepflastert ist nur die Fahrstra\u00dfe. Sonst Sand. Senegal\\\" Aufnahmedatum: 1974 - 1985 Material\\\/Technik: Foto \\\/ Silbergelatine auf Barytpapier Bildformat (Foto): 19,1 x 30,0 cm Aufnahmeort: Pikine \\\/ Dakar Inventar-Nr.: LM-505327\"},{\"@type\":\"BreadcrumbList\",\"@id\":\"https:\\\/\\\/leonore-mau.de\\\/produkt\\\/ohne-titel-sozialwohnungen-in-pikine\\\/#breadcrumb\",\"itemListElement\":[{\"@type\":\"ListItem\",\"position\":1,\"name\":\"Startseite\",\"item\":\"https:\\\/\\\/leonore-mau.de\\\/en\\\/\"},{\"@type\":\"ListItem\",\"position\":2,\"name\":\"Shop\",\"item\":\"https:\\\/\\\/leonore-mau.de\\\/en\\\/shop-2\\\/\"},{\"@type\":\"ListItem\",\"position\":3,\"name\":\"Ohne Titel (Sozialwohnungen in Pikine)\"}]},{\"@type\":\"WebSite\",\"@id\":\"https:\\\/\\\/leonore-mau.de\\\/#website\",\"url\":\"https:\\\/\\\/leonore-mau.de\\\/\",\"name\":\"Leonore Mau\",\"description\":\"Fotografin\",\"potentialAction\":[{\"@type\":\"SearchAction\",\"target\":{\"@type\":\"EntryPoint\",\"urlTemplate\":\"https:\\\/\\\/leonore-mau.de\\\/?s={search_term_string}\"},\"query-input\":{\"@type\":\"PropertyValueSpecification\",\"valueRequired\":true,\"valueName\":\"search_term_string\"}}],\"inLanguage\":\"en-US\"}]}<\/script>\n<!-- \/ Yoast SEO plugin. -->","yoast_head_json":{"title":"Ohne Titel (Sozialwohnungen in Pikine) - Leonore Mau","robots":{"index":"index","follow":"follow","max-snippet":"max-snippet:-1","max-image-preview":"max-image-preview:large","max-video-preview":"max-video-preview:-1"},"canonical":"https:\/\/leonore-mau.de\/produkt\/ohne-titel-sozialwohnungen-in-pikine\/","og_locale":"en_US","og_type":"article","og_title":"Ohne Titel (Sozialwohnungen in Pikine) - Leonore Mau","og_description":"Sozialwohnungen in Pikine in Dakar. Eine Anreihung an Wohnh\u00e4usern an einer aspaltierten Stra\u00dfe. R\u00fcckseitenbeschriftung: &#8220;1970 [sic!]. Strasse in Pikine. Gepflastert ist nur die Fahrstra\u00dfe. Sonst Sand. Senegal&#8221;","og_url":"https:\/\/leonore-mau.de\/produkt\/ohne-titel-sozialwohnungen-in-pikine\/","og_site_name":"Leonore Mau","article_modified_time":"2022-09-13T21:11:27+00:00","og_image":[{"width":1200,"height":760,"url":"https:\/\/leonore-mau.de\/wp-content\/uploads\/2022\/07\/70665976.jpg","type":"image\/jpeg"}],"twitter_card":"summary_large_image","schema":{"@context":"https:\/\/schema.org","@graph":[{"@type":"WebPage","@id":"https:\/\/leonore-mau.de\/produkt\/ohne-titel-sozialwohnungen-in-pikine\/","url":"https:\/\/leonore-mau.de\/produkt\/ohne-titel-sozialwohnungen-in-pikine\/","name":"Ohne Titel (Sozialwohnungen in Pikine) - Leonore Mau","isPartOf":{"@id":"https:\/\/leonore-mau.de\/#website"},"primaryImageOfPage":{"@id":"https:\/\/leonore-mau.de\/produkt\/ohne-titel-sozialwohnungen-in-pikine\/#primaryimage"},"image":{"@id":"https:\/\/leonore-mau.de\/produkt\/ohne-titel-sozialwohnungen-in-pikine\/#primaryimage"},"thumbnailUrl":"https:\/\/leonore-mau.de\/wp-content\/uploads\/2022\/07\/70665976.jpg","datePublished":"2022-07-11T13:16:43+00:00","dateModified":"2022-09-13T21:11:27+00:00","breadcrumb":{"@id":"https:\/\/leonore-mau.de\/produkt\/ohne-titel-sozialwohnungen-in-pikine\/#breadcrumb"},"inLanguage":"en-US","potentialAction":[{"@type":"ReadAction","target":["https:\/\/leonore-mau.de\/produkt\/ohne-titel-sozialwohnungen-in-pikine\/"]}]},{"@type":"ImageObject","inLanguage":"en-US","@id":"https:\/\/leonore-mau.de\/produkt\/ohne-titel-sozialwohnungen-in-pikine\/#primaryimage","url":"https:\/\/leonore-mau.de\/wp-content\/uploads\/2022\/07\/70665976.jpg","contentUrl":"https:\/\/leonore-mau.de\/wp-content\/uploads\/2022\/07\/70665976.jpg","width":1200,"height":760,"caption":"Sozialwohnungen in Pikine in Dakar. Eine Anreihung an Wohnh\u00e4usern an einer aspaltierten Stra\u00dfe. R\u00fcckseitenbeschriftung: \"1970 [sic!]. Strasse in Pikine. Gepflastert ist nur die Fahrstra\u00dfe. Sonst Sand. Senegal\" Aufnahmedatum: 1974 - 1985 Material\/Technik: Foto \/ Silbergelatine auf Barytpapier Bildformat (Foto): 19,1 x 30,0 cm Aufnahmeort: Pikine \/ Dakar Inventar-Nr.: LM-505327"},{"@type":"BreadcrumbList","@id":"https:\/\/leonore-mau.de\/produkt\/ohne-titel-sozialwohnungen-in-pikine\/#breadcrumb","itemListElement":[{"@type":"ListItem","position":1,"name":"Startseite","item":"https:\/\/leonore-mau.de\/en\/"},{"@type":"ListItem","position":2,"name":"Shop","item":"https:\/\/leonore-mau.de\/en\/shop-2\/"},{"@type":"ListItem","position":3,"name":"Ohne Titel (Sozialwohnungen in Pikine)"}]},{"@type":"WebSite","@id":"https:\/\/leonore-mau.de\/#website","url":"https:\/\/leonore-mau.de\/","name":"Leonore Mau","description":"Fotografin","potentialAction":[{"@type":"SearchAction","target":{"@type":"EntryPoint","urlTemplate":"https:\/\/leonore-mau.de\/?s={search_term_string}"},"query-input":{"@type":"PropertyValueSpecification","valueRequired":true,"valueName":"search_term_string"}}],"inLanguage":"en-US"}]}},"_links":{"self":[{"href":"https:\/\/leonore-mau.de\/en\/wp-json\/wp\/v2\/product\/1116","targetHints":{"allow":["GET"]}}],"collection":[{"href":"https:\/\/leonore-mau.de\/en\/wp-json\/wp\/v2\/product"}],"about":[{"href":"https:\/\/leonore-mau.de\/en\/wp-json\/wp\/v2\/types\/product"}],"wp:featuredmedia":[{"embeddable":true,"href":"https:\/\/leonore-mau.de\/en\/wp-json\/wp\/v2\/media\/563"}],"wp:attachment":[{"href":"https:\/\/leonore-mau.de\/en\/wp-json\/wp\/v2\/media?parent=1116"}],"wp:term":[{"taxonomy":"product_brand","embeddable":true,"href":"https:\/\/leonore-mau.de\/en\/wp-json\/wp\/v2\/product_brand?post=1116"},{"taxonomy":"product_cat","embeddable":true,"href":"https:\/\/leonore-mau.de\/en\/wp-json\/wp\/v2\/product_cat?post=1116"},{"taxonomy":"product_tag","embeddable":true,"href":"https:\/\/leonore-mau.de\/en\/wp-json\/wp\/v2\/product_tag?post=1116"}],"curies":[{"name":"wp","href":"https:\/\/api.w.org\/{rel}","templated":true}]}}