{"id":1119,"date":"2022-07-11T15:16:43","date_gmt":"2022-07-11T13:16:43","guid":{"rendered":"https:\/\/leonore-mau.de\/produkt\/straenszene-in-so-lus-do-maranho\/"},"modified":"2022-09-13T23:11:28","modified_gmt":"2022-09-13T21:11:28","slug":"straenszene-in-so-lus-do-maranho","status":"publish","type":"product","link":"https:\/\/leonore-mau.de\/en\/produkt\/straenszene-in-so-lus-do-maranho\/","title":{"rendered":"Stra\u00dfenszene in S\u00e3o Lu\u00eds do Maranh\u00e3o"},"content":{"rendered":"<p>Stra\u00dfenszene in S\u00e3o Lu\u00eds do Maranh\u00e3o. Zwei Personen sitzend auf dem Boden an einem Geb\u00e4udeeingang.<\/p>\n","protected":false},"excerpt":{"rendered":"<p>Stra\u00dfenszene in S\u00e3o Lu\u00eds do Maranh\u00e3o. Zwei Personen sitzend auf dem Boden an einem Geb\u00e4udeeingang.<\/p>\n","protected":false},"featured_media":566,"template":"","meta":[],"product_brand":[],"product_cat":[4433,17],"product_tag":[79,642,22,24,21,23,82,83,666,84,173,174,175,147,148,149,43,44,2701,2702,2192,2193,2194,2195,2196,2197,2198,2703,70,71,105,107,93,92,94,91,97,99,106,108],"class_list":{"0":"post-1119","1":"product","2":"type-product","3":"status-publish","4":"has-post-thumbnail","6":"product_cat-prekaere-verhaeltnisse","7":"product_cat-unkategorisiert","8":"product_tag-1980er-jahre","9":"product_tag-2-3-1_prekaere-verhaeltnisse","10":"product_tag-20-jahrhundert-nach-chr","11":"product_tag-20-jh-n-chr","12":"product_tag-20-jahrhundert","13":"product_tag-20-jh","14":"product_tag-80er","15":"product_tag-achtziger","16":"product_tag-armut","17":"product_tag-ausland","18":"product_tag-brasil","19":"product_tag-brasilien","20":"product_tag-brasiliens","21":"product_tag-eingang","22":"product_tag-eingaenge","23":"product_tag-eingangs","24":"product_tag-fotografin","25":"product_tag-fotografinnen","26":"product_tag-fussbodemosaike","27":"product_tag-fussbodenmosaik","28":"product_tag-kontrast","29":"product_tag-kontraste","30":"product_tag-kontraststark","31":"product_tag-kontraststarke","32":"product_tag-kontraststarken","33":"product_tag-kontraststarker","34":"product_tag-kontraststarkes","35":"product_tag-mosaikfussboden","36":"product_tag-photographin","37":"product_tag-photographinnen","38":"product_tag-s-w-fotografie","39":"product_tag-s-w-photographie","40":"product_tag-schwarzweissphotographie","41":"product_tag-schwarz-weiss-fotografie","42":"product_tag-schwarz-weiss-photographie","43":"product_tag-schwarzweissfotografie","44":"product_tag-strassenleben","45":"product_tag-strassenszene","46":"product_tag-sw-fotografie","47":"product_tag-sw-photographie","49":"first","50":"instock","51":"shipping-taxable","52":"product-type-simple"},"yoast_head":"<!-- This site is optimized with the Yoast SEO plugin v27.3 - https:\/\/yoast.com\/product\/yoast-seo-wordpress\/ -->\n<title>Stra\u00dfenszene in S\u00e3o Lu\u00eds do Maranh\u00e3o - Leonore Mau<\/title>\n<meta name=\"robots\" content=\"index, follow, max-snippet:-1, max-image-preview:large, max-video-preview:-1\" \/>\n<link rel=\"canonical\" href=\"https:\/\/leonore-mau.de\/produkt\/straenszene-in-so-lus-do-maranho\/\" \/>\n<meta property=\"og:locale\" content=\"en_US\" \/>\n<meta property=\"og:type\" content=\"article\" \/>\n<meta property=\"og:title\" content=\"Stra\u00dfenszene in S\u00e3o Lu\u00eds do Maranh\u00e3o - Leonore Mau\" \/>\n<meta property=\"og:description\" content=\"Stra\u00dfenszene in S\u00e3o Lu\u00eds do Maranh\u00e3o. Zwei Personen sitzend auf dem Boden an einem Geb\u00e4udeeingang.\" \/>\n<meta property=\"og:url\" content=\"https:\/\/leonore-mau.de\/produkt\/straenszene-in-so-lus-do-maranho\/\" \/>\n<meta property=\"og:site_name\" content=\"Leonore Mau\" \/>\n<meta property=\"article:modified_time\" content=\"2022-09-13T21:11:28+00:00\" \/>\n<meta property=\"og:image\" content=\"https:\/\/leonore-mau.de\/wp-content\/uploads\/2022\/07\/70666012.jpg\" \/>\n\t<meta property=\"og:image:width\" content=\"851\" \/>\n\t<meta property=\"og:image:height\" content=\"1200\" \/>\n\t<meta property=\"og:image:type\" content=\"image\/jpeg\" \/>\n<meta name=\"twitter:card\" content=\"summary_large_image\" \/>\n<script type=\"application\/ld+json\" class=\"yoast-schema-graph\">{\"@context\":\"https:\\\/\\\/schema.org\",\"@graph\":[{\"@type\":\"WebPage\",\"@id\":\"https:\\\/\\\/leonore-mau.de\\\/produkt\\\/straenszene-in-so-lus-do-maranho\\\/\",\"url\":\"https:\\\/\\\/leonore-mau.de\\\/produkt\\\/straenszene-in-so-lus-do-maranho\\\/\",\"name\":\"Stra\u00dfenszene in S\u00e3o Lu\u00eds do Maranh\u00e3o - Leonore Mau\",\"isPartOf\":{\"@id\":\"https:\\\/\\\/leonore-mau.de\\\/#website\"},\"primaryImageOfPage\":{\"@id\":\"https:\\\/\\\/leonore-mau.de\\\/produkt\\\/straenszene-in-so-lus-do-maranho\\\/#primaryimage\"},\"image\":{\"@id\":\"https:\\\/\\\/leonore-mau.de\\\/produkt\\\/straenszene-in-so-lus-do-maranho\\\/#primaryimage\"},\"thumbnailUrl\":\"https:\\\/\\\/leonore-mau.de\\\/wp-content\\\/uploads\\\/2022\\\/07\\\/70666012.jpg\",\"datePublished\":\"2022-07-11T13:16:43+00:00\",\"dateModified\":\"2022-09-13T21:11:28+00:00\",\"breadcrumb\":{\"@id\":\"https:\\\/\\\/leonore-mau.de\\\/produkt\\\/straenszene-in-so-lus-do-maranho\\\/#breadcrumb\"},\"inLanguage\":\"en-US\",\"potentialAction\":[{\"@type\":\"ReadAction\",\"target\":[\"https:\\\/\\\/leonore-mau.de\\\/produkt\\\/straenszene-in-so-lus-do-maranho\\\/\"]}]},{\"@type\":\"ImageObject\",\"inLanguage\":\"en-US\",\"@id\":\"https:\\\/\\\/leonore-mau.de\\\/produkt\\\/straenszene-in-so-lus-do-maranho\\\/#primaryimage\",\"url\":\"https:\\\/\\\/leonore-mau.de\\\/wp-content\\\/uploads\\\/2022\\\/07\\\/70666012.jpg\",\"contentUrl\":\"https:\\\/\\\/leonore-mau.de\\\/wp-content\\\/uploads\\\/2022\\\/07\\\/70666012.jpg\",\"width\":851,\"height\":1200,\"caption\":\"Stra\u00dfenszene in S\u00e3o Lu\u00eds do Maranh\u00e3o. Zwei Personen sitzend auf dem Boden an einem Geb\u00e4udeeingang. Aufnahmedatum: 1981 - 1982 Material\\\/Technik: Foto \\\/ Silbergelatine auf PE-Papier Bildformat (Foto): 12,8 x 17,8 cm Aufnahmeort: S\u00e3o Lu\u00eds do Maranh\u00e3o Inventar-Nr.: LM-504322\"},{\"@type\":\"BreadcrumbList\",\"@id\":\"https:\\\/\\\/leonore-mau.de\\\/produkt\\\/straenszene-in-so-lus-do-maranho\\\/#breadcrumb\",\"itemListElement\":[{\"@type\":\"ListItem\",\"position\":1,\"name\":\"Startseite\",\"item\":\"https:\\\/\\\/leonore-mau.de\\\/en\\\/\"},{\"@type\":\"ListItem\",\"position\":2,\"name\":\"Shop\",\"item\":\"https:\\\/\\\/leonore-mau.de\\\/en\\\/shop-2\\\/\"},{\"@type\":\"ListItem\",\"position\":3,\"name\":\"Stra\u00dfenszene in S\u00e3o Lu\u00eds do Maranh\u00e3o\"}]},{\"@type\":\"WebSite\",\"@id\":\"https:\\\/\\\/leonore-mau.de\\\/#website\",\"url\":\"https:\\\/\\\/leonore-mau.de\\\/\",\"name\":\"Leonore Mau\",\"description\":\"Fotografin\",\"potentialAction\":[{\"@type\":\"SearchAction\",\"target\":{\"@type\":\"EntryPoint\",\"urlTemplate\":\"https:\\\/\\\/leonore-mau.de\\\/?s={search_term_string}\"},\"query-input\":{\"@type\":\"PropertyValueSpecification\",\"valueRequired\":true,\"valueName\":\"search_term_string\"}}],\"inLanguage\":\"en-US\"}]}<\/script>\n<!-- \/ Yoast SEO plugin. -->","yoast_head_json":{"title":"Stra\u00dfenszene in S\u00e3o Lu\u00eds do Maranh\u00e3o - Leonore Mau","robots":{"index":"index","follow":"follow","max-snippet":"max-snippet:-1","max-image-preview":"max-image-preview:large","max-video-preview":"max-video-preview:-1"},"canonical":"https:\/\/leonore-mau.de\/produkt\/straenszene-in-so-lus-do-maranho\/","og_locale":"en_US","og_type":"article","og_title":"Stra\u00dfenszene in S\u00e3o Lu\u00eds do Maranh\u00e3o - Leonore Mau","og_description":"Stra\u00dfenszene in S\u00e3o Lu\u00eds do Maranh\u00e3o. Zwei Personen sitzend auf dem Boden an einem Geb\u00e4udeeingang.","og_url":"https:\/\/leonore-mau.de\/produkt\/straenszene-in-so-lus-do-maranho\/","og_site_name":"Leonore Mau","article_modified_time":"2022-09-13T21:11:28+00:00","og_image":[{"width":851,"height":1200,"url":"https:\/\/leonore-mau.de\/wp-content\/uploads\/2022\/07\/70666012.jpg","type":"image\/jpeg"}],"twitter_card":"summary_large_image","schema":{"@context":"https:\/\/schema.org","@graph":[{"@type":"WebPage","@id":"https:\/\/leonore-mau.de\/produkt\/straenszene-in-so-lus-do-maranho\/","url":"https:\/\/leonore-mau.de\/produkt\/straenszene-in-so-lus-do-maranho\/","name":"Stra\u00dfenszene in S\u00e3o Lu\u00eds do Maranh\u00e3o - Leonore Mau","isPartOf":{"@id":"https:\/\/leonore-mau.de\/#website"},"primaryImageOfPage":{"@id":"https:\/\/leonore-mau.de\/produkt\/straenszene-in-so-lus-do-maranho\/#primaryimage"},"image":{"@id":"https:\/\/leonore-mau.de\/produkt\/straenszene-in-so-lus-do-maranho\/#primaryimage"},"thumbnailUrl":"https:\/\/leonore-mau.de\/wp-content\/uploads\/2022\/07\/70666012.jpg","datePublished":"2022-07-11T13:16:43+00:00","dateModified":"2022-09-13T21:11:28+00:00","breadcrumb":{"@id":"https:\/\/leonore-mau.de\/produkt\/straenszene-in-so-lus-do-maranho\/#breadcrumb"},"inLanguage":"en-US","potentialAction":[{"@type":"ReadAction","target":["https:\/\/leonore-mau.de\/produkt\/straenszene-in-so-lus-do-maranho\/"]}]},{"@type":"ImageObject","inLanguage":"en-US","@id":"https:\/\/leonore-mau.de\/produkt\/straenszene-in-so-lus-do-maranho\/#primaryimage","url":"https:\/\/leonore-mau.de\/wp-content\/uploads\/2022\/07\/70666012.jpg","contentUrl":"https:\/\/leonore-mau.de\/wp-content\/uploads\/2022\/07\/70666012.jpg","width":851,"height":1200,"caption":"Stra\u00dfenszene in S\u00e3o Lu\u00eds do Maranh\u00e3o. Zwei Personen sitzend auf dem Boden an einem Geb\u00e4udeeingang. Aufnahmedatum: 1981 - 1982 Material\/Technik: Foto \/ Silbergelatine auf PE-Papier Bildformat (Foto): 12,8 x 17,8 cm Aufnahmeort: S\u00e3o Lu\u00eds do Maranh\u00e3o Inventar-Nr.: LM-504322"},{"@type":"BreadcrumbList","@id":"https:\/\/leonore-mau.de\/produkt\/straenszene-in-so-lus-do-maranho\/#breadcrumb","itemListElement":[{"@type":"ListItem","position":1,"name":"Startseite","item":"https:\/\/leonore-mau.de\/en\/"},{"@type":"ListItem","position":2,"name":"Shop","item":"https:\/\/leonore-mau.de\/en\/shop-2\/"},{"@type":"ListItem","position":3,"name":"Stra\u00dfenszene in S\u00e3o Lu\u00eds do Maranh\u00e3o"}]},{"@type":"WebSite","@id":"https:\/\/leonore-mau.de\/#website","url":"https:\/\/leonore-mau.de\/","name":"Leonore Mau","description":"Fotografin","potentialAction":[{"@type":"SearchAction","target":{"@type":"EntryPoint","urlTemplate":"https:\/\/leonore-mau.de\/?s={search_term_string}"},"query-input":{"@type":"PropertyValueSpecification","valueRequired":true,"valueName":"search_term_string"}}],"inLanguage":"en-US"}]}},"_links":{"self":[{"href":"https:\/\/leonore-mau.de\/en\/wp-json\/wp\/v2\/product\/1119","targetHints":{"allow":["GET"]}}],"collection":[{"href":"https:\/\/leonore-mau.de\/en\/wp-json\/wp\/v2\/product"}],"about":[{"href":"https:\/\/leonore-mau.de\/en\/wp-json\/wp\/v2\/types\/product"}],"wp:featuredmedia":[{"embeddable":true,"href":"https:\/\/leonore-mau.de\/en\/wp-json\/wp\/v2\/media\/566"}],"wp:attachment":[{"href":"https:\/\/leonore-mau.de\/en\/wp-json\/wp\/v2\/media?parent=1119"}],"wp:term":[{"taxonomy":"product_brand","embeddable":true,"href":"https:\/\/leonore-mau.de\/en\/wp-json\/wp\/v2\/product_brand?post=1119"},{"taxonomy":"product_cat","embeddable":true,"href":"https:\/\/leonore-mau.de\/en\/wp-json\/wp\/v2\/product_cat?post=1119"},{"taxonomy":"product_tag","embeddable":true,"href":"https:\/\/leonore-mau.de\/en\/wp-json\/wp\/v2\/product_tag?post=1119"}],"curies":[{"name":"wp","href":"https:\/\/api.w.org\/{rel}","templated":true}]}}