{"id":1121,"date":"2022-07-11T15:16:44","date_gmt":"2022-07-11T13:16:44","guid":{"rendered":"https:\/\/leonore-mau.de\/produkt\/priesterin-des-tempels-casa-das-minas\/"},"modified":"2022-09-13T23:11:29","modified_gmt":"2022-09-13T21:11:29","slug":"priesterin-des-tempels-casa-das-minas","status":"publish","type":"product","link":"https:\/\/leonore-mau.de\/en\/produkt\/priesterin-des-tempels-casa-das-minas\/","title":{"rendered":"Priesterin des Tempels &#8220;Casa das Minas&#8221;"},"content":{"rendered":"<p>Priesterin des Tempels &#8220;Casa das Minas&#8221; mit Poster von Papst Johannes Paul II. R\u00fcckseitenbeschriftung: &#8220;Deni Prata Jardim&#8221;<\/p>\n","protected":false},"excerpt":{"rendered":"<p>Priesterin des Tempels &#8220;Casa das Minas&#8221; mit Poster von Papst Johannes Paul II. R\u00fcckseitenbeschriftung: &#8220;Deni Prata Jardim&#8221;<\/p>\n","protected":false},"featured_media":568,"template":"","meta":[],"product_brand":[],"product_cat":[4441,17],"product_tag":[2717,2707,79,22,24,21,23,1117,82,83,84,547,173,174,175,2171,43,44,354,740,549,550,2708,2709,2710,2711,2712,2713,910,556,2714,2715,2716,70,71,2718,322,323,324,325,326,327,328,329,330,331,1155,1156,105,107,93,92,94,91,996,997,998,999,1000,1001,106,108,1176],"class_list":{"0":"post-1121","1":"product","2":"type-product","3":"status-publish","4":"has-post-thumbnail","6":"product_cat-brasilien","7":"product_cat-unkategorisiert","8":"product_tag-papst-johannes-paul-ii","9":"product_tag-18-05-1920-02-04-2005","10":"product_tag-1980er-jahre","11":"product_tag-20-jahrhundert-nach-chr","12":"product_tag-20-jh-n-chr","13":"product_tag-20-jahrhundert","14":"product_tag-20-jh","15":"product_tag-4-1_brasilien","16":"product_tag-80er","17":"product_tag-achtziger","18":"product_tag-ausland","19":"product_tag-bekleidung","20":"product_tag-brasil","21":"product_tag-brasilien","22":"product_tag-brasiliens","23":"product_tag-candomble","24":"product_tag-fotografin","25":"product_tag-fotografinnen","26":"product_tag-frau","27":"product_tag-frauen","28":"product_tag-gewand","29":"product_tag-gewaender","30":"product_tag-heiliger-vater","31":"product_tag-ioannes-paulus-pp-ii","32":"product_tag-johannes-paul-ii","33":"product_tag-karol-jozef-wojtyla","34":"product_tag-karol-wojtyla","35":"product_tag-kirchenoberhaupt","36":"product_tag-kleid","37":"product_tag-kleidung","38":"product_tag-papst","39":"product_tag-paepste","40":"product_tag-papstes","41":"product_tag-photographin","42":"product_tag-photographinnen","43":"product_tag-pontifex-maximus","44":"product_tag-portraitaufnahme","45":"product_tag-portraitfoto","46":"product_tag-portraitfotografie","47":"product_tag-portraitphoto","48":"product_tag-portraitphotographie","49":"product_tag-portraetaufnahme","50":"product_tag-portraetfoto","51":"product_tag-portraetfotografie","52":"product_tag-portraetphoto","53":"product_tag-portraetphotographie","54":"product_tag-priesterin","55":"product_tag-priesterinnen","56":"product_tag-s-w-fotografie","57":"product_tag-s-w-photographie","58":"product_tag-schwarzweissphotographie","59":"product_tag-schwarz-weiss-fotografie","60":"product_tag-schwarz-weiss-photographie","61":"product_tag-schwarzweissfotografie","62":"product_tag-stehen","63":"product_tag-stehend","64":"product_tag-stehende","65":"product_tag-stehenden","66":"product_tag-stehender","67":"product_tag-stehendes","68":"product_tag-sw-fotografie","69":"product_tag-sw-photographie","70":"product_tag-voodoo","72":"first","73":"instock","74":"shipping-taxable","75":"product-type-simple"},"yoast_head":"<!-- This site is optimized with the Yoast SEO plugin v27.3 - https:\/\/yoast.com\/product\/yoast-seo-wordpress\/ -->\n<title>Priesterin des Tempels &quot;Casa das Minas&quot; - Leonore Mau<\/title>\n<meta name=\"robots\" content=\"index, follow, max-snippet:-1, max-image-preview:large, max-video-preview:-1\" \/>\n<link rel=\"canonical\" href=\"https:\/\/leonore-mau.de\/produkt\/priesterin-des-tempels-casa-das-minas\/\" \/>\n<meta property=\"og:locale\" content=\"en_US\" \/>\n<meta property=\"og:type\" content=\"article\" \/>\n<meta property=\"og:title\" content=\"Priesterin des Tempels &quot;Casa das Minas&quot; - Leonore Mau\" \/>\n<meta property=\"og:description\" content=\"Priesterin des Tempels &#8220;Casa das Minas&#8221; mit Poster von Papst Johannes Paul II. R\u00fcckseitenbeschriftung: &#8220;Deni Prata Jardim&#8221;\" \/>\n<meta property=\"og:url\" content=\"https:\/\/leonore-mau.de\/produkt\/priesterin-des-tempels-casa-das-minas\/\" \/>\n<meta property=\"og:site_name\" content=\"Leonore Mau\" \/>\n<meta property=\"article:modified_time\" content=\"2022-09-13T21:11:29+00:00\" \/>\n<meta property=\"og:image\" content=\"https:\/\/leonore-mau.de\/wp-content\/uploads\/2022\/07\/70666049.jpg\" \/>\n\t<meta property=\"og:image:width\" content=\"937\" \/>\n\t<meta property=\"og:image:height\" content=\"1200\" \/>\n\t<meta property=\"og:image:type\" content=\"image\/jpeg\" \/>\n<meta name=\"twitter:card\" content=\"summary_large_image\" \/>\n<script type=\"application\/ld+json\" class=\"yoast-schema-graph\">{\"@context\":\"https:\\\/\\\/schema.org\",\"@graph\":[{\"@type\":\"WebPage\",\"@id\":\"https:\\\/\\\/leonore-mau.de\\\/produkt\\\/priesterin-des-tempels-casa-das-minas\\\/\",\"url\":\"https:\\\/\\\/leonore-mau.de\\\/produkt\\\/priesterin-des-tempels-casa-das-minas\\\/\",\"name\":\"Priesterin des Tempels \\\"Casa das Minas\\\" - Leonore Mau\",\"isPartOf\":{\"@id\":\"https:\\\/\\\/leonore-mau.de\\\/#website\"},\"primaryImageOfPage\":{\"@id\":\"https:\\\/\\\/leonore-mau.de\\\/produkt\\\/priesterin-des-tempels-casa-das-minas\\\/#primaryimage\"},\"image\":{\"@id\":\"https:\\\/\\\/leonore-mau.de\\\/produkt\\\/priesterin-des-tempels-casa-das-minas\\\/#primaryimage\"},\"thumbnailUrl\":\"https:\\\/\\\/leonore-mau.de\\\/wp-content\\\/uploads\\\/2022\\\/07\\\/70666049.jpg\",\"datePublished\":\"2022-07-11T13:16:44+00:00\",\"dateModified\":\"2022-09-13T21:11:29+00:00\",\"breadcrumb\":{\"@id\":\"https:\\\/\\\/leonore-mau.de\\\/produkt\\\/priesterin-des-tempels-casa-das-minas\\\/#breadcrumb\"},\"inLanguage\":\"en-US\",\"potentialAction\":[{\"@type\":\"ReadAction\",\"target\":[\"https:\\\/\\\/leonore-mau.de\\\/produkt\\\/priesterin-des-tempels-casa-das-minas\\\/\"]}]},{\"@type\":\"ImageObject\",\"inLanguage\":\"en-US\",\"@id\":\"https:\\\/\\\/leonore-mau.de\\\/produkt\\\/priesterin-des-tempels-casa-das-minas\\\/#primaryimage\",\"url\":\"https:\\\/\\\/leonore-mau.de\\\/wp-content\\\/uploads\\\/2022\\\/07\\\/70666049.jpg\",\"contentUrl\":\"https:\\\/\\\/leonore-mau.de\\\/wp-content\\\/uploads\\\/2022\\\/07\\\/70666049.jpg\",\"width\":937,\"height\":1200,\"caption\":\"Priesterin des Tempels \\\"Casa das Minas\\\" mit Poster von Papst Johannes Paul II. R\u00fcckseitenbeschriftung: \\\"Deni Prata Jardim\\\" Aufnahmedatum: 1981 - 1982 Material\\\/Technik: Foto \\\/ Silbergelatine auf PE-Papier Bildformat (Foto): 24,0 x 30,3 cm Aufnahmeort: S\u00e3o Lu\u00eds do Maranh\u00e3o Inventar-Nr.: LM-505844\"},{\"@type\":\"BreadcrumbList\",\"@id\":\"https:\\\/\\\/leonore-mau.de\\\/produkt\\\/priesterin-des-tempels-casa-das-minas\\\/#breadcrumb\",\"itemListElement\":[{\"@type\":\"ListItem\",\"position\":1,\"name\":\"Startseite\",\"item\":\"https:\\\/\\\/leonore-mau.de\\\/en\\\/\"},{\"@type\":\"ListItem\",\"position\":2,\"name\":\"Shop\",\"item\":\"https:\\\/\\\/leonore-mau.de\\\/en\\\/shop-2\\\/\"},{\"@type\":\"ListItem\",\"position\":3,\"name\":\"Priesterin des Tempels &#8222;Casa das Minas&#8220;\"}]},{\"@type\":\"WebSite\",\"@id\":\"https:\\\/\\\/leonore-mau.de\\\/#website\",\"url\":\"https:\\\/\\\/leonore-mau.de\\\/\",\"name\":\"Leonore Mau\",\"description\":\"Fotografin\",\"potentialAction\":[{\"@type\":\"SearchAction\",\"target\":{\"@type\":\"EntryPoint\",\"urlTemplate\":\"https:\\\/\\\/leonore-mau.de\\\/?s={search_term_string}\"},\"query-input\":{\"@type\":\"PropertyValueSpecification\",\"valueRequired\":true,\"valueName\":\"search_term_string\"}}],\"inLanguage\":\"en-US\"}]}<\/script>\n<!-- \/ Yoast SEO plugin. -->","yoast_head_json":{"title":"Priesterin des Tempels \"Casa das Minas\" - Leonore Mau","robots":{"index":"index","follow":"follow","max-snippet":"max-snippet:-1","max-image-preview":"max-image-preview:large","max-video-preview":"max-video-preview:-1"},"canonical":"https:\/\/leonore-mau.de\/produkt\/priesterin-des-tempels-casa-das-minas\/","og_locale":"en_US","og_type":"article","og_title":"Priesterin des Tempels \"Casa das Minas\" - Leonore Mau","og_description":"Priesterin des Tempels &#8220;Casa das Minas&#8221; mit Poster von Papst Johannes Paul II. R\u00fcckseitenbeschriftung: &#8220;Deni Prata Jardim&#8221;","og_url":"https:\/\/leonore-mau.de\/produkt\/priesterin-des-tempels-casa-das-minas\/","og_site_name":"Leonore Mau","article_modified_time":"2022-09-13T21:11:29+00:00","og_image":[{"width":937,"height":1200,"url":"https:\/\/leonore-mau.de\/wp-content\/uploads\/2022\/07\/70666049.jpg","type":"image\/jpeg"}],"twitter_card":"summary_large_image","schema":{"@context":"https:\/\/schema.org","@graph":[{"@type":"WebPage","@id":"https:\/\/leonore-mau.de\/produkt\/priesterin-des-tempels-casa-das-minas\/","url":"https:\/\/leonore-mau.de\/produkt\/priesterin-des-tempels-casa-das-minas\/","name":"Priesterin des Tempels \"Casa das Minas\" - Leonore Mau","isPartOf":{"@id":"https:\/\/leonore-mau.de\/#website"},"primaryImageOfPage":{"@id":"https:\/\/leonore-mau.de\/produkt\/priesterin-des-tempels-casa-das-minas\/#primaryimage"},"image":{"@id":"https:\/\/leonore-mau.de\/produkt\/priesterin-des-tempels-casa-das-minas\/#primaryimage"},"thumbnailUrl":"https:\/\/leonore-mau.de\/wp-content\/uploads\/2022\/07\/70666049.jpg","datePublished":"2022-07-11T13:16:44+00:00","dateModified":"2022-09-13T21:11:29+00:00","breadcrumb":{"@id":"https:\/\/leonore-mau.de\/produkt\/priesterin-des-tempels-casa-das-minas\/#breadcrumb"},"inLanguage":"en-US","potentialAction":[{"@type":"ReadAction","target":["https:\/\/leonore-mau.de\/produkt\/priesterin-des-tempels-casa-das-minas\/"]}]},{"@type":"ImageObject","inLanguage":"en-US","@id":"https:\/\/leonore-mau.de\/produkt\/priesterin-des-tempels-casa-das-minas\/#primaryimage","url":"https:\/\/leonore-mau.de\/wp-content\/uploads\/2022\/07\/70666049.jpg","contentUrl":"https:\/\/leonore-mau.de\/wp-content\/uploads\/2022\/07\/70666049.jpg","width":937,"height":1200,"caption":"Priesterin des Tempels \"Casa das Minas\" mit Poster von Papst Johannes Paul II. R\u00fcckseitenbeschriftung: \"Deni Prata Jardim\" Aufnahmedatum: 1981 - 1982 Material\/Technik: Foto \/ Silbergelatine auf PE-Papier Bildformat (Foto): 24,0 x 30,3 cm Aufnahmeort: S\u00e3o Lu\u00eds do Maranh\u00e3o Inventar-Nr.: LM-505844"},{"@type":"BreadcrumbList","@id":"https:\/\/leonore-mau.de\/produkt\/priesterin-des-tempels-casa-das-minas\/#breadcrumb","itemListElement":[{"@type":"ListItem","position":1,"name":"Startseite","item":"https:\/\/leonore-mau.de\/en\/"},{"@type":"ListItem","position":2,"name":"Shop","item":"https:\/\/leonore-mau.de\/en\/shop-2\/"},{"@type":"ListItem","position":3,"name":"Priesterin des Tempels &#8222;Casa das Minas&#8220;"}]},{"@type":"WebSite","@id":"https:\/\/leonore-mau.de\/#website","url":"https:\/\/leonore-mau.de\/","name":"Leonore Mau","description":"Fotografin","potentialAction":[{"@type":"SearchAction","target":{"@type":"EntryPoint","urlTemplate":"https:\/\/leonore-mau.de\/?s={search_term_string}"},"query-input":{"@type":"PropertyValueSpecification","valueRequired":true,"valueName":"search_term_string"}}],"inLanguage":"en-US"}]}},"_links":{"self":[{"href":"https:\/\/leonore-mau.de\/en\/wp-json\/wp\/v2\/product\/1121","targetHints":{"allow":["GET"]}}],"collection":[{"href":"https:\/\/leonore-mau.de\/en\/wp-json\/wp\/v2\/product"}],"about":[{"href":"https:\/\/leonore-mau.de\/en\/wp-json\/wp\/v2\/types\/product"}],"wp:featuredmedia":[{"embeddable":true,"href":"https:\/\/leonore-mau.de\/en\/wp-json\/wp\/v2\/media\/568"}],"wp:attachment":[{"href":"https:\/\/leonore-mau.de\/en\/wp-json\/wp\/v2\/media?parent=1121"}],"wp:term":[{"taxonomy":"product_brand","embeddable":true,"href":"https:\/\/leonore-mau.de\/en\/wp-json\/wp\/v2\/product_brand?post=1121"},{"taxonomy":"product_cat","embeddable":true,"href":"https:\/\/leonore-mau.de\/en\/wp-json\/wp\/v2\/product_cat?post=1121"},{"taxonomy":"product_tag","embeddable":true,"href":"https:\/\/leonore-mau.de\/en\/wp-json\/wp\/v2\/product_tag?post=1121"}],"curies":[{"name":"wp","href":"https:\/\/api.w.org\/{rel}","templated":true}]}}