{"id":1123,"date":"2022-07-11T15:16:44","date_gmt":"2022-07-11T13:16:44","guid":{"rendered":"https:\/\/leonore-mau.de\/produkt\/ohne-titel-lesender-mann-im-park\/"},"modified":"2022-09-13T23:11:30","modified_gmt":"2022-09-13T21:11:30","slug":"ohne-titel-lesender-mann-im-park","status":"publish","type":"product","link":"https:\/\/leonore-mau.de\/en\/produkt\/ohne-titel-lesender-mann-im-park\/","title":{"rendered":"Ohne Titel (Lesender Mann im Park)"},"content":{"rendered":"<p>Lesender Mann im Park in South Beach (Miami Beach). Er tr\u00e4gt eine Kippa, eine gebr\u00e4uchliche Kopfbedeckung m\u00e4nnlicher Juden. Im Hintergrund sitzen weitere Menschen auf Klappst\u00fchlen. R\u00fcckseitenbeschriftung: &#8220;South Miami beach Juden&#8221;<\/p>\n","protected":false},"excerpt":{"rendered":"<p>Lesender Mann im Park in South Beach (Miami Beach). Er tr\u00e4gt eine Kippa, eine gebr\u00e4uchliche Kopfbedeckung m\u00e4nnlicher Juden. Im Hintergrund sitzen weitere Menschen auf Klappst\u00fchlen. R\u00fcckseitenbeschriftung: &#8220;South Miami beach Juden&#8221;<\/p>\n","protected":false},"featured_media":570,"template":"","meta":[],"product_brand":[],"product_cat":[4434,17],"product_tag":[78,2372,22,24,21,23,80,643,644,84,171,172,1297,1298,691,692,695,698,700,2719,43,44,2720,2721,2722,2723,2724,2725,2726,2727,188,189,2728,2729,2730,2731,2732,2733,2734,1584,1585,2735,486,932,933,934,935,70,71,105,107,93,92,94,91,95,536,537,538,539,540,541,542,106,108,417,2297],"class_list":{"0":"post-1123","1":"product","2":"type-product","3":"status-publish","4":"has-post-thumbnail","6":"product_cat-juedisches-viertel-miami","7":"product_cat-unkategorisiert","8":"product_tag-1970er-jahre","9":"product_tag-2-3-2_juedisches-viertel-miami","10":"product_tag-20-jahrhundert-nach-chr","11":"product_tag-20-jh-n-chr","12":"product_tag-20-jahrhundert","13":"product_tag-20-jh","14":"product_tag-70er","15":"product_tag-amerika","16":"product_tag-amerikas","17":"product_tag-ausland","18":"product_tag-aussenaufnahme","19":"product_tag-aussenaufnahmen","20":"product_tag-brille","21":"product_tag-brillen","22":"product_tag-buch","23":"product_tag-buecher","24":"product_tag-buechern","25":"product_tag-buches","26":"product_tag-buchs","27":"product_tag-campingstuhl","28":"product_tag-fotografin","29":"product_tag-fotografinnen","30":"product_tag-jude","31":"product_tag-juden","32":"product_tag-judentum","33":"product_tag-kippa","34":"product_tag-kippah","35":"product_tag-kippot","36":"product_tag-klappstuhl","37":"product_tag-klappstuehle","38":"product_tag-kopfbedeckung","39":"product_tag-kopfbedeckungen","40":"product_tag-lektuere","41":"product_tag-lesen","42":"product_tag-lesend","43":"product_tag-lesende","44":"product_tag-lesenden","45":"product_tag-lesender","46":"product_tag-lesendes","47":"product_tag-liegestuhl","48":"product_tag-liegestuehle","49":"product_tag-liest","50":"product_tag-mann","51":"product_tag-park","52":"product_tag-parkanlage","53":"product_tag-parkanlagen","54":"product_tag-parks","55":"product_tag-photographin","56":"product_tag-photographinnen","57":"product_tag-s-w-fotografie","58":"product_tag-s-w-photographie","59":"product_tag-schwarzweissphotographie","60":"product_tag-schwarz-weiss-fotografie","61":"product_tag-schwarz-weiss-photographie","62":"product_tag-schwarzweissfotografie","63":"product_tag-siebziger","64":"product_tag-sitzen","65":"product_tag-sitzend","66":"product_tag-sitzende","67":"product_tag-sitzenden","68":"product_tag-sitzender","69":"product_tag-sitzendes","70":"product_tag-sitzt","71":"product_tag-sw-fotografie","72":"product_tag-sw-photographie","73":"product_tag-usa","74":"product_tag-vollbart","76":"first","77":"instock","78":"shipping-taxable","79":"product-type-simple"},"yoast_head":"<!-- This site is optimized with the Yoast SEO plugin v27.4 - https:\/\/yoast.com\/product\/yoast-seo-wordpress\/ -->\n<title>Ohne Titel (Lesender Mann im Park) - Leonore Mau<\/title>\n<meta name=\"robots\" content=\"index, follow, max-snippet:-1, max-image-preview:large, max-video-preview:-1\" \/>\n<link rel=\"canonical\" href=\"https:\/\/leonore-mau.de\/produkt\/ohne-titel-lesender-mann-im-park\/\" \/>\n<meta property=\"og:locale\" content=\"en_US\" \/>\n<meta property=\"og:type\" content=\"article\" \/>\n<meta property=\"og:title\" content=\"Ohne Titel (Lesender Mann im Park) - Leonore Mau\" \/>\n<meta property=\"og:description\" content=\"Lesender Mann im Park in South Beach (Miami Beach). Er tr\u00e4gt eine Kippa, eine gebr\u00e4uchliche Kopfbedeckung m\u00e4nnlicher Juden. Im Hintergrund sitzen weitere Menschen auf Klappst\u00fchlen. R\u00fcckseitenbeschriftung: &#8220;South Miami beach Juden&#8221;\" \/>\n<meta property=\"og:url\" content=\"https:\/\/leonore-mau.de\/produkt\/ohne-titel-lesender-mann-im-park\/\" \/>\n<meta property=\"og:site_name\" content=\"Leonore Mau\" \/>\n<meta property=\"article:modified_time\" content=\"2022-09-13T21:11:30+00:00\" \/>\n<meta property=\"og:image\" content=\"https:\/\/leonore-mau.de\/wp-content\/uploads\/2022\/07\/70666113.jpg\" \/>\n\t<meta property=\"og:image:width\" content=\"891\" \/>\n\t<meta property=\"og:image:height\" content=\"1200\" \/>\n\t<meta property=\"og:image:type\" content=\"image\/jpeg\" \/>\n<meta name=\"twitter:card\" content=\"summary_large_image\" \/>\n<script type=\"application\/ld+json\" class=\"yoast-schema-graph\">{\"@context\":\"https:\\\/\\\/schema.org\",\"@graph\":[{\"@type\":\"WebPage\",\"@id\":\"https:\\\/\\\/leonore-mau.de\\\/produkt\\\/ohne-titel-lesender-mann-im-park\\\/\",\"url\":\"https:\\\/\\\/leonore-mau.de\\\/produkt\\\/ohne-titel-lesender-mann-im-park\\\/\",\"name\":\"Ohne Titel (Lesender Mann im Park) - Leonore Mau\",\"isPartOf\":{\"@id\":\"https:\\\/\\\/leonore-mau.de\\\/#website\"},\"primaryImageOfPage\":{\"@id\":\"https:\\\/\\\/leonore-mau.de\\\/produkt\\\/ohne-titel-lesender-mann-im-park\\\/#primaryimage\"},\"image\":{\"@id\":\"https:\\\/\\\/leonore-mau.de\\\/produkt\\\/ohne-titel-lesender-mann-im-park\\\/#primaryimage\"},\"thumbnailUrl\":\"https:\\\/\\\/leonore-mau.de\\\/wp-content\\\/uploads\\\/2022\\\/07\\\/70666113.jpg\",\"datePublished\":\"2022-07-11T13:16:44+00:00\",\"dateModified\":\"2022-09-13T21:11:30+00:00\",\"breadcrumb\":{\"@id\":\"https:\\\/\\\/leonore-mau.de\\\/produkt\\\/ohne-titel-lesender-mann-im-park\\\/#breadcrumb\"},\"inLanguage\":\"en-US\",\"potentialAction\":[{\"@type\":\"ReadAction\",\"target\":[\"https:\\\/\\\/leonore-mau.de\\\/produkt\\\/ohne-titel-lesender-mann-im-park\\\/\"]}]},{\"@type\":\"ImageObject\",\"inLanguage\":\"en-US\",\"@id\":\"https:\\\/\\\/leonore-mau.de\\\/produkt\\\/ohne-titel-lesender-mann-im-park\\\/#primaryimage\",\"url\":\"https:\\\/\\\/leonore-mau.de\\\/wp-content\\\/uploads\\\/2022\\\/07\\\/70666113.jpg\",\"contentUrl\":\"https:\\\/\\\/leonore-mau.de\\\/wp-content\\\/uploads\\\/2022\\\/07\\\/70666113.jpg\",\"width\":891,\"height\":1200,\"caption\":\"Lesender Mann im Park in South Beach (Miami Beach). Er tr\u00e4gt eine Kippa, eine gebr\u00e4uchliche Kopfbedeckung m\u00e4nnlicher Juden. Im Hintergrund sitzen weitere Menschen auf Klappst\u00fchlen. R\u00fcckseitenbeschriftung: \\\"South Miami beach Juden\\\" Aufnahmedatum: 1977 - 1978 Material\\\/Technik: Foto \\\/ Silbergelatine auf PE-Papier Bildformat (Foto): 22,8 x 30,3 cm Aufnahmeort: Miami Inventar-Nr.: LM-501333\"},{\"@type\":\"BreadcrumbList\",\"@id\":\"https:\\\/\\\/leonore-mau.de\\\/produkt\\\/ohne-titel-lesender-mann-im-park\\\/#breadcrumb\",\"itemListElement\":[{\"@type\":\"ListItem\",\"position\":1,\"name\":\"Startseite\",\"item\":\"https:\\\/\\\/leonore-mau.de\\\/en\\\/\"},{\"@type\":\"ListItem\",\"position\":2,\"name\":\"Shop\",\"item\":\"https:\\\/\\\/leonore-mau.de\\\/en\\\/shop-2\\\/\"},{\"@type\":\"ListItem\",\"position\":3,\"name\":\"Ohne Titel (Lesender Mann im Park)\"}]},{\"@type\":\"WebSite\",\"@id\":\"https:\\\/\\\/leonore-mau.de\\\/#website\",\"url\":\"https:\\\/\\\/leonore-mau.de\\\/\",\"name\":\"Leonore Mau\",\"description\":\"Fotografin\",\"potentialAction\":[{\"@type\":\"SearchAction\",\"target\":{\"@type\":\"EntryPoint\",\"urlTemplate\":\"https:\\\/\\\/leonore-mau.de\\\/?s={search_term_string}\"},\"query-input\":{\"@type\":\"PropertyValueSpecification\",\"valueRequired\":true,\"valueName\":\"search_term_string\"}}],\"inLanguage\":\"en-US\"}]}<\/script>\n<!-- \/ Yoast SEO plugin. -->","yoast_head_json":{"title":"Ohne Titel (Lesender Mann im Park) - Leonore Mau","robots":{"index":"index","follow":"follow","max-snippet":"max-snippet:-1","max-image-preview":"max-image-preview:large","max-video-preview":"max-video-preview:-1"},"canonical":"https:\/\/leonore-mau.de\/produkt\/ohne-titel-lesender-mann-im-park\/","og_locale":"en_US","og_type":"article","og_title":"Ohne Titel (Lesender Mann im Park) - Leonore Mau","og_description":"Lesender Mann im Park in South Beach (Miami Beach). Er tr\u00e4gt eine Kippa, eine gebr\u00e4uchliche Kopfbedeckung m\u00e4nnlicher Juden. Im Hintergrund sitzen weitere Menschen auf Klappst\u00fchlen. R\u00fcckseitenbeschriftung: &#8220;South Miami beach Juden&#8221;","og_url":"https:\/\/leonore-mau.de\/produkt\/ohne-titel-lesender-mann-im-park\/","og_site_name":"Leonore Mau","article_modified_time":"2022-09-13T21:11:30+00:00","og_image":[{"width":891,"height":1200,"url":"https:\/\/leonore-mau.de\/wp-content\/uploads\/2022\/07\/70666113.jpg","type":"image\/jpeg"}],"twitter_card":"summary_large_image","schema":{"@context":"https:\/\/schema.org","@graph":[{"@type":"WebPage","@id":"https:\/\/leonore-mau.de\/produkt\/ohne-titel-lesender-mann-im-park\/","url":"https:\/\/leonore-mau.de\/produkt\/ohne-titel-lesender-mann-im-park\/","name":"Ohne Titel (Lesender Mann im Park) - Leonore Mau","isPartOf":{"@id":"https:\/\/leonore-mau.de\/#website"},"primaryImageOfPage":{"@id":"https:\/\/leonore-mau.de\/produkt\/ohne-titel-lesender-mann-im-park\/#primaryimage"},"image":{"@id":"https:\/\/leonore-mau.de\/produkt\/ohne-titel-lesender-mann-im-park\/#primaryimage"},"thumbnailUrl":"https:\/\/leonore-mau.de\/wp-content\/uploads\/2022\/07\/70666113.jpg","datePublished":"2022-07-11T13:16:44+00:00","dateModified":"2022-09-13T21:11:30+00:00","breadcrumb":{"@id":"https:\/\/leonore-mau.de\/produkt\/ohne-titel-lesender-mann-im-park\/#breadcrumb"},"inLanguage":"en-US","potentialAction":[{"@type":"ReadAction","target":["https:\/\/leonore-mau.de\/produkt\/ohne-titel-lesender-mann-im-park\/"]}]},{"@type":"ImageObject","inLanguage":"en-US","@id":"https:\/\/leonore-mau.de\/produkt\/ohne-titel-lesender-mann-im-park\/#primaryimage","url":"https:\/\/leonore-mau.de\/wp-content\/uploads\/2022\/07\/70666113.jpg","contentUrl":"https:\/\/leonore-mau.de\/wp-content\/uploads\/2022\/07\/70666113.jpg","width":891,"height":1200,"caption":"Lesender Mann im Park in South Beach (Miami Beach). Er tr\u00e4gt eine Kippa, eine gebr\u00e4uchliche Kopfbedeckung m\u00e4nnlicher Juden. Im Hintergrund sitzen weitere Menschen auf Klappst\u00fchlen. R\u00fcckseitenbeschriftung: \"South Miami beach Juden\" Aufnahmedatum: 1977 - 1978 Material\/Technik: Foto \/ Silbergelatine auf PE-Papier Bildformat (Foto): 22,8 x 30,3 cm Aufnahmeort: Miami Inventar-Nr.: LM-501333"},{"@type":"BreadcrumbList","@id":"https:\/\/leonore-mau.de\/produkt\/ohne-titel-lesender-mann-im-park\/#breadcrumb","itemListElement":[{"@type":"ListItem","position":1,"name":"Startseite","item":"https:\/\/leonore-mau.de\/en\/"},{"@type":"ListItem","position":2,"name":"Shop","item":"https:\/\/leonore-mau.de\/en\/shop-2\/"},{"@type":"ListItem","position":3,"name":"Ohne Titel (Lesender Mann im Park)"}]},{"@type":"WebSite","@id":"https:\/\/leonore-mau.de\/#website","url":"https:\/\/leonore-mau.de\/","name":"Leonore Mau","description":"Fotografin","potentialAction":[{"@type":"SearchAction","target":{"@type":"EntryPoint","urlTemplate":"https:\/\/leonore-mau.de\/?s={search_term_string}"},"query-input":{"@type":"PropertyValueSpecification","valueRequired":true,"valueName":"search_term_string"}}],"inLanguage":"en-US"}]}},"_links":{"self":[{"href":"https:\/\/leonore-mau.de\/en\/wp-json\/wp\/v2\/product\/1123","targetHints":{"allow":["GET"]}}],"collection":[{"href":"https:\/\/leonore-mau.de\/en\/wp-json\/wp\/v2\/product"}],"about":[{"href":"https:\/\/leonore-mau.de\/en\/wp-json\/wp\/v2\/types\/product"}],"wp:featuredmedia":[{"embeddable":true,"href":"https:\/\/leonore-mau.de\/en\/wp-json\/wp\/v2\/media\/570"}],"wp:attachment":[{"href":"https:\/\/leonore-mau.de\/en\/wp-json\/wp\/v2\/media?parent=1123"}],"wp:term":[{"taxonomy":"product_brand","embeddable":true,"href":"https:\/\/leonore-mau.de\/en\/wp-json\/wp\/v2\/product_brand?post=1123"},{"taxonomy":"product_cat","embeddable":true,"href":"https:\/\/leonore-mau.de\/en\/wp-json\/wp\/v2\/product_cat?post=1123"},{"taxonomy":"product_tag","embeddable":true,"href":"https:\/\/leonore-mau.de\/en\/wp-json\/wp\/v2\/product_tag?post=1123"}],"curies":[{"name":"wp","href":"https:\/\/api.w.org\/{rel}","templated":true}]}}