{"id":1124,"date":"2022-07-11T15:16:44","date_gmt":"2022-07-11T13:16:44","guid":{"rendered":"https:\/\/leonore-mau.de\/produkt\/fest-der-meeresgttin-yemay\/"},"modified":"2022-09-13T23:11:31","modified_gmt":"2022-09-13T21:11:31","slug":"fest-der-meeresgttin-yemay","status":"publish","type":"product","link":"https:\/\/leonore-mau.de\/en\/produkt\/fest-der-meeresgttin-yemay\/","title":{"rendered":"Fest der Meeresg\u00f6ttin Yemay\u00e1"},"content":{"rendered":"<p>Fest der Meeresg\u00f6ttin Yemay\u00e1. Im brasilianischen Candombl\u00e9 genannt als Orisha \/ Orix\u00e1. Am Strand eine Ansammlung an Menschen. Auf dem Wasser ein Boot mit Menschen, umgeben von weiteren Menschen im Wasser. R\u00fcckseitenbeschriftung: &#8220;Fest der Meeresg\u00f6ttin, Yemanha [Yemay\u00e1] Fest (Februar)&#8221;<\/p>\n","protected":false},"excerpt":{"rendered":"<p>Fest der Meeresg\u00f6ttin Yemay\u00e1. Im brasilianischen Candombl\u00e9 genannt als Orisha \/ Orix\u00e1. Am Strand eine Ansammlung an Menschen. Auf dem Wasser ein Boot mit Menschen, umgeben von weiteren Menschen im Wasser. R\u00fcckseitenbeschriftung: &#8220;Fest der Meeresg\u00f6ttin, Yemanha [Yemay\u00e1] Fest (Februar)&#8221;<\/p>\n","protected":false},"featured_media":571,"template":"","meta":[],"product_brand":[],"product_cat":[4441,17],"product_tag":[78,22,24,21,23,1117,80,84,200,201,202,203,173,174,175,2171,2439,2736,43,44,2737,2738,190,191,192,193,194,195,196,70,71,1013,1014,1015,1016,1017,1018,1019,105,107,93,92,94,91,95,1021,1022,1023,1024,1025,1026,163,164,106,108,527,528,529,530,531,532,533,749],"class_list":{"0":"post-1124","1":"product","2":"type-product","3":"status-publish","4":"has-post-thumbnail","6":"product_cat-brasilien","7":"product_cat-unkategorisiert","8":"product_tag-1970er-jahre","9":"product_tag-20-jahrhundert-nach-chr","10":"product_tag-20-jh-n-chr","11":"product_tag-20-jahrhundert","12":"product_tag-20-jh","13":"product_tag-4-1_brasilien","14":"product_tag-70er","15":"product_tag-ausland","16":"product_tag-boot","17":"product_tag-boote","18":"product_tag-booten","19":"product_tag-bootes","20":"product_tag-brasil","21":"product_tag-brasilien","22":"product_tag-brasiliens","23":"product_tag-candomble","24":"product_tag-fest","25":"product_tag-feste","26":"product_tag-fotografin","27":"product_tag-fotografinnen","28":"product_tag-goettin","29":"product_tag-goettinnen","30":"product_tag-meer","31":"product_tag-meeres","32":"product_tag-menschenansammlung","33":"product_tag-menschenauflauf","34":"product_tag-menschenmassen","35":"product_tag-menschenmenge","36":"product_tag-menschenschar","37":"product_tag-photographin","38":"product_tag-photographinnen","39":"product_tag-ritual","40":"product_tag-rituale","41":"product_tag-rituell","42":"product_tag-rituelle","43":"product_tag-rituellen","44":"product_tag-ritueller","45":"product_tag-rituelles","46":"product_tag-s-w-fotografie","47":"product_tag-s-w-photographie","48":"product_tag-schwarzweissphotographie","49":"product_tag-schwarz-weiss-fotografie","50":"product_tag-schwarz-weiss-photographie","51":"product_tag-schwarzweissfotografie","52":"product_tag-siebziger","53":"product_tag-spiritualitaet","54":"product_tag-spirituell","55":"product_tag-spirituelle","56":"product_tag-spirituellen","57":"product_tag-spiritueller","58":"product_tag-spirituelles","59":"product_tag-suedamerika","60":"product_tag-suedamerikas","61":"product_tag-sw-fotografie","62":"product_tag-sw-photographie","63":"product_tag-tradition","64":"product_tag-traditionell","65":"product_tag-traditionelle","66":"product_tag-traditionellem","67":"product_tag-traditionellen","68":"product_tag-traditioneller","69":"product_tag-traditionelles","70":"product_tag-traditionspflege","72":"first","73":"instock","74":"shipping-taxable","75":"product-type-simple"},"yoast_head":"<!-- This site is optimized with the Yoast SEO plugin v27.3 - https:\/\/yoast.com\/product\/yoast-seo-wordpress\/ -->\n<title>Fest der Meeresg\u00f6ttin Yemay\u00e1 - Leonore Mau<\/title>\n<meta name=\"robots\" content=\"index, follow, max-snippet:-1, max-image-preview:large, max-video-preview:-1\" \/>\n<link rel=\"canonical\" href=\"https:\/\/leonore-mau.de\/produkt\/fest-der-meeresgttin-yemay\/\" \/>\n<meta property=\"og:locale\" content=\"en_US\" \/>\n<meta property=\"og:type\" content=\"article\" \/>\n<meta property=\"og:title\" content=\"Fest der Meeresg\u00f6ttin Yemay\u00e1 - Leonore Mau\" \/>\n<meta property=\"og:description\" content=\"Fest der Meeresg\u00f6ttin Yemay\u00e1. Im brasilianischen Candombl\u00e9 genannt als Orisha \/ Orix\u00e1. Am Strand eine Ansammlung an Menschen. Auf dem Wasser ein Boot mit Menschen, umgeben von weiteren Menschen im Wasser. R\u00fcckseitenbeschriftung: &#8220;Fest der Meeresg\u00f6ttin, Yemanha [Yemay\u00e1] Fest (Februar)&#8221;\" \/>\n<meta property=\"og:url\" content=\"https:\/\/leonore-mau.de\/produkt\/fest-der-meeresgttin-yemay\/\" \/>\n<meta property=\"og:site_name\" content=\"Leonore Mau\" \/>\n<meta property=\"article:modified_time\" content=\"2022-09-13T21:11:31+00:00\" \/>\n<meta property=\"og:image\" content=\"https:\/\/leonore-mau.de\/wp-content\/uploads\/2022\/07\/70666700.jpg\" \/>\n\t<meta property=\"og:image:width\" content=\"1200\" \/>\n\t<meta property=\"og:image:height\" content=\"812\" \/>\n\t<meta property=\"og:image:type\" content=\"image\/jpeg\" \/>\n<meta name=\"twitter:card\" content=\"summary_large_image\" \/>\n<script type=\"application\/ld+json\" class=\"yoast-schema-graph\">{\"@context\":\"https:\\\/\\\/schema.org\",\"@graph\":[{\"@type\":\"WebPage\",\"@id\":\"https:\\\/\\\/leonore-mau.de\\\/produkt\\\/fest-der-meeresgttin-yemay\\\/\",\"url\":\"https:\\\/\\\/leonore-mau.de\\\/produkt\\\/fest-der-meeresgttin-yemay\\\/\",\"name\":\"Fest der Meeresg\u00f6ttin Yemay\u00e1 - Leonore Mau\",\"isPartOf\":{\"@id\":\"https:\\\/\\\/leonore-mau.de\\\/#website\"},\"primaryImageOfPage\":{\"@id\":\"https:\\\/\\\/leonore-mau.de\\\/produkt\\\/fest-der-meeresgttin-yemay\\\/#primaryimage\"},\"image\":{\"@id\":\"https:\\\/\\\/leonore-mau.de\\\/produkt\\\/fest-der-meeresgttin-yemay\\\/#primaryimage\"},\"thumbnailUrl\":\"https:\\\/\\\/leonore-mau.de\\\/wp-content\\\/uploads\\\/2022\\\/07\\\/70666700.jpg\",\"datePublished\":\"2022-07-11T13:16:44+00:00\",\"dateModified\":\"2022-09-13T21:11:31+00:00\",\"breadcrumb\":{\"@id\":\"https:\\\/\\\/leonore-mau.de\\\/produkt\\\/fest-der-meeresgttin-yemay\\\/#breadcrumb\"},\"inLanguage\":\"en-US\",\"potentialAction\":[{\"@type\":\"ReadAction\",\"target\":[\"https:\\\/\\\/leonore-mau.de\\\/produkt\\\/fest-der-meeresgttin-yemay\\\/\"]}]},{\"@type\":\"ImageObject\",\"inLanguage\":\"en-US\",\"@id\":\"https:\\\/\\\/leonore-mau.de\\\/produkt\\\/fest-der-meeresgttin-yemay\\\/#primaryimage\",\"url\":\"https:\\\/\\\/leonore-mau.de\\\/wp-content\\\/uploads\\\/2022\\\/07\\\/70666700.jpg\",\"contentUrl\":\"https:\\\/\\\/leonore-mau.de\\\/wp-content\\\/uploads\\\/2022\\\/07\\\/70666700.jpg\",\"width\":1200,\"height\":812,\"caption\":\"Fest der Meeresg\u00f6ttin Yemay\u00e1. Im brasilianischen Candombl\u00e9 genannt als Orisha \\\/ Orix\u00e1. Am Strand eine Ansammlung an Menschen. Auf dem Wasser ein Boot mit Menschen, umgeben von weiteren Menschen im Wasser. R\u00fcckseitenbeschriftung: \\\"Fest der Meeresg\u00f6ttin, Yemanha [Yemay\u00e1] Fest (Februar)\\\" Aufnahmedatum: 1971 Material\\\/Technik: Foto \\\/ Silbergelatine auf Barytpapier Bildformat (Foto): 20,5 x 30,2 cm Aufnahmeort: Bahia Inventar-Nr.: LM-504421\"},{\"@type\":\"BreadcrumbList\",\"@id\":\"https:\\\/\\\/leonore-mau.de\\\/produkt\\\/fest-der-meeresgttin-yemay\\\/#breadcrumb\",\"itemListElement\":[{\"@type\":\"ListItem\",\"position\":1,\"name\":\"Startseite\",\"item\":\"https:\\\/\\\/leonore-mau.de\\\/en\\\/\"},{\"@type\":\"ListItem\",\"position\":2,\"name\":\"Shop\",\"item\":\"https:\\\/\\\/leonore-mau.de\\\/en\\\/shop-2\\\/\"},{\"@type\":\"ListItem\",\"position\":3,\"name\":\"Fest der Meeresg\u00f6ttin Yemay\u00e1\"}]},{\"@type\":\"WebSite\",\"@id\":\"https:\\\/\\\/leonore-mau.de\\\/#website\",\"url\":\"https:\\\/\\\/leonore-mau.de\\\/\",\"name\":\"Leonore Mau\",\"description\":\"Fotografin\",\"potentialAction\":[{\"@type\":\"SearchAction\",\"target\":{\"@type\":\"EntryPoint\",\"urlTemplate\":\"https:\\\/\\\/leonore-mau.de\\\/?s={search_term_string}\"},\"query-input\":{\"@type\":\"PropertyValueSpecification\",\"valueRequired\":true,\"valueName\":\"search_term_string\"}}],\"inLanguage\":\"en-US\"}]}<\/script>\n<!-- \/ Yoast SEO plugin. -->","yoast_head_json":{"title":"Fest der Meeresg\u00f6ttin Yemay\u00e1 - Leonore Mau","robots":{"index":"index","follow":"follow","max-snippet":"max-snippet:-1","max-image-preview":"max-image-preview:large","max-video-preview":"max-video-preview:-1"},"canonical":"https:\/\/leonore-mau.de\/produkt\/fest-der-meeresgttin-yemay\/","og_locale":"en_US","og_type":"article","og_title":"Fest der Meeresg\u00f6ttin Yemay\u00e1 - Leonore Mau","og_description":"Fest der Meeresg\u00f6ttin Yemay\u00e1. Im brasilianischen Candombl\u00e9 genannt als Orisha \/ Orix\u00e1. Am Strand eine Ansammlung an Menschen. Auf dem Wasser ein Boot mit Menschen, umgeben von weiteren Menschen im Wasser. R\u00fcckseitenbeschriftung: &#8220;Fest der Meeresg\u00f6ttin, Yemanha [Yemay\u00e1] Fest (Februar)&#8221;","og_url":"https:\/\/leonore-mau.de\/produkt\/fest-der-meeresgttin-yemay\/","og_site_name":"Leonore Mau","article_modified_time":"2022-09-13T21:11:31+00:00","og_image":[{"width":1200,"height":812,"url":"https:\/\/leonore-mau.de\/wp-content\/uploads\/2022\/07\/70666700.jpg","type":"image\/jpeg"}],"twitter_card":"summary_large_image","schema":{"@context":"https:\/\/schema.org","@graph":[{"@type":"WebPage","@id":"https:\/\/leonore-mau.de\/produkt\/fest-der-meeresgttin-yemay\/","url":"https:\/\/leonore-mau.de\/produkt\/fest-der-meeresgttin-yemay\/","name":"Fest der Meeresg\u00f6ttin Yemay\u00e1 - Leonore Mau","isPartOf":{"@id":"https:\/\/leonore-mau.de\/#website"},"primaryImageOfPage":{"@id":"https:\/\/leonore-mau.de\/produkt\/fest-der-meeresgttin-yemay\/#primaryimage"},"image":{"@id":"https:\/\/leonore-mau.de\/produkt\/fest-der-meeresgttin-yemay\/#primaryimage"},"thumbnailUrl":"https:\/\/leonore-mau.de\/wp-content\/uploads\/2022\/07\/70666700.jpg","datePublished":"2022-07-11T13:16:44+00:00","dateModified":"2022-09-13T21:11:31+00:00","breadcrumb":{"@id":"https:\/\/leonore-mau.de\/produkt\/fest-der-meeresgttin-yemay\/#breadcrumb"},"inLanguage":"en-US","potentialAction":[{"@type":"ReadAction","target":["https:\/\/leonore-mau.de\/produkt\/fest-der-meeresgttin-yemay\/"]}]},{"@type":"ImageObject","inLanguage":"en-US","@id":"https:\/\/leonore-mau.de\/produkt\/fest-der-meeresgttin-yemay\/#primaryimage","url":"https:\/\/leonore-mau.de\/wp-content\/uploads\/2022\/07\/70666700.jpg","contentUrl":"https:\/\/leonore-mau.de\/wp-content\/uploads\/2022\/07\/70666700.jpg","width":1200,"height":812,"caption":"Fest der Meeresg\u00f6ttin Yemay\u00e1. Im brasilianischen Candombl\u00e9 genannt als Orisha \/ Orix\u00e1. Am Strand eine Ansammlung an Menschen. Auf dem Wasser ein Boot mit Menschen, umgeben von weiteren Menschen im Wasser. R\u00fcckseitenbeschriftung: \"Fest der Meeresg\u00f6ttin, Yemanha [Yemay\u00e1] Fest (Februar)\" Aufnahmedatum: 1971 Material\/Technik: Foto \/ Silbergelatine auf Barytpapier Bildformat (Foto): 20,5 x 30,2 cm Aufnahmeort: Bahia Inventar-Nr.: LM-504421"},{"@type":"BreadcrumbList","@id":"https:\/\/leonore-mau.de\/produkt\/fest-der-meeresgttin-yemay\/#breadcrumb","itemListElement":[{"@type":"ListItem","position":1,"name":"Startseite","item":"https:\/\/leonore-mau.de\/en\/"},{"@type":"ListItem","position":2,"name":"Shop","item":"https:\/\/leonore-mau.de\/en\/shop-2\/"},{"@type":"ListItem","position":3,"name":"Fest der Meeresg\u00f6ttin Yemay\u00e1"}]},{"@type":"WebSite","@id":"https:\/\/leonore-mau.de\/#website","url":"https:\/\/leonore-mau.de\/","name":"Leonore Mau","description":"Fotografin","potentialAction":[{"@type":"SearchAction","target":{"@type":"EntryPoint","urlTemplate":"https:\/\/leonore-mau.de\/?s={search_term_string}"},"query-input":{"@type":"PropertyValueSpecification","valueRequired":true,"valueName":"search_term_string"}}],"inLanguage":"en-US"}]}},"_links":{"self":[{"href":"https:\/\/leonore-mau.de\/en\/wp-json\/wp\/v2\/product\/1124","targetHints":{"allow":["GET"]}}],"collection":[{"href":"https:\/\/leonore-mau.de\/en\/wp-json\/wp\/v2\/product"}],"about":[{"href":"https:\/\/leonore-mau.de\/en\/wp-json\/wp\/v2\/types\/product"}],"wp:featuredmedia":[{"embeddable":true,"href":"https:\/\/leonore-mau.de\/en\/wp-json\/wp\/v2\/media\/571"}],"wp:attachment":[{"href":"https:\/\/leonore-mau.de\/en\/wp-json\/wp\/v2\/media?parent=1124"}],"wp:term":[{"taxonomy":"product_brand","embeddable":true,"href":"https:\/\/leonore-mau.de\/en\/wp-json\/wp\/v2\/product_brand?post=1124"},{"taxonomy":"product_cat","embeddable":true,"href":"https:\/\/leonore-mau.de\/en\/wp-json\/wp\/v2\/product_cat?post=1124"},{"taxonomy":"product_tag","embeddable":true,"href":"https:\/\/leonore-mau.de\/en\/wp-json\/wp\/v2\/product_tag?post=1124"}],"curies":[{"name":"wp","href":"https:\/\/api.w.org\/{rel}","templated":true}]}}