{"id":1126,"date":"2022-07-11T15:16:44","date_gmt":"2022-07-11T13:16:44","guid":{"rendered":"https:\/\/leonore-mau.de\/produkt\/ohne-titel-santera-ritual-2\/"},"modified":"2026-01-21T09:44:43","modified_gmt":"2026-01-21T08:44:43","slug":"ohne-titel-santera-ritual-2","status":"publish","type":"product","link":"https:\/\/leonore-mau.de\/en\/produkt\/ohne-titel-santera-ritual-2\/","title":{"rendered":"Ohne Titel (Santer\u00eda-Ritual)"},"content":{"rendered":"<p>Frau mit Huhn auf dem Kopf, w\u00e4hrend eines Santer\u00eca Rituals bei dem Priester Ernesto Gonzales. R\u00fcckseitenbeschriftung: &#8220;Miami 1978&#8221;<\/p>\n","protected":false},"excerpt":{"rendered":"<p>Frau mit Huhn auf dem Kopf, w\u00e4hrend eines Santer\u00eca Rituals bei dem Priester Ernesto Gonzales. R\u00fcckseitenbeschriftung: &#8220;Miami 1978&#8221;<\/p>\n","protected":false},"featured_media":0,"template":"","meta":[],"product_brand":[],"product_cat":[17,4443],"product_tag":[78,22,24,21,23,1590,80,1055,1056,1040,1041,1042,1043,1044,643,644,84,1591,1045,36,37,39,40,1046,1047,1048,1049,41,42,43,44,354,1592,1010,1011,1483,1484,1561,1562,1012,1565,1593,70,71,1078,1594,1595,1596,525,526,1013,1014,1015,1016,1017,1018,1019,1597,1051,1052,1053,95,1021,1022,1023,1024,1025,1026,1027,527,528,529,530,531,532,533,417,1598,1599],"class_list":{"0":"post-1126","1":"product","2":"type-product","3":"status-publish","5":"product_cat-unkategorisiert","6":"product_cat-usa","7":"product_tag-1970er-jahre","8":"product_tag-20-jahrhundert-nach-chr","9":"product_tag-20-jh-n-chr","10":"product_tag-20-jahrhundert","11":"product_tag-20-jh","12":"product_tag-4-3_usa","13":"product_tag-70er","14":"product_tag-aberglaube","15":"product_tag-aberglauben","16":"product_tag-afroamerikanisch","17":"product_tag-afroamerikanische","18":"product_tag-afroamerikanischen","19":"product_tag-afroamerikanischer","20":"product_tag-afroamerikanisches","21":"product_tag-amerika","22":"product_tag-amerikas","23":"product_tag-ausland","24":"product_tag-behandlung","25":"product_tag-dunkelhaeutiger","26":"product_tag-farbaufnahme","27":"product_tag-farbaufnahmen","28":"product_tag-farbfoto","29":"product_tag-farbfotografie","30":"product_tag-farbige","31":"product_tag-farbigen","32":"product_tag-farbiger","33":"product_tag-farbiges","34":"product_tag-farbphoto","35":"product_tag-farbphotographie","36":"product_tag-fotografin","37":"product_tag-fotografinnen","38":"product_tag-frau","39":"product_tag-genesung","40":"product_tag-glaube","41":"product_tag-glauben","42":"product_tag-heilung","43":"product_tag-heilungen","44":"product_tag-henne","45":"product_tag-hennen","46":"product_tag-huhn","47":"product_tag-huehner","48":"product_tag-krank","49":"product_tag-photographin","50":"product_tag-photographinnen","51":"product_tag-priester","52":"product_tag-priestern","53":"product_tag-priesters","54":"product_tag-reinigung","55":"product_tag-religion","56":"product_tag-religionen","57":"product_tag-ritual","58":"product_tag-rituale","59":"product_tag-rituell","60":"product_tag-rituelle","61":"product_tag-rituellen","62":"product_tag-ritueller","63":"product_tag-rituelles","64":"product_tag-santeria","65":"product_tag-schwarze","66":"product_tag-schwarzen","67":"product_tag-schwarzer","68":"product_tag-siebziger","69":"product_tag-spiritualitaet","70":"product_tag-spirituell","71":"product_tag-spirituelle","72":"product_tag-spirituellen","73":"product_tag-spiritueller","74":"product_tag-spirituelles","75":"product_tag-tier","76":"product_tag-tradition","77":"product_tag-traditionell","78":"product_tag-traditionelle","79":"product_tag-traditionellem","80":"product_tag-traditionellen","81":"product_tag-traditioneller","82":"product_tag-traditionelles","83":"product_tag-usa","84":"product_tag-wunderheilung","85":"product_tag-wunderheilungen","87":"first","88":"instock","89":"shipping-taxable","90":"product-type-simple"},"yoast_head":"<!-- This site is optimized with the Yoast SEO plugin v27.3 - https:\/\/yoast.com\/product\/yoast-seo-wordpress\/ -->\n<title>Ohne Titel (Santer\u00eda-Ritual) - Leonore Mau<\/title>\n<meta name=\"robots\" content=\"index, follow, max-snippet:-1, max-image-preview:large, max-video-preview:-1\" \/>\n<link rel=\"canonical\" href=\"https:\/\/leonore-mau.de\/produkt\/ohne-titel-santera-ritual-2\/\" \/>\n<meta property=\"og:locale\" content=\"en_US\" \/>\n<meta property=\"og:type\" content=\"article\" \/>\n<meta property=\"og:title\" content=\"Ohne Titel (Santer\u00eda-Ritual) - Leonore Mau\" \/>\n<meta property=\"og:description\" content=\"Frau mit Huhn auf dem Kopf, w\u00e4hrend eines Santer\u00eca Rituals bei dem Priester Ernesto Gonzales. R\u00fcckseitenbeschriftung: &#8220;Miami 1978&#8221;\" \/>\n<meta property=\"og:url\" content=\"https:\/\/leonore-mau.de\/produkt\/ohne-titel-santera-ritual-2\/\" \/>\n<meta property=\"og:site_name\" content=\"Leonore Mau\" \/>\n<meta property=\"article:modified_time\" content=\"2026-01-21T08:44:43+00:00\" \/>\n<meta name=\"twitter:card\" content=\"summary_large_image\" \/>\n<meta name=\"twitter:label1\" content=\"Est. reading time\" \/>\n\t<meta name=\"twitter:data1\" content=\"1 minute\" \/>\n<script type=\"application\/ld+json\" class=\"yoast-schema-graph\">{\"@context\":\"https:\\\/\\\/schema.org\",\"@graph\":[{\"@type\":\"WebPage\",\"@id\":\"https:\\\/\\\/leonore-mau.de\\\/produkt\\\/ohne-titel-santera-ritual-2\\\/\",\"url\":\"https:\\\/\\\/leonore-mau.de\\\/produkt\\\/ohne-titel-santera-ritual-2\\\/\",\"name\":\"Ohne Titel (Santer\u00eda-Ritual) - Leonore Mau\",\"isPartOf\":{\"@id\":\"https:\\\/\\\/leonore-mau.de\\\/#website\"},\"datePublished\":\"2022-07-11T13:16:44+00:00\",\"dateModified\":\"2026-01-21T08:44:43+00:00\",\"breadcrumb\":{\"@id\":\"https:\\\/\\\/leonore-mau.de\\\/produkt\\\/ohne-titel-santera-ritual-2\\\/#breadcrumb\"},\"inLanguage\":\"en-US\",\"potentialAction\":[{\"@type\":\"ReadAction\",\"target\":[\"https:\\\/\\\/leonore-mau.de\\\/produkt\\\/ohne-titel-santera-ritual-2\\\/\"]}]},{\"@type\":\"BreadcrumbList\",\"@id\":\"https:\\\/\\\/leonore-mau.de\\\/produkt\\\/ohne-titel-santera-ritual-2\\\/#breadcrumb\",\"itemListElement\":[{\"@type\":\"ListItem\",\"position\":1,\"name\":\"Startseite\",\"item\":\"https:\\\/\\\/leonore-mau.de\\\/en\\\/\"},{\"@type\":\"ListItem\",\"position\":2,\"name\":\"Shop\",\"item\":\"https:\\\/\\\/leonore-mau.de\\\/en\\\/shop-2\\\/\"},{\"@type\":\"ListItem\",\"position\":3,\"name\":\"Ohne Titel (Santer\u00eda-Ritual)\"}]},{\"@type\":\"WebSite\",\"@id\":\"https:\\\/\\\/leonore-mau.de\\\/#website\",\"url\":\"https:\\\/\\\/leonore-mau.de\\\/\",\"name\":\"Leonore Mau\",\"description\":\"Fotografin\",\"potentialAction\":[{\"@type\":\"SearchAction\",\"target\":{\"@type\":\"EntryPoint\",\"urlTemplate\":\"https:\\\/\\\/leonore-mau.de\\\/?s={search_term_string}\"},\"query-input\":{\"@type\":\"PropertyValueSpecification\",\"valueRequired\":true,\"valueName\":\"search_term_string\"}}],\"inLanguage\":\"en-US\"}]}<\/script>\n<!-- \/ Yoast SEO plugin. -->","yoast_head_json":{"title":"Ohne Titel (Santer\u00eda-Ritual) - Leonore Mau","robots":{"index":"index","follow":"follow","max-snippet":"max-snippet:-1","max-image-preview":"max-image-preview:large","max-video-preview":"max-video-preview:-1"},"canonical":"https:\/\/leonore-mau.de\/produkt\/ohne-titel-santera-ritual-2\/","og_locale":"en_US","og_type":"article","og_title":"Ohne Titel (Santer\u00eda-Ritual) - Leonore Mau","og_description":"Frau mit Huhn auf dem Kopf, w\u00e4hrend eines Santer\u00eca Rituals bei dem Priester Ernesto Gonzales. R\u00fcckseitenbeschriftung: &#8220;Miami 1978&#8221;","og_url":"https:\/\/leonore-mau.de\/produkt\/ohne-titel-santera-ritual-2\/","og_site_name":"Leonore Mau","article_modified_time":"2026-01-21T08:44:43+00:00","twitter_card":"summary_large_image","twitter_misc":{"Est. reading time":"1 minute"},"schema":{"@context":"https:\/\/schema.org","@graph":[{"@type":"WebPage","@id":"https:\/\/leonore-mau.de\/produkt\/ohne-titel-santera-ritual-2\/","url":"https:\/\/leonore-mau.de\/produkt\/ohne-titel-santera-ritual-2\/","name":"Ohne Titel (Santer\u00eda-Ritual) - Leonore Mau","isPartOf":{"@id":"https:\/\/leonore-mau.de\/#website"},"datePublished":"2022-07-11T13:16:44+00:00","dateModified":"2026-01-21T08:44:43+00:00","breadcrumb":{"@id":"https:\/\/leonore-mau.de\/produkt\/ohne-titel-santera-ritual-2\/#breadcrumb"},"inLanguage":"en-US","potentialAction":[{"@type":"ReadAction","target":["https:\/\/leonore-mau.de\/produkt\/ohne-titel-santera-ritual-2\/"]}]},{"@type":"BreadcrumbList","@id":"https:\/\/leonore-mau.de\/produkt\/ohne-titel-santera-ritual-2\/#breadcrumb","itemListElement":[{"@type":"ListItem","position":1,"name":"Startseite","item":"https:\/\/leonore-mau.de\/en\/"},{"@type":"ListItem","position":2,"name":"Shop","item":"https:\/\/leonore-mau.de\/en\/shop-2\/"},{"@type":"ListItem","position":3,"name":"Ohne Titel (Santer\u00eda-Ritual)"}]},{"@type":"WebSite","@id":"https:\/\/leonore-mau.de\/#website","url":"https:\/\/leonore-mau.de\/","name":"Leonore Mau","description":"Fotografin","potentialAction":[{"@type":"SearchAction","target":{"@type":"EntryPoint","urlTemplate":"https:\/\/leonore-mau.de\/?s={search_term_string}"},"query-input":{"@type":"PropertyValueSpecification","valueRequired":true,"valueName":"search_term_string"}}],"inLanguage":"en-US"}]}},"_links":{"self":[{"href":"https:\/\/leonore-mau.de\/en\/wp-json\/wp\/v2\/product\/1126","targetHints":{"allow":["GET"]}}],"collection":[{"href":"https:\/\/leonore-mau.de\/en\/wp-json\/wp\/v2\/product"}],"about":[{"href":"https:\/\/leonore-mau.de\/en\/wp-json\/wp\/v2\/types\/product"}],"wp:attachment":[{"href":"https:\/\/leonore-mau.de\/en\/wp-json\/wp\/v2\/media?parent=1126"}],"wp:term":[{"taxonomy":"product_brand","embeddable":true,"href":"https:\/\/leonore-mau.de\/en\/wp-json\/wp\/v2\/product_brand?post=1126"},{"taxonomy":"product_cat","embeddable":true,"href":"https:\/\/leonore-mau.de\/en\/wp-json\/wp\/v2\/product_cat?post=1126"},{"taxonomy":"product_tag","embeddable":true,"href":"https:\/\/leonore-mau.de\/en\/wp-json\/wp\/v2\/product_tag?post=1126"}],"curies":[{"name":"wp","href":"https:\/\/api.w.org\/{rel}","templated":true}]}}