{"id":1127,"date":"2022-07-11T15:16:44","date_gmt":"2022-07-11T13:16:44","guid":{"rendered":"https:\/\/leonore-mau.de\/produkt\/ohne-titel-mdchen-im-garten\/"},"modified":"2022-09-13T23:11:32","modified_gmt":"2022-09-13T21:11:32","slug":"ohne-titel-mdchen-im-garten","status":"publish","type":"product","link":"https:\/\/leonore-mau.de\/en\/produkt\/ohne-titel-mdchen-im-garten\/","title":{"rendered":"Ohne Titel (M\u00e4dchen im Garten)"},"content":{"rendered":"<p>M\u00e4dchen im Garten der psychiatrischen Klinik von Fann. R\u00fcckseitenbeschriftung: &#8220;Fann&#8221;<\/p>\n","protected":false},"excerpt":{"rendered":"<p>M\u00e4dchen im Garten der psychiatrischen Klinik von Fann. R\u00fcckseitenbeschriftung: &#8220;Fann&#8221;<\/p>\n","protected":false},"featured_media":574,"template":"","meta":[],"product_brand":[],"product_cat":[4451,17],"product_tag":[22,24,21,23,1344,939,940,84,171,172,1085,1086,1087,1088,1089,1090,1091,43,44,169,910,623,70,71,1349,1350,996,997,998,999,1000,1001,957,958],"class_list":{"0":"post-1127","1":"product","2":"type-product","3":"status-publish","4":"has-post-thumbnail","6":"product_cat-psychiatrische-doerfer","7":"product_cat-unkategorisiert","8":"product_tag-20-jahrhundert-nach-chr","9":"product_tag-20-jh-n-chr","10":"product_tag-20-jahrhundert","11":"product_tag-20-jh","12":"product_tag-7-1_psychiatrische-doerfer","13":"product_tag-afrika","14":"product_tag-afrikas","15":"product_tag-ausland","16":"product_tag-aussenaufnahme","17":"product_tag-aussenaufnahmen","18":"product_tag-barfuss","19":"product_tag-barfuessig","20":"product_tag-barfuessige","21":"product_tag-barfuessigen","22":"product_tag-barfuessiger","23":"product_tag-barfuessiges","24":"product_tag-barfuessigkeit","25":"product_tag-fotografin","26":"product_tag-fotografinnen","27":"product_tag-kind","28":"product_tag-kleid","29":"product_tag-maedchen","30":"product_tag-photographin","31":"product_tag-photographinnen","32":"product_tag-psyche","33":"product_tag-psychiatrie","34":"product_tag-stehen","35":"product_tag-stehend","36":"product_tag-stehende","37":"product_tag-stehenden","38":"product_tag-stehender","39":"product_tag-stehendes","40":"product_tag-westafrika","41":"product_tag-westafrikas","43":"first","44":"instock","45":"shipping-taxable","46":"product-type-simple"},"yoast_head":"<!-- This site is optimized with the Yoast SEO plugin v27.3 - https:\/\/yoast.com\/product\/yoast-seo-wordpress\/ -->\n<title>Ohne Titel (M\u00e4dchen im Garten) - Leonore Mau<\/title>\n<meta name=\"robots\" content=\"index, follow, max-snippet:-1, max-image-preview:large, max-video-preview:-1\" \/>\n<link rel=\"canonical\" href=\"https:\/\/leonore-mau.de\/produkt\/ohne-titel-mdchen-im-garten\/\" \/>\n<meta property=\"og:locale\" content=\"en_US\" \/>\n<meta property=\"og:type\" content=\"article\" \/>\n<meta property=\"og:title\" content=\"Ohne Titel (M\u00e4dchen im Garten) - Leonore Mau\" \/>\n<meta property=\"og:description\" content=\"M\u00e4dchen im Garten der psychiatrischen Klinik von Fann. R\u00fcckseitenbeschriftung: &#8220;Fann&#8221;\" \/>\n<meta property=\"og:url\" content=\"https:\/\/leonore-mau.de\/produkt\/ohne-titel-mdchen-im-garten\/\" \/>\n<meta property=\"og:site_name\" content=\"Leonore Mau\" \/>\n<meta property=\"article:modified_time\" content=\"2022-09-13T21:11:32+00:00\" \/>\n<meta property=\"og:image\" content=\"https:\/\/leonore-mau.de\/wp-content\/uploads\/2022\/07\/70667040.jpg\" \/>\n\t<meta property=\"og:image:width\" content=\"824\" \/>\n\t<meta property=\"og:image:height\" content=\"1200\" \/>\n\t<meta property=\"og:image:type\" content=\"image\/jpeg\" \/>\n<meta name=\"twitter:card\" content=\"summary_large_image\" \/>\n<script type=\"application\/ld+json\" class=\"yoast-schema-graph\">{\"@context\":\"https:\\\/\\\/schema.org\",\"@graph\":[{\"@type\":\"WebPage\",\"@id\":\"https:\\\/\\\/leonore-mau.de\\\/produkt\\\/ohne-titel-mdchen-im-garten\\\/\",\"url\":\"https:\\\/\\\/leonore-mau.de\\\/produkt\\\/ohne-titel-mdchen-im-garten\\\/\",\"name\":\"Ohne Titel (M\u00e4dchen im Garten) - Leonore Mau\",\"isPartOf\":{\"@id\":\"https:\\\/\\\/leonore-mau.de\\\/#website\"},\"primaryImageOfPage\":{\"@id\":\"https:\\\/\\\/leonore-mau.de\\\/produkt\\\/ohne-titel-mdchen-im-garten\\\/#primaryimage\"},\"image\":{\"@id\":\"https:\\\/\\\/leonore-mau.de\\\/produkt\\\/ohne-titel-mdchen-im-garten\\\/#primaryimage\"},\"thumbnailUrl\":\"https:\\\/\\\/leonore-mau.de\\\/wp-content\\\/uploads\\\/2022\\\/07\\\/70667040.jpg\",\"datePublished\":\"2022-07-11T13:16:44+00:00\",\"dateModified\":\"2022-09-13T21:11:32+00:00\",\"breadcrumb\":{\"@id\":\"https:\\\/\\\/leonore-mau.de\\\/produkt\\\/ohne-titel-mdchen-im-garten\\\/#breadcrumb\"},\"inLanguage\":\"en-US\",\"potentialAction\":[{\"@type\":\"ReadAction\",\"target\":[\"https:\\\/\\\/leonore-mau.de\\\/produkt\\\/ohne-titel-mdchen-im-garten\\\/\"]}]},{\"@type\":\"ImageObject\",\"inLanguage\":\"en-US\",\"@id\":\"https:\\\/\\\/leonore-mau.de\\\/produkt\\\/ohne-titel-mdchen-im-garten\\\/#primaryimage\",\"url\":\"https:\\\/\\\/leonore-mau.de\\\/wp-content\\\/uploads\\\/2022\\\/07\\\/70667040.jpg\",\"contentUrl\":\"https:\\\/\\\/leonore-mau.de\\\/wp-content\\\/uploads\\\/2022\\\/07\\\/70667040.jpg\",\"width\":824,\"height\":1200,\"caption\":\"M\u00e4dchen im Garten der psychiatrischen Klinik von Fann. R\u00fcckseitenbeschriftung: \\\"Fann\\\" Aufnahmedatum: 1976 oder 1985 (?) Material\\\/Technik: Foto \\\/ Silbergelatine auf PE-Papier Bildformat (Foto): 20,8 x 30,0 cm Aufnahmeort: Dakar Inventar-Nr.: LM-504895\"},{\"@type\":\"BreadcrumbList\",\"@id\":\"https:\\\/\\\/leonore-mau.de\\\/produkt\\\/ohne-titel-mdchen-im-garten\\\/#breadcrumb\",\"itemListElement\":[{\"@type\":\"ListItem\",\"position\":1,\"name\":\"Startseite\",\"item\":\"https:\\\/\\\/leonore-mau.de\\\/en\\\/\"},{\"@type\":\"ListItem\",\"position\":2,\"name\":\"Shop\",\"item\":\"https:\\\/\\\/leonore-mau.de\\\/en\\\/shop-2\\\/\"},{\"@type\":\"ListItem\",\"position\":3,\"name\":\"Ohne Titel (M\u00e4dchen im Garten)\"}]},{\"@type\":\"WebSite\",\"@id\":\"https:\\\/\\\/leonore-mau.de\\\/#website\",\"url\":\"https:\\\/\\\/leonore-mau.de\\\/\",\"name\":\"Leonore Mau\",\"description\":\"Fotografin\",\"potentialAction\":[{\"@type\":\"SearchAction\",\"target\":{\"@type\":\"EntryPoint\",\"urlTemplate\":\"https:\\\/\\\/leonore-mau.de\\\/?s={search_term_string}\"},\"query-input\":{\"@type\":\"PropertyValueSpecification\",\"valueRequired\":true,\"valueName\":\"search_term_string\"}}],\"inLanguage\":\"en-US\"}]}<\/script>\n<!-- \/ Yoast SEO plugin. -->","yoast_head_json":{"title":"Ohne Titel (M\u00e4dchen im Garten) - Leonore Mau","robots":{"index":"index","follow":"follow","max-snippet":"max-snippet:-1","max-image-preview":"max-image-preview:large","max-video-preview":"max-video-preview:-1"},"canonical":"https:\/\/leonore-mau.de\/produkt\/ohne-titel-mdchen-im-garten\/","og_locale":"en_US","og_type":"article","og_title":"Ohne Titel (M\u00e4dchen im Garten) - Leonore Mau","og_description":"M\u00e4dchen im Garten der psychiatrischen Klinik von Fann. R\u00fcckseitenbeschriftung: &#8220;Fann&#8221;","og_url":"https:\/\/leonore-mau.de\/produkt\/ohne-titel-mdchen-im-garten\/","og_site_name":"Leonore Mau","article_modified_time":"2022-09-13T21:11:32+00:00","og_image":[{"width":824,"height":1200,"url":"https:\/\/leonore-mau.de\/wp-content\/uploads\/2022\/07\/70667040.jpg","type":"image\/jpeg"}],"twitter_card":"summary_large_image","schema":{"@context":"https:\/\/schema.org","@graph":[{"@type":"WebPage","@id":"https:\/\/leonore-mau.de\/produkt\/ohne-titel-mdchen-im-garten\/","url":"https:\/\/leonore-mau.de\/produkt\/ohne-titel-mdchen-im-garten\/","name":"Ohne Titel (M\u00e4dchen im Garten) - Leonore Mau","isPartOf":{"@id":"https:\/\/leonore-mau.de\/#website"},"primaryImageOfPage":{"@id":"https:\/\/leonore-mau.de\/produkt\/ohne-titel-mdchen-im-garten\/#primaryimage"},"image":{"@id":"https:\/\/leonore-mau.de\/produkt\/ohne-titel-mdchen-im-garten\/#primaryimage"},"thumbnailUrl":"https:\/\/leonore-mau.de\/wp-content\/uploads\/2022\/07\/70667040.jpg","datePublished":"2022-07-11T13:16:44+00:00","dateModified":"2022-09-13T21:11:32+00:00","breadcrumb":{"@id":"https:\/\/leonore-mau.de\/produkt\/ohne-titel-mdchen-im-garten\/#breadcrumb"},"inLanguage":"en-US","potentialAction":[{"@type":"ReadAction","target":["https:\/\/leonore-mau.de\/produkt\/ohne-titel-mdchen-im-garten\/"]}]},{"@type":"ImageObject","inLanguage":"en-US","@id":"https:\/\/leonore-mau.de\/produkt\/ohne-titel-mdchen-im-garten\/#primaryimage","url":"https:\/\/leonore-mau.de\/wp-content\/uploads\/2022\/07\/70667040.jpg","contentUrl":"https:\/\/leonore-mau.de\/wp-content\/uploads\/2022\/07\/70667040.jpg","width":824,"height":1200,"caption":"M\u00e4dchen im Garten der psychiatrischen Klinik von Fann. R\u00fcckseitenbeschriftung: \"Fann\" Aufnahmedatum: 1976 oder 1985 (?) Material\/Technik: Foto \/ Silbergelatine auf PE-Papier Bildformat (Foto): 20,8 x 30,0 cm Aufnahmeort: Dakar Inventar-Nr.: LM-504895"},{"@type":"BreadcrumbList","@id":"https:\/\/leonore-mau.de\/produkt\/ohne-titel-mdchen-im-garten\/#breadcrumb","itemListElement":[{"@type":"ListItem","position":1,"name":"Startseite","item":"https:\/\/leonore-mau.de\/en\/"},{"@type":"ListItem","position":2,"name":"Shop","item":"https:\/\/leonore-mau.de\/en\/shop-2\/"},{"@type":"ListItem","position":3,"name":"Ohne Titel (M\u00e4dchen im Garten)"}]},{"@type":"WebSite","@id":"https:\/\/leonore-mau.de\/#website","url":"https:\/\/leonore-mau.de\/","name":"Leonore Mau","description":"Fotografin","potentialAction":[{"@type":"SearchAction","target":{"@type":"EntryPoint","urlTemplate":"https:\/\/leonore-mau.de\/?s={search_term_string}"},"query-input":{"@type":"PropertyValueSpecification","valueRequired":true,"valueName":"search_term_string"}}],"inLanguage":"en-US"}]}},"_links":{"self":[{"href":"https:\/\/leonore-mau.de\/en\/wp-json\/wp\/v2\/product\/1127","targetHints":{"allow":["GET"]}}],"collection":[{"href":"https:\/\/leonore-mau.de\/en\/wp-json\/wp\/v2\/product"}],"about":[{"href":"https:\/\/leonore-mau.de\/en\/wp-json\/wp\/v2\/types\/product"}],"wp:featuredmedia":[{"embeddable":true,"href":"https:\/\/leonore-mau.de\/en\/wp-json\/wp\/v2\/media\/574"}],"wp:attachment":[{"href":"https:\/\/leonore-mau.de\/en\/wp-json\/wp\/v2\/media?parent=1127"}],"wp:term":[{"taxonomy":"product_brand","embeddable":true,"href":"https:\/\/leonore-mau.de\/en\/wp-json\/wp\/v2\/product_brand?post=1127"},{"taxonomy":"product_cat","embeddable":true,"href":"https:\/\/leonore-mau.de\/en\/wp-json\/wp\/v2\/product_cat?post=1127"},{"taxonomy":"product_tag","embeddable":true,"href":"https:\/\/leonore-mau.de\/en\/wp-json\/wp\/v2\/product_tag?post=1127"}],"curies":[{"name":"wp","href":"https:\/\/api.w.org\/{rel}","templated":true}]}}