{"id":1129,"date":"2022-07-11T15:16:44","date_gmt":"2022-07-11T13:16:44","guid":{"rendered":"https:\/\/leonore-mau.de\/produkt\/der-seltsame-ritus-in-atakpam\/"},"modified":"2022-09-13T23:11:33","modified_gmt":"2022-09-13T21:11:33","slug":"der-seltsame-ritus-in-atakpam","status":"publish","type":"product","link":"https:\/\/leonore-mau.de\/en\/produkt\/der-seltsame-ritus-in-atakpam\/","title":{"rendered":"&#8220;Der seltsame Ritus in Atakpam\u00e9&#8221;"},"content":{"rendered":"<p>Eine Gruppe von M\u00e4nnern und Frauen sitzen auf dem Scho\u00df des jeweiligen anderen und bilden dadurch eine Reihe. Das Ritual wird von dem Priester und Psychiater Kpako geleitet. Diese gro\u00dfe Jahreszeremonie findet im Tempel statt, der auch als Krankenhaus dient.  Referenz: Hubert Fichte und Leonore Mau, Psyche, S. Fischer Verlag GmbH, 2005<\/p>\n","protected":false},"excerpt":{"rendered":"<p>Eine Gruppe von M\u00e4nnern und Frauen sitzen auf dem Scho\u00df des jeweiligen anderen und bilden dadurch eine Reihe. Das Ritual wird von dem Priester und Psychiater Kpako geleitet. Diese gro\u00dfe Jahreszeremonie findet im Tempel statt, der auch als Krankenhaus dient. Referenz: Hubert Fichte und Leonore Mau, Psyche, S. Fischer Verlag GmbH, 2005<\/p>\n","protected":false},"featured_media":576,"template":"","meta":[],"product_brand":[],"product_cat":[17,4445],"product_tag":[78,22,24,21,23,1440,80,939,940,84,171,172,1008,1009,36,37,39,40,41,42,43,44,354,740,2147,2148,2149,2150,2151,2152,486,560,70,71,1349,1013,1014,1015,1016,1017,1018,1019,95,536,537,538,539,540,541,542,1021,1022,1023,1024,1025,1026,527,528,529,530,531,532,533,1176,2744,957,958,1032,1033,1034,1035,1036,1037,1038,1039],"class_list":{"0":"post-1129","1":"product","2":"type-product","3":"status-publish","4":"has-post-thumbnail","6":"product_cat-unkategorisiert","7":"product_cat-westafrika","8":"product_tag-1970er-jahre","9":"product_tag-20-jahrhundert-nach-chr","10":"product_tag-20-jh-n-chr","11":"product_tag-20-jahrhundert","12":"product_tag-20-jh","13":"product_tag-4-5_westafrika","14":"product_tag-70er","15":"product_tag-afrika","16":"product_tag-afrikas","17":"product_tag-ausland","18":"product_tag-aussenaufnahme","19":"product_tag-aussenaufnahmen","20":"product_tag-ceremonie","21":"product_tag-ceremonien","22":"product_tag-farbaufnahme","23":"product_tag-farbaufnahmen","24":"product_tag-farbfoto","25":"product_tag-farbfotografie","26":"product_tag-farbphoto","27":"product_tag-farbphotographie","28":"product_tag-fotografin","29":"product_tag-fotografinnen","30":"product_tag-frau","31":"product_tag-frauen","32":"product_tag-gruppenaufnahme","33":"product_tag-gruppenaufnahmen","34":"product_tag-gruppenfoto","35":"product_tag-gruppenfotos","36":"product_tag-gruppenphoto","37":"product_tag-gruppenphotos","38":"product_tag-mann","39":"product_tag-maenner","40":"product_tag-photographin","41":"product_tag-photographinnen","42":"product_tag-psyche","43":"product_tag-ritual","44":"product_tag-rituale","45":"product_tag-rituell","46":"product_tag-rituelle","47":"product_tag-rituellen","48":"product_tag-ritueller","49":"product_tag-rituelles","50":"product_tag-siebziger","51":"product_tag-sitzen","52":"product_tag-sitzend","53":"product_tag-sitzende","54":"product_tag-sitzenden","55":"product_tag-sitzender","56":"product_tag-sitzendes","57":"product_tag-sitzt","58":"product_tag-spiritualitaet","59":"product_tag-spirituell","60":"product_tag-spirituelle","61":"product_tag-spirituellen","62":"product_tag-spiritueller","63":"product_tag-spirituelles","64":"product_tag-tradition","65":"product_tag-traditionell","66":"product_tag-traditionelle","67":"product_tag-traditionellem","68":"product_tag-traditionellen","69":"product_tag-traditioneller","70":"product_tag-traditionelles","71":"product_tag-voodoo","72":"product_tag-voudou","73":"product_tag-westafrika","74":"product_tag-westafrikas","75":"product_tag-zeremonie","76":"product_tag-zeremoniell","77":"product_tag-zeremonielle","78":"product_tag-zeremoniellem","79":"product_tag-zeremoniellen","80":"product_tag-zeremonieller","81":"product_tag-zeremonielles","82":"product_tag-zeremonien","84":"first","85":"instock","86":"shipping-taxable","87":"product-type-simple"},"yoast_head":"<!-- This site is optimized with the Yoast SEO plugin v27.3 - https:\/\/yoast.com\/product\/yoast-seo-wordpress\/ -->\n<title>&quot;Der seltsame Ritus in Atakpam\u00e9&quot; - Leonore Mau<\/title>\n<meta name=\"robots\" content=\"index, follow, max-snippet:-1, max-image-preview:large, max-video-preview:-1\" \/>\n<link rel=\"canonical\" href=\"https:\/\/leonore-mau.de\/produkt\/der-seltsame-ritus-in-atakpam\/\" \/>\n<meta property=\"og:locale\" content=\"en_US\" \/>\n<meta property=\"og:type\" content=\"article\" \/>\n<meta property=\"og:title\" content=\"&quot;Der seltsame Ritus in Atakpam\u00e9&quot; - Leonore Mau\" \/>\n<meta property=\"og:description\" content=\"Eine Gruppe von M\u00e4nnern und Frauen sitzen auf dem Scho\u00df des jeweiligen anderen und bilden dadurch eine Reihe. Das Ritual wird von dem Priester und Psychiater Kpako geleitet. Diese gro\u00dfe Jahreszeremonie findet im Tempel statt, der auch als Krankenhaus dient. Referenz: Hubert Fichte und Leonore Mau, Psyche, S. Fischer Verlag GmbH, 2005\" \/>\n<meta property=\"og:url\" content=\"https:\/\/leonore-mau.de\/produkt\/der-seltsame-ritus-in-atakpam\/\" \/>\n<meta property=\"og:site_name\" content=\"Leonore Mau\" \/>\n<meta property=\"article:modified_time\" content=\"2022-09-13T21:11:33+00:00\" \/>\n<meta property=\"og:image\" content=\"https:\/\/leonore-mau.de\/wp-content\/uploads\/2022\/07\/70667068.jpg\" \/>\n\t<meta property=\"og:image:width\" content=\"1200\" \/>\n\t<meta property=\"og:image:height\" content=\"824\" \/>\n\t<meta property=\"og:image:type\" content=\"image\/jpeg\" \/>\n<meta name=\"twitter:card\" content=\"summary_large_image\" \/>\n<script type=\"application\/ld+json\" class=\"yoast-schema-graph\">{\"@context\":\"https:\\\/\\\/schema.org\",\"@graph\":[{\"@type\":\"WebPage\",\"@id\":\"https:\\\/\\\/leonore-mau.de\\\/produkt\\\/der-seltsame-ritus-in-atakpam\\\/\",\"url\":\"https:\\\/\\\/leonore-mau.de\\\/produkt\\\/der-seltsame-ritus-in-atakpam\\\/\",\"name\":\"\\\"Der seltsame Ritus in Atakpam\u00e9\\\" - Leonore Mau\",\"isPartOf\":{\"@id\":\"https:\\\/\\\/leonore-mau.de\\\/#website\"},\"primaryImageOfPage\":{\"@id\":\"https:\\\/\\\/leonore-mau.de\\\/produkt\\\/der-seltsame-ritus-in-atakpam\\\/#primaryimage\"},\"image\":{\"@id\":\"https:\\\/\\\/leonore-mau.de\\\/produkt\\\/der-seltsame-ritus-in-atakpam\\\/#primaryimage\"},\"thumbnailUrl\":\"https:\\\/\\\/leonore-mau.de\\\/wp-content\\\/uploads\\\/2022\\\/07\\\/70667068.jpg\",\"datePublished\":\"2022-07-11T13:16:44+00:00\",\"dateModified\":\"2022-09-13T21:11:33+00:00\",\"breadcrumb\":{\"@id\":\"https:\\\/\\\/leonore-mau.de\\\/produkt\\\/der-seltsame-ritus-in-atakpam\\\/#breadcrumb\"},\"inLanguage\":\"en-US\",\"potentialAction\":[{\"@type\":\"ReadAction\",\"target\":[\"https:\\\/\\\/leonore-mau.de\\\/produkt\\\/der-seltsame-ritus-in-atakpam\\\/\"]}]},{\"@type\":\"ImageObject\",\"inLanguage\":\"en-US\",\"@id\":\"https:\\\/\\\/leonore-mau.de\\\/produkt\\\/der-seltsame-ritus-in-atakpam\\\/#primaryimage\",\"url\":\"https:\\\/\\\/leonore-mau.de\\\/wp-content\\\/uploads\\\/2022\\\/07\\\/70667068.jpg\",\"contentUrl\":\"https:\\\/\\\/leonore-mau.de\\\/wp-content\\\/uploads\\\/2022\\\/07\\\/70667068.jpg\",\"width\":1200,\"height\":824,\"caption\":\"Eine Gruppe von M\u00e4nnern und Frauen sitzen auf dem Scho\u00df des jeweiligen anderen und bilden dadurch eine Reihe. Das Ritual wird von dem Priester und Psychiater Kpako geleitet. Diese gro\u00dfe Jahreszeremonie findet im Tempel statt, der auch als Krankenhaus dient. Referenz: Hubert Fichte und Leonore Mau, Psyche, S. Fischer Verlag GmbH, 2005 Aufnahmedatum: 1978 Material\\\/Technik: Foto \\\/ Farbdia Bildformat (Foto): Kleinbild Aufnahmeort: Atakpam\u00e9 \\\/ Togo Inventar-Nr.: LM-505966\"},{\"@type\":\"BreadcrumbList\",\"@id\":\"https:\\\/\\\/leonore-mau.de\\\/produkt\\\/der-seltsame-ritus-in-atakpam\\\/#breadcrumb\",\"itemListElement\":[{\"@type\":\"ListItem\",\"position\":1,\"name\":\"Startseite\",\"item\":\"https:\\\/\\\/leonore-mau.de\\\/en\\\/\"},{\"@type\":\"ListItem\",\"position\":2,\"name\":\"Shop\",\"item\":\"https:\\\/\\\/leonore-mau.de\\\/en\\\/shop-2\\\/\"},{\"@type\":\"ListItem\",\"position\":3,\"name\":\"&#8222;Der seltsame Ritus in Atakpam\u00e9&#8220;\"}]},{\"@type\":\"WebSite\",\"@id\":\"https:\\\/\\\/leonore-mau.de\\\/#website\",\"url\":\"https:\\\/\\\/leonore-mau.de\\\/\",\"name\":\"Leonore Mau\",\"description\":\"Fotografin\",\"potentialAction\":[{\"@type\":\"SearchAction\",\"target\":{\"@type\":\"EntryPoint\",\"urlTemplate\":\"https:\\\/\\\/leonore-mau.de\\\/?s={search_term_string}\"},\"query-input\":{\"@type\":\"PropertyValueSpecification\",\"valueRequired\":true,\"valueName\":\"search_term_string\"}}],\"inLanguage\":\"en-US\"}]}<\/script>\n<!-- \/ Yoast SEO plugin. -->","yoast_head_json":{"title":"\"Der seltsame Ritus in Atakpam\u00e9\" - Leonore Mau","robots":{"index":"index","follow":"follow","max-snippet":"max-snippet:-1","max-image-preview":"max-image-preview:large","max-video-preview":"max-video-preview:-1"},"canonical":"https:\/\/leonore-mau.de\/produkt\/der-seltsame-ritus-in-atakpam\/","og_locale":"en_US","og_type":"article","og_title":"\"Der seltsame Ritus in Atakpam\u00e9\" - Leonore Mau","og_description":"Eine Gruppe von M\u00e4nnern und Frauen sitzen auf dem Scho\u00df des jeweiligen anderen und bilden dadurch eine Reihe. Das Ritual wird von dem Priester und Psychiater Kpako geleitet. Diese gro\u00dfe Jahreszeremonie findet im Tempel statt, der auch als Krankenhaus dient. Referenz: Hubert Fichte und Leonore Mau, Psyche, S. Fischer Verlag GmbH, 2005","og_url":"https:\/\/leonore-mau.de\/produkt\/der-seltsame-ritus-in-atakpam\/","og_site_name":"Leonore Mau","article_modified_time":"2022-09-13T21:11:33+00:00","og_image":[{"width":1200,"height":824,"url":"https:\/\/leonore-mau.de\/wp-content\/uploads\/2022\/07\/70667068.jpg","type":"image\/jpeg"}],"twitter_card":"summary_large_image","schema":{"@context":"https:\/\/schema.org","@graph":[{"@type":"WebPage","@id":"https:\/\/leonore-mau.de\/produkt\/der-seltsame-ritus-in-atakpam\/","url":"https:\/\/leonore-mau.de\/produkt\/der-seltsame-ritus-in-atakpam\/","name":"\"Der seltsame Ritus in Atakpam\u00e9\" - Leonore Mau","isPartOf":{"@id":"https:\/\/leonore-mau.de\/#website"},"primaryImageOfPage":{"@id":"https:\/\/leonore-mau.de\/produkt\/der-seltsame-ritus-in-atakpam\/#primaryimage"},"image":{"@id":"https:\/\/leonore-mau.de\/produkt\/der-seltsame-ritus-in-atakpam\/#primaryimage"},"thumbnailUrl":"https:\/\/leonore-mau.de\/wp-content\/uploads\/2022\/07\/70667068.jpg","datePublished":"2022-07-11T13:16:44+00:00","dateModified":"2022-09-13T21:11:33+00:00","breadcrumb":{"@id":"https:\/\/leonore-mau.de\/produkt\/der-seltsame-ritus-in-atakpam\/#breadcrumb"},"inLanguage":"en-US","potentialAction":[{"@type":"ReadAction","target":["https:\/\/leonore-mau.de\/produkt\/der-seltsame-ritus-in-atakpam\/"]}]},{"@type":"ImageObject","inLanguage":"en-US","@id":"https:\/\/leonore-mau.de\/produkt\/der-seltsame-ritus-in-atakpam\/#primaryimage","url":"https:\/\/leonore-mau.de\/wp-content\/uploads\/2022\/07\/70667068.jpg","contentUrl":"https:\/\/leonore-mau.de\/wp-content\/uploads\/2022\/07\/70667068.jpg","width":1200,"height":824,"caption":"Eine Gruppe von M\u00e4nnern und Frauen sitzen auf dem Scho\u00df des jeweiligen anderen und bilden dadurch eine Reihe. Das Ritual wird von dem Priester und Psychiater Kpako geleitet. Diese gro\u00dfe Jahreszeremonie findet im Tempel statt, der auch als Krankenhaus dient. Referenz: Hubert Fichte und Leonore Mau, Psyche, S. Fischer Verlag GmbH, 2005 Aufnahmedatum: 1978 Material\/Technik: Foto \/ Farbdia Bildformat (Foto): Kleinbild Aufnahmeort: Atakpam\u00e9 \/ Togo Inventar-Nr.: LM-505966"},{"@type":"BreadcrumbList","@id":"https:\/\/leonore-mau.de\/produkt\/der-seltsame-ritus-in-atakpam\/#breadcrumb","itemListElement":[{"@type":"ListItem","position":1,"name":"Startseite","item":"https:\/\/leonore-mau.de\/en\/"},{"@type":"ListItem","position":2,"name":"Shop","item":"https:\/\/leonore-mau.de\/en\/shop-2\/"},{"@type":"ListItem","position":3,"name":"&#8222;Der seltsame Ritus in Atakpam\u00e9&#8220;"}]},{"@type":"WebSite","@id":"https:\/\/leonore-mau.de\/#website","url":"https:\/\/leonore-mau.de\/","name":"Leonore Mau","description":"Fotografin","potentialAction":[{"@type":"SearchAction","target":{"@type":"EntryPoint","urlTemplate":"https:\/\/leonore-mau.de\/?s={search_term_string}"},"query-input":{"@type":"PropertyValueSpecification","valueRequired":true,"valueName":"search_term_string"}}],"inLanguage":"en-US"}]}},"_links":{"self":[{"href":"https:\/\/leonore-mau.de\/en\/wp-json\/wp\/v2\/product\/1129","targetHints":{"allow":["GET"]}}],"collection":[{"href":"https:\/\/leonore-mau.de\/en\/wp-json\/wp\/v2\/product"}],"about":[{"href":"https:\/\/leonore-mau.de\/en\/wp-json\/wp\/v2\/types\/product"}],"wp:featuredmedia":[{"embeddable":true,"href":"https:\/\/leonore-mau.de\/en\/wp-json\/wp\/v2\/media\/576"}],"wp:attachment":[{"href":"https:\/\/leonore-mau.de\/en\/wp-json\/wp\/v2\/media?parent=1129"}],"wp:term":[{"taxonomy":"product_brand","embeddable":true,"href":"https:\/\/leonore-mau.de\/en\/wp-json\/wp\/v2\/product_brand?post=1129"},{"taxonomy":"product_cat","embeddable":true,"href":"https:\/\/leonore-mau.de\/en\/wp-json\/wp\/v2\/product_cat?post=1129"},{"taxonomy":"product_tag","embeddable":true,"href":"https:\/\/leonore-mau.de\/en\/wp-json\/wp\/v2\/product_tag?post=1129"}],"curies":[{"name":"wp","href":"https:\/\/api.w.org\/{rel}","templated":true}]}}