{"id":1138,"date":"2022-07-11T15:16:46","date_gmt":"2022-07-11T13:16:46","guid":{"rendered":"https:\/\/leonore-mau.de\/produkt\/ohne-titel-behausung-in-einer-favela\/"},"modified":"2022-09-13T23:11:41","modified_gmt":"2022-09-13T21:11:41","slug":"ohne-titel-behausung-in-einer-favela","status":"publish","type":"product","link":"https:\/\/leonore-mau.de\/en\/produkt\/ohne-titel-behausung-in-einer-favela\/","title":{"rendered":"Ohne Titel (Behausung in einer Favela)"},"content":{"rendered":"<p>D\u00fcrftige Behausung in einer Favela, davor Bananenb\u00e4ume. Eine Frau beim W\u00e4scheaufh\u00e4ngen.  R\u00fcckseitenbeschriftung: &#8220;Mau Bahia 1971&#8221;<\/p>\n","protected":false},"excerpt":{"rendered":"<p>D\u00fcrftige Behausung in einer Favela, davor Bananenb\u00e4ume. Eine Frau beim W\u00e4scheaufh\u00e4ngen. R\u00fcckseitenbeschriftung: &#8220;Mau Bahia 1971&#8221;<\/p>\n","protected":false},"featured_media":585,"template":"","meta":[],"product_brand":[],"product_cat":[4433,17],"product_tag":[78,642,22,24,21,23,80,666,84,171,172,2783,667,173,174,175,668,669,853,854,36,37,39,40,41,42,1122,43,44,1898,1899,2784,2785,678,1637,2761,70,71,95,163,164,679,680],"class_list":{"0":"post-1138","1":"product","2":"type-product","3":"status-publish","4":"has-post-thumbnail","6":"product_cat-prekaere-verhaeltnisse","7":"product_cat-unkategorisiert","8":"product_tag-1970er-jahre","9":"product_tag-2-3-1_prekaere-verhaeltnisse","10":"product_tag-20-jahrhundert-nach-chr","11":"product_tag-20-jh-n-chr","12":"product_tag-20-jahrhundert","13":"product_tag-20-jh","14":"product_tag-70er","15":"product_tag-armut","16":"product_tag-ausland","17":"product_tag-aussenaufnahme","18":"product_tag-aussenaufnahmen","19":"product_tag-bananenbaum","20":"product_tag-behausung","21":"product_tag-brasil","22":"product_tag-brasilien","23":"product_tag-brasiliens","24":"product_tag-elend","25":"product_tag-elends","26":"product_tag-elendshuette","27":"product_tag-elendshuetten","28":"product_tag-farbaufnahme","29":"product_tag-farbaufnahmen","30":"product_tag-farbfoto","31":"product_tag-farbfotografie","32":"product_tag-farbphoto","33":"product_tag-farbphotographie","34":"product_tag-favela","35":"product_tag-fotografin","36":"product_tag-fotografinnen","37":"product_tag-hinterhof","38":"product_tag-hinterhoefe","39":"product_tag-nutzpflanze","40":"product_tag-nutzpflanzen","41":"product_tag-obdach","42":"product_tag-pflanze","43":"product_tag-pflanzen","44":"product_tag-photographin","45":"product_tag-photographinnen","46":"product_tag-siebziger","47":"product_tag-suedamerika","48":"product_tag-suedamerikas","49":"product_tag-unterkunft","50":"product_tag-unterkuenfte","52":"first","53":"instock","54":"shipping-taxable","55":"product-type-simple"},"yoast_head":"<!-- This site is optimized with the Yoast SEO plugin v27.3 - https:\/\/yoast.com\/product\/yoast-seo-wordpress\/ -->\n<title>Ohne Titel (Behausung in einer Favela) - Leonore Mau<\/title>\n<meta name=\"robots\" content=\"index, follow, max-snippet:-1, max-image-preview:large, max-video-preview:-1\" \/>\n<link rel=\"canonical\" href=\"https:\/\/leonore-mau.de\/produkt\/ohne-titel-behausung-in-einer-favela\/\" \/>\n<meta property=\"og:locale\" content=\"en_US\" \/>\n<meta property=\"og:type\" content=\"article\" \/>\n<meta property=\"og:title\" content=\"Ohne Titel (Behausung in einer Favela) - Leonore Mau\" \/>\n<meta property=\"og:description\" content=\"D\u00fcrftige Behausung in einer Favela, davor Bananenb\u00e4ume. Eine Frau beim W\u00e4scheaufh\u00e4ngen. R\u00fcckseitenbeschriftung: &#8220;Mau Bahia 1971&#8221;\" \/>\n<meta property=\"og:url\" content=\"https:\/\/leonore-mau.de\/produkt\/ohne-titel-behausung-in-einer-favela\/\" \/>\n<meta property=\"og:site_name\" content=\"Leonore Mau\" \/>\n<meta property=\"article:modified_time\" content=\"2022-09-13T21:11:41+00:00\" \/>\n<meta property=\"og:image\" content=\"https:\/\/leonore-mau.de\/wp-content\/uploads\/2022\/07\/70685812.jpg\" \/>\n\t<meta property=\"og:image:width\" content=\"1200\" \/>\n\t<meta property=\"og:image:height\" content=\"1191\" \/>\n\t<meta property=\"og:image:type\" content=\"image\/jpeg\" \/>\n<meta name=\"twitter:card\" content=\"summary_large_image\" \/>\n<script type=\"application\/ld+json\" class=\"yoast-schema-graph\">{\"@context\":\"https:\\\/\\\/schema.org\",\"@graph\":[{\"@type\":\"WebPage\",\"@id\":\"https:\\\/\\\/leonore-mau.de\\\/produkt\\\/ohne-titel-behausung-in-einer-favela\\\/\",\"url\":\"https:\\\/\\\/leonore-mau.de\\\/produkt\\\/ohne-titel-behausung-in-einer-favela\\\/\",\"name\":\"Ohne Titel (Behausung in einer Favela) - Leonore Mau\",\"isPartOf\":{\"@id\":\"https:\\\/\\\/leonore-mau.de\\\/#website\"},\"primaryImageOfPage\":{\"@id\":\"https:\\\/\\\/leonore-mau.de\\\/produkt\\\/ohne-titel-behausung-in-einer-favela\\\/#primaryimage\"},\"image\":{\"@id\":\"https:\\\/\\\/leonore-mau.de\\\/produkt\\\/ohne-titel-behausung-in-einer-favela\\\/#primaryimage\"},\"thumbnailUrl\":\"https:\\\/\\\/leonore-mau.de\\\/wp-content\\\/uploads\\\/2022\\\/07\\\/70685812.jpg\",\"datePublished\":\"2022-07-11T13:16:46+00:00\",\"dateModified\":\"2022-09-13T21:11:41+00:00\",\"breadcrumb\":{\"@id\":\"https:\\\/\\\/leonore-mau.de\\\/produkt\\\/ohne-titel-behausung-in-einer-favela\\\/#breadcrumb\"},\"inLanguage\":\"en-US\",\"potentialAction\":[{\"@type\":\"ReadAction\",\"target\":[\"https:\\\/\\\/leonore-mau.de\\\/produkt\\\/ohne-titel-behausung-in-einer-favela\\\/\"]}]},{\"@type\":\"ImageObject\",\"inLanguage\":\"en-US\",\"@id\":\"https:\\\/\\\/leonore-mau.de\\\/produkt\\\/ohne-titel-behausung-in-einer-favela\\\/#primaryimage\",\"url\":\"https:\\\/\\\/leonore-mau.de\\\/wp-content\\\/uploads\\\/2022\\\/07\\\/70685812.jpg\",\"contentUrl\":\"https:\\\/\\\/leonore-mau.de\\\/wp-content\\\/uploads\\\/2022\\\/07\\\/70685812.jpg\",\"width\":1200,\"height\":1191,\"caption\":\"D\u00fcrftige Behausung in einer Favela, davor Bananenb\u00e4ume. Eine Frau beim W\u00e4scheaufh\u00e4ngen. R\u00fcckseitenbeschriftung: \\\"Mau Bahia 1971\\\" Aufnahmedatum: 1971 Material\\\/Technik: Foto \\\/ Cibachrome Bildformat (Foto): 29,5 x 29,8 cm Aufnahmeort: Bahia Inventar-Nr.: LM-504084\"},{\"@type\":\"BreadcrumbList\",\"@id\":\"https:\\\/\\\/leonore-mau.de\\\/produkt\\\/ohne-titel-behausung-in-einer-favela\\\/#breadcrumb\",\"itemListElement\":[{\"@type\":\"ListItem\",\"position\":1,\"name\":\"Startseite\",\"item\":\"https:\\\/\\\/leonore-mau.de\\\/en\\\/\"},{\"@type\":\"ListItem\",\"position\":2,\"name\":\"Shop\",\"item\":\"https:\\\/\\\/leonore-mau.de\\\/en\\\/shop-2\\\/\"},{\"@type\":\"ListItem\",\"position\":3,\"name\":\"Ohne Titel (Behausung in einer Favela)\"}]},{\"@type\":\"WebSite\",\"@id\":\"https:\\\/\\\/leonore-mau.de\\\/#website\",\"url\":\"https:\\\/\\\/leonore-mau.de\\\/\",\"name\":\"Leonore Mau\",\"description\":\"Fotografin\",\"potentialAction\":[{\"@type\":\"SearchAction\",\"target\":{\"@type\":\"EntryPoint\",\"urlTemplate\":\"https:\\\/\\\/leonore-mau.de\\\/?s={search_term_string}\"},\"query-input\":{\"@type\":\"PropertyValueSpecification\",\"valueRequired\":true,\"valueName\":\"search_term_string\"}}],\"inLanguage\":\"en-US\"}]}<\/script>\n<!-- \/ Yoast SEO plugin. -->","yoast_head_json":{"title":"Ohne Titel (Behausung in einer Favela) - Leonore Mau","robots":{"index":"index","follow":"follow","max-snippet":"max-snippet:-1","max-image-preview":"max-image-preview:large","max-video-preview":"max-video-preview:-1"},"canonical":"https:\/\/leonore-mau.de\/produkt\/ohne-titel-behausung-in-einer-favela\/","og_locale":"en_US","og_type":"article","og_title":"Ohne Titel (Behausung in einer Favela) - Leonore Mau","og_description":"D\u00fcrftige Behausung in einer Favela, davor Bananenb\u00e4ume. Eine Frau beim W\u00e4scheaufh\u00e4ngen. R\u00fcckseitenbeschriftung: &#8220;Mau Bahia 1971&#8221;","og_url":"https:\/\/leonore-mau.de\/produkt\/ohne-titel-behausung-in-einer-favela\/","og_site_name":"Leonore Mau","article_modified_time":"2022-09-13T21:11:41+00:00","og_image":[{"width":1200,"height":1191,"url":"https:\/\/leonore-mau.de\/wp-content\/uploads\/2022\/07\/70685812.jpg","type":"image\/jpeg"}],"twitter_card":"summary_large_image","schema":{"@context":"https:\/\/schema.org","@graph":[{"@type":"WebPage","@id":"https:\/\/leonore-mau.de\/produkt\/ohne-titel-behausung-in-einer-favela\/","url":"https:\/\/leonore-mau.de\/produkt\/ohne-titel-behausung-in-einer-favela\/","name":"Ohne Titel (Behausung in einer Favela) - Leonore Mau","isPartOf":{"@id":"https:\/\/leonore-mau.de\/#website"},"primaryImageOfPage":{"@id":"https:\/\/leonore-mau.de\/produkt\/ohne-titel-behausung-in-einer-favela\/#primaryimage"},"image":{"@id":"https:\/\/leonore-mau.de\/produkt\/ohne-titel-behausung-in-einer-favela\/#primaryimage"},"thumbnailUrl":"https:\/\/leonore-mau.de\/wp-content\/uploads\/2022\/07\/70685812.jpg","datePublished":"2022-07-11T13:16:46+00:00","dateModified":"2022-09-13T21:11:41+00:00","breadcrumb":{"@id":"https:\/\/leonore-mau.de\/produkt\/ohne-titel-behausung-in-einer-favela\/#breadcrumb"},"inLanguage":"en-US","potentialAction":[{"@type":"ReadAction","target":["https:\/\/leonore-mau.de\/produkt\/ohne-titel-behausung-in-einer-favela\/"]}]},{"@type":"ImageObject","inLanguage":"en-US","@id":"https:\/\/leonore-mau.de\/produkt\/ohne-titel-behausung-in-einer-favela\/#primaryimage","url":"https:\/\/leonore-mau.de\/wp-content\/uploads\/2022\/07\/70685812.jpg","contentUrl":"https:\/\/leonore-mau.de\/wp-content\/uploads\/2022\/07\/70685812.jpg","width":1200,"height":1191,"caption":"D\u00fcrftige Behausung in einer Favela, davor Bananenb\u00e4ume. Eine Frau beim W\u00e4scheaufh\u00e4ngen. R\u00fcckseitenbeschriftung: \"Mau Bahia 1971\" Aufnahmedatum: 1971 Material\/Technik: Foto \/ Cibachrome Bildformat (Foto): 29,5 x 29,8 cm Aufnahmeort: Bahia Inventar-Nr.: LM-504084"},{"@type":"BreadcrumbList","@id":"https:\/\/leonore-mau.de\/produkt\/ohne-titel-behausung-in-einer-favela\/#breadcrumb","itemListElement":[{"@type":"ListItem","position":1,"name":"Startseite","item":"https:\/\/leonore-mau.de\/en\/"},{"@type":"ListItem","position":2,"name":"Shop","item":"https:\/\/leonore-mau.de\/en\/shop-2\/"},{"@type":"ListItem","position":3,"name":"Ohne Titel (Behausung in einer Favela)"}]},{"@type":"WebSite","@id":"https:\/\/leonore-mau.de\/#website","url":"https:\/\/leonore-mau.de\/","name":"Leonore Mau","description":"Fotografin","potentialAction":[{"@type":"SearchAction","target":{"@type":"EntryPoint","urlTemplate":"https:\/\/leonore-mau.de\/?s={search_term_string}"},"query-input":{"@type":"PropertyValueSpecification","valueRequired":true,"valueName":"search_term_string"}}],"inLanguage":"en-US"}]}},"_links":{"self":[{"href":"https:\/\/leonore-mau.de\/en\/wp-json\/wp\/v2\/product\/1138","targetHints":{"allow":["GET"]}}],"collection":[{"href":"https:\/\/leonore-mau.de\/en\/wp-json\/wp\/v2\/product"}],"about":[{"href":"https:\/\/leonore-mau.de\/en\/wp-json\/wp\/v2\/types\/product"}],"wp:featuredmedia":[{"embeddable":true,"href":"https:\/\/leonore-mau.de\/en\/wp-json\/wp\/v2\/media\/585"}],"wp:attachment":[{"href":"https:\/\/leonore-mau.de\/en\/wp-json\/wp\/v2\/media?parent=1138"}],"wp:term":[{"taxonomy":"product_brand","embeddable":true,"href":"https:\/\/leonore-mau.de\/en\/wp-json\/wp\/v2\/product_brand?post=1138"},{"taxonomy":"product_cat","embeddable":true,"href":"https:\/\/leonore-mau.de\/en\/wp-json\/wp\/v2\/product_cat?post=1138"},{"taxonomy":"product_tag","embeddable":true,"href":"https:\/\/leonore-mau.de\/en\/wp-json\/wp\/v2\/product_tag?post=1138"}],"curies":[{"name":"wp","href":"https:\/\/api.w.org\/{rel}","templated":true}]}}