{"id":1148,"date":"2022-07-11T15:16:47","date_gmt":"2022-07-11T13:16:47","guid":{"rendered":"https:\/\/leonore-mau.de\/produkt\/ohne-titel-straengasse-in-estremoz\/"},"modified":"2022-09-13T23:11:45","modified_gmt":"2022-09-13T21:11:45","slug":"ohne-titel-straengasse-in-estremoz","status":"publish","type":"product","link":"https:\/\/leonore-mau.de\/en\/produkt\/ohne-titel-straengasse-in-estremoz\/","title":{"rendered":"Ohne Titel (Stra\u00dfengasse in Estremoz)"},"content":{"rendered":"<p>Stra\u00dfengasse in Estremoz in Portugal. R\u00fcckseitenbeschriftung: &#8220;Estremoz Portugal 1967&#8221;<\/p>\n","protected":false},"excerpt":{"rendered":"<p>Stra\u00dfengasse in Estremoz in Portugal. R\u00fcckseitenbeschriftung: &#8220;Estremoz Portugal 1967&#8221;<\/p>\n","protected":false},"featured_media":595,"template":"","meta":[],"product_brand":[],"product_cat":[4427,17],"product_tag":[293,78,22,24,21,23,80,250,294,295,296,297,298,299,300,301,84,171,172,302,303,304,305,306,500,501,502,503,507,43,44,308,309,70,71,658,105,107,93,92,94,91,95,2798,97,99,106,108],"class_list":{"0":"post-1148","1":"product","2":"type-product","3":"status-publish","4":"has-post-thumbnail","6":"product_cat-stadtarchitektur","7":"product_cat-unkategorisiert","8":"product_tag-1-2_stadtarchitektur","9":"product_tag-1970er-jahre","10":"product_tag-20-jahrhundert-nach-chr","11":"product_tag-20-jh-n-chr","12":"product_tag-20-jahrhundert","13":"product_tag-20-jh","14":"product_tag-70er","15":"product_tag-architektur","16":"product_tag-architekturaufnahme","17":"product_tag-architekturaufnahmen","18":"product_tag-architekturfoto","19":"product_tag-architekturfotografie","20":"product_tag-architekturfotografien","21":"product_tag-architekturfotos","22":"product_tag-architekturphotographie","23":"product_tag-architekturphotographien","24":"product_tag-ausland","25":"product_tag-aussenaufnahme","26":"product_tag-aussenaufnahmen","27":"product_tag-bauten","28":"product_tag-bauwerk","29":"product_tag-bauwerke","30":"product_tag-bauwerkes","31":"product_tag-bauwerks","32":"product_tag-fahrrad","33":"product_tag-fahrraeder","34":"product_tag-fahrraedern","35":"product_tag-fahrrades","36":"product_tag-fahrrads","37":"product_tag-fotografin","38":"product_tag-fotografinnen","39":"product_tag-gebaeude","40":"product_tag-gebaeudes","41":"product_tag-photographin","42":"product_tag-photographinnen","43":"product_tag-portugal","44":"product_tag-s-w-fotografie","45":"product_tag-s-w-photographie","46":"product_tag-schwarzweissphotographie","47":"product_tag-schwarz-weiss-fotografie","48":"product_tag-schwarz-weiss-photographie","49":"product_tag-schwarzweissfotografie","50":"product_tag-siebziger","51":"product_tag-strassengasse","52":"product_tag-strassenleben","53":"product_tag-strassenszene","54":"product_tag-sw-fotografie","55":"product_tag-sw-photographie","57":"first","58":"instock","59":"shipping-taxable","60":"product-type-simple"},"yoast_head":"<!-- This site is optimized with the Yoast SEO plugin v27.3 - https:\/\/yoast.com\/product\/yoast-seo-wordpress\/ -->\n<title>Ohne Titel (Stra\u00dfengasse in Estremoz) - Leonore Mau<\/title>\n<meta name=\"robots\" content=\"index, follow, max-snippet:-1, max-image-preview:large, max-video-preview:-1\" \/>\n<link rel=\"canonical\" href=\"https:\/\/leonore-mau.de\/produkt\/ohne-titel-straengasse-in-estremoz\/\" \/>\n<meta property=\"og:locale\" content=\"en_US\" \/>\n<meta property=\"og:type\" content=\"article\" \/>\n<meta property=\"og:title\" content=\"Ohne Titel (Stra\u00dfengasse in Estremoz) - Leonore Mau\" \/>\n<meta property=\"og:description\" content=\"Stra\u00dfengasse in Estremoz in Portugal. R\u00fcckseitenbeschriftung: &#8220;Estremoz Portugal 1967&#8221;\" \/>\n<meta property=\"og:url\" content=\"https:\/\/leonore-mau.de\/produkt\/ohne-titel-straengasse-in-estremoz\/\" \/>\n<meta property=\"og:site_name\" content=\"Leonore Mau\" \/>\n<meta property=\"article:modified_time\" content=\"2022-09-13T21:11:45+00:00\" \/>\n<meta property=\"og:image\" content=\"https:\/\/leonore-mau.de\/wp-content\/uploads\/2022\/07\/70687607.jpg\" \/>\n\t<meta property=\"og:image:width\" content=\"914\" \/>\n\t<meta property=\"og:image:height\" content=\"1200\" \/>\n\t<meta property=\"og:image:type\" content=\"image\/jpeg\" \/>\n<meta name=\"twitter:card\" content=\"summary_large_image\" \/>\n<script type=\"application\/ld+json\" class=\"yoast-schema-graph\">{\"@context\":\"https:\\\/\\\/schema.org\",\"@graph\":[{\"@type\":\"WebPage\",\"@id\":\"https:\\\/\\\/leonore-mau.de\\\/produkt\\\/ohne-titel-straengasse-in-estremoz\\\/\",\"url\":\"https:\\\/\\\/leonore-mau.de\\\/produkt\\\/ohne-titel-straengasse-in-estremoz\\\/\",\"name\":\"Ohne Titel (Stra\u00dfengasse in Estremoz) - Leonore Mau\",\"isPartOf\":{\"@id\":\"https:\\\/\\\/leonore-mau.de\\\/#website\"},\"primaryImageOfPage\":{\"@id\":\"https:\\\/\\\/leonore-mau.de\\\/produkt\\\/ohne-titel-straengasse-in-estremoz\\\/#primaryimage\"},\"image\":{\"@id\":\"https:\\\/\\\/leonore-mau.de\\\/produkt\\\/ohne-titel-straengasse-in-estremoz\\\/#primaryimage\"},\"thumbnailUrl\":\"https:\\\/\\\/leonore-mau.de\\\/wp-content\\\/uploads\\\/2022\\\/07\\\/70687607.jpg\",\"datePublished\":\"2022-07-11T13:16:47+00:00\",\"dateModified\":\"2022-09-13T21:11:45+00:00\",\"breadcrumb\":{\"@id\":\"https:\\\/\\\/leonore-mau.de\\\/produkt\\\/ohne-titel-straengasse-in-estremoz\\\/#breadcrumb\"},\"inLanguage\":\"en-US\",\"potentialAction\":[{\"@type\":\"ReadAction\",\"target\":[\"https:\\\/\\\/leonore-mau.de\\\/produkt\\\/ohne-titel-straengasse-in-estremoz\\\/\"]}]},{\"@type\":\"ImageObject\",\"inLanguage\":\"en-US\",\"@id\":\"https:\\\/\\\/leonore-mau.de\\\/produkt\\\/ohne-titel-straengasse-in-estremoz\\\/#primaryimage\",\"url\":\"https:\\\/\\\/leonore-mau.de\\\/wp-content\\\/uploads\\\/2022\\\/07\\\/70687607.jpg\",\"contentUrl\":\"https:\\\/\\\/leonore-mau.de\\\/wp-content\\\/uploads\\\/2022\\\/07\\\/70687607.jpg\",\"width\":914,\"height\":1200,\"caption\":\"Stra\u00dfengasse in Estremoz in Portugal. R\u00fcckseitenbeschriftung: \\\"Estremoz Portugal 1967\\\" Aufnahmedatum: 1967 Material\\\/Technik: Foto \\\/ Silbergelatine auf Barytpapier Bildformat (Foto): 22,5 x 29,5 cm Aufnahmeort: Estremoz Inventar-Nr.: LM-503322\"},{\"@type\":\"BreadcrumbList\",\"@id\":\"https:\\\/\\\/leonore-mau.de\\\/produkt\\\/ohne-titel-straengasse-in-estremoz\\\/#breadcrumb\",\"itemListElement\":[{\"@type\":\"ListItem\",\"position\":1,\"name\":\"Startseite\",\"item\":\"https:\\\/\\\/leonore-mau.de\\\/en\\\/\"},{\"@type\":\"ListItem\",\"position\":2,\"name\":\"Shop\",\"item\":\"https:\\\/\\\/leonore-mau.de\\\/en\\\/shop-2\\\/\"},{\"@type\":\"ListItem\",\"position\":3,\"name\":\"Ohne Titel (Stra\u00dfengasse in Estremoz)\"}]},{\"@type\":\"WebSite\",\"@id\":\"https:\\\/\\\/leonore-mau.de\\\/#website\",\"url\":\"https:\\\/\\\/leonore-mau.de\\\/\",\"name\":\"Leonore Mau\",\"description\":\"Fotografin\",\"potentialAction\":[{\"@type\":\"SearchAction\",\"target\":{\"@type\":\"EntryPoint\",\"urlTemplate\":\"https:\\\/\\\/leonore-mau.de\\\/?s={search_term_string}\"},\"query-input\":{\"@type\":\"PropertyValueSpecification\",\"valueRequired\":true,\"valueName\":\"search_term_string\"}}],\"inLanguage\":\"en-US\"}]}<\/script>\n<!-- \/ Yoast SEO plugin. -->","yoast_head_json":{"title":"Ohne Titel (Stra\u00dfengasse in Estremoz) - Leonore Mau","robots":{"index":"index","follow":"follow","max-snippet":"max-snippet:-1","max-image-preview":"max-image-preview:large","max-video-preview":"max-video-preview:-1"},"canonical":"https:\/\/leonore-mau.de\/produkt\/ohne-titel-straengasse-in-estremoz\/","og_locale":"en_US","og_type":"article","og_title":"Ohne Titel (Stra\u00dfengasse in Estremoz) - Leonore Mau","og_description":"Stra\u00dfengasse in Estremoz in Portugal. R\u00fcckseitenbeschriftung: &#8220;Estremoz Portugal 1967&#8221;","og_url":"https:\/\/leonore-mau.de\/produkt\/ohne-titel-straengasse-in-estremoz\/","og_site_name":"Leonore Mau","article_modified_time":"2022-09-13T21:11:45+00:00","og_image":[{"width":914,"height":1200,"url":"https:\/\/leonore-mau.de\/wp-content\/uploads\/2022\/07\/70687607.jpg","type":"image\/jpeg"}],"twitter_card":"summary_large_image","schema":{"@context":"https:\/\/schema.org","@graph":[{"@type":"WebPage","@id":"https:\/\/leonore-mau.de\/produkt\/ohne-titel-straengasse-in-estremoz\/","url":"https:\/\/leonore-mau.de\/produkt\/ohne-titel-straengasse-in-estremoz\/","name":"Ohne Titel (Stra\u00dfengasse in Estremoz) - Leonore Mau","isPartOf":{"@id":"https:\/\/leonore-mau.de\/#website"},"primaryImageOfPage":{"@id":"https:\/\/leonore-mau.de\/produkt\/ohne-titel-straengasse-in-estremoz\/#primaryimage"},"image":{"@id":"https:\/\/leonore-mau.de\/produkt\/ohne-titel-straengasse-in-estremoz\/#primaryimage"},"thumbnailUrl":"https:\/\/leonore-mau.de\/wp-content\/uploads\/2022\/07\/70687607.jpg","datePublished":"2022-07-11T13:16:47+00:00","dateModified":"2022-09-13T21:11:45+00:00","breadcrumb":{"@id":"https:\/\/leonore-mau.de\/produkt\/ohne-titel-straengasse-in-estremoz\/#breadcrumb"},"inLanguage":"en-US","potentialAction":[{"@type":"ReadAction","target":["https:\/\/leonore-mau.de\/produkt\/ohne-titel-straengasse-in-estremoz\/"]}]},{"@type":"ImageObject","inLanguage":"en-US","@id":"https:\/\/leonore-mau.de\/produkt\/ohne-titel-straengasse-in-estremoz\/#primaryimage","url":"https:\/\/leonore-mau.de\/wp-content\/uploads\/2022\/07\/70687607.jpg","contentUrl":"https:\/\/leonore-mau.de\/wp-content\/uploads\/2022\/07\/70687607.jpg","width":914,"height":1200,"caption":"Stra\u00dfengasse in Estremoz in Portugal. R\u00fcckseitenbeschriftung: \"Estremoz Portugal 1967\" Aufnahmedatum: 1967 Material\/Technik: Foto \/ Silbergelatine auf Barytpapier Bildformat (Foto): 22,5 x 29,5 cm Aufnahmeort: Estremoz Inventar-Nr.: LM-503322"},{"@type":"BreadcrumbList","@id":"https:\/\/leonore-mau.de\/produkt\/ohne-titel-straengasse-in-estremoz\/#breadcrumb","itemListElement":[{"@type":"ListItem","position":1,"name":"Startseite","item":"https:\/\/leonore-mau.de\/en\/"},{"@type":"ListItem","position":2,"name":"Shop","item":"https:\/\/leonore-mau.de\/en\/shop-2\/"},{"@type":"ListItem","position":3,"name":"Ohne Titel (Stra\u00dfengasse in Estremoz)"}]},{"@type":"WebSite","@id":"https:\/\/leonore-mau.de\/#website","url":"https:\/\/leonore-mau.de\/","name":"Leonore Mau","description":"Fotografin","potentialAction":[{"@type":"SearchAction","target":{"@type":"EntryPoint","urlTemplate":"https:\/\/leonore-mau.de\/?s={search_term_string}"},"query-input":{"@type":"PropertyValueSpecification","valueRequired":true,"valueName":"search_term_string"}}],"inLanguage":"en-US"}]}},"_links":{"self":[{"href":"https:\/\/leonore-mau.de\/en\/wp-json\/wp\/v2\/product\/1148","targetHints":{"allow":["GET"]}}],"collection":[{"href":"https:\/\/leonore-mau.de\/en\/wp-json\/wp\/v2\/product"}],"about":[{"href":"https:\/\/leonore-mau.de\/en\/wp-json\/wp\/v2\/types\/product"}],"wp:featuredmedia":[{"embeddable":true,"href":"https:\/\/leonore-mau.de\/en\/wp-json\/wp\/v2\/media\/595"}],"wp:attachment":[{"href":"https:\/\/leonore-mau.de\/en\/wp-json\/wp\/v2\/media?parent=1148"}],"wp:term":[{"taxonomy":"product_brand","embeddable":true,"href":"https:\/\/leonore-mau.de\/en\/wp-json\/wp\/v2\/product_brand?post=1148"},{"taxonomy":"product_cat","embeddable":true,"href":"https:\/\/leonore-mau.de\/en\/wp-json\/wp\/v2\/product_cat?post=1148"},{"taxonomy":"product_tag","embeddable":true,"href":"https:\/\/leonore-mau.de\/en\/wp-json\/wp\/v2\/product_tag?post=1148"}],"curies":[{"name":"wp","href":"https:\/\/api.w.org\/{rel}","templated":true}]}}