{"id":1170,"date":"2022-07-11T15:16:51","date_gmt":"2022-07-11T13:16:51","guid":{"rendered":"https:\/\/leonore-mau.de\/produkt\/ohne-titel-kurfrstendamm-im-regen\/"},"modified":"2022-09-13T23:11:58","modified_gmt":"2022-09-13T21:11:58","slug":"ohne-titel-kurfrstendamm-im-regen","status":"publish","type":"product","link":"https:\/\/leonore-mau.de\/en\/produkt\/ohne-titel-kurfrstendamm-im-regen\/","title":{"rendered":"Ohne Titel (Kurf\u00fcrstendamm im Regen)"},"content":{"rendered":"<p>Kurf\u00fcrstendamm im Regen. Passantinnen und Passanten mit Regenschirmen. Im Hintergrund die Kaiser-Wilhelm-Ged\u00e4chtnis-Kirche.<\/p>\n","protected":false},"excerpt":{"rendered":"<p>Kurf\u00fcrstendamm im Regen. Passantinnen und Passanten mit Regenschirmen. Im Hintergrund die Kaiser-Wilhelm-Ged\u00e4chtnis-Kirche.<\/p>\n","protected":false},"featured_media":617,"template":"","meta":[],"product_brand":[],"product_cat":[4436,17],"product_tag":[19,20,228,22,24,21,23,25,26,2881,2882,352,353,2883,2884,2885,2886,2887,2888,2889,43,44,354,740,52,160,165,166,2890,2892,2891,598,599,2895,2893,2896,161,162,167,168,70,71,849,850,851,2897,2898,852,2899,105,107,93,92,94,91,74,2900,2901,2902,106,108],"class_list":{"0":"post-1170","1":"product","2":"type-product","3":"status-publish","4":"has-post-thumbnail","6":"product_cat-strassenszenen","7":"product_cat-unkategorisiert","8":"product_tag-1950er-jahre","9":"product_tag-1960er-jahre","10":"product_tag-2-4_strassenszenen","11":"product_tag-20-jahrhundert-nach-chr","12":"product_tag-20-jh-n-chr","13":"product_tag-20-jahrhundert","14":"product_tag-20-jh","15":"product_tag-50er","16":"product_tag-60er","17":"product_tag-arkade","18":"product_tag-arkaden","19":"product_tag-brd","20":"product_tag-bundesrepublik-deutschland","21":"product_tag-flanieren","22":"product_tag-flanierend","23":"product_tag-flanierende","24":"product_tag-flanierenden","25":"product_tag-flanierender","26":"product_tag-flaniermeile","27":"product_tag-flaniert","28":"product_tag-fotografin","29":"product_tag-fotografinnen","30":"product_tag-frau","31":"product_tag-frauen","32":"product_tag-fuenfziger","33":"product_tag-fussgaenger","34":"product_tag-fussgaengerin","35":"product_tag-fussgaengerinnen","36":"product_tag-gedaechtniskirche","37":"product_tag-kaiser-wilhelm-gedaechtnis-kirche","38":"product_tag-kaiser-wilhelm-gedaechtniskirche","39":"product_tag-kirche","40":"product_tag-kirchen","41":"product_tag-ku-damm","42":"product_tag-kudamm","43":"product_tag-kurfuerstendamm","44":"product_tag-passant","45":"product_tag-passanten","46":"product_tag-passantin","47":"product_tag-passantinnen","48":"product_tag-photographin","49":"product_tag-photographinnen","50":"product_tag-regen","51":"product_tag-regenschirm","52":"product_tag-regenschirme","53":"product_tag-regenschutz","54":"product_tag-regenwetter","55":"product_tag-regnen","56":"product_tag-regnet","57":"product_tag-s-w-fotografie","58":"product_tag-s-w-photographie","59":"product_tag-schwarzweissphotographie","60":"product_tag-schwarz-weiss-fotografie","61":"product_tag-schwarz-weiss-photographie","62":"product_tag-schwarzweissfotografie","63":"product_tag-sechziger","64":"product_tag-shoppen","65":"product_tag-shopping","66":"product_tag-shoppingmeile","67":"product_tag-sw-fotografie","68":"product_tag-sw-photographie","70":"first","71":"instock","72":"shipping-taxable","73":"product-type-simple"},"yoast_head":"<!-- This site is optimized with the Yoast SEO plugin v27.3 - https:\/\/yoast.com\/product\/yoast-seo-wordpress\/ -->\n<title>Ohne Titel (Kurf\u00fcrstendamm im Regen) - Leonore Mau<\/title>\n<meta name=\"robots\" content=\"index, follow, max-snippet:-1, max-image-preview:large, max-video-preview:-1\" \/>\n<link rel=\"canonical\" href=\"https:\/\/leonore-mau.de\/produkt\/ohne-titel-kurfrstendamm-im-regen\/\" \/>\n<meta property=\"og:locale\" content=\"en_US\" \/>\n<meta property=\"og:type\" content=\"article\" \/>\n<meta property=\"og:title\" content=\"Ohne Titel (Kurf\u00fcrstendamm im Regen) - Leonore Mau\" \/>\n<meta property=\"og:description\" content=\"Kurf\u00fcrstendamm im Regen. Passantinnen und Passanten mit Regenschirmen. Im Hintergrund die Kaiser-Wilhelm-Ged\u00e4chtnis-Kirche.\" \/>\n<meta property=\"og:url\" content=\"https:\/\/leonore-mau.de\/produkt\/ohne-titel-kurfrstendamm-im-regen\/\" \/>\n<meta property=\"og:site_name\" content=\"Leonore Mau\" \/>\n<meta property=\"article:modified_time\" content=\"2022-09-13T21:11:58+00:00\" \/>\n<meta property=\"og:image\" content=\"https:\/\/leonore-mau.de\/wp-content\/uploads\/2022\/07\/70688353.jpg\" \/>\n\t<meta property=\"og:image:width\" content=\"817\" \/>\n\t<meta property=\"og:image:height\" content=\"1200\" \/>\n\t<meta property=\"og:image:type\" content=\"image\/jpeg\" \/>\n<meta name=\"twitter:card\" content=\"summary_large_image\" \/>\n<script type=\"application\/ld+json\" class=\"yoast-schema-graph\">{\"@context\":\"https:\\\/\\\/schema.org\",\"@graph\":[{\"@type\":\"WebPage\",\"@id\":\"https:\\\/\\\/leonore-mau.de\\\/produkt\\\/ohne-titel-kurfrstendamm-im-regen\\\/\",\"url\":\"https:\\\/\\\/leonore-mau.de\\\/produkt\\\/ohne-titel-kurfrstendamm-im-regen\\\/\",\"name\":\"Ohne Titel (Kurf\u00fcrstendamm im Regen) - Leonore Mau\",\"isPartOf\":{\"@id\":\"https:\\\/\\\/leonore-mau.de\\\/#website\"},\"primaryImageOfPage\":{\"@id\":\"https:\\\/\\\/leonore-mau.de\\\/produkt\\\/ohne-titel-kurfrstendamm-im-regen\\\/#primaryimage\"},\"image\":{\"@id\":\"https:\\\/\\\/leonore-mau.de\\\/produkt\\\/ohne-titel-kurfrstendamm-im-regen\\\/#primaryimage\"},\"thumbnailUrl\":\"https:\\\/\\\/leonore-mau.de\\\/wp-content\\\/uploads\\\/2022\\\/07\\\/70688353.jpg\",\"datePublished\":\"2022-07-11T13:16:51+00:00\",\"dateModified\":\"2022-09-13T21:11:58+00:00\",\"breadcrumb\":{\"@id\":\"https:\\\/\\\/leonore-mau.de\\\/produkt\\\/ohne-titel-kurfrstendamm-im-regen\\\/#breadcrumb\"},\"inLanguage\":\"en-US\",\"potentialAction\":[{\"@type\":\"ReadAction\",\"target\":[\"https:\\\/\\\/leonore-mau.de\\\/produkt\\\/ohne-titel-kurfrstendamm-im-regen\\\/\"]}]},{\"@type\":\"ImageObject\",\"inLanguage\":\"en-US\",\"@id\":\"https:\\\/\\\/leonore-mau.de\\\/produkt\\\/ohne-titel-kurfrstendamm-im-regen\\\/#primaryimage\",\"url\":\"https:\\\/\\\/leonore-mau.de\\\/wp-content\\\/uploads\\\/2022\\\/07\\\/70688353.jpg\",\"contentUrl\":\"https:\\\/\\\/leonore-mau.de\\\/wp-content\\\/uploads\\\/2022\\\/07\\\/70688353.jpg\",\"width\":817,\"height\":1200,\"caption\":\"Kaiser-Wilhelm-Ged\u00e4chtnis-Kirche in West-Berlin. Aufnahmedatum: 1955 - 1965 Material\\\/Technik: Foto \\\/ Silbergelatine auf Barytpapier Bildformat (Foto): 16,5 x 24,0 cm Aufnahmeort: Berlin (West) \\\/ BRD Inventar-Nr.: LM-502448\"},{\"@type\":\"BreadcrumbList\",\"@id\":\"https:\\\/\\\/leonore-mau.de\\\/produkt\\\/ohne-titel-kurfrstendamm-im-regen\\\/#breadcrumb\",\"itemListElement\":[{\"@type\":\"ListItem\",\"position\":1,\"name\":\"Startseite\",\"item\":\"https:\\\/\\\/leonore-mau.de\\\/en\\\/\"},{\"@type\":\"ListItem\",\"position\":2,\"name\":\"Shop\",\"item\":\"https:\\\/\\\/leonore-mau.de\\\/en\\\/shop-2\\\/\"},{\"@type\":\"ListItem\",\"position\":3,\"name\":\"Ohne Titel (Kurf\u00fcrstendamm im Regen)\"}]},{\"@type\":\"WebSite\",\"@id\":\"https:\\\/\\\/leonore-mau.de\\\/#website\",\"url\":\"https:\\\/\\\/leonore-mau.de\\\/\",\"name\":\"Leonore Mau\",\"description\":\"Fotografin\",\"potentialAction\":[{\"@type\":\"SearchAction\",\"target\":{\"@type\":\"EntryPoint\",\"urlTemplate\":\"https:\\\/\\\/leonore-mau.de\\\/?s={search_term_string}\"},\"query-input\":{\"@type\":\"PropertyValueSpecification\",\"valueRequired\":true,\"valueName\":\"search_term_string\"}}],\"inLanguage\":\"en-US\"}]}<\/script>\n<!-- \/ Yoast SEO plugin. -->","yoast_head_json":{"title":"Ohne Titel (Kurf\u00fcrstendamm im Regen) - Leonore Mau","robots":{"index":"index","follow":"follow","max-snippet":"max-snippet:-1","max-image-preview":"max-image-preview:large","max-video-preview":"max-video-preview:-1"},"canonical":"https:\/\/leonore-mau.de\/produkt\/ohne-titel-kurfrstendamm-im-regen\/","og_locale":"en_US","og_type":"article","og_title":"Ohne Titel (Kurf\u00fcrstendamm im Regen) - Leonore Mau","og_description":"Kurf\u00fcrstendamm im Regen. Passantinnen und Passanten mit Regenschirmen. Im Hintergrund die Kaiser-Wilhelm-Ged\u00e4chtnis-Kirche.","og_url":"https:\/\/leonore-mau.de\/produkt\/ohne-titel-kurfrstendamm-im-regen\/","og_site_name":"Leonore Mau","article_modified_time":"2022-09-13T21:11:58+00:00","og_image":[{"width":817,"height":1200,"url":"https:\/\/leonore-mau.de\/wp-content\/uploads\/2022\/07\/70688353.jpg","type":"image\/jpeg"}],"twitter_card":"summary_large_image","schema":{"@context":"https:\/\/schema.org","@graph":[{"@type":"WebPage","@id":"https:\/\/leonore-mau.de\/produkt\/ohne-titel-kurfrstendamm-im-regen\/","url":"https:\/\/leonore-mau.de\/produkt\/ohne-titel-kurfrstendamm-im-regen\/","name":"Ohne Titel (Kurf\u00fcrstendamm im Regen) - Leonore Mau","isPartOf":{"@id":"https:\/\/leonore-mau.de\/#website"},"primaryImageOfPage":{"@id":"https:\/\/leonore-mau.de\/produkt\/ohne-titel-kurfrstendamm-im-regen\/#primaryimage"},"image":{"@id":"https:\/\/leonore-mau.de\/produkt\/ohne-titel-kurfrstendamm-im-regen\/#primaryimage"},"thumbnailUrl":"https:\/\/leonore-mau.de\/wp-content\/uploads\/2022\/07\/70688353.jpg","datePublished":"2022-07-11T13:16:51+00:00","dateModified":"2022-09-13T21:11:58+00:00","breadcrumb":{"@id":"https:\/\/leonore-mau.de\/produkt\/ohne-titel-kurfrstendamm-im-regen\/#breadcrumb"},"inLanguage":"en-US","potentialAction":[{"@type":"ReadAction","target":["https:\/\/leonore-mau.de\/produkt\/ohne-titel-kurfrstendamm-im-regen\/"]}]},{"@type":"ImageObject","inLanguage":"en-US","@id":"https:\/\/leonore-mau.de\/produkt\/ohne-titel-kurfrstendamm-im-regen\/#primaryimage","url":"https:\/\/leonore-mau.de\/wp-content\/uploads\/2022\/07\/70688353.jpg","contentUrl":"https:\/\/leonore-mau.de\/wp-content\/uploads\/2022\/07\/70688353.jpg","width":817,"height":1200,"caption":"Kaiser-Wilhelm-Ged\u00e4chtnis-Kirche in West-Berlin. Aufnahmedatum: 1955 - 1965 Material\/Technik: Foto \/ Silbergelatine auf Barytpapier Bildformat (Foto): 16,5 x 24,0 cm Aufnahmeort: Berlin (West) \/ BRD Inventar-Nr.: LM-502448"},{"@type":"BreadcrumbList","@id":"https:\/\/leonore-mau.de\/produkt\/ohne-titel-kurfrstendamm-im-regen\/#breadcrumb","itemListElement":[{"@type":"ListItem","position":1,"name":"Startseite","item":"https:\/\/leonore-mau.de\/en\/"},{"@type":"ListItem","position":2,"name":"Shop","item":"https:\/\/leonore-mau.de\/en\/shop-2\/"},{"@type":"ListItem","position":3,"name":"Ohne Titel (Kurf\u00fcrstendamm im Regen)"}]},{"@type":"WebSite","@id":"https:\/\/leonore-mau.de\/#website","url":"https:\/\/leonore-mau.de\/","name":"Leonore Mau","description":"Fotografin","potentialAction":[{"@type":"SearchAction","target":{"@type":"EntryPoint","urlTemplate":"https:\/\/leonore-mau.de\/?s={search_term_string}"},"query-input":{"@type":"PropertyValueSpecification","valueRequired":true,"valueName":"search_term_string"}}],"inLanguage":"en-US"}]}},"_links":{"self":[{"href":"https:\/\/leonore-mau.de\/en\/wp-json\/wp\/v2\/product\/1170","targetHints":{"allow":["GET"]}}],"collection":[{"href":"https:\/\/leonore-mau.de\/en\/wp-json\/wp\/v2\/product"}],"about":[{"href":"https:\/\/leonore-mau.de\/en\/wp-json\/wp\/v2\/types\/product"}],"wp:featuredmedia":[{"embeddable":true,"href":"https:\/\/leonore-mau.de\/en\/wp-json\/wp\/v2\/media\/617"}],"wp:attachment":[{"href":"https:\/\/leonore-mau.de\/en\/wp-json\/wp\/v2\/media?parent=1170"}],"wp:term":[{"taxonomy":"product_brand","embeddable":true,"href":"https:\/\/leonore-mau.de\/en\/wp-json\/wp\/v2\/product_brand?post=1170"},{"taxonomy":"product_cat","embeddable":true,"href":"https:\/\/leonore-mau.de\/en\/wp-json\/wp\/v2\/product_cat?post=1170"},{"taxonomy":"product_tag","embeddable":true,"href":"https:\/\/leonore-mau.de\/en\/wp-json\/wp\/v2\/product_tag?post=1170"}],"curies":[{"name":"wp","href":"https:\/\/api.w.org\/{rel}","templated":true}]}}