{"id":1187,"date":"2022-07-11T15:16:52","date_gmt":"2022-07-11T13:16:52","guid":{"rendered":"https:\/\/leonore-mau.de\/produkt\/beerdigung-armer-leute\/"},"modified":"2022-09-13T23:12:04","modified_gmt":"2022-09-13T21:12:04","slug":"beerdigung-armer-leute","status":"publish","type":"product","link":"https:\/\/leonore-mau.de\/en\/produkt\/beerdigung-armer-leute\/","title":{"rendered":"Beerdigung armer Leute"},"content":{"rendered":"<p>Eine Gruppe von M\u00e4nnern tr\u00e4gt einen Sarg \u00fcber die Stra\u00dfe. R\u00fcckseitenbeschriftung: &#8220;Cairo, Beerdigung armer Leute&#8221;<\/p>\n","protected":false},"excerpt":{"rendered":"<p>Eine Gruppe von M\u00e4nnern tr\u00e4gt einen Sarg \u00fcber die Stra\u00dfe. R\u00fcckseitenbeschriftung: &#8220;Cairo, Beerdigung armer Leute&#8221;<\/p>\n","protected":false},"featured_media":634,"template":"","meta":[],"product_brand":[],"product_cat":[4431,17],"product_tag":[20,613,22,24,21,23,26,2094,2095,84,115,116,117,118,119,2024,2025,2026,2027,2028,2029,2030,2031,2032,2033,43,44,2036,2037,2038,2039,486,560,70,71,2040,2041,74,97,99,2953,2954,2955],"class_list":{"0":"post-1187","1":"product","2":"type-product","3":"status-publish","4":"has-post-thumbnail","6":"product_cat-friedhof","7":"product_cat-unkategorisiert","8":"product_tag-1960er-jahre","9":"product_tag-2-2_friedhof","10":"product_tag-20-jahrhundert-nach-chr","11":"product_tag-20-jh-n-chr","12":"product_tag-20-jahrhundert","13":"product_tag-20-jh","14":"product_tag-60er","15":"product_tag-aegypten","16":"product_tag-aegyptens","17":"product_tag-ausland","18":"product_tag-auto","19":"product_tag-automobil","20":"product_tag-automobile","21":"product_tag-automobils","22":"product_tag-autos","23":"product_tag-beerdigung","24":"product_tag-beerdigungen","25":"product_tag-begraebnis","26":"product_tag-begraebnisse","27":"product_tag-begraebnisses","28":"product_tag-beisetzung","29":"product_tag-beisetzungen","30":"product_tag-bestattung","31":"product_tag-bestattungen","32":"product_tag-bestattungs","33":"product_tag-fotografin","34":"product_tag-fotografinnen","35":"product_tag-leiche","36":"product_tag-leichen","37":"product_tag-leichnam","38":"product_tag-leichname","39":"product_tag-mann","40":"product_tag-maenner","41":"product_tag-photographin","42":"product_tag-photographinnen","43":"product_tag-sarg","44":"product_tag-sarge","45":"product_tag-sechziger","46":"product_tag-strassenleben","47":"product_tag-strassenszene","48":"product_tag-transport","49":"product_tag-transporte","50":"product_tag-transportieren","52":"first","53":"instock","54":"shipping-taxable","55":"product-type-simple"},"yoast_head":"<!-- This site is optimized with the Yoast SEO plugin v27.3 - https:\/\/yoast.com\/product\/yoast-seo-wordpress\/ -->\n<title>Beerdigung armer Leute - Leonore Mau<\/title>\n<meta name=\"robots\" content=\"index, follow, max-snippet:-1, max-image-preview:large, max-video-preview:-1\" \/>\n<link rel=\"canonical\" href=\"https:\/\/leonore-mau.de\/produkt\/beerdigung-armer-leute\/\" \/>\n<meta property=\"og:locale\" content=\"en_US\" \/>\n<meta property=\"og:type\" content=\"article\" \/>\n<meta property=\"og:title\" content=\"Beerdigung armer Leute - Leonore Mau\" \/>\n<meta property=\"og:description\" content=\"Eine Gruppe von M\u00e4nnern tr\u00e4gt einen Sarg \u00fcber die Stra\u00dfe. R\u00fcckseitenbeschriftung: &#8220;Cairo, Beerdigung armer Leute&#8221;\" \/>\n<meta property=\"og:url\" content=\"https:\/\/leonore-mau.de\/produkt\/beerdigung-armer-leute\/\" \/>\n<meta property=\"og:site_name\" content=\"Leonore Mau\" \/>\n<meta property=\"article:modified_time\" content=\"2022-09-13T21:12:04+00:00\" \/>\n<meta property=\"og:image\" content=\"https:\/\/leonore-mau.de\/wp-content\/uploads\/2022\/07\/70688372.jpg\" \/>\n\t<meta property=\"og:image:width\" content=\"1200\" \/>\n\t<meta property=\"og:image:height\" content=\"965\" \/>\n\t<meta property=\"og:image:type\" content=\"image\/jpeg\" \/>\n<meta name=\"twitter:card\" content=\"summary_large_image\" \/>\n<script type=\"application\/ld+json\" class=\"yoast-schema-graph\">{\"@context\":\"https:\\\/\\\/schema.org\",\"@graph\":[{\"@type\":\"WebPage\",\"@id\":\"https:\\\/\\\/leonore-mau.de\\\/produkt\\\/beerdigung-armer-leute\\\/\",\"url\":\"https:\\\/\\\/leonore-mau.de\\\/produkt\\\/beerdigung-armer-leute\\\/\",\"name\":\"Beerdigung armer Leute - Leonore Mau\",\"isPartOf\":{\"@id\":\"https:\\\/\\\/leonore-mau.de\\\/#website\"},\"primaryImageOfPage\":{\"@id\":\"https:\\\/\\\/leonore-mau.de\\\/produkt\\\/beerdigung-armer-leute\\\/#primaryimage\"},\"image\":{\"@id\":\"https:\\\/\\\/leonore-mau.de\\\/produkt\\\/beerdigung-armer-leute\\\/#primaryimage\"},\"thumbnailUrl\":\"https:\\\/\\\/leonore-mau.de\\\/wp-content\\\/uploads\\\/2022\\\/07\\\/70688372.jpg\",\"datePublished\":\"2022-07-11T13:16:52+00:00\",\"dateModified\":\"2022-09-13T21:12:04+00:00\",\"breadcrumb\":{\"@id\":\"https:\\\/\\\/leonore-mau.de\\\/produkt\\\/beerdigung-armer-leute\\\/#breadcrumb\"},\"inLanguage\":\"en-US\",\"potentialAction\":[{\"@type\":\"ReadAction\",\"target\":[\"https:\\\/\\\/leonore-mau.de\\\/produkt\\\/beerdigung-armer-leute\\\/\"]}]},{\"@type\":\"ImageObject\",\"inLanguage\":\"en-US\",\"@id\":\"https:\\\/\\\/leonore-mau.de\\\/produkt\\\/beerdigung-armer-leute\\\/#primaryimage\",\"url\":\"https:\\\/\\\/leonore-mau.de\\\/wp-content\\\/uploads\\\/2022\\\/07\\\/70688372.jpg\",\"contentUrl\":\"https:\\\/\\\/leonore-mau.de\\\/wp-content\\\/uploads\\\/2022\\\/07\\\/70688372.jpg\",\"width\":1200,\"height\":965,\"caption\":\"Eine Gruppe von M\u00e4nnern tr\u00e4gt einen Sarg \u00fcber die Stra\u00dfe. R\u00fcckseitenbeschriftung: \\\"Cairo, Beerdigung armer Leute\\\" Aufnahmedatum: 1969 Material\\\/Technik: Foto \\\/ Silbergelatine auf Barytpapier Bildformat (Foto): 24,0 x 29,9 cm Aufnahmeort: Kairo Inventar-Nr.: LM-505645\"},{\"@type\":\"BreadcrumbList\",\"@id\":\"https:\\\/\\\/leonore-mau.de\\\/produkt\\\/beerdigung-armer-leute\\\/#breadcrumb\",\"itemListElement\":[{\"@type\":\"ListItem\",\"position\":1,\"name\":\"Startseite\",\"item\":\"https:\\\/\\\/leonore-mau.de\\\/en\\\/\"},{\"@type\":\"ListItem\",\"position\":2,\"name\":\"Shop\",\"item\":\"https:\\\/\\\/leonore-mau.de\\\/en\\\/shop-2\\\/\"},{\"@type\":\"ListItem\",\"position\":3,\"name\":\"Beerdigung armer Leute\"}]},{\"@type\":\"WebSite\",\"@id\":\"https:\\\/\\\/leonore-mau.de\\\/#website\",\"url\":\"https:\\\/\\\/leonore-mau.de\\\/\",\"name\":\"Leonore Mau\",\"description\":\"Fotografin\",\"potentialAction\":[{\"@type\":\"SearchAction\",\"target\":{\"@type\":\"EntryPoint\",\"urlTemplate\":\"https:\\\/\\\/leonore-mau.de\\\/?s={search_term_string}\"},\"query-input\":{\"@type\":\"PropertyValueSpecification\",\"valueRequired\":true,\"valueName\":\"search_term_string\"}}],\"inLanguage\":\"en-US\"}]}<\/script>\n<!-- \/ Yoast SEO plugin. -->","yoast_head_json":{"title":"Beerdigung armer Leute - Leonore Mau","robots":{"index":"index","follow":"follow","max-snippet":"max-snippet:-1","max-image-preview":"max-image-preview:large","max-video-preview":"max-video-preview:-1"},"canonical":"https:\/\/leonore-mau.de\/produkt\/beerdigung-armer-leute\/","og_locale":"en_US","og_type":"article","og_title":"Beerdigung armer Leute - Leonore Mau","og_description":"Eine Gruppe von M\u00e4nnern tr\u00e4gt einen Sarg \u00fcber die Stra\u00dfe. R\u00fcckseitenbeschriftung: &#8220;Cairo, Beerdigung armer Leute&#8221;","og_url":"https:\/\/leonore-mau.de\/produkt\/beerdigung-armer-leute\/","og_site_name":"Leonore Mau","article_modified_time":"2022-09-13T21:12:04+00:00","og_image":[{"width":1200,"height":965,"url":"https:\/\/leonore-mau.de\/wp-content\/uploads\/2022\/07\/70688372.jpg","type":"image\/jpeg"}],"twitter_card":"summary_large_image","schema":{"@context":"https:\/\/schema.org","@graph":[{"@type":"WebPage","@id":"https:\/\/leonore-mau.de\/produkt\/beerdigung-armer-leute\/","url":"https:\/\/leonore-mau.de\/produkt\/beerdigung-armer-leute\/","name":"Beerdigung armer Leute - Leonore Mau","isPartOf":{"@id":"https:\/\/leonore-mau.de\/#website"},"primaryImageOfPage":{"@id":"https:\/\/leonore-mau.de\/produkt\/beerdigung-armer-leute\/#primaryimage"},"image":{"@id":"https:\/\/leonore-mau.de\/produkt\/beerdigung-armer-leute\/#primaryimage"},"thumbnailUrl":"https:\/\/leonore-mau.de\/wp-content\/uploads\/2022\/07\/70688372.jpg","datePublished":"2022-07-11T13:16:52+00:00","dateModified":"2022-09-13T21:12:04+00:00","breadcrumb":{"@id":"https:\/\/leonore-mau.de\/produkt\/beerdigung-armer-leute\/#breadcrumb"},"inLanguage":"en-US","potentialAction":[{"@type":"ReadAction","target":["https:\/\/leonore-mau.de\/produkt\/beerdigung-armer-leute\/"]}]},{"@type":"ImageObject","inLanguage":"en-US","@id":"https:\/\/leonore-mau.de\/produkt\/beerdigung-armer-leute\/#primaryimage","url":"https:\/\/leonore-mau.de\/wp-content\/uploads\/2022\/07\/70688372.jpg","contentUrl":"https:\/\/leonore-mau.de\/wp-content\/uploads\/2022\/07\/70688372.jpg","width":1200,"height":965,"caption":"Eine Gruppe von M\u00e4nnern tr\u00e4gt einen Sarg \u00fcber die Stra\u00dfe. R\u00fcckseitenbeschriftung: \"Cairo, Beerdigung armer Leute\" Aufnahmedatum: 1969 Material\/Technik: Foto \/ Silbergelatine auf Barytpapier Bildformat (Foto): 24,0 x 29,9 cm Aufnahmeort: Kairo Inventar-Nr.: LM-505645"},{"@type":"BreadcrumbList","@id":"https:\/\/leonore-mau.de\/produkt\/beerdigung-armer-leute\/#breadcrumb","itemListElement":[{"@type":"ListItem","position":1,"name":"Startseite","item":"https:\/\/leonore-mau.de\/en\/"},{"@type":"ListItem","position":2,"name":"Shop","item":"https:\/\/leonore-mau.de\/en\/shop-2\/"},{"@type":"ListItem","position":3,"name":"Beerdigung armer Leute"}]},{"@type":"WebSite","@id":"https:\/\/leonore-mau.de\/#website","url":"https:\/\/leonore-mau.de\/","name":"Leonore Mau","description":"Fotografin","potentialAction":[{"@type":"SearchAction","target":{"@type":"EntryPoint","urlTemplate":"https:\/\/leonore-mau.de\/?s={search_term_string}"},"query-input":{"@type":"PropertyValueSpecification","valueRequired":true,"valueName":"search_term_string"}}],"inLanguage":"en-US"}]}},"_links":{"self":[{"href":"https:\/\/leonore-mau.de\/en\/wp-json\/wp\/v2\/product\/1187","targetHints":{"allow":["GET"]}}],"collection":[{"href":"https:\/\/leonore-mau.de\/en\/wp-json\/wp\/v2\/product"}],"about":[{"href":"https:\/\/leonore-mau.de\/en\/wp-json\/wp\/v2\/types\/product"}],"wp:featuredmedia":[{"embeddable":true,"href":"https:\/\/leonore-mau.de\/en\/wp-json\/wp\/v2\/media\/634"}],"wp:attachment":[{"href":"https:\/\/leonore-mau.de\/en\/wp-json\/wp\/v2\/media?parent=1187"}],"wp:term":[{"taxonomy":"product_brand","embeddable":true,"href":"https:\/\/leonore-mau.de\/en\/wp-json\/wp\/v2\/product_brand?post=1187"},{"taxonomy":"product_cat","embeddable":true,"href":"https:\/\/leonore-mau.de\/en\/wp-json\/wp\/v2\/product_cat?post=1187"},{"taxonomy":"product_tag","embeddable":true,"href":"https:\/\/leonore-mau.de\/en\/wp-json\/wp\/v2\/product_tag?post=1187"}],"curies":[{"name":"wp","href":"https:\/\/api.w.org\/{rel}","templated":true}]}}