{"id":1191,"date":"2022-07-11T15:16:53","date_gmt":"2022-07-11T13:16:53","guid":{"rendered":"https:\/\/leonore-mau.de\/produkt\/flutkatastrophe\/"},"modified":"2022-09-13T23:12:06","modified_gmt":"2022-09-13T21:12:06","slug":"flutkatastrophe","status":"publish","type":"product","link":"https:\/\/leonore-mau.de\/en\/produkt\/flutkatastrophe\/","title":{"rendered":"Flutkatastrophe"},"content":{"rendered":"<p>Nach einer Flutkatastrophe (Regen). Kinder und eine Frau auf der Stra\u00dfe. K\u00fchlschrank und Kommode stehen vor einer eingebrochenen H\u00e4userwand.  R\u00fcckseitenbeschriftung: &#8220;Salvador (Bahia) Flutkatastrophe (Regen) 1971&#8221;<\/p>\n","protected":false},"excerpt":{"rendered":"<p>Nach einer Flutkatastrophe (Regen). Kinder und eine Frau auf der Stra\u00dfe. K\u00fchlschrank und Kommode stehen vor einer eingebrochenen H\u00e4userwand. R\u00fcckseitenbeschriftung: &#8220;Salvador (Bahia) Flutkatastrophe (Regen) 1971&#8221;<\/p>\n","protected":false},"featured_media":638,"template":"","meta":[],"product_brand":[],"product_cat":[4433,17],"product_tag":[78,642,22,24,21,23,80,666,171,172,173,174,175,2966,2967,668,669,670,43,44,354,169,551,552,553,554,555,2769,2770,2968,2969,2970,65,68,69,70,71,105,107,93,92,94,91,95,97,99,106,108],"class_list":{"0":"post-1191","1":"product","2":"type-product","3":"status-publish","4":"has-post-thumbnail","6":"product_cat-prekaere-verhaeltnisse","7":"product_cat-unkategorisiert","8":"product_tag-1970er-jahre","9":"product_tag-2-3-1_prekaere-verhaeltnisse","10":"product_tag-20-jahrhundert-nach-chr","11":"product_tag-20-jh-n-chr","12":"product_tag-20-jahrhundert","13":"product_tag-20-jh","14":"product_tag-70er","15":"product_tag-armut","16":"product_tag-aussenaufnahme","17":"product_tag-aussenaufnahmen","18":"product_tag-brasil","19":"product_tag-brasilien","20":"product_tag-brasiliens","21":"product_tag-eisschrank","22":"product_tag-eisschraenke","23":"product_tag-elend","24":"product_tag-elends","25":"product_tag-elendsviertel","26":"product_tag-fotografin","27":"product_tag-fotografinnen","28":"product_tag-frau","29":"product_tag-kind","30":"product_tag-kinde","31":"product_tag-kinder","32":"product_tag-kindern","33":"product_tag-kindes","34":"product_tag-kindheit","35":"product_tag-kommode","36":"product_tag-kommoden","37":"product_tag-kuehlschrank","38":"product_tag-kuehlschraenke","39":"product_tag-kuehlschraenken","40":"product_tag-moebel","41":"product_tag-moebelstueck","42":"product_tag-mobiliar","43":"product_tag-photographin","44":"product_tag-photographinnen","45":"product_tag-s-w-fotografie","46":"product_tag-s-w-photographie","47":"product_tag-schwarzweissphotographie","48":"product_tag-schwarz-weiss-fotografie","49":"product_tag-schwarz-weiss-photographie","50":"product_tag-schwarzweissfotografie","51":"product_tag-siebziger","52":"product_tag-strassenleben","53":"product_tag-strassenszene","54":"product_tag-sw-fotografie","55":"product_tag-sw-photographie","57":"first","58":"instock","59":"shipping-taxable","60":"product-type-simple"},"yoast_head":"<!-- This site is optimized with the Yoast SEO plugin v27.3 - https:\/\/yoast.com\/product\/yoast-seo-wordpress\/ -->\n<title>Flutkatastrophe - Leonore Mau<\/title>\n<meta name=\"robots\" content=\"index, follow, max-snippet:-1, max-image-preview:large, max-video-preview:-1\" \/>\n<link rel=\"canonical\" href=\"https:\/\/leonore-mau.de\/produkt\/flutkatastrophe\/\" \/>\n<meta property=\"og:locale\" content=\"en_US\" \/>\n<meta property=\"og:type\" content=\"article\" \/>\n<meta property=\"og:title\" content=\"Flutkatastrophe - Leonore Mau\" \/>\n<meta property=\"og:description\" content=\"Nach einer Flutkatastrophe (Regen). Kinder und eine Frau auf der Stra\u00dfe. K\u00fchlschrank und Kommode stehen vor einer eingebrochenen H\u00e4userwand. R\u00fcckseitenbeschriftung: &#8220;Salvador (Bahia) Flutkatastrophe (Regen) 1971&#8221;\" \/>\n<meta property=\"og:url\" content=\"https:\/\/leonore-mau.de\/produkt\/flutkatastrophe\/\" \/>\n<meta property=\"og:site_name\" content=\"Leonore Mau\" \/>\n<meta property=\"article:modified_time\" content=\"2022-09-13T21:12:06+00:00\" \/>\n<meta property=\"og:image\" content=\"https:\/\/leonore-mau.de\/wp-content\/uploads\/2022\/07\/70688377.jpg\" \/>\n\t<meta property=\"og:image:width\" content=\"840\" \/>\n\t<meta property=\"og:image:height\" content=\"1200\" \/>\n\t<meta property=\"og:image:type\" content=\"image\/jpeg\" \/>\n<meta name=\"twitter:card\" content=\"summary_large_image\" \/>\n<script type=\"application\/ld+json\" class=\"yoast-schema-graph\">{\"@context\":\"https:\\\/\\\/schema.org\",\"@graph\":[{\"@type\":\"WebPage\",\"@id\":\"https:\\\/\\\/leonore-mau.de\\\/produkt\\\/flutkatastrophe\\\/\",\"url\":\"https:\\\/\\\/leonore-mau.de\\\/produkt\\\/flutkatastrophe\\\/\",\"name\":\"Flutkatastrophe - Leonore Mau\",\"isPartOf\":{\"@id\":\"https:\\\/\\\/leonore-mau.de\\\/#website\"},\"primaryImageOfPage\":{\"@id\":\"https:\\\/\\\/leonore-mau.de\\\/produkt\\\/flutkatastrophe\\\/#primaryimage\"},\"image\":{\"@id\":\"https:\\\/\\\/leonore-mau.de\\\/produkt\\\/flutkatastrophe\\\/#primaryimage\"},\"thumbnailUrl\":\"https:\\\/\\\/leonore-mau.de\\\/wp-content\\\/uploads\\\/2022\\\/07\\\/70688377.jpg\",\"datePublished\":\"2022-07-11T13:16:53+00:00\",\"dateModified\":\"2022-09-13T21:12:06+00:00\",\"breadcrumb\":{\"@id\":\"https:\\\/\\\/leonore-mau.de\\\/produkt\\\/flutkatastrophe\\\/#breadcrumb\"},\"inLanguage\":\"en-US\",\"potentialAction\":[{\"@type\":\"ReadAction\",\"target\":[\"https:\\\/\\\/leonore-mau.de\\\/produkt\\\/flutkatastrophe\\\/\"]}]},{\"@type\":\"ImageObject\",\"inLanguage\":\"en-US\",\"@id\":\"https:\\\/\\\/leonore-mau.de\\\/produkt\\\/flutkatastrophe\\\/#primaryimage\",\"url\":\"https:\\\/\\\/leonore-mau.de\\\/wp-content\\\/uploads\\\/2022\\\/07\\\/70688377.jpg\",\"contentUrl\":\"https:\\\/\\\/leonore-mau.de\\\/wp-content\\\/uploads\\\/2022\\\/07\\\/70688377.jpg\",\"width\":840,\"height\":1200,\"caption\":\"Nach einer Flutkatastrophe (Regen). Kinder und eine Frau auf der Stra\u00dfe. K\u00fchlschrank und Kommode stehen vor einer eingebrochenen H\u00e4userwand. R\u00fcckseitenbeschriftung: \\\"Salvador (Bahia) Flutkatastrophe (Regen) 1971\\\" Aufnahmedatum: 1971 Material\\\/Technik: Foto \\\/ Silbergelatine auf Barytpapier Bildformat (Foto): 21,0 x 30,0 cm Aufnahmeort: Salvador da Bahia Inventar-Nr.: LM-504074\"},{\"@type\":\"BreadcrumbList\",\"@id\":\"https:\\\/\\\/leonore-mau.de\\\/produkt\\\/flutkatastrophe\\\/#breadcrumb\",\"itemListElement\":[{\"@type\":\"ListItem\",\"position\":1,\"name\":\"Startseite\",\"item\":\"https:\\\/\\\/leonore-mau.de\\\/en\\\/\"},{\"@type\":\"ListItem\",\"position\":2,\"name\":\"Shop\",\"item\":\"https:\\\/\\\/leonore-mau.de\\\/en\\\/shop-2\\\/\"},{\"@type\":\"ListItem\",\"position\":3,\"name\":\"Flutkatastrophe\"}]},{\"@type\":\"WebSite\",\"@id\":\"https:\\\/\\\/leonore-mau.de\\\/#website\",\"url\":\"https:\\\/\\\/leonore-mau.de\\\/\",\"name\":\"Leonore Mau\",\"description\":\"Fotografin\",\"potentialAction\":[{\"@type\":\"SearchAction\",\"target\":{\"@type\":\"EntryPoint\",\"urlTemplate\":\"https:\\\/\\\/leonore-mau.de\\\/?s={search_term_string}\"},\"query-input\":{\"@type\":\"PropertyValueSpecification\",\"valueRequired\":true,\"valueName\":\"search_term_string\"}}],\"inLanguage\":\"en-US\"}]}<\/script>\n<!-- \/ Yoast SEO plugin. -->","yoast_head_json":{"title":"Flutkatastrophe - Leonore Mau","robots":{"index":"index","follow":"follow","max-snippet":"max-snippet:-1","max-image-preview":"max-image-preview:large","max-video-preview":"max-video-preview:-1"},"canonical":"https:\/\/leonore-mau.de\/produkt\/flutkatastrophe\/","og_locale":"en_US","og_type":"article","og_title":"Flutkatastrophe - Leonore Mau","og_description":"Nach einer Flutkatastrophe (Regen). Kinder und eine Frau auf der Stra\u00dfe. K\u00fchlschrank und Kommode stehen vor einer eingebrochenen H\u00e4userwand. R\u00fcckseitenbeschriftung: &#8220;Salvador (Bahia) Flutkatastrophe (Regen) 1971&#8221;","og_url":"https:\/\/leonore-mau.de\/produkt\/flutkatastrophe\/","og_site_name":"Leonore Mau","article_modified_time":"2022-09-13T21:12:06+00:00","og_image":[{"width":840,"height":1200,"url":"https:\/\/leonore-mau.de\/wp-content\/uploads\/2022\/07\/70688377.jpg","type":"image\/jpeg"}],"twitter_card":"summary_large_image","schema":{"@context":"https:\/\/schema.org","@graph":[{"@type":"WebPage","@id":"https:\/\/leonore-mau.de\/produkt\/flutkatastrophe\/","url":"https:\/\/leonore-mau.de\/produkt\/flutkatastrophe\/","name":"Flutkatastrophe - Leonore Mau","isPartOf":{"@id":"https:\/\/leonore-mau.de\/#website"},"primaryImageOfPage":{"@id":"https:\/\/leonore-mau.de\/produkt\/flutkatastrophe\/#primaryimage"},"image":{"@id":"https:\/\/leonore-mau.de\/produkt\/flutkatastrophe\/#primaryimage"},"thumbnailUrl":"https:\/\/leonore-mau.de\/wp-content\/uploads\/2022\/07\/70688377.jpg","datePublished":"2022-07-11T13:16:53+00:00","dateModified":"2022-09-13T21:12:06+00:00","breadcrumb":{"@id":"https:\/\/leonore-mau.de\/produkt\/flutkatastrophe\/#breadcrumb"},"inLanguage":"en-US","potentialAction":[{"@type":"ReadAction","target":["https:\/\/leonore-mau.de\/produkt\/flutkatastrophe\/"]}]},{"@type":"ImageObject","inLanguage":"en-US","@id":"https:\/\/leonore-mau.de\/produkt\/flutkatastrophe\/#primaryimage","url":"https:\/\/leonore-mau.de\/wp-content\/uploads\/2022\/07\/70688377.jpg","contentUrl":"https:\/\/leonore-mau.de\/wp-content\/uploads\/2022\/07\/70688377.jpg","width":840,"height":1200,"caption":"Nach einer Flutkatastrophe (Regen). Kinder und eine Frau auf der Stra\u00dfe. K\u00fchlschrank und Kommode stehen vor einer eingebrochenen H\u00e4userwand. R\u00fcckseitenbeschriftung: \"Salvador (Bahia) Flutkatastrophe (Regen) 1971\" Aufnahmedatum: 1971 Material\/Technik: Foto \/ Silbergelatine auf Barytpapier Bildformat (Foto): 21,0 x 30,0 cm Aufnahmeort: Salvador da Bahia Inventar-Nr.: LM-504074"},{"@type":"BreadcrumbList","@id":"https:\/\/leonore-mau.de\/produkt\/flutkatastrophe\/#breadcrumb","itemListElement":[{"@type":"ListItem","position":1,"name":"Startseite","item":"https:\/\/leonore-mau.de\/en\/"},{"@type":"ListItem","position":2,"name":"Shop","item":"https:\/\/leonore-mau.de\/en\/shop-2\/"},{"@type":"ListItem","position":3,"name":"Flutkatastrophe"}]},{"@type":"WebSite","@id":"https:\/\/leonore-mau.de\/#website","url":"https:\/\/leonore-mau.de\/","name":"Leonore Mau","description":"Fotografin","potentialAction":[{"@type":"SearchAction","target":{"@type":"EntryPoint","urlTemplate":"https:\/\/leonore-mau.de\/?s={search_term_string}"},"query-input":{"@type":"PropertyValueSpecification","valueRequired":true,"valueName":"search_term_string"}}],"inLanguage":"en-US"}]}},"_links":{"self":[{"href":"https:\/\/leonore-mau.de\/en\/wp-json\/wp\/v2\/product\/1191","targetHints":{"allow":["GET"]}}],"collection":[{"href":"https:\/\/leonore-mau.de\/en\/wp-json\/wp\/v2\/product"}],"about":[{"href":"https:\/\/leonore-mau.de\/en\/wp-json\/wp\/v2\/types\/product"}],"wp:featuredmedia":[{"embeddable":true,"href":"https:\/\/leonore-mau.de\/en\/wp-json\/wp\/v2\/media\/638"}],"wp:attachment":[{"href":"https:\/\/leonore-mau.de\/en\/wp-json\/wp\/v2\/media?parent=1191"}],"wp:term":[{"taxonomy":"product_brand","embeddable":true,"href":"https:\/\/leonore-mau.de\/en\/wp-json\/wp\/v2\/product_brand?post=1191"},{"taxonomy":"product_cat","embeddable":true,"href":"https:\/\/leonore-mau.de\/en\/wp-json\/wp\/v2\/product_cat?post=1191"},{"taxonomy":"product_tag","embeddable":true,"href":"https:\/\/leonore-mau.de\/en\/wp-json\/wp\/v2\/product_tag?post=1191"}],"curies":[{"name":"wp","href":"https:\/\/api.w.org\/{rel}","templated":true}]}}