{"id":1194,"date":"2022-07-11T15:16:54","date_gmt":"2022-07-11T13:16:54","guid":{"rendered":"https:\/\/leonore-mau.de\/produkt\/ermittlungen-der-sozialbehrde-unter-polizeischutz\/"},"modified":"2022-09-13T23:12:10","modified_gmt":"2022-09-13T21:12:10","slug":"ermittlungen-der-sozialbehrde-unter-polizeischutz","status":"publish","type":"product","link":"https:\/\/leonore-mau.de\/en\/produkt\/ermittlungen-der-sozialbehrde-unter-polizeischutz\/","title":{"rendered":"Ermittlungen der Sozialbeh\u00f6rde unter Polizeischutz"},"content":{"rendered":"<p>Ermittlungen der Sozialbeh\u00f6rde unter Polizeischutz in einer Favela in Rio de Janeiro. R\u00fcckseitenbeschriftung: &#8220;Ermittlungen der Sozialbeh\u00f6rde, Rio (Favela) unter Polizeischutz 1969&#8221;<\/p>\n","protected":false},"excerpt":{"rendered":"<p>Ermittlungen der Sozialbeh\u00f6rde unter Polizeischutz in einer Favela in Rio de Janeiro. R\u00fcckseitenbeschriftung: &#8220;Ermittlungen der Sozialbeh\u00f6rde, Rio (Favela) unter Polizeischutz 1969&#8221;<\/p>\n","protected":false},"featured_media":641,"template":"","meta":[],"product_brand":[],"product_cat":[4433,17],"product_tag":[20,642,22,24,21,23,26,250,294,295,296,297,298,299,300,301,666,2973,2974,2975,2976,84,171,172,2977,667,173,174,175,668,669,853,854,670,1122,43,44,290,291,678,70,71,992,2635,2636,2978,105,107,93,92,94,91,74,2979,2980,97,99,163,164,106,108,679,680,75,76],"class_list":{"0":"post-1194","1":"product","2":"type-product","3":"status-publish","4":"has-post-thumbnail","6":"product_cat-prekaere-verhaeltnisse","7":"product_cat-unkategorisiert","8":"product_tag-1960er-jahre","9":"product_tag-2-3-1_prekaere-verhaeltnisse","10":"product_tag-20-jahrhundert-nach-chr","11":"product_tag-20-jh-n-chr","12":"product_tag-20-jahrhundert","13":"product_tag-20-jh","14":"product_tag-60er","15":"product_tag-architektur","16":"product_tag-architekturaufnahme","17":"product_tag-architekturaufnahmen","18":"product_tag-architekturfoto","19":"product_tag-architekturfotografie","20":"product_tag-architekturfotografien","21":"product_tag-architekturfotos","22":"product_tag-architekturphotographie","23":"product_tag-architekturphotographien","24":"product_tag-armut","25":"product_tag-ausblick","26":"product_tag-ausblicke","27":"product_tag-ausblickes","28":"product_tag-ausblicks","29":"product_tag-ausland","30":"product_tag-aussenaufnahme","31":"product_tag-aussenaufnahmen","32":"product_tag-aussicht","33":"product_tag-behausung","34":"product_tag-brasil","35":"product_tag-brasilien","36":"product_tag-brasiliens","37":"product_tag-elend","38":"product_tag-elends","39":"product_tag-elendshuette","40":"product_tag-elendshuetten","41":"product_tag-elendsviertel","42":"product_tag-favela","43":"product_tag-fotografin","44":"product_tag-fotografinnen","45":"product_tag-huegelland","46":"product_tag-huegellandschaft","47":"product_tag-obdach","48":"product_tag-photographin","49":"product_tag-photographinnen","50":"product_tag-polizei","51":"product_tag-polizist","52":"product_tag-polizisten","53":"product_tag-polzeischutz","54":"product_tag-s-w-fotografie","55":"product_tag-s-w-photographie","56":"product_tag-schwarzweissphotographie","57":"product_tag-schwarz-weiss-fotografie","58":"product_tag-schwarz-weiss-photographie","59":"product_tag-schwarzweissfotografie","60":"product_tag-sechziger","61":"product_tag-sozialamt","62":"product_tag-sozialbehoerde","63":"product_tag-strassenleben","64":"product_tag-strassenszene","65":"product_tag-suedamerika","66":"product_tag-suedamerikas","67":"product_tag-sw-fotografie","68":"product_tag-sw-photographie","69":"product_tag-unterkunft","70":"product_tag-unterkuenfte","71":"product_tag-wohngebaeude","72":"product_tag-wohnhaus","74":"first","75":"instock","76":"shipping-taxable","77":"product-type-simple"},"yoast_head":"<!-- This site is optimized with the Yoast SEO plugin v27.3 - https:\/\/yoast.com\/product\/yoast-seo-wordpress\/ -->\n<title>Ermittlungen der Sozialbeh\u00f6rde unter Polizeischutz - Leonore Mau<\/title>\n<meta name=\"robots\" content=\"index, follow, max-snippet:-1, max-image-preview:large, max-video-preview:-1\" \/>\n<link rel=\"canonical\" href=\"https:\/\/leonore-mau.de\/produkt\/ermittlungen-der-sozialbehrde-unter-polizeischutz\/\" \/>\n<meta property=\"og:locale\" content=\"en_US\" \/>\n<meta property=\"og:type\" content=\"article\" \/>\n<meta property=\"og:title\" content=\"Ermittlungen der Sozialbeh\u00f6rde unter Polizeischutz - Leonore Mau\" \/>\n<meta property=\"og:description\" content=\"Ermittlungen der Sozialbeh\u00f6rde unter Polizeischutz in einer Favela in Rio de Janeiro. R\u00fcckseitenbeschriftung: &#8220;Ermittlungen der Sozialbeh\u00f6rde, Rio (Favela) unter Polizeischutz 1969&#8221;\" \/>\n<meta property=\"og:url\" content=\"https:\/\/leonore-mau.de\/produkt\/ermittlungen-der-sozialbehrde-unter-polizeischutz\/\" \/>\n<meta property=\"og:site_name\" content=\"Leonore Mau\" \/>\n<meta property=\"article:modified_time\" content=\"2022-09-13T21:12:10+00:00\" \/>\n<meta property=\"og:image\" content=\"https:\/\/leonore-mau.de\/wp-content\/uploads\/2022\/07\/70688380.jpg\" \/>\n\t<meta property=\"og:image:width\" content=\"1200\" \/>\n\t<meta property=\"og:image:height\" content=\"1196\" \/>\n\t<meta property=\"og:image:type\" content=\"image\/jpeg\" \/>\n<meta name=\"twitter:card\" content=\"summary_large_image\" \/>\n<script type=\"application\/ld+json\" class=\"yoast-schema-graph\">{\"@context\":\"https:\\\/\\\/schema.org\",\"@graph\":[{\"@type\":\"WebPage\",\"@id\":\"https:\\\/\\\/leonore-mau.de\\\/produkt\\\/ermittlungen-der-sozialbehrde-unter-polizeischutz\\\/\",\"url\":\"https:\\\/\\\/leonore-mau.de\\\/produkt\\\/ermittlungen-der-sozialbehrde-unter-polizeischutz\\\/\",\"name\":\"Ermittlungen der Sozialbeh\u00f6rde unter Polizeischutz - Leonore Mau\",\"isPartOf\":{\"@id\":\"https:\\\/\\\/leonore-mau.de\\\/#website\"},\"primaryImageOfPage\":{\"@id\":\"https:\\\/\\\/leonore-mau.de\\\/produkt\\\/ermittlungen-der-sozialbehrde-unter-polizeischutz\\\/#primaryimage\"},\"image\":{\"@id\":\"https:\\\/\\\/leonore-mau.de\\\/produkt\\\/ermittlungen-der-sozialbehrde-unter-polizeischutz\\\/#primaryimage\"},\"thumbnailUrl\":\"https:\\\/\\\/leonore-mau.de\\\/wp-content\\\/uploads\\\/2022\\\/07\\\/70688380.jpg\",\"datePublished\":\"2022-07-11T13:16:54+00:00\",\"dateModified\":\"2022-09-13T21:12:10+00:00\",\"breadcrumb\":{\"@id\":\"https:\\\/\\\/leonore-mau.de\\\/produkt\\\/ermittlungen-der-sozialbehrde-unter-polizeischutz\\\/#breadcrumb\"},\"inLanguage\":\"en-US\",\"potentialAction\":[{\"@type\":\"ReadAction\",\"target\":[\"https:\\\/\\\/leonore-mau.de\\\/produkt\\\/ermittlungen-der-sozialbehrde-unter-polizeischutz\\\/\"]}]},{\"@type\":\"ImageObject\",\"inLanguage\":\"en-US\",\"@id\":\"https:\\\/\\\/leonore-mau.de\\\/produkt\\\/ermittlungen-der-sozialbehrde-unter-polizeischutz\\\/#primaryimage\",\"url\":\"https:\\\/\\\/leonore-mau.de\\\/wp-content\\\/uploads\\\/2022\\\/07\\\/70688380.jpg\",\"contentUrl\":\"https:\\\/\\\/leonore-mau.de\\\/wp-content\\\/uploads\\\/2022\\\/07\\\/70688380.jpg\",\"width\":1200,\"height\":1196,\"caption\":\"Ermittlungen der Sozialbeh\u00f6rde unter Polizeischutz in einer Favela in Rio de Janeiro. R\u00fcckseitenbeschriftung: \\\"Ermittlungen der Sozialbeh\u00f6rde, Rio (Favela) unter Polizeischutz 1969\\\" Aufnahmedatum: 1969 Material\\\/Technik: Foto \\\/ Silbergelatine auf Barytpapier Bildformat (Foto): 24,0 x 24,2 cm Aufnahmeort: Rio de Janeiro Inventar-Nr.: LM-504227\"},{\"@type\":\"BreadcrumbList\",\"@id\":\"https:\\\/\\\/leonore-mau.de\\\/produkt\\\/ermittlungen-der-sozialbehrde-unter-polizeischutz\\\/#breadcrumb\",\"itemListElement\":[{\"@type\":\"ListItem\",\"position\":1,\"name\":\"Startseite\",\"item\":\"https:\\\/\\\/leonore-mau.de\\\/en\\\/\"},{\"@type\":\"ListItem\",\"position\":2,\"name\":\"Shop\",\"item\":\"https:\\\/\\\/leonore-mau.de\\\/en\\\/shop-2\\\/\"},{\"@type\":\"ListItem\",\"position\":3,\"name\":\"Ermittlungen der Sozialbeh\u00f6rde unter Polizeischutz\"}]},{\"@type\":\"WebSite\",\"@id\":\"https:\\\/\\\/leonore-mau.de\\\/#website\",\"url\":\"https:\\\/\\\/leonore-mau.de\\\/\",\"name\":\"Leonore Mau\",\"description\":\"Fotografin\",\"potentialAction\":[{\"@type\":\"SearchAction\",\"target\":{\"@type\":\"EntryPoint\",\"urlTemplate\":\"https:\\\/\\\/leonore-mau.de\\\/?s={search_term_string}\"},\"query-input\":{\"@type\":\"PropertyValueSpecification\",\"valueRequired\":true,\"valueName\":\"search_term_string\"}}],\"inLanguage\":\"en-US\"}]}<\/script>\n<!-- \/ Yoast SEO plugin. -->","yoast_head_json":{"title":"Ermittlungen der Sozialbeh\u00f6rde unter Polizeischutz - Leonore Mau","robots":{"index":"index","follow":"follow","max-snippet":"max-snippet:-1","max-image-preview":"max-image-preview:large","max-video-preview":"max-video-preview:-1"},"canonical":"https:\/\/leonore-mau.de\/produkt\/ermittlungen-der-sozialbehrde-unter-polizeischutz\/","og_locale":"en_US","og_type":"article","og_title":"Ermittlungen der Sozialbeh\u00f6rde unter Polizeischutz - Leonore Mau","og_description":"Ermittlungen der Sozialbeh\u00f6rde unter Polizeischutz in einer Favela in Rio de Janeiro. R\u00fcckseitenbeschriftung: &#8220;Ermittlungen der Sozialbeh\u00f6rde, Rio (Favela) unter Polizeischutz 1969&#8221;","og_url":"https:\/\/leonore-mau.de\/produkt\/ermittlungen-der-sozialbehrde-unter-polizeischutz\/","og_site_name":"Leonore Mau","article_modified_time":"2022-09-13T21:12:10+00:00","og_image":[{"width":1200,"height":1196,"url":"https:\/\/leonore-mau.de\/wp-content\/uploads\/2022\/07\/70688380.jpg","type":"image\/jpeg"}],"twitter_card":"summary_large_image","schema":{"@context":"https:\/\/schema.org","@graph":[{"@type":"WebPage","@id":"https:\/\/leonore-mau.de\/produkt\/ermittlungen-der-sozialbehrde-unter-polizeischutz\/","url":"https:\/\/leonore-mau.de\/produkt\/ermittlungen-der-sozialbehrde-unter-polizeischutz\/","name":"Ermittlungen der Sozialbeh\u00f6rde unter Polizeischutz - Leonore Mau","isPartOf":{"@id":"https:\/\/leonore-mau.de\/#website"},"primaryImageOfPage":{"@id":"https:\/\/leonore-mau.de\/produkt\/ermittlungen-der-sozialbehrde-unter-polizeischutz\/#primaryimage"},"image":{"@id":"https:\/\/leonore-mau.de\/produkt\/ermittlungen-der-sozialbehrde-unter-polizeischutz\/#primaryimage"},"thumbnailUrl":"https:\/\/leonore-mau.de\/wp-content\/uploads\/2022\/07\/70688380.jpg","datePublished":"2022-07-11T13:16:54+00:00","dateModified":"2022-09-13T21:12:10+00:00","breadcrumb":{"@id":"https:\/\/leonore-mau.de\/produkt\/ermittlungen-der-sozialbehrde-unter-polizeischutz\/#breadcrumb"},"inLanguage":"en-US","potentialAction":[{"@type":"ReadAction","target":["https:\/\/leonore-mau.de\/produkt\/ermittlungen-der-sozialbehrde-unter-polizeischutz\/"]}]},{"@type":"ImageObject","inLanguage":"en-US","@id":"https:\/\/leonore-mau.de\/produkt\/ermittlungen-der-sozialbehrde-unter-polizeischutz\/#primaryimage","url":"https:\/\/leonore-mau.de\/wp-content\/uploads\/2022\/07\/70688380.jpg","contentUrl":"https:\/\/leonore-mau.de\/wp-content\/uploads\/2022\/07\/70688380.jpg","width":1200,"height":1196,"caption":"Ermittlungen der Sozialbeh\u00f6rde unter Polizeischutz in einer Favela in Rio de Janeiro. R\u00fcckseitenbeschriftung: \"Ermittlungen der Sozialbeh\u00f6rde, Rio (Favela) unter Polizeischutz 1969\" Aufnahmedatum: 1969 Material\/Technik: Foto \/ Silbergelatine auf Barytpapier Bildformat (Foto): 24,0 x 24,2 cm Aufnahmeort: Rio de Janeiro Inventar-Nr.: LM-504227"},{"@type":"BreadcrumbList","@id":"https:\/\/leonore-mau.de\/produkt\/ermittlungen-der-sozialbehrde-unter-polizeischutz\/#breadcrumb","itemListElement":[{"@type":"ListItem","position":1,"name":"Startseite","item":"https:\/\/leonore-mau.de\/en\/"},{"@type":"ListItem","position":2,"name":"Shop","item":"https:\/\/leonore-mau.de\/en\/shop-2\/"},{"@type":"ListItem","position":3,"name":"Ermittlungen der Sozialbeh\u00f6rde unter Polizeischutz"}]},{"@type":"WebSite","@id":"https:\/\/leonore-mau.de\/#website","url":"https:\/\/leonore-mau.de\/","name":"Leonore Mau","description":"Fotografin","potentialAction":[{"@type":"SearchAction","target":{"@type":"EntryPoint","urlTemplate":"https:\/\/leonore-mau.de\/?s={search_term_string}"},"query-input":{"@type":"PropertyValueSpecification","valueRequired":true,"valueName":"search_term_string"}}],"inLanguage":"en-US"}]}},"_links":{"self":[{"href":"https:\/\/leonore-mau.de\/en\/wp-json\/wp\/v2\/product\/1194","targetHints":{"allow":["GET"]}}],"collection":[{"href":"https:\/\/leonore-mau.de\/en\/wp-json\/wp\/v2\/product"}],"about":[{"href":"https:\/\/leonore-mau.de\/en\/wp-json\/wp\/v2\/types\/product"}],"wp:featuredmedia":[{"embeddable":true,"href":"https:\/\/leonore-mau.de\/en\/wp-json\/wp\/v2\/media\/641"}],"wp:attachment":[{"href":"https:\/\/leonore-mau.de\/en\/wp-json\/wp\/v2\/media?parent=1194"}],"wp:term":[{"taxonomy":"product_brand","embeddable":true,"href":"https:\/\/leonore-mau.de\/en\/wp-json\/wp\/v2\/product_brand?post=1194"},{"taxonomy":"product_cat","embeddable":true,"href":"https:\/\/leonore-mau.de\/en\/wp-json\/wp\/v2\/product_cat?post=1194"},{"taxonomy":"product_tag","embeddable":true,"href":"https:\/\/leonore-mau.de\/en\/wp-json\/wp\/v2\/product_tag?post=1194"}],"curies":[{"name":"wp","href":"https:\/\/api.w.org\/{rel}","templated":true}]}}