{"id":1196,"date":"2022-07-11T15:16:54","date_gmt":"2022-07-11T13:16:54","guid":{"rendered":"https:\/\/leonore-mau.de\/produkt\/neue-unterknfte-fr-bewohner-der-favelas\/"},"modified":"2022-09-13T23:12:11","modified_gmt":"2022-09-13T21:12:11","slug":"neue-unterknfte-fr-bewohner-der-favelas","status":"publish","type":"product","link":"https:\/\/leonore-mau.de\/en\/produkt\/neue-unterknfte-fr-bewohner-der-favelas\/","title":{"rendered":"Neue Unterk\u00fcnfte f\u00fcr Bewohner der Favelas"},"content":{"rendered":"<p>Familie in einer neuen Unterkunft in einer Favela in Rio de Janeiro. R\u00fcckseitenbeschriftung: &#8220;NEUE UNTERK\u00dcNFTE F\u00dcR BEWOHNER DER FAVELAS (RIO, JAN.69)&#8221;<\/p>\n","protected":false},"excerpt":{"rendered":"<p>Familie in einer neuen Unterkunft in einer Favela in Rio de Janeiro. R\u00fcckseitenbeschriftung: &#8220;NEUE UNTERK\u00dcNFTE F\u00dcR BEWOHNER DER FAVELAS (RIO, JAN.69)&#8221;<\/p>\n","protected":false},"featured_media":643,"template":"","meta":[],"product_brand":[],"product_cat":[4433,17],"product_tag":[20,642,22,24,21,23,26,250,294,295,296,297,298,299,300,301,666,84,667,173,174,175,1297,1298,2966,2967,668,669,853,854,670,2226,2227,1122,43,44,354,169,551,552,553,554,555,2968,2969,2970,486,2747,678,70,71,105,107,93,92,94,91,74,536,537,538,539,540,541,542,2981,2982,2983,2984,163,164,106,108,679,680,1916,2985,75,76],"class_list":{"0":"post-1196","1":"product","2":"type-product","3":"status-publish","4":"has-post-thumbnail","6":"product_cat-prekaere-verhaeltnisse","7":"product_cat-unkategorisiert","8":"product_tag-1960er-jahre","9":"product_tag-2-3-1_prekaere-verhaeltnisse","10":"product_tag-20-jahrhundert-nach-chr","11":"product_tag-20-jh-n-chr","12":"product_tag-20-jahrhundert","13":"product_tag-20-jh","14":"product_tag-60er","15":"product_tag-architektur","16":"product_tag-architekturaufnahme","17":"product_tag-architekturaufnahmen","18":"product_tag-architekturfoto","19":"product_tag-architekturfotografie","20":"product_tag-architekturfotografien","21":"product_tag-architekturfotos","22":"product_tag-architekturphotographie","23":"product_tag-architekturphotographien","24":"product_tag-armut","25":"product_tag-ausland","26":"product_tag-behausung","27":"product_tag-brasil","28":"product_tag-brasilien","29":"product_tag-brasiliens","30":"product_tag-brille","31":"product_tag-brillen","32":"product_tag-eisschrank","33":"product_tag-eisschraenke","34":"product_tag-elend","35":"product_tag-elends","36":"product_tag-elendshuette","37":"product_tag-elendshuetten","38":"product_tag-elendsviertel","39":"product_tag-familie","40":"product_tag-familien","41":"product_tag-favela","42":"product_tag-fotografin","43":"product_tag-fotografinnen","44":"product_tag-frau","45":"product_tag-kind","46":"product_tag-kinde","47":"product_tag-kinder","48":"product_tag-kindern","49":"product_tag-kindes","50":"product_tag-kindheit","51":"product_tag-kuehlschrank","52":"product_tag-kuehlschraenke","53":"product_tag-kuehlschraenken","54":"product_tag-mann","55":"product_tag-mutter","56":"product_tag-obdach","57":"product_tag-photographin","58":"product_tag-photographinnen","59":"product_tag-s-w-fotografie","60":"product_tag-s-w-photographie","61":"product_tag-schwarzweissphotographie","62":"product_tag-schwarz-weiss-fotografie","63":"product_tag-schwarz-weiss-photographie","64":"product_tag-schwarzweissfotografie","65":"product_tag-sechziger","66":"product_tag-sitzen","67":"product_tag-sitzend","68":"product_tag-sitzende","69":"product_tag-sitzenden","70":"product_tag-sitzender","71":"product_tag-sitzendes","72":"product_tag-sitzt","73":"product_tag-sohn","74":"product_tag-soehne","75":"product_tag-soehnen","76":"product_tag-sohnes","77":"product_tag-suedamerika","78":"product_tag-suedamerikas","79":"product_tag-sw-fotografie","80":"product_tag-sw-photographie","81":"product_tag-unterkunft","82":"product_tag-unterkuenfte","83":"product_tag-vater","84":"product_tag-vaters","85":"product_tag-wohngebaeude","86":"product_tag-wohnhaus","88":"first","89":"instock","90":"shipping-taxable","91":"product-type-simple"},"yoast_head":"<!-- This site is optimized with the Yoast SEO plugin v27.3 - https:\/\/yoast.com\/product\/yoast-seo-wordpress\/ -->\n<title>Neue Unterk\u00fcnfte f\u00fcr Bewohner der Favelas - Leonore Mau<\/title>\n<meta name=\"robots\" content=\"index, follow, max-snippet:-1, max-image-preview:large, max-video-preview:-1\" \/>\n<link rel=\"canonical\" href=\"https:\/\/leonore-mau.de\/produkt\/neue-unterknfte-fr-bewohner-der-favelas\/\" \/>\n<meta property=\"og:locale\" content=\"en_US\" \/>\n<meta property=\"og:type\" content=\"article\" \/>\n<meta property=\"og:title\" content=\"Neue Unterk\u00fcnfte f\u00fcr Bewohner der Favelas - Leonore Mau\" \/>\n<meta property=\"og:description\" content=\"Familie in einer neuen Unterkunft in einer Favela in Rio de Janeiro. R\u00fcckseitenbeschriftung: &#8220;NEUE UNTERK\u00dcNFTE F\u00dcR BEWOHNER DER FAVELAS (RIO, JAN.69)&#8221;\" \/>\n<meta property=\"og:url\" content=\"https:\/\/leonore-mau.de\/produkt\/neue-unterknfte-fr-bewohner-der-favelas\/\" \/>\n<meta property=\"og:site_name\" content=\"Leonore Mau\" \/>\n<meta property=\"article:modified_time\" content=\"2022-09-13T21:12:11+00:00\" \/>\n<meta property=\"og:image\" content=\"https:\/\/leonore-mau.de\/wp-content\/uploads\/2022\/07\/70688382.jpg\" \/>\n\t<meta property=\"og:image:width\" content=\"1200\" \/>\n\t<meta property=\"og:image:height\" content=\"795\" \/>\n\t<meta property=\"og:image:type\" content=\"image\/jpeg\" \/>\n<meta name=\"twitter:card\" content=\"summary_large_image\" \/>\n<script type=\"application\/ld+json\" class=\"yoast-schema-graph\">{\"@context\":\"https:\\\/\\\/schema.org\",\"@graph\":[{\"@type\":\"WebPage\",\"@id\":\"https:\\\/\\\/leonore-mau.de\\\/produkt\\\/neue-unterknfte-fr-bewohner-der-favelas\\\/\",\"url\":\"https:\\\/\\\/leonore-mau.de\\\/produkt\\\/neue-unterknfte-fr-bewohner-der-favelas\\\/\",\"name\":\"Neue Unterk\u00fcnfte f\u00fcr Bewohner der Favelas - Leonore Mau\",\"isPartOf\":{\"@id\":\"https:\\\/\\\/leonore-mau.de\\\/#website\"},\"primaryImageOfPage\":{\"@id\":\"https:\\\/\\\/leonore-mau.de\\\/produkt\\\/neue-unterknfte-fr-bewohner-der-favelas\\\/#primaryimage\"},\"image\":{\"@id\":\"https:\\\/\\\/leonore-mau.de\\\/produkt\\\/neue-unterknfte-fr-bewohner-der-favelas\\\/#primaryimage\"},\"thumbnailUrl\":\"https:\\\/\\\/leonore-mau.de\\\/wp-content\\\/uploads\\\/2022\\\/07\\\/70688382.jpg\",\"datePublished\":\"2022-07-11T13:16:54+00:00\",\"dateModified\":\"2022-09-13T21:12:11+00:00\",\"breadcrumb\":{\"@id\":\"https:\\\/\\\/leonore-mau.de\\\/produkt\\\/neue-unterknfte-fr-bewohner-der-favelas\\\/#breadcrumb\"},\"inLanguage\":\"en-US\",\"potentialAction\":[{\"@type\":\"ReadAction\",\"target\":[\"https:\\\/\\\/leonore-mau.de\\\/produkt\\\/neue-unterknfte-fr-bewohner-der-favelas\\\/\"]}]},{\"@type\":\"ImageObject\",\"inLanguage\":\"en-US\",\"@id\":\"https:\\\/\\\/leonore-mau.de\\\/produkt\\\/neue-unterknfte-fr-bewohner-der-favelas\\\/#primaryimage\",\"url\":\"https:\\\/\\\/leonore-mau.de\\\/wp-content\\\/uploads\\\/2022\\\/07\\\/70688382.jpg\",\"contentUrl\":\"https:\\\/\\\/leonore-mau.de\\\/wp-content\\\/uploads\\\/2022\\\/07\\\/70688382.jpg\",\"width\":1200,\"height\":795,\"caption\":\"Familie in einer neuen Unterkunft in einer Favela in Rio de Janeiro. R\u00fcckseitenbeschriftung: \\\"NEUE UNTERK\u00dcNFTE F\u00dcR BEWOHNER DER FAVELAS (RIO, JAN.69)\\\" Aufnahmedatum: 1969 Material\\\/Technik: Foto \\\/ Silbergelatine auf Barytpapier Bildformat (Foto): 19,6 x 29,4 cm Aufnahmeort: Rio de Janeiro Inventar-Nr.: LM-504249\"},{\"@type\":\"BreadcrumbList\",\"@id\":\"https:\\\/\\\/leonore-mau.de\\\/produkt\\\/neue-unterknfte-fr-bewohner-der-favelas\\\/#breadcrumb\",\"itemListElement\":[{\"@type\":\"ListItem\",\"position\":1,\"name\":\"Startseite\",\"item\":\"https:\\\/\\\/leonore-mau.de\\\/en\\\/\"},{\"@type\":\"ListItem\",\"position\":2,\"name\":\"Shop\",\"item\":\"https:\\\/\\\/leonore-mau.de\\\/en\\\/shop-2\\\/\"},{\"@type\":\"ListItem\",\"position\":3,\"name\":\"Neue Unterk\u00fcnfte f\u00fcr Bewohner der Favelas\"}]},{\"@type\":\"WebSite\",\"@id\":\"https:\\\/\\\/leonore-mau.de\\\/#website\",\"url\":\"https:\\\/\\\/leonore-mau.de\\\/\",\"name\":\"Leonore Mau\",\"description\":\"Fotografin\",\"potentialAction\":[{\"@type\":\"SearchAction\",\"target\":{\"@type\":\"EntryPoint\",\"urlTemplate\":\"https:\\\/\\\/leonore-mau.de\\\/?s={search_term_string}\"},\"query-input\":{\"@type\":\"PropertyValueSpecification\",\"valueRequired\":true,\"valueName\":\"search_term_string\"}}],\"inLanguage\":\"en-US\"}]}<\/script>\n<!-- \/ Yoast SEO plugin. -->","yoast_head_json":{"title":"Neue Unterk\u00fcnfte f\u00fcr Bewohner der Favelas - Leonore Mau","robots":{"index":"index","follow":"follow","max-snippet":"max-snippet:-1","max-image-preview":"max-image-preview:large","max-video-preview":"max-video-preview:-1"},"canonical":"https:\/\/leonore-mau.de\/produkt\/neue-unterknfte-fr-bewohner-der-favelas\/","og_locale":"en_US","og_type":"article","og_title":"Neue Unterk\u00fcnfte f\u00fcr Bewohner der Favelas - Leonore Mau","og_description":"Familie in einer neuen Unterkunft in einer Favela in Rio de Janeiro. R\u00fcckseitenbeschriftung: &#8220;NEUE UNTERK\u00dcNFTE F\u00dcR BEWOHNER DER FAVELAS (RIO, JAN.69)&#8221;","og_url":"https:\/\/leonore-mau.de\/produkt\/neue-unterknfte-fr-bewohner-der-favelas\/","og_site_name":"Leonore Mau","article_modified_time":"2022-09-13T21:12:11+00:00","og_image":[{"width":1200,"height":795,"url":"https:\/\/leonore-mau.de\/wp-content\/uploads\/2022\/07\/70688382.jpg","type":"image\/jpeg"}],"twitter_card":"summary_large_image","schema":{"@context":"https:\/\/schema.org","@graph":[{"@type":"WebPage","@id":"https:\/\/leonore-mau.de\/produkt\/neue-unterknfte-fr-bewohner-der-favelas\/","url":"https:\/\/leonore-mau.de\/produkt\/neue-unterknfte-fr-bewohner-der-favelas\/","name":"Neue Unterk\u00fcnfte f\u00fcr Bewohner der Favelas - Leonore Mau","isPartOf":{"@id":"https:\/\/leonore-mau.de\/#website"},"primaryImageOfPage":{"@id":"https:\/\/leonore-mau.de\/produkt\/neue-unterknfte-fr-bewohner-der-favelas\/#primaryimage"},"image":{"@id":"https:\/\/leonore-mau.de\/produkt\/neue-unterknfte-fr-bewohner-der-favelas\/#primaryimage"},"thumbnailUrl":"https:\/\/leonore-mau.de\/wp-content\/uploads\/2022\/07\/70688382.jpg","datePublished":"2022-07-11T13:16:54+00:00","dateModified":"2022-09-13T21:12:11+00:00","breadcrumb":{"@id":"https:\/\/leonore-mau.de\/produkt\/neue-unterknfte-fr-bewohner-der-favelas\/#breadcrumb"},"inLanguage":"en-US","potentialAction":[{"@type":"ReadAction","target":["https:\/\/leonore-mau.de\/produkt\/neue-unterknfte-fr-bewohner-der-favelas\/"]}]},{"@type":"ImageObject","inLanguage":"en-US","@id":"https:\/\/leonore-mau.de\/produkt\/neue-unterknfte-fr-bewohner-der-favelas\/#primaryimage","url":"https:\/\/leonore-mau.de\/wp-content\/uploads\/2022\/07\/70688382.jpg","contentUrl":"https:\/\/leonore-mau.de\/wp-content\/uploads\/2022\/07\/70688382.jpg","width":1200,"height":795,"caption":"Familie in einer neuen Unterkunft in einer Favela in Rio de Janeiro. R\u00fcckseitenbeschriftung: \"NEUE UNTERK\u00dcNFTE F\u00dcR BEWOHNER DER FAVELAS (RIO, JAN.69)\" Aufnahmedatum: 1969 Material\/Technik: Foto \/ Silbergelatine auf Barytpapier Bildformat (Foto): 19,6 x 29,4 cm Aufnahmeort: Rio de Janeiro Inventar-Nr.: LM-504249"},{"@type":"BreadcrumbList","@id":"https:\/\/leonore-mau.de\/produkt\/neue-unterknfte-fr-bewohner-der-favelas\/#breadcrumb","itemListElement":[{"@type":"ListItem","position":1,"name":"Startseite","item":"https:\/\/leonore-mau.de\/en\/"},{"@type":"ListItem","position":2,"name":"Shop","item":"https:\/\/leonore-mau.de\/en\/shop-2\/"},{"@type":"ListItem","position":3,"name":"Neue Unterk\u00fcnfte f\u00fcr Bewohner der Favelas"}]},{"@type":"WebSite","@id":"https:\/\/leonore-mau.de\/#website","url":"https:\/\/leonore-mau.de\/","name":"Leonore Mau","description":"Fotografin","potentialAction":[{"@type":"SearchAction","target":{"@type":"EntryPoint","urlTemplate":"https:\/\/leonore-mau.de\/?s={search_term_string}"},"query-input":{"@type":"PropertyValueSpecification","valueRequired":true,"valueName":"search_term_string"}}],"inLanguage":"en-US"}]}},"_links":{"self":[{"href":"https:\/\/leonore-mau.de\/en\/wp-json\/wp\/v2\/product\/1196","targetHints":{"allow":["GET"]}}],"collection":[{"href":"https:\/\/leonore-mau.de\/en\/wp-json\/wp\/v2\/product"}],"about":[{"href":"https:\/\/leonore-mau.de\/en\/wp-json\/wp\/v2\/types\/product"}],"wp:featuredmedia":[{"embeddable":true,"href":"https:\/\/leonore-mau.de\/en\/wp-json\/wp\/v2\/media\/643"}],"wp:attachment":[{"href":"https:\/\/leonore-mau.de\/en\/wp-json\/wp\/v2\/media?parent=1196"}],"wp:term":[{"taxonomy":"product_brand","embeddable":true,"href":"https:\/\/leonore-mau.de\/en\/wp-json\/wp\/v2\/product_brand?post=1196"},{"taxonomy":"product_cat","embeddable":true,"href":"https:\/\/leonore-mau.de\/en\/wp-json\/wp\/v2\/product_cat?post=1196"},{"taxonomy":"product_tag","embeddable":true,"href":"https:\/\/leonore-mau.de\/en\/wp-json\/wp\/v2\/product_tag?post=1196"}],"curies":[{"name":"wp","href":"https:\/\/api.w.org\/{rel}","templated":true}]}}