{"id":1197,"date":"2022-07-11T15:16:55","date_gmt":"2022-07-11T13:16:55","guid":{"rendered":"https:\/\/leonore-mau.de\/produkt\/ohne-titel-ffentliche-zapfstelle-in-dakar\/"},"modified":"2022-09-13T23:12:12","modified_gmt":"2022-09-13T21:12:12","slug":"ohne-titel-ffentliche-zapfstelle-in-dakar","status":"publish","type":"product","link":"https:\/\/leonore-mau.de\/en\/produkt\/ohne-titel-ffentliche-zapfstelle-in-dakar\/","title":{"rendered":"Ohne Titel (\u00d6ffentliche Zapfstelle in Dakar)"},"content":{"rendered":"<p>Frauen an einer \u00f6ffentliche Zapfstelle in Dakar im Bezirk Patte d&#8217;Oie. R\u00fcckseitenbeschriftung: &#8220;Dakar Patte d&#8217;Oie. Noch m\u00fcssen die Frauen zur \u00f6ffentlichen Zapfstelle. F\u00fcr die Wasserleitungen in den H\u00e4usern reicht der Druck nicht aus. 1976&#8221;<\/p>\n","protected":false},"excerpt":{"rendered":"<p>Frauen an einer \u00f6ffentliche Zapfstelle in Dakar im Bezirk Patte d&#8217;Oie. R\u00fcckseitenbeschriftung: &#8220;Dakar Patte d&#8217;Oie. Noch m\u00fcssen die Frauen zur \u00f6ffentlichen Zapfstelle. F\u00fcr die Wasserleitungen in den H\u00e4usern reicht der Druck nicht aus. 1976&#8221;<\/p>\n","protected":false},"featured_media":644,"template":"","meta":[],"product_brand":[],"product_cat":[4433,17],"product_tag":[642,22,24,21,23,84,171,172,421,422,302,303,304,305,306,2560,2561,2986,2987,2988,2989,2990,668,669,670,43,44,354,740,308,309,70,71,105,107,93,92,94,91,1141,1467,1468,1002,97,99,106,108,2991,2992,957,958,75,76,77,2993],"class_list":{"0":"post-1197","1":"product","2":"type-product","3":"status-publish","4":"has-post-thumbnail","6":"product_cat-prekaere-verhaeltnisse","7":"product_cat-unkategorisiert","8":"product_tag-2-3-1_prekaere-verhaeltnisse","9":"product_tag-20-jahrhundert-nach-chr","10":"product_tag-20-jh-n-chr","11":"product_tag-20-jahrhundert","12":"product_tag-20-jh","13":"product_tag-ausland","14":"product_tag-aussenaufnahme","15":"product_tag-aussenaufnahmen","16":"product_tag-autowrack","17":"product_tag-autowracks","18":"product_tag-bauten","19":"product_tag-bauwerk","20":"product_tag-bauwerke","21":"product_tag-bauwerkes","22":"product_tag-bauwerks","23":"product_tag-behaelter","24":"product_tag-behaeltnis","25":"product_tag-blecheimer","26":"product_tag-blecheimern","27":"product_tag-brunnen","28":"product_tag-brunnenbecken","29":"product_tag-brunnens","30":"product_tag-elend","31":"product_tag-elends","32":"product_tag-elendsviertel","33":"product_tag-fotografin","34":"product_tag-fotografinnen","35":"product_tag-frau","36":"product_tag-frauen","37":"product_tag-gebaeude","38":"product_tag-gebaeudes","39":"product_tag-photographin","40":"product_tag-photographinnen","41":"product_tag-s-w-fotografie","42":"product_tag-s-w-photographie","43":"product_tag-schwarzweissphotographie","44":"product_tag-schwarz-weiss-fotografie","45":"product_tag-schwarz-weiss-photographie","46":"product_tag-schwarzweissfotografie","47":"product_tag-senegal","48":"product_tag-senegalese","49":"product_tag-senegalesen","50":"product_tag-strasse","51":"product_tag-strassenleben","52":"product_tag-strassenszene","53":"product_tag-sw-fotografie","54":"product_tag-sw-photographie","55":"product_tag-wasserstelle","56":"product_tag-wasserstellen","57":"product_tag-westafrika","58":"product_tag-westafrikas","59":"product_tag-wohngebaeude","60":"product_tag-wohnhaus","61":"product_tag-wohnhaeuser","62":"product_tag-zapfstelle","64":"first","65":"instock","66":"shipping-taxable","67":"product-type-simple"},"yoast_head":"<!-- This site is optimized with the Yoast SEO plugin v27.3 - https:\/\/yoast.com\/product\/yoast-seo-wordpress\/ -->\n<title>Ohne Titel (\u00d6ffentliche Zapfstelle in Dakar) - Leonore Mau<\/title>\n<meta name=\"robots\" content=\"index, follow, max-snippet:-1, max-image-preview:large, max-video-preview:-1\" \/>\n<link rel=\"canonical\" href=\"https:\/\/leonore-mau.de\/produkt\/ohne-titel-ffentliche-zapfstelle-in-dakar\/\" \/>\n<meta property=\"og:locale\" content=\"en_US\" \/>\n<meta property=\"og:type\" content=\"article\" \/>\n<meta property=\"og:title\" content=\"Ohne Titel (\u00d6ffentliche Zapfstelle in Dakar) - Leonore Mau\" \/>\n<meta property=\"og:description\" content=\"Frauen an einer \u00f6ffentliche Zapfstelle in Dakar im Bezirk Patte d&#8217;Oie. R\u00fcckseitenbeschriftung: &#8220;Dakar Patte d&#8217;Oie. Noch m\u00fcssen die Frauen zur \u00f6ffentlichen Zapfstelle. F\u00fcr die Wasserleitungen in den H\u00e4usern reicht der Druck nicht aus. 1976&#8221;\" \/>\n<meta property=\"og:url\" content=\"https:\/\/leonore-mau.de\/produkt\/ohne-titel-ffentliche-zapfstelle-in-dakar\/\" \/>\n<meta property=\"og:site_name\" content=\"Leonore Mau\" \/>\n<meta property=\"article:modified_time\" content=\"2022-09-13T21:12:12+00:00\" \/>\n<meta property=\"og:image\" content=\"https:\/\/leonore-mau.de\/wp-content\/uploads\/2022\/07\/70688383.jpg\" \/>\n\t<meta property=\"og:image:width\" content=\"1200\" \/>\n\t<meta property=\"og:image:height\" content=\"865\" \/>\n\t<meta property=\"og:image:type\" content=\"image\/jpeg\" \/>\n<meta name=\"twitter:card\" content=\"summary_large_image\" \/>\n<script type=\"application\/ld+json\" class=\"yoast-schema-graph\">{\"@context\":\"https:\\\/\\\/schema.org\",\"@graph\":[{\"@type\":\"WebPage\",\"@id\":\"https:\\\/\\\/leonore-mau.de\\\/produkt\\\/ohne-titel-ffentliche-zapfstelle-in-dakar\\\/\",\"url\":\"https:\\\/\\\/leonore-mau.de\\\/produkt\\\/ohne-titel-ffentliche-zapfstelle-in-dakar\\\/\",\"name\":\"Ohne Titel (\u00d6ffentliche Zapfstelle in Dakar) - Leonore Mau\",\"isPartOf\":{\"@id\":\"https:\\\/\\\/leonore-mau.de\\\/#website\"},\"primaryImageOfPage\":{\"@id\":\"https:\\\/\\\/leonore-mau.de\\\/produkt\\\/ohne-titel-ffentliche-zapfstelle-in-dakar\\\/#primaryimage\"},\"image\":{\"@id\":\"https:\\\/\\\/leonore-mau.de\\\/produkt\\\/ohne-titel-ffentliche-zapfstelle-in-dakar\\\/#primaryimage\"},\"thumbnailUrl\":\"https:\\\/\\\/leonore-mau.de\\\/wp-content\\\/uploads\\\/2022\\\/07\\\/70688383.jpg\",\"datePublished\":\"2022-07-11T13:16:55+00:00\",\"dateModified\":\"2022-09-13T21:12:12+00:00\",\"breadcrumb\":{\"@id\":\"https:\\\/\\\/leonore-mau.de\\\/produkt\\\/ohne-titel-ffentliche-zapfstelle-in-dakar\\\/#breadcrumb\"},\"inLanguage\":\"en-US\",\"potentialAction\":[{\"@type\":\"ReadAction\",\"target\":[\"https:\\\/\\\/leonore-mau.de\\\/produkt\\\/ohne-titel-ffentliche-zapfstelle-in-dakar\\\/\"]}]},{\"@type\":\"ImageObject\",\"inLanguage\":\"en-US\",\"@id\":\"https:\\\/\\\/leonore-mau.de\\\/produkt\\\/ohne-titel-ffentliche-zapfstelle-in-dakar\\\/#primaryimage\",\"url\":\"https:\\\/\\\/leonore-mau.de\\\/wp-content\\\/uploads\\\/2022\\\/07\\\/70688383.jpg\",\"contentUrl\":\"https:\\\/\\\/leonore-mau.de\\\/wp-content\\\/uploads\\\/2022\\\/07\\\/70688383.jpg\",\"width\":1200,\"height\":865,\"caption\":\"Frauen an einer \u00f6ffentliche Zapfstelle in Dakar im Bezirk Patte d'Oie. R\u00fcckseitenbeschriftung: \\\"Dakar Patte d'Oie. Noch m\u00fcssen die Frauen zur \u00f6ffentlichen Zapfstelle. F\u00fcr die Wasserleitungen in den H\u00e4usern reicht der Druck nicht aus. 1976\\\" Aufnahmedatum: 1974 - 1976 Material\\\/Technik: Foto \\\/ Silbergelatine auf Barytpapier Bildformat (Foto): 22,0 x 23,4 cm Aufnahmeort: Dakar Inventar-Nr.: LM-504921\"},{\"@type\":\"BreadcrumbList\",\"@id\":\"https:\\\/\\\/leonore-mau.de\\\/produkt\\\/ohne-titel-ffentliche-zapfstelle-in-dakar\\\/#breadcrumb\",\"itemListElement\":[{\"@type\":\"ListItem\",\"position\":1,\"name\":\"Startseite\",\"item\":\"https:\\\/\\\/leonore-mau.de\\\/en\\\/\"},{\"@type\":\"ListItem\",\"position\":2,\"name\":\"Shop\",\"item\":\"https:\\\/\\\/leonore-mau.de\\\/en\\\/shop-2\\\/\"},{\"@type\":\"ListItem\",\"position\":3,\"name\":\"Ohne Titel (\u00d6ffentliche Zapfstelle in Dakar)\"}]},{\"@type\":\"WebSite\",\"@id\":\"https:\\\/\\\/leonore-mau.de\\\/#website\",\"url\":\"https:\\\/\\\/leonore-mau.de\\\/\",\"name\":\"Leonore Mau\",\"description\":\"Fotografin\",\"potentialAction\":[{\"@type\":\"SearchAction\",\"target\":{\"@type\":\"EntryPoint\",\"urlTemplate\":\"https:\\\/\\\/leonore-mau.de\\\/?s={search_term_string}\"},\"query-input\":{\"@type\":\"PropertyValueSpecification\",\"valueRequired\":true,\"valueName\":\"search_term_string\"}}],\"inLanguage\":\"en-US\"}]}<\/script>\n<!-- \/ Yoast SEO plugin. -->","yoast_head_json":{"title":"Ohne Titel (\u00d6ffentliche Zapfstelle in Dakar) - Leonore Mau","robots":{"index":"index","follow":"follow","max-snippet":"max-snippet:-1","max-image-preview":"max-image-preview:large","max-video-preview":"max-video-preview:-1"},"canonical":"https:\/\/leonore-mau.de\/produkt\/ohne-titel-ffentliche-zapfstelle-in-dakar\/","og_locale":"en_US","og_type":"article","og_title":"Ohne Titel (\u00d6ffentliche Zapfstelle in Dakar) - Leonore Mau","og_description":"Frauen an einer \u00f6ffentliche Zapfstelle in Dakar im Bezirk Patte d&#8217;Oie. R\u00fcckseitenbeschriftung: &#8220;Dakar Patte d&#8217;Oie. Noch m\u00fcssen die Frauen zur \u00f6ffentlichen Zapfstelle. F\u00fcr die Wasserleitungen in den H\u00e4usern reicht der Druck nicht aus. 1976&#8221;","og_url":"https:\/\/leonore-mau.de\/produkt\/ohne-titel-ffentliche-zapfstelle-in-dakar\/","og_site_name":"Leonore Mau","article_modified_time":"2022-09-13T21:12:12+00:00","og_image":[{"width":1200,"height":865,"url":"https:\/\/leonore-mau.de\/wp-content\/uploads\/2022\/07\/70688383.jpg","type":"image\/jpeg"}],"twitter_card":"summary_large_image","schema":{"@context":"https:\/\/schema.org","@graph":[{"@type":"WebPage","@id":"https:\/\/leonore-mau.de\/produkt\/ohne-titel-ffentliche-zapfstelle-in-dakar\/","url":"https:\/\/leonore-mau.de\/produkt\/ohne-titel-ffentliche-zapfstelle-in-dakar\/","name":"Ohne Titel (\u00d6ffentliche Zapfstelle in Dakar) - Leonore Mau","isPartOf":{"@id":"https:\/\/leonore-mau.de\/#website"},"primaryImageOfPage":{"@id":"https:\/\/leonore-mau.de\/produkt\/ohne-titel-ffentliche-zapfstelle-in-dakar\/#primaryimage"},"image":{"@id":"https:\/\/leonore-mau.de\/produkt\/ohne-titel-ffentliche-zapfstelle-in-dakar\/#primaryimage"},"thumbnailUrl":"https:\/\/leonore-mau.de\/wp-content\/uploads\/2022\/07\/70688383.jpg","datePublished":"2022-07-11T13:16:55+00:00","dateModified":"2022-09-13T21:12:12+00:00","breadcrumb":{"@id":"https:\/\/leonore-mau.de\/produkt\/ohne-titel-ffentliche-zapfstelle-in-dakar\/#breadcrumb"},"inLanguage":"en-US","potentialAction":[{"@type":"ReadAction","target":["https:\/\/leonore-mau.de\/produkt\/ohne-titel-ffentliche-zapfstelle-in-dakar\/"]}]},{"@type":"ImageObject","inLanguage":"en-US","@id":"https:\/\/leonore-mau.de\/produkt\/ohne-titel-ffentliche-zapfstelle-in-dakar\/#primaryimage","url":"https:\/\/leonore-mau.de\/wp-content\/uploads\/2022\/07\/70688383.jpg","contentUrl":"https:\/\/leonore-mau.de\/wp-content\/uploads\/2022\/07\/70688383.jpg","width":1200,"height":865,"caption":"Frauen an einer \u00f6ffentliche Zapfstelle in Dakar im Bezirk Patte d'Oie. R\u00fcckseitenbeschriftung: \"Dakar Patte d'Oie. Noch m\u00fcssen die Frauen zur \u00f6ffentlichen Zapfstelle. F\u00fcr die Wasserleitungen in den H\u00e4usern reicht der Druck nicht aus. 1976\" Aufnahmedatum: 1974 - 1976 Material\/Technik: Foto \/ Silbergelatine auf Barytpapier Bildformat (Foto): 22,0 x 23,4 cm Aufnahmeort: Dakar Inventar-Nr.: LM-504921"},{"@type":"BreadcrumbList","@id":"https:\/\/leonore-mau.de\/produkt\/ohne-titel-ffentliche-zapfstelle-in-dakar\/#breadcrumb","itemListElement":[{"@type":"ListItem","position":1,"name":"Startseite","item":"https:\/\/leonore-mau.de\/en\/"},{"@type":"ListItem","position":2,"name":"Shop","item":"https:\/\/leonore-mau.de\/en\/shop-2\/"},{"@type":"ListItem","position":3,"name":"Ohne Titel (\u00d6ffentliche Zapfstelle in Dakar)"}]},{"@type":"WebSite","@id":"https:\/\/leonore-mau.de\/#website","url":"https:\/\/leonore-mau.de\/","name":"Leonore Mau","description":"Fotografin","potentialAction":[{"@type":"SearchAction","target":{"@type":"EntryPoint","urlTemplate":"https:\/\/leonore-mau.de\/?s={search_term_string}"},"query-input":{"@type":"PropertyValueSpecification","valueRequired":true,"valueName":"search_term_string"}}],"inLanguage":"en-US"}]}},"_links":{"self":[{"href":"https:\/\/leonore-mau.de\/en\/wp-json\/wp\/v2\/product\/1197","targetHints":{"allow":["GET"]}}],"collection":[{"href":"https:\/\/leonore-mau.de\/en\/wp-json\/wp\/v2\/product"}],"about":[{"href":"https:\/\/leonore-mau.de\/en\/wp-json\/wp\/v2\/types\/product"}],"wp:featuredmedia":[{"embeddable":true,"href":"https:\/\/leonore-mau.de\/en\/wp-json\/wp\/v2\/media\/644"}],"wp:attachment":[{"href":"https:\/\/leonore-mau.de\/en\/wp-json\/wp\/v2\/media?parent=1197"}],"wp:term":[{"taxonomy":"product_brand","embeddable":true,"href":"https:\/\/leonore-mau.de\/en\/wp-json\/wp\/v2\/product_brand?post=1197"},{"taxonomy":"product_cat","embeddable":true,"href":"https:\/\/leonore-mau.de\/en\/wp-json\/wp\/v2\/product_cat?post=1197"},{"taxonomy":"product_tag","embeddable":true,"href":"https:\/\/leonore-mau.de\/en\/wp-json\/wp\/v2\/product_tag?post=1197"}],"curies":[{"name":"wp","href":"https:\/\/api.w.org\/{rel}","templated":true}]}}