{"id":1199,"date":"2022-07-11T15:16:55","date_gmt":"2022-07-11T13:16:55","guid":{"rendered":"https:\/\/leonore-mau.de\/produkt\/ohne-titel-am-strand-von-miami\/"},"modified":"2022-09-13T23:12:12","modified_gmt":"2022-09-13T21:12:12","slug":"ohne-titel-am-strand-von-miami","status":"publish","type":"product","link":"https:\/\/leonore-mau.de\/en\/produkt\/ohne-titel-am-strand-von-miami\/","title":{"rendered":"Ohne Titel (Am Strand von Miami)"},"content":{"rendered":"<p>Am Strand von Miami. Frau sitzend in einem Liegestuhl, mit dem R\u00fccken zur Kamera. Im Hintergrund l\u00e4uft eine barf\u00fc\u00dfige Person mit ausgestreckten Armen \u00fcber den nassen Sand. Am Himmel t\u00fcrmen sich Wolken auf. R\u00fcckseitenbeschriftung: &#8220;Miami 1977&#8221;<\/p>\n","protected":false},"excerpt":{"rendered":"<p>Am Strand von Miami. Frau sitzend in einem Liegestuhl, mit dem R\u00fccken zur Kamera. Im Hintergrund l\u00e4uft eine barf\u00fc\u00dfige Person mit ausgestreckten Armen \u00fcber den nassen Sand. Am Himmel t\u00fcrmen sich Wolken auf. R\u00fcckseitenbeschriftung: &#8220;Miami 1977&#8221;<\/p>\n","protected":false},"featured_media":646,"template":"","meta":[],"product_brand":[],"product_cat":[4434,17],"product_tag":[78,2372,22,24,21,23,80,84,171,172,272,273,2719,43,44,354,712,713,1584,1585,190,191,70,71,850,851,624,625,105,107,213,214,215,216,93,92,94,91,95,198,217,218,219,2994,2917,106,108,2995,417,626,226,227,806,807],"class_list":{"0":"post-1199","1":"product","2":"type-product","3":"status-publish","4":"has-post-thumbnail","6":"product_cat-juedisches-viertel-miami","7":"product_cat-unkategorisiert","8":"product_tag-1970er-jahre","9":"product_tag-2-3-2_juedisches-viertel-miami","10":"product_tag-20-jahrhundert-nach-chr","11":"product_tag-20-jh-n-chr","12":"product_tag-20-jahrhundert","13":"product_tag-20-jh","14":"product_tag-70er","15":"product_tag-ausland","16":"product_tag-aussenaufnahme","17":"product_tag-aussenaufnahmen","18":"product_tag-badestrand","19":"product_tag-badestraende","20":"product_tag-campingstuhl","21":"product_tag-fotografin","22":"product_tag-fotografinnen","23":"product_tag-frau","24":"product_tag-himmel","25":"product_tag-himmels","26":"product_tag-liegestuhl","27":"product_tag-liegestuehle","28":"product_tag-meer","29":"product_tag-meeres","30":"product_tag-photographin","31":"product_tag-photographinnen","32":"product_tag-regenschirm","33":"product_tag-regenschirme","34":"product_tag-rueckansicht","35":"product_tag-rueckseite","36":"product_tag-s-w-fotografie","37":"product_tag-s-w-photographie","38":"product_tag-sandstrand","39":"product_tag-sandstraende","40":"product_tag-sandstrandes","41":"product_tag-sandstrands","42":"product_tag-schwarzweissphotographie","43":"product_tag-schwarz-weiss-fotografie","44":"product_tag-schwarz-weiss-photographie","45":"product_tag-schwarzweissfotografie","46":"product_tag-siebziger","47":"product_tag-strand","48":"product_tag-straende","49":"product_tag-strandes","50":"product_tag-strands","51":"product_tag-strandszene","52":"product_tag-strandszenerie","53":"product_tag-sw-fotografie","54":"product_tag-sw-photographie","55":"product_tag-tasche","56":"product_tag-usa","57":"product_tag-von-hinten","58":"product_tag-wolke","59":"product_tag-wolken","60":"product_tag-zeitung","61":"product_tag-zeitungen","63":"first","64":"instock","65":"shipping-taxable","66":"product-type-simple"},"yoast_head":"<!-- This site is optimized with the Yoast SEO plugin v27.3 - https:\/\/yoast.com\/product\/yoast-seo-wordpress\/ -->\n<title>Ohne Titel (Am Strand von Miami) - Leonore Mau<\/title>\n<meta name=\"robots\" content=\"index, follow, max-snippet:-1, max-image-preview:large, max-video-preview:-1\" \/>\n<link rel=\"canonical\" href=\"https:\/\/leonore-mau.de\/produkt\/ohne-titel-am-strand-von-miami\/\" \/>\n<meta property=\"og:locale\" content=\"en_US\" \/>\n<meta property=\"og:type\" content=\"article\" \/>\n<meta property=\"og:title\" content=\"Ohne Titel (Am Strand von Miami) - Leonore Mau\" \/>\n<meta property=\"og:description\" content=\"Am Strand von Miami. Frau sitzend in einem Liegestuhl, mit dem R\u00fccken zur Kamera. Im Hintergrund l\u00e4uft eine barf\u00fc\u00dfige Person mit ausgestreckten Armen \u00fcber den nassen Sand. Am Himmel t\u00fcrmen sich Wolken auf. R\u00fcckseitenbeschriftung: &#8220;Miami 1977&#8221;\" \/>\n<meta property=\"og:url\" content=\"https:\/\/leonore-mau.de\/produkt\/ohne-titel-am-strand-von-miami\/\" \/>\n<meta property=\"og:site_name\" content=\"Leonore Mau\" \/>\n<meta property=\"article:modified_time\" content=\"2022-09-13T21:12:12+00:00\" \/>\n<meta property=\"og:image\" content=\"https:\/\/leonore-mau.de\/wp-content\/uploads\/2022\/07\/70688385.jpg\" \/>\n\t<meta property=\"og:image:width\" content=\"1200\" \/>\n\t<meta property=\"og:image:height\" content=\"901\" \/>\n\t<meta property=\"og:image:type\" content=\"image\/jpeg\" \/>\n<meta name=\"twitter:card\" content=\"summary_large_image\" \/>\n<script type=\"application\/ld+json\" class=\"yoast-schema-graph\">{\"@context\":\"https:\\\/\\\/schema.org\",\"@graph\":[{\"@type\":\"WebPage\",\"@id\":\"https:\\\/\\\/leonore-mau.de\\\/produkt\\\/ohne-titel-am-strand-von-miami\\\/\",\"url\":\"https:\\\/\\\/leonore-mau.de\\\/produkt\\\/ohne-titel-am-strand-von-miami\\\/\",\"name\":\"Ohne Titel (Am Strand von Miami) - Leonore Mau\",\"isPartOf\":{\"@id\":\"https:\\\/\\\/leonore-mau.de\\\/#website\"},\"primaryImageOfPage\":{\"@id\":\"https:\\\/\\\/leonore-mau.de\\\/produkt\\\/ohne-titel-am-strand-von-miami\\\/#primaryimage\"},\"image\":{\"@id\":\"https:\\\/\\\/leonore-mau.de\\\/produkt\\\/ohne-titel-am-strand-von-miami\\\/#primaryimage\"},\"thumbnailUrl\":\"https:\\\/\\\/leonore-mau.de\\\/wp-content\\\/uploads\\\/2022\\\/07\\\/70688385.jpg\",\"datePublished\":\"2022-07-11T13:16:55+00:00\",\"dateModified\":\"2022-09-13T21:12:12+00:00\",\"breadcrumb\":{\"@id\":\"https:\\\/\\\/leonore-mau.de\\\/produkt\\\/ohne-titel-am-strand-von-miami\\\/#breadcrumb\"},\"inLanguage\":\"en-US\",\"potentialAction\":[{\"@type\":\"ReadAction\",\"target\":[\"https:\\\/\\\/leonore-mau.de\\\/produkt\\\/ohne-titel-am-strand-von-miami\\\/\"]}]},{\"@type\":\"ImageObject\",\"inLanguage\":\"en-US\",\"@id\":\"https:\\\/\\\/leonore-mau.de\\\/produkt\\\/ohne-titel-am-strand-von-miami\\\/#primaryimage\",\"url\":\"https:\\\/\\\/leonore-mau.de\\\/wp-content\\\/uploads\\\/2022\\\/07\\\/70688385.jpg\",\"contentUrl\":\"https:\\\/\\\/leonore-mau.de\\\/wp-content\\\/uploads\\\/2022\\\/07\\\/70688385.jpg\",\"width\":1200,\"height\":901,\"caption\":\"Am Strand von Miami. Frau sitzend in einem Liegestuhl, mit dem R\u00fccken zur Kamera. Im Hintergrund l\u00e4uft eine barf\u00fc\u00dfige Person mit ausgestreckten Armen \u00fcber den nassen Sand. Am Himmel t\u00fcrmen sich Wolken auf. R\u00fcckseitenbeschriftung: \\\"Miami 1977\\\" Aufnahmedatum: 1977 - 1978 Material\\\/Technik: Foto \\\/ Silbergelatine auf PE-Papier Bildformat (Foto): 22,1 x 29,5 cm Aufnahmeort: Miami Inventar-Nr.: LM-501289\"},{\"@type\":\"BreadcrumbList\",\"@id\":\"https:\\\/\\\/leonore-mau.de\\\/produkt\\\/ohne-titel-am-strand-von-miami\\\/#breadcrumb\",\"itemListElement\":[{\"@type\":\"ListItem\",\"position\":1,\"name\":\"Startseite\",\"item\":\"https:\\\/\\\/leonore-mau.de\\\/en\\\/\"},{\"@type\":\"ListItem\",\"position\":2,\"name\":\"Shop\",\"item\":\"https:\\\/\\\/leonore-mau.de\\\/en\\\/shop-2\\\/\"},{\"@type\":\"ListItem\",\"position\":3,\"name\":\"Ohne Titel (Am Strand von Miami)\"}]},{\"@type\":\"WebSite\",\"@id\":\"https:\\\/\\\/leonore-mau.de\\\/#website\",\"url\":\"https:\\\/\\\/leonore-mau.de\\\/\",\"name\":\"Leonore Mau\",\"description\":\"Fotografin\",\"potentialAction\":[{\"@type\":\"SearchAction\",\"target\":{\"@type\":\"EntryPoint\",\"urlTemplate\":\"https:\\\/\\\/leonore-mau.de\\\/?s={search_term_string}\"},\"query-input\":{\"@type\":\"PropertyValueSpecification\",\"valueRequired\":true,\"valueName\":\"search_term_string\"}}],\"inLanguage\":\"en-US\"}]}<\/script>\n<!-- \/ Yoast SEO plugin. -->","yoast_head_json":{"title":"Ohne Titel (Am Strand von Miami) - Leonore Mau","robots":{"index":"index","follow":"follow","max-snippet":"max-snippet:-1","max-image-preview":"max-image-preview:large","max-video-preview":"max-video-preview:-1"},"canonical":"https:\/\/leonore-mau.de\/produkt\/ohne-titel-am-strand-von-miami\/","og_locale":"en_US","og_type":"article","og_title":"Ohne Titel (Am Strand von Miami) - Leonore Mau","og_description":"Am Strand von Miami. Frau sitzend in einem Liegestuhl, mit dem R\u00fccken zur Kamera. Im Hintergrund l\u00e4uft eine barf\u00fc\u00dfige Person mit ausgestreckten Armen \u00fcber den nassen Sand. Am Himmel t\u00fcrmen sich Wolken auf. R\u00fcckseitenbeschriftung: &#8220;Miami 1977&#8221;","og_url":"https:\/\/leonore-mau.de\/produkt\/ohne-titel-am-strand-von-miami\/","og_site_name":"Leonore Mau","article_modified_time":"2022-09-13T21:12:12+00:00","og_image":[{"width":1200,"height":901,"url":"https:\/\/leonore-mau.de\/wp-content\/uploads\/2022\/07\/70688385.jpg","type":"image\/jpeg"}],"twitter_card":"summary_large_image","schema":{"@context":"https:\/\/schema.org","@graph":[{"@type":"WebPage","@id":"https:\/\/leonore-mau.de\/produkt\/ohne-titel-am-strand-von-miami\/","url":"https:\/\/leonore-mau.de\/produkt\/ohne-titel-am-strand-von-miami\/","name":"Ohne Titel (Am Strand von Miami) - Leonore Mau","isPartOf":{"@id":"https:\/\/leonore-mau.de\/#website"},"primaryImageOfPage":{"@id":"https:\/\/leonore-mau.de\/produkt\/ohne-titel-am-strand-von-miami\/#primaryimage"},"image":{"@id":"https:\/\/leonore-mau.de\/produkt\/ohne-titel-am-strand-von-miami\/#primaryimage"},"thumbnailUrl":"https:\/\/leonore-mau.de\/wp-content\/uploads\/2022\/07\/70688385.jpg","datePublished":"2022-07-11T13:16:55+00:00","dateModified":"2022-09-13T21:12:12+00:00","breadcrumb":{"@id":"https:\/\/leonore-mau.de\/produkt\/ohne-titel-am-strand-von-miami\/#breadcrumb"},"inLanguage":"en-US","potentialAction":[{"@type":"ReadAction","target":["https:\/\/leonore-mau.de\/produkt\/ohne-titel-am-strand-von-miami\/"]}]},{"@type":"ImageObject","inLanguage":"en-US","@id":"https:\/\/leonore-mau.de\/produkt\/ohne-titel-am-strand-von-miami\/#primaryimage","url":"https:\/\/leonore-mau.de\/wp-content\/uploads\/2022\/07\/70688385.jpg","contentUrl":"https:\/\/leonore-mau.de\/wp-content\/uploads\/2022\/07\/70688385.jpg","width":1200,"height":901,"caption":"Am Strand von Miami. Frau sitzend in einem Liegestuhl, mit dem R\u00fccken zur Kamera. Im Hintergrund l\u00e4uft eine barf\u00fc\u00dfige Person mit ausgestreckten Armen \u00fcber den nassen Sand. Am Himmel t\u00fcrmen sich Wolken auf. R\u00fcckseitenbeschriftung: \"Miami 1977\" Aufnahmedatum: 1977 - 1978 Material\/Technik: Foto \/ Silbergelatine auf PE-Papier Bildformat (Foto): 22,1 x 29,5 cm Aufnahmeort: Miami Inventar-Nr.: LM-501289"},{"@type":"BreadcrumbList","@id":"https:\/\/leonore-mau.de\/produkt\/ohne-titel-am-strand-von-miami\/#breadcrumb","itemListElement":[{"@type":"ListItem","position":1,"name":"Startseite","item":"https:\/\/leonore-mau.de\/en\/"},{"@type":"ListItem","position":2,"name":"Shop","item":"https:\/\/leonore-mau.de\/en\/shop-2\/"},{"@type":"ListItem","position":3,"name":"Ohne Titel (Am Strand von Miami)"}]},{"@type":"WebSite","@id":"https:\/\/leonore-mau.de\/#website","url":"https:\/\/leonore-mau.de\/","name":"Leonore Mau","description":"Fotografin","potentialAction":[{"@type":"SearchAction","target":{"@type":"EntryPoint","urlTemplate":"https:\/\/leonore-mau.de\/?s={search_term_string}"},"query-input":{"@type":"PropertyValueSpecification","valueRequired":true,"valueName":"search_term_string"}}],"inLanguage":"en-US"}]}},"_links":{"self":[{"href":"https:\/\/leonore-mau.de\/en\/wp-json\/wp\/v2\/product\/1199","targetHints":{"allow":["GET"]}}],"collection":[{"href":"https:\/\/leonore-mau.de\/en\/wp-json\/wp\/v2\/product"}],"about":[{"href":"https:\/\/leonore-mau.de\/en\/wp-json\/wp\/v2\/types\/product"}],"wp:featuredmedia":[{"embeddable":true,"href":"https:\/\/leonore-mau.de\/en\/wp-json\/wp\/v2\/media\/646"}],"wp:attachment":[{"href":"https:\/\/leonore-mau.de\/en\/wp-json\/wp\/v2\/media?parent=1199"}],"wp:term":[{"taxonomy":"product_brand","embeddable":true,"href":"https:\/\/leonore-mau.de\/en\/wp-json\/wp\/v2\/product_brand?post=1199"},{"taxonomy":"product_cat","embeddable":true,"href":"https:\/\/leonore-mau.de\/en\/wp-json\/wp\/v2\/product_cat?post=1199"},{"taxonomy":"product_tag","embeddable":true,"href":"https:\/\/leonore-mau.de\/en\/wp-json\/wp\/v2\/product_tag?post=1199"}],"curies":[{"name":"wp","href":"https:\/\/api.w.org\/{rel}","templated":true}]}}