{"id":1225,"date":"2022-07-11T15:16:58","date_gmt":"2022-07-11T13:16:58","guid":{"rendered":"https:\/\/leonore-mau.de\/produkt\/ohne-titel-avenue-montaigne-am-thatre-champs-lyses\/"},"modified":"2022-09-13T23:12:28","modified_gmt":"2022-09-13T21:12:28","slug":"ohne-titel-avenue-montaigne-am-thatre-champs-lyses","status":"publish","type":"product","link":"https:\/\/leonore-mau.de\/en\/produkt\/ohne-titel-avenue-montaigne-am-thatre-champs-lyses\/","title":{"rendered":"Ohne Titel (Avenue Montaigne am Th\u00e9atre Champs-\u00c9lys\u00e9es)"},"content":{"rendered":"<p>Avenue Montaigne am Th\u00e9atre Champs-\u00c9lys\u00e9es. Baum spiegelt sich auf dem Autodach und R\u00fcckfenster. R\u00fcckseitenbeschriftung: &#8220;Paris 1980 Av. Montaigne Th\u00e9atre Ch. Elys\u00e9es&#8221;<\/p>\n","protected":false},"excerpt":{"rendered":"<p>Avenue Montaigne am Th\u00e9atre Champs-\u00c9lys\u00e9es. Baum spiegelt sich auf dem Autodach und R\u00fcckfenster. R\u00fcckseitenbeschriftung: &#8220;Paris 1980 Av. Montaigne Th\u00e9atre Ch. Elys\u00e9es&#8221;<\/p>\n","protected":false},"featured_media":673,"template":"","meta":[],"product_brand":[],"product_cat":[4436,17],"product_tag":[19,228,22,24,21,23,25,84,115,3148,3149,3150,116,117,118,119,987,1463,1464,1465,3151,3152,3153,3154,43,44,45,46,52,776,777,778,70,71,444,445,3155,105,107,878,879,880,881,93,92,94,91,882,883,450,451,97,99,106,108,796,797],"class_list":{"0":"post-1225","1":"product","2":"type-product","3":"status-publish","4":"has-post-thumbnail","6":"product_cat-strassenszenen","7":"product_cat-unkategorisiert","8":"product_tag-1950er-jahre","9":"product_tag-2-4_strassenszenen","10":"product_tag-20-jahrhundert-nach-chr","11":"product_tag-20-jh-n-chr","12":"product_tag-20-jahrhundert","13":"product_tag-20-jh","14":"product_tag-50er","15":"product_tag-ausland","16":"product_tag-auto","17":"product_tag-autodach","18":"product_tag-autodaecher","19":"product_tag-autodachs","20":"product_tag-automobil","21":"product_tag-automobile","22":"product_tag-automobils","23":"product_tag-autos","24":"product_tag-baum","25":"product_tag-baume","26":"product_tag-baeumen","27":"product_tag-baumes","28":"product_tag-baumkrone","29":"product_tag-baumkronen","30":"product_tag-baumwipfel","31":"product_tag-fensterglas","32":"product_tag-fotografin","33":"product_tag-fotografinnen","34":"product_tag-frankreich","35":"product_tag-frankreichs","36":"product_tag-fuenfziger","37":"product_tag-fussgaengerueberweg","38":"product_tag-fussgaengerueberweges","39":"product_tag-fussgaengerueberwegs","40":"product_tag-photographin","41":"product_tag-photographinnen","42":"product_tag-reflexion","43":"product_tag-reflexionen","44":"product_tag-rueckfenster","45":"product_tag-s-w-fotografie","46":"product_tag-s-w-photographie","47":"product_tag-schattenfigur","48":"product_tag-schattenfiguren","49":"product_tag-schattenriss","50":"product_tag-schattenrisse","51":"product_tag-schwarzweissphotographie","52":"product_tag-schwarz-weiss-fotografie","53":"product_tag-schwarz-weiss-photographie","54":"product_tag-schwarzweissfotografie","55":"product_tag-silhouette","56":"product_tag-silhouetten","57":"product_tag-spiegelung","58":"product_tag-spiegelungen","59":"product_tag-strassenleben","60":"product_tag-strassenszene","61":"product_tag-sw-fotografie","62":"product_tag-sw-photographie","63":"product_tag-zebrastreifen","64":"product_tag-zebrastreifens","66":"first","67":"instock","68":"shipping-taxable","69":"product-type-simple"},"yoast_head":"<!-- This site is optimized with the Yoast SEO plugin v27.3 - https:\/\/yoast.com\/product\/yoast-seo-wordpress\/ -->\n<title>Ohne Titel (Avenue Montaigne am Th\u00e9atre Champs-\u00c9lys\u00e9es) - Leonore Mau<\/title>\n<meta name=\"robots\" content=\"index, follow, max-snippet:-1, max-image-preview:large, max-video-preview:-1\" \/>\n<link rel=\"canonical\" href=\"https:\/\/leonore-mau.de\/produkt\/ohne-titel-avenue-montaigne-am-thatre-champs-lyses\/\" \/>\n<meta property=\"og:locale\" content=\"en_US\" \/>\n<meta property=\"og:type\" content=\"article\" \/>\n<meta property=\"og:title\" content=\"Ohne Titel (Avenue Montaigne am Th\u00e9atre Champs-\u00c9lys\u00e9es) - Leonore Mau\" \/>\n<meta property=\"og:description\" content=\"Avenue Montaigne am Th\u00e9atre Champs-\u00c9lys\u00e9es. Baum spiegelt sich auf dem Autodach und R\u00fcckfenster. R\u00fcckseitenbeschriftung: &#8220;Paris 1980 Av. Montaigne Th\u00e9atre Ch. Elys\u00e9es&#8221;\" \/>\n<meta property=\"og:url\" content=\"https:\/\/leonore-mau.de\/produkt\/ohne-titel-avenue-montaigne-am-thatre-champs-lyses\/\" \/>\n<meta property=\"og:site_name\" content=\"Leonore Mau\" \/>\n<meta property=\"article:modified_time\" content=\"2022-09-13T21:12:28+00:00\" \/>\n<meta property=\"og:image\" content=\"https:\/\/leonore-mau.de\/wp-content\/uploads\/2022\/07\/70688411.jpg\" \/>\n\t<meta property=\"og:image:width\" content=\"800\" \/>\n\t<meta property=\"og:image:height\" content=\"1200\" \/>\n\t<meta property=\"og:image:type\" content=\"image\/jpeg\" \/>\n<meta name=\"twitter:card\" content=\"summary_large_image\" \/>\n<script type=\"application\/ld+json\" class=\"yoast-schema-graph\">{\"@context\":\"https:\\\/\\\/schema.org\",\"@graph\":[{\"@type\":\"WebPage\",\"@id\":\"https:\\\/\\\/leonore-mau.de\\\/produkt\\\/ohne-titel-avenue-montaigne-am-thatre-champs-lyses\\\/\",\"url\":\"https:\\\/\\\/leonore-mau.de\\\/produkt\\\/ohne-titel-avenue-montaigne-am-thatre-champs-lyses\\\/\",\"name\":\"Ohne Titel (Avenue Montaigne am Th\u00e9atre Champs-\u00c9lys\u00e9es) - Leonore Mau\",\"isPartOf\":{\"@id\":\"https:\\\/\\\/leonore-mau.de\\\/#website\"},\"primaryImageOfPage\":{\"@id\":\"https:\\\/\\\/leonore-mau.de\\\/produkt\\\/ohne-titel-avenue-montaigne-am-thatre-champs-lyses\\\/#primaryimage\"},\"image\":{\"@id\":\"https:\\\/\\\/leonore-mau.de\\\/produkt\\\/ohne-titel-avenue-montaigne-am-thatre-champs-lyses\\\/#primaryimage\"},\"thumbnailUrl\":\"https:\\\/\\\/leonore-mau.de\\\/wp-content\\\/uploads\\\/2022\\\/07\\\/70688411.jpg\",\"datePublished\":\"2022-07-11T13:16:58+00:00\",\"dateModified\":\"2022-09-13T21:12:28+00:00\",\"breadcrumb\":{\"@id\":\"https:\\\/\\\/leonore-mau.de\\\/produkt\\\/ohne-titel-avenue-montaigne-am-thatre-champs-lyses\\\/#breadcrumb\"},\"inLanguage\":\"en-US\",\"potentialAction\":[{\"@type\":\"ReadAction\",\"target\":[\"https:\\\/\\\/leonore-mau.de\\\/produkt\\\/ohne-titel-avenue-montaigne-am-thatre-champs-lyses\\\/\"]}]},{\"@type\":\"ImageObject\",\"inLanguage\":\"en-US\",\"@id\":\"https:\\\/\\\/leonore-mau.de\\\/produkt\\\/ohne-titel-avenue-montaigne-am-thatre-champs-lyses\\\/#primaryimage\",\"url\":\"https:\\\/\\\/leonore-mau.de\\\/wp-content\\\/uploads\\\/2022\\\/07\\\/70688411.jpg\",\"contentUrl\":\"https:\\\/\\\/leonore-mau.de\\\/wp-content\\\/uploads\\\/2022\\\/07\\\/70688411.jpg\",\"width\":800,\"height\":1200,\"caption\":\"Avenue Montaigne am Th\u00e9atre Champs-\u00c9lys\u00e9es. Baum spiegelt sich auf dem Autodach und R\u00fcckfenster. R\u00fcckseitenbeschriftung: \\\"Paris 1980 Av. Montaigne Th\u00e9atre Ch. Elys\u00e9es\\\" Aufnahmedatum: 1980 Material\\\/Technik: Foto \\\/ Silbergelatine auf PE-Papier Bildformat (Foto): 20,2 x 30,4 cm Aufnahmeort: Paris Inventar-Nr.: LM-502916\"},{\"@type\":\"BreadcrumbList\",\"@id\":\"https:\\\/\\\/leonore-mau.de\\\/produkt\\\/ohne-titel-avenue-montaigne-am-thatre-champs-lyses\\\/#breadcrumb\",\"itemListElement\":[{\"@type\":\"ListItem\",\"position\":1,\"name\":\"Startseite\",\"item\":\"https:\\\/\\\/leonore-mau.de\\\/en\\\/\"},{\"@type\":\"ListItem\",\"position\":2,\"name\":\"Shop\",\"item\":\"https:\\\/\\\/leonore-mau.de\\\/en\\\/shop-2\\\/\"},{\"@type\":\"ListItem\",\"position\":3,\"name\":\"Ohne Titel (Avenue Montaigne am Th\u00e9atre Champs-\u00c9lys\u00e9es)\"}]},{\"@type\":\"WebSite\",\"@id\":\"https:\\\/\\\/leonore-mau.de\\\/#website\",\"url\":\"https:\\\/\\\/leonore-mau.de\\\/\",\"name\":\"Leonore Mau\",\"description\":\"Fotografin\",\"potentialAction\":[{\"@type\":\"SearchAction\",\"target\":{\"@type\":\"EntryPoint\",\"urlTemplate\":\"https:\\\/\\\/leonore-mau.de\\\/?s={search_term_string}\"},\"query-input\":{\"@type\":\"PropertyValueSpecification\",\"valueRequired\":true,\"valueName\":\"search_term_string\"}}],\"inLanguage\":\"en-US\"}]}<\/script>\n<!-- \/ Yoast SEO plugin. -->","yoast_head_json":{"title":"Ohne Titel (Avenue Montaigne am Th\u00e9atre Champs-\u00c9lys\u00e9es) - Leonore Mau","robots":{"index":"index","follow":"follow","max-snippet":"max-snippet:-1","max-image-preview":"max-image-preview:large","max-video-preview":"max-video-preview:-1"},"canonical":"https:\/\/leonore-mau.de\/produkt\/ohne-titel-avenue-montaigne-am-thatre-champs-lyses\/","og_locale":"en_US","og_type":"article","og_title":"Ohne Titel (Avenue Montaigne am Th\u00e9atre Champs-\u00c9lys\u00e9es) - Leonore Mau","og_description":"Avenue Montaigne am Th\u00e9atre Champs-\u00c9lys\u00e9es. Baum spiegelt sich auf dem Autodach und R\u00fcckfenster. R\u00fcckseitenbeschriftung: &#8220;Paris 1980 Av. Montaigne Th\u00e9atre Ch. Elys\u00e9es&#8221;","og_url":"https:\/\/leonore-mau.de\/produkt\/ohne-titel-avenue-montaigne-am-thatre-champs-lyses\/","og_site_name":"Leonore Mau","article_modified_time":"2022-09-13T21:12:28+00:00","og_image":[{"width":800,"height":1200,"url":"https:\/\/leonore-mau.de\/wp-content\/uploads\/2022\/07\/70688411.jpg","type":"image\/jpeg"}],"twitter_card":"summary_large_image","schema":{"@context":"https:\/\/schema.org","@graph":[{"@type":"WebPage","@id":"https:\/\/leonore-mau.de\/produkt\/ohne-titel-avenue-montaigne-am-thatre-champs-lyses\/","url":"https:\/\/leonore-mau.de\/produkt\/ohne-titel-avenue-montaigne-am-thatre-champs-lyses\/","name":"Ohne Titel (Avenue Montaigne am Th\u00e9atre Champs-\u00c9lys\u00e9es) - Leonore Mau","isPartOf":{"@id":"https:\/\/leonore-mau.de\/#website"},"primaryImageOfPage":{"@id":"https:\/\/leonore-mau.de\/produkt\/ohne-titel-avenue-montaigne-am-thatre-champs-lyses\/#primaryimage"},"image":{"@id":"https:\/\/leonore-mau.de\/produkt\/ohne-titel-avenue-montaigne-am-thatre-champs-lyses\/#primaryimage"},"thumbnailUrl":"https:\/\/leonore-mau.de\/wp-content\/uploads\/2022\/07\/70688411.jpg","datePublished":"2022-07-11T13:16:58+00:00","dateModified":"2022-09-13T21:12:28+00:00","breadcrumb":{"@id":"https:\/\/leonore-mau.de\/produkt\/ohne-titel-avenue-montaigne-am-thatre-champs-lyses\/#breadcrumb"},"inLanguage":"en-US","potentialAction":[{"@type":"ReadAction","target":["https:\/\/leonore-mau.de\/produkt\/ohne-titel-avenue-montaigne-am-thatre-champs-lyses\/"]}]},{"@type":"ImageObject","inLanguage":"en-US","@id":"https:\/\/leonore-mau.de\/produkt\/ohne-titel-avenue-montaigne-am-thatre-champs-lyses\/#primaryimage","url":"https:\/\/leonore-mau.de\/wp-content\/uploads\/2022\/07\/70688411.jpg","contentUrl":"https:\/\/leonore-mau.de\/wp-content\/uploads\/2022\/07\/70688411.jpg","width":800,"height":1200,"caption":"Avenue Montaigne am Th\u00e9atre Champs-\u00c9lys\u00e9es. Baum spiegelt sich auf dem Autodach und R\u00fcckfenster. R\u00fcckseitenbeschriftung: \"Paris 1980 Av. Montaigne Th\u00e9atre Ch. Elys\u00e9es\" Aufnahmedatum: 1980 Material\/Technik: Foto \/ Silbergelatine auf PE-Papier Bildformat (Foto): 20,2 x 30,4 cm Aufnahmeort: Paris Inventar-Nr.: LM-502916"},{"@type":"BreadcrumbList","@id":"https:\/\/leonore-mau.de\/produkt\/ohne-titel-avenue-montaigne-am-thatre-champs-lyses\/#breadcrumb","itemListElement":[{"@type":"ListItem","position":1,"name":"Startseite","item":"https:\/\/leonore-mau.de\/en\/"},{"@type":"ListItem","position":2,"name":"Shop","item":"https:\/\/leonore-mau.de\/en\/shop-2\/"},{"@type":"ListItem","position":3,"name":"Ohne Titel (Avenue Montaigne am Th\u00e9atre Champs-\u00c9lys\u00e9es)"}]},{"@type":"WebSite","@id":"https:\/\/leonore-mau.de\/#website","url":"https:\/\/leonore-mau.de\/","name":"Leonore Mau","description":"Fotografin","potentialAction":[{"@type":"SearchAction","target":{"@type":"EntryPoint","urlTemplate":"https:\/\/leonore-mau.de\/?s={search_term_string}"},"query-input":{"@type":"PropertyValueSpecification","valueRequired":true,"valueName":"search_term_string"}}],"inLanguage":"en-US"}]}},"_links":{"self":[{"href":"https:\/\/leonore-mau.de\/en\/wp-json\/wp\/v2\/product\/1225","targetHints":{"allow":["GET"]}}],"collection":[{"href":"https:\/\/leonore-mau.de\/en\/wp-json\/wp\/v2\/product"}],"about":[{"href":"https:\/\/leonore-mau.de\/en\/wp-json\/wp\/v2\/types\/product"}],"wp:featuredmedia":[{"embeddable":true,"href":"https:\/\/leonore-mau.de\/en\/wp-json\/wp\/v2\/media\/673"}],"wp:attachment":[{"href":"https:\/\/leonore-mau.de\/en\/wp-json\/wp\/v2\/media?parent=1225"}],"wp:term":[{"taxonomy":"product_brand","embeddable":true,"href":"https:\/\/leonore-mau.de\/en\/wp-json\/wp\/v2\/product_brand?post=1225"},{"taxonomy":"product_cat","embeddable":true,"href":"https:\/\/leonore-mau.de\/en\/wp-json\/wp\/v2\/product_cat?post=1225"},{"taxonomy":"product_tag","embeddable":true,"href":"https:\/\/leonore-mau.de\/en\/wp-json\/wp\/v2\/product_tag?post=1225"}],"curies":[{"name":"wp","href":"https:\/\/api.w.org\/{rel}","templated":true}]}}