{"id":1226,"date":"2022-07-11T15:16:59","date_gmt":"2022-07-11T13:16:59","guid":{"rendered":"https:\/\/leonore-mau.de\/produkt\/ohne-titel-straenszene-in-paris-2\/"},"modified":"2022-09-13T23:12:28","modified_gmt":"2022-09-13T21:12:28","slug":"ohne-titel-straenszene-in-paris-2","status":"publish","type":"product","link":"https:\/\/leonore-mau.de\/en\/produkt\/ohne-titel-straenszene-in-paris-2\/","title":{"rendered":"Ohne Titel (Stra\u00dfenszene in Paris)"},"content":{"rendered":"<p>Stra\u00dfenszene in Paris. Polizist an einer Stra\u00dfenecke. R\u00fcckansicht eines Mannes, sitzend auf einem Stuhl, lesend in einer Zeitung. \u00dcber ihm an der Hauswand ein gro\u00dfes Bild von Claude Monets &#8220;Mohnfeld bei Argenteuil&#8221;.  R\u00fcckseitenbeschriftung: &#8220;(?) Paris 1987&#8221;<\/p>\n","protected":false},"excerpt":{"rendered":"<p>Stra\u00dfenszene in Paris. Polizist an einer Stra\u00dfenecke. R\u00fcckansicht eines Mannes, sitzend auf einem Stuhl, lesend in einer Zeitung. \u00dcber ihm an der Hauswand ein gro\u00dfes Bild von Claude Monets &#8220;Mohnfeld bei Argenteuil&#8221;. R\u00fcckseitenbeschriftung: &#8220;(?) Paris 1987&#8221;<\/p>\n","protected":false},"featured_media":674,"template":"","meta":[],"product_brand":[],"product_cat":[4436,17],"product_tag":[3158,3156,79,228,22,24,21,23,82,83,84,3157,3159,43,44,45,46,47,48,49,50,51,3161,486,560,3162,3163,70,71,992,2635,2636,105,107,93,92,94,91,97,99,106,108,3164,109,110,111,112,113,114],"class_list":{"0":"post-1226","1":"product","2":"type-product","3":"status-publish","4":"has-post-thumbnail","6":"product_cat-strassenszenen","7":"product_cat-unkategorisiert","8":"product_tag-claude-monet","9":"product_tag-14-11-1840-06-12-1926","10":"product_tag-1980er-jahre","11":"product_tag-2-4_strassenszenen","12":"product_tag-20-jahrhundert-nach-chr","13":"product_tag-20-jh-n-chr","14":"product_tag-20-jahrhundert","15":"product_tag-20-jh","16":"product_tag-80er","17":"product_tag-achtziger","18":"product_tag-ausland","19":"product_tag-claude","20":"product_tag-claude-oscar","21":"product_tag-fotografin","22":"product_tag-fotografinnen","23":"product_tag-frankreich","24":"product_tag-frankreichs","25":"product_tag-franzoesisch","26":"product_tag-franzoesische","27":"product_tag-franzoesischen","28":"product_tag-franzoesischer","29":"product_tag-franzoesisches","30":"product_tag-klot","31":"product_tag-mann","32":"product_tag-maenner","33":"product_tag-mone","34":"product_tag-monet","35":"product_tag-photographin","36":"product_tag-photographinnen","37":"product_tag-polizei","38":"product_tag-polizist","39":"product_tag-polizisten","40":"product_tag-s-w-fotografie","41":"product_tag-s-w-photographie","42":"product_tag-schwarzweissphotographie","43":"product_tag-schwarz-weiss-fotografie","44":"product_tag-schwarz-weiss-photographie","45":"product_tag-schwarzweissfotografie","46":"product_tag-strassenleben","47":"product_tag-strassenszene","48":"product_tag-sw-fotografie","49":"product_tag-sw-photographie","50":"product_tag-wachpersonal","51":"product_tag-wandbild","52":"product_tag-wandbilder","53":"product_tag-wandbildes","54":"product_tag-wandgemaelde","55":"product_tag-wandmalerei","56":"product_tag-wandmalereien","58":"first","59":"instock","60":"shipping-taxable","61":"product-type-simple"},"yoast_head":"<!-- This site is optimized with the Yoast SEO plugin v27.4 - https:\/\/yoast.com\/product\/yoast-seo-wordpress\/ -->\n<title>Ohne Titel (Stra\u00dfenszene in Paris) - Leonore Mau<\/title>\n<meta name=\"robots\" content=\"index, follow, max-snippet:-1, max-image-preview:large, max-video-preview:-1\" \/>\n<link rel=\"canonical\" href=\"https:\/\/leonore-mau.de\/produkt\/ohne-titel-straenszene-in-paris-2\/\" \/>\n<meta property=\"og:locale\" content=\"en_US\" \/>\n<meta property=\"og:type\" content=\"article\" \/>\n<meta property=\"og:title\" content=\"Ohne Titel (Stra\u00dfenszene in Paris) - Leonore Mau\" \/>\n<meta property=\"og:description\" content=\"Stra\u00dfenszene in Paris. Polizist an einer Stra\u00dfenecke. R\u00fcckansicht eines Mannes, sitzend auf einem Stuhl, lesend in einer Zeitung. \u00dcber ihm an der Hauswand ein gro\u00dfes Bild von Claude Monets &#8220;Mohnfeld bei Argenteuil&#8221;. R\u00fcckseitenbeschriftung: &#8220;(?) Paris 1987&#8221;\" \/>\n<meta property=\"og:url\" content=\"https:\/\/leonore-mau.de\/produkt\/ohne-titel-straenszene-in-paris-2\/\" \/>\n<meta property=\"og:site_name\" content=\"Leonore Mau\" \/>\n<meta property=\"article:modified_time\" content=\"2022-09-13T21:12:28+00:00\" \/>\n<meta property=\"og:image\" content=\"https:\/\/leonore-mau.de\/wp-content\/uploads\/2022\/07\/70688412.jpg\" \/>\n\t<meta property=\"og:image:width\" content=\"946\" \/>\n\t<meta property=\"og:image:height\" content=\"1200\" \/>\n\t<meta property=\"og:image:type\" content=\"image\/jpeg\" \/>\n<meta name=\"twitter:card\" content=\"summary_large_image\" \/>\n<script type=\"application\/ld+json\" class=\"yoast-schema-graph\">{\"@context\":\"https:\\\/\\\/schema.org\",\"@graph\":[{\"@type\":\"WebPage\",\"@id\":\"https:\\\/\\\/leonore-mau.de\\\/produkt\\\/ohne-titel-straenszene-in-paris-2\\\/\",\"url\":\"https:\\\/\\\/leonore-mau.de\\\/produkt\\\/ohne-titel-straenszene-in-paris-2\\\/\",\"name\":\"Ohne Titel (Stra\u00dfenszene in Paris) - Leonore Mau\",\"isPartOf\":{\"@id\":\"https:\\\/\\\/leonore-mau.de\\\/#website\"},\"primaryImageOfPage\":{\"@id\":\"https:\\\/\\\/leonore-mau.de\\\/produkt\\\/ohne-titel-straenszene-in-paris-2\\\/#primaryimage\"},\"image\":{\"@id\":\"https:\\\/\\\/leonore-mau.de\\\/produkt\\\/ohne-titel-straenszene-in-paris-2\\\/#primaryimage\"},\"thumbnailUrl\":\"https:\\\/\\\/leonore-mau.de\\\/wp-content\\\/uploads\\\/2022\\\/07\\\/70688412.jpg\",\"datePublished\":\"2022-07-11T13:16:59+00:00\",\"dateModified\":\"2022-09-13T21:12:28+00:00\",\"breadcrumb\":{\"@id\":\"https:\\\/\\\/leonore-mau.de\\\/produkt\\\/ohne-titel-straenszene-in-paris-2\\\/#breadcrumb\"},\"inLanguage\":\"en-US\",\"potentialAction\":[{\"@type\":\"ReadAction\",\"target\":[\"https:\\\/\\\/leonore-mau.de\\\/produkt\\\/ohne-titel-straenszene-in-paris-2\\\/\"]}]},{\"@type\":\"ImageObject\",\"inLanguage\":\"en-US\",\"@id\":\"https:\\\/\\\/leonore-mau.de\\\/produkt\\\/ohne-titel-straenszene-in-paris-2\\\/#primaryimage\",\"url\":\"https:\\\/\\\/leonore-mau.de\\\/wp-content\\\/uploads\\\/2022\\\/07\\\/70688412.jpg\",\"contentUrl\":\"https:\\\/\\\/leonore-mau.de\\\/wp-content\\\/uploads\\\/2022\\\/07\\\/70688412.jpg\",\"width\":946,\"height\":1200,\"caption\":\"Stra\u00dfenszene in Paris. Polizist an einer Stra\u00dfenecke. R\u00fcckansicht eines Mannes, sitzend auf einem Stuhl, lesend in einer Zeitung. \u00dcber ihm an der Hauswand ein gro\u00dfes Bild von Claude Monets \\\"Mohnfeld bei Argenteuil\\\". Aufnahmedatum: 1988 Material\\\/Technik: Foto \\\/ Silbergelatine auf PE-Papier Bildformat (Foto): 21,4 x 27,3 cm Aufnahmeort: Paris Inventar-Nr.: LM-502928\"},{\"@type\":\"BreadcrumbList\",\"@id\":\"https:\\\/\\\/leonore-mau.de\\\/produkt\\\/ohne-titel-straenszene-in-paris-2\\\/#breadcrumb\",\"itemListElement\":[{\"@type\":\"ListItem\",\"position\":1,\"name\":\"Startseite\",\"item\":\"https:\\\/\\\/leonore-mau.de\\\/en\\\/\"},{\"@type\":\"ListItem\",\"position\":2,\"name\":\"Shop\",\"item\":\"https:\\\/\\\/leonore-mau.de\\\/en\\\/shop-2\\\/\"},{\"@type\":\"ListItem\",\"position\":3,\"name\":\"Ohne Titel (Stra\u00dfenszene in Paris)\"}]},{\"@type\":\"WebSite\",\"@id\":\"https:\\\/\\\/leonore-mau.de\\\/#website\",\"url\":\"https:\\\/\\\/leonore-mau.de\\\/\",\"name\":\"Leonore Mau\",\"description\":\"Fotografin\",\"potentialAction\":[{\"@type\":\"SearchAction\",\"target\":{\"@type\":\"EntryPoint\",\"urlTemplate\":\"https:\\\/\\\/leonore-mau.de\\\/?s={search_term_string}\"},\"query-input\":{\"@type\":\"PropertyValueSpecification\",\"valueRequired\":true,\"valueName\":\"search_term_string\"}}],\"inLanguage\":\"en-US\"}]}<\/script>\n<!-- \/ Yoast SEO plugin. -->","yoast_head_json":{"title":"Ohne Titel (Stra\u00dfenszene in Paris) - Leonore Mau","robots":{"index":"index","follow":"follow","max-snippet":"max-snippet:-1","max-image-preview":"max-image-preview:large","max-video-preview":"max-video-preview:-1"},"canonical":"https:\/\/leonore-mau.de\/produkt\/ohne-titel-straenszene-in-paris-2\/","og_locale":"en_US","og_type":"article","og_title":"Ohne Titel (Stra\u00dfenszene in Paris) - Leonore Mau","og_description":"Stra\u00dfenszene in Paris. Polizist an einer Stra\u00dfenecke. R\u00fcckansicht eines Mannes, sitzend auf einem Stuhl, lesend in einer Zeitung. \u00dcber ihm an der Hauswand ein gro\u00dfes Bild von Claude Monets &#8220;Mohnfeld bei Argenteuil&#8221;. R\u00fcckseitenbeschriftung: &#8220;(?) Paris 1987&#8221;","og_url":"https:\/\/leonore-mau.de\/produkt\/ohne-titel-straenszene-in-paris-2\/","og_site_name":"Leonore Mau","article_modified_time":"2022-09-13T21:12:28+00:00","og_image":[{"width":946,"height":1200,"url":"https:\/\/leonore-mau.de\/wp-content\/uploads\/2022\/07\/70688412.jpg","type":"image\/jpeg"}],"twitter_card":"summary_large_image","schema":{"@context":"https:\/\/schema.org","@graph":[{"@type":"WebPage","@id":"https:\/\/leonore-mau.de\/produkt\/ohne-titel-straenszene-in-paris-2\/","url":"https:\/\/leonore-mau.de\/produkt\/ohne-titel-straenszene-in-paris-2\/","name":"Ohne Titel (Stra\u00dfenszene in Paris) - Leonore Mau","isPartOf":{"@id":"https:\/\/leonore-mau.de\/#website"},"primaryImageOfPage":{"@id":"https:\/\/leonore-mau.de\/produkt\/ohne-titel-straenszene-in-paris-2\/#primaryimage"},"image":{"@id":"https:\/\/leonore-mau.de\/produkt\/ohne-titel-straenszene-in-paris-2\/#primaryimage"},"thumbnailUrl":"https:\/\/leonore-mau.de\/wp-content\/uploads\/2022\/07\/70688412.jpg","datePublished":"2022-07-11T13:16:59+00:00","dateModified":"2022-09-13T21:12:28+00:00","breadcrumb":{"@id":"https:\/\/leonore-mau.de\/produkt\/ohne-titel-straenszene-in-paris-2\/#breadcrumb"},"inLanguage":"en-US","potentialAction":[{"@type":"ReadAction","target":["https:\/\/leonore-mau.de\/produkt\/ohne-titel-straenszene-in-paris-2\/"]}]},{"@type":"ImageObject","inLanguage":"en-US","@id":"https:\/\/leonore-mau.de\/produkt\/ohne-titel-straenszene-in-paris-2\/#primaryimage","url":"https:\/\/leonore-mau.de\/wp-content\/uploads\/2022\/07\/70688412.jpg","contentUrl":"https:\/\/leonore-mau.de\/wp-content\/uploads\/2022\/07\/70688412.jpg","width":946,"height":1200,"caption":"Stra\u00dfenszene in Paris. Polizist an einer Stra\u00dfenecke. R\u00fcckansicht eines Mannes, sitzend auf einem Stuhl, lesend in einer Zeitung. \u00dcber ihm an der Hauswand ein gro\u00dfes Bild von Claude Monets \"Mohnfeld bei Argenteuil\". Aufnahmedatum: 1988 Material\/Technik: Foto \/ Silbergelatine auf PE-Papier Bildformat (Foto): 21,4 x 27,3 cm Aufnahmeort: Paris Inventar-Nr.: LM-502928"},{"@type":"BreadcrumbList","@id":"https:\/\/leonore-mau.de\/produkt\/ohne-titel-straenszene-in-paris-2\/#breadcrumb","itemListElement":[{"@type":"ListItem","position":1,"name":"Startseite","item":"https:\/\/leonore-mau.de\/en\/"},{"@type":"ListItem","position":2,"name":"Shop","item":"https:\/\/leonore-mau.de\/en\/shop-2\/"},{"@type":"ListItem","position":3,"name":"Ohne Titel (Stra\u00dfenszene in Paris)"}]},{"@type":"WebSite","@id":"https:\/\/leonore-mau.de\/#website","url":"https:\/\/leonore-mau.de\/","name":"Leonore Mau","description":"Fotografin","potentialAction":[{"@type":"SearchAction","target":{"@type":"EntryPoint","urlTemplate":"https:\/\/leonore-mau.de\/?s={search_term_string}"},"query-input":{"@type":"PropertyValueSpecification","valueRequired":true,"valueName":"search_term_string"}}],"inLanguage":"en-US"}]}},"_links":{"self":[{"href":"https:\/\/leonore-mau.de\/en\/wp-json\/wp\/v2\/product\/1226","targetHints":{"allow":["GET"]}}],"collection":[{"href":"https:\/\/leonore-mau.de\/en\/wp-json\/wp\/v2\/product"}],"about":[{"href":"https:\/\/leonore-mau.de\/en\/wp-json\/wp\/v2\/types\/product"}],"wp:featuredmedia":[{"embeddable":true,"href":"https:\/\/leonore-mau.de\/en\/wp-json\/wp\/v2\/media\/674"}],"wp:attachment":[{"href":"https:\/\/leonore-mau.de\/en\/wp-json\/wp\/v2\/media?parent=1226"}],"wp:term":[{"taxonomy":"product_brand","embeddable":true,"href":"https:\/\/leonore-mau.de\/en\/wp-json\/wp\/v2\/product_brand?post=1226"},{"taxonomy":"product_cat","embeddable":true,"href":"https:\/\/leonore-mau.de\/en\/wp-json\/wp\/v2\/product_cat?post=1226"},{"taxonomy":"product_tag","embeddable":true,"href":"https:\/\/leonore-mau.de\/en\/wp-json\/wp\/v2\/product_tag?post=1226"}],"curies":[{"name":"wp","href":"https:\/\/api.w.org\/{rel}","templated":true}]}}