{"id":1229,"date":"2022-07-11T15:16:59","date_gmt":"2022-07-11T13:16:59","guid":{"rendered":"https:\/\/leonore-mau.de\/produkt\/ohne-titel-straenszene-in-manamah\/"},"modified":"2022-09-13T23:12:30","modified_gmt":"2022-09-13T21:12:30","slug":"ohne-titel-straenszene-in-manamah","status":"publish","type":"product","link":"https:\/\/leonore-mau.de\/en\/produkt\/ohne-titel-straenszene-in-manamah\/","title":{"rendered":"Ohne Titel (Stra\u00dfenszene in Manamah)"},"content":{"rendered":"<p>Stra\u00dfenszene in Manamah. Junge M\u00e4nner auf Fahrr\u00e4dern, Frauen in Burkas, sitzend an einer Hauswand. Spiegelung in einer gro\u00dfen Pf\u00fctze.<\/p>\n","protected":false},"excerpt":{"rendered":"<p>Stra\u00dfenszene in Manamah. Junge M\u00e4nner auf Fahrr\u00e4dern, Frauen in Burkas, sitzend an einer Hauswand. Spiegelung in einer gro\u00dfen Pf\u00fctze.<\/p>\n","protected":false},"featured_media":677,"template":"","meta":[],"product_brand":[],"product_cat":[4436,17],"product_tag":[78,228,22,24,21,23,80,84,171,172,115,116,117,118,119,3174,3175,500,501,502,503,504,505,506,507,43,44,354,740,3176,486,560,3177,3178,70,71,521,522,523,524,444,445,105,107,93,92,94,91,95,450,451,97,99,106,108,3179,3180,3181,2925,2926],"class_list":{"0":"post-1229","1":"product","2":"type-product","3":"status-publish","4":"has-post-thumbnail","6":"product_cat-strassenszenen","7":"product_cat-unkategorisiert","8":"product_tag-1970er-jahre","9":"product_tag-2-4_strassenszenen","10":"product_tag-20-jahrhundert-nach-chr","11":"product_tag-20-jh-n-chr","12":"product_tag-20-jahrhundert","13":"product_tag-20-jh","14":"product_tag-70er","15":"product_tag-ausland","16":"product_tag-aussenaufnahme","17":"product_tag-aussenaufnahmen","18":"product_tag-auto","19":"product_tag-automobil","20":"product_tag-automobile","21":"product_tag-automobils","22":"product_tag-autos","23":"product_tag-burka","24":"product_tag-burkas","25":"product_tag-fahrrad","26":"product_tag-fahrraeder","27":"product_tag-fahrraedern","28":"product_tag-fahrrades","29":"product_tag-fahrradfahrer","30":"product_tag-fahrradfahrern","31":"product_tag-fahrradfahrers","32":"product_tag-fahrrads","33":"product_tag-fotografin","34":"product_tag-fotografinnen","35":"product_tag-frau","36":"product_tag-frauen","37":"product_tag-ganzkoerperschleier","38":"product_tag-mann","39":"product_tag-maenner","40":"product_tag-pfuetze","41":"product_tag-pfuetzen","42":"product_tag-photographin","43":"product_tag-photographinnen","44":"product_tag-radfahrer","45":"product_tag-radfahrern","46":"product_tag-radfahrers","47":"product_tag-radler","48":"product_tag-reflexion","49":"product_tag-reflexionen","50":"product_tag-s-w-fotografie","51":"product_tag-s-w-photographie","52":"product_tag-schwarzweissphotographie","53":"product_tag-schwarz-weiss-fotografie","54":"product_tag-schwarz-weiss-photographie","55":"product_tag-schwarzweissfotografie","56":"product_tag-siebziger","57":"product_tag-spiegelung","58":"product_tag-spiegelungen","59":"product_tag-strassenleben","60":"product_tag-strassenszene","61":"product_tag-sw-fotografie","62":"product_tag-sw-photographie","63":"product_tag-vollverschleiert","64":"product_tag-vollverschleierte","65":"product_tag-vollverschleierung","66":"product_tag-wasserspiegelung","67":"product_tag-wasserspiegelungen","69":"first","70":"instock","71":"shipping-taxable","72":"product-type-simple"},"yoast_head":"<!-- This site is optimized with the Yoast SEO plugin v27.3 - https:\/\/yoast.com\/product\/yoast-seo-wordpress\/ -->\n<title>Ohne Titel (Stra\u00dfenszene in Manamah) - Leonore Mau<\/title>\n<meta name=\"robots\" content=\"index, follow, max-snippet:-1, max-image-preview:large, max-video-preview:-1\" \/>\n<link rel=\"canonical\" href=\"https:\/\/leonore-mau.de\/produkt\/ohne-titel-straenszene-in-manamah\/\" \/>\n<meta property=\"og:locale\" content=\"en_US\" \/>\n<meta property=\"og:type\" content=\"article\" \/>\n<meta property=\"og:title\" content=\"Ohne Titel (Stra\u00dfenszene in Manamah) - Leonore Mau\" \/>\n<meta property=\"og:description\" content=\"Stra\u00dfenszene in Manamah. Junge M\u00e4nner auf Fahrr\u00e4dern, Frauen in Burkas, sitzend an einer Hauswand. Spiegelung in einer gro\u00dfen Pf\u00fctze.\" \/>\n<meta property=\"og:url\" content=\"https:\/\/leonore-mau.de\/produkt\/ohne-titel-straenszene-in-manamah\/\" \/>\n<meta property=\"og:site_name\" content=\"Leonore Mau\" \/>\n<meta property=\"article:modified_time\" content=\"2022-09-13T21:12:30+00:00\" \/>\n<meta property=\"og:image\" content=\"https:\/\/leonore-mau.de\/wp-content\/uploads\/2022\/07\/70688415.jpg\" \/>\n\t<meta property=\"og:image:width\" content=\"1200\" \/>\n\t<meta property=\"og:image:height\" content=\"805\" \/>\n\t<meta property=\"og:image:type\" content=\"image\/jpeg\" \/>\n<meta name=\"twitter:card\" content=\"summary_large_image\" \/>\n<script type=\"application\/ld+json\" class=\"yoast-schema-graph\">{\"@context\":\"https:\\\/\\\/schema.org\",\"@graph\":[{\"@type\":\"WebPage\",\"@id\":\"https:\\\/\\\/leonore-mau.de\\\/produkt\\\/ohne-titel-straenszene-in-manamah\\\/\",\"url\":\"https:\\\/\\\/leonore-mau.de\\\/produkt\\\/ohne-titel-straenszene-in-manamah\\\/\",\"name\":\"Ohne Titel (Stra\u00dfenszene in Manamah) - Leonore Mau\",\"isPartOf\":{\"@id\":\"https:\\\/\\\/leonore-mau.de\\\/#website\"},\"primaryImageOfPage\":{\"@id\":\"https:\\\/\\\/leonore-mau.de\\\/produkt\\\/ohne-titel-straenszene-in-manamah\\\/#primaryimage\"},\"image\":{\"@id\":\"https:\\\/\\\/leonore-mau.de\\\/produkt\\\/ohne-titel-straenszene-in-manamah\\\/#primaryimage\"},\"thumbnailUrl\":\"https:\\\/\\\/leonore-mau.de\\\/wp-content\\\/uploads\\\/2022\\\/07\\\/70688415.jpg\",\"datePublished\":\"2022-07-11T13:16:59+00:00\",\"dateModified\":\"2022-09-13T21:12:30+00:00\",\"breadcrumb\":{\"@id\":\"https:\\\/\\\/leonore-mau.de\\\/produkt\\\/ohne-titel-straenszene-in-manamah\\\/#breadcrumb\"},\"inLanguage\":\"en-US\",\"potentialAction\":[{\"@type\":\"ReadAction\",\"target\":[\"https:\\\/\\\/leonore-mau.de\\\/produkt\\\/ohne-titel-straenszene-in-manamah\\\/\"]}]},{\"@type\":\"ImageObject\",\"inLanguage\":\"en-US\",\"@id\":\"https:\\\/\\\/leonore-mau.de\\\/produkt\\\/ohne-titel-straenszene-in-manamah\\\/#primaryimage\",\"url\":\"https:\\\/\\\/leonore-mau.de\\\/wp-content\\\/uploads\\\/2022\\\/07\\\/70688415.jpg\",\"contentUrl\":\"https:\\\/\\\/leonore-mau.de\\\/wp-content\\\/uploads\\\/2022\\\/07\\\/70688415.jpg\",\"width\":1200,\"height\":805,\"caption\":\"Stra\u00dfenszene in Manamah. Junge M\u00e4nner auf Fahrr\u00e4dern, Frauen in Burkas, sitzend an einer Hauswand. Spiegelung in einer gro\u00dfen Pf\u00fctze. Aufnahmedatum: 1976 Material\\\/Technik: Foto \\\/ Silbergelatine auf PE-Papier Bildformat (Foto): 23,7 x 28,4 cm Aufnahmeort: Manamah \\\/ Bahrain Inventar-Nr.: LM-503755\"},{\"@type\":\"BreadcrumbList\",\"@id\":\"https:\\\/\\\/leonore-mau.de\\\/produkt\\\/ohne-titel-straenszene-in-manamah\\\/#breadcrumb\",\"itemListElement\":[{\"@type\":\"ListItem\",\"position\":1,\"name\":\"Startseite\",\"item\":\"https:\\\/\\\/leonore-mau.de\\\/en\\\/\"},{\"@type\":\"ListItem\",\"position\":2,\"name\":\"Shop\",\"item\":\"https:\\\/\\\/leonore-mau.de\\\/en\\\/shop-2\\\/\"},{\"@type\":\"ListItem\",\"position\":3,\"name\":\"Ohne Titel (Stra\u00dfenszene in Manamah)\"}]},{\"@type\":\"WebSite\",\"@id\":\"https:\\\/\\\/leonore-mau.de\\\/#website\",\"url\":\"https:\\\/\\\/leonore-mau.de\\\/\",\"name\":\"Leonore Mau\",\"description\":\"Fotografin\",\"potentialAction\":[{\"@type\":\"SearchAction\",\"target\":{\"@type\":\"EntryPoint\",\"urlTemplate\":\"https:\\\/\\\/leonore-mau.de\\\/?s={search_term_string}\"},\"query-input\":{\"@type\":\"PropertyValueSpecification\",\"valueRequired\":true,\"valueName\":\"search_term_string\"}}],\"inLanguage\":\"en-US\"}]}<\/script>\n<!-- \/ Yoast SEO plugin. -->","yoast_head_json":{"title":"Ohne Titel (Stra\u00dfenszene in Manamah) - Leonore Mau","robots":{"index":"index","follow":"follow","max-snippet":"max-snippet:-1","max-image-preview":"max-image-preview:large","max-video-preview":"max-video-preview:-1"},"canonical":"https:\/\/leonore-mau.de\/produkt\/ohne-titel-straenszene-in-manamah\/","og_locale":"en_US","og_type":"article","og_title":"Ohne Titel (Stra\u00dfenszene in Manamah) - Leonore Mau","og_description":"Stra\u00dfenszene in Manamah. Junge M\u00e4nner auf Fahrr\u00e4dern, Frauen in Burkas, sitzend an einer Hauswand. Spiegelung in einer gro\u00dfen Pf\u00fctze.","og_url":"https:\/\/leonore-mau.de\/produkt\/ohne-titel-straenszene-in-manamah\/","og_site_name":"Leonore Mau","article_modified_time":"2022-09-13T21:12:30+00:00","og_image":[{"width":1200,"height":805,"url":"https:\/\/leonore-mau.de\/wp-content\/uploads\/2022\/07\/70688415.jpg","type":"image\/jpeg"}],"twitter_card":"summary_large_image","schema":{"@context":"https:\/\/schema.org","@graph":[{"@type":"WebPage","@id":"https:\/\/leonore-mau.de\/produkt\/ohne-titel-straenszene-in-manamah\/","url":"https:\/\/leonore-mau.de\/produkt\/ohne-titel-straenszene-in-manamah\/","name":"Ohne Titel (Stra\u00dfenszene in Manamah) - Leonore Mau","isPartOf":{"@id":"https:\/\/leonore-mau.de\/#website"},"primaryImageOfPage":{"@id":"https:\/\/leonore-mau.de\/produkt\/ohne-titel-straenszene-in-manamah\/#primaryimage"},"image":{"@id":"https:\/\/leonore-mau.de\/produkt\/ohne-titel-straenszene-in-manamah\/#primaryimage"},"thumbnailUrl":"https:\/\/leonore-mau.de\/wp-content\/uploads\/2022\/07\/70688415.jpg","datePublished":"2022-07-11T13:16:59+00:00","dateModified":"2022-09-13T21:12:30+00:00","breadcrumb":{"@id":"https:\/\/leonore-mau.de\/produkt\/ohne-titel-straenszene-in-manamah\/#breadcrumb"},"inLanguage":"en-US","potentialAction":[{"@type":"ReadAction","target":["https:\/\/leonore-mau.de\/produkt\/ohne-titel-straenszene-in-manamah\/"]}]},{"@type":"ImageObject","inLanguage":"en-US","@id":"https:\/\/leonore-mau.de\/produkt\/ohne-titel-straenszene-in-manamah\/#primaryimage","url":"https:\/\/leonore-mau.de\/wp-content\/uploads\/2022\/07\/70688415.jpg","contentUrl":"https:\/\/leonore-mau.de\/wp-content\/uploads\/2022\/07\/70688415.jpg","width":1200,"height":805,"caption":"Stra\u00dfenszene in Manamah. Junge M\u00e4nner auf Fahrr\u00e4dern, Frauen in Burkas, sitzend an einer Hauswand. Spiegelung in einer gro\u00dfen Pf\u00fctze. Aufnahmedatum: 1976 Material\/Technik: Foto \/ Silbergelatine auf PE-Papier Bildformat (Foto): 23,7 x 28,4 cm Aufnahmeort: Manamah \/ Bahrain Inventar-Nr.: LM-503755"},{"@type":"BreadcrumbList","@id":"https:\/\/leonore-mau.de\/produkt\/ohne-titel-straenszene-in-manamah\/#breadcrumb","itemListElement":[{"@type":"ListItem","position":1,"name":"Startseite","item":"https:\/\/leonore-mau.de\/en\/"},{"@type":"ListItem","position":2,"name":"Shop","item":"https:\/\/leonore-mau.de\/en\/shop-2\/"},{"@type":"ListItem","position":3,"name":"Ohne Titel (Stra\u00dfenszene in Manamah)"}]},{"@type":"WebSite","@id":"https:\/\/leonore-mau.de\/#website","url":"https:\/\/leonore-mau.de\/","name":"Leonore Mau","description":"Fotografin","potentialAction":[{"@type":"SearchAction","target":{"@type":"EntryPoint","urlTemplate":"https:\/\/leonore-mau.de\/?s={search_term_string}"},"query-input":{"@type":"PropertyValueSpecification","valueRequired":true,"valueName":"search_term_string"}}],"inLanguage":"en-US"}]}},"_links":{"self":[{"href":"https:\/\/leonore-mau.de\/en\/wp-json\/wp\/v2\/product\/1229","targetHints":{"allow":["GET"]}}],"collection":[{"href":"https:\/\/leonore-mau.de\/en\/wp-json\/wp\/v2\/product"}],"about":[{"href":"https:\/\/leonore-mau.de\/en\/wp-json\/wp\/v2\/types\/product"}],"wp:featuredmedia":[{"embeddable":true,"href":"https:\/\/leonore-mau.de\/en\/wp-json\/wp\/v2\/media\/677"}],"wp:attachment":[{"href":"https:\/\/leonore-mau.de\/en\/wp-json\/wp\/v2\/media?parent=1229"}],"wp:term":[{"taxonomy":"product_brand","embeddable":true,"href":"https:\/\/leonore-mau.de\/en\/wp-json\/wp\/v2\/product_brand?post=1229"},{"taxonomy":"product_cat","embeddable":true,"href":"https:\/\/leonore-mau.de\/en\/wp-json\/wp\/v2\/product_cat?post=1229"},{"taxonomy":"product_tag","embeddable":true,"href":"https:\/\/leonore-mau.de\/en\/wp-json\/wp\/v2\/product_tag?post=1229"}],"curies":[{"name":"wp","href":"https:\/\/api.w.org\/{rel}","templated":true}]}}